{"id":19309,"date":"2026-04-18T11:35:54","date_gmt":"2026-04-18T14:35:54","guid":{"rendered":"https:\/\/libreriaguadalupe.com.ar\/libreria\/?post_type=product&#038;p=19309"},"modified":"2026-04-18T11:45:33","modified_gmt":"2026-04-18T14:45:33","slug":"nueve-pasos-de-apertura-a-los-dones-del-espiritu-santo","status":"publish","type":"product","link":"https:\/\/libreriaguadalupe.com.ar\/libreria\/producto\/nueve-pasos-de-apertura-a-los-dones-del-espiritu-santo\/","title":{"rendered":"\u00abNueve pasos de apertura a los dones del Esp\u00edritu Santo\u00bb"},"content":{"rendered":"<p class=\"p1\"><strong data-start=\"91\" data-end=\"101\">Rese\u00f1a<\/strong><br data-start=\"101\" data-end=\"104\" \/><em data-start=\"104\" data-end=\"183\">Nueve pasos de apertura a los dones del Esp\u00edritu Santo. Novena de Pentecost\u00e9s<\/em>, de <strong data-start=\"188\" data-end=\"209\">Mar\u00eda In\u00e9s Castro<\/strong> e <strong data-start=\"212\" data-end=\"232\">Irene Rosa Klein<\/strong>, es una obra de espiritualidad pensada para acompa\u00f1ar al lector en un camino de preparaci\u00f3n interior hacia Pentecost\u00e9s. A trav\u00e9s de la propuesta de nueve pasos, el libro invita a disponerse con mayor profundidad a la acci\u00f3n del <strong data-start=\"461\" data-end=\"479\">Esp\u00edritu Santo<\/strong> y a abrirse a sus dones en la vida cotidiana. La cita de <strong data-start=\"537\" data-end=\"553\">G\u00e1latas 5,25<\/strong> \u2014\u201cSi vivimos animados por el Esp\u00edritu, dej\u00e9monos conducir por \u00c9l\u201d\u2014 resume el coraz\u00f3n de esta novena: una experiencia de fe orientada a dejarse guiar, transformar y renovar por la presencia de Dios. Publicado por <strong data-start=\"766\" data-end=\"789\">Editorial Guadalupe<\/strong>, este t\u00edtulo se presenta como un valioso material de oraci\u00f3n, reflexi\u00f3n y crecimiento espiritual.<\/p>\n","protected":false},"excerpt":{"rendered":"<p><img decoding=\"async\" src=\"https:\/\/libreriaguadalupe.com.ar\/libreria\/wp-content\/uploads\/2023\/03\/nuevo.png\" alt=\"\" width=\"200\" height=\"125\" \/><\/p>\n<p>Compilador: Irene Rosa Klein &#8211; Mar\u00eda In\u00e9s Castro<br \/>\nT\u00edtulo: \u00abNueve pasos de apertura a los dones del Esp\u00edritu Santo\u00bb<br \/>\nISBN:978-950-500-982-4<br \/>\nFormato: 12\u00a0 (ancho) x 18 (alto) cms.<br \/>\nInterior: 1\/1 color<br \/>\nPapel: Bookcel 80 grs.<br \/>\nN\u00ba de P\u00e1ginas: 72<br \/>\nTapa:4 Colores &#8211; Cartulina 300 grs. &#8211; Laminado mate<br \/>\nEncuadernaci\u00f3n: Binder<\/p>\n<p>&nbsp;<\/p>\n<p>&nbsp;<\/p>\n","protected":false},"featured_media":19311,"comment_status":"open","ping_status":"closed","template":"","meta":{"jetpack_publicize_message":"","jetpack_publicize_feature_enabled":true,"jetpack_social_post_already_shared":true,"jetpack_social_options":{"image_generator_settings":{"template":"highway","default_image_id":0,"font":"","enabled":false},"version":2}},"product_brand":[],"product_cat":[125,88,121],"product_tag":[127,174,164,173,228,161],"class_list":{"0":"post-19309","1":"product","2":"type-product","3":"status-publish","4":"has-post-thumbnail","6":"product_cat-novedades","7":"product_cat-espiritualidad-cultura-social","8":"product_cat-guadalupe","9":"product_tag-editorial-guadalupe-de-argentina","10":"product_tag-irene-rosa-klein","11":"product_tag-jubileo-de-la-esperanza","12":"product_tag-maria-ines-castro","13":"product_tag-nueve-pasos-de-apertura-a-los-dones-del-espiritu-santo","14":"product_tag-nuevo-lanzamiento","16":"first","17":"instock","18":"shipping-taxable","19":"purchasable","20":"product-type-simple"},"yoast_head":"<!-- This site is optimized with the Yoast SEO plugin v27.4 - https:\/\/yoast.com\/product\/yoast-seo-wordpress\/ -->\n<title>Nueve pasos de apertura a los dones del Esp\u00edritu Santo<\/title>\n<meta name=\"description\" content=\"Nueve pasos de apertura a los dones del Esp\u00edritu Santo. Novena de Pentecost\u00e9s, de Mar\u00eda In\u00e9s Castro e Irene Rosa Klein, es una obra de espiritualidad pensada para acompa\u00f1ar al lector en un camino de preparaci\u00f3n interior hacia Pentecost\u00e9s.\" \/>\n<meta name=\"robots\" content=\"index, follow, max-snippet:-1, max-image-preview:large, max-video-preview:-1\" \/>\n<link rel=\"canonical\" href=\"https:\/\/libreriaguadalupe.com.ar\/libreria\/producto\/nueve-pasos-de-apertura-a-los-dones-del-espiritu-santo\/\" \/>\n<meta property=\"og:locale\" content=\"es_ES\" \/>\n<meta property=\"og:type\" content=\"article\" \/>\n<meta property=\"og:title\" content=\"Nueve pasos de apertura a los dones del Esp\u00edritu Santo\" \/>\n<meta property=\"og:description\" content=\"Nueve pasos de apertura a los dones del Esp\u00edritu Santo. Novena de Pentecost\u00e9s, de Mar\u00eda In\u00e9s Castro e Irene Rosa Klein, es una obra de espiritualidad pensada para acompa\u00f1ar al lector en un camino de preparaci\u00f3n interior hacia Pentecost\u00e9s.\" \/>\n<meta property=\"og:url\" content=\"https:\/\/libreriaguadalupe.com.ar\/libreria\/producto\/nueve-pasos-de-apertura-a-los-dones-del-espiritu-santo\/\" \/>\n<meta property=\"og:site_name\" content=\"Editorial Guadalupe de Argentina\" \/>\n<meta property=\"article:publisher\" content=\"https:\/\/www.facebook.com\/LibreriaGuadalupeAR\/\" \/>\n<meta property=\"article:modified_time\" content=\"2026-04-18T14:45:33+00:00\" \/>\n<meta property=\"og:image\" content=\"https:\/\/libreriaguadalupe.com.ar\/libreria\/wp-content\/uploads\/2026\/04\/1-1.png\" \/>\n\t<meta property=\"og:image:width\" content=\"1080\" \/>\n\t<meta property=\"og:image:height\" content=\"1350\" \/>\n\t<meta property=\"og:image:type\" content=\"image\/png\" \/>\n<meta name=\"twitter:card\" content=\"summary_large_image\" \/>\n<meta name=\"twitter:label1\" content=\"Tiempo de lectura\" \/>\n\t<meta name=\"twitter:data1\" content=\"1 minuto\" \/>\n<script type=\"application\/ld+json\" class=\"yoast-schema-graph\">{\"@context\":\"https:\\\/\\\/schema.org\",\"@graph\":[{\"@type\":\"WebPage\",\"@id\":\"https:\\\/\\\/libreriaguadalupe.com.ar\\\/libreria\\\/producto\\\/nueve-pasos-de-apertura-a-los-dones-del-espiritu-santo\\\/\",\"url\":\"https:\\\/\\\/libreriaguadalupe.com.ar\\\/libreria\\\/producto\\\/nueve-pasos-de-apertura-a-los-dones-del-espiritu-santo\\\/\",\"name\":\"Nueve pasos de apertura a los dones del Esp\u00edritu Santo\",\"isPartOf\":{\"@id\":\"https:\\\/\\\/libreriaguadalupe.com.ar\\\/libreria\\\/#website\"},\"primaryImageOfPage\":{\"@id\":\"https:\\\/\\\/libreriaguadalupe.com.ar\\\/libreria\\\/producto\\\/nueve-pasos-de-apertura-a-los-dones-del-espiritu-santo\\\/#primaryimage\"},\"image\":{\"@id\":\"https:\\\/\\\/libreriaguadalupe.com.ar\\\/libreria\\\/producto\\\/nueve-pasos-de-apertura-a-los-dones-del-espiritu-santo\\\/#primaryimage\"},\"thumbnailUrl\":\"https:\\\/\\\/i0.wp.com\\\/libreriaguadalupe.com.ar\\\/libreria\\\/wp-content\\\/uploads\\\/2026\\\/04\\\/1-1.png?fit=1080%2C1350&ssl=1\",\"datePublished\":\"2026-04-18T14:35:54+00:00\",\"dateModified\":\"2026-04-18T14:45:33+00:00\",\"description\":\"Nueve pasos de apertura a los dones del Esp\u00edritu Santo. Novena de Pentecost\u00e9s, de Mar\u00eda In\u00e9s Castro e Irene Rosa Klein, es una obra de espiritualidad pensada para acompa\u00f1ar al lector en un camino de preparaci\u00f3n interior hacia Pentecost\u00e9s.\",\"breadcrumb\":{\"@id\":\"https:\\\/\\\/libreriaguadalupe.com.ar\\\/libreria\\\/producto\\\/nueve-pasos-de-apertura-a-los-dones-del-espiritu-santo\\\/#breadcrumb\"},\"inLanguage\":\"es\",\"potentialAction\":[{\"@type\":\"ReadAction\",\"target\":[\"https:\\\/\\\/libreriaguadalupe.com.ar\\\/libreria\\\/producto\\\/nueve-pasos-de-apertura-a-los-dones-del-espiritu-santo\\\/\"]}]},{\"@type\":\"ImageObject\",\"inLanguage\":\"es\",\"@id\":\"https:\\\/\\\/libreriaguadalupe.com.ar\\\/libreria\\\/producto\\\/nueve-pasos-de-apertura-a-los-dones-del-espiritu-santo\\\/#primaryimage\",\"url\":\"https:\\\/\\\/i0.wp.com\\\/libreriaguadalupe.com.ar\\\/libreria\\\/wp-content\\\/uploads\\\/2026\\\/04\\\/1-1.png?fit=1080%2C1350&ssl=1\",\"contentUrl\":\"https:\\\/\\\/i0.wp.com\\\/libreriaguadalupe.com.ar\\\/libreria\\\/wp-content\\\/uploads\\\/2026\\\/04\\\/1-1.png?fit=1080%2C1350&ssl=1\",\"width\":1080,\"height\":1350},{\"@type\":\"BreadcrumbList\",\"@id\":\"https:\\\/\\\/libreriaguadalupe.com.ar\\\/libreria\\\/producto\\\/nueve-pasos-de-apertura-a-los-dones-del-espiritu-santo\\\/#breadcrumb\",\"itemListElement\":[{\"@type\":\"ListItem\",\"position\":1,\"name\":\"Portada\",\"item\":\"https:\\\/\\\/libreriaguadalupe.com.ar\\\/libreria\\\/\"},{\"@type\":\"ListItem\",\"position\":2,\"name\":\"Tienda\",\"item\":\"https:\\\/\\\/libreriaguadalupe.com.ar\\\/libreria\\\/\"},{\"@type\":\"ListItem\",\"position\":3,\"name\":\"\u00abNueve pasos de apertura a los dones del Esp\u00edritu Santo\u00bb\"}]},{\"@type\":\"WebSite\",\"@id\":\"https:\\\/\\\/libreriaguadalupe.com.ar\\\/libreria\\\/#website\",\"url\":\"https:\\\/\\\/libreriaguadalupe.com.ar\\\/libreria\\\/\",\"name\":\"Editorial Guadalupe de Argentina\",\"description\":\"Congregaci\u00f3n del Verbo Divino\",\"publisher\":{\"@id\":\"https:\\\/\\\/libreriaguadalupe.com.ar\\\/libreria\\\/#organization\"},\"alternateName\":\"Librer\u00eda Guadalupe\",\"potentialAction\":[{\"@type\":\"SearchAction\",\"target\":{\"@type\":\"EntryPoint\",\"urlTemplate\":\"https:\\\/\\\/libreriaguadalupe.com.ar\\\/libreria\\\/?s={search_term_string}\"},\"query-input\":{\"@type\":\"PropertyValueSpecification\",\"valueRequired\":true,\"valueName\":\"search_term_string\"}}],\"inLanguage\":\"es\"},{\"@type\":\"Organization\",\"@id\":\"https:\\\/\\\/libreriaguadalupe.com.ar\\\/libreria\\\/#organization\",\"name\":\"Editorial Guadalupe\",\"alternateName\":\"Librer\u00eda Guadalupe\",\"url\":\"https:\\\/\\\/libreriaguadalupe.com.ar\\\/libreria\\\/\",\"logo\":{\"@type\":\"ImageObject\",\"inLanguage\":\"es\",\"@id\":\"https:\\\/\\\/libreriaguadalupe.com.ar\\\/libreria\\\/#\\\/schema\\\/logo\\\/image\\\/\",\"url\":\"https:\\\/\\\/i0.wp.com\\\/libreriaguadalupe.com.ar\\\/libreria\\\/wp-content\\\/uploads\\\/2023\\\/01\\\/cropped-logo-editorial-guadalupe.webp?fit=500%2C100&ssl=1\",\"contentUrl\":\"https:\\\/\\\/i0.wp.com\\\/libreriaguadalupe.com.ar\\\/libreria\\\/wp-content\\\/uploads\\\/2023\\\/01\\\/cropped-logo-editorial-guadalupe.webp?fit=500%2C100&ssl=1\",\"width\":500,\"height\":100,\"caption\":\"Editorial Guadalupe\"},\"image\":{\"@id\":\"https:\\\/\\\/libreriaguadalupe.com.ar\\\/libreria\\\/#\\\/schema\\\/logo\\\/image\\\/\"},\"sameAs\":[\"https:\\\/\\\/www.facebook.com\\\/LibreriaGuadalupeAR\\\/\",\"https:\\\/\\\/www.instagram.com\\\/editorialguadalupe\\\/\",\"https:\\\/\\\/guadalupeeditorial.mercadoshops.com.ar\\\/\"]}]}<\/script>\n<!-- \/ Yoast SEO plugin. -->","yoast_head_json":{"title":"Nueve pasos de apertura a los dones del Esp\u00edritu Santo","description":"Nueve pasos de apertura a los dones del Esp\u00edritu Santo. Novena de Pentecost\u00e9s, de Mar\u00eda In\u00e9s Castro e Irene Rosa Klein, es una obra de espiritualidad pensada para acompa\u00f1ar al lector en un camino de preparaci\u00f3n interior hacia Pentecost\u00e9s.","robots":{"index":"index","follow":"follow","max-snippet":"max-snippet:-1","max-image-preview":"max-image-preview:large","max-video-preview":"max-video-preview:-1"},"canonical":"https:\/\/libreriaguadalupe.com.ar\/libreria\/producto\/nueve-pasos-de-apertura-a-los-dones-del-espiritu-santo\/","og_locale":"es_ES","og_type":"article","og_title":"Nueve pasos de apertura a los dones del Esp\u00edritu Santo","og_description":"Nueve pasos de apertura a los dones del Esp\u00edritu Santo. Novena de Pentecost\u00e9s, de Mar\u00eda In\u00e9s Castro e Irene Rosa Klein, es una obra de espiritualidad pensada para acompa\u00f1ar al lector en un camino de preparaci\u00f3n interior hacia Pentecost\u00e9s.","og_url":"https:\/\/libreriaguadalupe.com.ar\/libreria\/producto\/nueve-pasos-de-apertura-a-los-dones-del-espiritu-santo\/","og_site_name":"Editorial Guadalupe de Argentina","article_publisher":"https:\/\/www.facebook.com\/LibreriaGuadalupeAR\/","article_modified_time":"2026-04-18T14:45:33+00:00","og_image":[{"width":1080,"height":1350,"url":"https:\/\/libreriaguadalupe.com.ar\/libreria\/wp-content\/uploads\/2026\/04\/1-1.png","type":"image\/png"}],"twitter_card":"summary_large_image","twitter_misc":{"Tiempo de lectura":"1 minuto"},"schema":{"@context":"https:\/\/schema.org","@graph":[{"@type":"WebPage","@id":"https:\/\/libreriaguadalupe.com.ar\/libreria\/producto\/nueve-pasos-de-apertura-a-los-dones-del-espiritu-santo\/","url":"https:\/\/libreriaguadalupe.com.ar\/libreria\/producto\/nueve-pasos-de-apertura-a-los-dones-del-espiritu-santo\/","name":"Nueve pasos de apertura a los dones del Esp\u00edritu Santo","isPartOf":{"@id":"https:\/\/libreriaguadalupe.com.ar\/libreria\/#website"},"primaryImageOfPage":{"@id":"https:\/\/libreriaguadalupe.com.ar\/libreria\/producto\/nueve-pasos-de-apertura-a-los-dones-del-espiritu-santo\/#primaryimage"},"image":{"@id":"https:\/\/libreriaguadalupe.com.ar\/libreria\/producto\/nueve-pasos-de-apertura-a-los-dones-del-espiritu-santo\/#primaryimage"},"thumbnailUrl":"https:\/\/i0.wp.com\/libreriaguadalupe.com.ar\/libreria\/wp-content\/uploads\/2026\/04\/1-1.png?fit=1080%2C1350&ssl=1","datePublished":"2026-04-18T14:35:54+00:00","dateModified":"2026-04-18T14:45:33+00:00","description":"Nueve pasos de apertura a los dones del Esp\u00edritu Santo. Novena de Pentecost\u00e9s, de Mar\u00eda In\u00e9s Castro e Irene Rosa Klein, es una obra de espiritualidad pensada para acompa\u00f1ar al lector en un camino de preparaci\u00f3n interior hacia Pentecost\u00e9s.","breadcrumb":{"@id":"https:\/\/libreriaguadalupe.com.ar\/libreria\/producto\/nueve-pasos-de-apertura-a-los-dones-del-espiritu-santo\/#breadcrumb"},"inLanguage":"es","potentialAction":[{"@type":"ReadAction","target":["https:\/\/libreriaguadalupe.com.ar\/libreria\/producto\/nueve-pasos-de-apertura-a-los-dones-del-espiritu-santo\/"]}]},{"@type":"ImageObject","inLanguage":"es","@id":"https:\/\/libreriaguadalupe.com.ar\/libreria\/producto\/nueve-pasos-de-apertura-a-los-dones-del-espiritu-santo\/#primaryimage","url":"https:\/\/i0.wp.com\/libreriaguadalupe.com.ar\/libreria\/wp-content\/uploads\/2026\/04\/1-1.png?fit=1080%2C1350&ssl=1","contentUrl":"https:\/\/i0.wp.com\/libreriaguadalupe.com.ar\/libreria\/wp-content\/uploads\/2026\/04\/1-1.png?fit=1080%2C1350&ssl=1","width":1080,"height":1350},{"@type":"BreadcrumbList","@id":"https:\/\/libreriaguadalupe.com.ar\/libreria\/producto\/nueve-pasos-de-apertura-a-los-dones-del-espiritu-santo\/#breadcrumb","itemListElement":[{"@type":"ListItem","position":1,"name":"Portada","item":"https:\/\/libreriaguadalupe.com.ar\/libreria\/"},{"@type":"ListItem","position":2,"name":"Tienda","item":"https:\/\/libreriaguadalupe.com.ar\/libreria\/"},{"@type":"ListItem","position":3,"name":"\u00abNueve pasos de apertura a los dones del Esp\u00edritu Santo\u00bb"}]},{"@type":"WebSite","@id":"https:\/\/libreriaguadalupe.com.ar\/libreria\/#website","url":"https:\/\/libreriaguadalupe.com.ar\/libreria\/","name":"Editorial Guadalupe de Argentina","description":"Congregaci\u00f3n del Verbo Divino","publisher":{"@id":"https:\/\/libreriaguadalupe.com.ar\/libreria\/#organization"},"alternateName":"Librer\u00eda Guadalupe","potentialAction":[{"@type":"SearchAction","target":{"@type":"EntryPoint","urlTemplate":"https:\/\/libreriaguadalupe.com.ar\/libreria\/?s={search_term_string}"},"query-input":{"@type":"PropertyValueSpecification","valueRequired":true,"valueName":"search_term_string"}}],"inLanguage":"es"},{"@type":"Organization","@id":"https:\/\/libreriaguadalupe.com.ar\/libreria\/#organization","name":"Editorial Guadalupe","alternateName":"Librer\u00eda Guadalupe","url":"https:\/\/libreriaguadalupe.com.ar\/libreria\/","logo":{"@type":"ImageObject","inLanguage":"es","@id":"https:\/\/libreriaguadalupe.com.ar\/libreria\/#\/schema\/logo\/image\/","url":"https:\/\/i0.wp.com\/libreriaguadalupe.com.ar\/libreria\/wp-content\/uploads\/2023\/01\/cropped-logo-editorial-guadalupe.webp?fit=500%2C100&ssl=1","contentUrl":"https:\/\/i0.wp.com\/libreriaguadalupe.com.ar\/libreria\/wp-content\/uploads\/2023\/01\/cropped-logo-editorial-guadalupe.webp?fit=500%2C100&ssl=1","width":500,"height":100,"caption":"Editorial Guadalupe"},"image":{"@id":"https:\/\/libreriaguadalupe.com.ar\/libreria\/#\/schema\/logo\/image\/"},"sameAs":["https:\/\/www.facebook.com\/LibreriaGuadalupeAR\/","https:\/\/www.instagram.com\/editorialguadalupe\/","https:\/\/guadalupeeditorial.mercadoshops.com.ar\/"]}]}},"jetpack_publicize_connections":[],"jetpack_sharing_enabled":true,"jetpack-related-posts":[{"id":19303,"url":"https:\/\/libreriaguadalupe.com.ar\/libreria\/producto\/novena-de-pentecostes\/","url_meta":{"origin":19309,"position":0},"title":"\u00abNovena de Pentecost\u00e9s\u00bb","author":"Mariano Zuqui","date":"18\/04\/2026","format":false,"excerpt":"Compilador: Irene Rosa Klein - Mar\u00eda In\u00e9s Castro T\u00edtulo: \"Novena de Pentecost\u00e9s\" ISBN:978-950-500-983-1 Formato: 12\u00a0 (ancho) x 18 (alto) cms. Interior: 1\/1 color Papel: Bookcel 80 grs. N\u00ba de P\u00e1ginas: 40 Tapa:4 Colores - Cartulina 300 grs. - Laminado mate Encuadernaci\u00f3n: Binder \u00a0 \u00a0","rel":"","context":"Entrada similar","block_context":{"text":"Entrada similar","link":""},"img":{"alt_text":"","src":"https:\/\/i0.wp.com\/libreriaguadalupe.com.ar\/libreria\/wp-content\/uploads\/2026\/04\/1.png?fit=960%2C1200&ssl=1&resize=350%2C200","width":350,"height":200,"srcset":"https:\/\/i0.wp.com\/libreriaguadalupe.com.ar\/libreria\/wp-content\/uploads\/2026\/04\/1.png?fit=960%2C1200&ssl=1&resize=350%2C200 1x, https:\/\/i0.wp.com\/libreriaguadalupe.com.ar\/libreria\/wp-content\/uploads\/2026\/04\/1.png?fit=960%2C1200&ssl=1&resize=525%2C300 1.5x, https:\/\/i0.wp.com\/libreriaguadalupe.com.ar\/libreria\/wp-content\/uploads\/2026\/04\/1.png?fit=960%2C1200&ssl=1&resize=700%2C400 2x"},"classes":[]},{"id":18922,"url":"https:\/\/libreriaguadalupe.com.ar\/libreria\/producto\/espiritu-santo-torrente-de-agua-viva\/","url_meta":{"origin":19309,"position":1},"title":"Esp\u00edritu Santo, Torrente de Agua Viva.","author":"Mariano Zuqui","date":"04\/06\/2025","format":false,"excerpt":"Autor: Mar\u00eda In\u00e9s Castro - Irene Rosa Klein T\u00edtulo: \"Esp\u00edritu Santo, Torrente de Agua Viva\" ISBN:978-950-500-853-7 Formato: 23\u00a0 (alto) x 16 (ancho) cms. Interior: 1\/1 color Papel: Bookcel 80 grs. N\u00ba de P\u00e1ginas: 184 Tapa:4 Colores - Cartulina 300 grs -laminado mate Encuadernaci\u00f3n: Binder \u00a0 \u00a0","rel":"","context":"Entrada similar","block_context":{"text":"Entrada similar","link":""},"img":{"alt_text":"Esp\u00edritu Santo, Torrente de Agua Viva.","src":"https:\/\/i0.wp.com\/libreriaguadalupe.com.ar\/libreria\/wp-content\/uploads\/2025\/06\/1.png?fit=960%2C1200&ssl=1&resize=350%2C200","width":350,"height":200,"srcset":"https:\/\/i0.wp.com\/libreriaguadalupe.com.ar\/libreria\/wp-content\/uploads\/2025\/06\/1.png?fit=960%2C1200&ssl=1&resize=350%2C200 1x, https:\/\/i0.wp.com\/libreriaguadalupe.com.ar\/libreria\/wp-content\/uploads\/2025\/06\/1.png?fit=960%2C1200&ssl=1&resize=525%2C300 1.5x, https:\/\/i0.wp.com\/libreriaguadalupe.com.ar\/libreria\/wp-content\/uploads\/2025\/06\/1.png?fit=960%2C1200&ssl=1&resize=700%2C400 2x"},"classes":[]},{"id":15893,"url":"https:\/\/libreriaguadalupe.com.ar\/libreria\/producto\/vive-la-palabra-2023\/","url_meta":{"origin":19309,"position":2},"title":"Vive La Palabra 2023","author":"admin","date":"12\/02\/2023","format":false,"excerpt":"Ciclo A. Evangelio \u2013 Santoral AUTOR: Mar\u00eda In\u00e9s Castro, Irene Rosa Klein y Editorial Guadalupe ISBN: 9505008728","rel":"","context":"Entrada similar","block_context":{"text":"Entrada similar","link":""},"img":{"alt_text":"","src":"https:\/\/i0.wp.com\/libreriaguadalupe.com.ar\/libreria\/wp-content\/uploads\/2023\/02\/VIVE-LA-PALABRA-2023-chico.jpg?fit=403%2C500&ssl=1&resize=350%2C200","width":350,"height":200},"classes":[]},{"id":16592,"url":"https:\/\/libreriaguadalupe.com.ar\/libreria\/producto\/resignificando-la-pascua\/","url_meta":{"origin":19309,"position":3},"title":"RESIGNIFICANDO LA PASCUA","author":"admin","date":"12\/03\/2023","format":false,"excerpt":"Para vivirla todos los d\u00edas Encuadernado en r\u00fastica \u2013 suave. 1\u00aa Edici\u00f3n. Marzo del 2023 \u00a0 Autoras: Mar\u00eda In\u00e9s Castro [ VER M\u00c1S OBRAS ]\u00a0 \u2013 Irene Rosa Klein [ VER M\u00c1S OBRAS ] ISBN: 978-950-500-891-9 Dimensiones: 15.5 x 22.5 cm P\u00e1ginas: 120 p\u00e1ginas \u00a0","rel":"","context":"Entrada similar","block_context":{"text":"Entrada similar","link":""},"img":{"alt_text":"","src":"https:\/\/i0.wp.com\/libreriaguadalupe.com.ar\/libreria\/wp-content\/uploads\/2023\/03\/Resignificando-la-Pascua-Tapa-chico.jpg?fit=343%2C500&ssl=1&resize=350%2C200","width":350,"height":200},"classes":[]},{"id":15890,"url":"https:\/\/libreriaguadalupe.com.ar\/libreria\/producto\/resignificando-la-navidad\/","url_meta":{"origin":19309,"position":4},"title":"Resignificando la Navidad","author":"admin","date":"12\/02\/2023","format":false,"excerpt":"\u00bfNo te parece extra\u00f1o que la gente trabaje y gaste tanto en preparativos para celebrar el nacimiento de alguien a quien ni siquiera mencionan y que da la impresi\u00f3n de que no lo conocen? AUTOR: Irene Rosa Klein [ VER M\u00c1S OBRAS ] y Mar\u00eda In\u00e9s Castro [ VER M\u00c1S\u2026","rel":"","context":"Entrada similar","block_context":{"text":"Entrada similar","link":""},"img":{"alt_text":"","src":"https:\/\/i0.wp.com\/libreriaguadalupe.com.ar\/libreria\/wp-content\/uploads\/2023\/02\/Resignificando-la-Navidad-chico.jpg?fit=330%2C500&ssl=1&resize=350%2C200","width":350,"height":200},"classes":[]},{"id":17633,"url":"https:\/\/libreriaguadalupe.com.ar\/libreria\/producto\/yo-soy-la-resurreccion-y-la-vida\/","url_meta":{"origin":19309,"position":5},"title":"Yo soy la resurrecci\u00f3n y la vida","author":"admin","date":"01\/11\/2023","format":false,"excerpt":"Novena de difuntos Autor: GUILLERMO J. BRAVANDER SVD ISBN: 950-500-358-7 Dimensiones: 10 x 14 cm P\u00e1ginas: 96","rel":"","context":"Entrada similar","block_context":{"text":"Entrada similar","link":""},"img":{"alt_text":"Yo soy la resurrecci\u00f3n y la vida","src":"https:\/\/i0.wp.com\/libreriaguadalupe.com.ar\/libreria\/wp-content\/uploads\/2023\/11\/Yo-soy-la-resurrecion-y-la-vida-Tapa.jpg?fit=840%2C1200&ssl=1&resize=350%2C200","width":350,"height":200,"srcset":"https:\/\/i0.wp.com\/libreriaguadalupe.com.ar\/libreria\/wp-content\/uploads\/2023\/11\/Yo-soy-la-resurrecion-y-la-vida-Tapa.jpg?fit=840%2C1200&ssl=1&resize=350%2C200 1x, https:\/\/i0.wp.com\/libreriaguadalupe.com.ar\/libreria\/wp-content\/uploads\/2023\/11\/Yo-soy-la-resurrecion-y-la-vida-Tapa.jpg?fit=840%2C1200&ssl=1&resize=525%2C300 1.5x, https:\/\/i0.wp.com\/libreriaguadalupe.com.ar\/libreria\/wp-content\/uploads\/2023\/11\/Yo-soy-la-resurrecion-y-la-vida-Tapa.jpg?fit=840%2C1200&ssl=1&resize=700%2C400 2x"},"classes":[]}],"_links":{"self":[{"href":"https:\/\/libreriaguadalupe.com.ar\/libreria\/wp-json\/wp\/v2\/product\/19309","targetHints":{"allow":["GET"]}}],"collection":[{"href":"https:\/\/libreriaguadalupe.com.ar\/libreria\/wp-json\/wp\/v2\/product"}],"about":[{"href":"https:\/\/libreriaguadalupe.com.ar\/libreria\/wp-json\/wp\/v2\/types\/product"}],"replies":[{"embeddable":true,"href":"https:\/\/libreriaguadalupe.com.ar\/libreria\/wp-json\/wp\/v2\/comments?post=19309"}],"version-history":[{"count":4,"href":"https:\/\/libreriaguadalupe.com.ar\/libreria\/wp-json\/wp\/v2\/product\/19309\/revisions"}],"predecessor-version":[{"id":19316,"href":"https:\/\/libreriaguadalupe.com.ar\/libreria\/wp-json\/wp\/v2\/product\/19309\/revisions\/19316"}],"wp:featuredmedia":[{"embeddable":true,"href":"https:\/\/libreriaguadalupe.com.ar\/libreria\/wp-json\/wp\/v2\/media\/19311"}],"wp:attachment":[{"href":"https:\/\/libreriaguadalupe.com.ar\/libreria\/wp-json\/wp\/v2\/media?parent=19309"}],"wp:term":[{"taxonomy":"product_brand","embeddable":true,"href":"https:\/\/libreriaguadalupe.com.ar\/libreria\/wp-json\/wp\/v2\/product_brand?post=19309"},{"taxonomy":"product_cat","embeddable":true,"href":"https:\/\/libreriaguadalupe.com.ar\/libreria\/wp-json\/wp\/v2\/product_cat?post=19309"},{"taxonomy":"product_tag","embeddable":true,"href":"https:\/\/libreriaguadalupe.com.ar\/libreria\/wp-json\/wp\/v2\/product_tag?post=19309"}],"curies":[{"name":"wp","href":"https:\/\/api.w.org\/{rel}","templated":true}]}}