{"id":19260,"date":"2026-03-17T16:58:34","date_gmt":"2026-03-17T19:58:34","guid":{"rendered":"https:\/\/libreriaguadalupe.com.ar\/libreria\/?post_type=product&#038;p=19260"},"modified":"2026-03-17T17:09:15","modified_gmt":"2026-03-17T20:09:15","slug":"un-lugar-para-vivir-en-el-siglo-xxi","status":"publish","type":"product","link":"https:\/\/libreriaguadalupe.com.ar\/libreria\/producto\/un-lugar-para-vivir-en-el-siglo-xxi\/","title":{"rendered":"\u00abUn lugar para vivir en el siglo XXI\u00bb"},"content":{"rendered":"<p class=\"p1\"><b>Rese\u00f1a<\/b><\/p>\n<p class=\"p3\"><b>\u201cUn lugar para vivir en el siglo XXI\u201d<\/b> es un libro-homenaje a la raz\u00f3n.<\/p>\n<p class=\"p3\">Un discurso nacido de la m\u00e1s serena sensatez que se anima a contemplar este mundo de cambios profundos y veloces, sin esc\u00e1ndalo y sin miradas catastr\u00f3ficas.<\/p>\n<p class=\"p3\"><b>\u201cUn lugar para vivir en el siglo XXI\u201d<\/b><span class=\"Apple-converted-space\">\u00a0 <\/span>es un texto fluido y transparente que invita a seguir leyendo, p\u00e1gina tras p\u00e1gina, por la lucidez atrapante de su visi\u00f3n de la realidad y de su estilo literario. Y por la penetrante coherencia de cada interpretaci\u00f3n y de cada propuesta; un libro sin ideolog\u00edas ni presupuestos dogm\u00e1ticos previos.<\/p>\n<p class=\"p3\"><b>El autor, Julio C\u00e9sar Labak\u00e9,<\/b> es un pensador que rinde honor a la condici\u00f3n humana, en la b\u00fasqueda de una respuesta compartida para este cambio que palpita en el siglo XXI. Leyendo su obra, el lector podr\u00e1 encontrar un atisbo de luz para nuestro presente y tambi\u00e9n podr\u00e1 encontrar preguntas que cuestan hacernos y, sobre todo, respondernos.<\/p>\n<p class=\"p3\"><span class=\"Apple-converted-space\">\u00a0<\/span>En <b>\u201cUn lugar para vivir en el siglo XXI\u201d<\/b> podremos identificar al <i>homo sapiens <\/i>como <i>ser sapiens, <\/i>seres que disponemos de la capacidad de razonar, por ser poseedores de esta \u201cinteligencia\u201d, que puede descubrir el sentido de lo que percibe y conoce con su poder \u201c<i>intus \u2013 l\u00e9gere\u201d<\/i>, leyendo desde adentro de los hechos y progresar, hasta llegar a la inquietante inteligencia artificial.<\/p>\n","protected":false},"excerpt":{"rendered":"<p><img decoding=\"async\" src=\"https:\/\/libreriaguadalupe.com.ar\/libreria\/wp-content\/uploads\/2023\/03\/nuevo.png\" alt=\"\" width=\"200\" height=\"125\" \/><\/p>\n<p>Compilador: Julio C\u00e9sar Labak\u00e9<br \/>\nT\u00edtulo: \u00abUn lugar para vivir en el siglo XXI\u00bb<br \/>\nISBN:978-950-500-980-0<br \/>\nFormato: 15\u00a0 (ancho) x 22 (alto) cms.<br \/>\nInterior: 1\/1 color<br \/>\nPapel: Bookcel 80 grs.<br \/>\nN\u00ba de P\u00e1ginas: 104<br \/>\nTapa:4 Colores &#8211; Cartulina 300 grs. &#8211; Laminado mate<br \/>\nEncuadernaci\u00f3n: Binder<\/p>\n<p>&nbsp;<\/p>\n<p>&nbsp;<\/p>\n","protected":false},"featured_media":19261,"comment_status":"open","ping_status":"closed","template":"","meta":{"jetpack_publicize_message":"","jetpack_publicize_feature_enabled":true,"jetpack_social_post_already_shared":true,"jetpack_social_options":{"image_generator_settings":{"template":"highway","default_image_id":0,"font":"","enabled":false},"version":2}},"product_brand":[],"product_cat":[125,88,121],"product_tag":[127,164,221,161,219,220],"class_list":{"0":"post-19260","1":"product","2":"type-product","3":"status-publish","4":"has-post-thumbnail","6":"product_cat-novedades","7":"product_cat-espiritualidad-cultura-social","8":"product_cat-guadalupe","9":"product_tag-editorial-guadalupe-de-argentina","10":"product_tag-jubileo-de-la-esperanza","11":"product_tag-julio-cesar-labake","12":"product_tag-nuevo-lanzamiento","13":"product_tag-reflexiones-y-meditaciones-para-la-semana-santa","14":"product_tag-un-lugar-para-vivir-en-el-siglo-xxi","16":"first","17":"instock","18":"shipping-taxable","19":"purchasable","20":"product-type-simple"},"yoast_head":"<!-- This site is optimized with the Yoast SEO plugin v27.5 - https:\/\/yoast.com\/product\/yoast-seo-wordpress\/ -->\n<title>Un lugar para vivir en el siglo XXI<\/title>\n<meta name=\"description\" content=\"\u201cUn lugar para vivir en el siglo XXI\u201d es un libro-homenaje a la raz\u00f3n.Un discurso nacido de la m\u00e1s serena sensatez que se anima a contemplar este mundo de cambios profundos y veloces, sin esc\u00e1ndalo y sin miradas catastr\u00f3ficas.\" \/>\n<meta name=\"robots\" content=\"index, follow, max-snippet:-1, max-image-preview:large, max-video-preview:-1\" \/>\n<link rel=\"canonical\" href=\"https:\/\/libreriaguadalupe.com.ar\/libreria\/producto\/un-lugar-para-vivir-en-el-siglo-xxi\/\" \/>\n<meta property=\"og:locale\" content=\"es_ES\" \/>\n<meta property=\"og:type\" content=\"article\" \/>\n<meta property=\"og:title\" content=\"Un lugar para vivir en el siglo XXI\" \/>\n<meta property=\"og:description\" content=\"\u201cUn lugar para vivir en el siglo XXI\u201d es un libro-homenaje a la raz\u00f3n.Un discurso nacido de la m\u00e1s serena sensatez que se anima a contemplar este mundo de cambios profundos y veloces, sin esc\u00e1ndalo y sin miradas catastr\u00f3ficas.\" \/>\n<meta property=\"og:url\" content=\"https:\/\/libreriaguadalupe.com.ar\/libreria\/producto\/un-lugar-para-vivir-en-el-siglo-xxi\/\" \/>\n<meta property=\"og:site_name\" content=\"Editorial Guadalupe de Argentina\" \/>\n<meta property=\"article:publisher\" content=\"https:\/\/www.facebook.com\/LibreriaGuadalupeAR\/\" \/>\n<meta property=\"article:modified_time\" content=\"2026-03-17T20:09:15+00:00\" \/>\n<meta property=\"og:image\" content=\"https:\/\/libreriaguadalupe.com.ar\/libreria\/wp-content\/uploads\/2026\/03\/1-1.png\" \/>\n\t<meta property=\"og:image:width\" content=\"1080\" \/>\n\t<meta property=\"og:image:height\" content=\"1350\" \/>\n\t<meta property=\"og:image:type\" content=\"image\/png\" \/>\n<meta name=\"twitter:card\" content=\"summary_large_image\" \/>\n<meta name=\"twitter:label1\" content=\"Tiempo de lectura\" \/>\n\t<meta name=\"twitter:data1\" content=\"2 minutos\" \/>\n<script type=\"application\/ld+json\" class=\"yoast-schema-graph\">{\"@context\":\"https:\\\/\\\/schema.org\",\"@graph\":[{\"@type\":\"WebPage\",\"@id\":\"https:\\\/\\\/libreriaguadalupe.com.ar\\\/libreria\\\/producto\\\/un-lugar-para-vivir-en-el-siglo-xxi\\\/\",\"url\":\"https:\\\/\\\/libreriaguadalupe.com.ar\\\/libreria\\\/producto\\\/un-lugar-para-vivir-en-el-siglo-xxi\\\/\",\"name\":\"Un lugar para vivir en el siglo XXI\",\"isPartOf\":{\"@id\":\"https:\\\/\\\/libreriaguadalupe.com.ar\\\/libreria\\\/#website\"},\"primaryImageOfPage\":{\"@id\":\"https:\\\/\\\/libreriaguadalupe.com.ar\\\/libreria\\\/producto\\\/un-lugar-para-vivir-en-el-siglo-xxi\\\/#primaryimage\"},\"image\":{\"@id\":\"https:\\\/\\\/libreriaguadalupe.com.ar\\\/libreria\\\/producto\\\/un-lugar-para-vivir-en-el-siglo-xxi\\\/#primaryimage\"},\"thumbnailUrl\":\"https:\\\/\\\/i0.wp.com\\\/libreriaguadalupe.com.ar\\\/libreria\\\/wp-content\\\/uploads\\\/2026\\\/03\\\/1-1.png?fit=1080%2C1350&ssl=1\",\"datePublished\":\"2026-03-17T19:58:34+00:00\",\"dateModified\":\"2026-03-17T20:09:15+00:00\",\"description\":\"\u201cUn lugar para vivir en el siglo XXI\u201d es un libro-homenaje a la raz\u00f3n.Un discurso nacido de la m\u00e1s serena sensatez que se anima a contemplar este mundo de cambios profundos y veloces, sin esc\u00e1ndalo y sin miradas catastr\u00f3ficas.\",\"breadcrumb\":{\"@id\":\"https:\\\/\\\/libreriaguadalupe.com.ar\\\/libreria\\\/producto\\\/un-lugar-para-vivir-en-el-siglo-xxi\\\/#breadcrumb\"},\"inLanguage\":\"es\",\"potentialAction\":[{\"@type\":\"ReadAction\",\"target\":[\"https:\\\/\\\/libreriaguadalupe.com.ar\\\/libreria\\\/producto\\\/un-lugar-para-vivir-en-el-siglo-xxi\\\/\"]}]},{\"@type\":\"ImageObject\",\"inLanguage\":\"es\",\"@id\":\"https:\\\/\\\/libreriaguadalupe.com.ar\\\/libreria\\\/producto\\\/un-lugar-para-vivir-en-el-siglo-xxi\\\/#primaryimage\",\"url\":\"https:\\\/\\\/i0.wp.com\\\/libreriaguadalupe.com.ar\\\/libreria\\\/wp-content\\\/uploads\\\/2026\\\/03\\\/1-1.png?fit=1080%2C1350&ssl=1\",\"contentUrl\":\"https:\\\/\\\/i0.wp.com\\\/libreriaguadalupe.com.ar\\\/libreria\\\/wp-content\\\/uploads\\\/2026\\\/03\\\/1-1.png?fit=1080%2C1350&ssl=1\",\"width\":1080,\"height\":1350},{\"@type\":\"BreadcrumbList\",\"@id\":\"https:\\\/\\\/libreriaguadalupe.com.ar\\\/libreria\\\/producto\\\/un-lugar-para-vivir-en-el-siglo-xxi\\\/#breadcrumb\",\"itemListElement\":[{\"@type\":\"ListItem\",\"position\":1,\"name\":\"Portada\",\"item\":\"https:\\\/\\\/libreriaguadalupe.com.ar\\\/libreria\\\/\"},{\"@type\":\"ListItem\",\"position\":2,\"name\":\"Tienda\",\"item\":\"https:\\\/\\\/libreriaguadalupe.com.ar\\\/libreria\\\/\"},{\"@type\":\"ListItem\",\"position\":3,\"name\":\"\u00abUn lugar para vivir en el siglo XXI\u00bb\"}]},{\"@type\":\"WebSite\",\"@id\":\"https:\\\/\\\/libreriaguadalupe.com.ar\\\/libreria\\\/#website\",\"url\":\"https:\\\/\\\/libreriaguadalupe.com.ar\\\/libreria\\\/\",\"name\":\"Editorial Guadalupe de Argentina\",\"description\":\"Congregaci\u00f3n del Verbo Divino\",\"publisher\":{\"@id\":\"https:\\\/\\\/libreriaguadalupe.com.ar\\\/libreria\\\/#organization\"},\"alternateName\":\"Librer\u00eda Guadalupe\",\"potentialAction\":[{\"@type\":\"SearchAction\",\"target\":{\"@type\":\"EntryPoint\",\"urlTemplate\":\"https:\\\/\\\/libreriaguadalupe.com.ar\\\/libreria\\\/?s={search_term_string}\"},\"query-input\":{\"@type\":\"PropertyValueSpecification\",\"valueRequired\":true,\"valueName\":\"search_term_string\"}}],\"inLanguage\":\"es\"},{\"@type\":\"Organization\",\"@id\":\"https:\\\/\\\/libreriaguadalupe.com.ar\\\/libreria\\\/#organization\",\"name\":\"Editorial Guadalupe\",\"alternateName\":\"Librer\u00eda Guadalupe\",\"url\":\"https:\\\/\\\/libreriaguadalupe.com.ar\\\/libreria\\\/\",\"logo\":{\"@type\":\"ImageObject\",\"inLanguage\":\"es\",\"@id\":\"https:\\\/\\\/libreriaguadalupe.com.ar\\\/libreria\\\/#\\\/schema\\\/logo\\\/image\\\/\",\"url\":\"https:\\\/\\\/i0.wp.com\\\/libreriaguadalupe.com.ar\\\/libreria\\\/wp-content\\\/uploads\\\/2023\\\/01\\\/cropped-logo-editorial-guadalupe.webp?fit=500%2C100&ssl=1\",\"contentUrl\":\"https:\\\/\\\/i0.wp.com\\\/libreriaguadalupe.com.ar\\\/libreria\\\/wp-content\\\/uploads\\\/2023\\\/01\\\/cropped-logo-editorial-guadalupe.webp?fit=500%2C100&ssl=1\",\"width\":500,\"height\":100,\"caption\":\"Editorial Guadalupe\"},\"image\":{\"@id\":\"https:\\\/\\\/libreriaguadalupe.com.ar\\\/libreria\\\/#\\\/schema\\\/logo\\\/image\\\/\"},\"sameAs\":[\"https:\\\/\\\/www.facebook.com\\\/LibreriaGuadalupeAR\\\/\",\"https:\\\/\\\/www.instagram.com\\\/editorialguadalupe\\\/\",\"https:\\\/\\\/guadalupeeditorial.mercadoshops.com.ar\\\/\"]}]}<\/script>\n<!-- \/ Yoast SEO plugin. -->","yoast_head_json":{"title":"Un lugar para vivir en el siglo XXI","description":"\u201cUn lugar para vivir en el siglo XXI\u201d es un libro-homenaje a la raz\u00f3n.Un discurso nacido de la m\u00e1s serena sensatez que se anima a contemplar este mundo de cambios profundos y veloces, sin esc\u00e1ndalo y sin miradas catastr\u00f3ficas.","robots":{"index":"index","follow":"follow","max-snippet":"max-snippet:-1","max-image-preview":"max-image-preview:large","max-video-preview":"max-video-preview:-1"},"canonical":"https:\/\/libreriaguadalupe.com.ar\/libreria\/producto\/un-lugar-para-vivir-en-el-siglo-xxi\/","og_locale":"es_ES","og_type":"article","og_title":"Un lugar para vivir en el siglo XXI","og_description":"\u201cUn lugar para vivir en el siglo XXI\u201d es un libro-homenaje a la raz\u00f3n.Un discurso nacido de la m\u00e1s serena sensatez que se anima a contemplar este mundo de cambios profundos y veloces, sin esc\u00e1ndalo y sin miradas catastr\u00f3ficas.","og_url":"https:\/\/libreriaguadalupe.com.ar\/libreria\/producto\/un-lugar-para-vivir-en-el-siglo-xxi\/","og_site_name":"Editorial Guadalupe de Argentina","article_publisher":"https:\/\/www.facebook.com\/LibreriaGuadalupeAR\/","article_modified_time":"2026-03-17T20:09:15+00:00","og_image":[{"width":1080,"height":1350,"url":"https:\/\/libreriaguadalupe.com.ar\/libreria\/wp-content\/uploads\/2026\/03\/1-1.png","type":"image\/png"}],"twitter_card":"summary_large_image","twitter_misc":{"Tiempo de lectura":"2 minutos"},"schema":{"@context":"https:\/\/schema.org","@graph":[{"@type":"WebPage","@id":"https:\/\/libreriaguadalupe.com.ar\/libreria\/producto\/un-lugar-para-vivir-en-el-siglo-xxi\/","url":"https:\/\/libreriaguadalupe.com.ar\/libreria\/producto\/un-lugar-para-vivir-en-el-siglo-xxi\/","name":"Un lugar para vivir en el siglo XXI","isPartOf":{"@id":"https:\/\/libreriaguadalupe.com.ar\/libreria\/#website"},"primaryImageOfPage":{"@id":"https:\/\/libreriaguadalupe.com.ar\/libreria\/producto\/un-lugar-para-vivir-en-el-siglo-xxi\/#primaryimage"},"image":{"@id":"https:\/\/libreriaguadalupe.com.ar\/libreria\/producto\/un-lugar-para-vivir-en-el-siglo-xxi\/#primaryimage"},"thumbnailUrl":"https:\/\/i0.wp.com\/libreriaguadalupe.com.ar\/libreria\/wp-content\/uploads\/2026\/03\/1-1.png?fit=1080%2C1350&ssl=1","datePublished":"2026-03-17T19:58:34+00:00","dateModified":"2026-03-17T20:09:15+00:00","description":"\u201cUn lugar para vivir en el siglo XXI\u201d es un libro-homenaje a la raz\u00f3n.Un discurso nacido de la m\u00e1s serena sensatez que se anima a contemplar este mundo de cambios profundos y veloces, sin esc\u00e1ndalo y sin miradas catastr\u00f3ficas.","breadcrumb":{"@id":"https:\/\/libreriaguadalupe.com.ar\/libreria\/producto\/un-lugar-para-vivir-en-el-siglo-xxi\/#breadcrumb"},"inLanguage":"es","potentialAction":[{"@type":"ReadAction","target":["https:\/\/libreriaguadalupe.com.ar\/libreria\/producto\/un-lugar-para-vivir-en-el-siglo-xxi\/"]}]},{"@type":"ImageObject","inLanguage":"es","@id":"https:\/\/libreriaguadalupe.com.ar\/libreria\/producto\/un-lugar-para-vivir-en-el-siglo-xxi\/#primaryimage","url":"https:\/\/i0.wp.com\/libreriaguadalupe.com.ar\/libreria\/wp-content\/uploads\/2026\/03\/1-1.png?fit=1080%2C1350&ssl=1","contentUrl":"https:\/\/i0.wp.com\/libreriaguadalupe.com.ar\/libreria\/wp-content\/uploads\/2026\/03\/1-1.png?fit=1080%2C1350&ssl=1","width":1080,"height":1350},{"@type":"BreadcrumbList","@id":"https:\/\/libreriaguadalupe.com.ar\/libreria\/producto\/un-lugar-para-vivir-en-el-siglo-xxi\/#breadcrumb","itemListElement":[{"@type":"ListItem","position":1,"name":"Portada","item":"https:\/\/libreriaguadalupe.com.ar\/libreria\/"},{"@type":"ListItem","position":2,"name":"Tienda","item":"https:\/\/libreriaguadalupe.com.ar\/libreria\/"},{"@type":"ListItem","position":3,"name":"\u00abUn lugar para vivir en el siglo XXI\u00bb"}]},{"@type":"WebSite","@id":"https:\/\/libreriaguadalupe.com.ar\/libreria\/#website","url":"https:\/\/libreriaguadalupe.com.ar\/libreria\/","name":"Editorial Guadalupe de Argentina","description":"Congregaci\u00f3n del Verbo Divino","publisher":{"@id":"https:\/\/libreriaguadalupe.com.ar\/libreria\/#organization"},"alternateName":"Librer\u00eda Guadalupe","potentialAction":[{"@type":"SearchAction","target":{"@type":"EntryPoint","urlTemplate":"https:\/\/libreriaguadalupe.com.ar\/libreria\/?s={search_term_string}"},"query-input":{"@type":"PropertyValueSpecification","valueRequired":true,"valueName":"search_term_string"}}],"inLanguage":"es"},{"@type":"Organization","@id":"https:\/\/libreriaguadalupe.com.ar\/libreria\/#organization","name":"Editorial Guadalupe","alternateName":"Librer\u00eda Guadalupe","url":"https:\/\/libreriaguadalupe.com.ar\/libreria\/","logo":{"@type":"ImageObject","inLanguage":"es","@id":"https:\/\/libreriaguadalupe.com.ar\/libreria\/#\/schema\/logo\/image\/","url":"https:\/\/i0.wp.com\/libreriaguadalupe.com.ar\/libreria\/wp-content\/uploads\/2023\/01\/cropped-logo-editorial-guadalupe.webp?fit=500%2C100&ssl=1","contentUrl":"https:\/\/i0.wp.com\/libreriaguadalupe.com.ar\/libreria\/wp-content\/uploads\/2023\/01\/cropped-logo-editorial-guadalupe.webp?fit=500%2C100&ssl=1","width":500,"height":100,"caption":"Editorial Guadalupe"},"image":{"@id":"https:\/\/libreriaguadalupe.com.ar\/libreria\/#\/schema\/logo\/image\/"},"sameAs":["https:\/\/www.facebook.com\/LibreriaGuadalupeAR\/","https:\/\/www.instagram.com\/editorialguadalupe\/","https:\/\/guadalupeeditorial.mercadoshops.com.ar\/"]}]}},"jetpack_publicize_connections":[],"jetpack_sharing_enabled":true,"jetpack-related-posts":[{"id":15984,"url":"https:\/\/libreriaguadalupe.com.ar\/libreria\/producto\/anunciar-el-evangelio-en-el-siglo-xxi\/","url_meta":{"origin":19260,"position":0},"title":"Anunciar El Evangelio En El Siglo XXI","author":"admin","date":"12\/02\/2023","format":false,"excerpt":"AUTOR: SAPORITI CARLOS ISBN: 9505007837","rel":"","context":"Entrada similar","block_context":{"text":"Entrada similar","link":""},"img":{"alt_text":"","src":"https:\/\/i0.wp.com\/libreriaguadalupe.com.ar\/libreria\/wp-content\/uploads\/2023\/02\/Anunciar-El-Evangelio-En-El-Siglo-XXI-1.jpg?fit=425%2C548&ssl=1&resize=350%2C200","width":350,"height":200},"classes":[]},{"id":12945,"url":"https:\/\/libreriaguadalupe.com.ar\/libreria\/producto\/para-leer-la-historia-de-la-iglesia\/","url_meta":{"origin":19260,"position":1},"title":"Para leer la historia de la Iglesia","author":"admin","date":"18\/01\/2023","format":false,"excerpt":"Desde los or\u00edgenes hasta el siglo XXI Autor: Jean Comby ISBN: 8481697278 Dimensiones: 22 x 22 cm P\u00e1ginas: 456","rel":"","context":"Entrada similar","block_context":{"text":"Entrada similar","link":""},"img":{"alt_text":"","src":"https:\/\/i0.wp.com\/libreriaguadalupe.com.ar\/libreria\/wp-content\/uploads\/2023\/01\/Para-leer-la-historia-de-la-Iglesia.jpg?fit=380%2C586&ssl=1&resize=350%2C200","width":350,"height":200},"classes":[]},{"id":15819,"url":"https:\/\/libreriaguadalupe.com.ar\/libreria\/producto\/repensar-la-cristologia\/","url_meta":{"origin":19260,"position":2},"title":"Repensar la cristolog\u00eda","author":"admin","date":"11\/02\/2023","format":false,"excerpt":"Sondeos hacia un nuevo paradigma Autor: Andr\u00e9s Torres Queiruga ISBN: 8481690902 Dimensiones: 12,5 x 20 cm P\u00e1ginas: 388","rel":"","context":"Entrada similar","block_context":{"text":"Entrada similar","link":""},"img":{"alt_text":"","src":"https:\/\/i0.wp.com\/libreriaguadalupe.com.ar\/libreria\/wp-content\/uploads\/2023\/02\/Repensar-la-cristologia.jpg?fit=380%2C586&ssl=1&resize=350%2C200","width":350,"height":200},"classes":[]},{"id":18234,"url":"https:\/\/libreriaguadalupe.com.ar\/libreria\/producto\/jesus-esta-vivo\/","url_meta":{"origin":19260,"position":3},"title":"Jes\u00fas est\u00e1 vivo","author":"admin","date":"23\/08\/2024","format":false,"excerpt":"Autor: JOS\u00c9 PRADO FLORES ISBN: 978-950-500-934-3 Dimensiones: 15 x 22 cm P\u00e1ginas: 160","rel":"","context":"Entrada similar","block_context":{"text":"Entrada similar","link":""},"img":{"alt_text":"","src":"https:\/\/i0.wp.com\/libreriaguadalupe.com.ar\/libreria\/wp-content\/uploads\/2024\/08\/NOVEDAD-TIENDA-AGOSTO-4.jpg?fit=470%2C470&ssl=1&resize=350%2C200","width":350,"height":200},"classes":[]},{"id":12872,"url":"https:\/\/libreriaguadalupe.com.ar\/libreria\/producto\/dar-razon-de-la-esperanza-hoy\/","url_meta":{"origin":19260,"position":4},"title":"Dar razon de la esperanza hoy","author":"admin","date":"18\/01\/2023","format":false,"excerpt":"XXI Semana de estudios de Teolog\u00eda Pastoral Autor: Instituto Superior de Pastoral Universidad Pontificia de Salamanca ISBN: 8499451381 Dimensiones: 12,5 x 20 cm P\u00e1ginas: 376","rel":"","context":"Entrada similar","block_context":{"text":"Entrada similar","link":""},"img":{"alt_text":"","src":"https:\/\/i0.wp.com\/libreriaguadalupe.com.ar\/libreria\/wp-content\/uploads\/2023\/01\/DAR-RAZON-DE-LA-ESPERANZA-HOY.jpg?fit=380%2C586&ssl=1&resize=350%2C200","width":350,"height":200},"classes":[]},{"id":16918,"url":"https:\/\/libreriaguadalupe.com.ar\/libreria\/producto\/comunidades-religiosas-y-biblia-el-siglo-xix\/","url_meta":{"origin":19260,"position":5},"title":"Comunidades religiosas y Biblia: el siglo XIX","author":"admin","date":"23\/03\/2023","format":false,"excerpt":"El llamado \"siglo largo\" (l'Ottocento) Autor: Michaela Sohn-Kronthaler, Ruth Albrecht ISBN: 8490733813 Dimensiones: 17 x 24 cm P\u00e1ginas: 448","rel":"","context":"Entrada similar","block_context":{"text":"Entrada similar","link":""},"img":{"alt_text":"","src":"https:\/\/i0.wp.com\/libreriaguadalupe.com.ar\/libreria\/wp-content\/uploads\/2023\/03\/Comunidades-religiosas-y-Biblia-el-siglo-XIX.jpg?fit=380%2C586&ssl=1&resize=350%2C200","width":350,"height":200},"classes":[]}],"_links":{"self":[{"href":"https:\/\/libreriaguadalupe.com.ar\/libreria\/wp-json\/wp\/v2\/product\/19260","targetHints":{"allow":["GET"]}}],"collection":[{"href":"https:\/\/libreriaguadalupe.com.ar\/libreria\/wp-json\/wp\/v2\/product"}],"about":[{"href":"https:\/\/libreriaguadalupe.com.ar\/libreria\/wp-json\/wp\/v2\/types\/product"}],"replies":[{"embeddable":true,"href":"https:\/\/libreriaguadalupe.com.ar\/libreria\/wp-json\/wp\/v2\/comments?post=19260"}],"version-history":[{"count":1,"href":"https:\/\/libreriaguadalupe.com.ar\/libreria\/wp-json\/wp\/v2\/product\/19260\/revisions"}],"predecessor-version":[{"id":19266,"href":"https:\/\/libreriaguadalupe.com.ar\/libreria\/wp-json\/wp\/v2\/product\/19260\/revisions\/19266"}],"wp:featuredmedia":[{"embeddable":true,"href":"https:\/\/libreriaguadalupe.com.ar\/libreria\/wp-json\/wp\/v2\/media\/19261"}],"wp:attachment":[{"href":"https:\/\/libreriaguadalupe.com.ar\/libreria\/wp-json\/wp\/v2\/media?parent=19260"}],"wp:term":[{"taxonomy":"product_brand","embeddable":true,"href":"https:\/\/libreriaguadalupe.com.ar\/libreria\/wp-json\/wp\/v2\/product_brand?post=19260"},{"taxonomy":"product_cat","embeddable":true,"href":"https:\/\/libreriaguadalupe.com.ar\/libreria\/wp-json\/wp\/v2\/product_cat?post=19260"},{"taxonomy":"product_tag","embeddable":true,"href":"https:\/\/libreriaguadalupe.com.ar\/libreria\/wp-json\/wp\/v2\/product_tag?post=19260"}],"curies":[{"name":"wp","href":"https:\/\/api.w.org\/{rel}","templated":true}]}}