{"id":19209,"date":"2025-12-30T12:44:07","date_gmt":"2025-12-30T15:44:07","guid":{"rendered":"https:\/\/libreriaguadalupe.com.ar\/libreria\/?post_type=product&#038;p=19209"},"modified":"2025-12-30T13:03:46","modified_gmt":"2025-12-30T16:03:46","slug":"agenda-2026","status":"publish","type":"product","link":"https:\/\/libreriaguadalupe.com.ar\/libreria\/producto\/agenda-2026\/","title":{"rendered":"Agenda 2026"},"content":{"rendered":"<p class=\"p1\">La <b>Agenda Verbita 2026<\/b> es mucho m\u00e1s que un calendario: es un <b>compa\u00f1ero espiritual<\/b> para vivir el a\u00f1o con orden, prop\u00f3sito y el coraz\u00f3n puesto en Dios. Pensada para quienes desean organizar su d\u00eda a d\u00eda <b>a la luz de la Palabra<\/b>, ofrece un formato pr\u00e1ctico, con <b>espacios para notas<\/b>, <b>lecturas b\u00edblicas diarias<\/b> y <b>frases inspiradoras<\/b> tomadas de <i>La Biblia. Libro del Pueblo de Dios<\/i>.<\/p>\n<p class=\"p1\">Adem\u00e1s, incluye <b>oraciones y meditaciones<\/b> que acompa\u00f1an el ritmo del a\u00f1o, ayudando a sostener la fe en lo cotidiano, a discernir con serenidad y a crecer interiormente. Con una <b>cuidada propuesta gr\u00e1fica<\/b> y una profundidad espiritual que se siente en cada p\u00e1gina, esta agenda se vuelve una herramienta ideal para quienes quieren <b>planificar sin perder el centro<\/b>: Cristo.<\/p>\n<p class=\"p1\">Perfecta para estudiantes, familias, servidores y comunidades, la <b>Agenda Verbita 2026 (Editorial Guadalupe)<\/b> invita a transitar el a\u00f1o con esperanza, alimentados por la Palabra, inspirados por el testimonio de los santos y en sinton\u00eda con la tradici\u00f3n viva de la Iglesia.<\/p>\n","protected":false},"excerpt":{"rendered":"<p>Autor: Editorial Guadalupe<br \/>\nT\u00edtulo: \u201cAgenda 2026&#8243;<br \/>\nN\u00ba de P\u00e1ginas: 240<br \/>\nTapa:4 Colores &#8211; Cartulina &#8211; Laminado mate<br \/>\nEncuadernaci\u00f3n: Binder<\/p>\n<p>&nbsp;<\/p>\n<p>&nbsp;<\/p>\n","protected":false},"featured_media":19211,"comment_status":"open","ping_status":"closed","template":"","meta":{"jetpack_publicize_message":"","jetpack_publicize_feature_enabled":true,"jetpack_social_post_already_shared":true,"jetpack_social_options":{"image_generator_settings":{"template":"highway","default_image_id":0,"font":"","enabled":false},"version":2}},"product_brand":[],"product_cat":[125,88,121],"product_tag":[215,214,127,164,163],"class_list":{"0":"post-19209","1":"product","2":"type-product","3":"status-publish","4":"has-post-thumbnail","6":"product_cat-novedades","7":"product_cat-espiritualidad-cultura-social","8":"product_cat-guadalupe","9":"product_tag-agenda-2026","10":"product_tag-agenda-verbita-2026","11":"product_tag-editorial-guadalupe-de-argentina","12":"product_tag-jubileo-de-la-esperanza","13":"product_tag-jubileo-ordinario-2025","15":"first","16":"instock","17":"shipping-taxable","18":"purchasable","19":"product-type-simple"},"yoast_head":"<!-- This site is optimized with the Yoast SEO plugin v27.4 - https:\/\/yoast.com\/product\/yoast-seo-wordpress\/ -->\n<title>Agenda 2026<\/title>\n<meta name=\"description\" content=\"La Agenda Verbita 2026 es mucho m\u00e1s que un calendario: es un compa\u00f1ero espiritual para vivir el a\u00f1o con orden, prop\u00f3sito y el coraz\u00f3n puesto en Dios. Pensada para quienes desean organizar su d\u00eda a d\u00eda a la luz de la Palabra, ofrece un formato pr\u00e1ctico, con espacios para notas, lecturas b\u00edblicas diarias y frases inspiradoras tomadas de La Biblia. Libro del Pueblo de Dios.\" \/>\n<meta name=\"robots\" content=\"index, follow, max-snippet:-1, max-image-preview:large, max-video-preview:-1\" \/>\n<link rel=\"canonical\" href=\"https:\/\/libreriaguadalupe.com.ar\/libreria\/producto\/agenda-2026\/\" \/>\n<meta property=\"og:locale\" content=\"es_ES\" \/>\n<meta property=\"og:type\" content=\"article\" \/>\n<meta property=\"og:title\" content=\"Agenda 2026\" \/>\n<meta property=\"og:description\" content=\"La Agenda Verbita 2026 es mucho m\u00e1s que un calendario: es un compa\u00f1ero espiritual para vivir el a\u00f1o con orden, prop\u00f3sito y el coraz\u00f3n puesto en Dios. Pensada para quienes desean organizar su d\u00eda a d\u00eda a la luz de la Palabra, ofrece un formato pr\u00e1ctico, con espacios para notas, lecturas b\u00edblicas diarias y frases inspiradoras tomadas de La Biblia. Libro del Pueblo de Dios.\" \/>\n<meta property=\"og:url\" content=\"https:\/\/libreriaguadalupe.com.ar\/libreria\/producto\/agenda-2026\/\" \/>\n<meta property=\"og:site_name\" content=\"Editorial Guadalupe de Argentina\" \/>\n<meta property=\"article:publisher\" content=\"https:\/\/www.facebook.com\/LibreriaGuadalupeAR\/\" \/>\n<meta property=\"article:modified_time\" content=\"2025-12-30T16:03:46+00:00\" \/>\n<meta property=\"og:image\" content=\"https:\/\/libreriaguadalupe.com.ar\/libreria\/wp-content\/uploads\/2025\/12\/1-3.png\" \/>\n\t<meta property=\"og:image:width\" content=\"1080\" \/>\n\t<meta property=\"og:image:height\" content=\"1350\" \/>\n\t<meta property=\"og:image:type\" content=\"image\/png\" \/>\n<meta name=\"twitter:card\" content=\"summary_large_image\" \/>\n<meta name=\"twitter:label1\" content=\"Tiempo de lectura\" \/>\n\t<meta name=\"twitter:data1\" content=\"1 minuto\" \/>\n<script type=\"application\/ld+json\" class=\"yoast-schema-graph\">{\"@context\":\"https:\\\/\\\/schema.org\",\"@graph\":[{\"@type\":\"WebPage\",\"@id\":\"https:\\\/\\\/libreriaguadalupe.com.ar\\\/libreria\\\/producto\\\/agenda-2026\\\/\",\"url\":\"https:\\\/\\\/libreriaguadalupe.com.ar\\\/libreria\\\/producto\\\/agenda-2026\\\/\",\"name\":\"Agenda 2026\",\"isPartOf\":{\"@id\":\"https:\\\/\\\/libreriaguadalupe.com.ar\\\/libreria\\\/#website\"},\"primaryImageOfPage\":{\"@id\":\"https:\\\/\\\/libreriaguadalupe.com.ar\\\/libreria\\\/producto\\\/agenda-2026\\\/#primaryimage\"},\"image\":{\"@id\":\"https:\\\/\\\/libreriaguadalupe.com.ar\\\/libreria\\\/producto\\\/agenda-2026\\\/#primaryimage\"},\"thumbnailUrl\":\"https:\\\/\\\/i0.wp.com\\\/libreriaguadalupe.com.ar\\\/libreria\\\/wp-content\\\/uploads\\\/2025\\\/12\\\/1-3.png?fit=1080%2C1350&ssl=1\",\"datePublished\":\"2025-12-30T15:44:07+00:00\",\"dateModified\":\"2025-12-30T16:03:46+00:00\",\"description\":\"La Agenda Verbita 2026 es mucho m\u00e1s que un calendario: es un compa\u00f1ero espiritual para vivir el a\u00f1o con orden, prop\u00f3sito y el coraz\u00f3n puesto en Dios. Pensada para quienes desean organizar su d\u00eda a d\u00eda a la luz de la Palabra, ofrece un formato pr\u00e1ctico, con espacios para notas, lecturas b\u00edblicas diarias y frases inspiradoras tomadas de La Biblia. Libro del Pueblo de Dios.\",\"breadcrumb\":{\"@id\":\"https:\\\/\\\/libreriaguadalupe.com.ar\\\/libreria\\\/producto\\\/agenda-2026\\\/#breadcrumb\"},\"inLanguage\":\"es\",\"potentialAction\":[{\"@type\":\"ReadAction\",\"target\":[\"https:\\\/\\\/libreriaguadalupe.com.ar\\\/libreria\\\/producto\\\/agenda-2026\\\/\"]}]},{\"@type\":\"ImageObject\",\"inLanguage\":\"es\",\"@id\":\"https:\\\/\\\/libreriaguadalupe.com.ar\\\/libreria\\\/producto\\\/agenda-2026\\\/#primaryimage\",\"url\":\"https:\\\/\\\/i0.wp.com\\\/libreriaguadalupe.com.ar\\\/libreria\\\/wp-content\\\/uploads\\\/2025\\\/12\\\/1-3.png?fit=1080%2C1350&ssl=1\",\"contentUrl\":\"https:\\\/\\\/i0.wp.com\\\/libreriaguadalupe.com.ar\\\/libreria\\\/wp-content\\\/uploads\\\/2025\\\/12\\\/1-3.png?fit=1080%2C1350&ssl=1\",\"width\":1080,\"height\":1350},{\"@type\":\"BreadcrumbList\",\"@id\":\"https:\\\/\\\/libreriaguadalupe.com.ar\\\/libreria\\\/producto\\\/agenda-2026\\\/#breadcrumb\",\"itemListElement\":[{\"@type\":\"ListItem\",\"position\":1,\"name\":\"Portada\",\"item\":\"https:\\\/\\\/libreriaguadalupe.com.ar\\\/libreria\\\/\"},{\"@type\":\"ListItem\",\"position\":2,\"name\":\"Tienda\",\"item\":\"https:\\\/\\\/libreriaguadalupe.com.ar\\\/libreria\\\/\"},{\"@type\":\"ListItem\",\"position\":3,\"name\":\"Agenda 2026\"}]},{\"@type\":\"WebSite\",\"@id\":\"https:\\\/\\\/libreriaguadalupe.com.ar\\\/libreria\\\/#website\",\"url\":\"https:\\\/\\\/libreriaguadalupe.com.ar\\\/libreria\\\/\",\"name\":\"Editorial Guadalupe de Argentina\",\"description\":\"Congregaci\u00f3n del Verbo Divino\",\"publisher\":{\"@id\":\"https:\\\/\\\/libreriaguadalupe.com.ar\\\/libreria\\\/#organization\"},\"alternateName\":\"Librer\u00eda Guadalupe\",\"potentialAction\":[{\"@type\":\"SearchAction\",\"target\":{\"@type\":\"EntryPoint\",\"urlTemplate\":\"https:\\\/\\\/libreriaguadalupe.com.ar\\\/libreria\\\/?s={search_term_string}\"},\"query-input\":{\"@type\":\"PropertyValueSpecification\",\"valueRequired\":true,\"valueName\":\"search_term_string\"}}],\"inLanguage\":\"es\"},{\"@type\":\"Organization\",\"@id\":\"https:\\\/\\\/libreriaguadalupe.com.ar\\\/libreria\\\/#organization\",\"name\":\"Editorial Guadalupe\",\"alternateName\":\"Librer\u00eda Guadalupe\",\"url\":\"https:\\\/\\\/libreriaguadalupe.com.ar\\\/libreria\\\/\",\"logo\":{\"@type\":\"ImageObject\",\"inLanguage\":\"es\",\"@id\":\"https:\\\/\\\/libreriaguadalupe.com.ar\\\/libreria\\\/#\\\/schema\\\/logo\\\/image\\\/\",\"url\":\"https:\\\/\\\/i0.wp.com\\\/libreriaguadalupe.com.ar\\\/libreria\\\/wp-content\\\/uploads\\\/2023\\\/01\\\/cropped-logo-editorial-guadalupe.webp?fit=500%2C100&ssl=1\",\"contentUrl\":\"https:\\\/\\\/i0.wp.com\\\/libreriaguadalupe.com.ar\\\/libreria\\\/wp-content\\\/uploads\\\/2023\\\/01\\\/cropped-logo-editorial-guadalupe.webp?fit=500%2C100&ssl=1\",\"width\":500,\"height\":100,\"caption\":\"Editorial Guadalupe\"},\"image\":{\"@id\":\"https:\\\/\\\/libreriaguadalupe.com.ar\\\/libreria\\\/#\\\/schema\\\/logo\\\/image\\\/\"},\"sameAs\":[\"https:\\\/\\\/www.facebook.com\\\/LibreriaGuadalupeAR\\\/\",\"https:\\\/\\\/www.instagram.com\\\/editorialguadalupe\\\/\",\"https:\\\/\\\/guadalupeeditorial.mercadoshops.com.ar\\\/\"]}]}<\/script>\n<!-- \/ Yoast SEO plugin. -->","yoast_head_json":{"title":"Agenda 2026","description":"La Agenda Verbita 2026 es mucho m\u00e1s que un calendario: es un compa\u00f1ero espiritual para vivir el a\u00f1o con orden, prop\u00f3sito y el coraz\u00f3n puesto en Dios. Pensada para quienes desean organizar su d\u00eda a d\u00eda a la luz de la Palabra, ofrece un formato pr\u00e1ctico, con espacios para notas, lecturas b\u00edblicas diarias y frases inspiradoras tomadas de La Biblia. Libro del Pueblo de Dios.","robots":{"index":"index","follow":"follow","max-snippet":"max-snippet:-1","max-image-preview":"max-image-preview:large","max-video-preview":"max-video-preview:-1"},"canonical":"https:\/\/libreriaguadalupe.com.ar\/libreria\/producto\/agenda-2026\/","og_locale":"es_ES","og_type":"article","og_title":"Agenda 2026","og_description":"La Agenda Verbita 2026 es mucho m\u00e1s que un calendario: es un compa\u00f1ero espiritual para vivir el a\u00f1o con orden, prop\u00f3sito y el coraz\u00f3n puesto en Dios. Pensada para quienes desean organizar su d\u00eda a d\u00eda a la luz de la Palabra, ofrece un formato pr\u00e1ctico, con espacios para notas, lecturas b\u00edblicas diarias y frases inspiradoras tomadas de La Biblia. Libro del Pueblo de Dios.","og_url":"https:\/\/libreriaguadalupe.com.ar\/libreria\/producto\/agenda-2026\/","og_site_name":"Editorial Guadalupe de Argentina","article_publisher":"https:\/\/www.facebook.com\/LibreriaGuadalupeAR\/","article_modified_time":"2025-12-30T16:03:46+00:00","og_image":[{"width":1080,"height":1350,"url":"https:\/\/libreriaguadalupe.com.ar\/libreria\/wp-content\/uploads\/2025\/12\/1-3.png","type":"image\/png"}],"twitter_card":"summary_large_image","twitter_misc":{"Tiempo de lectura":"1 minuto"},"schema":{"@context":"https:\/\/schema.org","@graph":[{"@type":"WebPage","@id":"https:\/\/libreriaguadalupe.com.ar\/libreria\/producto\/agenda-2026\/","url":"https:\/\/libreriaguadalupe.com.ar\/libreria\/producto\/agenda-2026\/","name":"Agenda 2026","isPartOf":{"@id":"https:\/\/libreriaguadalupe.com.ar\/libreria\/#website"},"primaryImageOfPage":{"@id":"https:\/\/libreriaguadalupe.com.ar\/libreria\/producto\/agenda-2026\/#primaryimage"},"image":{"@id":"https:\/\/libreriaguadalupe.com.ar\/libreria\/producto\/agenda-2026\/#primaryimage"},"thumbnailUrl":"https:\/\/i0.wp.com\/libreriaguadalupe.com.ar\/libreria\/wp-content\/uploads\/2025\/12\/1-3.png?fit=1080%2C1350&ssl=1","datePublished":"2025-12-30T15:44:07+00:00","dateModified":"2025-12-30T16:03:46+00:00","description":"La Agenda Verbita 2026 es mucho m\u00e1s que un calendario: es un compa\u00f1ero espiritual para vivir el a\u00f1o con orden, prop\u00f3sito y el coraz\u00f3n puesto en Dios. Pensada para quienes desean organizar su d\u00eda a d\u00eda a la luz de la Palabra, ofrece un formato pr\u00e1ctico, con espacios para notas, lecturas b\u00edblicas diarias y frases inspiradoras tomadas de La Biblia. Libro del Pueblo de Dios.","breadcrumb":{"@id":"https:\/\/libreriaguadalupe.com.ar\/libreria\/producto\/agenda-2026\/#breadcrumb"},"inLanguage":"es","potentialAction":[{"@type":"ReadAction","target":["https:\/\/libreriaguadalupe.com.ar\/libreria\/producto\/agenda-2026\/"]}]},{"@type":"ImageObject","inLanguage":"es","@id":"https:\/\/libreriaguadalupe.com.ar\/libreria\/producto\/agenda-2026\/#primaryimage","url":"https:\/\/i0.wp.com\/libreriaguadalupe.com.ar\/libreria\/wp-content\/uploads\/2025\/12\/1-3.png?fit=1080%2C1350&ssl=1","contentUrl":"https:\/\/i0.wp.com\/libreriaguadalupe.com.ar\/libreria\/wp-content\/uploads\/2025\/12\/1-3.png?fit=1080%2C1350&ssl=1","width":1080,"height":1350},{"@type":"BreadcrumbList","@id":"https:\/\/libreriaguadalupe.com.ar\/libreria\/producto\/agenda-2026\/#breadcrumb","itemListElement":[{"@type":"ListItem","position":1,"name":"Portada","item":"https:\/\/libreriaguadalupe.com.ar\/libreria\/"},{"@type":"ListItem","position":2,"name":"Tienda","item":"https:\/\/libreriaguadalupe.com.ar\/libreria\/"},{"@type":"ListItem","position":3,"name":"Agenda 2026"}]},{"@type":"WebSite","@id":"https:\/\/libreriaguadalupe.com.ar\/libreria\/#website","url":"https:\/\/libreriaguadalupe.com.ar\/libreria\/","name":"Editorial Guadalupe de Argentina","description":"Congregaci\u00f3n del Verbo Divino","publisher":{"@id":"https:\/\/libreriaguadalupe.com.ar\/libreria\/#organization"},"alternateName":"Librer\u00eda Guadalupe","potentialAction":[{"@type":"SearchAction","target":{"@type":"EntryPoint","urlTemplate":"https:\/\/libreriaguadalupe.com.ar\/libreria\/?s={search_term_string}"},"query-input":{"@type":"PropertyValueSpecification","valueRequired":true,"valueName":"search_term_string"}}],"inLanguage":"es"},{"@type":"Organization","@id":"https:\/\/libreriaguadalupe.com.ar\/libreria\/#organization","name":"Editorial Guadalupe","alternateName":"Librer\u00eda Guadalupe","url":"https:\/\/libreriaguadalupe.com.ar\/libreria\/","logo":{"@type":"ImageObject","inLanguage":"es","@id":"https:\/\/libreriaguadalupe.com.ar\/libreria\/#\/schema\/logo\/image\/","url":"https:\/\/i0.wp.com\/libreriaguadalupe.com.ar\/libreria\/wp-content\/uploads\/2023\/01\/cropped-logo-editorial-guadalupe.webp?fit=500%2C100&ssl=1","contentUrl":"https:\/\/i0.wp.com\/libreriaguadalupe.com.ar\/libreria\/wp-content\/uploads\/2023\/01\/cropped-logo-editorial-guadalupe.webp?fit=500%2C100&ssl=1","width":500,"height":100,"caption":"Editorial Guadalupe"},"image":{"@id":"https:\/\/libreriaguadalupe.com.ar\/libreria\/#\/schema\/logo\/image\/"},"sameAs":["https:\/\/www.facebook.com\/LibreriaGuadalupeAR\/","https:\/\/www.instagram.com\/editorialguadalupe\/","https:\/\/guadalupeeditorial.mercadoshops.com.ar\/"]}]}},"jetpack_publicize_connections":[],"jetpack_sharing_enabled":true,"jetpack-related-posts":[{"id":18467,"url":"https:\/\/libreriaguadalupe.com.ar\/libreria\/producto\/agenda-verbita-2025\/","url_meta":{"origin":19209,"position":0},"title":"AGENDA 2025","author":"Mariano Zuqui","date":"19\/12\/2024","format":false,"excerpt":"\u00a0 Preparada por Pedro Pitura svd Dise\u00f1o gr\u00e1fico: Sergio Buso EDITORIAL GUADALUPE Dimensiones: 14 x 20 cm (apaisado) P\u00e1ginas: 240","rel":"","context":"Entrada similar","block_context":{"text":"Entrada similar","link":""},"img":{"alt_text":"","src":"https:\/\/i0.wp.com\/libreriaguadalupe.com.ar\/libreria\/wp-content\/uploads\/2024\/12\/MC-AGENDA-2025-3.png?fit=1080%2C1080&ssl=1&resize=350%2C200","width":350,"height":200,"srcset":"https:\/\/i0.wp.com\/libreriaguadalupe.com.ar\/libreria\/wp-content\/uploads\/2024\/12\/MC-AGENDA-2025-3.png?fit=1080%2C1080&ssl=1&resize=350%2C200 1x, https:\/\/i0.wp.com\/libreriaguadalupe.com.ar\/libreria\/wp-content\/uploads\/2024\/12\/MC-AGENDA-2025-3.png?fit=1080%2C1080&ssl=1&resize=525%2C300 1.5x, https:\/\/i0.wp.com\/libreriaguadalupe.com.ar\/libreria\/wp-content\/uploads\/2024\/12\/MC-AGENDA-2025-3.png?fit=1080%2C1080&ssl=1&resize=700%2C400 2x, https:\/\/i0.wp.com\/libreriaguadalupe.com.ar\/libreria\/wp-content\/uploads\/2024\/12\/MC-AGENDA-2025-3.png?fit=1080%2C1080&ssl=1&resize=1050%2C600 3x"},"classes":[]},{"id":19168,"url":"https:\/\/libreriaguadalupe.com.ar\/libreria\/producto\/vive-la-palabra-2026-ciclo-a-ano-par\/","url_meta":{"origin":19209,"position":1},"title":"VIVE LA PALABRA 2026 &#8211; CICLO A &#8211; A\u00d1O PAR","author":"Mariano Zuqui","date":"28\/11\/2025","format":false,"excerpt":"Autor: Editorial Guadalupe T\u00edtulo: \u201cVive La Palabra 2026 - Ciclo A - A\u00f1o Par\" ISBN:978-950-500-976 -3 Formato: 14 (ancho) x 22 (alto) cms. Interior: 1\/1 color Papel: Bookcel 80 grs. N\u00ba de P\u00e1ginas: 408 Tapa:4 Colores - Cartulina - Laminado mate Encuadernaci\u00f3n: Binder \u00a0 \u00a0","rel":"","context":"Entrada similar","block_context":{"text":"Entrada similar","link":""},"img":{"alt_text":"","src":"https:\/\/i0.wp.com\/libreriaguadalupe.com.ar\/libreria\/wp-content\/uploads\/2025\/11\/1.png?fit=960%2C1200&ssl=1&resize=350%2C200","width":350,"height":200,"srcset":"https:\/\/i0.wp.com\/libreriaguadalupe.com.ar\/libreria\/wp-content\/uploads\/2025\/11\/1.png?fit=960%2C1200&ssl=1&resize=350%2C200 1x, https:\/\/i0.wp.com\/libreriaguadalupe.com.ar\/libreria\/wp-content\/uploads\/2025\/11\/1.png?fit=960%2C1200&ssl=1&resize=525%2C300 1.5x, https:\/\/i0.wp.com\/libreriaguadalupe.com.ar\/libreria\/wp-content\/uploads\/2025\/11\/1.png?fit=960%2C1200&ssl=1&resize=700%2C400 2x"},"classes":[]},{"id":14937,"url":"https:\/\/libreriaguadalupe.com.ar\/libreria\/producto\/365-dias-con-la-virgen-maria-2\/","url_meta":{"origin":19209,"position":2},"title":"365 d\u00edas con la Virgen Maria","author":"admin","date":"07\/02\/2023","format":false,"excerpt":"Es un libro para rezar y para volver a escribirlo de la mano de Mar\u00eda, a fin de reconocer los hermosos trazos de la voluntad diaria de Dios en la vida. AUTOR: GUSTAVO JAMUT ISBN: 9505007301","rel":"","context":"Entrada similar","block_context":{"text":"Entrada similar","link":""},"img":{"alt_text":"","src":"https:\/\/i0.wp.com\/libreriaguadalupe.com.ar\/libreria\/wp-content\/uploads\/2023\/01\/483.webp?fit=458%2C458&ssl=1&resize=350%2C200","width":350,"height":200},"classes":[]},{"id":19179,"url":"https:\/\/libreriaguadalupe.com.ar\/libreria\/producto\/click-click-inspirado-en-carlo-acutis-el-apostol-de-internet\/","url_meta":{"origin":19209,"position":3},"title":"\u00a1Click, Click! Inspirado en Carlo Acutis, el ap\u00f3stol de internet","author":"Mariano Zuqui","date":"06\/12\/2025","format":false,"excerpt":"Autor: Andrea Carla Ciancaglini T\u00edtulo: \u201c\u00a1Click, click! Inspirado en Carlo Acutis, el ap\u00f3stol de internet\" ISBN:978-950-500-952 -7 Formato: 17 (ancho) x 11 (alto) cms. Interior: 1\/1 color Papel: Bookcel 80 grs. N\u00ba de P\u00e1ginas: 24 Tapa:4 Colores - Cartulina - Laminado mate Encuadernaci\u00f3n: Binder \u00a0 \u00a0","rel":"","context":"Entrada similar","block_context":{"text":"Entrada similar","link":""},"img":{"alt_text":"","src":"https:\/\/i0.wp.com\/libreriaguadalupe.com.ar\/libreria\/wp-content\/uploads\/2025\/12\/1.png?fit=960%2C1200&ssl=1&resize=350%2C200","width":350,"height":200,"srcset":"https:\/\/i0.wp.com\/libreriaguadalupe.com.ar\/libreria\/wp-content\/uploads\/2025\/12\/1.png?fit=960%2C1200&ssl=1&resize=350%2C200 1x, https:\/\/i0.wp.com\/libreriaguadalupe.com.ar\/libreria\/wp-content\/uploads\/2025\/12\/1.png?fit=960%2C1200&ssl=1&resize=525%2C300 1.5x, https:\/\/i0.wp.com\/libreriaguadalupe.com.ar\/libreria\/wp-content\/uploads\/2025\/12\/1.png?fit=960%2C1200&ssl=1&resize=700%2C400 2x"},"classes":[]},{"id":16095,"url":"https:\/\/libreriaguadalupe.com.ar\/libreria\/producto\/contemplando-a-dios-en-lo-cotidiano\/","url_meta":{"origin":19209,"position":4},"title":"Contemplando a Dios en lo cotidiano","author":"admin","date":"12\/02\/2023","format":false,"excerpt":"La espiritualidad Trinitaria, vivida en lo cotidiano: Dios, hu\u00e9sped de mi tienda interior. Dios que me acoge en su triple expresi\u00f3n de amor AUTOR: IRENE ROSA KLEIN ISBN: 9505008643","rel":"","context":"Entrada similar","block_context":{"text":"Entrada similar","link":""},"img":{"alt_text":"","src":"https:\/\/i0.wp.com\/libreriaguadalupe.com.ar\/libreria\/wp-content\/uploads\/2023\/02\/Contemplando-a-Dios-chico.jpg?fit=343%2C500&ssl=1&resize=350%2C200","width":350,"height":200},"classes":[]},{"id":14693,"url":"https:\/\/libreriaguadalupe.com.ar\/libreria\/producto\/novedad-pequena-semilla\/","url_meta":{"origin":19209,"position":5},"title":"PEQUE\u00d1A SEMILLA","author":"admin","date":"05\/02\/2023","format":false,"excerpt":"AUTOR: ROGELIO GERARDO ISBN: 9505008834","rel":"","context":"Entrada similar","block_context":{"text":"Entrada similar","link":""},"img":{"alt_text":"","src":"https:\/\/i0.wp.com\/libreriaguadalupe.com.ar\/libreria\/wp-content\/uploads\/2023\/02\/Pequena-semilla-Tapa-chico.jpg?fit=343%2C500&ssl=1&resize=350%2C200","width":350,"height":200},"classes":[]}],"_links":{"self":[{"href":"https:\/\/libreriaguadalupe.com.ar\/libreria\/wp-json\/wp\/v2\/product\/19209","targetHints":{"allow":["GET"]}}],"collection":[{"href":"https:\/\/libreriaguadalupe.com.ar\/libreria\/wp-json\/wp\/v2\/product"}],"about":[{"href":"https:\/\/libreriaguadalupe.com.ar\/libreria\/wp-json\/wp\/v2\/types\/product"}],"replies":[{"embeddable":true,"href":"https:\/\/libreriaguadalupe.com.ar\/libreria\/wp-json\/wp\/v2\/comments?post=19209"}],"version-history":[{"count":2,"href":"https:\/\/libreriaguadalupe.com.ar\/libreria\/wp-json\/wp\/v2\/product\/19209\/revisions"}],"predecessor-version":[{"id":19213,"href":"https:\/\/libreriaguadalupe.com.ar\/libreria\/wp-json\/wp\/v2\/product\/19209\/revisions\/19213"}],"wp:featuredmedia":[{"embeddable":true,"href":"https:\/\/libreriaguadalupe.com.ar\/libreria\/wp-json\/wp\/v2\/media\/19211"}],"wp:attachment":[{"href":"https:\/\/libreriaguadalupe.com.ar\/libreria\/wp-json\/wp\/v2\/media?parent=19209"}],"wp:term":[{"taxonomy":"product_brand","embeddable":true,"href":"https:\/\/libreriaguadalupe.com.ar\/libreria\/wp-json\/wp\/v2\/product_brand?post=19209"},{"taxonomy":"product_cat","embeddable":true,"href":"https:\/\/libreriaguadalupe.com.ar\/libreria\/wp-json\/wp\/v2\/product_cat?post=19209"},{"taxonomy":"product_tag","embeddable":true,"href":"https:\/\/libreriaguadalupe.com.ar\/libreria\/wp-json\/wp\/v2\/product_tag?post=19209"}],"curies":[{"name":"wp","href":"https:\/\/api.w.org\/{rel}","templated":true}]}}