{"id":19194,"date":"2025-12-11T14:10:43","date_gmt":"2025-12-11T17:10:43","guid":{"rendered":"https:\/\/libreriaguadalupe.com.ar\/libreria\/?post_type=product&#038;p=19194"},"modified":"2025-12-11T14:19:25","modified_gmt":"2025-12-11T17:19:25","slug":"logoterapia-clinica","status":"publish","type":"product","link":"https:\/\/libreriaguadalupe.com.ar\/libreria\/producto\/logoterapia-clinica\/","title":{"rendered":"Logoterapia Cl\u00ednica"},"content":{"rendered":"<p class=\"p1\"><b>Rese\u00f1a<\/b><\/p>\n<p class=\"p3\"><b><span class=\"Apple-converted-space\">\u00a0<\/span><\/b><span class=\"Apple-converted-space\">\u00a0 \u00a0 \u00a0 \u00a0 \u00a0 <\/span>Este libro, <b>\u201c<i>Logoterapia Cl\u00ednica\u201d,<\/i><\/b> inspirado y coordinado por el Dr. Roberto Mucci, surge en un momento crucial para el avance de la Logoterapia y el An\u00e1lisis Existencial propuesto por el Dr. Viktor E. Frankl.<\/p>\n<p class=\"p3\"><span class=\"Apple-converted-space\">\u00a0\u00a0 \u00a0 \u00a0 <\/span>Los colaboradores, expertos en diversas \u00e1reas, ofrecen una mirada multidisciplinar que enriquece el di\u00e1logo interno e interdisciplinar, dada la diversidad y complejidad de nuestras sociedades y comunidades humanas.<\/p>\n<p class=\"p3\"><span class=\"Apple-converted-space\">\u00a0 \u00a0 \u00a0 \u00a0 \u00a0 <\/span>La estructura de este libro gira en torno a siete ejes tem\u00e1ticos que muestran la riqueza del panorama: Trastornos Psiqui\u00e1tricos y Psicol\u00f3gicos; Conductas Disruptivas y Adicciones; Salud Mental Colectiva y Social; Trastornos del Neurodesarrollo y Condiciones Espec\u00edficas; Medicina y Enfoques Cl\u00ednicos; Diversidad y Temas Contempor\u00e1neos; Bases Cient\u00edficas e Interdisciplinariedad. <span class=\"Apple-converted-space\">\u00a0<\/span><\/p>\n<p class=\"p3\">Los contenidos de cada uno de estos temas, nos permiten profundizar y ampliar nuestros conocimientos sobre la Logoterapia Cl\u00ednica, adem\u00e1s de aportar nuevas intervenciones psicoterap\u00e9uticas ante patolog\u00edas que as\u00ed lo ameritan, validar desde la psicoterapia basada en la evidencia de nuestras pr\u00e1cticas psicoterap\u00e9uticas y crear nuevas intervenciones psicoterap\u00e9uticas ante patolog\u00edas y situaciones existenciales que a\u00fan no contaban con un aporte desde la Logoterapia.<\/p>\n<p class=\"p3\">El libro fue compilado por el Dr. Roberto Juan Mucci; los autores y autoras que participan en este libro son: Manuel Garc\u00eda \u00c1lvarez , Mariela Y\u00e1nez D\u00edaz, <span class=\"s1\">Jackie Larrieu, <\/span>Catalina Arzoz Guti\u00e9rrez, Adam Graciela Aurora, Carlos Alfonso Jim\u00e9nez Jaime, Eleonora Mar\u00eda Naranjo, <span class=\"s2\">Marianne da Silva Prado, Natalia Izquierdo Alvarez, <\/span>Carina Cinalli, Mar\u00eda Laura Mui\u00f1o, Eugenio Perez Soto, Solvejg Ingrid Bernsdorff de Rivera, Mar\u00eda Gabriela Guzm\u00e1n Arnaud, Facundo Lino Freyre, Facundo Dar\u00edo D\u00edaz, <span class=\"s2\">Miguel Jarqu\u00edn, <\/span>Ver\u00f3nica G\u00f3mez, M\u00f3nica Mabel Carri, Emma Luc\u00eda Rotondo, <span class=\"s2\">Clara Mart\u00ednez S\u00e1nchez, Miguel Cuartero Alburquerque<span class=\"Apple-converted-space\">\u00a0<\/span><\/span><\/p>\n","protected":false},"excerpt":{"rendered":"<p><img decoding=\"async\" src=\"https:\/\/libreriaguadalupe.com.ar\/libreria\/wp-content\/uploads\/2023\/03\/nuevo.png\" alt=\"\" width=\"200\" height=\"125\" \/><\/p>\n<p>Compilador: Roberto Juan Mucci<br \/>\nT\u00edtulo: \u00abLogoterapia Cl\u00ednica\u00bb<br \/>\nISBN:978-950-500-973-2<br \/>\nFormato: 15.5\u00a0 (ancho) x 22,5 (alto) cms.<br \/>\nInterior: 1\/1 color<br \/>\nPapel: Bookcel 80 grs.<br \/>\nN\u00ba de P\u00e1ginas: 306.<br \/>\nTapa:4 Colores &#8211; Cartulina &#8211; Laminado mate<br \/>\nEncuadernaci\u00f3n: Binder<\/p>\n<p>&nbsp;<\/p>\n<p>&nbsp;<\/p>\n","protected":false},"featured_media":19195,"comment_status":"open","ping_status":"closed","template":"","meta":{"jetpack_publicize_message":"","jetpack_publicize_feature_enabled":true,"jetpack_social_post_already_shared":true,"jetpack_social_options":{"image_generator_settings":{"template":"highway","default_image_id":0,"font":"","enabled":false},"version":2}},"product_brand":[],"product_cat":[125,88,121],"product_tag":[127,164,163,213,161,211],"class_list":{"0":"post-19194","1":"product","2":"type-product","3":"status-publish","4":"has-post-thumbnail","6":"product_cat-novedades","7":"product_cat-espiritualidad-cultura-social","8":"product_cat-guadalupe","9":"product_tag-editorial-guadalupe-de-argentina","10":"product_tag-jubileo-de-la-esperanza","11":"product_tag-jubileo-ordinario-2025","12":"product_tag-logoterapia-clinica","13":"product_tag-nuevo-lanzamiento","14":"product_tag-roberto-juan-mucci","16":"first","17":"instock","18":"shipping-taxable","19":"purchasable","20":"product-type-simple"},"yoast_head":"<!-- This site is optimized with the Yoast SEO plugin v27.4 - https:\/\/yoast.com\/product\/yoast-seo-wordpress\/ -->\n<title>Logoterapia Cl\u00ednica - Editorial Guadalupe de Argentina<\/title>\n<meta name=\"description\" content=\"Este libro, \u201cLogoterapia Cl\u00ednica\u201d, inspirado y coordinado por el Dr. Roberto Mucci, surge en un momento crucial para el avance de la Logoterapia y el An\u00e1lisis Existencial propuesto por el Dr. Viktor E. Frankl.\" \/>\n<meta name=\"robots\" content=\"index, follow, max-snippet:-1, max-image-preview:large, max-video-preview:-1\" \/>\n<link rel=\"canonical\" href=\"https:\/\/libreriaguadalupe.com.ar\/libreria\/producto\/logoterapia-clinica\/\" \/>\n<meta property=\"og:locale\" content=\"es_ES\" \/>\n<meta property=\"og:type\" content=\"article\" \/>\n<meta property=\"og:title\" content=\"Logoterapia Cl\u00ednica - Editorial Guadalupe de Argentina\" \/>\n<meta property=\"og:description\" content=\"Este libro, \u201cLogoterapia Cl\u00ednica\u201d, inspirado y coordinado por el Dr. Roberto Mucci, surge en un momento crucial para el avance de la Logoterapia y el An\u00e1lisis Existencial propuesto por el Dr. Viktor E. Frankl.\" \/>\n<meta property=\"og:url\" content=\"https:\/\/libreriaguadalupe.com.ar\/libreria\/producto\/logoterapia-clinica\/\" \/>\n<meta property=\"og:site_name\" content=\"Editorial Guadalupe de Argentina\" \/>\n<meta property=\"article:publisher\" content=\"https:\/\/www.facebook.com\/LibreriaGuadalupeAR\/\" \/>\n<meta property=\"article:modified_time\" content=\"2025-12-11T17:19:25+00:00\" \/>\n<meta property=\"og:image\" content=\"https:\/\/libreriaguadalupe.com.ar\/libreria\/wp-content\/uploads\/2025\/12\/1-2.png\" \/>\n\t<meta property=\"og:image:width\" content=\"1080\" \/>\n\t<meta property=\"og:image:height\" content=\"1350\" \/>\n\t<meta property=\"og:image:type\" content=\"image\/png\" \/>\n<meta name=\"twitter:card\" content=\"summary_large_image\" \/>\n<meta name=\"twitter:label1\" content=\"Tiempo de lectura\" \/>\n\t<meta name=\"twitter:data1\" content=\"2 minutos\" \/>\n<script type=\"application\/ld+json\" class=\"yoast-schema-graph\">{\"@context\":\"https:\\\/\\\/schema.org\",\"@graph\":[{\"@type\":\"WebPage\",\"@id\":\"https:\\\/\\\/libreriaguadalupe.com.ar\\\/libreria\\\/producto\\\/logoterapia-clinica\\\/\",\"url\":\"https:\\\/\\\/libreriaguadalupe.com.ar\\\/libreria\\\/producto\\\/logoterapia-clinica\\\/\",\"name\":\"Logoterapia Cl\u00ednica - Editorial Guadalupe de Argentina\",\"isPartOf\":{\"@id\":\"https:\\\/\\\/libreriaguadalupe.com.ar\\\/libreria\\\/#website\"},\"primaryImageOfPage\":{\"@id\":\"https:\\\/\\\/libreriaguadalupe.com.ar\\\/libreria\\\/producto\\\/logoterapia-clinica\\\/#primaryimage\"},\"image\":{\"@id\":\"https:\\\/\\\/libreriaguadalupe.com.ar\\\/libreria\\\/producto\\\/logoterapia-clinica\\\/#primaryimage\"},\"thumbnailUrl\":\"https:\\\/\\\/i0.wp.com\\\/libreriaguadalupe.com.ar\\\/libreria\\\/wp-content\\\/uploads\\\/2025\\\/12\\\/1-2.png?fit=1080%2C1350&ssl=1\",\"datePublished\":\"2025-12-11T17:10:43+00:00\",\"dateModified\":\"2025-12-11T17:19:25+00:00\",\"description\":\"Este libro, \u201cLogoterapia Cl\u00ednica\u201d, inspirado y coordinado por el Dr. Roberto Mucci, surge en un momento crucial para el avance de la Logoterapia y el An\u00e1lisis Existencial propuesto por el Dr. Viktor E. Frankl.\",\"breadcrumb\":{\"@id\":\"https:\\\/\\\/libreriaguadalupe.com.ar\\\/libreria\\\/producto\\\/logoterapia-clinica\\\/#breadcrumb\"},\"inLanguage\":\"es\",\"potentialAction\":[{\"@type\":\"ReadAction\",\"target\":[\"https:\\\/\\\/libreriaguadalupe.com.ar\\\/libreria\\\/producto\\\/logoterapia-clinica\\\/\"]}]},{\"@type\":\"ImageObject\",\"inLanguage\":\"es\",\"@id\":\"https:\\\/\\\/libreriaguadalupe.com.ar\\\/libreria\\\/producto\\\/logoterapia-clinica\\\/#primaryimage\",\"url\":\"https:\\\/\\\/i0.wp.com\\\/libreriaguadalupe.com.ar\\\/libreria\\\/wp-content\\\/uploads\\\/2025\\\/12\\\/1-2.png?fit=1080%2C1350&ssl=1\",\"contentUrl\":\"https:\\\/\\\/i0.wp.com\\\/libreriaguadalupe.com.ar\\\/libreria\\\/wp-content\\\/uploads\\\/2025\\\/12\\\/1-2.png?fit=1080%2C1350&ssl=1\",\"width\":1080,\"height\":1350},{\"@type\":\"BreadcrumbList\",\"@id\":\"https:\\\/\\\/libreriaguadalupe.com.ar\\\/libreria\\\/producto\\\/logoterapia-clinica\\\/#breadcrumb\",\"itemListElement\":[{\"@type\":\"ListItem\",\"position\":1,\"name\":\"Portada\",\"item\":\"https:\\\/\\\/libreriaguadalupe.com.ar\\\/libreria\\\/\"},{\"@type\":\"ListItem\",\"position\":2,\"name\":\"Tienda\",\"item\":\"https:\\\/\\\/libreriaguadalupe.com.ar\\\/libreria\\\/\"},{\"@type\":\"ListItem\",\"position\":3,\"name\":\"Logoterapia Cl\u00ednica\"}]},{\"@type\":\"WebSite\",\"@id\":\"https:\\\/\\\/libreriaguadalupe.com.ar\\\/libreria\\\/#website\",\"url\":\"https:\\\/\\\/libreriaguadalupe.com.ar\\\/libreria\\\/\",\"name\":\"Editorial Guadalupe de Argentina\",\"description\":\"Congregaci\u00f3n del Verbo Divino\",\"publisher\":{\"@id\":\"https:\\\/\\\/libreriaguadalupe.com.ar\\\/libreria\\\/#organization\"},\"alternateName\":\"Librer\u00eda Guadalupe\",\"potentialAction\":[{\"@type\":\"SearchAction\",\"target\":{\"@type\":\"EntryPoint\",\"urlTemplate\":\"https:\\\/\\\/libreriaguadalupe.com.ar\\\/libreria\\\/?s={search_term_string}\"},\"query-input\":{\"@type\":\"PropertyValueSpecification\",\"valueRequired\":true,\"valueName\":\"search_term_string\"}}],\"inLanguage\":\"es\"},{\"@type\":\"Organization\",\"@id\":\"https:\\\/\\\/libreriaguadalupe.com.ar\\\/libreria\\\/#organization\",\"name\":\"Editorial Guadalupe\",\"alternateName\":\"Librer\u00eda Guadalupe\",\"url\":\"https:\\\/\\\/libreriaguadalupe.com.ar\\\/libreria\\\/\",\"logo\":{\"@type\":\"ImageObject\",\"inLanguage\":\"es\",\"@id\":\"https:\\\/\\\/libreriaguadalupe.com.ar\\\/libreria\\\/#\\\/schema\\\/logo\\\/image\\\/\",\"url\":\"https:\\\/\\\/i0.wp.com\\\/libreriaguadalupe.com.ar\\\/libreria\\\/wp-content\\\/uploads\\\/2023\\\/01\\\/cropped-logo-editorial-guadalupe.webp?fit=500%2C100&ssl=1\",\"contentUrl\":\"https:\\\/\\\/i0.wp.com\\\/libreriaguadalupe.com.ar\\\/libreria\\\/wp-content\\\/uploads\\\/2023\\\/01\\\/cropped-logo-editorial-guadalupe.webp?fit=500%2C100&ssl=1\",\"width\":500,\"height\":100,\"caption\":\"Editorial Guadalupe\"},\"image\":{\"@id\":\"https:\\\/\\\/libreriaguadalupe.com.ar\\\/libreria\\\/#\\\/schema\\\/logo\\\/image\\\/\"},\"sameAs\":[\"https:\\\/\\\/www.facebook.com\\\/LibreriaGuadalupeAR\\\/\",\"https:\\\/\\\/www.instagram.com\\\/editorialguadalupe\\\/\",\"https:\\\/\\\/guadalupeeditorial.mercadoshops.com.ar\\\/\"]}]}<\/script>\n<!-- \/ Yoast SEO plugin. -->","yoast_head_json":{"title":"Logoterapia Cl\u00ednica - Editorial Guadalupe de Argentina","description":"Este libro, \u201cLogoterapia Cl\u00ednica\u201d, inspirado y coordinado por el Dr. Roberto Mucci, surge en un momento crucial para el avance de la Logoterapia y el An\u00e1lisis Existencial propuesto por el Dr. Viktor E. Frankl.","robots":{"index":"index","follow":"follow","max-snippet":"max-snippet:-1","max-image-preview":"max-image-preview:large","max-video-preview":"max-video-preview:-1"},"canonical":"https:\/\/libreriaguadalupe.com.ar\/libreria\/producto\/logoterapia-clinica\/","og_locale":"es_ES","og_type":"article","og_title":"Logoterapia Cl\u00ednica - Editorial Guadalupe de Argentina","og_description":"Este libro, \u201cLogoterapia Cl\u00ednica\u201d, inspirado y coordinado por el Dr. Roberto Mucci, surge en un momento crucial para el avance de la Logoterapia y el An\u00e1lisis Existencial propuesto por el Dr. Viktor E. Frankl.","og_url":"https:\/\/libreriaguadalupe.com.ar\/libreria\/producto\/logoterapia-clinica\/","og_site_name":"Editorial Guadalupe de Argentina","article_publisher":"https:\/\/www.facebook.com\/LibreriaGuadalupeAR\/","article_modified_time":"2025-12-11T17:19:25+00:00","og_image":[{"width":1080,"height":1350,"url":"https:\/\/libreriaguadalupe.com.ar\/libreria\/wp-content\/uploads\/2025\/12\/1-2.png","type":"image\/png"}],"twitter_card":"summary_large_image","twitter_misc":{"Tiempo de lectura":"2 minutos"},"schema":{"@context":"https:\/\/schema.org","@graph":[{"@type":"WebPage","@id":"https:\/\/libreriaguadalupe.com.ar\/libreria\/producto\/logoterapia-clinica\/","url":"https:\/\/libreriaguadalupe.com.ar\/libreria\/producto\/logoterapia-clinica\/","name":"Logoterapia Cl\u00ednica - Editorial Guadalupe de Argentina","isPartOf":{"@id":"https:\/\/libreriaguadalupe.com.ar\/libreria\/#website"},"primaryImageOfPage":{"@id":"https:\/\/libreriaguadalupe.com.ar\/libreria\/producto\/logoterapia-clinica\/#primaryimage"},"image":{"@id":"https:\/\/libreriaguadalupe.com.ar\/libreria\/producto\/logoterapia-clinica\/#primaryimage"},"thumbnailUrl":"https:\/\/i0.wp.com\/libreriaguadalupe.com.ar\/libreria\/wp-content\/uploads\/2025\/12\/1-2.png?fit=1080%2C1350&ssl=1","datePublished":"2025-12-11T17:10:43+00:00","dateModified":"2025-12-11T17:19:25+00:00","description":"Este libro, \u201cLogoterapia Cl\u00ednica\u201d, inspirado y coordinado por el Dr. Roberto Mucci, surge en un momento crucial para el avance de la Logoterapia y el An\u00e1lisis Existencial propuesto por el Dr. Viktor E. Frankl.","breadcrumb":{"@id":"https:\/\/libreriaguadalupe.com.ar\/libreria\/producto\/logoterapia-clinica\/#breadcrumb"},"inLanguage":"es","potentialAction":[{"@type":"ReadAction","target":["https:\/\/libreriaguadalupe.com.ar\/libreria\/producto\/logoterapia-clinica\/"]}]},{"@type":"ImageObject","inLanguage":"es","@id":"https:\/\/libreriaguadalupe.com.ar\/libreria\/producto\/logoterapia-clinica\/#primaryimage","url":"https:\/\/i0.wp.com\/libreriaguadalupe.com.ar\/libreria\/wp-content\/uploads\/2025\/12\/1-2.png?fit=1080%2C1350&ssl=1","contentUrl":"https:\/\/i0.wp.com\/libreriaguadalupe.com.ar\/libreria\/wp-content\/uploads\/2025\/12\/1-2.png?fit=1080%2C1350&ssl=1","width":1080,"height":1350},{"@type":"BreadcrumbList","@id":"https:\/\/libreriaguadalupe.com.ar\/libreria\/producto\/logoterapia-clinica\/#breadcrumb","itemListElement":[{"@type":"ListItem","position":1,"name":"Portada","item":"https:\/\/libreriaguadalupe.com.ar\/libreria\/"},{"@type":"ListItem","position":2,"name":"Tienda","item":"https:\/\/libreriaguadalupe.com.ar\/libreria\/"},{"@type":"ListItem","position":3,"name":"Logoterapia Cl\u00ednica"}]},{"@type":"WebSite","@id":"https:\/\/libreriaguadalupe.com.ar\/libreria\/#website","url":"https:\/\/libreriaguadalupe.com.ar\/libreria\/","name":"Editorial Guadalupe de Argentina","description":"Congregaci\u00f3n del Verbo Divino","publisher":{"@id":"https:\/\/libreriaguadalupe.com.ar\/libreria\/#organization"},"alternateName":"Librer\u00eda Guadalupe","potentialAction":[{"@type":"SearchAction","target":{"@type":"EntryPoint","urlTemplate":"https:\/\/libreriaguadalupe.com.ar\/libreria\/?s={search_term_string}"},"query-input":{"@type":"PropertyValueSpecification","valueRequired":true,"valueName":"search_term_string"}}],"inLanguage":"es"},{"@type":"Organization","@id":"https:\/\/libreriaguadalupe.com.ar\/libreria\/#organization","name":"Editorial Guadalupe","alternateName":"Librer\u00eda Guadalupe","url":"https:\/\/libreriaguadalupe.com.ar\/libreria\/","logo":{"@type":"ImageObject","inLanguage":"es","@id":"https:\/\/libreriaguadalupe.com.ar\/libreria\/#\/schema\/logo\/image\/","url":"https:\/\/i0.wp.com\/libreriaguadalupe.com.ar\/libreria\/wp-content\/uploads\/2023\/01\/cropped-logo-editorial-guadalupe.webp?fit=500%2C100&ssl=1","contentUrl":"https:\/\/i0.wp.com\/libreriaguadalupe.com.ar\/libreria\/wp-content\/uploads\/2023\/01\/cropped-logo-editorial-guadalupe.webp?fit=500%2C100&ssl=1","width":500,"height":100,"caption":"Editorial Guadalupe"},"image":{"@id":"https:\/\/libreriaguadalupe.com.ar\/libreria\/#\/schema\/logo\/image\/"},"sameAs":["https:\/\/www.facebook.com\/LibreriaGuadalupeAR\/","https:\/\/www.instagram.com\/editorialguadalupe\/","https:\/\/guadalupeeditorial.mercadoshops.com.ar\/"]}]}},"jetpack_publicize_connections":[],"jetpack_sharing_enabled":true,"jetpack-related-posts":[{"id":17972,"url":"https:\/\/libreriaguadalupe.com.ar\/libreria\/producto\/avances-en-la-logoterapia-y-el-analisis-existencial-e-book\/","url_meta":{"origin":19194,"position":0},"title":"Avances en la Logoterapia y el An\u00e1lisis Existencial (E-BOOK)","author":"admin","date":"15\/04\/2024","format":false,"excerpt":"Aportes de Logoterapeutas del Mundo. Diversidad en la unidad de la Logoterapia de Viktor Emil Frankl. AUTOR: Roberto Juan Mucci ISBN: 978-950-500-919-0","rel":"","context":"Entrada similar","block_context":{"text":"Entrada similar","link":""},"img":{"alt_text":"","src":"https:\/\/i0.wp.com\/libreriaguadalupe.com.ar\/libreria\/wp-content\/uploads\/2024\/04\/NOVEDAD-TIENDA-ABRIL-2.jpg?fit=470%2C470&ssl=1&resize=350%2C200","width":350,"height":200},"classes":[]},{"id":19187,"url":"https:\/\/libreriaguadalupe.com.ar\/libreria\/producto\/logoterapia-aplicada\/","url_meta":{"origin":19194,"position":1},"title":"Logoterapia Aplicada","author":"Mariano Zuqui","date":"11\/12\/2025","format":false,"excerpt":"Compilador: Roberto Juan Mucci T\u00edtulo: \"Logoterapia Aplicada\" ISBN:978-950-500-974-9 Formato: 15.5\u00a0 (ancho) x 22,5 (alto) cms. Interior: 1\/1 color Papel: Bookcel 80 grs. N\u00ba de P\u00e1ginas: 312 Tapa:4 Colores - Cartulina - Laminado mate Encuadernaci\u00f3n: Binder \u00a0 \u00a0","rel":"","context":"Entrada similar","block_context":{"text":"Entrada similar","link":""},"img":{"alt_text":"","src":"https:\/\/i0.wp.com\/libreriaguadalupe.com.ar\/libreria\/wp-content\/uploads\/2025\/12\/1-1.png?fit=960%2C1200&ssl=1&resize=350%2C200","width":350,"height":200,"srcset":"https:\/\/i0.wp.com\/libreriaguadalupe.com.ar\/libreria\/wp-content\/uploads\/2025\/12\/1-1.png?fit=960%2C1200&ssl=1&resize=350%2C200 1x, https:\/\/i0.wp.com\/libreriaguadalupe.com.ar\/libreria\/wp-content\/uploads\/2025\/12\/1-1.png?fit=960%2C1200&ssl=1&resize=525%2C300 1.5x, https:\/\/i0.wp.com\/libreriaguadalupe.com.ar\/libreria\/wp-content\/uploads\/2025\/12\/1-1.png?fit=960%2C1200&ssl=1&resize=700%2C400 2x"},"classes":[]},{"id":16971,"url":"https:\/\/libreriaguadalupe.com.ar\/libreria\/producto\/logopolitica\/","url_meta":{"origin":19194,"position":2},"title":"Logopol\u00edtica","author":"admin","date":"23\/03\/2023","format":false,"excerpt":"Dimensi\u00f3n Social Y Pol\u00edtica De La Logoterapia Autor: Roberto Juan Mucci ISBN: 9789505008551 Dimensiones: 15 x 22 cm P\u00e1ginas: 151","rel":"","context":"Entrada similar","block_context":{"text":"Entrada similar","link":""},"img":{"alt_text":"","src":"https:\/\/i0.wp.com\/libreriaguadalupe.com.ar\/libreria\/wp-content\/uploads\/2023\/03\/Logopolitica.jpeg?fit=338%2C500&ssl=1&resize=350%2C200","width":350,"height":200},"classes":[]},{"id":16924,"url":"https:\/\/libreriaguadalupe.com.ar\/libreria\/producto\/dibujo-de-la-figura-humana-en-los-ninos\/","url_meta":{"origin":19194,"position":3},"title":"Dibujo De La Figura Humana En Los Ni\u00f1os","author":"admin","date":"23\/03\/2023","format":false,"excerpt":"Autor: Koppitz, Elizabeth ISBN: 9505000235 Dimensiones: 16 x 23 cm P\u00e1ginas: 416","rel":"","context":"Entrada similar","block_context":{"text":"Entrada similar","link":""},"img":{"alt_text":"","src":"https:\/\/i0.wp.com\/libreriaguadalupe.com.ar\/libreria\/wp-content\/uploads\/2023\/03\/Dibujo-De-La-Figura-Humana-En-Los-Ninos.jpeg?fit=347%2C500&ssl=1&resize=350%2C200","width":350,"height":200},"classes":[]},{"id":16928,"url":"https:\/\/libreriaguadalupe.com.ar\/libreria\/producto\/test-guestaltico-visomotor-para-ninos\/","url_meta":{"origin":19194,"position":4},"title":"El Test Guestaltico Visomotor Para Ni\u00f1os","author":"admin","date":"23\/03\/2023","format":false,"excerpt":"Nueva Edici\u00f3n Autor: Koppitz, Elizabeth ISBN: 9505000258 Dimensiones: 16 x 23 cm P\u00e1ginas: 272","rel":"","context":"Entrada similar","block_context":{"text":"Entrada similar","link":""},"img":{"alt_text":"","src":"https:\/\/i0.wp.com\/libreriaguadalupe.com.ar\/libreria\/wp-content\/uploads\/2023\/03\/Test-Guestaltico-Visomotor-Para-Ninos-Nueva-Edicion.jpeg?fit=344%2C500&ssl=1&resize=350%2C200","width":350,"height":200},"classes":[]},{"id":16083,"url":"https:\/\/libreriaguadalupe.com.ar\/libreria\/producto\/corazonar-la-fragilidad\/","url_meta":{"origin":19194,"position":5},"title":"Corazonar la fragilidad","author":"admin","date":"12\/02\/2023","format":false,"excerpt":"Este libro se presenta como una oportunidad para buscar y encontrar sendas superadoras por las cuales transitar y aprender a convivir en este momento de fragilidad. AUTOR: LOPEZ ROSETTI DANIEL [ VER M\u00c1S OBRAS ] ISBN: 9505008391","rel":"","context":"Entrada similar","block_context":{"text":"Entrada similar","link":""},"img":{"alt_text":"Corazonar la fragilidad","src":"https:\/\/i0.wp.com\/libreriaguadalupe.com.ar\/libreria\/wp-content\/uploads\/2023\/02\/Corazonar-la-fragilidad.jpg?fit=399%2C500&ssl=1&resize=350%2C200","width":350,"height":200},"classes":[]}],"_links":{"self":[{"href":"https:\/\/libreriaguadalupe.com.ar\/libreria\/wp-json\/wp\/v2\/product\/19194","targetHints":{"allow":["GET"]}}],"collection":[{"href":"https:\/\/libreriaguadalupe.com.ar\/libreria\/wp-json\/wp\/v2\/product"}],"about":[{"href":"https:\/\/libreriaguadalupe.com.ar\/libreria\/wp-json\/wp\/v2\/types\/product"}],"replies":[{"embeddable":true,"href":"https:\/\/libreriaguadalupe.com.ar\/libreria\/wp-json\/wp\/v2\/comments?post=19194"}],"version-history":[{"count":1,"href":"https:\/\/libreriaguadalupe.com.ar\/libreria\/wp-json\/wp\/v2\/product\/19194\/revisions"}],"predecessor-version":[{"id":19198,"href":"https:\/\/libreriaguadalupe.com.ar\/libreria\/wp-json\/wp\/v2\/product\/19194\/revisions\/19198"}],"wp:featuredmedia":[{"embeddable":true,"href":"https:\/\/libreriaguadalupe.com.ar\/libreria\/wp-json\/wp\/v2\/media\/19195"}],"wp:attachment":[{"href":"https:\/\/libreriaguadalupe.com.ar\/libreria\/wp-json\/wp\/v2\/media?parent=19194"}],"wp:term":[{"taxonomy":"product_brand","embeddable":true,"href":"https:\/\/libreriaguadalupe.com.ar\/libreria\/wp-json\/wp\/v2\/product_brand?post=19194"},{"taxonomy":"product_cat","embeddable":true,"href":"https:\/\/libreriaguadalupe.com.ar\/libreria\/wp-json\/wp\/v2\/product_cat?post=19194"},{"taxonomy":"product_tag","embeddable":true,"href":"https:\/\/libreriaguadalupe.com.ar\/libreria\/wp-json\/wp\/v2\/product_tag?post=19194"}],"curies":[{"name":"wp","href":"https:\/\/api.w.org\/{rel}","templated":true}]}}