{"id":19187,"date":"2025-12-11T14:01:02","date_gmt":"2025-12-11T17:01:02","guid":{"rendered":"https:\/\/libreriaguadalupe.com.ar\/libreria\/?post_type=product&#038;p=19187"},"modified":"2025-12-11T14:09:01","modified_gmt":"2025-12-11T17:09:01","slug":"logoterapia-aplicada","status":"publish","type":"product","link":"https:\/\/libreriaguadalupe.com.ar\/libreria\/producto\/logoterapia-aplicada\/","title":{"rendered":"Logoterapia Aplicada"},"content":{"rendered":"<p class=\"p1\"><b>Rese\u00f1a<\/b><\/p>\n<p class=\"p1\"><b>\u201cLogoterapia Aplicada\u201d<\/b> es un libro construido en forma conjunta y fraterna por profesionales de la salud y la educaci\u00f3n, procedentes de Am\u00e9rica y Europa.<span class=\"Apple-converted-space\">\u00a0<\/span><\/p>\n<p class=\"p1\">La situaci\u00f3n actual nos plantea problem\u00e1ticas concretas que ameritan ser abordadas desde el marco te\u00f3rico de la Logoterapia como un aporte espec\u00edfico a la salud y el bienestar de la comunidad.<\/p>\n<p class=\"p1\"><b>\u201cLogoterapia Aplicada\u201d <\/b>tiene como objetivo estudiar, iluminar y acercar aportes, tanto te\u00f3ricos como intervenciones pr\u00e1cticas, a las diversas situaciones y \u00e1mbito de la vida personal, social, educativa y organizacional que esperan de la mirada y los recursos que brinda la Logoterapia y que a\u00fan no se han incursionado. Son muchas las tem\u00e1ticas y aspectos de la vida cotidiana que a\u00fan restan por abordar, pero en el presente libro cada uno de los autores y autoras comparte la oportunidad y los desaf\u00edos de llevar la Logoterapia y el An\u00e1lisis Existencial a nuevos territorios de la existencia humana, m\u00e1s all\u00e1 de la cl\u00ednica y la academia.<span class=\"Apple-converted-space\">\u00a0<\/span><\/p>\n<p class=\"p1\"><span class=\"Apple-converted-space\">\u00a0\u00a0 \u00a0 \u00a0 \u00a0 \u00a0 <\/span>El libro expone ciencia para el desarrollo, promoci\u00f3n, salud y el sentido de la persona humana y la comunidad toda. Ninguna tem\u00e1tica, problem\u00e1tica o acontecimiento humano queda fuera del aporte de la Logoterapia creada por el maestro Viktor Emil Frankl.<span class=\"Apple-converted-space\">\u00a0<\/span><\/p>\n<p class=\"p1\"><b> \u201cLogoterapia Aplicada\u201d <\/b>fue compilado por el Dr. Roberto Juan Mucci;<b> <\/b>los autores y autoras de los distintos y diversos cap\u00edtulos son: Manuel Garc\u00eda \u00c1lvarez, Mariela Y\u00e1nez D\u00edaz, Jackie Larrieu, Catalina Arzoz Guti\u00e9rrez, Adam Graciela Aurora, Carlos Alfonso Jim\u00e9nez Jaime, Eleonora Mar\u00eda Naranjo, <span class=\"s1\">Marianne da Silva Prado, Natalia Izquierdo Alvarez, <\/span>Carina Cinalli, Mar\u00eda Laura, Eugenio Perez, Solvejg Ingrid Bernsdorff, Mar\u00eda Gabriela Guzm\u00e1n Arnaud, Facundo Lino, Facundo Dar\u00edo D\u00edaz, <span class=\"s1\">Miguel Jarqu\u00edn, <\/span>Ver\u00f3nica G\u00f3mez, M\u00f3nica Mabel Carri, Emma Luc\u00eda, <span class=\"s2\">Clara Mart\u00ednez S\u00e1nchez.<span class=\"Apple-converted-space\">\u00a0<\/span><\/span><\/p>\n","protected":false},"excerpt":{"rendered":"<p><img decoding=\"async\" src=\"https:\/\/libreriaguadalupe.com.ar\/libreria\/wp-content\/uploads\/2023\/03\/nuevo.png\" alt=\"\" width=\"200\" height=\"125\" \/><\/p>\n<p>Compilador: Roberto Juan Mucci<br \/>\nT\u00edtulo: \u00abLogoterapia Aplicada\u00bb<br \/>\nISBN:978-950-500-974-9<br \/>\nFormato: 15.5\u00a0 (ancho) x 22,5 (alto) cms.<br \/>\nInterior: 1\/1 color<br \/>\nPapel: Bookcel 80 grs.<br \/>\nN\u00ba de P\u00e1ginas: 312<br \/>\nTapa:4 Colores &#8211; Cartulina &#8211; Laminado mate<br \/>\nEncuadernaci\u00f3n: Binder<\/p>\n<p>&nbsp;<\/p>\n<p>&nbsp;<\/p>\n","protected":false},"featured_media":19188,"comment_status":"open","ping_status":"closed","template":"","meta":{"jetpack_publicize_message":"","jetpack_publicize_feature_enabled":true,"jetpack_social_post_already_shared":true,"jetpack_social_options":{"image_generator_settings":{"template":"highway","default_image_id":0,"font":"","enabled":false},"version":2}},"product_brand":[],"product_cat":[125,88,121],"product_tag":[127,164,163,212,161,211],"class_list":{"0":"post-19187","1":"product","2":"type-product","3":"status-publish","4":"has-post-thumbnail","6":"product_cat-novedades","7":"product_cat-espiritualidad-cultura-social","8":"product_cat-guadalupe","9":"product_tag-editorial-guadalupe-de-argentina","10":"product_tag-jubileo-de-la-esperanza","11":"product_tag-jubileo-ordinario-2025","12":"product_tag-logoterapia-aplicada","13":"product_tag-nuevo-lanzamiento","14":"product_tag-roberto-juan-mucci","16":"first","17":"instock","18":"shipping-taxable","19":"purchasable","20":"product-type-simple"},"yoast_head":"<!-- This site is optimized with the Yoast SEO plugin v27.4 - https:\/\/yoast.com\/product\/yoast-seo-wordpress\/ -->\n<title>Logoterapia Aplicada - Editorial Guadalupe de Argentina<\/title>\n<meta name=\"description\" content=\"\u201cLogoterapia Aplicada\u201d es un libro construido en forma conjunta y fraterna por profesionales de la salud y la educaci\u00f3n, procedentes de Am\u00e9rica y Europa.\u00a0\" \/>\n<meta name=\"robots\" content=\"index, follow, max-snippet:-1, max-image-preview:large, max-video-preview:-1\" \/>\n<link rel=\"canonical\" href=\"https:\/\/libreriaguadalupe.com.ar\/libreria\/producto\/logoterapia-aplicada\/\" \/>\n<meta property=\"og:locale\" content=\"es_ES\" \/>\n<meta property=\"og:type\" content=\"article\" \/>\n<meta property=\"og:title\" content=\"Logoterapia Aplicada - Editorial Guadalupe de Argentina\" \/>\n<meta property=\"og:description\" content=\"\u201cLogoterapia Aplicada\u201d es un libro construido en forma conjunta y fraterna por profesionales de la salud y la educaci\u00f3n, procedentes de Am\u00e9rica y Europa.\u00a0\" \/>\n<meta property=\"og:url\" content=\"https:\/\/libreriaguadalupe.com.ar\/libreria\/producto\/logoterapia-aplicada\/\" \/>\n<meta property=\"og:site_name\" content=\"Editorial Guadalupe de Argentina\" \/>\n<meta property=\"article:publisher\" content=\"https:\/\/www.facebook.com\/LibreriaGuadalupeAR\/\" \/>\n<meta property=\"article:modified_time\" content=\"2025-12-11T17:09:01+00:00\" \/>\n<meta property=\"og:image\" content=\"https:\/\/libreriaguadalupe.com.ar\/libreria\/wp-content\/uploads\/2025\/12\/1-1.png\" \/>\n\t<meta property=\"og:image:width\" content=\"1080\" \/>\n\t<meta property=\"og:image:height\" content=\"1350\" \/>\n\t<meta property=\"og:image:type\" content=\"image\/png\" \/>\n<meta name=\"twitter:card\" content=\"summary_large_image\" \/>\n<meta name=\"twitter:label1\" content=\"Tiempo de lectura\" \/>\n\t<meta name=\"twitter:data1\" content=\"2 minutos\" \/>\n<script type=\"application\/ld+json\" class=\"yoast-schema-graph\">{\"@context\":\"https:\\\/\\\/schema.org\",\"@graph\":[{\"@type\":\"WebPage\",\"@id\":\"https:\\\/\\\/libreriaguadalupe.com.ar\\\/libreria\\\/producto\\\/logoterapia-aplicada\\\/\",\"url\":\"https:\\\/\\\/libreriaguadalupe.com.ar\\\/libreria\\\/producto\\\/logoterapia-aplicada\\\/\",\"name\":\"Logoterapia Aplicada - Editorial Guadalupe de Argentina\",\"isPartOf\":{\"@id\":\"https:\\\/\\\/libreriaguadalupe.com.ar\\\/libreria\\\/#website\"},\"primaryImageOfPage\":{\"@id\":\"https:\\\/\\\/libreriaguadalupe.com.ar\\\/libreria\\\/producto\\\/logoterapia-aplicada\\\/#primaryimage\"},\"image\":{\"@id\":\"https:\\\/\\\/libreriaguadalupe.com.ar\\\/libreria\\\/producto\\\/logoterapia-aplicada\\\/#primaryimage\"},\"thumbnailUrl\":\"https:\\\/\\\/i0.wp.com\\\/libreriaguadalupe.com.ar\\\/libreria\\\/wp-content\\\/uploads\\\/2025\\\/12\\\/1-1.png?fit=1080%2C1350&ssl=1\",\"datePublished\":\"2025-12-11T17:01:02+00:00\",\"dateModified\":\"2025-12-11T17:09:01+00:00\",\"description\":\"\u201cLogoterapia Aplicada\u201d es un libro construido en forma conjunta y fraterna por profesionales de la salud y la educaci\u00f3n, procedentes de Am\u00e9rica y Europa.\u00a0\",\"breadcrumb\":{\"@id\":\"https:\\\/\\\/libreriaguadalupe.com.ar\\\/libreria\\\/producto\\\/logoterapia-aplicada\\\/#breadcrumb\"},\"inLanguage\":\"es\",\"potentialAction\":[{\"@type\":\"ReadAction\",\"target\":[\"https:\\\/\\\/libreriaguadalupe.com.ar\\\/libreria\\\/producto\\\/logoterapia-aplicada\\\/\"]}]},{\"@type\":\"ImageObject\",\"inLanguage\":\"es\",\"@id\":\"https:\\\/\\\/libreriaguadalupe.com.ar\\\/libreria\\\/producto\\\/logoterapia-aplicada\\\/#primaryimage\",\"url\":\"https:\\\/\\\/i0.wp.com\\\/libreriaguadalupe.com.ar\\\/libreria\\\/wp-content\\\/uploads\\\/2025\\\/12\\\/1-1.png?fit=1080%2C1350&ssl=1\",\"contentUrl\":\"https:\\\/\\\/i0.wp.com\\\/libreriaguadalupe.com.ar\\\/libreria\\\/wp-content\\\/uploads\\\/2025\\\/12\\\/1-1.png?fit=1080%2C1350&ssl=1\",\"width\":1080,\"height\":1350},{\"@type\":\"BreadcrumbList\",\"@id\":\"https:\\\/\\\/libreriaguadalupe.com.ar\\\/libreria\\\/producto\\\/logoterapia-aplicada\\\/#breadcrumb\",\"itemListElement\":[{\"@type\":\"ListItem\",\"position\":1,\"name\":\"Portada\",\"item\":\"https:\\\/\\\/libreriaguadalupe.com.ar\\\/libreria\\\/\"},{\"@type\":\"ListItem\",\"position\":2,\"name\":\"Tienda\",\"item\":\"https:\\\/\\\/libreriaguadalupe.com.ar\\\/libreria\\\/\"},{\"@type\":\"ListItem\",\"position\":3,\"name\":\"Logoterapia Aplicada\"}]},{\"@type\":\"WebSite\",\"@id\":\"https:\\\/\\\/libreriaguadalupe.com.ar\\\/libreria\\\/#website\",\"url\":\"https:\\\/\\\/libreriaguadalupe.com.ar\\\/libreria\\\/\",\"name\":\"Editorial Guadalupe de Argentina\",\"description\":\"Congregaci\u00f3n del Verbo Divino\",\"publisher\":{\"@id\":\"https:\\\/\\\/libreriaguadalupe.com.ar\\\/libreria\\\/#organization\"},\"alternateName\":\"Librer\u00eda Guadalupe\",\"potentialAction\":[{\"@type\":\"SearchAction\",\"target\":{\"@type\":\"EntryPoint\",\"urlTemplate\":\"https:\\\/\\\/libreriaguadalupe.com.ar\\\/libreria\\\/?s={search_term_string}\"},\"query-input\":{\"@type\":\"PropertyValueSpecification\",\"valueRequired\":true,\"valueName\":\"search_term_string\"}}],\"inLanguage\":\"es\"},{\"@type\":\"Organization\",\"@id\":\"https:\\\/\\\/libreriaguadalupe.com.ar\\\/libreria\\\/#organization\",\"name\":\"Editorial Guadalupe\",\"alternateName\":\"Librer\u00eda Guadalupe\",\"url\":\"https:\\\/\\\/libreriaguadalupe.com.ar\\\/libreria\\\/\",\"logo\":{\"@type\":\"ImageObject\",\"inLanguage\":\"es\",\"@id\":\"https:\\\/\\\/libreriaguadalupe.com.ar\\\/libreria\\\/#\\\/schema\\\/logo\\\/image\\\/\",\"url\":\"https:\\\/\\\/i0.wp.com\\\/libreriaguadalupe.com.ar\\\/libreria\\\/wp-content\\\/uploads\\\/2023\\\/01\\\/cropped-logo-editorial-guadalupe.webp?fit=500%2C100&ssl=1\",\"contentUrl\":\"https:\\\/\\\/i0.wp.com\\\/libreriaguadalupe.com.ar\\\/libreria\\\/wp-content\\\/uploads\\\/2023\\\/01\\\/cropped-logo-editorial-guadalupe.webp?fit=500%2C100&ssl=1\",\"width\":500,\"height\":100,\"caption\":\"Editorial Guadalupe\"},\"image\":{\"@id\":\"https:\\\/\\\/libreriaguadalupe.com.ar\\\/libreria\\\/#\\\/schema\\\/logo\\\/image\\\/\"},\"sameAs\":[\"https:\\\/\\\/www.facebook.com\\\/LibreriaGuadalupeAR\\\/\",\"https:\\\/\\\/www.instagram.com\\\/editorialguadalupe\\\/\",\"https:\\\/\\\/guadalupeeditorial.mercadoshops.com.ar\\\/\"]}]}<\/script>\n<!-- \/ Yoast SEO plugin. -->","yoast_head_json":{"title":"Logoterapia Aplicada - Editorial Guadalupe de Argentina","description":"\u201cLogoterapia Aplicada\u201d es un libro construido en forma conjunta y fraterna por profesionales de la salud y la educaci\u00f3n, procedentes de Am\u00e9rica y Europa.\u00a0","robots":{"index":"index","follow":"follow","max-snippet":"max-snippet:-1","max-image-preview":"max-image-preview:large","max-video-preview":"max-video-preview:-1"},"canonical":"https:\/\/libreriaguadalupe.com.ar\/libreria\/producto\/logoterapia-aplicada\/","og_locale":"es_ES","og_type":"article","og_title":"Logoterapia Aplicada - Editorial Guadalupe de Argentina","og_description":"\u201cLogoterapia Aplicada\u201d es un libro construido en forma conjunta y fraterna por profesionales de la salud y la educaci\u00f3n, procedentes de Am\u00e9rica y Europa.\u00a0","og_url":"https:\/\/libreriaguadalupe.com.ar\/libreria\/producto\/logoterapia-aplicada\/","og_site_name":"Editorial Guadalupe de Argentina","article_publisher":"https:\/\/www.facebook.com\/LibreriaGuadalupeAR\/","article_modified_time":"2025-12-11T17:09:01+00:00","og_image":[{"width":1080,"height":1350,"url":"https:\/\/libreriaguadalupe.com.ar\/libreria\/wp-content\/uploads\/2025\/12\/1-1.png","type":"image\/png"}],"twitter_card":"summary_large_image","twitter_misc":{"Tiempo de lectura":"2 minutos"},"schema":{"@context":"https:\/\/schema.org","@graph":[{"@type":"WebPage","@id":"https:\/\/libreriaguadalupe.com.ar\/libreria\/producto\/logoterapia-aplicada\/","url":"https:\/\/libreriaguadalupe.com.ar\/libreria\/producto\/logoterapia-aplicada\/","name":"Logoterapia Aplicada - Editorial Guadalupe de Argentina","isPartOf":{"@id":"https:\/\/libreriaguadalupe.com.ar\/libreria\/#website"},"primaryImageOfPage":{"@id":"https:\/\/libreriaguadalupe.com.ar\/libreria\/producto\/logoterapia-aplicada\/#primaryimage"},"image":{"@id":"https:\/\/libreriaguadalupe.com.ar\/libreria\/producto\/logoterapia-aplicada\/#primaryimage"},"thumbnailUrl":"https:\/\/i0.wp.com\/libreriaguadalupe.com.ar\/libreria\/wp-content\/uploads\/2025\/12\/1-1.png?fit=1080%2C1350&ssl=1","datePublished":"2025-12-11T17:01:02+00:00","dateModified":"2025-12-11T17:09:01+00:00","description":"\u201cLogoterapia Aplicada\u201d es un libro construido en forma conjunta y fraterna por profesionales de la salud y la educaci\u00f3n, procedentes de Am\u00e9rica y Europa.\u00a0","breadcrumb":{"@id":"https:\/\/libreriaguadalupe.com.ar\/libreria\/producto\/logoterapia-aplicada\/#breadcrumb"},"inLanguage":"es","potentialAction":[{"@type":"ReadAction","target":["https:\/\/libreriaguadalupe.com.ar\/libreria\/producto\/logoterapia-aplicada\/"]}]},{"@type":"ImageObject","inLanguage":"es","@id":"https:\/\/libreriaguadalupe.com.ar\/libreria\/producto\/logoterapia-aplicada\/#primaryimage","url":"https:\/\/i0.wp.com\/libreriaguadalupe.com.ar\/libreria\/wp-content\/uploads\/2025\/12\/1-1.png?fit=1080%2C1350&ssl=1","contentUrl":"https:\/\/i0.wp.com\/libreriaguadalupe.com.ar\/libreria\/wp-content\/uploads\/2025\/12\/1-1.png?fit=1080%2C1350&ssl=1","width":1080,"height":1350},{"@type":"BreadcrumbList","@id":"https:\/\/libreriaguadalupe.com.ar\/libreria\/producto\/logoterapia-aplicada\/#breadcrumb","itemListElement":[{"@type":"ListItem","position":1,"name":"Portada","item":"https:\/\/libreriaguadalupe.com.ar\/libreria\/"},{"@type":"ListItem","position":2,"name":"Tienda","item":"https:\/\/libreriaguadalupe.com.ar\/libreria\/"},{"@type":"ListItem","position":3,"name":"Logoterapia Aplicada"}]},{"@type":"WebSite","@id":"https:\/\/libreriaguadalupe.com.ar\/libreria\/#website","url":"https:\/\/libreriaguadalupe.com.ar\/libreria\/","name":"Editorial Guadalupe de Argentina","description":"Congregaci\u00f3n del Verbo Divino","publisher":{"@id":"https:\/\/libreriaguadalupe.com.ar\/libreria\/#organization"},"alternateName":"Librer\u00eda Guadalupe","potentialAction":[{"@type":"SearchAction","target":{"@type":"EntryPoint","urlTemplate":"https:\/\/libreriaguadalupe.com.ar\/libreria\/?s={search_term_string}"},"query-input":{"@type":"PropertyValueSpecification","valueRequired":true,"valueName":"search_term_string"}}],"inLanguage":"es"},{"@type":"Organization","@id":"https:\/\/libreriaguadalupe.com.ar\/libreria\/#organization","name":"Editorial Guadalupe","alternateName":"Librer\u00eda Guadalupe","url":"https:\/\/libreriaguadalupe.com.ar\/libreria\/","logo":{"@type":"ImageObject","inLanguage":"es","@id":"https:\/\/libreriaguadalupe.com.ar\/libreria\/#\/schema\/logo\/image\/","url":"https:\/\/i0.wp.com\/libreriaguadalupe.com.ar\/libreria\/wp-content\/uploads\/2023\/01\/cropped-logo-editorial-guadalupe.webp?fit=500%2C100&ssl=1","contentUrl":"https:\/\/i0.wp.com\/libreriaguadalupe.com.ar\/libreria\/wp-content\/uploads\/2023\/01\/cropped-logo-editorial-guadalupe.webp?fit=500%2C100&ssl=1","width":500,"height":100,"caption":"Editorial Guadalupe"},"image":{"@id":"https:\/\/libreriaguadalupe.com.ar\/libreria\/#\/schema\/logo\/image\/"},"sameAs":["https:\/\/www.facebook.com\/LibreriaGuadalupeAR\/","https:\/\/www.instagram.com\/editorialguadalupe\/","https:\/\/guadalupeeditorial.mercadoshops.com.ar\/"]}]}},"jetpack_publicize_connections":[],"jetpack_sharing_enabled":true,"jetpack-related-posts":[{"id":19194,"url":"https:\/\/libreriaguadalupe.com.ar\/libreria\/producto\/logoterapia-clinica\/","url_meta":{"origin":19187,"position":0},"title":"Logoterapia Cl\u00ednica","author":"Mariano Zuqui","date":"11\/12\/2025","format":false,"excerpt":"Compilador: Roberto Juan Mucci T\u00edtulo: \"Logoterapia Cl\u00ednica\" ISBN:978-950-500-973-2 Formato: 15.5\u00a0 (ancho) x 22,5 (alto) cms. Interior: 1\/1 color Papel: Bookcel 80 grs. N\u00ba de P\u00e1ginas: 306. Tapa:4 Colores - Cartulina - Laminado mate Encuadernaci\u00f3n: Binder \u00a0 \u00a0","rel":"","context":"Entrada similar","block_context":{"text":"Entrada similar","link":""},"img":{"alt_text":"","src":"https:\/\/i0.wp.com\/libreriaguadalupe.com.ar\/libreria\/wp-content\/uploads\/2025\/12\/1-2.png?fit=960%2C1200&ssl=1&resize=350%2C200","width":350,"height":200,"srcset":"https:\/\/i0.wp.com\/libreriaguadalupe.com.ar\/libreria\/wp-content\/uploads\/2025\/12\/1-2.png?fit=960%2C1200&ssl=1&resize=350%2C200 1x, https:\/\/i0.wp.com\/libreriaguadalupe.com.ar\/libreria\/wp-content\/uploads\/2025\/12\/1-2.png?fit=960%2C1200&ssl=1&resize=525%2C300 1.5x, https:\/\/i0.wp.com\/libreriaguadalupe.com.ar\/libreria\/wp-content\/uploads\/2025\/12\/1-2.png?fit=960%2C1200&ssl=1&resize=700%2C400 2x"},"classes":[]},{"id":17972,"url":"https:\/\/libreriaguadalupe.com.ar\/libreria\/producto\/avances-en-la-logoterapia-y-el-analisis-existencial-e-book\/","url_meta":{"origin":19187,"position":1},"title":"Avances en la Logoterapia y el An\u00e1lisis Existencial (E-BOOK)","author":"admin","date":"15\/04\/2024","format":false,"excerpt":"Aportes de Logoterapeutas del Mundo. Diversidad en la unidad de la Logoterapia de Viktor Emil Frankl. AUTOR: Roberto Juan Mucci ISBN: 978-950-500-919-0","rel":"","context":"Entrada similar","block_context":{"text":"Entrada similar","link":""},"img":{"alt_text":"","src":"https:\/\/i0.wp.com\/libreriaguadalupe.com.ar\/libreria\/wp-content\/uploads\/2024\/04\/NOVEDAD-TIENDA-ABRIL-2.jpg?fit=470%2C470&ssl=1&resize=350%2C200","width":350,"height":200},"classes":[]},{"id":16971,"url":"https:\/\/libreriaguadalupe.com.ar\/libreria\/producto\/logopolitica\/","url_meta":{"origin":19187,"position":2},"title":"Logopol\u00edtica","author":"admin","date":"23\/03\/2023","format":false,"excerpt":"Dimensi\u00f3n Social Y Pol\u00edtica De La Logoterapia Autor: Roberto Juan Mucci ISBN: 9789505008551 Dimensiones: 15 x 22 cm P\u00e1ginas: 151","rel":"","context":"Entrada similar","block_context":{"text":"Entrada similar","link":""},"img":{"alt_text":"","src":"https:\/\/i0.wp.com\/libreriaguadalupe.com.ar\/libreria\/wp-content\/uploads\/2023\/03\/Logopolitica.jpeg?fit=338%2C500&ssl=1&resize=350%2C200","width":350,"height":200},"classes":[]},{"id":15942,"url":"https:\/\/libreriaguadalupe.com.ar\/libreria\/producto\/la-imposicion-de-manos-en-la-sanacion\/","url_meta":{"origin":19187,"position":3},"title":"La imposici\u00f3n de manos en la sanaci\u00f3n","author":"admin","date":"12\/02\/2023","format":false,"excerpt":"Tenemos en este libro un gran aporte con orientaciones b\u00edblicas, teol\u00f3gicas y cient\u00edficas sobre la imposici\u00f3n de manos y sus resultados concretos en la vida de muchas personas. AUTOR: SANTARELLI ADRIAN ISBN: 9505007752","rel":"","context":"Entrada similar","block_context":{"text":"Entrada similar","link":""},"img":{"alt_text":"","src":"https:\/\/i0.wp.com\/libreriaguadalupe.com.ar\/libreria\/wp-content\/uploads\/2023\/02\/La-imposicion-de-manos-en-la-sanacion.jpg?fit=296%2C458&ssl=1&resize=350%2C200","width":350,"height":200},"classes":[]},{"id":15958,"url":"https:\/\/libreriaguadalupe.com.ar\/libreria\/producto\/la-imposicion-de-manos-en-la-sanacion-e-book\/","url_meta":{"origin":19187,"position":4},"title":"La imposici\u00f3n de manos en la sanaci\u00f3n (E-BOOK)","author":"admin","date":"12\/02\/2023","format":false,"excerpt":"EDICION DIGITAL AUTOR: SANTARELLI ADRIAN ISBN: 9505007936","rel":"","context":"Entrada similar","block_context":{"text":"Entrada similar","link":""},"img":{"alt_text":"","src":"https:\/\/i0.wp.com\/libreriaguadalupe.com.ar\/libreria\/wp-content\/uploads\/2023\/02\/La-imposicion-de-manos-en-la-sanacion.jpg?fit=296%2C458&ssl=1&resize=350%2C200","width":350,"height":200},"classes":[]},{"id":16074,"url":"https:\/\/libreriaguadalupe.com.ar\/libreria\/producto\/la-vision-teologica-de-oscar-romero\/","url_meta":{"origin":19187,"position":5},"title":"La visi\u00f3n teol\u00f3gica de \u00d3scar Romero","author":"admin","date":"12\/02\/2023","format":false,"excerpt":"Liberaci\u00f3n y transfiguraci\u00f3n de los pobres AUTOR: EDGARDO A. COLON-EMERIC ISBN: 9505008681","rel":"","context":"Entrada similar","block_context":{"text":"Entrada similar","link":""},"img":{"alt_text":"","src":"https:\/\/i0.wp.com\/libreriaguadalupe.com.ar\/libreria\/wp-content\/uploads\/2023\/02\/La-vision-teologica-de-Oscar-Romero.webp?fit=712%2C1140&ssl=1&resize=350%2C200","width":350,"height":200,"srcset":"https:\/\/i0.wp.com\/libreriaguadalupe.com.ar\/libreria\/wp-content\/uploads\/2023\/02\/La-vision-teologica-de-Oscar-Romero.webp?fit=712%2C1140&ssl=1&resize=350%2C200 1x, https:\/\/i0.wp.com\/libreriaguadalupe.com.ar\/libreria\/wp-content\/uploads\/2023\/02\/La-vision-teologica-de-Oscar-Romero.webp?fit=712%2C1140&ssl=1&resize=525%2C300 1.5x, https:\/\/i0.wp.com\/libreriaguadalupe.com.ar\/libreria\/wp-content\/uploads\/2023\/02\/La-vision-teologica-de-Oscar-Romero.webp?fit=712%2C1140&ssl=1&resize=700%2C400 2x"},"classes":[]}],"_links":{"self":[{"href":"https:\/\/libreriaguadalupe.com.ar\/libreria\/wp-json\/wp\/v2\/product\/19187","targetHints":{"allow":["GET"]}}],"collection":[{"href":"https:\/\/libreriaguadalupe.com.ar\/libreria\/wp-json\/wp\/v2\/product"}],"about":[{"href":"https:\/\/libreriaguadalupe.com.ar\/libreria\/wp-json\/wp\/v2\/types\/product"}],"replies":[{"embeddable":true,"href":"https:\/\/libreriaguadalupe.com.ar\/libreria\/wp-json\/wp\/v2\/comments?post=19187"}],"version-history":[{"count":3,"href":"https:\/\/libreriaguadalupe.com.ar\/libreria\/wp-json\/wp\/v2\/product\/19187\/revisions"}],"predecessor-version":[{"id":19193,"href":"https:\/\/libreriaguadalupe.com.ar\/libreria\/wp-json\/wp\/v2\/product\/19187\/revisions\/19193"}],"wp:featuredmedia":[{"embeddable":true,"href":"https:\/\/libreriaguadalupe.com.ar\/libreria\/wp-json\/wp\/v2\/media\/19188"}],"wp:attachment":[{"href":"https:\/\/libreriaguadalupe.com.ar\/libreria\/wp-json\/wp\/v2\/media?parent=19187"}],"wp:term":[{"taxonomy":"product_brand","embeddable":true,"href":"https:\/\/libreriaguadalupe.com.ar\/libreria\/wp-json\/wp\/v2\/product_brand?post=19187"},{"taxonomy":"product_cat","embeddable":true,"href":"https:\/\/libreriaguadalupe.com.ar\/libreria\/wp-json\/wp\/v2\/product_cat?post=19187"},{"taxonomy":"product_tag","embeddable":true,"href":"https:\/\/libreriaguadalupe.com.ar\/libreria\/wp-json\/wp\/v2\/product_tag?post=19187"}],"curies":[{"name":"wp","href":"https:\/\/api.w.org\/{rel}","templated":true}]}}