{"id":19179,"date":"2025-12-06T13:10:34","date_gmt":"2025-12-06T16:10:34","guid":{"rendered":"https:\/\/libreriaguadalupe.com.ar\/libreria\/?post_type=product&#038;p=19179"},"modified":"2026-02-03T09:16:13","modified_gmt":"2026-02-03T12:16:13","slug":"click-click-inspirado-en-carlo-acutis-el-apostol-de-internet","status":"publish","type":"product","link":"https:\/\/libreriaguadalupe.com.ar\/libreria\/producto\/click-click-inspirado-en-carlo-acutis-el-apostol-de-internet\/","title":{"rendered":"\u00a1Click, Click! Inspirado en Carlo Acutis, el ap\u00f3stol de internet"},"content":{"rendered":"<p data-start=\"0\" data-end=\"10\"><strong data-start=\"0\" data-end=\"10\">Rese\u00f1a<\/strong><\/p>\n<p data-start=\"12\" data-end=\"441\">En <strong data-start=\"15\" data-end=\"34\">\u00a1Click! \u00a1Click!<\/strong>, <strong data-start=\"36\" data-end=\"64\">Andrea Carla Ciancaglini<\/strong> nos propone un cuento \u00e1gil y cercano, inspirado en la vida de <strong data-start=\"127\" data-end=\"143\">Carlo Acutis<\/strong>, el joven conocido como <em data-start=\"168\" data-end=\"194\">\u201cel ap\u00f3stol de internet\u201d<\/em> y <em data-start=\"197\" data-end=\"222\">\u201cel influencer de Dios\u201d<\/em>. Con un tono juvenil y luminoso, la historia se mete en el coraz\u00f3n de lo cotidiano \u2014la salida del colegio, los amigos, una helader\u00eda\u2014 para mostrar que la santidad tambi\u00e9n se juega en las decisiones simples de cada d\u00eda.<\/p>\n<p data-start=\"443\" data-end=\"947\">A trav\u00e9s de escenas reconocibles, el relato invita a mirar con nuevos ojos el mundo digital: qu\u00e9 elegimos ver, qu\u00e9 compartimos, c\u00f3mo tratamos a los dem\u00e1s y qu\u00e9 lugar ocupa Dios en medio de nuestras pantallas. <strong data-start=\"652\" data-end=\"671\">\u00a1Click! \u00a1Click!<\/strong> es una lectura ideal para chicos y adolescentes (y tambi\u00e9n para adultos que acompa\u00f1an), porque abre conversaciones sobre <strong data-start=\"793\" data-end=\"839\">amistad, alegr\u00eda, fe concreta y coherencia<\/strong>, record\u00e1ndonos que lo importante no es \u201cestar conectados\u201d, sino <strong data-start=\"904\" data-end=\"946\">conectarnos con el Amor que transforma<\/strong>.<\/p>\n","protected":false},"excerpt":{"rendered":"<p>Autor: Andrea Carla Ciancaglini<br \/>\nT\u00edtulo: \u201c\u00a1Click, click! Inspirado en Carlo Acutis, el ap\u00f3stol de internet\u00bb<br \/>\nISBN:978-950-500-952 -7<br \/>\nFormato: 17 (ancho) x 11 (alto) cms.<br \/>\nInterior: 1\/1 color<br \/>\nPapel: Bookcel 80 grs.<br \/>\nN\u00ba de P\u00e1ginas: 24<br \/>\nTapa:4 Colores &#8211; Cartulina &#8211; Laminado mate<br \/>\nEncuadernaci\u00f3n: Binder<\/p>\n<p>&nbsp;<\/p>\n<p>&nbsp;<\/p>\n","protected":false},"featured_media":19180,"comment_status":"open","ping_status":"closed","template":"","meta":{"jetpack_publicize_message":"","jetpack_publicize_feature_enabled":true,"jetpack_social_post_already_shared":true,"jetpack_social_options":{"image_generator_settings":{"template":"highway","default_image_id":0,"font":"","enabled":false},"version":2}},"product_brand":[],"product_cat":[125,88,121],"product_tag":[210,127,164,163,209],"class_list":{"0":"post-19179","1":"product","2":"type-product","3":"status-publish","4":"has-post-thumbnail","6":"product_cat-novedades","7":"product_cat-espiritualidad-cultura-social","8":"product_cat-guadalupe","9":"product_tag-ciclo-a-ano-par","10":"product_tag-editorial-guadalupe-de-argentina","11":"product_tag-jubileo-de-la-esperanza","12":"product_tag-jubileo-ordinario-2025","13":"product_tag-vive-la-palabra-2026","15":"first","16":"outofstock","17":"shipping-taxable","18":"purchasable","19":"product-type-simple"},"yoast_head":"<!-- This site is optimized with the Yoast SEO plugin v27.4 - https:\/\/yoast.com\/product\/yoast-seo-wordpress\/ -->\n<title>\u00a1Click, Click! Inspirado en Carlo Acutis, el ap\u00f3stol de internet<\/title>\n<meta name=\"description\" content=\"En \u00a1Click! \u00a1Click!, Andrea Carla Ciancaglini nos propone un cuento \u00e1gil y cercano, inspirado en la vida de Carlo Acutis, el joven conocido como \u201cel ap\u00f3stol de internet\u201d y \u201cel influencer de Dios\u201d. Con un tono juvenil y luminoso, la historia se mete en el coraz\u00f3n de lo cotidiano \u2014la salida del colegio, los amigos, una helader\u00eda\u2014 para mostrar que la santidad tambi\u00e9n se juega en las decisiones simples de cada d\u00eda.\" \/>\n<meta name=\"robots\" content=\"index, follow, max-snippet:-1, max-image-preview:large, max-video-preview:-1\" \/>\n<link rel=\"canonical\" href=\"https:\/\/libreriaguadalupe.com.ar\/libreria\/producto\/click-click-inspirado-en-carlo-acutis-el-apostol-de-internet\/\" \/>\n<meta property=\"og:locale\" content=\"es_ES\" \/>\n<meta property=\"og:type\" content=\"article\" \/>\n<meta property=\"og:title\" content=\"\u00a1Click, Click! Inspirado en Carlo Acutis, el ap\u00f3stol de internet\" \/>\n<meta property=\"og:description\" content=\"En \u00a1Click! \u00a1Click!, Andrea Carla Ciancaglini nos propone un cuento \u00e1gil y cercano, inspirado en la vida de Carlo Acutis, el joven conocido como \u201cel ap\u00f3stol de internet\u201d y \u201cel influencer de Dios\u201d. Con un tono juvenil y luminoso, la historia se mete en el coraz\u00f3n de lo cotidiano \u2014la salida del colegio, los amigos, una helader\u00eda\u2014 para mostrar que la santidad tambi\u00e9n se juega en las decisiones simples de cada d\u00eda.\" \/>\n<meta property=\"og:url\" content=\"https:\/\/libreriaguadalupe.com.ar\/libreria\/producto\/click-click-inspirado-en-carlo-acutis-el-apostol-de-internet\/\" \/>\n<meta property=\"og:site_name\" content=\"Editorial Guadalupe de Argentina\" \/>\n<meta property=\"article:publisher\" content=\"https:\/\/www.facebook.com\/LibreriaGuadalupeAR\/\" \/>\n<meta property=\"article:modified_time\" content=\"2026-02-03T12:16:13+00:00\" \/>\n<meta property=\"og:image\" content=\"https:\/\/libreriaguadalupe.com.ar\/libreria\/wp-content\/uploads\/2025\/12\/1.png\" \/>\n\t<meta property=\"og:image:width\" content=\"1080\" \/>\n\t<meta property=\"og:image:height\" content=\"1350\" \/>\n\t<meta property=\"og:image:type\" content=\"image\/png\" \/>\n<meta name=\"twitter:card\" content=\"summary_large_image\" \/>\n<meta name=\"twitter:label1\" content=\"Tiempo de lectura\" \/>\n\t<meta name=\"twitter:data1\" content=\"1 minuto\" \/>\n<script type=\"application\/ld+json\" class=\"yoast-schema-graph\">{\"@context\":\"https:\\\/\\\/schema.org\",\"@graph\":[{\"@type\":\"WebPage\",\"@id\":\"https:\\\/\\\/libreriaguadalupe.com.ar\\\/libreria\\\/producto\\\/click-click-inspirado-en-carlo-acutis-el-apostol-de-internet\\\/\",\"url\":\"https:\\\/\\\/libreriaguadalupe.com.ar\\\/libreria\\\/producto\\\/click-click-inspirado-en-carlo-acutis-el-apostol-de-internet\\\/\",\"name\":\"\u00a1Click, Click! Inspirado en Carlo Acutis, el ap\u00f3stol de internet\",\"isPartOf\":{\"@id\":\"https:\\\/\\\/libreriaguadalupe.com.ar\\\/libreria\\\/#website\"},\"primaryImageOfPage\":{\"@id\":\"https:\\\/\\\/libreriaguadalupe.com.ar\\\/libreria\\\/producto\\\/click-click-inspirado-en-carlo-acutis-el-apostol-de-internet\\\/#primaryimage\"},\"image\":{\"@id\":\"https:\\\/\\\/libreriaguadalupe.com.ar\\\/libreria\\\/producto\\\/click-click-inspirado-en-carlo-acutis-el-apostol-de-internet\\\/#primaryimage\"},\"thumbnailUrl\":\"https:\\\/\\\/i0.wp.com\\\/libreriaguadalupe.com.ar\\\/libreria\\\/wp-content\\\/uploads\\\/2025\\\/12\\\/1.png?fit=1080%2C1350&ssl=1\",\"datePublished\":\"2025-12-06T16:10:34+00:00\",\"dateModified\":\"2026-02-03T12:16:13+00:00\",\"description\":\"En \u00a1Click! \u00a1Click!, Andrea Carla Ciancaglini nos propone un cuento \u00e1gil y cercano, inspirado en la vida de Carlo Acutis, el joven conocido como \u201cel ap\u00f3stol de internet\u201d y \u201cel influencer de Dios\u201d. Con un tono juvenil y luminoso, la historia se mete en el coraz\u00f3n de lo cotidiano \u2014la salida del colegio, los amigos, una helader\u00eda\u2014 para mostrar que la santidad tambi\u00e9n se juega en las decisiones simples de cada d\u00eda.\",\"breadcrumb\":{\"@id\":\"https:\\\/\\\/libreriaguadalupe.com.ar\\\/libreria\\\/producto\\\/click-click-inspirado-en-carlo-acutis-el-apostol-de-internet\\\/#breadcrumb\"},\"inLanguage\":\"es\",\"potentialAction\":[{\"@type\":\"ReadAction\",\"target\":[\"https:\\\/\\\/libreriaguadalupe.com.ar\\\/libreria\\\/producto\\\/click-click-inspirado-en-carlo-acutis-el-apostol-de-internet\\\/\"]}]},{\"@type\":\"ImageObject\",\"inLanguage\":\"es\",\"@id\":\"https:\\\/\\\/libreriaguadalupe.com.ar\\\/libreria\\\/producto\\\/click-click-inspirado-en-carlo-acutis-el-apostol-de-internet\\\/#primaryimage\",\"url\":\"https:\\\/\\\/i0.wp.com\\\/libreriaguadalupe.com.ar\\\/libreria\\\/wp-content\\\/uploads\\\/2025\\\/12\\\/1.png?fit=1080%2C1350&ssl=1\",\"contentUrl\":\"https:\\\/\\\/i0.wp.com\\\/libreriaguadalupe.com.ar\\\/libreria\\\/wp-content\\\/uploads\\\/2025\\\/12\\\/1.png?fit=1080%2C1350&ssl=1\",\"width\":1080,\"height\":1350},{\"@type\":\"BreadcrumbList\",\"@id\":\"https:\\\/\\\/libreriaguadalupe.com.ar\\\/libreria\\\/producto\\\/click-click-inspirado-en-carlo-acutis-el-apostol-de-internet\\\/#breadcrumb\",\"itemListElement\":[{\"@type\":\"ListItem\",\"position\":1,\"name\":\"Portada\",\"item\":\"https:\\\/\\\/libreriaguadalupe.com.ar\\\/libreria\\\/\"},{\"@type\":\"ListItem\",\"position\":2,\"name\":\"Tienda\",\"item\":\"https:\\\/\\\/libreriaguadalupe.com.ar\\\/libreria\\\/\"},{\"@type\":\"ListItem\",\"position\":3,\"name\":\"\u00a1Click, Click! Inspirado en Carlo Acutis, el ap\u00f3stol de internet\"}]},{\"@type\":\"WebSite\",\"@id\":\"https:\\\/\\\/libreriaguadalupe.com.ar\\\/libreria\\\/#website\",\"url\":\"https:\\\/\\\/libreriaguadalupe.com.ar\\\/libreria\\\/\",\"name\":\"Editorial Guadalupe de Argentina\",\"description\":\"Congregaci\u00f3n del Verbo Divino\",\"publisher\":{\"@id\":\"https:\\\/\\\/libreriaguadalupe.com.ar\\\/libreria\\\/#organization\"},\"alternateName\":\"Librer\u00eda Guadalupe\",\"potentialAction\":[{\"@type\":\"SearchAction\",\"target\":{\"@type\":\"EntryPoint\",\"urlTemplate\":\"https:\\\/\\\/libreriaguadalupe.com.ar\\\/libreria\\\/?s={search_term_string}\"},\"query-input\":{\"@type\":\"PropertyValueSpecification\",\"valueRequired\":true,\"valueName\":\"search_term_string\"}}],\"inLanguage\":\"es\"},{\"@type\":\"Organization\",\"@id\":\"https:\\\/\\\/libreriaguadalupe.com.ar\\\/libreria\\\/#organization\",\"name\":\"Editorial Guadalupe\",\"alternateName\":\"Librer\u00eda Guadalupe\",\"url\":\"https:\\\/\\\/libreriaguadalupe.com.ar\\\/libreria\\\/\",\"logo\":{\"@type\":\"ImageObject\",\"inLanguage\":\"es\",\"@id\":\"https:\\\/\\\/libreriaguadalupe.com.ar\\\/libreria\\\/#\\\/schema\\\/logo\\\/image\\\/\",\"url\":\"https:\\\/\\\/i0.wp.com\\\/libreriaguadalupe.com.ar\\\/libreria\\\/wp-content\\\/uploads\\\/2023\\\/01\\\/cropped-logo-editorial-guadalupe.webp?fit=500%2C100&ssl=1\",\"contentUrl\":\"https:\\\/\\\/i0.wp.com\\\/libreriaguadalupe.com.ar\\\/libreria\\\/wp-content\\\/uploads\\\/2023\\\/01\\\/cropped-logo-editorial-guadalupe.webp?fit=500%2C100&ssl=1\",\"width\":500,\"height\":100,\"caption\":\"Editorial Guadalupe\"},\"image\":{\"@id\":\"https:\\\/\\\/libreriaguadalupe.com.ar\\\/libreria\\\/#\\\/schema\\\/logo\\\/image\\\/\"},\"sameAs\":[\"https:\\\/\\\/www.facebook.com\\\/LibreriaGuadalupeAR\\\/\",\"https:\\\/\\\/www.instagram.com\\\/editorialguadalupe\\\/\",\"https:\\\/\\\/guadalupeeditorial.mercadoshops.com.ar\\\/\"]}]}<\/script>\n<!-- \/ Yoast SEO plugin. -->","yoast_head_json":{"title":"\u00a1Click, Click! Inspirado en Carlo Acutis, el ap\u00f3stol de internet","description":"En \u00a1Click! \u00a1Click!, Andrea Carla Ciancaglini nos propone un cuento \u00e1gil y cercano, inspirado en la vida de Carlo Acutis, el joven conocido como \u201cel ap\u00f3stol de internet\u201d y \u201cel influencer de Dios\u201d. Con un tono juvenil y luminoso, la historia se mete en el coraz\u00f3n de lo cotidiano \u2014la salida del colegio, los amigos, una helader\u00eda\u2014 para mostrar que la santidad tambi\u00e9n se juega en las decisiones simples de cada d\u00eda.","robots":{"index":"index","follow":"follow","max-snippet":"max-snippet:-1","max-image-preview":"max-image-preview:large","max-video-preview":"max-video-preview:-1"},"canonical":"https:\/\/libreriaguadalupe.com.ar\/libreria\/producto\/click-click-inspirado-en-carlo-acutis-el-apostol-de-internet\/","og_locale":"es_ES","og_type":"article","og_title":"\u00a1Click, Click! Inspirado en Carlo Acutis, el ap\u00f3stol de internet","og_description":"En \u00a1Click! \u00a1Click!, Andrea Carla Ciancaglini nos propone un cuento \u00e1gil y cercano, inspirado en la vida de Carlo Acutis, el joven conocido como \u201cel ap\u00f3stol de internet\u201d y \u201cel influencer de Dios\u201d. Con un tono juvenil y luminoso, la historia se mete en el coraz\u00f3n de lo cotidiano \u2014la salida del colegio, los amigos, una helader\u00eda\u2014 para mostrar que la santidad tambi\u00e9n se juega en las decisiones simples de cada d\u00eda.","og_url":"https:\/\/libreriaguadalupe.com.ar\/libreria\/producto\/click-click-inspirado-en-carlo-acutis-el-apostol-de-internet\/","og_site_name":"Editorial Guadalupe de Argentina","article_publisher":"https:\/\/www.facebook.com\/LibreriaGuadalupeAR\/","article_modified_time":"2026-02-03T12:16:13+00:00","og_image":[{"width":1080,"height":1350,"url":"https:\/\/libreriaguadalupe.com.ar\/libreria\/wp-content\/uploads\/2025\/12\/1.png","type":"image\/png"}],"twitter_card":"summary_large_image","twitter_misc":{"Tiempo de lectura":"1 minuto"},"schema":{"@context":"https:\/\/schema.org","@graph":[{"@type":"WebPage","@id":"https:\/\/libreriaguadalupe.com.ar\/libreria\/producto\/click-click-inspirado-en-carlo-acutis-el-apostol-de-internet\/","url":"https:\/\/libreriaguadalupe.com.ar\/libreria\/producto\/click-click-inspirado-en-carlo-acutis-el-apostol-de-internet\/","name":"\u00a1Click, Click! Inspirado en Carlo Acutis, el ap\u00f3stol de internet","isPartOf":{"@id":"https:\/\/libreriaguadalupe.com.ar\/libreria\/#website"},"primaryImageOfPage":{"@id":"https:\/\/libreriaguadalupe.com.ar\/libreria\/producto\/click-click-inspirado-en-carlo-acutis-el-apostol-de-internet\/#primaryimage"},"image":{"@id":"https:\/\/libreriaguadalupe.com.ar\/libreria\/producto\/click-click-inspirado-en-carlo-acutis-el-apostol-de-internet\/#primaryimage"},"thumbnailUrl":"https:\/\/i0.wp.com\/libreriaguadalupe.com.ar\/libreria\/wp-content\/uploads\/2025\/12\/1.png?fit=1080%2C1350&ssl=1","datePublished":"2025-12-06T16:10:34+00:00","dateModified":"2026-02-03T12:16:13+00:00","description":"En \u00a1Click! \u00a1Click!, Andrea Carla Ciancaglini nos propone un cuento \u00e1gil y cercano, inspirado en la vida de Carlo Acutis, el joven conocido como \u201cel ap\u00f3stol de internet\u201d y \u201cel influencer de Dios\u201d. Con un tono juvenil y luminoso, la historia se mete en el coraz\u00f3n de lo cotidiano \u2014la salida del colegio, los amigos, una helader\u00eda\u2014 para mostrar que la santidad tambi\u00e9n se juega en las decisiones simples de cada d\u00eda.","breadcrumb":{"@id":"https:\/\/libreriaguadalupe.com.ar\/libreria\/producto\/click-click-inspirado-en-carlo-acutis-el-apostol-de-internet\/#breadcrumb"},"inLanguage":"es","potentialAction":[{"@type":"ReadAction","target":["https:\/\/libreriaguadalupe.com.ar\/libreria\/producto\/click-click-inspirado-en-carlo-acutis-el-apostol-de-internet\/"]}]},{"@type":"ImageObject","inLanguage":"es","@id":"https:\/\/libreriaguadalupe.com.ar\/libreria\/producto\/click-click-inspirado-en-carlo-acutis-el-apostol-de-internet\/#primaryimage","url":"https:\/\/i0.wp.com\/libreriaguadalupe.com.ar\/libreria\/wp-content\/uploads\/2025\/12\/1.png?fit=1080%2C1350&ssl=1","contentUrl":"https:\/\/i0.wp.com\/libreriaguadalupe.com.ar\/libreria\/wp-content\/uploads\/2025\/12\/1.png?fit=1080%2C1350&ssl=1","width":1080,"height":1350},{"@type":"BreadcrumbList","@id":"https:\/\/libreriaguadalupe.com.ar\/libreria\/producto\/click-click-inspirado-en-carlo-acutis-el-apostol-de-internet\/#breadcrumb","itemListElement":[{"@type":"ListItem","position":1,"name":"Portada","item":"https:\/\/libreriaguadalupe.com.ar\/libreria\/"},{"@type":"ListItem","position":2,"name":"Tienda","item":"https:\/\/libreriaguadalupe.com.ar\/libreria\/"},{"@type":"ListItem","position":3,"name":"\u00a1Click, Click! Inspirado en Carlo Acutis, el ap\u00f3stol de internet"}]},{"@type":"WebSite","@id":"https:\/\/libreriaguadalupe.com.ar\/libreria\/#website","url":"https:\/\/libreriaguadalupe.com.ar\/libreria\/","name":"Editorial Guadalupe de Argentina","description":"Congregaci\u00f3n del Verbo Divino","publisher":{"@id":"https:\/\/libreriaguadalupe.com.ar\/libreria\/#organization"},"alternateName":"Librer\u00eda Guadalupe","potentialAction":[{"@type":"SearchAction","target":{"@type":"EntryPoint","urlTemplate":"https:\/\/libreriaguadalupe.com.ar\/libreria\/?s={search_term_string}"},"query-input":{"@type":"PropertyValueSpecification","valueRequired":true,"valueName":"search_term_string"}}],"inLanguage":"es"},{"@type":"Organization","@id":"https:\/\/libreriaguadalupe.com.ar\/libreria\/#organization","name":"Editorial Guadalupe","alternateName":"Librer\u00eda Guadalupe","url":"https:\/\/libreriaguadalupe.com.ar\/libreria\/","logo":{"@type":"ImageObject","inLanguage":"es","@id":"https:\/\/libreriaguadalupe.com.ar\/libreria\/#\/schema\/logo\/image\/","url":"https:\/\/i0.wp.com\/libreriaguadalupe.com.ar\/libreria\/wp-content\/uploads\/2023\/01\/cropped-logo-editorial-guadalupe.webp?fit=500%2C100&ssl=1","contentUrl":"https:\/\/i0.wp.com\/libreriaguadalupe.com.ar\/libreria\/wp-content\/uploads\/2023\/01\/cropped-logo-editorial-guadalupe.webp?fit=500%2C100&ssl=1","width":500,"height":100,"caption":"Editorial Guadalupe"},"image":{"@id":"https:\/\/libreriaguadalupe.com.ar\/libreria\/#\/schema\/logo\/image\/"},"sameAs":["https:\/\/www.facebook.com\/LibreriaGuadalupeAR\/","https:\/\/www.instagram.com\/editorialguadalupe\/","https:\/\/guadalupeeditorial.mercadoshops.com.ar\/"]}]}},"jetpack_publicize_connections":[],"jetpack_sharing_enabled":true,"jetpack-related-posts":[{"id":15887,"url":"https:\/\/libreriaguadalupe.com.ar\/libreria\/producto\/dios-existe-y-es-amor\/","url_meta":{"origin":19179,"position":0},"title":"Dios existe y es Amor","author":"admin","date":"12\/02\/2023","format":false,"excerpt":"San Carlos Foucauld AUTOR: Adri\u00e1n Santarelli ISBN: 9505008827","rel":"","context":"Entrada similar","block_context":{"text":"Entrada similar","link":""},"img":{"alt_text":"","src":"https:\/\/i0.wp.com\/libreriaguadalupe.com.ar\/libreria\/wp-content\/uploads\/2023\/02\/Dios-existe-y-es-Amor-Santarelli-chico.jpg?fit=333%2C500&ssl=1&resize=350%2C200","width":350,"height":200},"classes":[]},{"id":17223,"url":"https:\/\/libreriaguadalupe.com.ar\/libreria\/producto\/vida-de-la-virgen-maria-de-los-apostoles-martires-y-santos\/","url_meta":{"origin":19179,"position":1},"title":"Vida De La Virgen Mar\u00eda, De Los Ap\u00f3stoles, M\u00e1rtires Y Santos","author":"admin","date":"13\/04\/2023","format":false,"excerpt":"Visiones y revelaciones Autor: EMMERICK ANA CATALINA ISBN: 9789505005932 Dimensiones: 15 x 21 cm P\u00e1ginas: 200","rel":"","context":"Entrada similar","block_context":{"text":"Entrada similar","link":""},"img":{"alt_text":"","src":"https:\/\/i0.wp.com\/libreriaguadalupe.com.ar\/libreria\/wp-content\/uploads\/2023\/04\/Vida-De-La-Virgen-Maria-De-Los-Apostoles-Martires-Y-Santos.jpeg?fit=343%2C500&ssl=1&resize=350%2C200","width":350,"height":200},"classes":[]},{"id":18504,"url":"https:\/\/libreriaguadalupe.com.ar\/libreria\/producto\/juanito-y-la-morenita\/","url_meta":{"origin":19179,"position":2},"title":"Juanito y la Morenita","author":"Mariano Zuqui","date":"20\/12\/2024","format":false,"excerpt":"\u00a0 Autor: Andrea Carla Ciancaglini ISBN: 978-950-500-944-2 Formato: 17 x 11 cms. Interior: 1\/1 color Papel: Obra N\u00ba de P\u00e1ginas: 20 Tapa: Cartulina \u2013 Laminado Mate Encuadernaci\u00f3n: Engrampado","rel":"","context":"Entrada similar","block_context":{"text":"Entrada similar","link":""},"img":{"alt_text":"","src":"https:\/\/i0.wp.com\/libreriaguadalupe.com.ar\/libreria\/wp-content\/uploads\/2024\/12\/MC-JUANITO-Y-LA-MORENITA-2.png?fit=1080%2C1080&ssl=1&resize=350%2C200","width":350,"height":200,"srcset":"https:\/\/i0.wp.com\/libreriaguadalupe.com.ar\/libreria\/wp-content\/uploads\/2024\/12\/MC-JUANITO-Y-LA-MORENITA-2.png?fit=1080%2C1080&ssl=1&resize=350%2C200 1x, https:\/\/i0.wp.com\/libreriaguadalupe.com.ar\/libreria\/wp-content\/uploads\/2024\/12\/MC-JUANITO-Y-LA-MORENITA-2.png?fit=1080%2C1080&ssl=1&resize=525%2C300 1.5x, https:\/\/i0.wp.com\/libreriaguadalupe.com.ar\/libreria\/wp-content\/uploads\/2024\/12\/MC-JUANITO-Y-LA-MORENITA-2.png?fit=1080%2C1080&ssl=1&resize=700%2C400 2x, https:\/\/i0.wp.com\/libreriaguadalupe.com.ar\/libreria\/wp-content\/uploads\/2024\/12\/MC-JUANITO-Y-LA-MORENITA-2.png?fit=1080%2C1080&ssl=1&resize=1050%2C600 3x"},"classes":[]},{"id":15216,"url":"https:\/\/libreriaguadalupe.com.ar\/libreria\/producto\/investigacion-de-los-evang-sinop-y-hechos-de-los-apostoles-2\/","url_meta":{"origin":19179,"position":3},"title":"Investigacion de los Evang sinop y Hechos de los Apostoles","author":"admin","date":"07\/02\/2023","format":false,"excerpt":"AUTOR: Rodr\u00edguez Carmona ISBN:8481690293","rel":"","context":"Entrada similar","block_context":{"text":"Entrada similar","link":""},"img":{"alt_text":"","src":"","width":0,"height":0},"classes":[]},{"id":17885,"url":"https:\/\/libreriaguadalupe.com.ar\/libreria\/producto\/mama-antula\/","url_meta":{"origin":19179,"position":4},"title":"Mama Antula","author":"admin","date":"14\/03\/2024","format":false,"excerpt":"La viajera que en sus pies solo llevaba la luna Autor: ANDREA CARLA CIANCAGLINI ISBN: 978-950-500-917-6 Dimensiones: 11 x 17 cm P\u00e1ginas: 20","rel":"","context":"Entrada similar","block_context":{"text":"Entrada similar","link":""},"img":{"alt_text":"","src":"https:\/\/i0.wp.com\/libreriaguadalupe.com.ar\/libreria\/wp-content\/uploads\/2024\/03\/NOVEDAD-TIENDA-FEBRERO.jpg?fit=470%2C470&ssl=1&resize=350%2C200","width":350,"height":200},"classes":[]},{"id":15417,"url":"https:\/\/libreriaguadalupe.com.ar\/libreria\/producto\/lectio-divina-para-la-vida-diaria-el-libro-de-los-hechos-de-los-apostoles-lectio-12-2\/","url_meta":{"origin":19179,"position":5},"title":"Lectio divina para la vida diaria: El libro de los Hechos de los Apostoles Lectio 12","author":"admin","date":"07\/02\/2023","format":false,"excerpt":"","rel":"","context":"Entrada similar","block_context":{"text":"Entrada similar","link":""},"img":{"alt_text":"","src":"","width":0,"height":0},"classes":[]}],"_links":{"self":[{"href":"https:\/\/libreriaguadalupe.com.ar\/libreria\/wp-json\/wp\/v2\/product\/19179","targetHints":{"allow":["GET"]}}],"collection":[{"href":"https:\/\/libreriaguadalupe.com.ar\/libreria\/wp-json\/wp\/v2\/product"}],"about":[{"href":"https:\/\/libreriaguadalupe.com.ar\/libreria\/wp-json\/wp\/v2\/types\/product"}],"replies":[{"embeddable":true,"href":"https:\/\/libreriaguadalupe.com.ar\/libreria\/wp-json\/wp\/v2\/comments?post=19179"}],"version-history":[{"count":2,"href":"https:\/\/libreriaguadalupe.com.ar\/libreria\/wp-json\/wp\/v2\/product\/19179\/revisions"}],"predecessor-version":[{"id":19183,"href":"https:\/\/libreriaguadalupe.com.ar\/libreria\/wp-json\/wp\/v2\/product\/19179\/revisions\/19183"}],"wp:featuredmedia":[{"embeddable":true,"href":"https:\/\/libreriaguadalupe.com.ar\/libreria\/wp-json\/wp\/v2\/media\/19180"}],"wp:attachment":[{"href":"https:\/\/libreriaguadalupe.com.ar\/libreria\/wp-json\/wp\/v2\/media?parent=19179"}],"wp:term":[{"taxonomy":"product_brand","embeddable":true,"href":"https:\/\/libreriaguadalupe.com.ar\/libreria\/wp-json\/wp\/v2\/product_brand?post=19179"},{"taxonomy":"product_cat","embeddable":true,"href":"https:\/\/libreriaguadalupe.com.ar\/libreria\/wp-json\/wp\/v2\/product_cat?post=19179"},{"taxonomy":"product_tag","embeddable":true,"href":"https:\/\/libreriaguadalupe.com.ar\/libreria\/wp-json\/wp\/v2\/product_tag?post=19179"}],"curies":[{"name":"wp","href":"https:\/\/api.w.org\/{rel}","templated":true}]}}