{"id":19168,"date":"2025-11-28T11:02:14","date_gmt":"2025-11-28T14:02:14","guid":{"rendered":"https:\/\/libreriaguadalupe.com.ar\/libreria\/?post_type=product&#038;p=19168"},"modified":"2025-12-15T10:11:34","modified_gmt":"2025-12-15T13:11:34","slug":"vive-la-palabra-2026-ciclo-a-ano-par","status":"publish","type":"product","link":"https:\/\/libreriaguadalupe.com.ar\/libreria\/producto\/vive-la-palabra-2026-ciclo-a-ano-par\/","title":{"rendered":"VIVE LA PALABRA 2026 &#8211; CICLO A &#8211; A\u00d1O PAR"},"content":{"rendered":"<p data-start=\"0\" data-end=\"266\"><strong data-start=\"0\" data-end=\"22\">Rese\u00f1a<\/strong><br data-start=\"22\" data-end=\"25\" \/><strong data-start=\"25\" data-end=\"92\">Vive la Palabra 2026 (Ciclo A \u2013 A\u00f1o par) | Evangelio \u00b7 Santoral<\/strong> es una gu\u00eda para acompa\u00f1arte cada d\u00eda con la <strong data-start=\"138\" data-end=\"170\">lectura orante del Evangelio<\/strong>, integrando tambi\u00e9n el santoral, para hacer de la Palabra un camino concreto de oraci\u00f3n y vida.<\/p>\n<p data-start=\"268\" data-end=\"685\" data-is-last-node=\"\" data-is-only-node=\"\">En la contratapa nos recuerda el horizonte que anima este itinerario:<br data-start=\"337\" data-end=\"340\" \/>\u201c<strong data-start=\"341\" data-end=\"661\">El amor cristiano supera cualquier barrera, acerca a los lejanos, re\u00fane a los extra\u00f1os, familiariza a los enemigos, atraviesa abismos humanamente insuperables, penetra en los rincones m\u00e1s ocultos de la sociedad. Por su naturaleza, el amor cristiano es prof\u00e9tico, hace milagros, no tiene l\u00edmites: es para lo imposible<\/strong>\u201d. <em data-start=\"664\" data-end=\"685\" data-is-last-node=\"\">(Dilexi te n\u00ba 120).<\/em><\/p>\n","protected":false},"excerpt":{"rendered":"<p>Autor: Editorial Guadalupe<br \/>\nT\u00edtulo: \u201cVive La Palabra 2026 &#8211; Ciclo A &#8211; A\u00f1o Par\u00bb<br \/>\nISBN:978-950-500-976 -3<br \/>\nFormato: 14 (ancho) x 22 (alto) cms.<br \/>\nInterior: 1\/1 color<br \/>\nPapel: Bookcel 80 grs.<br \/>\nN\u00ba de P\u00e1ginas: 408<br \/>\nTapa:4 Colores &#8211; Cartulina &#8211; Laminado mate<br \/>\nEncuadernaci\u00f3n: Binder<\/p>\n<p>&nbsp;<\/p>\n<p>&nbsp;<\/p>\n","protected":false},"featured_media":19169,"comment_status":"open","ping_status":"closed","template":"","meta":{"jetpack_publicize_message":"","jetpack_publicize_feature_enabled":true,"jetpack_social_post_already_shared":true,"jetpack_social_options":{"image_generator_settings":{"template":"highway","default_image_id":0,"font":"","enabled":false},"version":2}},"product_brand":[],"product_cat":[125,88,121],"product_tag":[210,127,164,163,209],"class_list":{"0":"post-19168","1":"product","2":"type-product","3":"status-publish","4":"has-post-thumbnail","6":"product_cat-novedades","7":"product_cat-espiritualidad-cultura-social","8":"product_cat-guadalupe","9":"product_tag-ciclo-a-ano-par","10":"product_tag-editorial-guadalupe-de-argentina","11":"product_tag-jubileo-de-la-esperanza","12":"product_tag-jubileo-ordinario-2025","13":"product_tag-vive-la-palabra-2026","15":"first","16":"instock","17":"shipping-taxable","18":"purchasable","19":"product-type-simple"},"yoast_head":"<!-- This site is optimized with the Yoast SEO plugin v27.4 - https:\/\/yoast.com\/product\/yoast-seo-wordpress\/ -->\n<title>VIVE LA PALABRA 2026 - CICLO A - A\u00d1O PAR<\/title>\n<meta name=\"description\" content=\"Vive la Palabra 2026 (Ciclo A \u2013 A\u00f1o par) | Evangelio \u00b7 Santoral es una gu\u00eda para acompa\u00f1arte cada d\u00eda con la lectura orante del Evangelio, integrando tambi\u00e9n el santoral, para hacer de la Palabra un camino concreto de oraci\u00f3n y vida.\" \/>\n<meta name=\"robots\" content=\"index, follow, max-snippet:-1, max-image-preview:large, max-video-preview:-1\" \/>\n<link rel=\"canonical\" href=\"https:\/\/libreriaguadalupe.com.ar\/libreria\/producto\/vive-la-palabra-2026-ciclo-a-ano-par\/\" \/>\n<meta property=\"og:locale\" content=\"es_ES\" \/>\n<meta property=\"og:type\" content=\"article\" \/>\n<meta property=\"og:title\" content=\"VIVE LA PALABRA 2026 - CICLO A - A\u00d1O PAR\" \/>\n<meta property=\"og:description\" content=\"Vive la Palabra 2026 (Ciclo A \u2013 A\u00f1o par) | Evangelio \u00b7 Santoral es una gu\u00eda para acompa\u00f1arte cada d\u00eda con la lectura orante del Evangelio, integrando tambi\u00e9n el santoral, para hacer de la Palabra un camino concreto de oraci\u00f3n y vida.\" \/>\n<meta property=\"og:url\" content=\"https:\/\/libreriaguadalupe.com.ar\/libreria\/producto\/vive-la-palabra-2026-ciclo-a-ano-par\/\" \/>\n<meta property=\"og:site_name\" content=\"Editorial Guadalupe de Argentina\" \/>\n<meta property=\"article:publisher\" content=\"https:\/\/www.facebook.com\/LibreriaGuadalupeAR\/\" \/>\n<meta property=\"article:modified_time\" content=\"2025-12-15T13:11:34+00:00\" \/>\n<meta property=\"og:image\" content=\"https:\/\/libreriaguadalupe.com.ar\/libreria\/wp-content\/uploads\/2025\/11\/1-819x1024.png\" \/>\n\t<meta property=\"og:image:width\" content=\"819\" \/>\n\t<meta property=\"og:image:height\" content=\"1024\" \/>\n\t<meta property=\"og:image:type\" content=\"image\/png\" \/>\n<meta name=\"twitter:card\" content=\"summary_large_image\" \/>\n<meta name=\"twitter:label1\" content=\"Tiempo de lectura\" \/>\n\t<meta name=\"twitter:data1\" content=\"1 minuto\" \/>\n<script type=\"application\/ld+json\" class=\"yoast-schema-graph\">{\"@context\":\"https:\\\/\\\/schema.org\",\"@graph\":[{\"@type\":\"WebPage\",\"@id\":\"https:\\\/\\\/libreriaguadalupe.com.ar\\\/libreria\\\/producto\\\/vive-la-palabra-2026-ciclo-a-ano-par\\\/\",\"url\":\"https:\\\/\\\/libreriaguadalupe.com.ar\\\/libreria\\\/producto\\\/vive-la-palabra-2026-ciclo-a-ano-par\\\/\",\"name\":\"VIVE LA PALABRA 2026 - CICLO A - A\u00d1O PAR\",\"isPartOf\":{\"@id\":\"https:\\\/\\\/libreriaguadalupe.com.ar\\\/libreria\\\/#website\"},\"primaryImageOfPage\":{\"@id\":\"https:\\\/\\\/libreriaguadalupe.com.ar\\\/libreria\\\/producto\\\/vive-la-palabra-2026-ciclo-a-ano-par\\\/#primaryimage\"},\"image\":{\"@id\":\"https:\\\/\\\/libreriaguadalupe.com.ar\\\/libreria\\\/producto\\\/vive-la-palabra-2026-ciclo-a-ano-par\\\/#primaryimage\"},\"thumbnailUrl\":\"https:\\\/\\\/i0.wp.com\\\/libreriaguadalupe.com.ar\\\/libreria\\\/wp-content\\\/uploads\\\/2025\\\/11\\\/1.png?fit=1080%2C1350&ssl=1\",\"datePublished\":\"2025-11-28T14:02:14+00:00\",\"dateModified\":\"2025-12-15T13:11:34+00:00\",\"description\":\"Vive la Palabra 2026 (Ciclo A \u2013 A\u00f1o par) | Evangelio \u00b7 Santoral es una gu\u00eda para acompa\u00f1arte cada d\u00eda con la lectura orante del Evangelio, integrando tambi\u00e9n el santoral, para hacer de la Palabra un camino concreto de oraci\u00f3n y vida.\",\"breadcrumb\":{\"@id\":\"https:\\\/\\\/libreriaguadalupe.com.ar\\\/libreria\\\/producto\\\/vive-la-palabra-2026-ciclo-a-ano-par\\\/#breadcrumb\"},\"inLanguage\":\"es\",\"potentialAction\":[{\"@type\":\"ReadAction\",\"target\":[\"https:\\\/\\\/libreriaguadalupe.com.ar\\\/libreria\\\/producto\\\/vive-la-palabra-2026-ciclo-a-ano-par\\\/\"]}]},{\"@type\":\"ImageObject\",\"inLanguage\":\"es\",\"@id\":\"https:\\\/\\\/libreriaguadalupe.com.ar\\\/libreria\\\/producto\\\/vive-la-palabra-2026-ciclo-a-ano-par\\\/#primaryimage\",\"url\":\"https:\\\/\\\/i0.wp.com\\\/libreriaguadalupe.com.ar\\\/libreria\\\/wp-content\\\/uploads\\\/2025\\\/11\\\/1.png?fit=1080%2C1350&ssl=1\",\"contentUrl\":\"https:\\\/\\\/i0.wp.com\\\/libreriaguadalupe.com.ar\\\/libreria\\\/wp-content\\\/uploads\\\/2025\\\/11\\\/1.png?fit=1080%2C1350&ssl=1\",\"width\":1080,\"height\":1350},{\"@type\":\"BreadcrumbList\",\"@id\":\"https:\\\/\\\/libreriaguadalupe.com.ar\\\/libreria\\\/producto\\\/vive-la-palabra-2026-ciclo-a-ano-par\\\/#breadcrumb\",\"itemListElement\":[{\"@type\":\"ListItem\",\"position\":1,\"name\":\"Portada\",\"item\":\"https:\\\/\\\/libreriaguadalupe.com.ar\\\/libreria\\\/\"},{\"@type\":\"ListItem\",\"position\":2,\"name\":\"Tienda\",\"item\":\"https:\\\/\\\/libreriaguadalupe.com.ar\\\/libreria\\\/\"},{\"@type\":\"ListItem\",\"position\":3,\"name\":\"VIVE LA PALABRA 2026 &#8211; CICLO A &#8211; A\u00d1O PAR\"}]},{\"@type\":\"WebSite\",\"@id\":\"https:\\\/\\\/libreriaguadalupe.com.ar\\\/libreria\\\/#website\",\"url\":\"https:\\\/\\\/libreriaguadalupe.com.ar\\\/libreria\\\/\",\"name\":\"Editorial Guadalupe de Argentina\",\"description\":\"Congregaci\u00f3n del Verbo Divino\",\"publisher\":{\"@id\":\"https:\\\/\\\/libreriaguadalupe.com.ar\\\/libreria\\\/#organization\"},\"alternateName\":\"Librer\u00eda Guadalupe\",\"potentialAction\":[{\"@type\":\"SearchAction\",\"target\":{\"@type\":\"EntryPoint\",\"urlTemplate\":\"https:\\\/\\\/libreriaguadalupe.com.ar\\\/libreria\\\/?s={search_term_string}\"},\"query-input\":{\"@type\":\"PropertyValueSpecification\",\"valueRequired\":true,\"valueName\":\"search_term_string\"}}],\"inLanguage\":\"es\"},{\"@type\":\"Organization\",\"@id\":\"https:\\\/\\\/libreriaguadalupe.com.ar\\\/libreria\\\/#organization\",\"name\":\"Editorial Guadalupe\",\"alternateName\":\"Librer\u00eda Guadalupe\",\"url\":\"https:\\\/\\\/libreriaguadalupe.com.ar\\\/libreria\\\/\",\"logo\":{\"@type\":\"ImageObject\",\"inLanguage\":\"es\",\"@id\":\"https:\\\/\\\/libreriaguadalupe.com.ar\\\/libreria\\\/#\\\/schema\\\/logo\\\/image\\\/\",\"url\":\"https:\\\/\\\/i0.wp.com\\\/libreriaguadalupe.com.ar\\\/libreria\\\/wp-content\\\/uploads\\\/2023\\\/01\\\/cropped-logo-editorial-guadalupe.webp?fit=500%2C100&ssl=1\",\"contentUrl\":\"https:\\\/\\\/i0.wp.com\\\/libreriaguadalupe.com.ar\\\/libreria\\\/wp-content\\\/uploads\\\/2023\\\/01\\\/cropped-logo-editorial-guadalupe.webp?fit=500%2C100&ssl=1\",\"width\":500,\"height\":100,\"caption\":\"Editorial Guadalupe\"},\"image\":{\"@id\":\"https:\\\/\\\/libreriaguadalupe.com.ar\\\/libreria\\\/#\\\/schema\\\/logo\\\/image\\\/\"},\"sameAs\":[\"https:\\\/\\\/www.facebook.com\\\/LibreriaGuadalupeAR\\\/\",\"https:\\\/\\\/www.instagram.com\\\/editorialguadalupe\\\/\",\"https:\\\/\\\/guadalupeeditorial.mercadoshops.com.ar\\\/\"]}]}<\/script>\n<!-- \/ Yoast SEO plugin. -->","yoast_head_json":{"title":"VIVE LA PALABRA 2026 - CICLO A - A\u00d1O PAR","description":"Vive la Palabra 2026 (Ciclo A \u2013 A\u00f1o par) | Evangelio \u00b7 Santoral es una gu\u00eda para acompa\u00f1arte cada d\u00eda con la lectura orante del Evangelio, integrando tambi\u00e9n el santoral, para hacer de la Palabra un camino concreto de oraci\u00f3n y vida.","robots":{"index":"index","follow":"follow","max-snippet":"max-snippet:-1","max-image-preview":"max-image-preview:large","max-video-preview":"max-video-preview:-1"},"canonical":"https:\/\/libreriaguadalupe.com.ar\/libreria\/producto\/vive-la-palabra-2026-ciclo-a-ano-par\/","og_locale":"es_ES","og_type":"article","og_title":"VIVE LA PALABRA 2026 - CICLO A - A\u00d1O PAR","og_description":"Vive la Palabra 2026 (Ciclo A \u2013 A\u00f1o par) | Evangelio \u00b7 Santoral es una gu\u00eda para acompa\u00f1arte cada d\u00eda con la lectura orante del Evangelio, integrando tambi\u00e9n el santoral, para hacer de la Palabra un camino concreto de oraci\u00f3n y vida.","og_url":"https:\/\/libreriaguadalupe.com.ar\/libreria\/producto\/vive-la-palabra-2026-ciclo-a-ano-par\/","og_site_name":"Editorial Guadalupe de Argentina","article_publisher":"https:\/\/www.facebook.com\/LibreriaGuadalupeAR\/","article_modified_time":"2025-12-15T13:11:34+00:00","og_image":[{"width":819,"height":1024,"url":"https:\/\/libreriaguadalupe.com.ar\/libreria\/wp-content\/uploads\/2025\/11\/1-819x1024.png","type":"image\/png"}],"twitter_card":"summary_large_image","twitter_misc":{"Tiempo de lectura":"1 minuto"},"schema":{"@context":"https:\/\/schema.org","@graph":[{"@type":"WebPage","@id":"https:\/\/libreriaguadalupe.com.ar\/libreria\/producto\/vive-la-palabra-2026-ciclo-a-ano-par\/","url":"https:\/\/libreriaguadalupe.com.ar\/libreria\/producto\/vive-la-palabra-2026-ciclo-a-ano-par\/","name":"VIVE LA PALABRA 2026 - CICLO A - A\u00d1O PAR","isPartOf":{"@id":"https:\/\/libreriaguadalupe.com.ar\/libreria\/#website"},"primaryImageOfPage":{"@id":"https:\/\/libreriaguadalupe.com.ar\/libreria\/producto\/vive-la-palabra-2026-ciclo-a-ano-par\/#primaryimage"},"image":{"@id":"https:\/\/libreriaguadalupe.com.ar\/libreria\/producto\/vive-la-palabra-2026-ciclo-a-ano-par\/#primaryimage"},"thumbnailUrl":"https:\/\/i0.wp.com\/libreriaguadalupe.com.ar\/libreria\/wp-content\/uploads\/2025\/11\/1.png?fit=1080%2C1350&ssl=1","datePublished":"2025-11-28T14:02:14+00:00","dateModified":"2025-12-15T13:11:34+00:00","description":"Vive la Palabra 2026 (Ciclo A \u2013 A\u00f1o par) | Evangelio \u00b7 Santoral es una gu\u00eda para acompa\u00f1arte cada d\u00eda con la lectura orante del Evangelio, integrando tambi\u00e9n el santoral, para hacer de la Palabra un camino concreto de oraci\u00f3n y vida.","breadcrumb":{"@id":"https:\/\/libreriaguadalupe.com.ar\/libreria\/producto\/vive-la-palabra-2026-ciclo-a-ano-par\/#breadcrumb"},"inLanguage":"es","potentialAction":[{"@type":"ReadAction","target":["https:\/\/libreriaguadalupe.com.ar\/libreria\/producto\/vive-la-palabra-2026-ciclo-a-ano-par\/"]}]},{"@type":"ImageObject","inLanguage":"es","@id":"https:\/\/libreriaguadalupe.com.ar\/libreria\/producto\/vive-la-palabra-2026-ciclo-a-ano-par\/#primaryimage","url":"https:\/\/i0.wp.com\/libreriaguadalupe.com.ar\/libreria\/wp-content\/uploads\/2025\/11\/1.png?fit=1080%2C1350&ssl=1","contentUrl":"https:\/\/i0.wp.com\/libreriaguadalupe.com.ar\/libreria\/wp-content\/uploads\/2025\/11\/1.png?fit=1080%2C1350&ssl=1","width":1080,"height":1350},{"@type":"BreadcrumbList","@id":"https:\/\/libreriaguadalupe.com.ar\/libreria\/producto\/vive-la-palabra-2026-ciclo-a-ano-par\/#breadcrumb","itemListElement":[{"@type":"ListItem","position":1,"name":"Portada","item":"https:\/\/libreriaguadalupe.com.ar\/libreria\/"},{"@type":"ListItem","position":2,"name":"Tienda","item":"https:\/\/libreriaguadalupe.com.ar\/libreria\/"},{"@type":"ListItem","position":3,"name":"VIVE LA PALABRA 2026 &#8211; CICLO A &#8211; A\u00d1O PAR"}]},{"@type":"WebSite","@id":"https:\/\/libreriaguadalupe.com.ar\/libreria\/#website","url":"https:\/\/libreriaguadalupe.com.ar\/libreria\/","name":"Editorial Guadalupe de Argentina","description":"Congregaci\u00f3n del Verbo Divino","publisher":{"@id":"https:\/\/libreriaguadalupe.com.ar\/libreria\/#organization"},"alternateName":"Librer\u00eda Guadalupe","potentialAction":[{"@type":"SearchAction","target":{"@type":"EntryPoint","urlTemplate":"https:\/\/libreriaguadalupe.com.ar\/libreria\/?s={search_term_string}"},"query-input":{"@type":"PropertyValueSpecification","valueRequired":true,"valueName":"search_term_string"}}],"inLanguage":"es"},{"@type":"Organization","@id":"https:\/\/libreriaguadalupe.com.ar\/libreria\/#organization","name":"Editorial Guadalupe","alternateName":"Librer\u00eda Guadalupe","url":"https:\/\/libreriaguadalupe.com.ar\/libreria\/","logo":{"@type":"ImageObject","inLanguage":"es","@id":"https:\/\/libreriaguadalupe.com.ar\/libreria\/#\/schema\/logo\/image\/","url":"https:\/\/i0.wp.com\/libreriaguadalupe.com.ar\/libreria\/wp-content\/uploads\/2023\/01\/cropped-logo-editorial-guadalupe.webp?fit=500%2C100&ssl=1","contentUrl":"https:\/\/i0.wp.com\/libreriaguadalupe.com.ar\/libreria\/wp-content\/uploads\/2023\/01\/cropped-logo-editorial-guadalupe.webp?fit=500%2C100&ssl=1","width":500,"height":100,"caption":"Editorial Guadalupe"},"image":{"@id":"https:\/\/libreriaguadalupe.com.ar\/libreria\/#\/schema\/logo\/image\/"},"sameAs":["https:\/\/www.facebook.com\/LibreriaGuadalupeAR\/","https:\/\/www.instagram.com\/editorialguadalupe\/","https:\/\/guadalupeeditorial.mercadoshops.com.ar\/"]}]}},"jetpack_publicize_connections":[],"jetpack_sharing_enabled":true,"jetpack-related-posts":[{"id":18398,"url":"https:\/\/libreriaguadalupe.com.ar\/libreria\/producto\/vive-la-palabra-2025\/","url_meta":{"origin":19168,"position":0},"title":"Vive la Palabra 2025","author":"admin","date":"06\/11\/2024","format":false,"excerpt":"La esperanza no defraudada Ciclo C - Evangelio Santoral AGOTADO Autor: Editorial Guadalupe ISBN: 978 950 500 939 8 Dimensiones: 11 x 14 cm P\u00e1ginas: 408","rel":"","context":"Entrada similar","block_context":{"text":"Entrada similar","link":""},"img":{"alt_text":"","src":"https:\/\/i0.wp.com\/libreriaguadalupe.com.ar\/libreria\/wp-content\/uploads\/2024\/11\/AGOTADO.png?fit=960%2C1200&ssl=1&resize=350%2C200","width":350,"height":200,"srcset":"https:\/\/i0.wp.com\/libreriaguadalupe.com.ar\/libreria\/wp-content\/uploads\/2024\/11\/AGOTADO.png?fit=960%2C1200&ssl=1&resize=350%2C200 1x, https:\/\/i0.wp.com\/libreriaguadalupe.com.ar\/libreria\/wp-content\/uploads\/2024\/11\/AGOTADO.png?fit=960%2C1200&ssl=1&resize=525%2C300 1.5x, https:\/\/i0.wp.com\/libreriaguadalupe.com.ar\/libreria\/wp-content\/uploads\/2024\/11\/AGOTADO.png?fit=960%2C1200&ssl=1&resize=700%2C400 2x"},"classes":[]},{"id":15893,"url":"https:\/\/libreriaguadalupe.com.ar\/libreria\/producto\/vive-la-palabra-2023\/","url_meta":{"origin":19168,"position":1},"title":"Vive La Palabra 2023","author":"admin","date":"12\/02\/2023","format":false,"excerpt":"Ciclo A. Evangelio \u2013 Santoral AUTOR: Mar\u00eda In\u00e9s Castro, Irene Rosa Klein y Editorial Guadalupe ISBN: 9505008728","rel":"","context":"Entrada similar","block_context":{"text":"Entrada similar","link":""},"img":{"alt_text":"","src":"https:\/\/i0.wp.com\/libreriaguadalupe.com.ar\/libreria\/wp-content\/uploads\/2023\/02\/VIVE-LA-PALABRA-2023-chico.jpg?fit=403%2C500&ssl=1&resize=350%2C200","width":350,"height":200},"classes":[]},{"id":17518,"url":"https:\/\/libreriaguadalupe.com.ar\/libreria\/producto\/vive-la-palabra-2024\/","url_meta":{"origin":19168,"position":2},"title":"Vive la Palabra 2024","author":"admin","date":"29\/09\/2023","format":false,"excerpt":"Lectura orante del Evangelio de cada d\u00eda Ciclo B Evangelio-Santoral Autor: EDITORIAL GUADALUPE ISBN: 978-950-500-904-6 Dimensiones: 11 x 14 cm P\u00e1ginas: 408","rel":"","context":"Entrada similar","block_context":{"text":"Entrada similar","link":""},"img":{"alt_text":"","src":"https:\/\/i0.wp.com\/libreriaguadalupe.com.ar\/libreria\/wp-content\/uploads\/2023\/09\/NOVEDAD-TIENDA-SEPTIEMBRE-1.jpg?fit=470%2C470&ssl=1&resize=350%2C200","width":350,"height":200},"classes":[]},{"id":19179,"url":"https:\/\/libreriaguadalupe.com.ar\/libreria\/producto\/click-click-inspirado-en-carlo-acutis-el-apostol-de-internet\/","url_meta":{"origin":19168,"position":3},"title":"\u00a1Click, Click! Inspirado en Carlo Acutis, el ap\u00f3stol de internet","author":"Mariano Zuqui","date":"06\/12\/2025","format":false,"excerpt":"Autor: Andrea Carla Ciancaglini T\u00edtulo: \u201c\u00a1Click, click! Inspirado en Carlo Acutis, el ap\u00f3stol de internet\" ISBN:978-950-500-952 -7 Formato: 17 (ancho) x 11 (alto) cms. Interior: 1\/1 color Papel: Bookcel 80 grs. N\u00ba de P\u00e1ginas: 24 Tapa:4 Colores - Cartulina - Laminado mate Encuadernaci\u00f3n: Binder \u00a0 \u00a0","rel":"","context":"Entrada similar","block_context":{"text":"Entrada similar","link":""},"img":{"alt_text":"","src":"https:\/\/i0.wp.com\/libreriaguadalupe.com.ar\/libreria\/wp-content\/uploads\/2025\/12\/1.png?fit=960%2C1200&ssl=1&resize=350%2C200","width":350,"height":200,"srcset":"https:\/\/i0.wp.com\/libreriaguadalupe.com.ar\/libreria\/wp-content\/uploads\/2025\/12\/1.png?fit=960%2C1200&ssl=1&resize=350%2C200 1x, https:\/\/i0.wp.com\/libreriaguadalupe.com.ar\/libreria\/wp-content\/uploads\/2025\/12\/1.png?fit=960%2C1200&ssl=1&resize=525%2C300 1.5x, https:\/\/i0.wp.com\/libreriaguadalupe.com.ar\/libreria\/wp-content\/uploads\/2025\/12\/1.png?fit=960%2C1200&ssl=1&resize=700%2C400 2x"},"classes":[]},{"id":12947,"url":"https:\/\/libreriaguadalupe.com.ar\/libreria\/producto\/carteles-biblicos-ciclo-a\/","url_meta":{"origin":19168,"position":4},"title":"Carteles Biblicos Ciclo A","author":"admin","date":"18\/01\/2023","format":false,"excerpt":"Autor: Equipo Centro B\u00edblico Verbo Divino Librer\u00eda Centro B\u00edblico Verbo Divino ISBN: 8481692794 Dimensiones: 21,5 x 30 cm P\u00e1ginas: 58","rel":"","context":"Entrada similar","block_context":{"text":"Entrada similar","link":""},"img":{"alt_text":"","src":"https:\/\/i0.wp.com\/libreriaguadalupe.com.ar\/libreria\/wp-content\/uploads\/2023\/01\/CARTELES-BIBLICOS-A.jpg?fit=380%2C586&ssl=1&resize=350%2C200","width":350,"height":200},"classes":[]},{"id":19209,"url":"https:\/\/libreriaguadalupe.com.ar\/libreria\/producto\/agenda-2026\/","url_meta":{"origin":19168,"position":5},"title":"Agenda 2026","author":"Mariano Zuqui","date":"30\/12\/2025","format":false,"excerpt":"Autor: Editorial Guadalupe T\u00edtulo: \u201cAgenda 2026\" N\u00ba de P\u00e1ginas: 240 Tapa:4 Colores - Cartulina - Laminado mate Encuadernaci\u00f3n: Binder \u00a0 \u00a0","rel":"","context":"Entrada similar","block_context":{"text":"Entrada similar","link":""},"img":{"alt_text":"","src":"https:\/\/i0.wp.com\/libreriaguadalupe.com.ar\/libreria\/wp-content\/uploads\/2025\/12\/1-3.png?fit=960%2C1200&ssl=1&resize=350%2C200","width":350,"height":200,"srcset":"https:\/\/i0.wp.com\/libreriaguadalupe.com.ar\/libreria\/wp-content\/uploads\/2025\/12\/1-3.png?fit=960%2C1200&ssl=1&resize=350%2C200 1x, https:\/\/i0.wp.com\/libreriaguadalupe.com.ar\/libreria\/wp-content\/uploads\/2025\/12\/1-3.png?fit=960%2C1200&ssl=1&resize=525%2C300 1.5x, https:\/\/i0.wp.com\/libreriaguadalupe.com.ar\/libreria\/wp-content\/uploads\/2025\/12\/1-3.png?fit=960%2C1200&ssl=1&resize=700%2C400 2x"},"classes":[]}],"_links":{"self":[{"href":"https:\/\/libreriaguadalupe.com.ar\/libreria\/wp-json\/wp\/v2\/product\/19168","targetHints":{"allow":["GET"]}}],"collection":[{"href":"https:\/\/libreriaguadalupe.com.ar\/libreria\/wp-json\/wp\/v2\/product"}],"about":[{"href":"https:\/\/libreriaguadalupe.com.ar\/libreria\/wp-json\/wp\/v2\/types\/product"}],"replies":[{"embeddable":true,"href":"https:\/\/libreriaguadalupe.com.ar\/libreria\/wp-json\/wp\/v2\/comments?post=19168"}],"version-history":[{"count":2,"href":"https:\/\/libreriaguadalupe.com.ar\/libreria\/wp-json\/wp\/v2\/product\/19168\/revisions"}],"predecessor-version":[{"id":19172,"href":"https:\/\/libreriaguadalupe.com.ar\/libreria\/wp-json\/wp\/v2\/product\/19168\/revisions\/19172"}],"wp:featuredmedia":[{"embeddable":true,"href":"https:\/\/libreriaguadalupe.com.ar\/libreria\/wp-json\/wp\/v2\/media\/19169"}],"wp:attachment":[{"href":"https:\/\/libreriaguadalupe.com.ar\/libreria\/wp-json\/wp\/v2\/media?parent=19168"}],"wp:term":[{"taxonomy":"product_brand","embeddable":true,"href":"https:\/\/libreriaguadalupe.com.ar\/libreria\/wp-json\/wp\/v2\/product_brand?post=19168"},{"taxonomy":"product_cat","embeddable":true,"href":"https:\/\/libreriaguadalupe.com.ar\/libreria\/wp-json\/wp\/v2\/product_cat?post=19168"},{"taxonomy":"product_tag","embeddable":true,"href":"https:\/\/libreriaguadalupe.com.ar\/libreria\/wp-json\/wp\/v2\/product_tag?post=19168"}],"curies":[{"name":"wp","href":"https:\/\/api.w.org\/{rel}","templated":true}]}}