{"id":19120,"date":"2025-10-14T19:14:52","date_gmt":"2025-10-14T22:14:52","guid":{"rendered":"https:\/\/libreriaguadalupe.com.ar\/libreria\/?post_type=product&#038;p=19120"},"modified":"2025-10-14T19:24:10","modified_gmt":"2025-10-14T22:24:10","slug":"palabras-intimas","status":"publish","type":"product","link":"https:\/\/libreriaguadalupe.com.ar\/libreria\/producto\/palabras-intimas\/","title":{"rendered":"Palabras \u00edntimas"},"content":{"rendered":"<p class=\"p1\"><b><i>Rese\u00f1a<\/i><\/b><\/p>\n<p class=\"p3\"><b><i>Palabras \u00cdntimas<\/i><\/b> es el nuevo libro de poemas con el que Gustavo Aguilera nos invita a<span class=\"Apple-converted-space\">\u00a0 <\/span>abrir la puerta a la emoci\u00f3n.<\/p>\n<p class=\"p4\">Este pu\u00f1ado de poemas enlazados entre s\u00ed en un di\u00e1logo sencillo pero profundo evoca verso a verso el poder creador de las palabras. Cada poes\u00eda, siguiendo el estilo propio de este poeta singular, vuelve a celebrar la magia de la poes\u00eda en un estilo todav\u00eda m\u00e1s personal. Poema tras poema, asistimos a un di\u00e1logo creador, a una comunicaci\u00f3n espiritual y amorosa que nos recuerda el bell\u00edsimo libro b\u00edblico del <i>Cantar de los Cantares,<\/i> ese libro en el que dos amantes se comunican intensamente, proclaman su amor y anhelan unirse definitivamente.<\/p>\n<p class=\"p4\">Bastan diecis\u00e9is versos sin rimas, sin puntos, sin comas, pero cargados de recuerdos, de pureza, de libertad, de decisi\u00f3n, de dicha, de amor, de miradas, de eternidad, para que cada poema geste un di\u00e1logo amoroso que surge de la palabra creadora.<span class=\"Apple-converted-space\">\u00a0<\/span><\/p>\n<p class=\"p3\">Estamos invitados a transitar este nuevo poemario, dej\u00e1ndonos seducir por la palabra po\u00e9tica hasta que el milagro po\u00e9tico vuelva a ocurrir.<\/p>\n","protected":false},"excerpt":{"rendered":"<p>Autor: Gustavo Aguilera<br \/>\nT\u00edtulo: \u201cPalabras \u00edntimas\u00bb<br \/>\nISBN:978-950-500-970-1<br \/>\nFormato: 14,5 (ancho) x 22 (alto) cms.<br \/>\nInterior: 1\/1 color<br \/>\nPapel: Bookcel 80 grs.<br \/>\nN\u00ba de P\u00e1ginas: 64<br \/>\nTapa:4 Colores &#8211; Cartulina &#8211; Laminado mate<br \/>\nEncuadernaci\u00f3n: Binder<\/p>\n<p>&nbsp;<\/p>\n<p>&nbsp;<\/p>\n","protected":false},"featured_media":19121,"comment_status":"open","ping_status":"closed","template":"","meta":{"jetpack_publicize_message":"","jetpack_publicize_feature_enabled":true,"jetpack_social_post_already_shared":true,"jetpack_social_options":{"image_generator_settings":{"template":"highway","default_image_id":0,"font":"","enabled":false},"version":2}},"product_brand":[],"product_cat":[125,88,121],"product_tag":[127,208,164,163,207],"class_list":{"0":"post-19120","1":"product","2":"type-product","3":"status-publish","4":"has-post-thumbnail","6":"product_cat-novedades","7":"product_cat-espiritualidad-cultura-social","8":"product_cat-guadalupe","9":"product_tag-editorial-guadalupe-de-argentina","10":"product_tag-gustavo-aguilera","11":"product_tag-jubileo-de-la-esperanza","12":"product_tag-jubileo-ordinario-2025","13":"product_tag-palabras-intimas","15":"first","16":"instock","17":"shipping-taxable","18":"purchasable","19":"product-type-simple"},"yoast_head":"<!-- This site is optimized with the Yoast SEO plugin v27.4 - https:\/\/yoast.com\/product\/yoast-seo-wordpress\/ -->\n<title>Palabras \u00edntimas<\/title>\n<meta name=\"description\" content=\"Palabras \u00cdntimas es el nuevo libro de poemas con el que Gustavo Aguilera nos invita a\u00a0 abrir la puerta a la emoci\u00f3n.\" \/>\n<meta name=\"robots\" content=\"index, follow, max-snippet:-1, max-image-preview:large, max-video-preview:-1\" \/>\n<link rel=\"canonical\" href=\"https:\/\/libreriaguadalupe.com.ar\/libreria\/producto\/palabras-intimas\/\" \/>\n<meta property=\"og:locale\" content=\"es_ES\" \/>\n<meta property=\"og:type\" content=\"article\" \/>\n<meta property=\"og:title\" content=\"Palabras \u00edntimas\" \/>\n<meta property=\"og:description\" content=\"Palabras \u00cdntimas es el nuevo libro de poemas con el que Gustavo Aguilera nos invita a\u00a0 abrir la puerta a la emoci\u00f3n.\" \/>\n<meta property=\"og:url\" content=\"https:\/\/libreriaguadalupe.com.ar\/libreria\/producto\/palabras-intimas\/\" \/>\n<meta property=\"og:site_name\" content=\"Editorial Guadalupe de Argentina\" \/>\n<meta property=\"article:publisher\" content=\"https:\/\/www.facebook.com\/LibreriaGuadalupeAR\/\" \/>\n<meta property=\"article:modified_time\" content=\"2025-10-14T22:24:10+00:00\" \/>\n<meta property=\"og:image\" content=\"https:\/\/libreriaguadalupe.com.ar\/libreria\/wp-content\/uploads\/2025\/10\/1-2.png\" \/>\n\t<meta property=\"og:image:width\" content=\"1080\" \/>\n\t<meta property=\"og:image:height\" content=\"1350\" \/>\n\t<meta property=\"og:image:type\" content=\"image\/png\" \/>\n<meta name=\"twitter:card\" content=\"summary_large_image\" \/>\n<meta name=\"twitter:label1\" content=\"Tiempo de lectura\" \/>\n\t<meta name=\"twitter:data1\" content=\"2 minutos\" \/>\n<script type=\"application\/ld+json\" class=\"yoast-schema-graph\">{\"@context\":\"https:\\\/\\\/schema.org\",\"@graph\":[{\"@type\":\"WebPage\",\"@id\":\"https:\\\/\\\/libreriaguadalupe.com.ar\\\/libreria\\\/producto\\\/palabras-intimas\\\/\",\"url\":\"https:\\\/\\\/libreriaguadalupe.com.ar\\\/libreria\\\/producto\\\/palabras-intimas\\\/\",\"name\":\"Palabras \u00edntimas\",\"isPartOf\":{\"@id\":\"https:\\\/\\\/libreriaguadalupe.com.ar\\\/libreria\\\/#website\"},\"primaryImageOfPage\":{\"@id\":\"https:\\\/\\\/libreriaguadalupe.com.ar\\\/libreria\\\/producto\\\/palabras-intimas\\\/#primaryimage\"},\"image\":{\"@id\":\"https:\\\/\\\/libreriaguadalupe.com.ar\\\/libreria\\\/producto\\\/palabras-intimas\\\/#primaryimage\"},\"thumbnailUrl\":\"https:\\\/\\\/i0.wp.com\\\/libreriaguadalupe.com.ar\\\/libreria\\\/wp-content\\\/uploads\\\/2025\\\/10\\\/1-2.png?fit=1080%2C1350&ssl=1\",\"datePublished\":\"2025-10-14T22:14:52+00:00\",\"dateModified\":\"2025-10-14T22:24:10+00:00\",\"description\":\"Palabras \u00cdntimas es el nuevo libro de poemas con el que Gustavo Aguilera nos invita a\u00a0 abrir la puerta a la emoci\u00f3n.\",\"breadcrumb\":{\"@id\":\"https:\\\/\\\/libreriaguadalupe.com.ar\\\/libreria\\\/producto\\\/palabras-intimas\\\/#breadcrumb\"},\"inLanguage\":\"es\",\"potentialAction\":[{\"@type\":\"ReadAction\",\"target\":[\"https:\\\/\\\/libreriaguadalupe.com.ar\\\/libreria\\\/producto\\\/palabras-intimas\\\/\"]}]},{\"@type\":\"ImageObject\",\"inLanguage\":\"es\",\"@id\":\"https:\\\/\\\/libreriaguadalupe.com.ar\\\/libreria\\\/producto\\\/palabras-intimas\\\/#primaryimage\",\"url\":\"https:\\\/\\\/i0.wp.com\\\/libreriaguadalupe.com.ar\\\/libreria\\\/wp-content\\\/uploads\\\/2025\\\/10\\\/1-2.png?fit=1080%2C1350&ssl=1\",\"contentUrl\":\"https:\\\/\\\/i0.wp.com\\\/libreriaguadalupe.com.ar\\\/libreria\\\/wp-content\\\/uploads\\\/2025\\\/10\\\/1-2.png?fit=1080%2C1350&ssl=1\",\"width\":1080,\"height\":1350},{\"@type\":\"BreadcrumbList\",\"@id\":\"https:\\\/\\\/libreriaguadalupe.com.ar\\\/libreria\\\/producto\\\/palabras-intimas\\\/#breadcrumb\",\"itemListElement\":[{\"@type\":\"ListItem\",\"position\":1,\"name\":\"Portada\",\"item\":\"https:\\\/\\\/libreriaguadalupe.com.ar\\\/libreria\\\/\"},{\"@type\":\"ListItem\",\"position\":2,\"name\":\"Tienda\",\"item\":\"https:\\\/\\\/libreriaguadalupe.com.ar\\\/libreria\\\/\"},{\"@type\":\"ListItem\",\"position\":3,\"name\":\"Palabras \u00edntimas\"}]},{\"@type\":\"WebSite\",\"@id\":\"https:\\\/\\\/libreriaguadalupe.com.ar\\\/libreria\\\/#website\",\"url\":\"https:\\\/\\\/libreriaguadalupe.com.ar\\\/libreria\\\/\",\"name\":\"Editorial Guadalupe de Argentina\",\"description\":\"Congregaci\u00f3n del Verbo Divino\",\"publisher\":{\"@id\":\"https:\\\/\\\/libreriaguadalupe.com.ar\\\/libreria\\\/#organization\"},\"alternateName\":\"Librer\u00eda Guadalupe\",\"potentialAction\":[{\"@type\":\"SearchAction\",\"target\":{\"@type\":\"EntryPoint\",\"urlTemplate\":\"https:\\\/\\\/libreriaguadalupe.com.ar\\\/libreria\\\/?s={search_term_string}\"},\"query-input\":{\"@type\":\"PropertyValueSpecification\",\"valueRequired\":true,\"valueName\":\"search_term_string\"}}],\"inLanguage\":\"es\"},{\"@type\":\"Organization\",\"@id\":\"https:\\\/\\\/libreriaguadalupe.com.ar\\\/libreria\\\/#organization\",\"name\":\"Editorial Guadalupe\",\"alternateName\":\"Librer\u00eda Guadalupe\",\"url\":\"https:\\\/\\\/libreriaguadalupe.com.ar\\\/libreria\\\/\",\"logo\":{\"@type\":\"ImageObject\",\"inLanguage\":\"es\",\"@id\":\"https:\\\/\\\/libreriaguadalupe.com.ar\\\/libreria\\\/#\\\/schema\\\/logo\\\/image\\\/\",\"url\":\"https:\\\/\\\/i0.wp.com\\\/libreriaguadalupe.com.ar\\\/libreria\\\/wp-content\\\/uploads\\\/2023\\\/01\\\/cropped-logo-editorial-guadalupe.webp?fit=500%2C100&ssl=1\",\"contentUrl\":\"https:\\\/\\\/i0.wp.com\\\/libreriaguadalupe.com.ar\\\/libreria\\\/wp-content\\\/uploads\\\/2023\\\/01\\\/cropped-logo-editorial-guadalupe.webp?fit=500%2C100&ssl=1\",\"width\":500,\"height\":100,\"caption\":\"Editorial Guadalupe\"},\"image\":{\"@id\":\"https:\\\/\\\/libreriaguadalupe.com.ar\\\/libreria\\\/#\\\/schema\\\/logo\\\/image\\\/\"},\"sameAs\":[\"https:\\\/\\\/www.facebook.com\\\/LibreriaGuadalupeAR\\\/\",\"https:\\\/\\\/www.instagram.com\\\/editorialguadalupe\\\/\",\"https:\\\/\\\/guadalupeeditorial.mercadoshops.com.ar\\\/\"]}]}<\/script>\n<!-- \/ Yoast SEO plugin. -->","yoast_head_json":{"title":"Palabras \u00edntimas","description":"Palabras \u00cdntimas es el nuevo libro de poemas con el que Gustavo Aguilera nos invita a\u00a0 abrir la puerta a la emoci\u00f3n.","robots":{"index":"index","follow":"follow","max-snippet":"max-snippet:-1","max-image-preview":"max-image-preview:large","max-video-preview":"max-video-preview:-1"},"canonical":"https:\/\/libreriaguadalupe.com.ar\/libreria\/producto\/palabras-intimas\/","og_locale":"es_ES","og_type":"article","og_title":"Palabras \u00edntimas","og_description":"Palabras \u00cdntimas es el nuevo libro de poemas con el que Gustavo Aguilera nos invita a\u00a0 abrir la puerta a la emoci\u00f3n.","og_url":"https:\/\/libreriaguadalupe.com.ar\/libreria\/producto\/palabras-intimas\/","og_site_name":"Editorial Guadalupe de Argentina","article_publisher":"https:\/\/www.facebook.com\/LibreriaGuadalupeAR\/","article_modified_time":"2025-10-14T22:24:10+00:00","og_image":[{"width":1080,"height":1350,"url":"https:\/\/libreriaguadalupe.com.ar\/libreria\/wp-content\/uploads\/2025\/10\/1-2.png","type":"image\/png"}],"twitter_card":"summary_large_image","twitter_misc":{"Tiempo de lectura":"2 minutos"},"schema":{"@context":"https:\/\/schema.org","@graph":[{"@type":"WebPage","@id":"https:\/\/libreriaguadalupe.com.ar\/libreria\/producto\/palabras-intimas\/","url":"https:\/\/libreriaguadalupe.com.ar\/libreria\/producto\/palabras-intimas\/","name":"Palabras \u00edntimas","isPartOf":{"@id":"https:\/\/libreriaguadalupe.com.ar\/libreria\/#website"},"primaryImageOfPage":{"@id":"https:\/\/libreriaguadalupe.com.ar\/libreria\/producto\/palabras-intimas\/#primaryimage"},"image":{"@id":"https:\/\/libreriaguadalupe.com.ar\/libreria\/producto\/palabras-intimas\/#primaryimage"},"thumbnailUrl":"https:\/\/i0.wp.com\/libreriaguadalupe.com.ar\/libreria\/wp-content\/uploads\/2025\/10\/1-2.png?fit=1080%2C1350&ssl=1","datePublished":"2025-10-14T22:14:52+00:00","dateModified":"2025-10-14T22:24:10+00:00","description":"Palabras \u00cdntimas es el nuevo libro de poemas con el que Gustavo Aguilera nos invita a\u00a0 abrir la puerta a la emoci\u00f3n.","breadcrumb":{"@id":"https:\/\/libreriaguadalupe.com.ar\/libreria\/producto\/palabras-intimas\/#breadcrumb"},"inLanguage":"es","potentialAction":[{"@type":"ReadAction","target":["https:\/\/libreriaguadalupe.com.ar\/libreria\/producto\/palabras-intimas\/"]}]},{"@type":"ImageObject","inLanguage":"es","@id":"https:\/\/libreriaguadalupe.com.ar\/libreria\/producto\/palabras-intimas\/#primaryimage","url":"https:\/\/i0.wp.com\/libreriaguadalupe.com.ar\/libreria\/wp-content\/uploads\/2025\/10\/1-2.png?fit=1080%2C1350&ssl=1","contentUrl":"https:\/\/i0.wp.com\/libreriaguadalupe.com.ar\/libreria\/wp-content\/uploads\/2025\/10\/1-2.png?fit=1080%2C1350&ssl=1","width":1080,"height":1350},{"@type":"BreadcrumbList","@id":"https:\/\/libreriaguadalupe.com.ar\/libreria\/producto\/palabras-intimas\/#breadcrumb","itemListElement":[{"@type":"ListItem","position":1,"name":"Portada","item":"https:\/\/libreriaguadalupe.com.ar\/libreria\/"},{"@type":"ListItem","position":2,"name":"Tienda","item":"https:\/\/libreriaguadalupe.com.ar\/libreria\/"},{"@type":"ListItem","position":3,"name":"Palabras \u00edntimas"}]},{"@type":"WebSite","@id":"https:\/\/libreriaguadalupe.com.ar\/libreria\/#website","url":"https:\/\/libreriaguadalupe.com.ar\/libreria\/","name":"Editorial Guadalupe de Argentina","description":"Congregaci\u00f3n del Verbo Divino","publisher":{"@id":"https:\/\/libreriaguadalupe.com.ar\/libreria\/#organization"},"alternateName":"Librer\u00eda Guadalupe","potentialAction":[{"@type":"SearchAction","target":{"@type":"EntryPoint","urlTemplate":"https:\/\/libreriaguadalupe.com.ar\/libreria\/?s={search_term_string}"},"query-input":{"@type":"PropertyValueSpecification","valueRequired":true,"valueName":"search_term_string"}}],"inLanguage":"es"},{"@type":"Organization","@id":"https:\/\/libreriaguadalupe.com.ar\/libreria\/#organization","name":"Editorial Guadalupe","alternateName":"Librer\u00eda Guadalupe","url":"https:\/\/libreriaguadalupe.com.ar\/libreria\/","logo":{"@type":"ImageObject","inLanguage":"es","@id":"https:\/\/libreriaguadalupe.com.ar\/libreria\/#\/schema\/logo\/image\/","url":"https:\/\/i0.wp.com\/libreriaguadalupe.com.ar\/libreria\/wp-content\/uploads\/2023\/01\/cropped-logo-editorial-guadalupe.webp?fit=500%2C100&ssl=1","contentUrl":"https:\/\/i0.wp.com\/libreriaguadalupe.com.ar\/libreria\/wp-content\/uploads\/2023\/01\/cropped-logo-editorial-guadalupe.webp?fit=500%2C100&ssl=1","width":500,"height":100,"caption":"Editorial Guadalupe"},"image":{"@id":"https:\/\/libreriaguadalupe.com.ar\/libreria\/#\/schema\/logo\/image\/"},"sameAs":["https:\/\/www.facebook.com\/LibreriaGuadalupeAR\/","https:\/\/www.instagram.com\/editorialguadalupe\/","https:\/\/guadalupeeditorial.mercadoshops.com.ar\/"]}]}},"jetpack_publicize_connections":[],"jetpack_sharing_enabled":true,"jetpack-related-posts":[{"id":16891,"url":"https:\/\/libreriaguadalupe.com.ar\/libreria\/producto\/carne-escrita-en-la-roca\/","url_meta":{"origin":19120,"position":0},"title":"Carne escrita en la roca","author":"admin","date":"23\/03\/2023","format":false,"excerpt":"La po\u00e9tica impl\u00edcita del libro de Job Autor: V\u00edctor Herrero de Miguel ISBN: 8490734582 Dimensiones: 16 x 24 cm P\u00e1ginas: 576","rel":"","context":"Entrada similar","block_context":{"text":"Entrada similar","link":""},"img":{"alt_text":"","src":"https:\/\/i0.wp.com\/libreriaguadalupe.com.ar\/libreria\/wp-content\/uploads\/2023\/03\/Carne-escrita-en-la-roca.jpg?fit=380%2C586&ssl=1&resize=350%2C200","width":350,"height":200},"classes":[]},{"id":18605,"url":"https:\/\/libreriaguadalupe.com.ar\/libreria\/producto\/pack-rafael-velasco-sj\/","url_meta":{"origin":19120,"position":1},"title":"Pack Rafael Velasco SJ","author":"Mariano Zuqui","date":"10\/02\/2025","format":false,"excerpt":"Pack Promocional \u2013 Obra de Rafael Velasco SJ Autor: Velasco, Rafael. sj T\u00edtulo 1: Poemas con Dios de fondo T\u00edtulo 2: Nos Rezamos T\u00edtulo 3: Nos Rezamos II T\u00edtulo 4: Nos Rezamos III OFERTA POR TIEMPO LIMITADO - EXCLUSIVA PARA TIENDA DIGITAL","rel":"","context":"Entrada similar","block_context":{"text":"Entrada similar","link":""},"img":{"alt_text":"","src":"https:\/\/i0.wp.com\/libreriaguadalupe.com.ar\/libreria\/wp-content\/uploads\/2025\/02\/1.png?fit=960%2C1200&ssl=1&resize=350%2C200","width":350,"height":200,"srcset":"https:\/\/i0.wp.com\/libreriaguadalupe.com.ar\/libreria\/wp-content\/uploads\/2025\/02\/1.png?fit=960%2C1200&ssl=1&resize=350%2C200 1x, https:\/\/i0.wp.com\/libreriaguadalupe.com.ar\/libreria\/wp-content\/uploads\/2025\/02\/1.png?fit=960%2C1200&ssl=1&resize=525%2C300 1.5x, https:\/\/i0.wp.com\/libreriaguadalupe.com.ar\/libreria\/wp-content\/uploads\/2025\/02\/1.png?fit=960%2C1200&ssl=1&resize=700%2C400 2x"},"classes":[]},{"id":12869,"url":"https:\/\/libreriaguadalupe.com.ar\/libreria\/producto\/estudios-de-sintaxis-verbal-en-tiempos-ugariticos\/","url_meta":{"origin":19120,"position":2},"title":"Estudios de sintaxis verbal en tiempos ugariticos","author":"admin","date":"18\/01\/2023","format":false,"excerpt":"El Ciclo de Baal y la \"poes\u00eda b\u00edblica arcaica\" Autor: Andr\u00e9s Piquer Otero ISBN: 8481697407 Dimensiones: 17 x 24 cm P\u00e1ginas: 896","rel":"","context":"Entrada similar","block_context":{"text":"Entrada similar","link":""},"img":{"alt_text":"","src":"https:\/\/i0.wp.com\/libreriaguadalupe.com.ar\/libreria\/wp-content\/uploads\/2023\/01\/Estudios-de-sintaxis-verbal-en-tiempos-ugariticos.jpg?fit=380%2C586&ssl=1&resize=350%2C200","width":350,"height":200},"classes":[]},{"id":15697,"url":"https:\/\/libreriaguadalupe.com.ar\/libreria\/producto\/poemas-con-dios-de-fondo\/","url_meta":{"origin":19120,"position":3},"title":"Poemas con Dios de fondo","author":"admin","date":"11\/02\/2023","format":false,"excerpt":"AUTOR: RAFAEL VELASCO, sj ISBN 9789505008612","rel":"","context":"Entrada similar","block_context":{"text":"Entrada similar","link":""},"img":{"alt_text":"","src":"https:\/\/i0.wp.com\/libreriaguadalupe.com.ar\/libreria\/wp-content\/uploads\/2023\/02\/Poemas-con-Dios-de-fondo-chico.jpg?fit=740%2C500&ssl=1&resize=350%2C200","width":350,"height":200,"srcset":"https:\/\/i0.wp.com\/libreriaguadalupe.com.ar\/libreria\/wp-content\/uploads\/2023\/02\/Poemas-con-Dios-de-fondo-chico.jpg?fit=740%2C500&ssl=1&resize=350%2C200 1x, https:\/\/i0.wp.com\/libreriaguadalupe.com.ar\/libreria\/wp-content\/uploads\/2023\/02\/Poemas-con-Dios-de-fondo-chico.jpg?fit=740%2C500&ssl=1&resize=525%2C300 1.5x, https:\/\/i0.wp.com\/libreriaguadalupe.com.ar\/libreria\/wp-content\/uploads\/2023\/02\/Poemas-con-Dios-de-fondo-chico.jpg?fit=740%2C500&ssl=1&resize=700%2C400 2x"},"classes":[]},{"id":14649,"url":"https:\/\/libreriaguadalupe.com.ar\/libreria\/producto\/haikus-ante-dios-i\/","url_meta":{"origin":19120,"position":4},"title":"HAIKUS ante Dios I","author":"admin","date":"30\/01\/2023","format":false,"excerpt":"Quieren ser un adem\u00e1n del alma ante Dios: intentando rozar el Misterio, capturar su belleza, resignificar el instante, alzar la vida. AUTOR: EDUARDO MEANA LAPORTE ISBN: 9505008773","rel":"","context":"Entrada similar","block_context":{"text":"Entrada similar","link":""},"img":{"alt_text":"","src":"https:\/\/i0.wp.com\/libreriaguadalupe.com.ar\/libreria\/wp-content\/uploads\/2023\/01\/Haikus-I-Tapa-Libro-chico.jpg?fit=308%2C500&ssl=1&resize=350%2C200","width":350,"height":200},"classes":[]},{"id":15875,"url":"https:\/\/libreriaguadalupe.com.ar\/libreria\/producto\/haikus-ante-dios-ii\/","url_meta":{"origin":19120,"position":5},"title":"HAIKUS ante Dios II","author":"admin","date":"12\/02\/2023","format":false,"excerpt":"Quieren ser un adem\u00e1n del alma ante Dios: intentando rozar el Misterio, capturar su belleza, resignificar el instante, alzar la vida. AUTOR: EDUARDO MEANA LAPORTE ISBN: 9505008780","rel":"","context":"Entrada similar","block_context":{"text":"Entrada similar","link":""},"img":{"alt_text":"","src":"https:\/\/i0.wp.com\/libreriaguadalupe.com.ar\/libreria\/wp-content\/uploads\/2023\/02\/Haikus-II-Tapa-Libro-chico.jpg?fit=308%2C500&ssl=1&resize=350%2C200","width":350,"height":200},"classes":[]}],"_links":{"self":[{"href":"https:\/\/libreriaguadalupe.com.ar\/libreria\/wp-json\/wp\/v2\/product\/19120","targetHints":{"allow":["GET"]}}],"collection":[{"href":"https:\/\/libreriaguadalupe.com.ar\/libreria\/wp-json\/wp\/v2\/product"}],"about":[{"href":"https:\/\/libreriaguadalupe.com.ar\/libreria\/wp-json\/wp\/v2\/types\/product"}],"replies":[{"embeddable":true,"href":"https:\/\/libreriaguadalupe.com.ar\/libreria\/wp-json\/wp\/v2\/comments?post=19120"}],"version-history":[{"count":3,"href":"https:\/\/libreriaguadalupe.com.ar\/libreria\/wp-json\/wp\/v2\/product\/19120\/revisions"}],"predecessor-version":[{"id":19125,"href":"https:\/\/libreriaguadalupe.com.ar\/libreria\/wp-json\/wp\/v2\/product\/19120\/revisions\/19125"}],"wp:featuredmedia":[{"embeddable":true,"href":"https:\/\/libreriaguadalupe.com.ar\/libreria\/wp-json\/wp\/v2\/media\/19121"}],"wp:attachment":[{"href":"https:\/\/libreriaguadalupe.com.ar\/libreria\/wp-json\/wp\/v2\/media?parent=19120"}],"wp:term":[{"taxonomy":"product_brand","embeddable":true,"href":"https:\/\/libreriaguadalupe.com.ar\/libreria\/wp-json\/wp\/v2\/product_brand?post=19120"},{"taxonomy":"product_cat","embeddable":true,"href":"https:\/\/libreriaguadalupe.com.ar\/libreria\/wp-json\/wp\/v2\/product_cat?post=19120"},{"taxonomy":"product_tag","embeddable":true,"href":"https:\/\/libreriaguadalupe.com.ar\/libreria\/wp-json\/wp\/v2\/product_tag?post=19120"}],"curies":[{"name":"wp","href":"https:\/\/api.w.org\/{rel}","templated":true}]}}