{"id":19115,"date":"2025-10-14T18:58:50","date_gmt":"2025-10-14T21:58:50","guid":{"rendered":"https:\/\/libreriaguadalupe.com.ar\/libreria\/?post_type=product&#038;p=19115"},"modified":"2025-10-14T19:11:28","modified_gmt":"2025-10-14T22:11:28","slug":"san-juan-pablo-ii-peregrino-mensajero-santo","status":"publish","type":"product","link":"https:\/\/libreriaguadalupe.com.ar\/libreria\/producto\/san-juan-pablo-ii-peregrino-mensajero-santo\/","title":{"rendered":"San Juan Pablo II \u2013 Peregrino, Mensajero, Santo"},"content":{"rendered":"<p class=\"p1\"><b>\u201cSan Juan Pablo II \u2013 Peregrino, Mensajero, Santo\u201d<\/b><\/p>\n<p class=\"p1\"><b>Compilador: Marco Gallo<\/b><\/p>\n<p class=\"p3\"><span class=\"s2\">Su pontificado, uno de los m\u00e1s largos de la historia de la Iglesia (1978- 2005) se ha caracterizado por sus innumerables viajes pastorales alrededor del mundo (104). El pont\u00edfice misionero, como ha recordado Benedicto XVI, es el hombre que ha encontrado m\u00e1s personas en la historia. Su geograf\u00eda espiritual lo empuj\u00f3 a encontrar muchedumbres, desde los campesinos mexicanos, a sus compatriotas obreros polacos, las tribus de Pap\u00faa Nueva Guinea, las favelas brasile\u00f1as, los puertos de esclavos negros en Senegal.<\/span><\/p>\n<p class=\"p5\">La Catedra Pontificia de la UCA en colaboraci\u00f3n con el Centro de Estudios Internacionales de la Facultad de Ciencias Sociales de la misma casa de Estudios han realizado a veinte a\u00f1os del fallecimiento del Papa polaco un seminario que de alguna manera pudiera no solo rendir homenaje a la larga obra de evangelizaci\u00f3n del \u201cpapa misionero\u201d sino que pudiera trazar con claridad cu\u00e1les han sido los ejes de su pontificado.<\/p>\n<p class=\"p3\"><span class=\"s2\"> Su fiel secretario por casi 40 a\u00f1os, el card. Estanislao Dziwitz, hablando de \u00e9l unos a\u00f1os atr\u00e1s expresaba: <i>\u201cquiz\u00e1s el rasgo m\u00e1s importante de la grandeza de Juan Pablo II fue que la misma gente que se encontraba con \u00e9l y que lo escuchaba acababa descubriendo su propia grandeza. Porque cada hombre es grande, independientemente de cualquiera de los criterios humanos relacionados con su procedencia, riqueza o formaci\u00f3n\u201d.<\/i><span class=\"Apple-converted-space\">\u00a0<\/span><\/span><\/p>\n<p class=\"p3\"><span class=\"s2\"> Esta profunda fe en el hombre y su atenta capacidad de escucha de las situaciones y de las b\u00fasquedas existenciales de los hombres ha fortalecido, en los a\u00f1os, su gran\u00edtica convicci\u00f3n de que \u201ctodo puede cambiar\u201d y que la historia est\u00e1 llena de sorpresas. Con estas convicciones entregamos a los lectores un bosquejo que esperamos ayude para comprender la santidad del hombre y su esfuerzo para establecer en un mundo en r\u00e1pida trasformaci\u00f3n un nuevo humanismo<\/span><span class=\"s1\">. <span class=\"Apple-converted-space\">\u00a0<\/span><\/span><\/p>\n<p class=\"p5\">Esta obra cuenta con el apreciado mensaje del <span class=\"s3\">Cardenal Estanislao Dziwitz<\/span> y con los valiosos aportes de los autores: Marco Impagliazzo<span class=\"s4\">, <\/span>Jean- Dominique Durand<span class=\"s4\">, <\/span><span class=\"s1\">Jos\u00e9 Ignacio L\u00f3pez<\/span><span class=\"s5\">, <\/span>Enrique Ciro Bianchi<span class=\"s4\">, <\/span>Ariel Gonzalez Levaggi y <span class=\"s6\">Agustin Espeche Gil Gilardoni.<\/span><\/p>\n","protected":false},"excerpt":{"rendered":"<p>&nbsp;<\/p>\n<p>Compilador: Marco Gallo &#8211; Coautores:Marco Impagliazzo, Jean-Dominique Durand, Jos\u00e9 Ignacio L\u00f3pez, Enrique Ciro Bianchi, Ariel Gonzalez Levaggi, Agust\u00edn Espeche Gil Gilardoni.<br \/>\nT\u00edtulo: \u201cSan Juan Pablo II &#8211; Peregrino, Mensajero, Santo\u00bb<br \/>\nISBN:978-950-500-971-8<br \/>\nFormato: 15 (ancho) x 22 (alto) cms.<br \/>\nInterior: 1\/1 color<br \/>\nPapel: Bookcel 80 grs.<br \/>\nN\u00ba de P\u00e1ginas: 80<br \/>\nTapa:4 Colores &#8211; Cartulina &#8211; Laminado mate<br \/>\nEncuadernaci\u00f3n: Binder<\/p>\n<p>&nbsp;<\/p>\n<p>&nbsp;<\/p>\n","protected":false},"featured_media":19117,"comment_status":"open","ping_status":"closed","template":"","meta":{"jetpack_publicize_message":"","jetpack_publicize_feature_enabled":true,"jetpack_social_post_already_shared":true,"jetpack_social_options":{"image_generator_settings":{"template":"highway","default_image_id":0,"font":"","enabled":false},"version":2}},"product_brand":[],"product_cat":[125,88,121],"product_tag":[127,164,163,206,204,203,205],"class_list":{"0":"post-19115","1":"product","2":"type-product","3":"status-publish","4":"has-post-thumbnail","6":"product_cat-novedades","7":"product_cat-espiritualidad-cultura-social","8":"product_cat-guadalupe","9":"product_tag-editorial-guadalupe-de-argentina","10":"product_tag-jubileo-de-la-esperanza","11":"product_tag-jubileo-ordinario-2025","12":"product_tag-marco-gallo","13":"product_tag-mensajero","14":"product_tag-san-juan-pablo-ii-peregrino","15":"product_tag-santo","17":"first","18":"instock","19":"shipping-taxable","20":"purchasable","21":"product-type-simple"},"yoast_head":"<!-- This site is optimized with the Yoast SEO plugin v27.4 - https:\/\/yoast.com\/product\/yoast-seo-wordpress\/ -->\n<title>San Juan Pablo II \u2013 Peregrino, Mensajero, Santo<\/title>\n<meta name=\"description\" content=\"Su pontificado, uno de los m\u00e1s largos de la historia de la Iglesia (1978- 2005) se ha caracterizado por sus innumerables viajes pastorales alrededor del mundo (104). El pont\u00edfice misionero, como ha recordado Benedicto XVI, es el hombre que ha encontrado m\u00e1s personas en la historia.\" \/>\n<meta name=\"robots\" content=\"index, follow, max-snippet:-1, max-image-preview:large, max-video-preview:-1\" \/>\n<link rel=\"canonical\" href=\"https:\/\/libreriaguadalupe.com.ar\/libreria\/producto\/san-juan-pablo-ii-peregrino-mensajero-santo\/\" \/>\n<meta property=\"og:locale\" content=\"es_ES\" \/>\n<meta property=\"og:type\" content=\"article\" \/>\n<meta property=\"og:title\" content=\"San Juan Pablo II \u2013 Peregrino, Mensajero, Santo\" \/>\n<meta property=\"og:description\" content=\"Su pontificado, uno de los m\u00e1s largos de la historia de la Iglesia (1978- 2005) se ha caracterizado por sus innumerables viajes pastorales alrededor del mundo (104). El pont\u00edfice misionero, como ha recordado Benedicto XVI, es el hombre que ha encontrado m\u00e1s personas en la historia.\" \/>\n<meta property=\"og:url\" content=\"https:\/\/libreriaguadalupe.com.ar\/libreria\/producto\/san-juan-pablo-ii-peregrino-mensajero-santo\/\" \/>\n<meta property=\"og:site_name\" content=\"Editorial Guadalupe de Argentina\" \/>\n<meta property=\"article:publisher\" content=\"https:\/\/www.facebook.com\/LibreriaGuadalupeAR\/\" \/>\n<meta property=\"article:modified_time\" content=\"2025-10-14T22:11:28+00:00\" \/>\n<meta property=\"og:image\" content=\"https:\/\/libreriaguadalupe.com.ar\/libreria\/wp-content\/uploads\/2025\/10\/1-1.png\" \/>\n\t<meta property=\"og:image:width\" content=\"1080\" \/>\n\t<meta property=\"og:image:height\" content=\"1350\" \/>\n\t<meta property=\"og:image:type\" content=\"image\/png\" \/>\n<meta name=\"twitter:card\" content=\"summary_large_image\" \/>\n<meta name=\"twitter:label1\" content=\"Tiempo de lectura\" \/>\n\t<meta name=\"twitter:data1\" content=\"2 minutos\" \/>\n<script type=\"application\/ld+json\" class=\"yoast-schema-graph\">{\"@context\":\"https:\\\/\\\/schema.org\",\"@graph\":[{\"@type\":\"WebPage\",\"@id\":\"https:\\\/\\\/libreriaguadalupe.com.ar\\\/libreria\\\/producto\\\/san-juan-pablo-ii-peregrino-mensajero-santo\\\/\",\"url\":\"https:\\\/\\\/libreriaguadalupe.com.ar\\\/libreria\\\/producto\\\/san-juan-pablo-ii-peregrino-mensajero-santo\\\/\",\"name\":\"San Juan Pablo II \u2013 Peregrino, Mensajero, Santo\",\"isPartOf\":{\"@id\":\"https:\\\/\\\/libreriaguadalupe.com.ar\\\/libreria\\\/#website\"},\"primaryImageOfPage\":{\"@id\":\"https:\\\/\\\/libreriaguadalupe.com.ar\\\/libreria\\\/producto\\\/san-juan-pablo-ii-peregrino-mensajero-santo\\\/#primaryimage\"},\"image\":{\"@id\":\"https:\\\/\\\/libreriaguadalupe.com.ar\\\/libreria\\\/producto\\\/san-juan-pablo-ii-peregrino-mensajero-santo\\\/#primaryimage\"},\"thumbnailUrl\":\"https:\\\/\\\/i0.wp.com\\\/libreriaguadalupe.com.ar\\\/libreria\\\/wp-content\\\/uploads\\\/2025\\\/10\\\/1-1.png?fit=1080%2C1350&ssl=1\",\"datePublished\":\"2025-10-14T21:58:50+00:00\",\"dateModified\":\"2025-10-14T22:11:28+00:00\",\"description\":\"Su pontificado, uno de los m\u00e1s largos de la historia de la Iglesia (1978- 2005) se ha caracterizado por sus innumerables viajes pastorales alrededor del mundo (104). El pont\u00edfice misionero, como ha recordado Benedicto XVI, es el hombre que ha encontrado m\u00e1s personas en la historia.\",\"breadcrumb\":{\"@id\":\"https:\\\/\\\/libreriaguadalupe.com.ar\\\/libreria\\\/producto\\\/san-juan-pablo-ii-peregrino-mensajero-santo\\\/#breadcrumb\"},\"inLanguage\":\"es\",\"potentialAction\":[{\"@type\":\"ReadAction\",\"target\":[\"https:\\\/\\\/libreriaguadalupe.com.ar\\\/libreria\\\/producto\\\/san-juan-pablo-ii-peregrino-mensajero-santo\\\/\"]}]},{\"@type\":\"ImageObject\",\"inLanguage\":\"es\",\"@id\":\"https:\\\/\\\/libreriaguadalupe.com.ar\\\/libreria\\\/producto\\\/san-juan-pablo-ii-peregrino-mensajero-santo\\\/#primaryimage\",\"url\":\"https:\\\/\\\/i0.wp.com\\\/libreriaguadalupe.com.ar\\\/libreria\\\/wp-content\\\/uploads\\\/2025\\\/10\\\/1-1.png?fit=1080%2C1350&ssl=1\",\"contentUrl\":\"https:\\\/\\\/i0.wp.com\\\/libreriaguadalupe.com.ar\\\/libreria\\\/wp-content\\\/uploads\\\/2025\\\/10\\\/1-1.png?fit=1080%2C1350&ssl=1\",\"width\":1080,\"height\":1350},{\"@type\":\"BreadcrumbList\",\"@id\":\"https:\\\/\\\/libreriaguadalupe.com.ar\\\/libreria\\\/producto\\\/san-juan-pablo-ii-peregrino-mensajero-santo\\\/#breadcrumb\",\"itemListElement\":[{\"@type\":\"ListItem\",\"position\":1,\"name\":\"Portada\",\"item\":\"https:\\\/\\\/libreriaguadalupe.com.ar\\\/libreria\\\/\"},{\"@type\":\"ListItem\",\"position\":2,\"name\":\"Tienda\",\"item\":\"https:\\\/\\\/libreriaguadalupe.com.ar\\\/libreria\\\/\"},{\"@type\":\"ListItem\",\"position\":3,\"name\":\"San Juan Pablo II \u2013 Peregrino, Mensajero, Santo\"}]},{\"@type\":\"WebSite\",\"@id\":\"https:\\\/\\\/libreriaguadalupe.com.ar\\\/libreria\\\/#website\",\"url\":\"https:\\\/\\\/libreriaguadalupe.com.ar\\\/libreria\\\/\",\"name\":\"Editorial Guadalupe de Argentina\",\"description\":\"Congregaci\u00f3n del Verbo Divino\",\"publisher\":{\"@id\":\"https:\\\/\\\/libreriaguadalupe.com.ar\\\/libreria\\\/#organization\"},\"alternateName\":\"Librer\u00eda Guadalupe\",\"potentialAction\":[{\"@type\":\"SearchAction\",\"target\":{\"@type\":\"EntryPoint\",\"urlTemplate\":\"https:\\\/\\\/libreriaguadalupe.com.ar\\\/libreria\\\/?s={search_term_string}\"},\"query-input\":{\"@type\":\"PropertyValueSpecification\",\"valueRequired\":true,\"valueName\":\"search_term_string\"}}],\"inLanguage\":\"es\"},{\"@type\":\"Organization\",\"@id\":\"https:\\\/\\\/libreriaguadalupe.com.ar\\\/libreria\\\/#organization\",\"name\":\"Editorial Guadalupe\",\"alternateName\":\"Librer\u00eda Guadalupe\",\"url\":\"https:\\\/\\\/libreriaguadalupe.com.ar\\\/libreria\\\/\",\"logo\":{\"@type\":\"ImageObject\",\"inLanguage\":\"es\",\"@id\":\"https:\\\/\\\/libreriaguadalupe.com.ar\\\/libreria\\\/#\\\/schema\\\/logo\\\/image\\\/\",\"url\":\"https:\\\/\\\/i0.wp.com\\\/libreriaguadalupe.com.ar\\\/libreria\\\/wp-content\\\/uploads\\\/2023\\\/01\\\/cropped-logo-editorial-guadalupe.webp?fit=500%2C100&ssl=1\",\"contentUrl\":\"https:\\\/\\\/i0.wp.com\\\/libreriaguadalupe.com.ar\\\/libreria\\\/wp-content\\\/uploads\\\/2023\\\/01\\\/cropped-logo-editorial-guadalupe.webp?fit=500%2C100&ssl=1\",\"width\":500,\"height\":100,\"caption\":\"Editorial Guadalupe\"},\"image\":{\"@id\":\"https:\\\/\\\/libreriaguadalupe.com.ar\\\/libreria\\\/#\\\/schema\\\/logo\\\/image\\\/\"},\"sameAs\":[\"https:\\\/\\\/www.facebook.com\\\/LibreriaGuadalupeAR\\\/\",\"https:\\\/\\\/www.instagram.com\\\/editorialguadalupe\\\/\",\"https:\\\/\\\/guadalupeeditorial.mercadoshops.com.ar\\\/\"]}]}<\/script>\n<!-- \/ Yoast SEO plugin. -->","yoast_head_json":{"title":"San Juan Pablo II \u2013 Peregrino, Mensajero, Santo","description":"Su pontificado, uno de los m\u00e1s largos de la historia de la Iglesia (1978- 2005) se ha caracterizado por sus innumerables viajes pastorales alrededor del mundo (104). El pont\u00edfice misionero, como ha recordado Benedicto XVI, es el hombre que ha encontrado m\u00e1s personas en la historia.","robots":{"index":"index","follow":"follow","max-snippet":"max-snippet:-1","max-image-preview":"max-image-preview:large","max-video-preview":"max-video-preview:-1"},"canonical":"https:\/\/libreriaguadalupe.com.ar\/libreria\/producto\/san-juan-pablo-ii-peregrino-mensajero-santo\/","og_locale":"es_ES","og_type":"article","og_title":"San Juan Pablo II \u2013 Peregrino, Mensajero, Santo","og_description":"Su pontificado, uno de los m\u00e1s largos de la historia de la Iglesia (1978- 2005) se ha caracterizado por sus innumerables viajes pastorales alrededor del mundo (104). El pont\u00edfice misionero, como ha recordado Benedicto XVI, es el hombre que ha encontrado m\u00e1s personas en la historia.","og_url":"https:\/\/libreriaguadalupe.com.ar\/libreria\/producto\/san-juan-pablo-ii-peregrino-mensajero-santo\/","og_site_name":"Editorial Guadalupe de Argentina","article_publisher":"https:\/\/www.facebook.com\/LibreriaGuadalupeAR\/","article_modified_time":"2025-10-14T22:11:28+00:00","og_image":[{"width":1080,"height":1350,"url":"https:\/\/libreriaguadalupe.com.ar\/libreria\/wp-content\/uploads\/2025\/10\/1-1.png","type":"image\/png"}],"twitter_card":"summary_large_image","twitter_misc":{"Tiempo de lectura":"2 minutos"},"schema":{"@context":"https:\/\/schema.org","@graph":[{"@type":"WebPage","@id":"https:\/\/libreriaguadalupe.com.ar\/libreria\/producto\/san-juan-pablo-ii-peregrino-mensajero-santo\/","url":"https:\/\/libreriaguadalupe.com.ar\/libreria\/producto\/san-juan-pablo-ii-peregrino-mensajero-santo\/","name":"San Juan Pablo II \u2013 Peregrino, Mensajero, Santo","isPartOf":{"@id":"https:\/\/libreriaguadalupe.com.ar\/libreria\/#website"},"primaryImageOfPage":{"@id":"https:\/\/libreriaguadalupe.com.ar\/libreria\/producto\/san-juan-pablo-ii-peregrino-mensajero-santo\/#primaryimage"},"image":{"@id":"https:\/\/libreriaguadalupe.com.ar\/libreria\/producto\/san-juan-pablo-ii-peregrino-mensajero-santo\/#primaryimage"},"thumbnailUrl":"https:\/\/i0.wp.com\/libreriaguadalupe.com.ar\/libreria\/wp-content\/uploads\/2025\/10\/1-1.png?fit=1080%2C1350&ssl=1","datePublished":"2025-10-14T21:58:50+00:00","dateModified":"2025-10-14T22:11:28+00:00","description":"Su pontificado, uno de los m\u00e1s largos de la historia de la Iglesia (1978- 2005) se ha caracterizado por sus innumerables viajes pastorales alrededor del mundo (104). El pont\u00edfice misionero, como ha recordado Benedicto XVI, es el hombre que ha encontrado m\u00e1s personas en la historia.","breadcrumb":{"@id":"https:\/\/libreriaguadalupe.com.ar\/libreria\/producto\/san-juan-pablo-ii-peregrino-mensajero-santo\/#breadcrumb"},"inLanguage":"es","potentialAction":[{"@type":"ReadAction","target":["https:\/\/libreriaguadalupe.com.ar\/libreria\/producto\/san-juan-pablo-ii-peregrino-mensajero-santo\/"]}]},{"@type":"ImageObject","inLanguage":"es","@id":"https:\/\/libreriaguadalupe.com.ar\/libreria\/producto\/san-juan-pablo-ii-peregrino-mensajero-santo\/#primaryimage","url":"https:\/\/i0.wp.com\/libreriaguadalupe.com.ar\/libreria\/wp-content\/uploads\/2025\/10\/1-1.png?fit=1080%2C1350&ssl=1","contentUrl":"https:\/\/i0.wp.com\/libreriaguadalupe.com.ar\/libreria\/wp-content\/uploads\/2025\/10\/1-1.png?fit=1080%2C1350&ssl=1","width":1080,"height":1350},{"@type":"BreadcrumbList","@id":"https:\/\/libreriaguadalupe.com.ar\/libreria\/producto\/san-juan-pablo-ii-peregrino-mensajero-santo\/#breadcrumb","itemListElement":[{"@type":"ListItem","position":1,"name":"Portada","item":"https:\/\/libreriaguadalupe.com.ar\/libreria\/"},{"@type":"ListItem","position":2,"name":"Tienda","item":"https:\/\/libreriaguadalupe.com.ar\/libreria\/"},{"@type":"ListItem","position":3,"name":"San Juan Pablo II \u2013 Peregrino, Mensajero, Santo"}]},{"@type":"WebSite","@id":"https:\/\/libreriaguadalupe.com.ar\/libreria\/#website","url":"https:\/\/libreriaguadalupe.com.ar\/libreria\/","name":"Editorial Guadalupe de Argentina","description":"Congregaci\u00f3n del Verbo Divino","publisher":{"@id":"https:\/\/libreriaguadalupe.com.ar\/libreria\/#organization"},"alternateName":"Librer\u00eda Guadalupe","potentialAction":[{"@type":"SearchAction","target":{"@type":"EntryPoint","urlTemplate":"https:\/\/libreriaguadalupe.com.ar\/libreria\/?s={search_term_string}"},"query-input":{"@type":"PropertyValueSpecification","valueRequired":true,"valueName":"search_term_string"}}],"inLanguage":"es"},{"@type":"Organization","@id":"https:\/\/libreriaguadalupe.com.ar\/libreria\/#organization","name":"Editorial Guadalupe","alternateName":"Librer\u00eda Guadalupe","url":"https:\/\/libreriaguadalupe.com.ar\/libreria\/","logo":{"@type":"ImageObject","inLanguage":"es","@id":"https:\/\/libreriaguadalupe.com.ar\/libreria\/#\/schema\/logo\/image\/","url":"https:\/\/i0.wp.com\/libreriaguadalupe.com.ar\/libreria\/wp-content\/uploads\/2023\/01\/cropped-logo-editorial-guadalupe.webp?fit=500%2C100&ssl=1","contentUrl":"https:\/\/i0.wp.com\/libreriaguadalupe.com.ar\/libreria\/wp-content\/uploads\/2023\/01\/cropped-logo-editorial-guadalupe.webp?fit=500%2C100&ssl=1","width":500,"height":100,"caption":"Editorial Guadalupe"},"image":{"@id":"https:\/\/libreriaguadalupe.com.ar\/libreria\/#\/schema\/logo\/image\/"},"sameAs":["https:\/\/www.facebook.com\/LibreriaGuadalupeAR\/","https:\/\/www.instagram.com\/editorialguadalupe\/","https:\/\/guadalupeeditorial.mercadoshops.com.ar\/"]}]}},"jetpack_publicize_connections":[],"jetpack_sharing_enabled":true,"jetpack-related-posts":[{"id":14973,"url":"https:\/\/libreriaguadalupe.com.ar\/libreria\/producto\/santos-juan-pablo-ii-y-juan-xxiii-rezamos-con-ellos-2\/","url_meta":{"origin":19115,"position":0},"title":"Santos Juan Pablo II y Juan XXIII","author":"admin","date":"07\/02\/2023","format":false,"excerpt":"Rezamos con ellos 48 p\u00e1gs. 15 x 22 cm AUTOR: Luis O. Liberti svd ISBN: 9505006939","rel":"","context":"Entrada similar","block_context":{"text":"Entrada similar","link":""},"img":{"alt_text":"","src":"https:\/\/i0.wp.com\/libreriaguadalupe.com.ar\/libreria\/wp-content\/uploads\/2023\/03\/SANTOS-JUAN-PABLO-II-Y-JUAN-XXIII.jpg?fit=500%2C675&ssl=1&resize=350%2C200","width":350,"height":200},"classes":[]},{"id":18566,"url":"https:\/\/libreriaguadalupe.com.ar\/libreria\/producto\/rezar-con-los-papas\/","url_meta":{"origin":19115,"position":1},"title":"Rezar con los Papas","author":"Mariano Zuqui","date":"29\/01\/2025","format":false,"excerpt":"Autor: Marco Gallo T\u00edtulo: \u201cRezar con los Papas\u201d ISBN: 978-950-500-942-0 Formato: 15.5 x 22.5 cms Interior: 1\/1 color Papel: Boockcel 80 N\u00ba de P\u00e1ginas: 246. Tapa: Cartulina - Laminado mate. Encuadernaci\u00f3n: Binder","rel":"","context":"Entrada similar","block_context":{"text":"Entrada similar","link":""},"img":{"alt_text":"","src":"https:\/\/i0.wp.com\/libreriaguadalupe.com.ar\/libreria\/wp-content\/uploads\/2025\/01\/LIBRO-TIENDA.png?fit=960%2C1200&ssl=1&resize=350%2C200","width":350,"height":200,"srcset":"https:\/\/i0.wp.com\/libreriaguadalupe.com.ar\/libreria\/wp-content\/uploads\/2025\/01\/LIBRO-TIENDA.png?fit=960%2C1200&ssl=1&resize=350%2C200 1x, https:\/\/i0.wp.com\/libreriaguadalupe.com.ar\/libreria\/wp-content\/uploads\/2025\/01\/LIBRO-TIENDA.png?fit=960%2C1200&ssl=1&resize=525%2C300 1.5x, https:\/\/i0.wp.com\/libreriaguadalupe.com.ar\/libreria\/wp-content\/uploads\/2025\/01\/LIBRO-TIENDA.png?fit=960%2C1200&ssl=1&resize=700%2C400 2x"},"classes":[]},{"id":15576,"url":"https:\/\/libreriaguadalupe.com.ar\/libreria\/producto\/biblia-del-peregrino-i-2\/","url_meta":{"origin":19115,"position":2},"title":"Biblia del Peregrino  I","author":"admin","date":"07\/02\/2023","format":false,"excerpt":"Edici\u00f3n de Estudio Antiguo Testamento. Prosa Autor: Luis Alonso Sch\u00f6kel ISBN: 8481691252 Dimensiones: 17,5 x 24,5 cm P\u00e1ginas: 1096","rel":"","context":"Entrada similar","block_context":{"text":"Entrada similar","link":""},"img":{"alt_text":"","src":"https:\/\/i0.wp.com\/libreriaguadalupe.com.ar\/libreria\/wp-content\/uploads\/1674\/33\/37.jpg?fit=281%2C401&ssl=1&resize=350%2C200","width":350,"height":200},"classes":[]},{"id":16864,"url":"https:\/\/libreriaguadalupe.com.ar\/libreria\/producto\/biblia-del-peregrino-i-i\/","url_meta":{"origin":19115,"position":3},"title":"Biblia del Peregrino I I","author":"admin","date":"23\/03\/2023","format":false,"excerpt":"Edici\u00f3n de Estudio Antiguo Testamento. Poes\u00eda Autor: Luis Alonso Sch\u00f6kel ISBN: 8481691719 Dimensiones: 17,5 x 24,5 cm P\u00e1ginas: 1152","rel":"","context":"Entrada similar","block_context":{"text":"Entrada similar","link":""},"img":{"alt_text":"","src":"https:\/\/i0.wp.com\/libreriaguadalupe.com.ar\/libreria\/wp-content\/uploads\/2023\/03\/BIBLIA-DEL-PEREGRINO-II.jpg?fit=380%2C586&ssl=1&resize=350%2C200","width":350,"height":200},"classes":[]},{"id":18281,"url":"https:\/\/libreriaguadalupe.com.ar\/libreria\/producto\/pies-descalzos-monte-adentro\/","url_meta":{"origin":19115,"position":4},"title":"Pies descalzos monte adentro","author":"admin","date":"04\/09\/2024","format":false,"excerpt":"Una experiencia misionera Autor: LISBETH ACETUN ISBN: 978 950 500 936 7 Dimensiones: 14 x 20 cm P\u00e1ginas: 48","rel":"","context":"Entrada similar","block_context":{"text":"Entrada similar","link":""},"img":{"alt_text":"","src":"https:\/\/i0.wp.com\/libreriaguadalupe.com.ar\/libreria\/wp-content\/uploads\/2024\/09\/NOVEDAD-TIENDA-SEPTIEMBRE.jpg?fit=470%2C470&ssl=1&resize=350%2C200","width":350,"height":200},"classes":[]},{"id":18953,"url":"https:\/\/libreriaguadalupe.com.ar\/libreria\/producto\/eduardo-francisco-pironio-biografia-de-un-cristiano-latinoamericano\/","url_meta":{"origin":19115,"position":5},"title":"Eduardo Francisco Pironio &#8211; Biograf\u00eda de un cristiano latinoamericano","author":"Mariano Zuqui","date":"17\/06\/2025","format":false,"excerpt":"Autor: Gianni La Bella T\u00edtulo: \"Eduardo Francisco Pironio - Biograf\u00eda de un cristiano latinoamericano\" ISBN:978-950-500-956-5 Formato: 15.5\u00a0 (ancho) x 22.5 (alto) cms. Interior: 1\/1 color Papel: Bookcel 80 grs. N\u00ba de P\u00e1ginas: 366 Tapa:4 Colores - Cartulina 500 grs -laminado mate Encuadernaci\u00f3n: Binder \u00a0 \u00a0","rel":"","context":"Entrada similar","block_context":{"text":"Entrada similar","link":""},"img":{"alt_text":"","src":"https:\/\/i0.wp.com\/libreriaguadalupe.com.ar\/libreria\/wp-content\/uploads\/2025\/06\/1-2.png?fit=960%2C1200&ssl=1&resize=350%2C200","width":350,"height":200,"srcset":"https:\/\/i0.wp.com\/libreriaguadalupe.com.ar\/libreria\/wp-content\/uploads\/2025\/06\/1-2.png?fit=960%2C1200&ssl=1&resize=350%2C200 1x, https:\/\/i0.wp.com\/libreriaguadalupe.com.ar\/libreria\/wp-content\/uploads\/2025\/06\/1-2.png?fit=960%2C1200&ssl=1&resize=525%2C300 1.5x, https:\/\/i0.wp.com\/libreriaguadalupe.com.ar\/libreria\/wp-content\/uploads\/2025\/06\/1-2.png?fit=960%2C1200&ssl=1&resize=700%2C400 2x"},"classes":[]}],"_links":{"self":[{"href":"https:\/\/libreriaguadalupe.com.ar\/libreria\/wp-json\/wp\/v2\/product\/19115","targetHints":{"allow":["GET"]}}],"collection":[{"href":"https:\/\/libreriaguadalupe.com.ar\/libreria\/wp-json\/wp\/v2\/product"}],"about":[{"href":"https:\/\/libreriaguadalupe.com.ar\/libreria\/wp-json\/wp\/v2\/types\/product"}],"replies":[{"embeddable":true,"href":"https:\/\/libreriaguadalupe.com.ar\/libreria\/wp-json\/wp\/v2\/comments?post=19115"}],"version-history":[{"count":2,"href":"https:\/\/libreriaguadalupe.com.ar\/libreria\/wp-json\/wp\/v2\/product\/19115\/revisions"}],"predecessor-version":[{"id":19119,"href":"https:\/\/libreriaguadalupe.com.ar\/libreria\/wp-json\/wp\/v2\/product\/19115\/revisions\/19119"}],"wp:featuredmedia":[{"embeddable":true,"href":"https:\/\/libreriaguadalupe.com.ar\/libreria\/wp-json\/wp\/v2\/media\/19117"}],"wp:attachment":[{"href":"https:\/\/libreriaguadalupe.com.ar\/libreria\/wp-json\/wp\/v2\/media?parent=19115"}],"wp:term":[{"taxonomy":"product_brand","embeddable":true,"href":"https:\/\/libreriaguadalupe.com.ar\/libreria\/wp-json\/wp\/v2\/product_brand?post=19115"},{"taxonomy":"product_cat","embeddable":true,"href":"https:\/\/libreriaguadalupe.com.ar\/libreria\/wp-json\/wp\/v2\/product_cat?post=19115"},{"taxonomy":"product_tag","embeddable":true,"href":"https:\/\/libreriaguadalupe.com.ar\/libreria\/wp-json\/wp\/v2\/product_tag?post=19115"}],"curies":[{"name":"wp","href":"https:\/\/api.w.org\/{rel}","templated":true}]}}