{"id":19095,"date":"2025-09-24T15:28:18","date_gmt":"2025-09-24T18:28:18","guid":{"rendered":"https:\/\/libreriaguadalupe.com.ar\/libreria\/?post_type=product&#038;p=19095"},"modified":"2025-09-24T15:45:13","modified_gmt":"2025-09-24T18:45:13","slug":"la-huella-de-los-que-te-buscan-sedientos","status":"publish","type":"product","link":"https:\/\/libreriaguadalupe.com.ar\/libreria\/producto\/la-huella-de-los-que-te-buscan-sedientos\/","title":{"rendered":"\u00abLa huella de los que te buscan sedientos\u00bb"},"content":{"rendered":"<p class=\"p1\"><b>Rese\u00f1a<\/b><\/p>\n<p class=\"p1\">Eduardo Meana Laporte nos acompa\u00f1a en un viaje extraordinario. A trav\u00e9s de narraciones, poes\u00edas, meditaciones y letras de canciones, nos desaf\u00eda a buscar a Dios, reconectando as\u00ed con la sed m\u00e1s profunda y escondida del alma, ese rasgo de identidad que nos descifra: sentir nostalgia y deseos de un amor total, un amor-fuente, un amor-meta.<\/p>\n<p class=\"p1\">En el encanto poderoso de lo humano -sea en los v\u00ednculos, en la belleza de un paisaje, o en la \u00edntima intuici\u00f3n de la chispa sagrada de nuestra esencia- una honda sed nos gu\u00eda en una b\u00fasqueda\u2026 que s\u00f3lo termina si nos atrevemos, confiados, a dar un salto absoluto de fe.<span class=\"Apple-converted-space\">\u00a0<\/span><\/p>\n<p class=\"p1\">Muchos sedientos, que andamos la vida \u2018como quien busca\u2019, hallaremos aqu\u00ed una colecci\u00f3n de \u2018postales\u2019 de este viaje personal\u00edsimo y sagrado que da sentido a todo.<span class=\"Apple-converted-space\">\u00a0<\/span><\/p>\n<p class=\"p1\">Y si <b>\u201cLa Huella de los que Te buscan sedientos\u201d<\/b> es la bit\u00e1cora emotiva y soleada de un vivir buscando a Dios, su libro hermano, <b>\u201cEl Eco de los que Te buscan perdidos\u201d<\/b>, mapea dram\u00e1ticamente esa misma marcha, pero en la oscuridad de la desolaci\u00f3n. Ambos libros as\u00ed complementarios te conmover\u00e1n y te servir\u00e1n si acompa\u00f1as a buscadores, sedientos y perdidos.<\/p>\n<p class=\"p1\">El autor, desde una \u2018espiritualidad de la identidad\u2019 que ensaya en sus libros, y con el filo po\u00e9tico que conocemos en sus canciones y \u2018haikus\u2019, evoca en s\u00edntesis propia la voz de grandes maestros: Agust\u00edn, Kierkegaard, Francisco de Sales, Byung-Chul Han, Ignacio de Loyola, Roger de Taiz\u00e9, Guardini, Benito, Teresita del Ni\u00f1o Jes\u00fas, Tolkien, Juan de la Cruz, Charles de Foucauld\u2026 As\u00ed retrata el alma inquieta de la gente de nuestro tiempo: por eso, quiz\u00e1 t\u00fa -que lees, que buscas- halles en alguna p\u00e1gina el espejo de tus desgarros y tu grandeza.<\/p>\n","protected":false},"excerpt":{"rendered":"<p>Autor: Eduardo Meana Laporte<br \/>\nT\u00edtulo: \u201cLa huella de los que te buscan sedientos\u00bb<br \/>\nISBN:978-950-500-969-5<br \/>\nFormato: 15 (ancho) x 22 (alto) cms.<br \/>\nInterior: 1\/1 color<br \/>\nPapel: Bookcel 80 grs.<br \/>\nN\u00ba de P\u00e1ginas: 224<br \/>\nTapa:4 Colores &#8211; Cartulina &#8211; Laminado mate<br \/>\nEncuadernaci\u00f3n: Binder<\/p>\n<p>&nbsp;<\/p>\n<p>&nbsp;<\/p>\n","protected":false},"featured_media":19096,"comment_status":"open","ping_status":"closed","template":"","meta":{"jetpack_publicize_message":"","jetpack_publicize_feature_enabled":true,"jetpack_social_post_already_shared":true,"jetpack_social_options":{"image_generator_settings":{"template":"highway","default_image_id":0,"font":"","enabled":false},"version":2}},"product_brand":[],"product_cat":[125,88,121],"product_tag":[127,201,164,163,202],"class_list":{"0":"post-19095","1":"product","2":"type-product","3":"status-publish","4":"has-post-thumbnail","6":"product_cat-novedades","7":"product_cat-espiritualidad-cultura-social","8":"product_cat-guadalupe","9":"product_tag-editorial-guadalupe-de-argentina","10":"product_tag-eduardo-meana-laporte","11":"product_tag-jubileo-de-la-esperanza","12":"product_tag-jubileo-ordinario-2025","13":"product_tag-la-huella-de-los-que-te-buscan-sedientos","15":"first","16":"instock","17":"shipping-taxable","18":"purchasable","19":"product-type-simple"},"yoast_head":"<!-- This site is optimized with the Yoast SEO plugin v27.4 - https:\/\/yoast.com\/product\/yoast-seo-wordpress\/ -->\n<title>La huella de los que te buscan sedientos<\/title>\n<meta name=\"description\" content=\"Eduardo Meana Laporte nos acompa\u00f1a en un viaje extraordinario. A trav\u00e9s de narraciones, poes\u00edas, meditaciones y letras de canciones, nos desaf\u00eda a buscar a Dios, reconectando as\u00ed con la sed m\u00e1s profunda y escondida del alma, ese rasgo de identidad que nos descifra: sentir nostalgia y deseos de un amor total, un amor-fuente, un amor-meta.\" \/>\n<meta name=\"robots\" content=\"index, follow, max-snippet:-1, max-image-preview:large, max-video-preview:-1\" \/>\n<link rel=\"canonical\" href=\"https:\/\/libreriaguadalupe.com.ar\/libreria\/producto\/la-huella-de-los-que-te-buscan-sedientos\/\" \/>\n<meta property=\"og:locale\" content=\"es_ES\" \/>\n<meta property=\"og:type\" content=\"article\" \/>\n<meta property=\"og:title\" content=\"La huella de los que te buscan sedientos\" \/>\n<meta property=\"og:description\" content=\"Eduardo Meana Laporte nos acompa\u00f1a en un viaje extraordinario. A trav\u00e9s de narraciones, poes\u00edas, meditaciones y letras de canciones, nos desaf\u00eda a buscar a Dios, reconectando as\u00ed con la sed m\u00e1s profunda y escondida del alma, ese rasgo de identidad que nos descifra: sentir nostalgia y deseos de un amor total, un amor-fuente, un amor-meta.\" \/>\n<meta property=\"og:url\" content=\"https:\/\/libreriaguadalupe.com.ar\/libreria\/producto\/la-huella-de-los-que-te-buscan-sedientos\/\" \/>\n<meta property=\"og:site_name\" content=\"Editorial Guadalupe de Argentina\" \/>\n<meta property=\"article:publisher\" content=\"https:\/\/www.facebook.com\/LibreriaGuadalupeAR\/\" \/>\n<meta property=\"article:modified_time\" content=\"2025-09-24T18:45:13+00:00\" \/>\n<meta property=\"og:image\" content=\"https:\/\/libreriaguadalupe.com.ar\/libreria\/wp-content\/uploads\/2025\/09\/1-6.png\" \/>\n\t<meta property=\"og:image:width\" content=\"1080\" \/>\n\t<meta property=\"og:image:height\" content=\"1350\" \/>\n\t<meta property=\"og:image:type\" content=\"image\/png\" \/>\n<meta name=\"twitter:card\" content=\"summary_large_image\" \/>\n<meta name=\"twitter:label1\" content=\"Tiempo de lectura\" \/>\n\t<meta name=\"twitter:data1\" content=\"2 minutos\" \/>\n<script type=\"application\/ld+json\" class=\"yoast-schema-graph\">{\"@context\":\"https:\\\/\\\/schema.org\",\"@graph\":[{\"@type\":\"WebPage\",\"@id\":\"https:\\\/\\\/libreriaguadalupe.com.ar\\\/libreria\\\/producto\\\/la-huella-de-los-que-te-buscan-sedientos\\\/\",\"url\":\"https:\\\/\\\/libreriaguadalupe.com.ar\\\/libreria\\\/producto\\\/la-huella-de-los-que-te-buscan-sedientos\\\/\",\"name\":\"La huella de los que te buscan sedientos\",\"isPartOf\":{\"@id\":\"https:\\\/\\\/libreriaguadalupe.com.ar\\\/libreria\\\/#website\"},\"primaryImageOfPage\":{\"@id\":\"https:\\\/\\\/libreriaguadalupe.com.ar\\\/libreria\\\/producto\\\/la-huella-de-los-que-te-buscan-sedientos\\\/#primaryimage\"},\"image\":{\"@id\":\"https:\\\/\\\/libreriaguadalupe.com.ar\\\/libreria\\\/producto\\\/la-huella-de-los-que-te-buscan-sedientos\\\/#primaryimage\"},\"thumbnailUrl\":\"https:\\\/\\\/i0.wp.com\\\/libreriaguadalupe.com.ar\\\/libreria\\\/wp-content\\\/uploads\\\/2025\\\/09\\\/1-6.png?fit=1080%2C1350&ssl=1\",\"datePublished\":\"2025-09-24T18:28:18+00:00\",\"dateModified\":\"2025-09-24T18:45:13+00:00\",\"description\":\"Eduardo Meana Laporte nos acompa\u00f1a en un viaje extraordinario. A trav\u00e9s de narraciones, poes\u00edas, meditaciones y letras de canciones, nos desaf\u00eda a buscar a Dios, reconectando as\u00ed con la sed m\u00e1s profunda y escondida del alma, ese rasgo de identidad que nos descifra: sentir nostalgia y deseos de un amor total, un amor-fuente, un amor-meta.\",\"breadcrumb\":{\"@id\":\"https:\\\/\\\/libreriaguadalupe.com.ar\\\/libreria\\\/producto\\\/la-huella-de-los-que-te-buscan-sedientos\\\/#breadcrumb\"},\"inLanguage\":\"es\",\"potentialAction\":[{\"@type\":\"ReadAction\",\"target\":[\"https:\\\/\\\/libreriaguadalupe.com.ar\\\/libreria\\\/producto\\\/la-huella-de-los-que-te-buscan-sedientos\\\/\"]}]},{\"@type\":\"ImageObject\",\"inLanguage\":\"es\",\"@id\":\"https:\\\/\\\/libreriaguadalupe.com.ar\\\/libreria\\\/producto\\\/la-huella-de-los-que-te-buscan-sedientos\\\/#primaryimage\",\"url\":\"https:\\\/\\\/i0.wp.com\\\/libreriaguadalupe.com.ar\\\/libreria\\\/wp-content\\\/uploads\\\/2025\\\/09\\\/1-6.png?fit=1080%2C1350&ssl=1\",\"contentUrl\":\"https:\\\/\\\/i0.wp.com\\\/libreriaguadalupe.com.ar\\\/libreria\\\/wp-content\\\/uploads\\\/2025\\\/09\\\/1-6.png?fit=1080%2C1350&ssl=1\",\"width\":1080,\"height\":1350},{\"@type\":\"BreadcrumbList\",\"@id\":\"https:\\\/\\\/libreriaguadalupe.com.ar\\\/libreria\\\/producto\\\/la-huella-de-los-que-te-buscan-sedientos\\\/#breadcrumb\",\"itemListElement\":[{\"@type\":\"ListItem\",\"position\":1,\"name\":\"Portada\",\"item\":\"https:\\\/\\\/libreriaguadalupe.com.ar\\\/libreria\\\/\"},{\"@type\":\"ListItem\",\"position\":2,\"name\":\"Tienda\",\"item\":\"https:\\\/\\\/libreriaguadalupe.com.ar\\\/libreria\\\/\"},{\"@type\":\"ListItem\",\"position\":3,\"name\":\"\u00abLa huella de los que te buscan sedientos\u00bb\"}]},{\"@type\":\"WebSite\",\"@id\":\"https:\\\/\\\/libreriaguadalupe.com.ar\\\/libreria\\\/#website\",\"url\":\"https:\\\/\\\/libreriaguadalupe.com.ar\\\/libreria\\\/\",\"name\":\"Editorial Guadalupe de Argentina\",\"description\":\"Congregaci\u00f3n del Verbo Divino\",\"publisher\":{\"@id\":\"https:\\\/\\\/libreriaguadalupe.com.ar\\\/libreria\\\/#organization\"},\"alternateName\":\"Librer\u00eda Guadalupe\",\"potentialAction\":[{\"@type\":\"SearchAction\",\"target\":{\"@type\":\"EntryPoint\",\"urlTemplate\":\"https:\\\/\\\/libreriaguadalupe.com.ar\\\/libreria\\\/?s={search_term_string}\"},\"query-input\":{\"@type\":\"PropertyValueSpecification\",\"valueRequired\":true,\"valueName\":\"search_term_string\"}}],\"inLanguage\":\"es\"},{\"@type\":\"Organization\",\"@id\":\"https:\\\/\\\/libreriaguadalupe.com.ar\\\/libreria\\\/#organization\",\"name\":\"Editorial Guadalupe\",\"alternateName\":\"Librer\u00eda Guadalupe\",\"url\":\"https:\\\/\\\/libreriaguadalupe.com.ar\\\/libreria\\\/\",\"logo\":{\"@type\":\"ImageObject\",\"inLanguage\":\"es\",\"@id\":\"https:\\\/\\\/libreriaguadalupe.com.ar\\\/libreria\\\/#\\\/schema\\\/logo\\\/image\\\/\",\"url\":\"https:\\\/\\\/i0.wp.com\\\/libreriaguadalupe.com.ar\\\/libreria\\\/wp-content\\\/uploads\\\/2023\\\/01\\\/cropped-logo-editorial-guadalupe.webp?fit=500%2C100&ssl=1\",\"contentUrl\":\"https:\\\/\\\/i0.wp.com\\\/libreriaguadalupe.com.ar\\\/libreria\\\/wp-content\\\/uploads\\\/2023\\\/01\\\/cropped-logo-editorial-guadalupe.webp?fit=500%2C100&ssl=1\",\"width\":500,\"height\":100,\"caption\":\"Editorial Guadalupe\"},\"image\":{\"@id\":\"https:\\\/\\\/libreriaguadalupe.com.ar\\\/libreria\\\/#\\\/schema\\\/logo\\\/image\\\/\"},\"sameAs\":[\"https:\\\/\\\/www.facebook.com\\\/LibreriaGuadalupeAR\\\/\",\"https:\\\/\\\/www.instagram.com\\\/editorialguadalupe\\\/\",\"https:\\\/\\\/guadalupeeditorial.mercadoshops.com.ar\\\/\"]}]}<\/script>\n<!-- \/ Yoast SEO plugin. -->","yoast_head_json":{"title":"La huella de los que te buscan sedientos","description":"Eduardo Meana Laporte nos acompa\u00f1a en un viaje extraordinario. A trav\u00e9s de narraciones, poes\u00edas, meditaciones y letras de canciones, nos desaf\u00eda a buscar a Dios, reconectando as\u00ed con la sed m\u00e1s profunda y escondida del alma, ese rasgo de identidad que nos descifra: sentir nostalgia y deseos de un amor total, un amor-fuente, un amor-meta.","robots":{"index":"index","follow":"follow","max-snippet":"max-snippet:-1","max-image-preview":"max-image-preview:large","max-video-preview":"max-video-preview:-1"},"canonical":"https:\/\/libreriaguadalupe.com.ar\/libreria\/producto\/la-huella-de-los-que-te-buscan-sedientos\/","og_locale":"es_ES","og_type":"article","og_title":"La huella de los que te buscan sedientos","og_description":"Eduardo Meana Laporte nos acompa\u00f1a en un viaje extraordinario. A trav\u00e9s de narraciones, poes\u00edas, meditaciones y letras de canciones, nos desaf\u00eda a buscar a Dios, reconectando as\u00ed con la sed m\u00e1s profunda y escondida del alma, ese rasgo de identidad que nos descifra: sentir nostalgia y deseos de un amor total, un amor-fuente, un amor-meta.","og_url":"https:\/\/libreriaguadalupe.com.ar\/libreria\/producto\/la-huella-de-los-que-te-buscan-sedientos\/","og_site_name":"Editorial Guadalupe de Argentina","article_publisher":"https:\/\/www.facebook.com\/LibreriaGuadalupeAR\/","article_modified_time":"2025-09-24T18:45:13+00:00","og_image":[{"width":1080,"height":1350,"url":"https:\/\/libreriaguadalupe.com.ar\/libreria\/wp-content\/uploads\/2025\/09\/1-6.png","type":"image\/png"}],"twitter_card":"summary_large_image","twitter_misc":{"Tiempo de lectura":"2 minutos"},"schema":{"@context":"https:\/\/schema.org","@graph":[{"@type":"WebPage","@id":"https:\/\/libreriaguadalupe.com.ar\/libreria\/producto\/la-huella-de-los-que-te-buscan-sedientos\/","url":"https:\/\/libreriaguadalupe.com.ar\/libreria\/producto\/la-huella-de-los-que-te-buscan-sedientos\/","name":"La huella de los que te buscan sedientos","isPartOf":{"@id":"https:\/\/libreriaguadalupe.com.ar\/libreria\/#website"},"primaryImageOfPage":{"@id":"https:\/\/libreriaguadalupe.com.ar\/libreria\/producto\/la-huella-de-los-que-te-buscan-sedientos\/#primaryimage"},"image":{"@id":"https:\/\/libreriaguadalupe.com.ar\/libreria\/producto\/la-huella-de-los-que-te-buscan-sedientos\/#primaryimage"},"thumbnailUrl":"https:\/\/i0.wp.com\/libreriaguadalupe.com.ar\/libreria\/wp-content\/uploads\/2025\/09\/1-6.png?fit=1080%2C1350&ssl=1","datePublished":"2025-09-24T18:28:18+00:00","dateModified":"2025-09-24T18:45:13+00:00","description":"Eduardo Meana Laporte nos acompa\u00f1a en un viaje extraordinario. A trav\u00e9s de narraciones, poes\u00edas, meditaciones y letras de canciones, nos desaf\u00eda a buscar a Dios, reconectando as\u00ed con la sed m\u00e1s profunda y escondida del alma, ese rasgo de identidad que nos descifra: sentir nostalgia y deseos de un amor total, un amor-fuente, un amor-meta.","breadcrumb":{"@id":"https:\/\/libreriaguadalupe.com.ar\/libreria\/producto\/la-huella-de-los-que-te-buscan-sedientos\/#breadcrumb"},"inLanguage":"es","potentialAction":[{"@type":"ReadAction","target":["https:\/\/libreriaguadalupe.com.ar\/libreria\/producto\/la-huella-de-los-que-te-buscan-sedientos\/"]}]},{"@type":"ImageObject","inLanguage":"es","@id":"https:\/\/libreriaguadalupe.com.ar\/libreria\/producto\/la-huella-de-los-que-te-buscan-sedientos\/#primaryimage","url":"https:\/\/i0.wp.com\/libreriaguadalupe.com.ar\/libreria\/wp-content\/uploads\/2025\/09\/1-6.png?fit=1080%2C1350&ssl=1","contentUrl":"https:\/\/i0.wp.com\/libreriaguadalupe.com.ar\/libreria\/wp-content\/uploads\/2025\/09\/1-6.png?fit=1080%2C1350&ssl=1","width":1080,"height":1350},{"@type":"BreadcrumbList","@id":"https:\/\/libreriaguadalupe.com.ar\/libreria\/producto\/la-huella-de-los-que-te-buscan-sedientos\/#breadcrumb","itemListElement":[{"@type":"ListItem","position":1,"name":"Portada","item":"https:\/\/libreriaguadalupe.com.ar\/libreria\/"},{"@type":"ListItem","position":2,"name":"Tienda","item":"https:\/\/libreriaguadalupe.com.ar\/libreria\/"},{"@type":"ListItem","position":3,"name":"\u00abLa huella de los que te buscan sedientos\u00bb"}]},{"@type":"WebSite","@id":"https:\/\/libreriaguadalupe.com.ar\/libreria\/#website","url":"https:\/\/libreriaguadalupe.com.ar\/libreria\/","name":"Editorial Guadalupe de Argentina","description":"Congregaci\u00f3n del Verbo Divino","publisher":{"@id":"https:\/\/libreriaguadalupe.com.ar\/libreria\/#organization"},"alternateName":"Librer\u00eda Guadalupe","potentialAction":[{"@type":"SearchAction","target":{"@type":"EntryPoint","urlTemplate":"https:\/\/libreriaguadalupe.com.ar\/libreria\/?s={search_term_string}"},"query-input":{"@type":"PropertyValueSpecification","valueRequired":true,"valueName":"search_term_string"}}],"inLanguage":"es"},{"@type":"Organization","@id":"https:\/\/libreriaguadalupe.com.ar\/libreria\/#organization","name":"Editorial Guadalupe","alternateName":"Librer\u00eda Guadalupe","url":"https:\/\/libreriaguadalupe.com.ar\/libreria\/","logo":{"@type":"ImageObject","inLanguage":"es","@id":"https:\/\/libreriaguadalupe.com.ar\/libreria\/#\/schema\/logo\/image\/","url":"https:\/\/i0.wp.com\/libreriaguadalupe.com.ar\/libreria\/wp-content\/uploads\/2023\/01\/cropped-logo-editorial-guadalupe.webp?fit=500%2C100&ssl=1","contentUrl":"https:\/\/i0.wp.com\/libreriaguadalupe.com.ar\/libreria\/wp-content\/uploads\/2023\/01\/cropped-logo-editorial-guadalupe.webp?fit=500%2C100&ssl=1","width":500,"height":100,"caption":"Editorial Guadalupe"},"image":{"@id":"https:\/\/libreriaguadalupe.com.ar\/libreria\/#\/schema\/logo\/image\/"},"sameAs":["https:\/\/www.facebook.com\/LibreriaGuadalupeAR\/","https:\/\/www.instagram.com\/editorialguadalupe\/","https:\/\/guadalupeeditorial.mercadoshops.com.ar\/"]}]}},"jetpack_publicize_connections":[],"jetpack_sharing_enabled":true,"jetpack-related-posts":[{"id":19090,"url":"https:\/\/libreriaguadalupe.com.ar\/libreria\/producto\/el-eco-de-los-que-te-buscan-perdidos\/","url_meta":{"origin":19095,"position":0},"title":"\u00abEl eco de los que te buscan perdidos\u00bb","author":"Mariano Zuqui","date":"24\/09\/2025","format":false,"excerpt":"Autor: Eduardo Meana Laporte T\u00edtulo: \u201cEl eco de los que te buscan perdidos\" ISBN:978-950-500-968-8 Formato: 15 (ancho) x 22 (alto) cms. Interior: 1\/1 color Papel: Bookcel 80 grs. N\u00ba de P\u00e1ginas: 164 Tapa:4 Colores - Cartulina - Laminado mate Encuadernaci\u00f3n: Binder \u00a0 \u00a0","rel":"","context":"Entrada similar","block_context":{"text":"Entrada similar","link":""},"img":{"alt_text":"","src":"https:\/\/i0.wp.com\/libreriaguadalupe.com.ar\/libreria\/wp-content\/uploads\/2025\/09\/1-5.png?fit=960%2C1200&ssl=1&resize=350%2C200","width":350,"height":200,"srcset":"https:\/\/i0.wp.com\/libreriaguadalupe.com.ar\/libreria\/wp-content\/uploads\/2025\/09\/1-5.png?fit=960%2C1200&ssl=1&resize=350%2C200 1x, https:\/\/i0.wp.com\/libreriaguadalupe.com.ar\/libreria\/wp-content\/uploads\/2025\/09\/1-5.png?fit=960%2C1200&ssl=1&resize=525%2C300 1.5x, https:\/\/i0.wp.com\/libreriaguadalupe.com.ar\/libreria\/wp-content\/uploads\/2025\/09\/1-5.png?fit=960%2C1200&ssl=1&resize=700%2C400 2x"},"classes":[]},{"id":16089,"url":"https:\/\/libreriaguadalupe.com.ar\/libreria\/producto\/el-ecosistema-del-silencio-fertil\/","url_meta":{"origin":19095,"position":1},"title":"El ecosistema del silencio f\u00e9rtil","author":"admin","date":"12\/02\/2023","format":false,"excerpt":"Viaje desde la palabra hacia tu interioridad fecunda AUTOR: EDUARDO MEANA LAPORTE ISBN: 9505008469","rel":"","context":"Entrada similar","block_context":{"text":"Entrada similar","link":""},"img":{"alt_text":"","src":"https:\/\/i0.wp.com\/libreriaguadalupe.com.ar\/libreria\/wp-content\/uploads\/2023\/02\/El-ecosistema-del-silencio-fertil.jpg?fit=800%2C800&ssl=1&resize=350%2C200","width":350,"height":200,"srcset":"https:\/\/i0.wp.com\/libreriaguadalupe.com.ar\/libreria\/wp-content\/uploads\/2023\/02\/El-ecosistema-del-silencio-fertil.jpg?fit=800%2C800&ssl=1&resize=350%2C200 1x, https:\/\/i0.wp.com\/libreriaguadalupe.com.ar\/libreria\/wp-content\/uploads\/2023\/02\/El-ecosistema-del-silencio-fertil.jpg?fit=800%2C800&ssl=1&resize=525%2C300 1.5x, https:\/\/i0.wp.com\/libreriaguadalupe.com.ar\/libreria\/wp-content\/uploads\/2023\/02\/El-ecosistema-del-silencio-fertil.jpg?fit=800%2C800&ssl=1&resize=700%2C400 2x"},"classes":[]},{"id":18217,"url":"https:\/\/libreriaguadalupe.com.ar\/libreria\/producto\/en-busca-del-hilo-dorado\/","url_meta":{"origin":19095,"position":2},"title":"En busca del hilo dorado","author":"admin","date":"15\/08\/2024","format":false,"excerpt":"La Biblia y su mensaje central Autor: NIELS BERTHEL JOHANSEN ISBN: 978 950 500 933 6 Dimensiones: 15 x 23 cm P\u00e1ginas: 252","rel":"","context":"Entrada similar","block_context":{"text":"Entrada similar","link":""},"img":{"alt_text":"","src":"https:\/\/i0.wp.com\/libreriaguadalupe.com.ar\/libreria\/wp-content\/uploads\/2024\/08\/MES-DE-LA-BIBLIA-2024-guada1.jpg?fit=470%2C470&ssl=1&resize=350%2C200","width":350,"height":200},"classes":[]},{"id":18333,"url":"https:\/\/libreriaguadalupe.com.ar\/libreria\/producto\/el-negocio-de-la-vida\/","url_meta":{"origin":19095,"position":3},"title":"El Negocio de la Vida","author":"admin","date":"04\/10\/2024","format":false,"excerpt":"Camino espiritual para buscar y hallar el sentido del sufrimiento y mediante el encuentro con Cristo sanar el alma Autor: ENZO FERRARO ISBN: 978-950-500-914-5 Dimensiones: 15 x 22 cm P\u00e1ginas: 160","rel":"","context":"Entrada similar","block_context":{"text":"Entrada similar","link":""},"img":{"alt_text":"","src":"https:\/\/i0.wp.com\/libreriaguadalupe.com.ar\/libreria\/wp-content\/uploads\/2024\/10\/NOVEDAD-TIENDA-OCTUBRE.jpg?fit=470%2C470&ssl=1&resize=350%2C200","width":350,"height":200},"classes":[]},{"id":15973,"url":"https:\/\/libreriaguadalupe.com.ar\/libreria\/producto\/no-me-averguenzo-del-evangelio-e-book\/","url_meta":{"origin":19095,"position":4},"title":"No me averg\u00fcenzo del evangelio (E-BOOK)","author":"admin","date":"12\/02\/2023","format":false,"excerpt":"EDICION DIGITAL AUTOR: LEONARDO LEGRAS [\u00a0VER M\u00c1S OBRAS\u00a0] ISBN: 9505007981","rel":"","context":"Entrada similar","block_context":{"text":"Entrada similar","link":""},"img":{"alt_text":"","src":"https:\/\/i0.wp.com\/libreriaguadalupe.com.ar\/libreria\/wp-content\/uploads\/2023\/02\/No-me-averguenzo-del-Evangelio.webp?fit=216%2C287&ssl=1&resize=350%2C200","width":350,"height":200},"classes":[]},{"id":16650,"url":"https:\/\/libreriaguadalupe.com.ar\/libreria\/producto\/la-biblia-catolica-para-la-fe-y-la-vida-cierre\/","url_meta":{"origin":19095,"position":5},"title":"La Biblia Cat\u00f3lica para la Fe y la Vida (cierre)","author":"admin","date":"14\/03\/2023","format":false,"excerpt":"[edici\u00f3n dos tintas \/ s\u00edmil piel con cremallera] Colecci\u00f3n La Biblia Cat\u00f3lica para la Fe y la Vida ISBN: 978-84-9073-421-6 Dimensiones: 24 x 15 cm P\u00e1ginas: 1920 Encuadernaci\u00f3n:\u00a0Cosida, tapa s\u00edmil piel impresa a 4 colores, con cabezadas, cinta registro, 42 u\u00f1eros, con cierre \u00a0 \u00a0","rel":"","context":"Entrada similar","block_context":{"text":"Entrada similar","link":""},"img":{"alt_text":"","src":"https:\/\/i0.wp.com\/libreriaguadalupe.com.ar\/libreria\/wp-content\/uploads\/2023\/03\/La-Biblia-Catolica-para-la-Fe-y-la-Vida-unero4.jpeg?fit=380%2C586&ssl=1&resize=350%2C200","width":350,"height":200},"classes":[]}],"_links":{"self":[{"href":"https:\/\/libreriaguadalupe.com.ar\/libreria\/wp-json\/wp\/v2\/product\/19095","targetHints":{"allow":["GET"]}}],"collection":[{"href":"https:\/\/libreriaguadalupe.com.ar\/libreria\/wp-json\/wp\/v2\/product"}],"about":[{"href":"https:\/\/libreriaguadalupe.com.ar\/libreria\/wp-json\/wp\/v2\/types\/product"}],"replies":[{"embeddable":true,"href":"https:\/\/libreriaguadalupe.com.ar\/libreria\/wp-json\/wp\/v2\/comments?post=19095"}],"version-history":[{"count":2,"href":"https:\/\/libreriaguadalupe.com.ar\/libreria\/wp-json\/wp\/v2\/product\/19095\/revisions"}],"predecessor-version":[{"id":19100,"href":"https:\/\/libreriaguadalupe.com.ar\/libreria\/wp-json\/wp\/v2\/product\/19095\/revisions\/19100"}],"wp:featuredmedia":[{"embeddable":true,"href":"https:\/\/libreriaguadalupe.com.ar\/libreria\/wp-json\/wp\/v2\/media\/19096"}],"wp:attachment":[{"href":"https:\/\/libreriaguadalupe.com.ar\/libreria\/wp-json\/wp\/v2\/media?parent=19095"}],"wp:term":[{"taxonomy":"product_brand","embeddable":true,"href":"https:\/\/libreriaguadalupe.com.ar\/libreria\/wp-json\/wp\/v2\/product_brand?post=19095"},{"taxonomy":"product_cat","embeddable":true,"href":"https:\/\/libreriaguadalupe.com.ar\/libreria\/wp-json\/wp\/v2\/product_cat?post=19095"},{"taxonomy":"product_tag","embeddable":true,"href":"https:\/\/libreriaguadalupe.com.ar\/libreria\/wp-json\/wp\/v2\/product_tag?post=19095"}],"curies":[{"name":"wp","href":"https:\/\/api.w.org\/{rel}","templated":true}]}}