{"id":19090,"date":"2025-09-24T15:15:18","date_gmt":"2025-09-24T18:15:18","guid":{"rendered":"https:\/\/libreriaguadalupe.com.ar\/libreria\/?post_type=product&#038;p=19090"},"modified":"2025-09-24T15:26:50","modified_gmt":"2025-09-24T18:26:50","slug":"el-eco-de-los-que-te-buscan-perdidos","status":"publish","type":"product","link":"https:\/\/libreriaguadalupe.com.ar\/libreria\/producto\/el-eco-de-los-que-te-buscan-perdidos\/","title":{"rendered":"\u00abEl eco de los que te buscan perdidos\u00bb"},"content":{"rendered":"<p class=\"p1\"><b>Rese\u00f1a<\/b><\/p>\n<p class=\"p3\">A trav\u00e9s de historias reales y de ficci\u00f3n -inspiradas en vidas muy sufridas que Eduardo Meana Laporte acompa\u00f1\u00f3-, este libro nos invita a aferrarnos a una buena noticia que podr\u00edamos olvidar cuando estamos desolados: \u00a1Hay redenci\u00f3n!<span class=\"Apple-converted-space\">\u00a0<\/span><\/p>\n<p class=\"p3\">Aun en horas oscuras de dolor, culpa, no aceptaci\u00f3n y desesperaci\u00f3n -cuando ya no sabemos bien qui\u00e9nes somos, d\u00f3nde est\u00e1 Dios, y c\u00f3mo fue que nos extraviamos- en lo profundo del alma se agita, casi inexplicable, el latir de una esperanza. <span class=\"Apple-converted-space\">\u00a0<\/span><\/p>\n<p class=\"p3\">Este libro relata, dram\u00e1tica y vibrantemente, la ardua salida del laberinto en pos de la vida y la identidad perdidas. Solo en tal viaje nos redescubrimos valiosos y rescatados.<span class=\"Apple-converted-space\">\u00a0<\/span><\/p>\n<p class=\"p3\">En nuestros corazones da\u00f1ados, siempre pervivi\u00f3 algo que s\u00f3lo pertenece a Dios. Y desde tal oscura certeza de dignidad es que nos ponemos en camino, dejando atr\u00e1s como una maldici\u00f3n el pa\u00eds de la orfandad, la desvalorizaci\u00f3n, y el desv\u00ednculo.<span class=\"Apple-converted-space\">\u00a0<\/span><\/p>\n<p class=\"p3\">Un Nombre, el del Jesucristo, resuena en los vac\u00edos y submundos humanos, como un eco resucitador. Tantos perdidos, que conmovedoramente buscan redenci\u00f3n siguiendo ese eco, nos llevan de la mano en este libro lleno de ilusi\u00f3n, vida y misterio.<\/p>\n<p class=\"p3\">Y si <b>\u2018El Eco de los que Te buscan perdidos\u2019<\/b> mapea al alma oscura y desolada, su libro hermano \u2018La Huella de los que Te buscan sedientos\u2019 puntea ese viaje sagrado desde la luz y el consuelo. Ambos libros te retratar\u00e1n y servir\u00e1n si acompa\u00f1as a buscadores, sedientos y perdidos.<\/p>\n<p class=\"p3\">El autor, desde una \u2018espiritualidad de la identidad\u2019 que ensaya en sus libros, y con el filo po\u00e9tico de sus canciones y \u2018haikus\u2019, evoca en s\u00edntesis propia a grandes maestros: Agust\u00edn, Kierkegaard, Francisco de Sales, Byung-Chul Han, Ignacio de Loyola, Roger de Taiz\u00e9, Guardini, Benito, Teresita del Ni\u00f1o Jes\u00fas, Tolkien, Juan de la Cruz, Charles de Foucauld\u2026<span class=\"Apple-converted-space\">\u00a0<\/span><\/p>\n<p class=\"p3\">Y as\u00ed contempla compasivo el alma inquieta del hombre y la mujer de nuestro tiempo. Si t\u00fa tambi\u00e9n eres un buscador, quiz\u00e1 halles en alguna p\u00e1gina de este original libro el espejo de tu dolor y de tu esperanza.<\/p>\n","protected":false},"excerpt":{"rendered":"<p>Autor: Eduardo Meana Laporte<br \/>\nT\u00edtulo: \u201cEl eco de los que te buscan perdidos\u00bb<br \/>\nISBN:978-950-500-968-8<br \/>\nFormato: 15 (ancho) x 22 (alto) cms.<br \/>\nInterior: 1\/1 color<br \/>\nPapel: Bookcel 80 grs.<br \/>\nN\u00ba de P\u00e1ginas: 164<br \/>\nTapa:4 Colores &#8211; Cartulina &#8211; Laminado mate<br \/>\nEncuadernaci\u00f3n: Binder<\/p>\n<p>&nbsp;<\/p>\n<p>&nbsp;<\/p>\n","protected":false},"featured_media":19091,"comment_status":"open","ping_status":"closed","template":"","meta":{"jetpack_publicize_message":"","jetpack_publicize_feature_enabled":true,"jetpack_social_post_already_shared":true,"jetpack_social_options":{"image_generator_settings":{"template":"highway","default_image_id":0,"font":"","enabled":false},"version":2}},"product_brand":[],"product_cat":[125,88,121],"product_tag":[127,201,200,164,163],"class_list":{"0":"post-19090","1":"product","2":"type-product","3":"status-publish","4":"has-post-thumbnail","6":"product_cat-novedades","7":"product_cat-espiritualidad-cultura-social","8":"product_cat-guadalupe","9":"product_tag-editorial-guadalupe-de-argentina","10":"product_tag-eduardo-meana-laporte","11":"product_tag-el-eco-de-los-que-te-buscan-perdidos","12":"product_tag-jubileo-de-la-esperanza","13":"product_tag-jubileo-ordinario-2025","15":"first","16":"instock","17":"shipping-taxable","18":"purchasable","19":"product-type-simple"},"yoast_head":"<!-- This site is optimized with the Yoast SEO plugin v27.4 - https:\/\/yoast.com\/product\/yoast-seo-wordpress\/ -->\n<title>El eco de los que te buscan perdidos<\/title>\n<meta name=\"description\" content=\"A trav\u00e9s de historias reales y de ficci\u00f3n -inspiradas en vidas muy sufridas que Eduardo Meana Laporte acompa\u00f1\u00f3-, este libro nos invita a aferrarnos a una buena noticia que podr\u00edamos olvidar cuando estamos desolados: \u00a1Hay redenci\u00f3n!\u00a0\" \/>\n<meta name=\"robots\" content=\"index, follow, max-snippet:-1, max-image-preview:large, max-video-preview:-1\" \/>\n<link rel=\"canonical\" href=\"https:\/\/libreriaguadalupe.com.ar\/libreria\/producto\/el-eco-de-los-que-te-buscan-perdidos\/\" \/>\n<meta property=\"og:locale\" content=\"es_ES\" \/>\n<meta property=\"og:type\" content=\"article\" \/>\n<meta property=\"og:title\" content=\"El eco de los que te buscan perdidos\" \/>\n<meta property=\"og:description\" content=\"A trav\u00e9s de historias reales y de ficci\u00f3n -inspiradas en vidas muy sufridas que Eduardo Meana Laporte acompa\u00f1\u00f3-, este libro nos invita a aferrarnos a una buena noticia que podr\u00edamos olvidar cuando estamos desolados: \u00a1Hay redenci\u00f3n!\u00a0\" \/>\n<meta property=\"og:url\" content=\"https:\/\/libreriaguadalupe.com.ar\/libreria\/producto\/el-eco-de-los-que-te-buscan-perdidos\/\" \/>\n<meta property=\"og:site_name\" content=\"Editorial Guadalupe de Argentina\" \/>\n<meta property=\"article:publisher\" content=\"https:\/\/www.facebook.com\/LibreriaGuadalupeAR\/\" \/>\n<meta property=\"article:modified_time\" content=\"2025-09-24T18:26:50+00:00\" \/>\n<meta property=\"og:image\" content=\"https:\/\/libreriaguadalupe.com.ar\/libreria\/wp-content\/uploads\/2025\/09\/1-5.png\" \/>\n\t<meta property=\"og:image:width\" content=\"1080\" \/>\n\t<meta property=\"og:image:height\" content=\"1350\" \/>\n\t<meta property=\"og:image:type\" content=\"image\/png\" \/>\n<meta name=\"twitter:card\" content=\"summary_large_image\" \/>\n<meta name=\"twitter:label1\" content=\"Tiempo de lectura\" \/>\n\t<meta name=\"twitter:data1\" content=\"2 minutos\" \/>\n<script type=\"application\/ld+json\" class=\"yoast-schema-graph\">{\"@context\":\"https:\\\/\\\/schema.org\",\"@graph\":[{\"@type\":\"WebPage\",\"@id\":\"https:\\\/\\\/libreriaguadalupe.com.ar\\\/libreria\\\/producto\\\/el-eco-de-los-que-te-buscan-perdidos\\\/\",\"url\":\"https:\\\/\\\/libreriaguadalupe.com.ar\\\/libreria\\\/producto\\\/el-eco-de-los-que-te-buscan-perdidos\\\/\",\"name\":\"El eco de los que te buscan perdidos\",\"isPartOf\":{\"@id\":\"https:\\\/\\\/libreriaguadalupe.com.ar\\\/libreria\\\/#website\"},\"primaryImageOfPage\":{\"@id\":\"https:\\\/\\\/libreriaguadalupe.com.ar\\\/libreria\\\/producto\\\/el-eco-de-los-que-te-buscan-perdidos\\\/#primaryimage\"},\"image\":{\"@id\":\"https:\\\/\\\/libreriaguadalupe.com.ar\\\/libreria\\\/producto\\\/el-eco-de-los-que-te-buscan-perdidos\\\/#primaryimage\"},\"thumbnailUrl\":\"https:\\\/\\\/i0.wp.com\\\/libreriaguadalupe.com.ar\\\/libreria\\\/wp-content\\\/uploads\\\/2025\\\/09\\\/1-5.png?fit=1080%2C1350&ssl=1\",\"datePublished\":\"2025-09-24T18:15:18+00:00\",\"dateModified\":\"2025-09-24T18:26:50+00:00\",\"description\":\"A trav\u00e9s de historias reales y de ficci\u00f3n -inspiradas en vidas muy sufridas que Eduardo Meana Laporte acompa\u00f1\u00f3-, este libro nos invita a aferrarnos a una buena noticia que podr\u00edamos olvidar cuando estamos desolados: \u00a1Hay redenci\u00f3n!\u00a0\",\"breadcrumb\":{\"@id\":\"https:\\\/\\\/libreriaguadalupe.com.ar\\\/libreria\\\/producto\\\/el-eco-de-los-que-te-buscan-perdidos\\\/#breadcrumb\"},\"inLanguage\":\"es\",\"potentialAction\":[{\"@type\":\"ReadAction\",\"target\":[\"https:\\\/\\\/libreriaguadalupe.com.ar\\\/libreria\\\/producto\\\/el-eco-de-los-que-te-buscan-perdidos\\\/\"]}]},{\"@type\":\"ImageObject\",\"inLanguage\":\"es\",\"@id\":\"https:\\\/\\\/libreriaguadalupe.com.ar\\\/libreria\\\/producto\\\/el-eco-de-los-que-te-buscan-perdidos\\\/#primaryimage\",\"url\":\"https:\\\/\\\/i0.wp.com\\\/libreriaguadalupe.com.ar\\\/libreria\\\/wp-content\\\/uploads\\\/2025\\\/09\\\/1-5.png?fit=1080%2C1350&ssl=1\",\"contentUrl\":\"https:\\\/\\\/i0.wp.com\\\/libreriaguadalupe.com.ar\\\/libreria\\\/wp-content\\\/uploads\\\/2025\\\/09\\\/1-5.png?fit=1080%2C1350&ssl=1\",\"width\":1080,\"height\":1350},{\"@type\":\"BreadcrumbList\",\"@id\":\"https:\\\/\\\/libreriaguadalupe.com.ar\\\/libreria\\\/producto\\\/el-eco-de-los-que-te-buscan-perdidos\\\/#breadcrumb\",\"itemListElement\":[{\"@type\":\"ListItem\",\"position\":1,\"name\":\"Portada\",\"item\":\"https:\\\/\\\/libreriaguadalupe.com.ar\\\/libreria\\\/\"},{\"@type\":\"ListItem\",\"position\":2,\"name\":\"Tienda\",\"item\":\"https:\\\/\\\/libreriaguadalupe.com.ar\\\/libreria\\\/\"},{\"@type\":\"ListItem\",\"position\":3,\"name\":\"\u00abEl eco de los que te buscan perdidos\u00bb\"}]},{\"@type\":\"WebSite\",\"@id\":\"https:\\\/\\\/libreriaguadalupe.com.ar\\\/libreria\\\/#website\",\"url\":\"https:\\\/\\\/libreriaguadalupe.com.ar\\\/libreria\\\/\",\"name\":\"Editorial Guadalupe de Argentina\",\"description\":\"Congregaci\u00f3n del Verbo Divino\",\"publisher\":{\"@id\":\"https:\\\/\\\/libreriaguadalupe.com.ar\\\/libreria\\\/#organization\"},\"alternateName\":\"Librer\u00eda Guadalupe\",\"potentialAction\":[{\"@type\":\"SearchAction\",\"target\":{\"@type\":\"EntryPoint\",\"urlTemplate\":\"https:\\\/\\\/libreriaguadalupe.com.ar\\\/libreria\\\/?s={search_term_string}\"},\"query-input\":{\"@type\":\"PropertyValueSpecification\",\"valueRequired\":true,\"valueName\":\"search_term_string\"}}],\"inLanguage\":\"es\"},{\"@type\":\"Organization\",\"@id\":\"https:\\\/\\\/libreriaguadalupe.com.ar\\\/libreria\\\/#organization\",\"name\":\"Editorial Guadalupe\",\"alternateName\":\"Librer\u00eda Guadalupe\",\"url\":\"https:\\\/\\\/libreriaguadalupe.com.ar\\\/libreria\\\/\",\"logo\":{\"@type\":\"ImageObject\",\"inLanguage\":\"es\",\"@id\":\"https:\\\/\\\/libreriaguadalupe.com.ar\\\/libreria\\\/#\\\/schema\\\/logo\\\/image\\\/\",\"url\":\"https:\\\/\\\/i0.wp.com\\\/libreriaguadalupe.com.ar\\\/libreria\\\/wp-content\\\/uploads\\\/2023\\\/01\\\/cropped-logo-editorial-guadalupe.webp?fit=500%2C100&ssl=1\",\"contentUrl\":\"https:\\\/\\\/i0.wp.com\\\/libreriaguadalupe.com.ar\\\/libreria\\\/wp-content\\\/uploads\\\/2023\\\/01\\\/cropped-logo-editorial-guadalupe.webp?fit=500%2C100&ssl=1\",\"width\":500,\"height\":100,\"caption\":\"Editorial Guadalupe\"},\"image\":{\"@id\":\"https:\\\/\\\/libreriaguadalupe.com.ar\\\/libreria\\\/#\\\/schema\\\/logo\\\/image\\\/\"},\"sameAs\":[\"https:\\\/\\\/www.facebook.com\\\/LibreriaGuadalupeAR\\\/\",\"https:\\\/\\\/www.instagram.com\\\/editorialguadalupe\\\/\",\"https:\\\/\\\/guadalupeeditorial.mercadoshops.com.ar\\\/\"]}]}<\/script>\n<!-- \/ Yoast SEO plugin. -->","yoast_head_json":{"title":"El eco de los que te buscan perdidos","description":"A trav\u00e9s de historias reales y de ficci\u00f3n -inspiradas en vidas muy sufridas que Eduardo Meana Laporte acompa\u00f1\u00f3-, este libro nos invita a aferrarnos a una buena noticia que podr\u00edamos olvidar cuando estamos desolados: \u00a1Hay redenci\u00f3n!\u00a0","robots":{"index":"index","follow":"follow","max-snippet":"max-snippet:-1","max-image-preview":"max-image-preview:large","max-video-preview":"max-video-preview:-1"},"canonical":"https:\/\/libreriaguadalupe.com.ar\/libreria\/producto\/el-eco-de-los-que-te-buscan-perdidos\/","og_locale":"es_ES","og_type":"article","og_title":"El eco de los que te buscan perdidos","og_description":"A trav\u00e9s de historias reales y de ficci\u00f3n -inspiradas en vidas muy sufridas que Eduardo Meana Laporte acompa\u00f1\u00f3-, este libro nos invita a aferrarnos a una buena noticia que podr\u00edamos olvidar cuando estamos desolados: \u00a1Hay redenci\u00f3n!\u00a0","og_url":"https:\/\/libreriaguadalupe.com.ar\/libreria\/producto\/el-eco-de-los-que-te-buscan-perdidos\/","og_site_name":"Editorial Guadalupe de Argentina","article_publisher":"https:\/\/www.facebook.com\/LibreriaGuadalupeAR\/","article_modified_time":"2025-09-24T18:26:50+00:00","og_image":[{"width":1080,"height":1350,"url":"https:\/\/libreriaguadalupe.com.ar\/libreria\/wp-content\/uploads\/2025\/09\/1-5.png","type":"image\/png"}],"twitter_card":"summary_large_image","twitter_misc":{"Tiempo de lectura":"2 minutos"},"schema":{"@context":"https:\/\/schema.org","@graph":[{"@type":"WebPage","@id":"https:\/\/libreriaguadalupe.com.ar\/libreria\/producto\/el-eco-de-los-que-te-buscan-perdidos\/","url":"https:\/\/libreriaguadalupe.com.ar\/libreria\/producto\/el-eco-de-los-que-te-buscan-perdidos\/","name":"El eco de los que te buscan perdidos","isPartOf":{"@id":"https:\/\/libreriaguadalupe.com.ar\/libreria\/#website"},"primaryImageOfPage":{"@id":"https:\/\/libreriaguadalupe.com.ar\/libreria\/producto\/el-eco-de-los-que-te-buscan-perdidos\/#primaryimage"},"image":{"@id":"https:\/\/libreriaguadalupe.com.ar\/libreria\/producto\/el-eco-de-los-que-te-buscan-perdidos\/#primaryimage"},"thumbnailUrl":"https:\/\/i0.wp.com\/libreriaguadalupe.com.ar\/libreria\/wp-content\/uploads\/2025\/09\/1-5.png?fit=1080%2C1350&ssl=1","datePublished":"2025-09-24T18:15:18+00:00","dateModified":"2025-09-24T18:26:50+00:00","description":"A trav\u00e9s de historias reales y de ficci\u00f3n -inspiradas en vidas muy sufridas que Eduardo Meana Laporte acompa\u00f1\u00f3-, este libro nos invita a aferrarnos a una buena noticia que podr\u00edamos olvidar cuando estamos desolados: \u00a1Hay redenci\u00f3n!\u00a0","breadcrumb":{"@id":"https:\/\/libreriaguadalupe.com.ar\/libreria\/producto\/el-eco-de-los-que-te-buscan-perdidos\/#breadcrumb"},"inLanguage":"es","potentialAction":[{"@type":"ReadAction","target":["https:\/\/libreriaguadalupe.com.ar\/libreria\/producto\/el-eco-de-los-que-te-buscan-perdidos\/"]}]},{"@type":"ImageObject","inLanguage":"es","@id":"https:\/\/libreriaguadalupe.com.ar\/libreria\/producto\/el-eco-de-los-que-te-buscan-perdidos\/#primaryimage","url":"https:\/\/i0.wp.com\/libreriaguadalupe.com.ar\/libreria\/wp-content\/uploads\/2025\/09\/1-5.png?fit=1080%2C1350&ssl=1","contentUrl":"https:\/\/i0.wp.com\/libreriaguadalupe.com.ar\/libreria\/wp-content\/uploads\/2025\/09\/1-5.png?fit=1080%2C1350&ssl=1","width":1080,"height":1350},{"@type":"BreadcrumbList","@id":"https:\/\/libreriaguadalupe.com.ar\/libreria\/producto\/el-eco-de-los-que-te-buscan-perdidos\/#breadcrumb","itemListElement":[{"@type":"ListItem","position":1,"name":"Portada","item":"https:\/\/libreriaguadalupe.com.ar\/libreria\/"},{"@type":"ListItem","position":2,"name":"Tienda","item":"https:\/\/libreriaguadalupe.com.ar\/libreria\/"},{"@type":"ListItem","position":3,"name":"\u00abEl eco de los que te buscan perdidos\u00bb"}]},{"@type":"WebSite","@id":"https:\/\/libreriaguadalupe.com.ar\/libreria\/#website","url":"https:\/\/libreriaguadalupe.com.ar\/libreria\/","name":"Editorial Guadalupe de Argentina","description":"Congregaci\u00f3n del Verbo Divino","publisher":{"@id":"https:\/\/libreriaguadalupe.com.ar\/libreria\/#organization"},"alternateName":"Librer\u00eda Guadalupe","potentialAction":[{"@type":"SearchAction","target":{"@type":"EntryPoint","urlTemplate":"https:\/\/libreriaguadalupe.com.ar\/libreria\/?s={search_term_string}"},"query-input":{"@type":"PropertyValueSpecification","valueRequired":true,"valueName":"search_term_string"}}],"inLanguage":"es"},{"@type":"Organization","@id":"https:\/\/libreriaguadalupe.com.ar\/libreria\/#organization","name":"Editorial Guadalupe","alternateName":"Librer\u00eda Guadalupe","url":"https:\/\/libreriaguadalupe.com.ar\/libreria\/","logo":{"@type":"ImageObject","inLanguage":"es","@id":"https:\/\/libreriaguadalupe.com.ar\/libreria\/#\/schema\/logo\/image\/","url":"https:\/\/i0.wp.com\/libreriaguadalupe.com.ar\/libreria\/wp-content\/uploads\/2023\/01\/cropped-logo-editorial-guadalupe.webp?fit=500%2C100&ssl=1","contentUrl":"https:\/\/i0.wp.com\/libreriaguadalupe.com.ar\/libreria\/wp-content\/uploads\/2023\/01\/cropped-logo-editorial-guadalupe.webp?fit=500%2C100&ssl=1","width":500,"height":100,"caption":"Editorial Guadalupe"},"image":{"@id":"https:\/\/libreriaguadalupe.com.ar\/libreria\/#\/schema\/logo\/image\/"},"sameAs":["https:\/\/www.facebook.com\/LibreriaGuadalupeAR\/","https:\/\/www.instagram.com\/editorialguadalupe\/","https:\/\/guadalupeeditorial.mercadoshops.com.ar\/"]}]}},"jetpack_publicize_connections":[],"jetpack_sharing_enabled":true,"jetpack-related-posts":[{"id":19095,"url":"https:\/\/libreriaguadalupe.com.ar\/libreria\/producto\/la-huella-de-los-que-te-buscan-sedientos\/","url_meta":{"origin":19090,"position":0},"title":"\u00abLa huella de los que te buscan sedientos\u00bb","author":"Mariano Zuqui","date":"24\/09\/2025","format":false,"excerpt":"Autor: Eduardo Meana Laporte T\u00edtulo: \u201cLa huella de los que te buscan sedientos\" ISBN:978-950-500-969-5 Formato: 15 (ancho) x 22 (alto) cms. Interior: 1\/1 color Papel: Bookcel 80 grs. N\u00ba de P\u00e1ginas: 224 Tapa:4 Colores - Cartulina - Laminado mate Encuadernaci\u00f3n: Binder \u00a0 \u00a0","rel":"","context":"Entrada similar","block_context":{"text":"Entrada similar","link":""},"img":{"alt_text":"","src":"https:\/\/i0.wp.com\/libreriaguadalupe.com.ar\/libreria\/wp-content\/uploads\/2025\/09\/1-6.png?fit=960%2C1200&ssl=1&resize=350%2C200","width":350,"height":200,"srcset":"https:\/\/i0.wp.com\/libreriaguadalupe.com.ar\/libreria\/wp-content\/uploads\/2025\/09\/1-6.png?fit=960%2C1200&ssl=1&resize=350%2C200 1x, https:\/\/i0.wp.com\/libreriaguadalupe.com.ar\/libreria\/wp-content\/uploads\/2025\/09\/1-6.png?fit=960%2C1200&ssl=1&resize=525%2C300 1.5x, https:\/\/i0.wp.com\/libreriaguadalupe.com.ar\/libreria\/wp-content\/uploads\/2025\/09\/1-6.png?fit=960%2C1200&ssl=1&resize=700%2C400 2x"},"classes":[]},{"id":15973,"url":"https:\/\/libreriaguadalupe.com.ar\/libreria\/producto\/no-me-averguenzo-del-evangelio-e-book\/","url_meta":{"origin":19090,"position":1},"title":"No me averg\u00fcenzo del evangelio (E-BOOK)","author":"admin","date":"12\/02\/2023","format":false,"excerpt":"EDICION DIGITAL AUTOR: LEONARDO LEGRAS [\u00a0VER M\u00c1S OBRAS\u00a0] ISBN: 9505007981","rel":"","context":"Entrada similar","block_context":{"text":"Entrada similar","link":""},"img":{"alt_text":"","src":"https:\/\/i0.wp.com\/libreriaguadalupe.com.ar\/libreria\/wp-content\/uploads\/2023\/02\/No-me-averguenzo-del-Evangelio.webp?fit=216%2C287&ssl=1&resize=350%2C200","width":350,"height":200},"classes":[]},{"id":18217,"url":"https:\/\/libreriaguadalupe.com.ar\/libreria\/producto\/en-busca-del-hilo-dorado\/","url_meta":{"origin":19090,"position":2},"title":"En busca del hilo dorado","author":"admin","date":"15\/08\/2024","format":false,"excerpt":"La Biblia y su mensaje central Autor: NIELS BERTHEL JOHANSEN ISBN: 978 950 500 933 6 Dimensiones: 15 x 23 cm P\u00e1ginas: 252","rel":"","context":"Entrada similar","block_context":{"text":"Entrada similar","link":""},"img":{"alt_text":"","src":"https:\/\/i0.wp.com\/libreriaguadalupe.com.ar\/libreria\/wp-content\/uploads\/2024\/08\/MES-DE-LA-BIBLIA-2024-guada1.jpg?fit=470%2C470&ssl=1&resize=350%2C200","width":350,"height":200},"classes":[]},{"id":16063,"url":"https:\/\/libreriaguadalupe.com.ar\/libreria\/producto\/asumir-para-transformar\/","url_meta":{"origin":19090,"position":3},"title":"Asumir para transformar","author":"admin","date":"12\/02\/2023","format":false,"excerpt":"Psico-teolog\u00eda de la conversi\u00f3n y la madurez afectiva (Predicaciones n\u00ba 10) AUTOR: CLAUDIO RIZZO ISBN: 9505008353","rel":"","context":"Entrada similar","block_context":{"text":"Entrada similar","link":""},"img":{"alt_text":"","src":"https:\/\/i0.wp.com\/libreriaguadalupe.com.ar\/libreria\/wp-content\/uploads\/2023\/02\/ASUMIR-PARA-TRANSFORMAR.jpg?fit=351%2C500&ssl=1&resize=350%2C200","width":350,"height":200},"classes":[]},{"id":14937,"url":"https:\/\/libreriaguadalupe.com.ar\/libreria\/producto\/365-dias-con-la-virgen-maria-2\/","url_meta":{"origin":19090,"position":4},"title":"365 d\u00edas con la Virgen Maria","author":"admin","date":"07\/02\/2023","format":false,"excerpt":"Es un libro para rezar y para volver a escribirlo de la mano de Mar\u00eda, a fin de reconocer los hermosos trazos de la voluntad diaria de Dios en la vida. AUTOR: GUSTAVO JAMUT ISBN: 9505007301","rel":"","context":"Entrada similar","block_context":{"text":"Entrada similar","link":""},"img":{"alt_text":"","src":"https:\/\/i0.wp.com\/libreriaguadalupe.com.ar\/libreria\/wp-content\/uploads\/2023\/01\/483.webp?fit=458%2C458&ssl=1&resize=350%2C200","width":350,"height":200},"classes":[]},{"id":13220,"url":"https:\/\/libreriaguadalupe.com.ar\/libreria\/producto\/de-la-oscuridad-a-jerusalen-estudio-exegeticoteologico-de-tobias-13\/","url_meta":{"origin":19090,"position":5},"title":"De la oscuridad a Jerusalen","author":"admin","date":"18\/01\/2023","format":false,"excerpt":"Estudio exeg\u00e9tico-teol\u00f3gico de Tob\u00edas 13 Autor: Emilio L\u00f3pez Navas ISBN: 8490732519 Dimensiones: 16 x 24 cm P\u00e1ginas: 496","rel":"","context":"Entrada similar","block_context":{"text":"Entrada similar","link":""},"img":{"alt_text":"","src":"https:\/\/i0.wp.com\/libreriaguadalupe.com.ar\/libreria\/wp-content\/uploads\/2023\/01\/De-la-oscuridad-a-Jerusalen.jpg?fit=380%2C586&ssl=1&resize=350%2C200","width":350,"height":200},"classes":[]}],"_links":{"self":[{"href":"https:\/\/libreriaguadalupe.com.ar\/libreria\/wp-json\/wp\/v2\/product\/19090","targetHints":{"allow":["GET"]}}],"collection":[{"href":"https:\/\/libreriaguadalupe.com.ar\/libreria\/wp-json\/wp\/v2\/product"}],"about":[{"href":"https:\/\/libreriaguadalupe.com.ar\/libreria\/wp-json\/wp\/v2\/types\/product"}],"replies":[{"embeddable":true,"href":"https:\/\/libreriaguadalupe.com.ar\/libreria\/wp-json\/wp\/v2\/comments?post=19090"}],"version-history":[{"count":1,"href":"https:\/\/libreriaguadalupe.com.ar\/libreria\/wp-json\/wp\/v2\/product\/19090\/revisions"}],"predecessor-version":[{"id":19094,"href":"https:\/\/libreriaguadalupe.com.ar\/libreria\/wp-json\/wp\/v2\/product\/19090\/revisions\/19094"}],"wp:featuredmedia":[{"embeddable":true,"href":"https:\/\/libreriaguadalupe.com.ar\/libreria\/wp-json\/wp\/v2\/media\/19091"}],"wp:attachment":[{"href":"https:\/\/libreriaguadalupe.com.ar\/libreria\/wp-json\/wp\/v2\/media?parent=19090"}],"wp:term":[{"taxonomy":"product_brand","embeddable":true,"href":"https:\/\/libreriaguadalupe.com.ar\/libreria\/wp-json\/wp\/v2\/product_brand?post=19090"},{"taxonomy":"product_cat","embeddable":true,"href":"https:\/\/libreriaguadalupe.com.ar\/libreria\/wp-json\/wp\/v2\/product_cat?post=19090"},{"taxonomy":"product_tag","embeddable":true,"href":"https:\/\/libreriaguadalupe.com.ar\/libreria\/wp-json\/wp\/v2\/product_tag?post=19090"}],"curies":[{"name":"wp","href":"https:\/\/api.w.org\/{rel}","templated":true}]}}