{"id":19084,"date":"2025-09-24T14:57:11","date_gmt":"2025-09-24T17:57:11","guid":{"rendered":"https:\/\/libreriaguadalupe.com.ar\/libreria\/?post_type=product&#038;p=19084"},"modified":"2025-09-24T15:06:26","modified_gmt":"2025-09-24T18:06:26","slug":"llamados-a-vivir-en-plenitud","status":"publish","type":"product","link":"https:\/\/libreriaguadalupe.com.ar\/libreria\/producto\/llamados-a-vivir-en-plenitud\/","title":{"rendered":"\u00abLlamados a vivir en plenitud\u00bb"},"content":{"rendered":"<p class=\"p1\"><b>Rese\u00f1a<\/b><\/p>\n<p class=\"p3\">Las autoras nos comparten que, a pesar de todo lo escrito y transmitido de diferente manera, sigue latiendo en sus corazones un grito clamoroso que no podemos callar, una vertiente que surge como caudal de agua fresca y puja desde adentro, queriendo salir a la luz. Es la necesidad de seguir invitando a darnos cuenta de todo lo que Dios nos dio y sigue dando: su inabarcable Amor; la riqueza inmensa del Evangelio; todo lo que disponemos para ser felices y vivir plenamente; lo que tenemos ante nuestros ojos y no nos permitimos gozar y disfrutar a mano llena. Expresar una vez m\u00e1s que confiando enteramente en la Bondad y Cercan\u00eda de Dios, nuestra vida fluye serena y gozosamente.<span class=\"Apple-converted-space\">\u00a0<\/span><\/p>\n<p class=\"p3\">Este libro quiere ser un humilde eco de las palabras del mismo Buen Pastor que <i>\u201cvino para darnos la vida y vida en abundancia\u201d<\/i> y nos invita a adentrarnos en el misterio de su Amor, siempre de nuevo y volver a encontrar en \u00c9l la felicidad y plenitud a la que estamos llamados. El contenido de los temas de este libro es muy conocido, de una u otra manera, hasta podemos decir peligrosamente conocido. El peligro consiste en acostumbrarnos tanto a determinadas verdades de nuestra fe o textos b\u00edblicos, que ya dejan de conmovernos o asombrarnos, ni llegan a cambiarnos la vida. La propuesta entonces, es asomarnos sigilosamente, en puntas de pie, a cada uno de los misterios, volver a respirar estas verdades, una y otra vez, despertando nuestra capacidad de asombro frente a lo inescudri\u00f1able de los mismos. Respiremos hasta que se apoderen de nuestra mente como de nuestro coraz\u00f3n y hasta que, en cada c\u00e9lula de nuestro cuerpo, el Evangelio se vea encarnado.<span class=\"Apple-converted-space\">\u00a0<\/span><\/p>\n<p class=\"p3\"><b>\u201cLlamados a vivir en plenitud\u201d<\/b> es tambi\u00e9n una invitaci\u00f3n a <span class=\"Apple-converted-space\">\u00a0 <\/span>bucear en su insondable profundidad y emerger cada d\u00eda, m\u00e1s transformados. <span class=\"Apple-converted-space\">\u00a0<\/span><\/p>\n<p class=\"p3\">El desaf\u00edo de este libro es aproximarnos a los textos, como si nos encontr\u00e1ramos por primera vez con las verdades de su contenido. Dejarnos sorprender por las lecturas b\u00edblicas y<b> <\/b>tomar consciencia de la profundidad de los misterios en los que creemos. <span class=\"Apple-converted-space\">\u00a0<\/span><\/p>\n<p class=\"p3\">Estos misterios son insondables, por eso, no importa la madurez espiritual que cada uno tenga, necesitamos una y otra vez, volver a zambullirnos en las profundidades del Amor de Dios. <span class=\"Apple-converted-space\">\u00a0<\/span><\/p>\n","protected":false},"excerpt":{"rendered":"<p>Autor: Mar\u00eda In\u00e9s Castro &#8211; Irene Rosa Klein<br \/>\nT\u00edtulo: \u201cLlamados a Vivir en Plenitud\u00bb<br \/>\nISBN:978-950-500-965-7<br \/>\nFormato: 15,5 (ancho) x 22,5 (alto) cms.<br \/>\nInterior: 1\/1 color<br \/>\nPapel: Bookcel 80 grs.<br \/>\nN\u00ba de P\u00e1ginas: 200<br \/>\nTapa:4 Colores &#8211; Cartulina &#8211; Laminado mate<br \/>\nEncuadernaci\u00f3n: Binder<\/p>\n<p>&nbsp;<\/p>\n<p>&nbsp;<\/p>\n","protected":false},"featured_media":19085,"comment_status":"open","ping_status":"closed","template":"","meta":{"jetpack_publicize_message":"","jetpack_publicize_feature_enabled":true,"jetpack_social_post_already_shared":true,"jetpack_social_options":{"image_generator_settings":{"template":"highway","default_image_id":0,"font":"","enabled":false},"version":2}},"product_brand":[],"product_cat":[125,88,121],"product_tag":[127,174,164,163,199,173],"class_list":{"0":"post-19084","1":"product","2":"type-product","3":"status-publish","4":"has-post-thumbnail","6":"product_cat-novedades","7":"product_cat-espiritualidad-cultura-social","8":"product_cat-guadalupe","9":"product_tag-editorial-guadalupe-de-argentina","10":"product_tag-irene-rosa-klein","11":"product_tag-jubileo-de-la-esperanza","12":"product_tag-jubileo-ordinario-2025","13":"product_tag-llamados-a-vivir-en-plenitud","14":"product_tag-maria-ines-castro","16":"first","17":"instock","18":"shipping-taxable","19":"purchasable","20":"product-type-simple"},"yoast_head":"<!-- This site is optimized with the Yoast SEO plugin v27.4 - https:\/\/yoast.com\/product\/yoast-seo-wordpress\/ -->\n<title>Llamados a vivir en plenitud<\/title>\n<meta name=\"description\" content=\"Las autoras nos comparten que, a pesar de todo lo escrito y transmitido de diferente manera, sigue latiendo en sus corazones un grito clamoroso que no podemos callar, una vertiente que surge como caudal de agua fresca y puja desde adentro, queriendo salir a la luz.\" \/>\n<meta name=\"robots\" content=\"index, follow, max-snippet:-1, max-image-preview:large, max-video-preview:-1\" \/>\n<link rel=\"canonical\" href=\"https:\/\/libreriaguadalupe.com.ar\/libreria\/producto\/llamados-a-vivir-en-plenitud\/\" \/>\n<meta property=\"og:locale\" content=\"es_ES\" \/>\n<meta property=\"og:type\" content=\"article\" \/>\n<meta property=\"og:title\" content=\"Llamados a vivir en plenitud\" \/>\n<meta property=\"og:description\" content=\"Las autoras nos comparten que, a pesar de todo lo escrito y transmitido de diferente manera, sigue latiendo en sus corazones un grito clamoroso que no podemos callar, una vertiente que surge como caudal de agua fresca y puja desde adentro, queriendo salir a la luz.\" \/>\n<meta property=\"og:url\" content=\"https:\/\/libreriaguadalupe.com.ar\/libreria\/producto\/llamados-a-vivir-en-plenitud\/\" \/>\n<meta property=\"og:site_name\" content=\"Editorial Guadalupe de Argentina\" \/>\n<meta property=\"article:publisher\" content=\"https:\/\/www.facebook.com\/LibreriaGuadalupeAR\/\" \/>\n<meta property=\"article:modified_time\" content=\"2025-09-24T18:06:26+00:00\" \/>\n<meta property=\"og:image\" content=\"https:\/\/libreriaguadalupe.com.ar\/libreria\/wp-content\/uploads\/2025\/09\/1-4.png\" \/>\n\t<meta property=\"og:image:width\" content=\"1080\" \/>\n\t<meta property=\"og:image:height\" content=\"1350\" \/>\n\t<meta property=\"og:image:type\" content=\"image\/png\" \/>\n<meta name=\"twitter:card\" content=\"summary_large_image\" \/>\n<meta name=\"twitter:label1\" content=\"Tiempo de lectura\" \/>\n\t<meta name=\"twitter:data1\" content=\"2 minutos\" \/>\n<script type=\"application\/ld+json\" class=\"yoast-schema-graph\">{\"@context\":\"https:\\\/\\\/schema.org\",\"@graph\":[{\"@type\":\"WebPage\",\"@id\":\"https:\\\/\\\/libreriaguadalupe.com.ar\\\/libreria\\\/producto\\\/llamados-a-vivir-en-plenitud\\\/\",\"url\":\"https:\\\/\\\/libreriaguadalupe.com.ar\\\/libreria\\\/producto\\\/llamados-a-vivir-en-plenitud\\\/\",\"name\":\"Llamados a vivir en plenitud\",\"isPartOf\":{\"@id\":\"https:\\\/\\\/libreriaguadalupe.com.ar\\\/libreria\\\/#website\"},\"primaryImageOfPage\":{\"@id\":\"https:\\\/\\\/libreriaguadalupe.com.ar\\\/libreria\\\/producto\\\/llamados-a-vivir-en-plenitud\\\/#primaryimage\"},\"image\":{\"@id\":\"https:\\\/\\\/libreriaguadalupe.com.ar\\\/libreria\\\/producto\\\/llamados-a-vivir-en-plenitud\\\/#primaryimage\"},\"thumbnailUrl\":\"https:\\\/\\\/i0.wp.com\\\/libreriaguadalupe.com.ar\\\/libreria\\\/wp-content\\\/uploads\\\/2025\\\/09\\\/1-4.png?fit=1080%2C1350&ssl=1\",\"datePublished\":\"2025-09-24T17:57:11+00:00\",\"dateModified\":\"2025-09-24T18:06:26+00:00\",\"description\":\"Las autoras nos comparten que, a pesar de todo lo escrito y transmitido de diferente manera, sigue latiendo en sus corazones un grito clamoroso que no podemos callar, una vertiente que surge como caudal de agua fresca y puja desde adentro, queriendo salir a la luz.\",\"breadcrumb\":{\"@id\":\"https:\\\/\\\/libreriaguadalupe.com.ar\\\/libreria\\\/producto\\\/llamados-a-vivir-en-plenitud\\\/#breadcrumb\"},\"inLanguage\":\"es\",\"potentialAction\":[{\"@type\":\"ReadAction\",\"target\":[\"https:\\\/\\\/libreriaguadalupe.com.ar\\\/libreria\\\/producto\\\/llamados-a-vivir-en-plenitud\\\/\"]}]},{\"@type\":\"ImageObject\",\"inLanguage\":\"es\",\"@id\":\"https:\\\/\\\/libreriaguadalupe.com.ar\\\/libreria\\\/producto\\\/llamados-a-vivir-en-plenitud\\\/#primaryimage\",\"url\":\"https:\\\/\\\/i0.wp.com\\\/libreriaguadalupe.com.ar\\\/libreria\\\/wp-content\\\/uploads\\\/2025\\\/09\\\/1-4.png?fit=1080%2C1350&ssl=1\",\"contentUrl\":\"https:\\\/\\\/i0.wp.com\\\/libreriaguadalupe.com.ar\\\/libreria\\\/wp-content\\\/uploads\\\/2025\\\/09\\\/1-4.png?fit=1080%2C1350&ssl=1\",\"width\":1080,\"height\":1350},{\"@type\":\"BreadcrumbList\",\"@id\":\"https:\\\/\\\/libreriaguadalupe.com.ar\\\/libreria\\\/producto\\\/llamados-a-vivir-en-plenitud\\\/#breadcrumb\",\"itemListElement\":[{\"@type\":\"ListItem\",\"position\":1,\"name\":\"Portada\",\"item\":\"https:\\\/\\\/libreriaguadalupe.com.ar\\\/libreria\\\/\"},{\"@type\":\"ListItem\",\"position\":2,\"name\":\"Tienda\",\"item\":\"https:\\\/\\\/libreriaguadalupe.com.ar\\\/libreria\\\/\"},{\"@type\":\"ListItem\",\"position\":3,\"name\":\"\u00abLlamados a vivir en plenitud\u00bb\"}]},{\"@type\":\"WebSite\",\"@id\":\"https:\\\/\\\/libreriaguadalupe.com.ar\\\/libreria\\\/#website\",\"url\":\"https:\\\/\\\/libreriaguadalupe.com.ar\\\/libreria\\\/\",\"name\":\"Editorial Guadalupe de Argentina\",\"description\":\"Congregaci\u00f3n del Verbo Divino\",\"publisher\":{\"@id\":\"https:\\\/\\\/libreriaguadalupe.com.ar\\\/libreria\\\/#organization\"},\"alternateName\":\"Librer\u00eda Guadalupe\",\"potentialAction\":[{\"@type\":\"SearchAction\",\"target\":{\"@type\":\"EntryPoint\",\"urlTemplate\":\"https:\\\/\\\/libreriaguadalupe.com.ar\\\/libreria\\\/?s={search_term_string}\"},\"query-input\":{\"@type\":\"PropertyValueSpecification\",\"valueRequired\":true,\"valueName\":\"search_term_string\"}}],\"inLanguage\":\"es\"},{\"@type\":\"Organization\",\"@id\":\"https:\\\/\\\/libreriaguadalupe.com.ar\\\/libreria\\\/#organization\",\"name\":\"Editorial Guadalupe\",\"alternateName\":\"Librer\u00eda Guadalupe\",\"url\":\"https:\\\/\\\/libreriaguadalupe.com.ar\\\/libreria\\\/\",\"logo\":{\"@type\":\"ImageObject\",\"inLanguage\":\"es\",\"@id\":\"https:\\\/\\\/libreriaguadalupe.com.ar\\\/libreria\\\/#\\\/schema\\\/logo\\\/image\\\/\",\"url\":\"https:\\\/\\\/i0.wp.com\\\/libreriaguadalupe.com.ar\\\/libreria\\\/wp-content\\\/uploads\\\/2023\\\/01\\\/cropped-logo-editorial-guadalupe.webp?fit=500%2C100&ssl=1\",\"contentUrl\":\"https:\\\/\\\/i0.wp.com\\\/libreriaguadalupe.com.ar\\\/libreria\\\/wp-content\\\/uploads\\\/2023\\\/01\\\/cropped-logo-editorial-guadalupe.webp?fit=500%2C100&ssl=1\",\"width\":500,\"height\":100,\"caption\":\"Editorial Guadalupe\"},\"image\":{\"@id\":\"https:\\\/\\\/libreriaguadalupe.com.ar\\\/libreria\\\/#\\\/schema\\\/logo\\\/image\\\/\"},\"sameAs\":[\"https:\\\/\\\/www.facebook.com\\\/LibreriaGuadalupeAR\\\/\",\"https:\\\/\\\/www.instagram.com\\\/editorialguadalupe\\\/\",\"https:\\\/\\\/guadalupeeditorial.mercadoshops.com.ar\\\/\"]}]}<\/script>\n<!-- \/ Yoast SEO plugin. -->","yoast_head_json":{"title":"Llamados a vivir en plenitud","description":"Las autoras nos comparten que, a pesar de todo lo escrito y transmitido de diferente manera, sigue latiendo en sus corazones un grito clamoroso que no podemos callar, una vertiente que surge como caudal de agua fresca y puja desde adentro, queriendo salir a la luz.","robots":{"index":"index","follow":"follow","max-snippet":"max-snippet:-1","max-image-preview":"max-image-preview:large","max-video-preview":"max-video-preview:-1"},"canonical":"https:\/\/libreriaguadalupe.com.ar\/libreria\/producto\/llamados-a-vivir-en-plenitud\/","og_locale":"es_ES","og_type":"article","og_title":"Llamados a vivir en plenitud","og_description":"Las autoras nos comparten que, a pesar de todo lo escrito y transmitido de diferente manera, sigue latiendo en sus corazones un grito clamoroso que no podemos callar, una vertiente que surge como caudal de agua fresca y puja desde adentro, queriendo salir a la luz.","og_url":"https:\/\/libreriaguadalupe.com.ar\/libreria\/producto\/llamados-a-vivir-en-plenitud\/","og_site_name":"Editorial Guadalupe de Argentina","article_publisher":"https:\/\/www.facebook.com\/LibreriaGuadalupeAR\/","article_modified_time":"2025-09-24T18:06:26+00:00","og_image":[{"width":1080,"height":1350,"url":"https:\/\/libreriaguadalupe.com.ar\/libreria\/wp-content\/uploads\/2025\/09\/1-4.png","type":"image\/png"}],"twitter_card":"summary_large_image","twitter_misc":{"Tiempo de lectura":"2 minutos"},"schema":{"@context":"https:\/\/schema.org","@graph":[{"@type":"WebPage","@id":"https:\/\/libreriaguadalupe.com.ar\/libreria\/producto\/llamados-a-vivir-en-plenitud\/","url":"https:\/\/libreriaguadalupe.com.ar\/libreria\/producto\/llamados-a-vivir-en-plenitud\/","name":"Llamados a vivir en plenitud","isPartOf":{"@id":"https:\/\/libreriaguadalupe.com.ar\/libreria\/#website"},"primaryImageOfPage":{"@id":"https:\/\/libreriaguadalupe.com.ar\/libreria\/producto\/llamados-a-vivir-en-plenitud\/#primaryimage"},"image":{"@id":"https:\/\/libreriaguadalupe.com.ar\/libreria\/producto\/llamados-a-vivir-en-plenitud\/#primaryimage"},"thumbnailUrl":"https:\/\/i0.wp.com\/libreriaguadalupe.com.ar\/libreria\/wp-content\/uploads\/2025\/09\/1-4.png?fit=1080%2C1350&ssl=1","datePublished":"2025-09-24T17:57:11+00:00","dateModified":"2025-09-24T18:06:26+00:00","description":"Las autoras nos comparten que, a pesar de todo lo escrito y transmitido de diferente manera, sigue latiendo en sus corazones un grito clamoroso que no podemos callar, una vertiente que surge como caudal de agua fresca y puja desde adentro, queriendo salir a la luz.","breadcrumb":{"@id":"https:\/\/libreriaguadalupe.com.ar\/libreria\/producto\/llamados-a-vivir-en-plenitud\/#breadcrumb"},"inLanguage":"es","potentialAction":[{"@type":"ReadAction","target":["https:\/\/libreriaguadalupe.com.ar\/libreria\/producto\/llamados-a-vivir-en-plenitud\/"]}]},{"@type":"ImageObject","inLanguage":"es","@id":"https:\/\/libreriaguadalupe.com.ar\/libreria\/producto\/llamados-a-vivir-en-plenitud\/#primaryimage","url":"https:\/\/i0.wp.com\/libreriaguadalupe.com.ar\/libreria\/wp-content\/uploads\/2025\/09\/1-4.png?fit=1080%2C1350&ssl=1","contentUrl":"https:\/\/i0.wp.com\/libreriaguadalupe.com.ar\/libreria\/wp-content\/uploads\/2025\/09\/1-4.png?fit=1080%2C1350&ssl=1","width":1080,"height":1350},{"@type":"BreadcrumbList","@id":"https:\/\/libreriaguadalupe.com.ar\/libreria\/producto\/llamados-a-vivir-en-plenitud\/#breadcrumb","itemListElement":[{"@type":"ListItem","position":1,"name":"Portada","item":"https:\/\/libreriaguadalupe.com.ar\/libreria\/"},{"@type":"ListItem","position":2,"name":"Tienda","item":"https:\/\/libreriaguadalupe.com.ar\/libreria\/"},{"@type":"ListItem","position":3,"name":"\u00abLlamados a vivir en plenitud\u00bb"}]},{"@type":"WebSite","@id":"https:\/\/libreriaguadalupe.com.ar\/libreria\/#website","url":"https:\/\/libreriaguadalupe.com.ar\/libreria\/","name":"Editorial Guadalupe de Argentina","description":"Congregaci\u00f3n del Verbo Divino","publisher":{"@id":"https:\/\/libreriaguadalupe.com.ar\/libreria\/#organization"},"alternateName":"Librer\u00eda Guadalupe","potentialAction":[{"@type":"SearchAction","target":{"@type":"EntryPoint","urlTemplate":"https:\/\/libreriaguadalupe.com.ar\/libreria\/?s={search_term_string}"},"query-input":{"@type":"PropertyValueSpecification","valueRequired":true,"valueName":"search_term_string"}}],"inLanguage":"es"},{"@type":"Organization","@id":"https:\/\/libreriaguadalupe.com.ar\/libreria\/#organization","name":"Editorial Guadalupe","alternateName":"Librer\u00eda Guadalupe","url":"https:\/\/libreriaguadalupe.com.ar\/libreria\/","logo":{"@type":"ImageObject","inLanguage":"es","@id":"https:\/\/libreriaguadalupe.com.ar\/libreria\/#\/schema\/logo\/image\/","url":"https:\/\/i0.wp.com\/libreriaguadalupe.com.ar\/libreria\/wp-content\/uploads\/2023\/01\/cropped-logo-editorial-guadalupe.webp?fit=500%2C100&ssl=1","contentUrl":"https:\/\/i0.wp.com\/libreriaguadalupe.com.ar\/libreria\/wp-content\/uploads\/2023\/01\/cropped-logo-editorial-guadalupe.webp?fit=500%2C100&ssl=1","width":500,"height":100,"caption":"Editorial Guadalupe"},"image":{"@id":"https:\/\/libreriaguadalupe.com.ar\/libreria\/#\/schema\/logo\/image\/"},"sameAs":["https:\/\/www.facebook.com\/LibreriaGuadalupeAR\/","https:\/\/www.instagram.com\/editorialguadalupe\/","https:\/\/guadalupeeditorial.mercadoshops.com.ar\/"]}]}},"jetpack_publicize_connections":[],"jetpack_sharing_enabled":true,"jetpack-related-posts":[{"id":16042,"url":"https:\/\/libreriaguadalupe.com.ar\/libreria\/producto\/la-fiesta-del-abrazo\/","url_meta":{"origin":19084,"position":0},"title":"La Fiesta del Abrazo","author":"admin","date":"12\/02\/2023","format":false,"excerpt":"AUTOR:\u00a0FLAVIA OUBI\u00d1A ISBN: 9505007042","rel":"","context":"Entrada similar","block_context":{"text":"Entrada similar","link":""},"img":{"alt_text":"","src":"https:\/\/i0.wp.com\/libreriaguadalupe.com.ar\/libreria\/wp-content\/uploads\/2023\/02\/La-fiesta-del-abrazo.jpg?fit=633%2C823&ssl=1&resize=350%2C200","width":350,"height":200,"srcset":"https:\/\/i0.wp.com\/libreriaguadalupe.com.ar\/libreria\/wp-content\/uploads\/2023\/02\/La-fiesta-del-abrazo.jpg?fit=633%2C823&ssl=1&resize=350%2C200 1x, https:\/\/i0.wp.com\/libreriaguadalupe.com.ar\/libreria\/wp-content\/uploads\/2023\/02\/La-fiesta-del-abrazo.jpg?fit=633%2C823&ssl=1&resize=525%2C300 1.5x"},"classes":[]},{"id":15936,"url":"https:\/\/libreriaguadalupe.com.ar\/libreria\/producto\/el-sentido-de-la-vida\/","url_meta":{"origin":19084,"position":1},"title":"El sentido de la vida","author":"admin","date":"12\/02\/2023","format":false,"excerpt":"Deseo que cada lector pueda \"ejercitar espiritualmente\" los contenidos del libro que contribuyen a clarificar \"el sentido de la vida\". AUTOR: Claudio Rizzo ISBN: 9505007691","rel":"","context":"Entrada similar","block_context":{"text":"Entrada similar","link":""},"img":{"alt_text":"","src":"https:\/\/i0.wp.com\/libreriaguadalupe.com.ar\/libreria\/wp-content\/uploads\/2023\/02\/El-sentido-de-la-vida.jpg?fit=304%2C458&ssl=1&resize=350%2C200","width":350,"height":200},"classes":[]},{"id":15963,"url":"https:\/\/libreriaguadalupe.com.ar\/libreria\/producto\/el-sentido-de-la-vida-e-book\/","url_meta":{"origin":19084,"position":2},"title":"El sentido de la vida (E-BOOK)","author":"admin","date":"12\/02\/2023","format":false,"excerpt":"EDICION DIGITAL AUTOR: Claudio Rizzo ISBN: 9505007882","rel":"","context":"Entrada similar","block_context":{"text":"Entrada similar","link":""},"img":{"alt_text":"","src":"https:\/\/i0.wp.com\/libreriaguadalupe.com.ar\/libreria\/wp-content\/uploads\/2023\/02\/El-sentido-de-la-vida.jpg?fit=304%2C458&ssl=1&resize=350%2C200","width":350,"height":200},"classes":[]},{"id":16086,"url":"https:\/\/libreriaguadalupe.com.ar\/libreria\/producto\/teoterapia\/","url_meta":{"origin":19084,"position":3},"title":"Teoterapia","author":"admin","date":"12\/02\/2023","format":false,"excerpt":"Acompa\u00f1amiento espiritual AUTOR: CLAUDIO RIZZO ISBN: 9505008490","rel":"","context":"Entrada similar","block_context":{"text":"Entrada similar","link":""},"img":{"alt_text":"","src":"https:\/\/i0.wp.com\/libreriaguadalupe.com.ar\/libreria\/wp-content\/uploads\/2023\/02\/MES-DE-LA-BIBLIA-2024-guada5.jpg?fit=470%2C470&ssl=1&resize=350%2C200","width":350,"height":200},"classes":[]},{"id":18260,"url":"https:\/\/libreriaguadalupe.com.ar\/libreria\/producto\/chip\/","url_meta":{"origin":19084,"position":4},"title":"Chip","author":"admin","date":"29\/08\/2024","format":false,"excerpt":"Autor: JOSE LUIS KAUFMANN [ VER M\u00c1S OBRAS ] ISBN: 978 950 500 926 8 Dimensiones: 15 x 22 cm P\u00e1ginas: 64","rel":"","context":"Entrada similar","block_context":{"text":"Entrada similar","link":""},"img":{"alt_text":"","src":"https:\/\/i0.wp.com\/libreriaguadalupe.com.ar\/libreria\/wp-content\/uploads\/2024\/08\/NOVEDAD-TIENDA-AGOSTO-6.jpg?fit=470%2C470&ssl=1&resize=350%2C200","width":350,"height":200},"classes":[]},{"id":17757,"url":"https:\/\/libreriaguadalupe.com.ar\/libreria\/producto\/errar-es-de-humanos-perdonar-es-divino\/","url_meta":{"origin":19084,"position":5},"title":"Errar es de humanos, PERDONAR ES DIVINO","author":"admin","date":"11\/12\/2023","format":false,"excerpt":"Autor: P. H\u00c9CTOR HORACIO ESP\u00d3SITO ISBN: 978-950-500-911-4 Dimensiones: 14 x 20 cm P\u00e1ginas: 146","rel":"","context":"Entrada similar","block_context":{"text":"Entrada similar","link":""},"img":{"alt_text":"","src":"https:\/\/i0.wp.com\/libreriaguadalupe.com.ar\/libreria\/wp-content\/uploads\/2023\/12\/NOVEDAD-TIENDA-DICIEMBRE.jpg?fit=470%2C470&ssl=1&resize=350%2C200","width":350,"height":200},"classes":[]}],"_links":{"self":[{"href":"https:\/\/libreriaguadalupe.com.ar\/libreria\/wp-json\/wp\/v2\/product\/19084","targetHints":{"allow":["GET"]}}],"collection":[{"href":"https:\/\/libreriaguadalupe.com.ar\/libreria\/wp-json\/wp\/v2\/product"}],"about":[{"href":"https:\/\/libreriaguadalupe.com.ar\/libreria\/wp-json\/wp\/v2\/types\/product"}],"replies":[{"embeddable":true,"href":"https:\/\/libreriaguadalupe.com.ar\/libreria\/wp-json\/wp\/v2\/comments?post=19084"}],"version-history":[{"count":1,"href":"https:\/\/libreriaguadalupe.com.ar\/libreria\/wp-json\/wp\/v2\/product\/19084\/revisions"}],"predecessor-version":[{"id":19089,"href":"https:\/\/libreriaguadalupe.com.ar\/libreria\/wp-json\/wp\/v2\/product\/19084\/revisions\/19089"}],"wp:featuredmedia":[{"embeddable":true,"href":"https:\/\/libreriaguadalupe.com.ar\/libreria\/wp-json\/wp\/v2\/media\/19085"}],"wp:attachment":[{"href":"https:\/\/libreriaguadalupe.com.ar\/libreria\/wp-json\/wp\/v2\/media?parent=19084"}],"wp:term":[{"taxonomy":"product_brand","embeddable":true,"href":"https:\/\/libreriaguadalupe.com.ar\/libreria\/wp-json\/wp\/v2\/product_brand?post=19084"},{"taxonomy":"product_cat","embeddable":true,"href":"https:\/\/libreriaguadalupe.com.ar\/libreria\/wp-json\/wp\/v2\/product_cat?post=19084"},{"taxonomy":"product_tag","embeddable":true,"href":"https:\/\/libreriaguadalupe.com.ar\/libreria\/wp-json\/wp\/v2\/product_tag?post=19084"}],"curies":[{"name":"wp","href":"https:\/\/api.w.org\/{rel}","templated":true}]}}