{"id":19044,"date":"2025-08-22T12:30:45","date_gmt":"2025-08-22T15:30:45","guid":{"rendered":"https:\/\/libreriaguadalupe.com.ar\/libreria\/?post_type=product&#038;p=19044"},"modified":"2025-08-22T18:41:42","modified_gmt":"2025-08-22T21:41:42","slug":"siempre-estare-contigo","status":"publish","type":"product","link":"https:\/\/libreriaguadalupe.com.ar\/libreria\/producto\/siempre-estare-contigo\/","title":{"rendered":"Siempre estar\u00e9 cerca &#8211; Una vida gris cargada de esperanza"},"content":{"rendered":"<p>Especialistas se\u00f1alan que las consecuencias del COVID-19 tienen un gran alcance en los adolescentes. Casi 16 millones de adolescentes de 10 a 19 a\u00f1os viven con una enfermedad de salud mental en Am\u00e9rica Latina y el Caribe, entre ellas: ansiedad y depresi\u00f3n, trastornos por d\u00e9ficit de atenci\u00f3n, hiperactividad, abuso de sustancias y trastorno del comportamiento.<br \/>\nTambi\u00e9n el suicidio representa un problema de salud p\u00fablica grave y creciente. Es la segunda causa principal de muerte a nivel mundial entre adolescentes y j\u00f3venes de 15 a 29 a\u00f1os de edad. El suicidio no se comprende en s\u00ed mismo, ni se circunscribe a un padecimiento mental; se entiende como un fen\u00f3meno multicausal en el que interact\u00faan factores del orden individual, familiar, social y comunitario. As\u00ed tambi\u00e9n debemos decir que es un fen\u00f3meno transversal que trasciende al conjunto de la sociedad.<br \/>\nDebemos estar vigilantes y no pasar por alto actitudes que suelen ser pedidos de auxilio, de ese modo llegar a tiempo para evitar que familiares, amigos y conocidos sean alcanzados por este flagelo.<\/p>\n","protected":false},"excerpt":{"rendered":"<p>Autor: Leonardo Legr\u00e1s<br \/>\nT\u00edtulo: \u00abSiempre estar\u00e9 cerca &#8211; Una vida gris cargada de esperanza\u00bb<br \/>\nISBN:978-950-500-951-0<br \/>\nFormato: 14\u00a0 (ancho) x 21 (alto) cms.<br \/>\nInterior: 1\/1 color<br \/>\nPapel: Bookcel 80 grs.<br \/>\nN\u00ba de P\u00e1ginas: 104<br \/>\nTapa:4 Colores &#8211; Cartulina &#8211; Laminado mate<br \/>\nEncuadernaci\u00f3n: Binder<\/p>\n<p>&nbsp;<\/p>\n<p>&nbsp;<\/p>\n","protected":false},"featured_media":19048,"comment_status":"open","ping_status":"closed","template":"","meta":{"jetpack_publicize_message":"","jetpack_publicize_feature_enabled":true,"jetpack_social_post_already_shared":true,"jetpack_social_options":{"image_generator_settings":{"template":"highway","default_image_id":0,"font":"","enabled":false},"version":2}},"product_brand":[],"product_cat":[125,88,121],"product_tag":[127,164,163,193,192],"class_list":{"0":"post-19044","1":"product","2":"type-product","3":"status-publish","4":"has-post-thumbnail","6":"product_cat-novedades","7":"product_cat-espiritualidad-cultura-social","8":"product_cat-guadalupe","9":"product_tag-editorial-guadalupe-de-argentina","10":"product_tag-jubileo-de-la-esperanza","11":"product_tag-jubileo-ordinario-2025","12":"product_tag-leonardo-legras","13":"product_tag-siempre-estare-contigo","15":"first","16":"instock","17":"shipping-taxable","18":"purchasable","19":"product-type-simple"},"yoast_head":"<!-- This site is optimized with the Yoast SEO plugin v27.4 - https:\/\/yoast.com\/product\/yoast-seo-wordpress\/ -->\n<title>Siempre estar\u00e9 cerca - Una vida gris cargada de esperanza - Editorial Guadalupe de Argentina<\/title>\n<meta name=\"description\" content=\"Especialistas se\u00f1alan que las consecuencias del COVID-19 tienen un gran alcance en los adolescentes. Casi 16 millones de adolescentes de 10 a 19 a\u00f1os viven con una enfermedad de salud mental en Am\u00e9rica Latina y el Caribe, entre ellas: ansiedad y depresi\u00f3n, trastornos por d\u00e9ficit de atenci\u00f3n, hiperactividad, abuso de sustancias y trastorno del comportamiento.\" \/>\n<meta name=\"robots\" content=\"index, follow, max-snippet:-1, max-image-preview:large, max-video-preview:-1\" \/>\n<link rel=\"canonical\" href=\"https:\/\/libreriaguadalupe.com.ar\/libreria\/producto\/siempre-estare-contigo\/\" \/>\n<meta property=\"og:locale\" content=\"es_ES\" \/>\n<meta property=\"og:type\" content=\"article\" \/>\n<meta property=\"og:title\" content=\"Siempre estar\u00e9 cerca - Una vida gris cargada de esperanza - Editorial Guadalupe de Argentina\" \/>\n<meta property=\"og:description\" content=\"Especialistas se\u00f1alan que las consecuencias del COVID-19 tienen un gran alcance en los adolescentes. Casi 16 millones de adolescentes de 10 a 19 a\u00f1os viven con una enfermedad de salud mental en Am\u00e9rica Latina y el Caribe, entre ellas: ansiedad y depresi\u00f3n, trastornos por d\u00e9ficit de atenci\u00f3n, hiperactividad, abuso de sustancias y trastorno del comportamiento.\" \/>\n<meta property=\"og:url\" content=\"https:\/\/libreriaguadalupe.com.ar\/libreria\/producto\/siempre-estare-contigo\/\" \/>\n<meta property=\"og:site_name\" content=\"Editorial Guadalupe de Argentina\" \/>\n<meta property=\"article:publisher\" content=\"https:\/\/www.facebook.com\/LibreriaGuadalupeAR\/\" \/>\n<meta property=\"article:modified_time\" content=\"2025-08-22T21:41:42+00:00\" \/>\n<meta property=\"og:image\" content=\"https:\/\/libreriaguadalupe.com.ar\/libreria\/wp-content\/uploads\/2025\/08\/Captura-de-Pantalla-2025-08-22-a-las-12.27.32.png\" \/>\n\t<meta property=\"og:image:width\" content=\"586\" \/>\n\t<meta property=\"og:image:height\" content=\"960\" \/>\n\t<meta property=\"og:image:type\" content=\"image\/png\" \/>\n<meta name=\"twitter:card\" content=\"summary_large_image\" \/>\n<meta name=\"twitter:label1\" content=\"Tiempo de lectura\" \/>\n\t<meta name=\"twitter:data1\" content=\"1 minuto\" \/>\n<script type=\"application\/ld+json\" class=\"yoast-schema-graph\">{\"@context\":\"https:\\\/\\\/schema.org\",\"@graph\":[{\"@type\":\"WebPage\",\"@id\":\"https:\\\/\\\/libreriaguadalupe.com.ar\\\/libreria\\\/producto\\\/siempre-estare-contigo\\\/\",\"url\":\"https:\\\/\\\/libreriaguadalupe.com.ar\\\/libreria\\\/producto\\\/siempre-estare-contigo\\\/\",\"name\":\"Siempre estar\u00e9 cerca - Una vida gris cargada de esperanza - Editorial Guadalupe de Argentina\",\"isPartOf\":{\"@id\":\"https:\\\/\\\/libreriaguadalupe.com.ar\\\/libreria\\\/#website\"},\"primaryImageOfPage\":{\"@id\":\"https:\\\/\\\/libreriaguadalupe.com.ar\\\/libreria\\\/producto\\\/siempre-estare-contigo\\\/#primaryimage\"},\"image\":{\"@id\":\"https:\\\/\\\/libreriaguadalupe.com.ar\\\/libreria\\\/producto\\\/siempre-estare-contigo\\\/#primaryimage\"},\"thumbnailUrl\":\"https:\\\/\\\/i0.wp.com\\\/libreriaguadalupe.com.ar\\\/libreria\\\/wp-content\\\/uploads\\\/2025\\\/08\\\/Captura-de-Pantalla-2025-08-22-a-las-12.27.32.png?fit=586%2C960&ssl=1\",\"datePublished\":\"2025-08-22T15:30:45+00:00\",\"dateModified\":\"2025-08-22T21:41:42+00:00\",\"description\":\"Especialistas se\u00f1alan que las consecuencias del COVID-19 tienen un gran alcance en los adolescentes. Casi 16 millones de adolescentes de 10 a 19 a\u00f1os viven con una enfermedad de salud mental en Am\u00e9rica Latina y el Caribe, entre ellas: ansiedad y depresi\u00f3n, trastornos por d\u00e9ficit de atenci\u00f3n, hiperactividad, abuso de sustancias y trastorno del comportamiento.\",\"breadcrumb\":{\"@id\":\"https:\\\/\\\/libreriaguadalupe.com.ar\\\/libreria\\\/producto\\\/siempre-estare-contigo\\\/#breadcrumb\"},\"inLanguage\":\"es\",\"potentialAction\":[{\"@type\":\"ReadAction\",\"target\":[\"https:\\\/\\\/libreriaguadalupe.com.ar\\\/libreria\\\/producto\\\/siempre-estare-contigo\\\/\"]}]},{\"@type\":\"ImageObject\",\"inLanguage\":\"es\",\"@id\":\"https:\\\/\\\/libreriaguadalupe.com.ar\\\/libreria\\\/producto\\\/siempre-estare-contigo\\\/#primaryimage\",\"url\":\"https:\\\/\\\/i0.wp.com\\\/libreriaguadalupe.com.ar\\\/libreria\\\/wp-content\\\/uploads\\\/2025\\\/08\\\/Captura-de-Pantalla-2025-08-22-a-las-12.27.32.png?fit=586%2C960&ssl=1\",\"contentUrl\":\"https:\\\/\\\/i0.wp.com\\\/libreriaguadalupe.com.ar\\\/libreria\\\/wp-content\\\/uploads\\\/2025\\\/08\\\/Captura-de-Pantalla-2025-08-22-a-las-12.27.32.png?fit=586%2C960&ssl=1\",\"width\":586,\"height\":960,\"caption\":\"Especialistas se\u00f1alan que las consecuencias del COVID-19 tienen un gran alcance en los adolescentes. Casi 16 millones de adolescentes de 10 a 19 a\u00f1os viven con una enfermedad de salud mental en Am\u00e9rica Latina y el Caribe, entre ellas: ansiedad y depresi\u00f3n, trastornos por d\u00e9ficit de atenci\u00f3n, hiperactividad, abuso de sustancias y trastorno del comportamiento.\"},{\"@type\":\"BreadcrumbList\",\"@id\":\"https:\\\/\\\/libreriaguadalupe.com.ar\\\/libreria\\\/producto\\\/siempre-estare-contigo\\\/#breadcrumb\",\"itemListElement\":[{\"@type\":\"ListItem\",\"position\":1,\"name\":\"Portada\",\"item\":\"https:\\\/\\\/libreriaguadalupe.com.ar\\\/libreria\\\/\"},{\"@type\":\"ListItem\",\"position\":2,\"name\":\"Tienda\",\"item\":\"https:\\\/\\\/libreriaguadalupe.com.ar\\\/libreria\\\/\"},{\"@type\":\"ListItem\",\"position\":3,\"name\":\"Siempre estar\u00e9 cerca &#8211; Una vida gris cargada de esperanza\"}]},{\"@type\":\"WebSite\",\"@id\":\"https:\\\/\\\/libreriaguadalupe.com.ar\\\/libreria\\\/#website\",\"url\":\"https:\\\/\\\/libreriaguadalupe.com.ar\\\/libreria\\\/\",\"name\":\"Editorial Guadalupe de Argentina\",\"description\":\"Congregaci\u00f3n del Verbo Divino\",\"publisher\":{\"@id\":\"https:\\\/\\\/libreriaguadalupe.com.ar\\\/libreria\\\/#organization\"},\"alternateName\":\"Librer\u00eda Guadalupe\",\"potentialAction\":[{\"@type\":\"SearchAction\",\"target\":{\"@type\":\"EntryPoint\",\"urlTemplate\":\"https:\\\/\\\/libreriaguadalupe.com.ar\\\/libreria\\\/?s={search_term_string}\"},\"query-input\":{\"@type\":\"PropertyValueSpecification\",\"valueRequired\":true,\"valueName\":\"search_term_string\"}}],\"inLanguage\":\"es\"},{\"@type\":\"Organization\",\"@id\":\"https:\\\/\\\/libreriaguadalupe.com.ar\\\/libreria\\\/#organization\",\"name\":\"Editorial Guadalupe\",\"alternateName\":\"Librer\u00eda Guadalupe\",\"url\":\"https:\\\/\\\/libreriaguadalupe.com.ar\\\/libreria\\\/\",\"logo\":{\"@type\":\"ImageObject\",\"inLanguage\":\"es\",\"@id\":\"https:\\\/\\\/libreriaguadalupe.com.ar\\\/libreria\\\/#\\\/schema\\\/logo\\\/image\\\/\",\"url\":\"https:\\\/\\\/i0.wp.com\\\/libreriaguadalupe.com.ar\\\/libreria\\\/wp-content\\\/uploads\\\/2023\\\/01\\\/cropped-logo-editorial-guadalupe.webp?fit=500%2C100&ssl=1\",\"contentUrl\":\"https:\\\/\\\/i0.wp.com\\\/libreriaguadalupe.com.ar\\\/libreria\\\/wp-content\\\/uploads\\\/2023\\\/01\\\/cropped-logo-editorial-guadalupe.webp?fit=500%2C100&ssl=1\",\"width\":500,\"height\":100,\"caption\":\"Editorial Guadalupe\"},\"image\":{\"@id\":\"https:\\\/\\\/libreriaguadalupe.com.ar\\\/libreria\\\/#\\\/schema\\\/logo\\\/image\\\/\"},\"sameAs\":[\"https:\\\/\\\/www.facebook.com\\\/LibreriaGuadalupeAR\\\/\",\"https:\\\/\\\/www.instagram.com\\\/editorialguadalupe\\\/\",\"https:\\\/\\\/guadalupeeditorial.mercadoshops.com.ar\\\/\"]}]}<\/script>\n<!-- \/ Yoast SEO plugin. -->","yoast_head_json":{"title":"Siempre estar\u00e9 cerca - Una vida gris cargada de esperanza - Editorial Guadalupe de Argentina","description":"Especialistas se\u00f1alan que las consecuencias del COVID-19 tienen un gran alcance en los adolescentes. Casi 16 millones de adolescentes de 10 a 19 a\u00f1os viven con una enfermedad de salud mental en Am\u00e9rica Latina y el Caribe, entre ellas: ansiedad y depresi\u00f3n, trastornos por d\u00e9ficit de atenci\u00f3n, hiperactividad, abuso de sustancias y trastorno del comportamiento.","robots":{"index":"index","follow":"follow","max-snippet":"max-snippet:-1","max-image-preview":"max-image-preview:large","max-video-preview":"max-video-preview:-1"},"canonical":"https:\/\/libreriaguadalupe.com.ar\/libreria\/producto\/siempre-estare-contigo\/","og_locale":"es_ES","og_type":"article","og_title":"Siempre estar\u00e9 cerca - Una vida gris cargada de esperanza - Editorial Guadalupe de Argentina","og_description":"Especialistas se\u00f1alan que las consecuencias del COVID-19 tienen un gran alcance en los adolescentes. Casi 16 millones de adolescentes de 10 a 19 a\u00f1os viven con una enfermedad de salud mental en Am\u00e9rica Latina y el Caribe, entre ellas: ansiedad y depresi\u00f3n, trastornos por d\u00e9ficit de atenci\u00f3n, hiperactividad, abuso de sustancias y trastorno del comportamiento.","og_url":"https:\/\/libreriaguadalupe.com.ar\/libreria\/producto\/siempre-estare-contigo\/","og_site_name":"Editorial Guadalupe de Argentina","article_publisher":"https:\/\/www.facebook.com\/LibreriaGuadalupeAR\/","article_modified_time":"2025-08-22T21:41:42+00:00","og_image":[{"width":586,"height":960,"url":"https:\/\/libreriaguadalupe.com.ar\/libreria\/wp-content\/uploads\/2025\/08\/Captura-de-Pantalla-2025-08-22-a-las-12.27.32.png","type":"image\/png"}],"twitter_card":"summary_large_image","twitter_misc":{"Tiempo de lectura":"1 minuto"},"schema":{"@context":"https:\/\/schema.org","@graph":[{"@type":"WebPage","@id":"https:\/\/libreriaguadalupe.com.ar\/libreria\/producto\/siempre-estare-contigo\/","url":"https:\/\/libreriaguadalupe.com.ar\/libreria\/producto\/siempre-estare-contigo\/","name":"Siempre estar\u00e9 cerca - Una vida gris cargada de esperanza - Editorial Guadalupe de Argentina","isPartOf":{"@id":"https:\/\/libreriaguadalupe.com.ar\/libreria\/#website"},"primaryImageOfPage":{"@id":"https:\/\/libreriaguadalupe.com.ar\/libreria\/producto\/siempre-estare-contigo\/#primaryimage"},"image":{"@id":"https:\/\/libreriaguadalupe.com.ar\/libreria\/producto\/siempre-estare-contigo\/#primaryimage"},"thumbnailUrl":"https:\/\/i0.wp.com\/libreriaguadalupe.com.ar\/libreria\/wp-content\/uploads\/2025\/08\/Captura-de-Pantalla-2025-08-22-a-las-12.27.32.png?fit=586%2C960&ssl=1","datePublished":"2025-08-22T15:30:45+00:00","dateModified":"2025-08-22T21:41:42+00:00","description":"Especialistas se\u00f1alan que las consecuencias del COVID-19 tienen un gran alcance en los adolescentes. Casi 16 millones de adolescentes de 10 a 19 a\u00f1os viven con una enfermedad de salud mental en Am\u00e9rica Latina y el Caribe, entre ellas: ansiedad y depresi\u00f3n, trastornos por d\u00e9ficit de atenci\u00f3n, hiperactividad, abuso de sustancias y trastorno del comportamiento.","breadcrumb":{"@id":"https:\/\/libreriaguadalupe.com.ar\/libreria\/producto\/siempre-estare-contigo\/#breadcrumb"},"inLanguage":"es","potentialAction":[{"@type":"ReadAction","target":["https:\/\/libreriaguadalupe.com.ar\/libreria\/producto\/siempre-estare-contigo\/"]}]},{"@type":"ImageObject","inLanguage":"es","@id":"https:\/\/libreriaguadalupe.com.ar\/libreria\/producto\/siempre-estare-contigo\/#primaryimage","url":"https:\/\/i0.wp.com\/libreriaguadalupe.com.ar\/libreria\/wp-content\/uploads\/2025\/08\/Captura-de-Pantalla-2025-08-22-a-las-12.27.32.png?fit=586%2C960&ssl=1","contentUrl":"https:\/\/i0.wp.com\/libreriaguadalupe.com.ar\/libreria\/wp-content\/uploads\/2025\/08\/Captura-de-Pantalla-2025-08-22-a-las-12.27.32.png?fit=586%2C960&ssl=1","width":586,"height":960,"caption":"Especialistas se\u00f1alan que las consecuencias del COVID-19 tienen un gran alcance en los adolescentes. Casi 16 millones de adolescentes de 10 a 19 a\u00f1os viven con una enfermedad de salud mental en Am\u00e9rica Latina y el Caribe, entre ellas: ansiedad y depresi\u00f3n, trastornos por d\u00e9ficit de atenci\u00f3n, hiperactividad, abuso de sustancias y trastorno del comportamiento."},{"@type":"BreadcrumbList","@id":"https:\/\/libreriaguadalupe.com.ar\/libreria\/producto\/siempre-estare-contigo\/#breadcrumb","itemListElement":[{"@type":"ListItem","position":1,"name":"Portada","item":"https:\/\/libreriaguadalupe.com.ar\/libreria\/"},{"@type":"ListItem","position":2,"name":"Tienda","item":"https:\/\/libreriaguadalupe.com.ar\/libreria\/"},{"@type":"ListItem","position":3,"name":"Siempre estar\u00e9 cerca &#8211; Una vida gris cargada de esperanza"}]},{"@type":"WebSite","@id":"https:\/\/libreriaguadalupe.com.ar\/libreria\/#website","url":"https:\/\/libreriaguadalupe.com.ar\/libreria\/","name":"Editorial Guadalupe de Argentina","description":"Congregaci\u00f3n del Verbo Divino","publisher":{"@id":"https:\/\/libreriaguadalupe.com.ar\/libreria\/#organization"},"alternateName":"Librer\u00eda Guadalupe","potentialAction":[{"@type":"SearchAction","target":{"@type":"EntryPoint","urlTemplate":"https:\/\/libreriaguadalupe.com.ar\/libreria\/?s={search_term_string}"},"query-input":{"@type":"PropertyValueSpecification","valueRequired":true,"valueName":"search_term_string"}}],"inLanguage":"es"},{"@type":"Organization","@id":"https:\/\/libreriaguadalupe.com.ar\/libreria\/#organization","name":"Editorial Guadalupe","alternateName":"Librer\u00eda Guadalupe","url":"https:\/\/libreriaguadalupe.com.ar\/libreria\/","logo":{"@type":"ImageObject","inLanguage":"es","@id":"https:\/\/libreriaguadalupe.com.ar\/libreria\/#\/schema\/logo\/image\/","url":"https:\/\/i0.wp.com\/libreriaguadalupe.com.ar\/libreria\/wp-content\/uploads\/2023\/01\/cropped-logo-editorial-guadalupe.webp?fit=500%2C100&ssl=1","contentUrl":"https:\/\/i0.wp.com\/libreriaguadalupe.com.ar\/libreria\/wp-content\/uploads\/2023\/01\/cropped-logo-editorial-guadalupe.webp?fit=500%2C100&ssl=1","width":500,"height":100,"caption":"Editorial Guadalupe"},"image":{"@id":"https:\/\/libreriaguadalupe.com.ar\/libreria\/#\/schema\/logo\/image\/"},"sameAs":["https:\/\/www.facebook.com\/LibreriaGuadalupeAR\/","https:\/\/www.instagram.com\/editorialguadalupe\/","https:\/\/guadalupeeditorial.mercadoshops.com.ar\/"]}]}},"jetpack_publicize_connections":[],"jetpack_sharing_enabled":true,"jetpack-related-posts":[{"id":18207,"url":"https:\/\/libreriaguadalupe.com.ar\/libreria\/producto\/brunita\/","url_meta":{"origin":19044,"position":0},"title":"BRUNITA","author":"admin","date":"14\/08\/2024","format":false,"excerpt":"Autor: JOS\u00c9 MURILLO ISBN: 978-950-500-778-3 Dimensiones: 14 x 20 cm P\u00e1ginas: 96","rel":"","context":"Entrada similar","block_context":{"text":"Entrada similar","link":""},"img":{"alt_text":"","src":"https:\/\/i0.wp.com\/libreriaguadalupe.com.ar\/libreria\/wp-content\/uploads\/2024\/08\/brunita.png?fit=470%2C712&ssl=1&resize=350%2C200","width":350,"height":200},"classes":[]},{"id":16820,"url":"https:\/\/libreriaguadalupe.com.ar\/libreria\/producto\/el-cielo-de-sebastian-con-guia-para-el-trabajo-de-aula\/","url_meta":{"origin":19044,"position":1},"title":"El Cielo De Sebasti\u00e1n (con guia para el trabajo de aula)","author":"admin","date":"22\/03\/2023","format":false,"excerpt":"Una historia de drogadicci\u00f3n infantil Autora: Ferreiros, Liliana ISBN: 9789505005574 Dimensiones: 14 x 19 cm P\u00e1ginas: 48","rel":"","context":"Entrada similar","block_context":{"text":"Entrada similar","link":""},"img":{"alt_text":"","src":"https:\/\/i0.wp.com\/libreriaguadalupe.com.ar\/libreria\/wp-content\/uploads\/2023\/03\/El-Cielo-De-Sebastian-con-guia-para-el-trabajo-de-aula.jpeg?fit=377%2C500&ssl=1&resize=350%2C200","width":350,"height":200},"classes":[]},{"id":17169,"url":"https:\/\/libreriaguadalupe.com.ar\/libreria\/producto\/los-jovenes-y-su-camino-a-la-fe\/","url_meta":{"origin":19044,"position":2},"title":"Los Jovenes Y Su Camino A La Fe","author":"admin","date":"03\/04\/2023","format":false,"excerpt":"Autor: Gr\u00fcn, Anselm ISBN: 9789870009054 Dimensiones: 13 x 19 cm P\u00e1ginas: 120","rel":"","context":"Entrada similar","block_context":{"text":"Entrada similar","link":""},"img":{"alt_text":"","src":"https:\/\/i0.wp.com\/libreriaguadalupe.com.ar\/libreria\/wp-content\/uploads\/2023\/04\/Los-Jovenes-Y-Su-Camino-A-La-Fe.jpeg?fit=340%2C500&ssl=1&resize=350%2C200","width":350,"height":200},"classes":[]},{"id":19194,"url":"https:\/\/libreriaguadalupe.com.ar\/libreria\/producto\/logoterapia-clinica\/","url_meta":{"origin":19044,"position":3},"title":"Logoterapia Cl\u00ednica","author":"Mariano Zuqui","date":"11\/12\/2025","format":false,"excerpt":"Compilador: Roberto Juan Mucci T\u00edtulo: \"Logoterapia Cl\u00ednica\" ISBN:978-950-500-973-2 Formato: 15.5\u00a0 (ancho) x 22,5 (alto) cms. Interior: 1\/1 color Papel: Bookcel 80 grs. N\u00ba de P\u00e1ginas: 306. Tapa:4 Colores - Cartulina - Laminado mate Encuadernaci\u00f3n: Binder \u00a0 \u00a0","rel":"","context":"Entrada similar","block_context":{"text":"Entrada similar","link":""},"img":{"alt_text":"","src":"https:\/\/i0.wp.com\/libreriaguadalupe.com.ar\/libreria\/wp-content\/uploads\/2025\/12\/1-2.png?fit=960%2C1200&ssl=1&resize=350%2C200","width":350,"height":200,"srcset":"https:\/\/i0.wp.com\/libreriaguadalupe.com.ar\/libreria\/wp-content\/uploads\/2025\/12\/1-2.png?fit=960%2C1200&ssl=1&resize=350%2C200 1x, https:\/\/i0.wp.com\/libreriaguadalupe.com.ar\/libreria\/wp-content\/uploads\/2025\/12\/1-2.png?fit=960%2C1200&ssl=1&resize=525%2C300 1.5x, https:\/\/i0.wp.com\/libreriaguadalupe.com.ar\/libreria\/wp-content\/uploads\/2025\/12\/1-2.png?fit=960%2C1200&ssl=1&resize=700%2C400 2x"},"classes":[]},{"id":18211,"url":"https:\/\/libreriaguadalupe.com.ar\/libreria\/producto\/el-tigre-de-santa-barbara\/","url_meta":{"origin":19044,"position":4},"title":"El tigre de Santa B\u00e1rbara","author":"admin","date":"14\/08\/2024","format":false,"excerpt":"Autor: JOS\u00c9 MURILLO ISBN: 9505005727 Dimensiones: 14 x 20 cm P\u00e1ginas: 152","rel":"","context":"Entrada similar","block_context":{"text":"Entrada similar","link":""},"img":{"alt_text":"","src":"https:\/\/i0.wp.com\/libreriaguadalupe.com.ar\/libreria\/wp-content\/uploads\/2024\/08\/El-Tigre-de-Santa-Barbara.png?fit=923%2C1200&ssl=1&resize=350%2C200","width":350,"height":200,"srcset":"https:\/\/i0.wp.com\/libreriaguadalupe.com.ar\/libreria\/wp-content\/uploads\/2024\/08\/El-Tigre-de-Santa-Barbara.png?fit=923%2C1200&ssl=1&resize=350%2C200 1x, https:\/\/i0.wp.com\/libreriaguadalupe.com.ar\/libreria\/wp-content\/uploads\/2024\/08\/El-Tigre-de-Santa-Barbara.png?fit=923%2C1200&ssl=1&resize=525%2C300 1.5x, https:\/\/i0.wp.com\/libreriaguadalupe.com.ar\/libreria\/wp-content\/uploads\/2024\/08\/El-Tigre-de-Santa-Barbara.png?fit=923%2C1200&ssl=1&resize=700%2C400 2x"},"classes":[]},{"id":19179,"url":"https:\/\/libreriaguadalupe.com.ar\/libreria\/producto\/click-click-inspirado-en-carlo-acutis-el-apostol-de-internet\/","url_meta":{"origin":19044,"position":5},"title":"\u00a1Click, Click! Inspirado en Carlo Acutis, el ap\u00f3stol de internet","author":"Mariano Zuqui","date":"06\/12\/2025","format":false,"excerpt":"Autor: Andrea Carla Ciancaglini T\u00edtulo: \u201c\u00a1Click, click! Inspirado en Carlo Acutis, el ap\u00f3stol de internet\" ISBN:978-950-500-952 -7 Formato: 17 (ancho) x 11 (alto) cms. Interior: 1\/1 color Papel: Bookcel 80 grs. N\u00ba de P\u00e1ginas: 24 Tapa:4 Colores - Cartulina - Laminado mate Encuadernaci\u00f3n: Binder \u00a0 \u00a0","rel":"","context":"Entrada similar","block_context":{"text":"Entrada similar","link":""},"img":{"alt_text":"","src":"https:\/\/i0.wp.com\/libreriaguadalupe.com.ar\/libreria\/wp-content\/uploads\/2025\/12\/1.png?fit=960%2C1200&ssl=1&resize=350%2C200","width":350,"height":200,"srcset":"https:\/\/i0.wp.com\/libreriaguadalupe.com.ar\/libreria\/wp-content\/uploads\/2025\/12\/1.png?fit=960%2C1200&ssl=1&resize=350%2C200 1x, https:\/\/i0.wp.com\/libreriaguadalupe.com.ar\/libreria\/wp-content\/uploads\/2025\/12\/1.png?fit=960%2C1200&ssl=1&resize=525%2C300 1.5x, https:\/\/i0.wp.com\/libreriaguadalupe.com.ar\/libreria\/wp-content\/uploads\/2025\/12\/1.png?fit=960%2C1200&ssl=1&resize=700%2C400 2x"},"classes":[]}],"_links":{"self":[{"href":"https:\/\/libreriaguadalupe.com.ar\/libreria\/wp-json\/wp\/v2\/product\/19044","targetHints":{"allow":["GET"]}}],"collection":[{"href":"https:\/\/libreriaguadalupe.com.ar\/libreria\/wp-json\/wp\/v2\/product"}],"about":[{"href":"https:\/\/libreriaguadalupe.com.ar\/libreria\/wp-json\/wp\/v2\/types\/product"}],"replies":[{"embeddable":true,"href":"https:\/\/libreriaguadalupe.com.ar\/libreria\/wp-json\/wp\/v2\/comments?post=19044"}],"version-history":[{"count":2,"href":"https:\/\/libreriaguadalupe.com.ar\/libreria\/wp-json\/wp\/v2\/product\/19044\/revisions"}],"predecessor-version":[{"id":19050,"href":"https:\/\/libreriaguadalupe.com.ar\/libreria\/wp-json\/wp\/v2\/product\/19044\/revisions\/19050"}],"wp:featuredmedia":[{"embeddable":true,"href":"https:\/\/libreriaguadalupe.com.ar\/libreria\/wp-json\/wp\/v2\/media\/19048"}],"wp:attachment":[{"href":"https:\/\/libreriaguadalupe.com.ar\/libreria\/wp-json\/wp\/v2\/media?parent=19044"}],"wp:term":[{"taxonomy":"product_brand","embeddable":true,"href":"https:\/\/libreriaguadalupe.com.ar\/libreria\/wp-json\/wp\/v2\/product_brand?post=19044"},{"taxonomy":"product_cat","embeddable":true,"href":"https:\/\/libreriaguadalupe.com.ar\/libreria\/wp-json\/wp\/v2\/product_cat?post=19044"},{"taxonomy":"product_tag","embeddable":true,"href":"https:\/\/libreriaguadalupe.com.ar\/libreria\/wp-json\/wp\/v2\/product_tag?post=19044"}],"curies":[{"name":"wp","href":"https:\/\/api.w.org\/{rel}","templated":true}]}}