{"id":18999,"date":"2025-07-18T10:47:30","date_gmt":"2025-07-18T13:47:30","guid":{"rendered":"https:\/\/libreriaguadalupe.com.ar\/libreria\/?post_type=product&#038;p=18999"},"modified":"2025-07-18T11:57:18","modified_gmt":"2025-07-18T14:57:18","slug":"nosotros-familia-y-tierra","status":"publish","type":"product","link":"https:\/\/libreriaguadalupe.com.ar\/libreria\/producto\/nosotros-familia-y-tierra\/","title":{"rendered":"Nosotros, Familia y Tierra."},"content":{"rendered":"<p class=\"p1\">En esta novela se ven plasmados algunos avatares en la d\u00e9cada de los noventa en la Argentina y el mundo que algunos l\u00edderes e investigadores universitarios tuvieron que sortear para seguir disfrutando de las personas y cosas bellas que Dios nos regala por ser hijos suyos.<\/p>\n<p class=\"p1\">La trama est\u00e1 desarrollada entre algunas localidades argentinas y europeas involucrando, de pasada, a naciones africanas y asi\u00e1ticas,<span class=\"Apple-converted-space\">\u00a0 <\/span>manteniendo as\u00ed la globalizaci\u00f3n de los hechos hist\u00f3ricos y econ\u00f3micos.<\/p>\n<p class=\"p1\">El suceso de la \u201cvaca loca\u201d nos repercuti\u00f3 a todos los habitantes de la Tierra en mayor o menor medida.<\/p>\n<p class=\"p1\">Gustavo Adolfo junto a sus hijos desean plasmar su pensamiento y huella educativa a trav\u00e9s de esta novela. Los cap\u00edtulos se ilustran con acuarelas para fomentar el gusto est\u00e9tico queriendo que usted, querido lector, querida lectora, pase un buen momento o le d\u00e9 rienda para seguir profundizando alg\u00fan tema propuesto.<\/p>\n","protected":false},"excerpt":{"rendered":"<p><img decoding=\"async\" src=\"https:\/\/libreriaguadalupe.com.ar\/libreria\/wp-content\/uploads\/2023\/03\/nuevo.png\" alt=\"\" width=\"200\" height=\"125\" \/><\/p>\n<p>Autor: Gustavo Adolfo D\u00edaz N\u00f3blega y Mar\u00eda Flavia D\u00edaz N\u00f3blega<br \/>\nT\u00edtulo: \u00abNosotros, familia y tierra.\u00bb<br \/>\nISBN:978-950-500-958-9<br \/>\nFormato: 15.5\u00a0 (ancho) x 22,5 (alto) cms.<br \/>\nInterior: 1\/1 color<br \/>\nPapel: Bookcel 80 grs.<br \/>\nN\u00ba de P\u00e1ginas: 304<br \/>\nTapa:4 Colores &#8211; Cartulina &#8211; Laminado mate<br \/>\nEncuadernaci\u00f3n: Binder<\/p>\n<p>&nbsp;<\/p>\n<p>&nbsp;<\/p>\n","protected":false},"featured_media":19000,"comment_status":"open","ping_status":"closed","template":"","meta":{"jetpack_publicize_message":"","jetpack_publicize_feature_enabled":true,"jetpack_social_post_already_shared":true,"jetpack_social_options":{"image_generator_settings":{"template":"highway","default_image_id":0,"font":"","enabled":false},"version":2}},"product_brand":[],"product_cat":[125,88,121],"product_tag":[127,187,184,164,163,185,186,161],"class_list":{"0":"post-18999","1":"product","2":"type-product","3":"status-publish","4":"has-post-thumbnail","6":"product_cat-novedades","7":"product_cat-espiritualidad-cultura-social","8":"product_cat-guadalupe","9":"product_tag-editorial-guadalupe-de-argentina","10":"product_tag-familia-y-tierra","11":"product_tag-gustavo-adolfo-diaz-noblega","12":"product_tag-jubileo-de-la-esperanza","13":"product_tag-jubileo-ordinario-2025","14":"product_tag-maria-flavia-diaz-noblega","15":"product_tag-nosotros","16":"product_tag-nuevo-lanzamiento","18":"first","19":"instock","20":"shipping-taxable","21":"purchasable","22":"product-type-simple"},"yoast_head":"<!-- This site is optimized with the Yoast SEO plugin v27.4 - https:\/\/yoast.com\/product\/yoast-seo-wordpress\/ -->\n<title>Nosotros, Familia y Tierra. - Editorial Guadalupe de Argentina<\/title>\n<meta name=\"description\" content=\"En esta novela se ven plasmados algunos avatares en la d\u00e9cada de los noventa en la Argentina y el mundo que algunos l\u00edderes e investigadores universitarios tuvieron que sortear para seguir disfrutando de las personas y cosas bellas que Dios nos regala por ser hijos suyos.\" \/>\n<meta name=\"robots\" content=\"index, follow, max-snippet:-1, max-image-preview:large, max-video-preview:-1\" \/>\n<link rel=\"canonical\" href=\"https:\/\/libreriaguadalupe.com.ar\/libreria\/producto\/nosotros-familia-y-tierra\/\" \/>\n<meta property=\"og:locale\" content=\"es_ES\" \/>\n<meta property=\"og:type\" content=\"article\" \/>\n<meta property=\"og:title\" content=\"Nosotros, Familia y Tierra. - Editorial Guadalupe de Argentina\" \/>\n<meta property=\"og:description\" content=\"En esta novela se ven plasmados algunos avatares en la d\u00e9cada de los noventa en la Argentina y el mundo que algunos l\u00edderes e investigadores universitarios tuvieron que sortear para seguir disfrutando de las personas y cosas bellas que Dios nos regala por ser hijos suyos.\" \/>\n<meta property=\"og:url\" content=\"https:\/\/libreriaguadalupe.com.ar\/libreria\/producto\/nosotros-familia-y-tierra\/\" \/>\n<meta property=\"og:site_name\" content=\"Editorial Guadalupe de Argentina\" \/>\n<meta property=\"article:publisher\" content=\"https:\/\/www.facebook.com\/LibreriaGuadalupeAR\/\" \/>\n<meta property=\"article:modified_time\" content=\"2025-07-18T14:57:18+00:00\" \/>\n<meta property=\"og:image\" content=\"https:\/\/libreriaguadalupe.com.ar\/libreria\/wp-content\/uploads\/2025\/07\/1-scaled.png\" \/>\n\t<meta property=\"og:image:width\" content=\"2048\" \/>\n\t<meta property=\"og:image:height\" content=\"2560\" \/>\n\t<meta property=\"og:image:type\" content=\"image\/png\" \/>\n<meta name=\"twitter:card\" content=\"summary_large_image\" \/>\n<meta name=\"twitter:label1\" content=\"Tiempo de lectura\" \/>\n\t<meta name=\"twitter:data1\" content=\"1 minuto\" \/>\n<script type=\"application\/ld+json\" class=\"yoast-schema-graph\">{\"@context\":\"https:\\\/\\\/schema.org\",\"@graph\":[{\"@type\":\"WebPage\",\"@id\":\"https:\\\/\\\/libreriaguadalupe.com.ar\\\/libreria\\\/producto\\\/nosotros-familia-y-tierra\\\/\",\"url\":\"https:\\\/\\\/libreriaguadalupe.com.ar\\\/libreria\\\/producto\\\/nosotros-familia-y-tierra\\\/\",\"name\":\"Nosotros, Familia y Tierra. - Editorial Guadalupe de Argentina\",\"isPartOf\":{\"@id\":\"https:\\\/\\\/libreriaguadalupe.com.ar\\\/libreria\\\/#website\"},\"primaryImageOfPage\":{\"@id\":\"https:\\\/\\\/libreriaguadalupe.com.ar\\\/libreria\\\/producto\\\/nosotros-familia-y-tierra\\\/#primaryimage\"},\"image\":{\"@id\":\"https:\\\/\\\/libreriaguadalupe.com.ar\\\/libreria\\\/producto\\\/nosotros-familia-y-tierra\\\/#primaryimage\"},\"thumbnailUrl\":\"https:\\\/\\\/i0.wp.com\\\/libreriaguadalupe.com.ar\\\/libreria\\\/wp-content\\\/uploads\\\/2025\\\/07\\\/1-scaled.png?fit=2048%2C2560&ssl=1\",\"datePublished\":\"2025-07-18T13:47:30+00:00\",\"dateModified\":\"2025-07-18T14:57:18+00:00\",\"description\":\"En esta novela se ven plasmados algunos avatares en la d\u00e9cada de los noventa en la Argentina y el mundo que algunos l\u00edderes e investigadores universitarios tuvieron que sortear para seguir disfrutando de las personas y cosas bellas que Dios nos regala por ser hijos suyos.\",\"breadcrumb\":{\"@id\":\"https:\\\/\\\/libreriaguadalupe.com.ar\\\/libreria\\\/producto\\\/nosotros-familia-y-tierra\\\/#breadcrumb\"},\"inLanguage\":\"es\",\"potentialAction\":[{\"@type\":\"ReadAction\",\"target\":[\"https:\\\/\\\/libreriaguadalupe.com.ar\\\/libreria\\\/producto\\\/nosotros-familia-y-tierra\\\/\"]}]},{\"@type\":\"ImageObject\",\"inLanguage\":\"es\",\"@id\":\"https:\\\/\\\/libreriaguadalupe.com.ar\\\/libreria\\\/producto\\\/nosotros-familia-y-tierra\\\/#primaryimage\",\"url\":\"https:\\\/\\\/i0.wp.com\\\/libreriaguadalupe.com.ar\\\/libreria\\\/wp-content\\\/uploads\\\/2025\\\/07\\\/1-scaled.png?fit=2048%2C2560&ssl=1\",\"contentUrl\":\"https:\\\/\\\/i0.wp.com\\\/libreriaguadalupe.com.ar\\\/libreria\\\/wp-content\\\/uploads\\\/2025\\\/07\\\/1-scaled.png?fit=2048%2C2560&ssl=1\",\"width\":2048,\"height\":2560},{\"@type\":\"BreadcrumbList\",\"@id\":\"https:\\\/\\\/libreriaguadalupe.com.ar\\\/libreria\\\/producto\\\/nosotros-familia-y-tierra\\\/#breadcrumb\",\"itemListElement\":[{\"@type\":\"ListItem\",\"position\":1,\"name\":\"Portada\",\"item\":\"https:\\\/\\\/libreriaguadalupe.com.ar\\\/libreria\\\/\"},{\"@type\":\"ListItem\",\"position\":2,\"name\":\"Tienda\",\"item\":\"https:\\\/\\\/libreriaguadalupe.com.ar\\\/libreria\\\/\"},{\"@type\":\"ListItem\",\"position\":3,\"name\":\"Nosotros, Familia y Tierra.\"}]},{\"@type\":\"WebSite\",\"@id\":\"https:\\\/\\\/libreriaguadalupe.com.ar\\\/libreria\\\/#website\",\"url\":\"https:\\\/\\\/libreriaguadalupe.com.ar\\\/libreria\\\/\",\"name\":\"Editorial Guadalupe de Argentina\",\"description\":\"Congregaci\u00f3n del Verbo Divino\",\"publisher\":{\"@id\":\"https:\\\/\\\/libreriaguadalupe.com.ar\\\/libreria\\\/#organization\"},\"alternateName\":\"Librer\u00eda Guadalupe\",\"potentialAction\":[{\"@type\":\"SearchAction\",\"target\":{\"@type\":\"EntryPoint\",\"urlTemplate\":\"https:\\\/\\\/libreriaguadalupe.com.ar\\\/libreria\\\/?s={search_term_string}\"},\"query-input\":{\"@type\":\"PropertyValueSpecification\",\"valueRequired\":true,\"valueName\":\"search_term_string\"}}],\"inLanguage\":\"es\"},{\"@type\":\"Organization\",\"@id\":\"https:\\\/\\\/libreriaguadalupe.com.ar\\\/libreria\\\/#organization\",\"name\":\"Editorial Guadalupe\",\"alternateName\":\"Librer\u00eda Guadalupe\",\"url\":\"https:\\\/\\\/libreriaguadalupe.com.ar\\\/libreria\\\/\",\"logo\":{\"@type\":\"ImageObject\",\"inLanguage\":\"es\",\"@id\":\"https:\\\/\\\/libreriaguadalupe.com.ar\\\/libreria\\\/#\\\/schema\\\/logo\\\/image\\\/\",\"url\":\"https:\\\/\\\/i0.wp.com\\\/libreriaguadalupe.com.ar\\\/libreria\\\/wp-content\\\/uploads\\\/2023\\\/01\\\/cropped-logo-editorial-guadalupe.webp?fit=500%2C100&ssl=1\",\"contentUrl\":\"https:\\\/\\\/i0.wp.com\\\/libreriaguadalupe.com.ar\\\/libreria\\\/wp-content\\\/uploads\\\/2023\\\/01\\\/cropped-logo-editorial-guadalupe.webp?fit=500%2C100&ssl=1\",\"width\":500,\"height\":100,\"caption\":\"Editorial Guadalupe\"},\"image\":{\"@id\":\"https:\\\/\\\/libreriaguadalupe.com.ar\\\/libreria\\\/#\\\/schema\\\/logo\\\/image\\\/\"},\"sameAs\":[\"https:\\\/\\\/www.facebook.com\\\/LibreriaGuadalupeAR\\\/\",\"https:\\\/\\\/www.instagram.com\\\/editorialguadalupe\\\/\",\"https:\\\/\\\/guadalupeeditorial.mercadoshops.com.ar\\\/\"]}]}<\/script>\n<!-- \/ Yoast SEO plugin. -->","yoast_head_json":{"title":"Nosotros, Familia y Tierra. - Editorial Guadalupe de Argentina","description":"En esta novela se ven plasmados algunos avatares en la d\u00e9cada de los noventa en la Argentina y el mundo que algunos l\u00edderes e investigadores universitarios tuvieron que sortear para seguir disfrutando de las personas y cosas bellas que Dios nos regala por ser hijos suyos.","robots":{"index":"index","follow":"follow","max-snippet":"max-snippet:-1","max-image-preview":"max-image-preview:large","max-video-preview":"max-video-preview:-1"},"canonical":"https:\/\/libreriaguadalupe.com.ar\/libreria\/producto\/nosotros-familia-y-tierra\/","og_locale":"es_ES","og_type":"article","og_title":"Nosotros, Familia y Tierra. - Editorial Guadalupe de Argentina","og_description":"En esta novela se ven plasmados algunos avatares en la d\u00e9cada de los noventa en la Argentina y el mundo que algunos l\u00edderes e investigadores universitarios tuvieron que sortear para seguir disfrutando de las personas y cosas bellas que Dios nos regala por ser hijos suyos.","og_url":"https:\/\/libreriaguadalupe.com.ar\/libreria\/producto\/nosotros-familia-y-tierra\/","og_site_name":"Editorial Guadalupe de Argentina","article_publisher":"https:\/\/www.facebook.com\/LibreriaGuadalupeAR\/","article_modified_time":"2025-07-18T14:57:18+00:00","og_image":[{"width":2048,"height":2560,"url":"https:\/\/libreriaguadalupe.com.ar\/libreria\/wp-content\/uploads\/2025\/07\/1-scaled.png","type":"image\/png"}],"twitter_card":"summary_large_image","twitter_misc":{"Tiempo de lectura":"1 minuto"},"schema":{"@context":"https:\/\/schema.org","@graph":[{"@type":"WebPage","@id":"https:\/\/libreriaguadalupe.com.ar\/libreria\/producto\/nosotros-familia-y-tierra\/","url":"https:\/\/libreriaguadalupe.com.ar\/libreria\/producto\/nosotros-familia-y-tierra\/","name":"Nosotros, Familia y Tierra. - Editorial Guadalupe de Argentina","isPartOf":{"@id":"https:\/\/libreriaguadalupe.com.ar\/libreria\/#website"},"primaryImageOfPage":{"@id":"https:\/\/libreriaguadalupe.com.ar\/libreria\/producto\/nosotros-familia-y-tierra\/#primaryimage"},"image":{"@id":"https:\/\/libreriaguadalupe.com.ar\/libreria\/producto\/nosotros-familia-y-tierra\/#primaryimage"},"thumbnailUrl":"https:\/\/i0.wp.com\/libreriaguadalupe.com.ar\/libreria\/wp-content\/uploads\/2025\/07\/1-scaled.png?fit=2048%2C2560&ssl=1","datePublished":"2025-07-18T13:47:30+00:00","dateModified":"2025-07-18T14:57:18+00:00","description":"En esta novela se ven plasmados algunos avatares en la d\u00e9cada de los noventa en la Argentina y el mundo que algunos l\u00edderes e investigadores universitarios tuvieron que sortear para seguir disfrutando de las personas y cosas bellas que Dios nos regala por ser hijos suyos.","breadcrumb":{"@id":"https:\/\/libreriaguadalupe.com.ar\/libreria\/producto\/nosotros-familia-y-tierra\/#breadcrumb"},"inLanguage":"es","potentialAction":[{"@type":"ReadAction","target":["https:\/\/libreriaguadalupe.com.ar\/libreria\/producto\/nosotros-familia-y-tierra\/"]}]},{"@type":"ImageObject","inLanguage":"es","@id":"https:\/\/libreriaguadalupe.com.ar\/libreria\/producto\/nosotros-familia-y-tierra\/#primaryimage","url":"https:\/\/i0.wp.com\/libreriaguadalupe.com.ar\/libreria\/wp-content\/uploads\/2025\/07\/1-scaled.png?fit=2048%2C2560&ssl=1","contentUrl":"https:\/\/i0.wp.com\/libreriaguadalupe.com.ar\/libreria\/wp-content\/uploads\/2025\/07\/1-scaled.png?fit=2048%2C2560&ssl=1","width":2048,"height":2560},{"@type":"BreadcrumbList","@id":"https:\/\/libreriaguadalupe.com.ar\/libreria\/producto\/nosotros-familia-y-tierra\/#breadcrumb","itemListElement":[{"@type":"ListItem","position":1,"name":"Portada","item":"https:\/\/libreriaguadalupe.com.ar\/libreria\/"},{"@type":"ListItem","position":2,"name":"Tienda","item":"https:\/\/libreriaguadalupe.com.ar\/libreria\/"},{"@type":"ListItem","position":3,"name":"Nosotros, Familia y Tierra."}]},{"@type":"WebSite","@id":"https:\/\/libreriaguadalupe.com.ar\/libreria\/#website","url":"https:\/\/libreriaguadalupe.com.ar\/libreria\/","name":"Editorial Guadalupe de Argentina","description":"Congregaci\u00f3n del Verbo Divino","publisher":{"@id":"https:\/\/libreriaguadalupe.com.ar\/libreria\/#organization"},"alternateName":"Librer\u00eda Guadalupe","potentialAction":[{"@type":"SearchAction","target":{"@type":"EntryPoint","urlTemplate":"https:\/\/libreriaguadalupe.com.ar\/libreria\/?s={search_term_string}"},"query-input":{"@type":"PropertyValueSpecification","valueRequired":true,"valueName":"search_term_string"}}],"inLanguage":"es"},{"@type":"Organization","@id":"https:\/\/libreriaguadalupe.com.ar\/libreria\/#organization","name":"Editorial Guadalupe","alternateName":"Librer\u00eda Guadalupe","url":"https:\/\/libreriaguadalupe.com.ar\/libreria\/","logo":{"@type":"ImageObject","inLanguage":"es","@id":"https:\/\/libreriaguadalupe.com.ar\/libreria\/#\/schema\/logo\/image\/","url":"https:\/\/i0.wp.com\/libreriaguadalupe.com.ar\/libreria\/wp-content\/uploads\/2023\/01\/cropped-logo-editorial-guadalupe.webp?fit=500%2C100&ssl=1","contentUrl":"https:\/\/i0.wp.com\/libreriaguadalupe.com.ar\/libreria\/wp-content\/uploads\/2023\/01\/cropped-logo-editorial-guadalupe.webp?fit=500%2C100&ssl=1","width":500,"height":100,"caption":"Editorial Guadalupe"},"image":{"@id":"https:\/\/libreriaguadalupe.com.ar\/libreria\/#\/schema\/logo\/image\/"},"sameAs":["https:\/\/www.facebook.com\/LibreriaGuadalupeAR\/","https:\/\/www.instagram.com\/editorialguadalupe\/","https:\/\/guadalupeeditorial.mercadoshops.com.ar\/"]}]}},"jetpack_publicize_connections":[],"jetpack_sharing_enabled":true,"jetpack-related-posts":[{"id":17411,"url":"https:\/\/libreriaguadalupe.com.ar\/libreria\/producto\/verdades-que-no-parecen-verdades\/","url_meta":{"origin":18999,"position":0},"title":"Verdades que no parecen verdades","author":"admin","date":"28\/07\/2023","format":false,"excerpt":"La humanidad y sus paradojas. \u00a0 Autor: Gabriel Jorge Castell\u00e1 ISBN: 978-950-500-897-1 Dimensiones: 14 x 21 cm P\u00e1ginas: 318","rel":"","context":"Entrada similar","block_context":{"text":"Entrada similar","link":""},"img":{"alt_text":"","src":"https:\/\/i0.wp.com\/libreriaguadalupe.com.ar\/libreria\/wp-content\/uploads\/2023\/07\/Verdades-que-no-parecen-verdades.png?fit=470%2C712&ssl=1&resize=350%2C200","width":350,"height":200},"classes":[]},{"id":18624,"url":"https:\/\/libreriaguadalupe.com.ar\/libreria\/producto\/borgo-valsugana\/","url_meta":{"origin":18999,"position":1},"title":"Borgo Valsugana","author":"Mariano Zuqui","date":"17\/02\/2025","format":false,"excerpt":"Autor: Augusto Jos\u00e9 T\u00edtulo: \u201cBorgo Valsugana - Historias de vida, esperanza y valores\u201d ISBN:978-950-500-945-9 Formato:\u00a0 15.5 x 22.5 cms Interior: 1\/1 color Papel: Boockcel 80 N\u00ba de P\u00e1ginas: 334. Tapa: Cartulina - Laminado mate. Encuadernaci\u00f3n: Binder","rel":"","context":"Entrada similar","block_context":{"text":"Entrada similar","link":""},"img":{"alt_text":"Borgo Valsugana","src":"https:\/\/i0.wp.com\/libreriaguadalupe.com.ar\/libreria\/wp-content\/uploads\/2025\/02\/1-1.png?fit=960%2C1200&ssl=1&resize=350%2C200","width":350,"height":200,"srcset":"https:\/\/i0.wp.com\/libreriaguadalupe.com.ar\/libreria\/wp-content\/uploads\/2025\/02\/1-1.png?fit=960%2C1200&ssl=1&resize=350%2C200 1x, https:\/\/i0.wp.com\/libreriaguadalupe.com.ar\/libreria\/wp-content\/uploads\/2025\/02\/1-1.png?fit=960%2C1200&ssl=1&resize=525%2C300 1.5x, https:\/\/i0.wp.com\/libreriaguadalupe.com.ar\/libreria\/wp-content\/uploads\/2025\/02\/1-1.png?fit=960%2C1200&ssl=1&resize=700%2C400 2x"},"classes":[]},{"id":15956,"url":"https:\/\/libreriaguadalupe.com.ar\/libreria\/producto\/si-curas-la-herida-de-tu-hermano-e-book\/","url_meta":{"origin":18999,"position":2},"title":"Si curas la herida de tu hermano (E-BOOK)","author":"admin","date":"12\/02\/2023","format":false,"excerpt":"EDICION DIGITAL AUTOR: BAUTISTA MATEO [ VER M\u00c1S OBRAS ] ISBN: 9505007950","rel":"","context":"Entrada similar","block_context":{"text":"Entrada similar","link":""},"img":{"alt_text":"Si curas la herida de tu hermano","src":"https:\/\/i0.wp.com\/libreriaguadalupe.com.ar\/libreria\/wp-content\/uploads\/2023\/02\/Si-curas-la-herida-de-tu-hermano.jpg?fit=375%2C500&ssl=1&resize=350%2C200","width":350,"height":200},"classes":[]},{"id":17746,"url":"https:\/\/libreriaguadalupe.com.ar\/libreria\/producto\/cardenal-pironio\/","url_meta":{"origin":18999,"position":3},"title":"Cardenal Pironio","author":"admin","date":"07\/12\/2023","format":false,"excerpt":"Un regalo de Dios a la Iglesia Autor: JOS\u00c9 LUIS GERLERO ISBN: 978-950-500-515-4 Dimensiones: 16 x 23 cm P\u00e1ginas: 128","rel":"","context":"Entrada similar","block_context":{"text":"Entrada similar","link":""},"img":{"alt_text":"Cardenal Pironio","src":"https:\/\/i0.wp.com\/libreriaguadalupe.com.ar\/libreria\/wp-content\/uploads\/2023\/12\/Cardenal-Pironio-Tapa-scaled.jpg?fit=820%2C1200&ssl=1&resize=350%2C200","width":350,"height":200,"srcset":"https:\/\/i0.wp.com\/libreriaguadalupe.com.ar\/libreria\/wp-content\/uploads\/2023\/12\/Cardenal-Pironio-Tapa-scaled.jpg?fit=820%2C1200&ssl=1&resize=350%2C200 1x, https:\/\/i0.wp.com\/libreriaguadalupe.com.ar\/libreria\/wp-content\/uploads\/2023\/12\/Cardenal-Pironio-Tapa-scaled.jpg?fit=820%2C1200&ssl=1&resize=525%2C300 1.5x, https:\/\/i0.wp.com\/libreriaguadalupe.com.ar\/libreria\/wp-content\/uploads\/2023\/12\/Cardenal-Pironio-Tapa-scaled.jpg?fit=820%2C1200&ssl=1&resize=700%2C400 2x"},"classes":[]},{"id":17633,"url":"https:\/\/libreriaguadalupe.com.ar\/libreria\/producto\/yo-soy-la-resurreccion-y-la-vida\/","url_meta":{"origin":18999,"position":4},"title":"Yo soy la resurrecci\u00f3n y la vida","author":"admin","date":"01\/11\/2023","format":false,"excerpt":"Novena de difuntos Autor: GUILLERMO J. BRAVANDER SVD ISBN: 950-500-358-7 Dimensiones: 10 x 14 cm P\u00e1ginas: 96","rel":"","context":"Entrada similar","block_context":{"text":"Entrada similar","link":""},"img":{"alt_text":"Yo soy la resurrecci\u00f3n y la vida","src":"https:\/\/i0.wp.com\/libreriaguadalupe.com.ar\/libreria\/wp-content\/uploads\/2023\/11\/Yo-soy-la-resurrecion-y-la-vida-Tapa.jpg?fit=840%2C1200&ssl=1&resize=350%2C200","width":350,"height":200,"srcset":"https:\/\/i0.wp.com\/libreriaguadalupe.com.ar\/libreria\/wp-content\/uploads\/2023\/11\/Yo-soy-la-resurrecion-y-la-vida-Tapa.jpg?fit=840%2C1200&ssl=1&resize=350%2C200 1x, https:\/\/i0.wp.com\/libreriaguadalupe.com.ar\/libreria\/wp-content\/uploads\/2023\/11\/Yo-soy-la-resurrecion-y-la-vida-Tapa.jpg?fit=840%2C1200&ssl=1&resize=525%2C300 1.5x, https:\/\/i0.wp.com\/libreriaguadalupe.com.ar\/libreria\/wp-content\/uploads\/2023\/11\/Yo-soy-la-resurrecion-y-la-vida-Tapa.jpg?fit=840%2C1200&ssl=1&resize=700%2C400 2x"},"classes":[]},{"id":15953,"url":"https:\/\/libreriaguadalupe.com.ar\/libreria\/producto\/si-curas-la-herida-de-tu-hermano\/","url_meta":{"origin":18999,"position":5},"title":"Si curas la herida de tu hermano","author":"admin","date":"12\/02\/2023","format":false,"excerpt":"La mutua ayuda en duelo AUTOR: BAUTISTA MATEO [ VER M\u00c1S OBRAS ] ISBN: 9505008308","rel":"","context":"Entrada similar","block_context":{"text":"Entrada similar","link":""},"img":{"alt_text":"Si curas la herida de tu hermano","src":"https:\/\/i0.wp.com\/libreriaguadalupe.com.ar\/libreria\/wp-content\/uploads\/2023\/02\/Si-curas-la-herida-de-tu-hermano.jpg?fit=375%2C500&ssl=1&resize=350%2C200","width":350,"height":200},"classes":[]}],"_links":{"self":[{"href":"https:\/\/libreriaguadalupe.com.ar\/libreria\/wp-json\/wp\/v2\/product\/18999","targetHints":{"allow":["GET"]}}],"collection":[{"href":"https:\/\/libreriaguadalupe.com.ar\/libreria\/wp-json\/wp\/v2\/product"}],"about":[{"href":"https:\/\/libreriaguadalupe.com.ar\/libreria\/wp-json\/wp\/v2\/types\/product"}],"replies":[{"embeddable":true,"href":"https:\/\/libreriaguadalupe.com.ar\/libreria\/wp-json\/wp\/v2\/comments?post=18999"}],"version-history":[{"count":2,"href":"https:\/\/libreriaguadalupe.com.ar\/libreria\/wp-json\/wp\/v2\/product\/18999\/revisions"}],"predecessor-version":[{"id":19007,"href":"https:\/\/libreriaguadalupe.com.ar\/libreria\/wp-json\/wp\/v2\/product\/18999\/revisions\/19007"}],"wp:featuredmedia":[{"embeddable":true,"href":"https:\/\/libreriaguadalupe.com.ar\/libreria\/wp-json\/wp\/v2\/media\/19000"}],"wp:attachment":[{"href":"https:\/\/libreriaguadalupe.com.ar\/libreria\/wp-json\/wp\/v2\/media?parent=18999"}],"wp:term":[{"taxonomy":"product_brand","embeddable":true,"href":"https:\/\/libreriaguadalupe.com.ar\/libreria\/wp-json\/wp\/v2\/product_brand?post=18999"},{"taxonomy":"product_cat","embeddable":true,"href":"https:\/\/libreriaguadalupe.com.ar\/libreria\/wp-json\/wp\/v2\/product_cat?post=18999"},{"taxonomy":"product_tag","embeddable":true,"href":"https:\/\/libreriaguadalupe.com.ar\/libreria\/wp-json\/wp\/v2\/product_tag?post=18999"}],"curies":[{"name":"wp","href":"https:\/\/api.w.org\/{rel}","templated":true}]}}