{"id":18974,"date":"2025-06-19T22:59:22","date_gmt":"2025-06-20T01:59:22","guid":{"rendered":"https:\/\/libreriaguadalupe.com.ar\/libreria\/?post_type=product&#038;p=18974"},"modified":"2025-06-19T23:21:17","modified_gmt":"2025-06-20T02:21:17","slug":"las-nupcias-del-rey-el-cantar-de-los-cantares-el-evangelio-de-juan-y-neurociencia-cognitiva","status":"publish","type":"product","link":"https:\/\/libreriaguadalupe.com.ar\/libreria\/producto\/las-nupcias-del-rey-el-cantar-de-los-cantares-el-evangelio-de-juan-y-neurociencia-cognitiva\/","title":{"rendered":"\u201cLas nupcias del rey\u201d El Cantar de los Cantares, el Evangelio de Juan y neurociencia cognitiva."},"content":{"rendered":"<p class=\"p1\">El objetivo de esta obra es, desde un abordaje interdisciplinar entre la neurociencia cognitiva y las sagradas escrituras espec\u00edficamente con intertextualidad b\u00edblica, alimentar el amor hacia Dios, introduci\u00e9ndonos a este misterio desde evangelio de Juan y su v\u00ednculo con el Cantar de los Cantares.<\/p>\n<p class=\"p3\">Desde la intertextualidad, aunque compleja a\u00fan en nuestros d\u00edas, percibiremos la intencionalidad de un autor, en este caso b\u00edblico, y obtendremos las herramientas para detectar la influencia de un texto en otro.<\/p>\n<p class=\"p3\">Al leer el libro reconoceremos la influencia del Cantar de los Cantares en el Evangelio seg\u00fan san Juan para profundizar en el mensaje que el evangelista quiso transmitir, tener una mayor comprensi\u00f3n de lo que Dios quiso revelar a trav\u00e9s de este evangelio y, de este modo, poder conocer un poco m\u00e1s del misterio infinito del amor que Dios tiene por el hombre y, quiz\u00e1s, ayudar a reconstruir un puente entre espiritualidad y Biblia que, a pesar que nacieron de la mano, en los \u00faltimos siglos se distanciaron tomando diferentes caminos.<\/p>\n","protected":false},"excerpt":{"rendered":"<p><img decoding=\"async\" src=\"https:\/\/libreriaguadalupe.com.ar\/libreria\/wp-content\/uploads\/2023\/03\/nuevo.png\" alt=\"\" width=\"200\" height=\"125\" \/><\/p>\n<p>Autor: Eugenio Lionetti de Zorzi<br \/>\nT\u00edtulo: \u00abLas Nupcias del Rey\u00bb El Cantar de los Cantares, El Evangelio de Juan y neurociencia cognitiva.<br \/>\nISBN:978-950-500-823-0<br \/>\nFormato: 14.5\u00a0 (ancho) x 22 (alto) cms.<br \/>\nInterior: 1\/1 color<br \/>\nPapel: Bookcel 80 grs.<br \/>\nN\u00ba de P\u00e1ginas: 132<br \/>\nTapa:4 Colores &#8211; Cartulina 140 grs -laminado mate<br \/>\nEncuadernaci\u00f3n: Binder<\/p>\n<p>&nbsp;<\/p>\n<p>&nbsp;<\/p>\n","protected":false},"featured_media":18975,"comment_status":"open","ping_status":"closed","template":"","meta":{"jetpack_publicize_message":"","jetpack_publicize_feature_enabled":true,"jetpack_social_post_already_shared":true,"jetpack_social_options":{"image_generator_settings":{"template":"highway","default_image_id":0,"font":"","enabled":false},"version":2}},"product_brand":[],"product_cat":[125,88,121],"product_tag":[127,183,164,163,182,161],"class_list":{"0":"post-18974","1":"product","2":"type-product","3":"status-publish","4":"has-post-thumbnail","6":"product_cat-novedades","7":"product_cat-espiritualidad-cultura-social","8":"product_cat-guadalupe","9":"product_tag-editorial-guadalupe-de-argentina","10":"product_tag-eugenio-lionetti-de-zorzi","11":"product_tag-jubileo-de-la-esperanza","12":"product_tag-jubileo-ordinario-2025","13":"product_tag-las-nupcias-del-rey","14":"product_tag-nuevo-lanzamiento","16":"first","17":"instock","18":"shipping-taxable","19":"purchasable","20":"product-type-simple"},"yoast_head":"<!-- This site is optimized with the Yoast SEO plugin v27.4 - https:\/\/yoast.com\/product\/yoast-seo-wordpress\/ -->\n<title>\u201cLas nupcias del rey\u201d El Cantar de los Cantares, el Evangelio de Juan y neurociencia cognitiva. - Editorial Guadalupe de Argentina<\/title>\n<meta name=\"description\" content=\"El objetivo de esta obra es, desde un abordaje interdisciplinar entre la neurociencia cognitiva y las sagradas escrituras espec\u00edficamente con intertextualidad b\u00edblica, alimentar el amor hacia Dios, introduci\u00e9ndonos a este misterio desde evangelio de Juan y su v\u00ednculo con el Cantar de los Cantares.\" \/>\n<meta name=\"robots\" content=\"index, follow, max-snippet:-1, max-image-preview:large, max-video-preview:-1\" \/>\n<link rel=\"canonical\" href=\"https:\/\/libreriaguadalupe.com.ar\/libreria\/producto\/las-nupcias-del-rey-el-cantar-de-los-cantares-el-evangelio-de-juan-y-neurociencia-cognitiva\/\" \/>\n<meta property=\"og:locale\" content=\"es_ES\" \/>\n<meta property=\"og:type\" content=\"article\" \/>\n<meta property=\"og:title\" content=\"\u201cLas nupcias del rey\u201d El Cantar de los Cantares, el Evangelio de Juan y neurociencia cognitiva. - Editorial Guadalupe de Argentina\" \/>\n<meta property=\"og:description\" content=\"El objetivo de esta obra es, desde un abordaje interdisciplinar entre la neurociencia cognitiva y las sagradas escrituras espec\u00edficamente con intertextualidad b\u00edblica, alimentar el amor hacia Dios, introduci\u00e9ndonos a este misterio desde evangelio de Juan y su v\u00ednculo con el Cantar de los Cantares.\" \/>\n<meta property=\"og:url\" content=\"https:\/\/libreriaguadalupe.com.ar\/libreria\/producto\/las-nupcias-del-rey-el-cantar-de-los-cantares-el-evangelio-de-juan-y-neurociencia-cognitiva\/\" \/>\n<meta property=\"og:site_name\" content=\"Editorial Guadalupe de Argentina\" \/>\n<meta property=\"article:publisher\" content=\"https:\/\/www.facebook.com\/LibreriaGuadalupeAR\/\" \/>\n<meta property=\"article:modified_time\" content=\"2025-06-20T02:21:17+00:00\" \/>\n<meta property=\"og:image\" content=\"https:\/\/libreriaguadalupe.com.ar\/libreria\/wp-content\/uploads\/2025\/06\/1-5.png\" \/>\n\t<meta property=\"og:image:width\" content=\"1080\" \/>\n\t<meta property=\"og:image:height\" content=\"1350\" \/>\n\t<meta property=\"og:image:type\" content=\"image\/png\" \/>\n<meta name=\"twitter:card\" content=\"summary_large_image\" \/>\n<meta name=\"twitter:label1\" content=\"Tiempo de lectura\" \/>\n\t<meta name=\"twitter:data1\" content=\"1 minuto\" \/>\n<script type=\"application\/ld+json\" class=\"yoast-schema-graph\">{\"@context\":\"https:\\\/\\\/schema.org\",\"@graph\":[{\"@type\":\"WebPage\",\"@id\":\"https:\\\/\\\/libreriaguadalupe.com.ar\\\/libreria\\\/producto\\\/las-nupcias-del-rey-el-cantar-de-los-cantares-el-evangelio-de-juan-y-neurociencia-cognitiva\\\/\",\"url\":\"https:\\\/\\\/libreriaguadalupe.com.ar\\\/libreria\\\/producto\\\/las-nupcias-del-rey-el-cantar-de-los-cantares-el-evangelio-de-juan-y-neurociencia-cognitiva\\\/\",\"name\":\"\u201cLas nupcias del rey\u201d El Cantar de los Cantares, el Evangelio de Juan y neurociencia cognitiva. - Editorial Guadalupe de Argentina\",\"isPartOf\":{\"@id\":\"https:\\\/\\\/libreriaguadalupe.com.ar\\\/libreria\\\/#website\"},\"primaryImageOfPage\":{\"@id\":\"https:\\\/\\\/libreriaguadalupe.com.ar\\\/libreria\\\/producto\\\/las-nupcias-del-rey-el-cantar-de-los-cantares-el-evangelio-de-juan-y-neurociencia-cognitiva\\\/#primaryimage\"},\"image\":{\"@id\":\"https:\\\/\\\/libreriaguadalupe.com.ar\\\/libreria\\\/producto\\\/las-nupcias-del-rey-el-cantar-de-los-cantares-el-evangelio-de-juan-y-neurociencia-cognitiva\\\/#primaryimage\"},\"thumbnailUrl\":\"https:\\\/\\\/i0.wp.com\\\/libreriaguadalupe.com.ar\\\/libreria\\\/wp-content\\\/uploads\\\/2025\\\/06\\\/1-5.png?fit=1080%2C1350&ssl=1\",\"datePublished\":\"2025-06-20T01:59:22+00:00\",\"dateModified\":\"2025-06-20T02:21:17+00:00\",\"description\":\"El objetivo de esta obra es, desde un abordaje interdisciplinar entre la neurociencia cognitiva y las sagradas escrituras espec\u00edficamente con intertextualidad b\u00edblica, alimentar el amor hacia Dios, introduci\u00e9ndonos a este misterio desde evangelio de Juan y su v\u00ednculo con el Cantar de los Cantares.\",\"breadcrumb\":{\"@id\":\"https:\\\/\\\/libreriaguadalupe.com.ar\\\/libreria\\\/producto\\\/las-nupcias-del-rey-el-cantar-de-los-cantares-el-evangelio-de-juan-y-neurociencia-cognitiva\\\/#breadcrumb\"},\"inLanguage\":\"es\",\"potentialAction\":[{\"@type\":\"ReadAction\",\"target\":[\"https:\\\/\\\/libreriaguadalupe.com.ar\\\/libreria\\\/producto\\\/las-nupcias-del-rey-el-cantar-de-los-cantares-el-evangelio-de-juan-y-neurociencia-cognitiva\\\/\"]}]},{\"@type\":\"ImageObject\",\"inLanguage\":\"es\",\"@id\":\"https:\\\/\\\/libreriaguadalupe.com.ar\\\/libreria\\\/producto\\\/las-nupcias-del-rey-el-cantar-de-los-cantares-el-evangelio-de-juan-y-neurociencia-cognitiva\\\/#primaryimage\",\"url\":\"https:\\\/\\\/i0.wp.com\\\/libreriaguadalupe.com.ar\\\/libreria\\\/wp-content\\\/uploads\\\/2025\\\/06\\\/1-5.png?fit=1080%2C1350&ssl=1\",\"contentUrl\":\"https:\\\/\\\/i0.wp.com\\\/libreriaguadalupe.com.ar\\\/libreria\\\/wp-content\\\/uploads\\\/2025\\\/06\\\/1-5.png?fit=1080%2C1350&ssl=1\",\"width\":1080,\"height\":1350},{\"@type\":\"BreadcrumbList\",\"@id\":\"https:\\\/\\\/libreriaguadalupe.com.ar\\\/libreria\\\/producto\\\/las-nupcias-del-rey-el-cantar-de-los-cantares-el-evangelio-de-juan-y-neurociencia-cognitiva\\\/#breadcrumb\",\"itemListElement\":[{\"@type\":\"ListItem\",\"position\":1,\"name\":\"Portada\",\"item\":\"https:\\\/\\\/libreriaguadalupe.com.ar\\\/libreria\\\/\"},{\"@type\":\"ListItem\",\"position\":2,\"name\":\"Tienda\",\"item\":\"https:\\\/\\\/libreriaguadalupe.com.ar\\\/libreria\\\/\"},{\"@type\":\"ListItem\",\"position\":3,\"name\":\"\u201cLas nupcias del rey\u201d El Cantar de los Cantares, el Evangelio de Juan y neurociencia cognitiva.\"}]},{\"@type\":\"WebSite\",\"@id\":\"https:\\\/\\\/libreriaguadalupe.com.ar\\\/libreria\\\/#website\",\"url\":\"https:\\\/\\\/libreriaguadalupe.com.ar\\\/libreria\\\/\",\"name\":\"Editorial Guadalupe de Argentina\",\"description\":\"Congregaci\u00f3n del Verbo Divino\",\"publisher\":{\"@id\":\"https:\\\/\\\/libreriaguadalupe.com.ar\\\/libreria\\\/#organization\"},\"alternateName\":\"Librer\u00eda Guadalupe\",\"potentialAction\":[{\"@type\":\"SearchAction\",\"target\":{\"@type\":\"EntryPoint\",\"urlTemplate\":\"https:\\\/\\\/libreriaguadalupe.com.ar\\\/libreria\\\/?s={search_term_string}\"},\"query-input\":{\"@type\":\"PropertyValueSpecification\",\"valueRequired\":true,\"valueName\":\"search_term_string\"}}],\"inLanguage\":\"es\"},{\"@type\":\"Organization\",\"@id\":\"https:\\\/\\\/libreriaguadalupe.com.ar\\\/libreria\\\/#organization\",\"name\":\"Editorial Guadalupe\",\"alternateName\":\"Librer\u00eda Guadalupe\",\"url\":\"https:\\\/\\\/libreriaguadalupe.com.ar\\\/libreria\\\/\",\"logo\":{\"@type\":\"ImageObject\",\"inLanguage\":\"es\",\"@id\":\"https:\\\/\\\/libreriaguadalupe.com.ar\\\/libreria\\\/#\\\/schema\\\/logo\\\/image\\\/\",\"url\":\"https:\\\/\\\/i0.wp.com\\\/libreriaguadalupe.com.ar\\\/libreria\\\/wp-content\\\/uploads\\\/2023\\\/01\\\/cropped-logo-editorial-guadalupe.webp?fit=500%2C100&ssl=1\",\"contentUrl\":\"https:\\\/\\\/i0.wp.com\\\/libreriaguadalupe.com.ar\\\/libreria\\\/wp-content\\\/uploads\\\/2023\\\/01\\\/cropped-logo-editorial-guadalupe.webp?fit=500%2C100&ssl=1\",\"width\":500,\"height\":100,\"caption\":\"Editorial Guadalupe\"},\"image\":{\"@id\":\"https:\\\/\\\/libreriaguadalupe.com.ar\\\/libreria\\\/#\\\/schema\\\/logo\\\/image\\\/\"},\"sameAs\":[\"https:\\\/\\\/www.facebook.com\\\/LibreriaGuadalupeAR\\\/\",\"https:\\\/\\\/www.instagram.com\\\/editorialguadalupe\\\/\",\"https:\\\/\\\/guadalupeeditorial.mercadoshops.com.ar\\\/\"]}]}<\/script>\n<!-- \/ Yoast SEO plugin. -->","yoast_head_json":{"title":"\u201cLas nupcias del rey\u201d El Cantar de los Cantares, el Evangelio de Juan y neurociencia cognitiva. - Editorial Guadalupe de Argentina","description":"El objetivo de esta obra es, desde un abordaje interdisciplinar entre la neurociencia cognitiva y las sagradas escrituras espec\u00edficamente con intertextualidad b\u00edblica, alimentar el amor hacia Dios, introduci\u00e9ndonos a este misterio desde evangelio de Juan y su v\u00ednculo con el Cantar de los Cantares.","robots":{"index":"index","follow":"follow","max-snippet":"max-snippet:-1","max-image-preview":"max-image-preview:large","max-video-preview":"max-video-preview:-1"},"canonical":"https:\/\/libreriaguadalupe.com.ar\/libreria\/producto\/las-nupcias-del-rey-el-cantar-de-los-cantares-el-evangelio-de-juan-y-neurociencia-cognitiva\/","og_locale":"es_ES","og_type":"article","og_title":"\u201cLas nupcias del rey\u201d El Cantar de los Cantares, el Evangelio de Juan y neurociencia cognitiva. - Editorial Guadalupe de Argentina","og_description":"El objetivo de esta obra es, desde un abordaje interdisciplinar entre la neurociencia cognitiva y las sagradas escrituras espec\u00edficamente con intertextualidad b\u00edblica, alimentar el amor hacia Dios, introduci\u00e9ndonos a este misterio desde evangelio de Juan y su v\u00ednculo con el Cantar de los Cantares.","og_url":"https:\/\/libreriaguadalupe.com.ar\/libreria\/producto\/las-nupcias-del-rey-el-cantar-de-los-cantares-el-evangelio-de-juan-y-neurociencia-cognitiva\/","og_site_name":"Editorial Guadalupe de Argentina","article_publisher":"https:\/\/www.facebook.com\/LibreriaGuadalupeAR\/","article_modified_time":"2025-06-20T02:21:17+00:00","og_image":[{"width":1080,"height":1350,"url":"https:\/\/libreriaguadalupe.com.ar\/libreria\/wp-content\/uploads\/2025\/06\/1-5.png","type":"image\/png"}],"twitter_card":"summary_large_image","twitter_misc":{"Tiempo de lectura":"1 minuto"},"schema":{"@context":"https:\/\/schema.org","@graph":[{"@type":"WebPage","@id":"https:\/\/libreriaguadalupe.com.ar\/libreria\/producto\/las-nupcias-del-rey-el-cantar-de-los-cantares-el-evangelio-de-juan-y-neurociencia-cognitiva\/","url":"https:\/\/libreriaguadalupe.com.ar\/libreria\/producto\/las-nupcias-del-rey-el-cantar-de-los-cantares-el-evangelio-de-juan-y-neurociencia-cognitiva\/","name":"\u201cLas nupcias del rey\u201d El Cantar de los Cantares, el Evangelio de Juan y neurociencia cognitiva. - Editorial Guadalupe de Argentina","isPartOf":{"@id":"https:\/\/libreriaguadalupe.com.ar\/libreria\/#website"},"primaryImageOfPage":{"@id":"https:\/\/libreriaguadalupe.com.ar\/libreria\/producto\/las-nupcias-del-rey-el-cantar-de-los-cantares-el-evangelio-de-juan-y-neurociencia-cognitiva\/#primaryimage"},"image":{"@id":"https:\/\/libreriaguadalupe.com.ar\/libreria\/producto\/las-nupcias-del-rey-el-cantar-de-los-cantares-el-evangelio-de-juan-y-neurociencia-cognitiva\/#primaryimage"},"thumbnailUrl":"https:\/\/i0.wp.com\/libreriaguadalupe.com.ar\/libreria\/wp-content\/uploads\/2025\/06\/1-5.png?fit=1080%2C1350&ssl=1","datePublished":"2025-06-20T01:59:22+00:00","dateModified":"2025-06-20T02:21:17+00:00","description":"El objetivo de esta obra es, desde un abordaje interdisciplinar entre la neurociencia cognitiva y las sagradas escrituras espec\u00edficamente con intertextualidad b\u00edblica, alimentar el amor hacia Dios, introduci\u00e9ndonos a este misterio desde evangelio de Juan y su v\u00ednculo con el Cantar de los Cantares.","breadcrumb":{"@id":"https:\/\/libreriaguadalupe.com.ar\/libreria\/producto\/las-nupcias-del-rey-el-cantar-de-los-cantares-el-evangelio-de-juan-y-neurociencia-cognitiva\/#breadcrumb"},"inLanguage":"es","potentialAction":[{"@type":"ReadAction","target":["https:\/\/libreriaguadalupe.com.ar\/libreria\/producto\/las-nupcias-del-rey-el-cantar-de-los-cantares-el-evangelio-de-juan-y-neurociencia-cognitiva\/"]}]},{"@type":"ImageObject","inLanguage":"es","@id":"https:\/\/libreriaguadalupe.com.ar\/libreria\/producto\/las-nupcias-del-rey-el-cantar-de-los-cantares-el-evangelio-de-juan-y-neurociencia-cognitiva\/#primaryimage","url":"https:\/\/i0.wp.com\/libreriaguadalupe.com.ar\/libreria\/wp-content\/uploads\/2025\/06\/1-5.png?fit=1080%2C1350&ssl=1","contentUrl":"https:\/\/i0.wp.com\/libreriaguadalupe.com.ar\/libreria\/wp-content\/uploads\/2025\/06\/1-5.png?fit=1080%2C1350&ssl=1","width":1080,"height":1350},{"@type":"BreadcrumbList","@id":"https:\/\/libreriaguadalupe.com.ar\/libreria\/producto\/las-nupcias-del-rey-el-cantar-de-los-cantares-el-evangelio-de-juan-y-neurociencia-cognitiva\/#breadcrumb","itemListElement":[{"@type":"ListItem","position":1,"name":"Portada","item":"https:\/\/libreriaguadalupe.com.ar\/libreria\/"},{"@type":"ListItem","position":2,"name":"Tienda","item":"https:\/\/libreriaguadalupe.com.ar\/libreria\/"},{"@type":"ListItem","position":3,"name":"\u201cLas nupcias del rey\u201d El Cantar de los Cantares, el Evangelio de Juan y neurociencia cognitiva."}]},{"@type":"WebSite","@id":"https:\/\/libreriaguadalupe.com.ar\/libreria\/#website","url":"https:\/\/libreriaguadalupe.com.ar\/libreria\/","name":"Editorial Guadalupe de Argentina","description":"Congregaci\u00f3n del Verbo Divino","publisher":{"@id":"https:\/\/libreriaguadalupe.com.ar\/libreria\/#organization"},"alternateName":"Librer\u00eda Guadalupe","potentialAction":[{"@type":"SearchAction","target":{"@type":"EntryPoint","urlTemplate":"https:\/\/libreriaguadalupe.com.ar\/libreria\/?s={search_term_string}"},"query-input":{"@type":"PropertyValueSpecification","valueRequired":true,"valueName":"search_term_string"}}],"inLanguage":"es"},{"@type":"Organization","@id":"https:\/\/libreriaguadalupe.com.ar\/libreria\/#organization","name":"Editorial Guadalupe","alternateName":"Librer\u00eda Guadalupe","url":"https:\/\/libreriaguadalupe.com.ar\/libreria\/","logo":{"@type":"ImageObject","inLanguage":"es","@id":"https:\/\/libreriaguadalupe.com.ar\/libreria\/#\/schema\/logo\/image\/","url":"https:\/\/i0.wp.com\/libreriaguadalupe.com.ar\/libreria\/wp-content\/uploads\/2023\/01\/cropped-logo-editorial-guadalupe.webp?fit=500%2C100&ssl=1","contentUrl":"https:\/\/i0.wp.com\/libreriaguadalupe.com.ar\/libreria\/wp-content\/uploads\/2023\/01\/cropped-logo-editorial-guadalupe.webp?fit=500%2C100&ssl=1","width":500,"height":100,"caption":"Editorial Guadalupe"},"image":{"@id":"https:\/\/libreriaguadalupe.com.ar\/libreria\/#\/schema\/logo\/image\/"},"sameAs":["https:\/\/www.facebook.com\/LibreriaGuadalupeAR\/","https:\/\/www.instagram.com\/editorialguadalupe\/","https:\/\/guadalupeeditorial.mercadoshops.com.ar\/"]}]}},"jetpack_publicize_connections":[],"jetpack_sharing_enabled":true,"jetpack-related-posts":[{"id":15503,"url":"https:\/\/libreriaguadalupe.com.ar\/libreria\/producto\/y-vosotros-quien-decis-que-soy-yo-2\/","url_meta":{"origin":18974,"position":0},"title":"Y vosotros, quien decis que soy yo","author":"admin","date":"07\/02\/2023","format":false,"excerpt":"Semana b\u00edblica con el evangelio de Marcos Autor: EVD ISBN: 8499452388 Dimensiones: 20 x 20 cm P\u00e1ginas: 32","rel":"","context":"Entrada similar","block_context":{"text":"Entrada similar","link":""},"img":{"alt_text":"","src":"https:\/\/i0.wp.com\/libreriaguadalupe.com.ar\/libreria\/wp-content\/uploads\/2023\/02\/Y-vosotros-%C2%BFquien-decis-que-soy-yo.jpg?fit=380%2C586&ssl=1&resize=350%2C200","width":350,"height":200},"classes":[]},{"id":12962,"url":"https:\/\/libreriaguadalupe.com.ar\/libreria\/producto\/de-la-comunidad-nace-la-nueva-vida\/","url_meta":{"origin":18974,"position":1},"title":"\u00a1De la comunidad nace la nueva vida!","author":"admin","date":"18\/01\/2023","format":false,"excerpt":"Encuentros b\u00edblicos sobre el evangelio de Juan Autor: CENTRO BIBLICO ISBN: 8481694833 Dimensiones: 14 x 21 cm P\u00e1ginas: 120","rel":"","context":"Entrada similar","block_context":{"text":"Entrada similar","link":""},"img":{"alt_text":"","src":"https:\/\/i0.wp.com\/libreriaguadalupe.com.ar\/libreria\/wp-content\/uploads\/2023\/01\/%C2%A1De-la-comunidad-nace-la-nueva-vida.jpg?fit=380%2C586&ssl=1&resize=350%2C200","width":350,"height":200},"classes":[]},{"id":15893,"url":"https:\/\/libreriaguadalupe.com.ar\/libreria\/producto\/vive-la-palabra-2023\/","url_meta":{"origin":18974,"position":2},"title":"Vive La Palabra 2023","author":"admin","date":"12\/02\/2023","format":false,"excerpt":"Ciclo A. Evangelio \u2013 Santoral AUTOR: Mar\u00eda In\u00e9s Castro, Irene Rosa Klein y Editorial Guadalupe ISBN: 9505008728","rel":"","context":"Entrada similar","block_context":{"text":"Entrada similar","link":""},"img":{"alt_text":"","src":"https:\/\/i0.wp.com\/libreriaguadalupe.com.ar\/libreria\/wp-content\/uploads\/2023\/02\/VIVE-LA-PALABRA-2023-chico.jpg?fit=403%2C500&ssl=1&resize=350%2C200","width":350,"height":200},"classes":[]},{"id":12890,"url":"https:\/\/libreriaguadalupe.com.ar\/libreria\/producto\/escritos-joanicos-y-cartas-catolicas\/","url_meta":{"origin":18974,"position":3},"title":"Escritos joanicos y cartas catolicas","author":"admin","date":"18\/01\/2023","format":false,"excerpt":"Autor: Josep Oriol Tu\u00f1\u00ed Vancells, Xavier Alegre Santamar\u00eda ISBN: 8471519092 Dimensiones: 16 x 24 cm P\u00e1ginas: 424","rel":"","context":"Entrada similar","block_context":{"text":"Entrada similar","link":""},"img":{"alt_text":"","src":"https:\/\/i0.wp.com\/libreriaguadalupe.com.ar\/libreria\/wp-content\/uploads\/2023\/01\/Escritos-joanicos-y-cartas-catolicas.jpg?fit=380%2C586&ssl=1&resize=350%2C200","width":350,"height":200},"classes":[]},{"id":12965,"url":"https:\/\/libreriaguadalupe.com.ar\/libreria\/producto\/hemos-visto-su-estrella\/","url_meta":{"origin":18974,"position":4},"title":"Hemos visto su estrella","author":"admin","date":"18\/01\/2023","format":false,"excerpt":"Semana b\u00edblica con el evangelio de Mateo Autor: La Casa de la Biblia - Hermandad de Sacerdotes Operarios Diocesanos del Coraz\u00f3n de Jes\u00fas ISBN: 8481697636 Dimensiones: 20 x 20 cm P\u00e1ginas: 32","rel":"","context":"Entrada similar","block_context":{"text":"Entrada similar","link":""},"img":{"alt_text":"","src":"https:\/\/i0.wp.com\/libreriaguadalupe.com.ar\/libreria\/wp-content\/uploads\/2023\/01\/Hemos-visto-su-estrella.jpg?fit=380%2C586&ssl=1&resize=350%2C200","width":350,"height":200},"classes":[]},{"id":12862,"url":"https:\/\/libreriaguadalupe.com.ar\/libreria\/producto\/comentario-al-evangelio-de-juan\/","url_meta":{"origin":18974,"position":5},"title":"Comentario al Evangelio de Juan","author":"admin","date":"18\/01\/2023","format":false,"excerpt":"Autor: Sjef van Tilborg ISBN: 8481696757 Dimensiones: 14 x 22 cm P\u00e1ginas: 456","rel":"","context":"Entrada similar","block_context":{"text":"Entrada similar","link":""},"img":{"alt_text":"","src":"https:\/\/i0.wp.com\/libreriaguadalupe.com.ar\/libreria\/wp-content\/uploads\/2023\/01\/Comentario-al-evangelio-de-Juan.jpg?fit=380%2C586&ssl=1&resize=350%2C200","width":350,"height":200},"classes":[]}],"_links":{"self":[{"href":"https:\/\/libreriaguadalupe.com.ar\/libreria\/wp-json\/wp\/v2\/product\/18974","targetHints":{"allow":["GET"]}}],"collection":[{"href":"https:\/\/libreriaguadalupe.com.ar\/libreria\/wp-json\/wp\/v2\/product"}],"about":[{"href":"https:\/\/libreriaguadalupe.com.ar\/libreria\/wp-json\/wp\/v2\/types\/product"}],"replies":[{"embeddable":true,"href":"https:\/\/libreriaguadalupe.com.ar\/libreria\/wp-json\/wp\/v2\/comments?post=18974"}],"version-history":[{"count":1,"href":"https:\/\/libreriaguadalupe.com.ar\/libreria\/wp-json\/wp\/v2\/product\/18974\/revisions"}],"predecessor-version":[{"id":18977,"href":"https:\/\/libreriaguadalupe.com.ar\/libreria\/wp-json\/wp\/v2\/product\/18974\/revisions\/18977"}],"wp:featuredmedia":[{"embeddable":true,"href":"https:\/\/libreriaguadalupe.com.ar\/libreria\/wp-json\/wp\/v2\/media\/18975"}],"wp:attachment":[{"href":"https:\/\/libreriaguadalupe.com.ar\/libreria\/wp-json\/wp\/v2\/media?parent=18974"}],"wp:term":[{"taxonomy":"product_brand","embeddable":true,"href":"https:\/\/libreriaguadalupe.com.ar\/libreria\/wp-json\/wp\/v2\/product_brand?post=18974"},{"taxonomy":"product_cat","embeddable":true,"href":"https:\/\/libreriaguadalupe.com.ar\/libreria\/wp-json\/wp\/v2\/product_cat?post=18974"},{"taxonomy":"product_tag","embeddable":true,"href":"https:\/\/libreriaguadalupe.com.ar\/libreria\/wp-json\/wp\/v2\/product_tag?post=18974"}],"curies":[{"name":"wp","href":"https:\/\/api.w.org\/{rel}","templated":true}]}}