{"id":18966,"date":"2025-06-19T22:32:14","date_gmt":"2025-06-20T01:32:14","guid":{"rendered":"https:\/\/libreriaguadalupe.com.ar\/libreria\/?post_type=product&#038;p=18966"},"modified":"2025-06-19T22:57:50","modified_gmt":"2025-06-20T01:57:50","slug":"itinerario-catequistico-permanente-en-argentina","status":"publish","type":"product","link":"https:\/\/libreriaguadalupe.com.ar\/libreria\/producto\/itinerario-catequistico-permanente-en-argentina\/","title":{"rendered":"Itinerario Catequ\u00edstico Permanente en Argentina"},"content":{"rendered":"<p class=\"p1\">\u201cItinerario Catequ\u00edstico Permanente en Argentina\u201d es un estudio de investigaci\u00f3n \u201cteol\u00f3gica\u201d de la renovaci\u00f3n catequ\u00edstica en la Iglesia que camina en Argentina.<\/p>\n<p class=\"p1\">La primera parte abarca la historia de la renovaci\u00f3n catequ\u00edstica en Argentina entre los a\u00f1os 1962 y 1987. Veinticinco a\u00f1os en los que integraron las conclusiones surgidas del Concilio Vaticano II y la posterior reflexi\u00f3n magisterial y teol\u00f3gica, que por momentos fue muy controvertida, pero a la vez y gracias a eso, \u00a1muy fecunda!<\/p>\n<p class=\"p1\">El Itinerario Catequ\u00edstico Permanente en Argentina es la propuesta renovadora de la catequesis en Argentina; en la segunda parte, se profundiza y despliega el contenido teol\u00f3gico (con el testimonio y los escritos de Lucio Gera), espiritual (con el testimonio y los escritos del Cardenal Pironio) y pastoral (con el testimonio y los escritos de Frans de Vos).<\/p>\n<p class=\"p1\">En la tercera parte se ordena el pensamiento teol\u00f3gico, dejando en claro el contenidode la f\u00f3rmula de Itinerario Catequ\u00edstico Permanente, evidenciando su vigencia y, por lo tanto, la necesidad de seguir haciendo camino para que la Palabra de Dios sea escuchada por todos los cristianos en el seguimiento y discipulado de Jes\u00fas.<\/p>\n","protected":false},"excerpt":{"rendered":"<p>&nbsp;<\/p>\n<p>Autor: Marcelo Javier Franchini<br \/>\nT\u00edtulo: \u00abItinerario Catequ\u00edstico Permanente en Argentina\u00bb<br \/>\nISBN:978-950-500-946-6<br \/>\nFormato: 15.5\u00a0 (ancho) x 22.5 (alto) cms.<br \/>\nInterior: 1\/1 color<br \/>\nPapel: Bookcel 80 grs.<br \/>\nN\u00ba de P\u00e1ginas: 376<br \/>\nTapa:4 Colores &#8211; Cartulina 512 grs -laminado mate<br \/>\nEncuadernaci\u00f3n: Binder<\/p>\n<p>&nbsp;<\/p>\n<p>&nbsp;<\/p>\n","protected":false},"featured_media":18970,"comment_status":"open","ping_status":"closed","template":"","meta":{"jetpack_publicize_message":"","jetpack_publicize_feature_enabled":true,"jetpack_social_post_already_shared":true,"jetpack_social_options":{"image_generator_settings":{"template":"highway","default_image_id":0,"font":"","enabled":false},"version":2}},"product_brand":[],"product_cat":[125,88,121],"product_tag":[127,180,164,163,181],"class_list":{"0":"post-18966","1":"product","2":"type-product","3":"status-publish","4":"has-post-thumbnail","6":"product_cat-novedades","7":"product_cat-espiritualidad-cultura-social","8":"product_cat-guadalupe","9":"product_tag-editorial-guadalupe-de-argentina","10":"product_tag-itinerario-catequistico-permanente","11":"product_tag-jubileo-de-la-esperanza","12":"product_tag-jubileo-ordinario-2025","13":"product_tag-marcelo-javier-franchini","15":"first","16":"instock","17":"shipping-taxable","18":"purchasable","19":"product-type-simple"},"yoast_head":"<!-- This site is optimized with the Yoast SEO plugin v27.4 - https:\/\/yoast.com\/product\/yoast-seo-wordpress\/ -->\n<title>Itinerario Catequ\u00edstico Permanente en Argentina - Editorial Guadalupe de Argentina<\/title>\n<meta name=\"description\" content=\"\u201cItinerario Catequ\u00edstico Permanente en Argentina\u201d es un estudio de investigaci\u00f3n \u201cteol\u00f3gica\u201d de la renovaci\u00f3n catequ\u00edstica en la Iglesia que camina en Argentina.\" \/>\n<meta name=\"robots\" content=\"index, follow, max-snippet:-1, max-image-preview:large, max-video-preview:-1\" \/>\n<link rel=\"canonical\" href=\"https:\/\/libreriaguadalupe.com.ar\/libreria\/producto\/itinerario-catequistico-permanente-en-argentina\/\" \/>\n<meta property=\"og:locale\" content=\"es_ES\" \/>\n<meta property=\"og:type\" content=\"article\" \/>\n<meta property=\"og:title\" content=\"Itinerario Catequ\u00edstico Permanente en Argentina - Editorial Guadalupe de Argentina\" \/>\n<meta property=\"og:description\" content=\"\u201cItinerario Catequ\u00edstico Permanente en Argentina\u201d es un estudio de investigaci\u00f3n \u201cteol\u00f3gica\u201d de la renovaci\u00f3n catequ\u00edstica en la Iglesia que camina en Argentina.\" \/>\n<meta property=\"og:url\" content=\"https:\/\/libreriaguadalupe.com.ar\/libreria\/producto\/itinerario-catequistico-permanente-en-argentina\/\" \/>\n<meta property=\"og:site_name\" content=\"Editorial Guadalupe de Argentina\" \/>\n<meta property=\"article:publisher\" content=\"https:\/\/www.facebook.com\/LibreriaGuadalupeAR\/\" \/>\n<meta property=\"article:modified_time\" content=\"2025-06-20T01:57:50+00:00\" \/>\n<meta property=\"og:image\" content=\"https:\/\/libreriaguadalupe.com.ar\/libreria\/wp-content\/uploads\/2025\/06\/1-4.png\" \/>\n\t<meta property=\"og:image:width\" content=\"945\" \/>\n\t<meta property=\"og:image:height\" content=\"1181\" \/>\n\t<meta property=\"og:image:type\" content=\"image\/png\" \/>\n<meta name=\"twitter:card\" content=\"summary_large_image\" \/>\n<meta name=\"twitter:label1\" content=\"Tiempo de lectura\" \/>\n\t<meta name=\"twitter:data1\" content=\"2 minutos\" \/>\n<script type=\"application\/ld+json\" class=\"yoast-schema-graph\">{\"@context\":\"https:\\\/\\\/schema.org\",\"@graph\":[{\"@type\":\"WebPage\",\"@id\":\"https:\\\/\\\/libreriaguadalupe.com.ar\\\/libreria\\\/producto\\\/itinerario-catequistico-permanente-en-argentina\\\/\",\"url\":\"https:\\\/\\\/libreriaguadalupe.com.ar\\\/libreria\\\/producto\\\/itinerario-catequistico-permanente-en-argentina\\\/\",\"name\":\"Itinerario Catequ\u00edstico Permanente en Argentina - Editorial Guadalupe de Argentina\",\"isPartOf\":{\"@id\":\"https:\\\/\\\/libreriaguadalupe.com.ar\\\/libreria\\\/#website\"},\"primaryImageOfPage\":{\"@id\":\"https:\\\/\\\/libreriaguadalupe.com.ar\\\/libreria\\\/producto\\\/itinerario-catequistico-permanente-en-argentina\\\/#primaryimage\"},\"image\":{\"@id\":\"https:\\\/\\\/libreriaguadalupe.com.ar\\\/libreria\\\/producto\\\/itinerario-catequistico-permanente-en-argentina\\\/#primaryimage\"},\"thumbnailUrl\":\"https:\\\/\\\/i0.wp.com\\\/libreriaguadalupe.com.ar\\\/libreria\\\/wp-content\\\/uploads\\\/2025\\\/06\\\/1-4.png?fit=945%2C1181&ssl=1\",\"datePublished\":\"2025-06-20T01:32:14+00:00\",\"dateModified\":\"2025-06-20T01:57:50+00:00\",\"description\":\"\u201cItinerario Catequ\u00edstico Permanente en Argentina\u201d es un estudio de investigaci\u00f3n \u201cteol\u00f3gica\u201d de la renovaci\u00f3n catequ\u00edstica en la Iglesia que camina en Argentina.\",\"breadcrumb\":{\"@id\":\"https:\\\/\\\/libreriaguadalupe.com.ar\\\/libreria\\\/producto\\\/itinerario-catequistico-permanente-en-argentina\\\/#breadcrumb\"},\"inLanguage\":\"es\",\"potentialAction\":[{\"@type\":\"ReadAction\",\"target\":[\"https:\\\/\\\/libreriaguadalupe.com.ar\\\/libreria\\\/producto\\\/itinerario-catequistico-permanente-en-argentina\\\/\"]}]},{\"@type\":\"ImageObject\",\"inLanguage\":\"es\",\"@id\":\"https:\\\/\\\/libreriaguadalupe.com.ar\\\/libreria\\\/producto\\\/itinerario-catequistico-permanente-en-argentina\\\/#primaryimage\",\"url\":\"https:\\\/\\\/i0.wp.com\\\/libreriaguadalupe.com.ar\\\/libreria\\\/wp-content\\\/uploads\\\/2025\\\/06\\\/1-4.png?fit=945%2C1181&ssl=1\",\"contentUrl\":\"https:\\\/\\\/i0.wp.com\\\/libreriaguadalupe.com.ar\\\/libreria\\\/wp-content\\\/uploads\\\/2025\\\/06\\\/1-4.png?fit=945%2C1181&ssl=1\",\"width\":945,\"height\":1181,\"caption\":\"itinerario catequ\u00edstico permanente en Argentina\"},{\"@type\":\"BreadcrumbList\",\"@id\":\"https:\\\/\\\/libreriaguadalupe.com.ar\\\/libreria\\\/producto\\\/itinerario-catequistico-permanente-en-argentina\\\/#breadcrumb\",\"itemListElement\":[{\"@type\":\"ListItem\",\"position\":1,\"name\":\"Portada\",\"item\":\"https:\\\/\\\/libreriaguadalupe.com.ar\\\/libreria\\\/\"},{\"@type\":\"ListItem\",\"position\":2,\"name\":\"Tienda\",\"item\":\"https:\\\/\\\/libreriaguadalupe.com.ar\\\/libreria\\\/\"},{\"@type\":\"ListItem\",\"position\":3,\"name\":\"Itinerario Catequ\u00edstico Permanente en Argentina\"}]},{\"@type\":\"WebSite\",\"@id\":\"https:\\\/\\\/libreriaguadalupe.com.ar\\\/libreria\\\/#website\",\"url\":\"https:\\\/\\\/libreriaguadalupe.com.ar\\\/libreria\\\/\",\"name\":\"Editorial Guadalupe de Argentina\",\"description\":\"Congregaci\u00f3n del Verbo Divino\",\"publisher\":{\"@id\":\"https:\\\/\\\/libreriaguadalupe.com.ar\\\/libreria\\\/#organization\"},\"alternateName\":\"Librer\u00eda Guadalupe\",\"potentialAction\":[{\"@type\":\"SearchAction\",\"target\":{\"@type\":\"EntryPoint\",\"urlTemplate\":\"https:\\\/\\\/libreriaguadalupe.com.ar\\\/libreria\\\/?s={search_term_string}\"},\"query-input\":{\"@type\":\"PropertyValueSpecification\",\"valueRequired\":true,\"valueName\":\"search_term_string\"}}],\"inLanguage\":\"es\"},{\"@type\":\"Organization\",\"@id\":\"https:\\\/\\\/libreriaguadalupe.com.ar\\\/libreria\\\/#organization\",\"name\":\"Editorial Guadalupe\",\"alternateName\":\"Librer\u00eda Guadalupe\",\"url\":\"https:\\\/\\\/libreriaguadalupe.com.ar\\\/libreria\\\/\",\"logo\":{\"@type\":\"ImageObject\",\"inLanguage\":\"es\",\"@id\":\"https:\\\/\\\/libreriaguadalupe.com.ar\\\/libreria\\\/#\\\/schema\\\/logo\\\/image\\\/\",\"url\":\"https:\\\/\\\/i0.wp.com\\\/libreriaguadalupe.com.ar\\\/libreria\\\/wp-content\\\/uploads\\\/2023\\\/01\\\/cropped-logo-editorial-guadalupe.webp?fit=500%2C100&ssl=1\",\"contentUrl\":\"https:\\\/\\\/i0.wp.com\\\/libreriaguadalupe.com.ar\\\/libreria\\\/wp-content\\\/uploads\\\/2023\\\/01\\\/cropped-logo-editorial-guadalupe.webp?fit=500%2C100&ssl=1\",\"width\":500,\"height\":100,\"caption\":\"Editorial Guadalupe\"},\"image\":{\"@id\":\"https:\\\/\\\/libreriaguadalupe.com.ar\\\/libreria\\\/#\\\/schema\\\/logo\\\/image\\\/\"},\"sameAs\":[\"https:\\\/\\\/www.facebook.com\\\/LibreriaGuadalupeAR\\\/\",\"https:\\\/\\\/www.instagram.com\\\/editorialguadalupe\\\/\",\"https:\\\/\\\/guadalupeeditorial.mercadoshops.com.ar\\\/\"]}]}<\/script>\n<!-- \/ Yoast SEO plugin. -->","yoast_head_json":{"title":"Itinerario Catequ\u00edstico Permanente en Argentina - Editorial Guadalupe de Argentina","description":"\u201cItinerario Catequ\u00edstico Permanente en Argentina\u201d es un estudio de investigaci\u00f3n \u201cteol\u00f3gica\u201d de la renovaci\u00f3n catequ\u00edstica en la Iglesia que camina en Argentina.","robots":{"index":"index","follow":"follow","max-snippet":"max-snippet:-1","max-image-preview":"max-image-preview:large","max-video-preview":"max-video-preview:-1"},"canonical":"https:\/\/libreriaguadalupe.com.ar\/libreria\/producto\/itinerario-catequistico-permanente-en-argentina\/","og_locale":"es_ES","og_type":"article","og_title":"Itinerario Catequ\u00edstico Permanente en Argentina - Editorial Guadalupe de Argentina","og_description":"\u201cItinerario Catequ\u00edstico Permanente en Argentina\u201d es un estudio de investigaci\u00f3n \u201cteol\u00f3gica\u201d de la renovaci\u00f3n catequ\u00edstica en la Iglesia que camina en Argentina.","og_url":"https:\/\/libreriaguadalupe.com.ar\/libreria\/producto\/itinerario-catequistico-permanente-en-argentina\/","og_site_name":"Editorial Guadalupe de Argentina","article_publisher":"https:\/\/www.facebook.com\/LibreriaGuadalupeAR\/","article_modified_time":"2025-06-20T01:57:50+00:00","og_image":[{"width":945,"height":1181,"url":"https:\/\/libreriaguadalupe.com.ar\/libreria\/wp-content\/uploads\/2025\/06\/1-4.png","type":"image\/png"}],"twitter_card":"summary_large_image","twitter_misc":{"Tiempo de lectura":"2 minutos"},"schema":{"@context":"https:\/\/schema.org","@graph":[{"@type":"WebPage","@id":"https:\/\/libreriaguadalupe.com.ar\/libreria\/producto\/itinerario-catequistico-permanente-en-argentina\/","url":"https:\/\/libreriaguadalupe.com.ar\/libreria\/producto\/itinerario-catequistico-permanente-en-argentina\/","name":"Itinerario Catequ\u00edstico Permanente en Argentina - Editorial Guadalupe de Argentina","isPartOf":{"@id":"https:\/\/libreriaguadalupe.com.ar\/libreria\/#website"},"primaryImageOfPage":{"@id":"https:\/\/libreriaguadalupe.com.ar\/libreria\/producto\/itinerario-catequistico-permanente-en-argentina\/#primaryimage"},"image":{"@id":"https:\/\/libreriaguadalupe.com.ar\/libreria\/producto\/itinerario-catequistico-permanente-en-argentina\/#primaryimage"},"thumbnailUrl":"https:\/\/i0.wp.com\/libreriaguadalupe.com.ar\/libreria\/wp-content\/uploads\/2025\/06\/1-4.png?fit=945%2C1181&ssl=1","datePublished":"2025-06-20T01:32:14+00:00","dateModified":"2025-06-20T01:57:50+00:00","description":"\u201cItinerario Catequ\u00edstico Permanente en Argentina\u201d es un estudio de investigaci\u00f3n \u201cteol\u00f3gica\u201d de la renovaci\u00f3n catequ\u00edstica en la Iglesia que camina en Argentina.","breadcrumb":{"@id":"https:\/\/libreriaguadalupe.com.ar\/libreria\/producto\/itinerario-catequistico-permanente-en-argentina\/#breadcrumb"},"inLanguage":"es","potentialAction":[{"@type":"ReadAction","target":["https:\/\/libreriaguadalupe.com.ar\/libreria\/producto\/itinerario-catequistico-permanente-en-argentina\/"]}]},{"@type":"ImageObject","inLanguage":"es","@id":"https:\/\/libreriaguadalupe.com.ar\/libreria\/producto\/itinerario-catequistico-permanente-en-argentina\/#primaryimage","url":"https:\/\/i0.wp.com\/libreriaguadalupe.com.ar\/libreria\/wp-content\/uploads\/2025\/06\/1-4.png?fit=945%2C1181&ssl=1","contentUrl":"https:\/\/i0.wp.com\/libreriaguadalupe.com.ar\/libreria\/wp-content\/uploads\/2025\/06\/1-4.png?fit=945%2C1181&ssl=1","width":945,"height":1181,"caption":"itinerario catequ\u00edstico permanente en Argentina"},{"@type":"BreadcrumbList","@id":"https:\/\/libreriaguadalupe.com.ar\/libreria\/producto\/itinerario-catequistico-permanente-en-argentina\/#breadcrumb","itemListElement":[{"@type":"ListItem","position":1,"name":"Portada","item":"https:\/\/libreriaguadalupe.com.ar\/libreria\/"},{"@type":"ListItem","position":2,"name":"Tienda","item":"https:\/\/libreriaguadalupe.com.ar\/libreria\/"},{"@type":"ListItem","position":3,"name":"Itinerario Catequ\u00edstico Permanente en Argentina"}]},{"@type":"WebSite","@id":"https:\/\/libreriaguadalupe.com.ar\/libreria\/#website","url":"https:\/\/libreriaguadalupe.com.ar\/libreria\/","name":"Editorial Guadalupe de Argentina","description":"Congregaci\u00f3n del Verbo Divino","publisher":{"@id":"https:\/\/libreriaguadalupe.com.ar\/libreria\/#organization"},"alternateName":"Librer\u00eda Guadalupe","potentialAction":[{"@type":"SearchAction","target":{"@type":"EntryPoint","urlTemplate":"https:\/\/libreriaguadalupe.com.ar\/libreria\/?s={search_term_string}"},"query-input":{"@type":"PropertyValueSpecification","valueRequired":true,"valueName":"search_term_string"}}],"inLanguage":"es"},{"@type":"Organization","@id":"https:\/\/libreriaguadalupe.com.ar\/libreria\/#organization","name":"Editorial Guadalupe","alternateName":"Librer\u00eda Guadalupe","url":"https:\/\/libreriaguadalupe.com.ar\/libreria\/","logo":{"@type":"ImageObject","inLanguage":"es","@id":"https:\/\/libreriaguadalupe.com.ar\/libreria\/#\/schema\/logo\/image\/","url":"https:\/\/i0.wp.com\/libreriaguadalupe.com.ar\/libreria\/wp-content\/uploads\/2023\/01\/cropped-logo-editorial-guadalupe.webp?fit=500%2C100&ssl=1","contentUrl":"https:\/\/i0.wp.com\/libreriaguadalupe.com.ar\/libreria\/wp-content\/uploads\/2023\/01\/cropped-logo-editorial-guadalupe.webp?fit=500%2C100&ssl=1","width":500,"height":100,"caption":"Editorial Guadalupe"},"image":{"@id":"https:\/\/libreriaguadalupe.com.ar\/libreria\/#\/schema\/logo\/image\/"},"sameAs":["https:\/\/www.facebook.com\/LibreriaGuadalupeAR\/","https:\/\/www.instagram.com\/editorialguadalupe\/","https:\/\/guadalupeeditorial.mercadoshops.com.ar\/"]}]}},"jetpack_publicize_connections":[],"jetpack_sharing_enabled":true,"jetpack-related-posts":[{"id":18157,"url":"https:\/\/libreriaguadalupe.com.ar\/libreria\/producto\/camino-con-cristo\/","url_meta":{"origin":18966,"position":0},"title":"Camino con Cristo","author":"admin","date":"11\/07\/2024","format":false,"excerpt":"Catecumenado de Adultos Autor: Mart\u00edn Weichs ISBN: 978-987-148-821-6 Dimensiones: 18 x 26 cm P\u00e1ginas: 618","rel":"","context":"Entrada similar","block_context":{"text":"Entrada similar","link":""},"img":{"alt_text":"","src":"https:\/\/i0.wp.com\/libreriaguadalupe.com.ar\/libreria\/wp-content\/uploads\/2024\/07\/Camino-con-Cristo.png?fit=470%2C712&ssl=1&resize=350%2C200","width":350,"height":200},"classes":[]},{"id":19024,"url":"https:\/\/libreriaguadalupe.com.ar\/libreria\/producto\/elementos-catequisticos-desde-la-biblia\/","url_meta":{"origin":18966,"position":1},"title":"Elementos catequ\u00edsticos desde la Biblia","author":"Mariano Zuqui","date":"24\/07\/2025","format":false,"excerpt":"Autor: Eduardo de la Serna T\u00edtulo: \"Elementos catequ\u00edsticos desde la Biblia\" ISBN:978-950-500-954-1 Formato: 15.5\u00a0 (ancho) x 22,5 (alto) cms. Interior: 1\/1 color Papel: Bookcel 80 grs. N\u00ba de P\u00e1ginas: 236 Tapa:4 Colores - Cartulina - Laminado mate Encuadernaci\u00f3n: Binder \u00a0 \u00a0","rel":"","context":"Entrada similar","block_context":{"text":"Entrada similar","link":""},"img":{"alt_text":"","src":"https:\/\/i0.wp.com\/libreriaguadalupe.com.ar\/libreria\/wp-content\/uploads\/2025\/07\/1-2.png?fit=960%2C1200&ssl=1&resize=350%2C200","width":350,"height":200,"srcset":"https:\/\/i0.wp.com\/libreriaguadalupe.com.ar\/libreria\/wp-content\/uploads\/2025\/07\/1-2.png?fit=960%2C1200&ssl=1&resize=350%2C200 1x, https:\/\/i0.wp.com\/libreriaguadalupe.com.ar\/libreria\/wp-content\/uploads\/2025\/07\/1-2.png?fit=960%2C1200&ssl=1&resize=525%2C300 1.5x, https:\/\/i0.wp.com\/libreriaguadalupe.com.ar\/libreria\/wp-content\/uploads\/2025\/07\/1-2.png?fit=960%2C1200&ssl=1&resize=700%2C400 2x"},"classes":[]},{"id":14727,"url":"https:\/\/libreriaguadalupe.com.ar\/libreria\/producto\/maria-de-nazaret-en-argentina-2\/","url_meta":{"origin":18966,"position":2},"title":"Maria de Nazaret en Argentina","author":"admin","date":"07\/02\/2023","format":false,"excerpt":"128 P\u00e1gs. 10 x 15 cm. AUTOR: P. Eduardo Gonz\u00e1lez ISBN: 9505004028","rel":"","context":"Entrada similar","block_context":{"text":"Entrada similar","link":""},"img":{"alt_text":"","src":"https:\/\/i0.wp.com\/libreriaguadalupe.com.ar\/libreria\/wp-content\/uploads\/2023\/03\/MARIA-DE-NAZARET-en-Argentina.jpg?fit=325%2C486&ssl=1&resize=350%2C200","width":350,"height":200},"classes":[]},{"id":16776,"url":"https:\/\/libreriaguadalupe.com.ar\/libreria\/producto\/celebremos-a-jesus-pan-de-vida-ciclo-b\/","url_meta":{"origin":18966,"position":3},"title":"Celebremos A Jes\u00fas, Pan De Vida Ciclo B","author":"admin","date":"21\/03\/2023","format":false,"excerpt":"Autor: Miguel Angel D'Annibale ISBN: 9789505006342 P\u00e1ginas: 192 Medidas: 14 x 20 cm","rel":"","context":"Entrada similar","block_context":{"text":"Entrada similar","link":""},"img":{"alt_text":"","src":"https:\/\/i0.wp.com\/libreriaguadalupe.com.ar\/libreria\/wp-content\/uploads\/2023\/03\/Celebremos-A-Jesus-Pan-De-Vida-Ciclo-B.jpeg?fit=337%2C500&ssl=1&resize=350%2C200","width":350,"height":200},"classes":[]},{"id":16779,"url":"https:\/\/libreriaguadalupe.com.ar\/libreria\/producto\/celebremos-a-jesus-pan-de-vida-ciclo-c\/","url_meta":{"origin":18966,"position":4},"title":"Celebremos A Jes\u00fas, Pan De Vida Ciclo C","author":"admin","date":"21\/03\/2023","format":false,"excerpt":"Autor: Miguel Angel D\u2019Annibale ISBN: 9789505006625 P\u00e1ginas: 192 Medidas: 14 x 20 cm","rel":"","context":"Entrada similar","block_context":{"text":"Entrada similar","link":""},"img":{"alt_text":"","src":"https:\/\/i0.wp.com\/libreriaguadalupe.com.ar\/libreria\/wp-content\/uploads\/2023\/03\/Celebremos-A-Jesus-Pan-De-Vida-Ciclo-C.jpeg?fit=344%2C500&ssl=1&resize=350%2C200","width":350,"height":200},"classes":[]},{"id":16080,"url":"https:\/\/libreriaguadalupe.com.ar\/libreria\/producto\/renovar-la-vida\/","url_meta":{"origin":18966,"position":5},"title":"Renovar La Vida","author":"admin","date":"12\/02\/2023","format":false,"excerpt":"METODOLOGIA PARA PREPARAR ENCUENTROS DE PASTORAL AUTOR: PABLO GUGLIELMI ISBN: 9505008230","rel":"","context":"Entrada similar","block_context":{"text":"Entrada similar","link":""},"img":{"alt_text":"","src":"https:\/\/i0.wp.com\/libreriaguadalupe.com.ar\/libreria\/wp-content\/uploads\/2023\/02\/Renovar-la-vida.webp?fit=343%2C500&ssl=1&resize=350%2C200","width":350,"height":200},"classes":[]}],"_links":{"self":[{"href":"https:\/\/libreriaguadalupe.com.ar\/libreria\/wp-json\/wp\/v2\/product\/18966","targetHints":{"allow":["GET"]}}],"collection":[{"href":"https:\/\/libreriaguadalupe.com.ar\/libreria\/wp-json\/wp\/v2\/product"}],"about":[{"href":"https:\/\/libreriaguadalupe.com.ar\/libreria\/wp-json\/wp\/v2\/types\/product"}],"replies":[{"embeddable":true,"href":"https:\/\/libreriaguadalupe.com.ar\/libreria\/wp-json\/wp\/v2\/comments?post=18966"}],"version-history":[{"count":1,"href":"https:\/\/libreriaguadalupe.com.ar\/libreria\/wp-json\/wp\/v2\/product\/18966\/revisions"}],"predecessor-version":[{"id":18967,"href":"https:\/\/libreriaguadalupe.com.ar\/libreria\/wp-json\/wp\/v2\/product\/18966\/revisions\/18967"}],"wp:featuredmedia":[{"embeddable":true,"href":"https:\/\/libreriaguadalupe.com.ar\/libreria\/wp-json\/wp\/v2\/media\/18970"}],"wp:attachment":[{"href":"https:\/\/libreriaguadalupe.com.ar\/libreria\/wp-json\/wp\/v2\/media?parent=18966"}],"wp:term":[{"taxonomy":"product_brand","embeddable":true,"href":"https:\/\/libreriaguadalupe.com.ar\/libreria\/wp-json\/wp\/v2\/product_brand?post=18966"},{"taxonomy":"product_cat","embeddable":true,"href":"https:\/\/libreriaguadalupe.com.ar\/libreria\/wp-json\/wp\/v2\/product_cat?post=18966"},{"taxonomy":"product_tag","embeddable":true,"href":"https:\/\/libreriaguadalupe.com.ar\/libreria\/wp-json\/wp\/v2\/product_tag?post=18966"}],"curies":[{"name":"wp","href":"https:\/\/api.w.org\/{rel}","templated":true}]}}