{"id":18953,"date":"2025-06-17T17:00:00","date_gmt":"2025-06-17T20:00:00","guid":{"rendered":"https:\/\/libreriaguadalupe.com.ar\/libreria\/?post_type=product&#038;p=18953"},"modified":"2025-06-17T17:17:23","modified_gmt":"2025-06-17T20:17:23","slug":"eduardo-francisco-pironio-biografia-de-un-cristiano-latinoamericano","status":"publish","type":"product","link":"https:\/\/libreriaguadalupe.com.ar\/libreria\/producto\/eduardo-francisco-pironio-biografia-de-un-cristiano-latinoamericano\/","title":{"rendered":"Eduardo Francisco Pironio &#8211; Biograf\u00eda de un cristiano latinoamericano"},"content":{"rendered":"<p class=\"p1\">Eduardo Francisco Pironio, cardenal y arzobispo, fue uno de los protagonistas de los acontecimientos del catolicismo en la \u00e9poca contempor\u00e1nea, una figura clave en la historia de las relaciones entre la Santa Sede y la Iglesia latinoamericana, hasta el punto de que el arzobispo de Mil\u00e1n, Carlo Maria Martini, lo consider\u00f3 una de las principales<span class=\"Apple-converted-space\">\u00a0 <\/span>personalidad de la Iglesia al final de milenio. Es uno de los obispos que m\u00e1s contribuy\u00f3 a la renovaci\u00f3n del catolicismo latinoamericano, siendo uno de los art\u00edfices de la Conferencia de Medell\u00edn, celebrada en esa ciudad colombiana del 26 de agosto al 27 de septiembre de 1968. Este volumen reconstruye su biograf\u00eda a partir de documentaci\u00f3n de archivo in\u00e9dita que explora tambi\u00e9n sus importantes responsabilidades en Roma, al servicio de dos papas: Pablo Vi y Juan Pablo II.<\/p>\n","protected":false},"excerpt":{"rendered":"<p><img decoding=\"async\" src=\"https:\/\/libreriaguadalupe.com.ar\/libreria\/wp-content\/uploads\/2023\/03\/nuevo.png\" alt=\"\" width=\"200\" height=\"125\" \/><\/p>\n<p>Autor: Gianni La Bella<br \/>\nT\u00edtulo: \u00abEduardo Francisco Pironio &#8211; Biograf\u00eda de un cristiano latinoamericano\u00bb<br \/>\nISBN:978-950-500-956-5<br \/>\nFormato: 15.5\u00a0 (ancho) x 22.5 (alto) cms.<br \/>\nInterior: 1\/1 color<br \/>\nPapel: Bookcel 80 grs.<br \/>\nN\u00ba de P\u00e1ginas: 366<br \/>\nTapa:4 Colores &#8211; Cartulina 500 grs -laminado mate<br \/>\nEncuadernaci\u00f3n: Binder<\/p>\n<p>&nbsp;<\/p>\n<p>&nbsp;<\/p>\n","protected":false},"featured_media":18955,"comment_status":"open","ping_status":"closed","template":"","meta":{"jetpack_publicize_message":"","jetpack_publicize_feature_enabled":true,"jetpack_social_post_already_shared":true,"jetpack_social_options":{"image_generator_settings":{"template":"highway","default_image_id":0,"font":"","enabled":false},"version":2}},"product_brand":[],"product_cat":[125,88,121],"product_tag":[127,178,179,164,163,161],"class_list":{"0":"post-18953","1":"product","2":"type-product","3":"status-publish","4":"has-post-thumbnail","6":"product_cat-novedades","7":"product_cat-espiritualidad-cultura-social","8":"product_cat-guadalupe","9":"product_tag-editorial-guadalupe-de-argentina","10":"product_tag-eduardo-francisco-pironio","11":"product_tag-gianni-la-bella","12":"product_tag-jubileo-de-la-esperanza","13":"product_tag-jubileo-ordinario-2025","14":"product_tag-nuevo-lanzamiento","16":"first","17":"instock","18":"shipping-taxable","19":"purchasable","20":"product-type-simple"},"yoast_head":"<!-- This site is optimized with the Yoast SEO plugin v27.4 - https:\/\/yoast.com\/product\/yoast-seo-wordpress\/ -->\n<title>Eduardo Francisco Pironio - Biograf\u00eda de un cristiano latinoamericano - Editorial Guadalupe de Argentina<\/title>\n<meta name=\"description\" content=\"Este volumen reconstruye su biograf\u00eda a partir de documentaci\u00f3n de archivo in\u00e9dita que explora tambi\u00e9n sus importantes responsabilidades en Roma, al servicio de dos papas: Pablo Vi y Juan Pablo II.\" \/>\n<meta name=\"robots\" content=\"index, follow, max-snippet:-1, max-image-preview:large, max-video-preview:-1\" \/>\n<link rel=\"canonical\" href=\"https:\/\/libreriaguadalupe.com.ar\/libreria\/producto\/eduardo-francisco-pironio-biografia-de-un-cristiano-latinoamericano\/\" \/>\n<meta property=\"og:locale\" content=\"es_ES\" \/>\n<meta property=\"og:type\" content=\"article\" \/>\n<meta property=\"og:title\" content=\"Eduardo Francisco Pironio - Biograf\u00eda de un cristiano latinoamericano - Editorial Guadalupe de Argentina\" \/>\n<meta property=\"og:description\" content=\"Este volumen reconstruye su biograf\u00eda a partir de documentaci\u00f3n de archivo in\u00e9dita que explora tambi\u00e9n sus importantes responsabilidades en Roma, al servicio de dos papas: Pablo Vi y Juan Pablo II.\" \/>\n<meta property=\"og:url\" content=\"https:\/\/libreriaguadalupe.com.ar\/libreria\/producto\/eduardo-francisco-pironio-biografia-de-un-cristiano-latinoamericano\/\" \/>\n<meta property=\"og:site_name\" content=\"Editorial Guadalupe de Argentina\" \/>\n<meta property=\"article:publisher\" content=\"https:\/\/www.facebook.com\/LibreriaGuadalupeAR\/\" \/>\n<meta property=\"article:modified_time\" content=\"2025-06-17T20:17:23+00:00\" \/>\n<meta property=\"og:image\" content=\"https:\/\/libreriaguadalupe.com.ar\/libreria\/wp-content\/uploads\/2025\/06\/1-2-819x1024.png\" \/>\n\t<meta property=\"og:image:width\" content=\"819\" \/>\n\t<meta property=\"og:image:height\" content=\"1024\" \/>\n\t<meta property=\"og:image:type\" content=\"image\/png\" \/>\n<meta name=\"twitter:card\" content=\"summary_large_image\" \/>\n<meta name=\"twitter:label1\" content=\"Tiempo de lectura\" \/>\n\t<meta name=\"twitter:data1\" content=\"1 minuto\" \/>\n<script type=\"application\/ld+json\" class=\"yoast-schema-graph\">{\"@context\":\"https:\\\/\\\/schema.org\",\"@graph\":[{\"@type\":\"WebPage\",\"@id\":\"https:\\\/\\\/libreriaguadalupe.com.ar\\\/libreria\\\/producto\\\/eduardo-francisco-pironio-biografia-de-un-cristiano-latinoamericano\\\/\",\"url\":\"https:\\\/\\\/libreriaguadalupe.com.ar\\\/libreria\\\/producto\\\/eduardo-francisco-pironio-biografia-de-un-cristiano-latinoamericano\\\/\",\"name\":\"Eduardo Francisco Pironio - Biograf\u00eda de un cristiano latinoamericano - Editorial Guadalupe de Argentina\",\"isPartOf\":{\"@id\":\"https:\\\/\\\/libreriaguadalupe.com.ar\\\/libreria\\\/#website\"},\"primaryImageOfPage\":{\"@id\":\"https:\\\/\\\/libreriaguadalupe.com.ar\\\/libreria\\\/producto\\\/eduardo-francisco-pironio-biografia-de-un-cristiano-latinoamericano\\\/#primaryimage\"},\"image\":{\"@id\":\"https:\\\/\\\/libreriaguadalupe.com.ar\\\/libreria\\\/producto\\\/eduardo-francisco-pironio-biografia-de-un-cristiano-latinoamericano\\\/#primaryimage\"},\"thumbnailUrl\":\"https:\\\/\\\/i0.wp.com\\\/libreriaguadalupe.com.ar\\\/libreria\\\/wp-content\\\/uploads\\\/2025\\\/06\\\/1-2.png?fit=1890%2C2363&ssl=1\",\"datePublished\":\"2025-06-17T20:00:00+00:00\",\"dateModified\":\"2025-06-17T20:17:23+00:00\",\"description\":\"Este volumen reconstruye su biograf\u00eda a partir de documentaci\u00f3n de archivo in\u00e9dita que explora tambi\u00e9n sus importantes responsabilidades en Roma, al servicio de dos papas: Pablo Vi y Juan Pablo II.\",\"breadcrumb\":{\"@id\":\"https:\\\/\\\/libreriaguadalupe.com.ar\\\/libreria\\\/producto\\\/eduardo-francisco-pironio-biografia-de-un-cristiano-latinoamericano\\\/#breadcrumb\"},\"inLanguage\":\"es\",\"potentialAction\":[{\"@type\":\"ReadAction\",\"target\":[\"https:\\\/\\\/libreriaguadalupe.com.ar\\\/libreria\\\/producto\\\/eduardo-francisco-pironio-biografia-de-un-cristiano-latinoamericano\\\/\"]}]},{\"@type\":\"ImageObject\",\"inLanguage\":\"es\",\"@id\":\"https:\\\/\\\/libreriaguadalupe.com.ar\\\/libreria\\\/producto\\\/eduardo-francisco-pironio-biografia-de-un-cristiano-latinoamericano\\\/#primaryimage\",\"url\":\"https:\\\/\\\/i0.wp.com\\\/libreriaguadalupe.com.ar\\\/libreria\\\/wp-content\\\/uploads\\\/2025\\\/06\\\/1-2.png?fit=1890%2C2363&ssl=1\",\"contentUrl\":\"https:\\\/\\\/i0.wp.com\\\/libreriaguadalupe.com.ar\\\/libreria\\\/wp-content\\\/uploads\\\/2025\\\/06\\\/1-2.png?fit=1890%2C2363&ssl=1\",\"width\":1890,\"height\":2363},{\"@type\":\"BreadcrumbList\",\"@id\":\"https:\\\/\\\/libreriaguadalupe.com.ar\\\/libreria\\\/producto\\\/eduardo-francisco-pironio-biografia-de-un-cristiano-latinoamericano\\\/#breadcrumb\",\"itemListElement\":[{\"@type\":\"ListItem\",\"position\":1,\"name\":\"Portada\",\"item\":\"https:\\\/\\\/libreriaguadalupe.com.ar\\\/libreria\\\/\"},{\"@type\":\"ListItem\",\"position\":2,\"name\":\"Tienda\",\"item\":\"https:\\\/\\\/libreriaguadalupe.com.ar\\\/libreria\\\/\"},{\"@type\":\"ListItem\",\"position\":3,\"name\":\"Eduardo Francisco Pironio &#8211; Biograf\u00eda de un cristiano latinoamericano\"}]},{\"@type\":\"WebSite\",\"@id\":\"https:\\\/\\\/libreriaguadalupe.com.ar\\\/libreria\\\/#website\",\"url\":\"https:\\\/\\\/libreriaguadalupe.com.ar\\\/libreria\\\/\",\"name\":\"Editorial Guadalupe de Argentina\",\"description\":\"Congregaci\u00f3n del Verbo Divino\",\"publisher\":{\"@id\":\"https:\\\/\\\/libreriaguadalupe.com.ar\\\/libreria\\\/#organization\"},\"alternateName\":\"Librer\u00eda Guadalupe\",\"potentialAction\":[{\"@type\":\"SearchAction\",\"target\":{\"@type\":\"EntryPoint\",\"urlTemplate\":\"https:\\\/\\\/libreriaguadalupe.com.ar\\\/libreria\\\/?s={search_term_string}\"},\"query-input\":{\"@type\":\"PropertyValueSpecification\",\"valueRequired\":true,\"valueName\":\"search_term_string\"}}],\"inLanguage\":\"es\"},{\"@type\":\"Organization\",\"@id\":\"https:\\\/\\\/libreriaguadalupe.com.ar\\\/libreria\\\/#organization\",\"name\":\"Editorial Guadalupe\",\"alternateName\":\"Librer\u00eda Guadalupe\",\"url\":\"https:\\\/\\\/libreriaguadalupe.com.ar\\\/libreria\\\/\",\"logo\":{\"@type\":\"ImageObject\",\"inLanguage\":\"es\",\"@id\":\"https:\\\/\\\/libreriaguadalupe.com.ar\\\/libreria\\\/#\\\/schema\\\/logo\\\/image\\\/\",\"url\":\"https:\\\/\\\/i0.wp.com\\\/libreriaguadalupe.com.ar\\\/libreria\\\/wp-content\\\/uploads\\\/2023\\\/01\\\/cropped-logo-editorial-guadalupe.webp?fit=500%2C100&ssl=1\",\"contentUrl\":\"https:\\\/\\\/i0.wp.com\\\/libreriaguadalupe.com.ar\\\/libreria\\\/wp-content\\\/uploads\\\/2023\\\/01\\\/cropped-logo-editorial-guadalupe.webp?fit=500%2C100&ssl=1\",\"width\":500,\"height\":100,\"caption\":\"Editorial Guadalupe\"},\"image\":{\"@id\":\"https:\\\/\\\/libreriaguadalupe.com.ar\\\/libreria\\\/#\\\/schema\\\/logo\\\/image\\\/\"},\"sameAs\":[\"https:\\\/\\\/www.facebook.com\\\/LibreriaGuadalupeAR\\\/\",\"https:\\\/\\\/www.instagram.com\\\/editorialguadalupe\\\/\",\"https:\\\/\\\/guadalupeeditorial.mercadoshops.com.ar\\\/\"]}]}<\/script>\n<!-- \/ Yoast SEO plugin. -->","yoast_head_json":{"title":"Eduardo Francisco Pironio - Biograf\u00eda de un cristiano latinoamericano - Editorial Guadalupe de Argentina","description":"Este volumen reconstruye su biograf\u00eda a partir de documentaci\u00f3n de archivo in\u00e9dita que explora tambi\u00e9n sus importantes responsabilidades en Roma, al servicio de dos papas: Pablo Vi y Juan Pablo II.","robots":{"index":"index","follow":"follow","max-snippet":"max-snippet:-1","max-image-preview":"max-image-preview:large","max-video-preview":"max-video-preview:-1"},"canonical":"https:\/\/libreriaguadalupe.com.ar\/libreria\/producto\/eduardo-francisco-pironio-biografia-de-un-cristiano-latinoamericano\/","og_locale":"es_ES","og_type":"article","og_title":"Eduardo Francisco Pironio - Biograf\u00eda de un cristiano latinoamericano - Editorial Guadalupe de Argentina","og_description":"Este volumen reconstruye su biograf\u00eda a partir de documentaci\u00f3n de archivo in\u00e9dita que explora tambi\u00e9n sus importantes responsabilidades en Roma, al servicio de dos papas: Pablo Vi y Juan Pablo II.","og_url":"https:\/\/libreriaguadalupe.com.ar\/libreria\/producto\/eduardo-francisco-pironio-biografia-de-un-cristiano-latinoamericano\/","og_site_name":"Editorial Guadalupe de Argentina","article_publisher":"https:\/\/www.facebook.com\/LibreriaGuadalupeAR\/","article_modified_time":"2025-06-17T20:17:23+00:00","og_image":[{"width":819,"height":1024,"url":"https:\/\/libreriaguadalupe.com.ar\/libreria\/wp-content\/uploads\/2025\/06\/1-2-819x1024.png","type":"image\/png"}],"twitter_card":"summary_large_image","twitter_misc":{"Tiempo de lectura":"1 minuto"},"schema":{"@context":"https:\/\/schema.org","@graph":[{"@type":"WebPage","@id":"https:\/\/libreriaguadalupe.com.ar\/libreria\/producto\/eduardo-francisco-pironio-biografia-de-un-cristiano-latinoamericano\/","url":"https:\/\/libreriaguadalupe.com.ar\/libreria\/producto\/eduardo-francisco-pironio-biografia-de-un-cristiano-latinoamericano\/","name":"Eduardo Francisco Pironio - Biograf\u00eda de un cristiano latinoamericano - Editorial Guadalupe de Argentina","isPartOf":{"@id":"https:\/\/libreriaguadalupe.com.ar\/libreria\/#website"},"primaryImageOfPage":{"@id":"https:\/\/libreriaguadalupe.com.ar\/libreria\/producto\/eduardo-francisco-pironio-biografia-de-un-cristiano-latinoamericano\/#primaryimage"},"image":{"@id":"https:\/\/libreriaguadalupe.com.ar\/libreria\/producto\/eduardo-francisco-pironio-biografia-de-un-cristiano-latinoamericano\/#primaryimage"},"thumbnailUrl":"https:\/\/i0.wp.com\/libreriaguadalupe.com.ar\/libreria\/wp-content\/uploads\/2025\/06\/1-2.png?fit=1890%2C2363&ssl=1","datePublished":"2025-06-17T20:00:00+00:00","dateModified":"2025-06-17T20:17:23+00:00","description":"Este volumen reconstruye su biograf\u00eda a partir de documentaci\u00f3n de archivo in\u00e9dita que explora tambi\u00e9n sus importantes responsabilidades en Roma, al servicio de dos papas: Pablo Vi y Juan Pablo II.","breadcrumb":{"@id":"https:\/\/libreriaguadalupe.com.ar\/libreria\/producto\/eduardo-francisco-pironio-biografia-de-un-cristiano-latinoamericano\/#breadcrumb"},"inLanguage":"es","potentialAction":[{"@type":"ReadAction","target":["https:\/\/libreriaguadalupe.com.ar\/libreria\/producto\/eduardo-francisco-pironio-biografia-de-un-cristiano-latinoamericano\/"]}]},{"@type":"ImageObject","inLanguage":"es","@id":"https:\/\/libreriaguadalupe.com.ar\/libreria\/producto\/eduardo-francisco-pironio-biografia-de-un-cristiano-latinoamericano\/#primaryimage","url":"https:\/\/i0.wp.com\/libreriaguadalupe.com.ar\/libreria\/wp-content\/uploads\/2025\/06\/1-2.png?fit=1890%2C2363&ssl=1","contentUrl":"https:\/\/i0.wp.com\/libreriaguadalupe.com.ar\/libreria\/wp-content\/uploads\/2025\/06\/1-2.png?fit=1890%2C2363&ssl=1","width":1890,"height":2363},{"@type":"BreadcrumbList","@id":"https:\/\/libreriaguadalupe.com.ar\/libreria\/producto\/eduardo-francisco-pironio-biografia-de-un-cristiano-latinoamericano\/#breadcrumb","itemListElement":[{"@type":"ListItem","position":1,"name":"Portada","item":"https:\/\/libreriaguadalupe.com.ar\/libreria\/"},{"@type":"ListItem","position":2,"name":"Tienda","item":"https:\/\/libreriaguadalupe.com.ar\/libreria\/"},{"@type":"ListItem","position":3,"name":"Eduardo Francisco Pironio &#8211; Biograf\u00eda de un cristiano latinoamericano"}]},{"@type":"WebSite","@id":"https:\/\/libreriaguadalupe.com.ar\/libreria\/#website","url":"https:\/\/libreriaguadalupe.com.ar\/libreria\/","name":"Editorial Guadalupe de Argentina","description":"Congregaci\u00f3n del Verbo Divino","publisher":{"@id":"https:\/\/libreriaguadalupe.com.ar\/libreria\/#organization"},"alternateName":"Librer\u00eda Guadalupe","potentialAction":[{"@type":"SearchAction","target":{"@type":"EntryPoint","urlTemplate":"https:\/\/libreriaguadalupe.com.ar\/libreria\/?s={search_term_string}"},"query-input":{"@type":"PropertyValueSpecification","valueRequired":true,"valueName":"search_term_string"}}],"inLanguage":"es"},{"@type":"Organization","@id":"https:\/\/libreriaguadalupe.com.ar\/libreria\/#organization","name":"Editorial Guadalupe","alternateName":"Librer\u00eda Guadalupe","url":"https:\/\/libreriaguadalupe.com.ar\/libreria\/","logo":{"@type":"ImageObject","inLanguage":"es","@id":"https:\/\/libreriaguadalupe.com.ar\/libreria\/#\/schema\/logo\/image\/","url":"https:\/\/i0.wp.com\/libreriaguadalupe.com.ar\/libreria\/wp-content\/uploads\/2023\/01\/cropped-logo-editorial-guadalupe.webp?fit=500%2C100&ssl=1","contentUrl":"https:\/\/i0.wp.com\/libreriaguadalupe.com.ar\/libreria\/wp-content\/uploads\/2023\/01\/cropped-logo-editorial-guadalupe.webp?fit=500%2C100&ssl=1","width":500,"height":100,"caption":"Editorial Guadalupe"},"image":{"@id":"https:\/\/libreriaguadalupe.com.ar\/libreria\/#\/schema\/logo\/image\/"},"sameAs":["https:\/\/www.facebook.com\/LibreriaGuadalupeAR\/","https:\/\/www.instagram.com\/editorialguadalupe\/","https:\/\/guadalupeeditorial.mercadoshops.com.ar\/"]}]}},"jetpack_publicize_connections":[],"jetpack_sharing_enabled":true,"jetpack-related-posts":[{"id":19012,"url":"https:\/\/libreriaguadalupe.com.ar\/libreria\/producto\/eduardo-francisco-pironio-beato\/","url_meta":{"origin":18953,"position":0},"title":"Eduardo Francisco Pironio &#8211; Beato","author":"Mariano Zuqui","date":"23\/07\/2025","format":false,"excerpt":"Autor: Jos\u00e9 Luis Kaufmann T\u00edtulo: \"Eduardo Francisco Pironio - Beato\" ISBN:978-950-500-962-6 Formato: 15.5\u00a0 (ancho) x 22,5 (alto) cms. Interior: 1\/1 color Papel: Bookcel 80 grs. N\u00ba de P\u00e1ginas: 176 Tapa:4 Colores - Cartulina - Laminado mate Encuadernaci\u00f3n: Binder \u00a0 \u00a0","rel":"","context":"Entrada similar","block_context":{"text":"Entrada similar","link":""},"img":{"alt_text":"El cardenal Pironio ha sido un testigo fiel de la elecci\u00f3n divina y del llamado a la santidad, respondiendo con gozosa docilidad a los designios de Dios.","src":"https:\/\/i0.wp.com\/libreriaguadalupe.com.ar\/libreria\/wp-content\/uploads\/2025\/07\/1-1.png?fit=960%2C1200&ssl=1&resize=350%2C200","width":350,"height":200,"srcset":"https:\/\/i0.wp.com\/libreriaguadalupe.com.ar\/libreria\/wp-content\/uploads\/2025\/07\/1-1.png?fit=960%2C1200&ssl=1&resize=350%2C200 1x, https:\/\/i0.wp.com\/libreriaguadalupe.com.ar\/libreria\/wp-content\/uploads\/2025\/07\/1-1.png?fit=960%2C1200&ssl=1&resize=525%2C300 1.5x, https:\/\/i0.wp.com\/libreriaguadalupe.com.ar\/libreria\/wp-content\/uploads\/2025\/07\/1-1.png?fit=960%2C1200&ssl=1&resize=700%2C400 2x"},"classes":[]},{"id":16725,"url":"https:\/\/libreriaguadalupe.com.ar\/libreria\/producto\/signos-en-la-iglesia-latinoamericana\/","url_meta":{"origin":18953,"position":1},"title":"Signos en la Iglesia Latinoamericana","author":"admin","date":"15\/03\/2023","format":false,"excerpt":"Evangelizaci\u00f3n y liberaci\u00f3n Colecci\u00f3n: Teolog\u00eda en camino Autor: PIRONIO EDUARDO ISBN: 9505006458","rel":"","context":"Entrada similar","block_context":{"text":"Entrada similar","link":""},"img":{"alt_text":"Signos en la Iglesia Latinoamericana","src":"https:\/\/i0.wp.com\/libreriaguadalupe.com.ar\/libreria\/wp-content\/uploads\/2023\/03\/Signos-de-la-Iglesia-Latinoamericana.jpg?fit=500%2C509&ssl=1&resize=350%2C200","width":350,"height":200},"classes":[]},{"id":16625,"url":"https:\/\/libreriaguadalupe.com.ar\/libreria\/producto\/para-conocer-al-papa-bergoglio\/","url_meta":{"origin":18953,"position":2},"title":"Para conocer al papa Bergoglio","author":"admin","date":"13\/03\/2023","format":false,"excerpt":"Autor: Francesco Strazzari ISBN: 8499459783","rel":"","context":"Entrada similar","block_context":{"text":"Entrada similar","link":""},"img":{"alt_text":"","src":"https:\/\/i0.wp.com\/libreriaguadalupe.com.ar\/libreria\/wp-content\/uploads\/2023\/03\/Para-conocer-al-Papa-Bergoglio.jpeg?fit=380%2C586&ssl=1&resize=350%2C200","width":350,"height":200},"classes":[]},{"id":17746,"url":"https:\/\/libreriaguadalupe.com.ar\/libreria\/producto\/cardenal-pironio\/","url_meta":{"origin":18953,"position":3},"title":"Cardenal Pironio","author":"admin","date":"07\/12\/2023","format":false,"excerpt":"Un regalo de Dios a la Iglesia Autor: JOS\u00c9 LUIS GERLERO ISBN: 978-950-500-515-4 Dimensiones: 16 x 23 cm P\u00e1ginas: 128","rel":"","context":"Entrada similar","block_context":{"text":"Entrada similar","link":""},"img":{"alt_text":"Cardenal Pironio","src":"https:\/\/i0.wp.com\/libreriaguadalupe.com.ar\/libreria\/wp-content\/uploads\/2023\/12\/Cardenal-Pironio-Tapa-scaled.jpg?fit=820%2C1200&ssl=1&resize=350%2C200","width":350,"height":200,"srcset":"https:\/\/i0.wp.com\/libreriaguadalupe.com.ar\/libreria\/wp-content\/uploads\/2023\/12\/Cardenal-Pironio-Tapa-scaled.jpg?fit=820%2C1200&ssl=1&resize=350%2C200 1x, https:\/\/i0.wp.com\/libreriaguadalupe.com.ar\/libreria\/wp-content\/uploads\/2023\/12\/Cardenal-Pironio-Tapa-scaled.jpg?fit=820%2C1200&ssl=1&resize=525%2C300 1.5x, https:\/\/i0.wp.com\/libreriaguadalupe.com.ar\/libreria\/wp-content\/uploads\/2023\/12\/Cardenal-Pironio-Tapa-scaled.jpg?fit=820%2C1200&ssl=1&resize=700%2C400 2x"},"classes":[]},{"id":16074,"url":"https:\/\/libreriaguadalupe.com.ar\/libreria\/producto\/la-vision-teologica-de-oscar-romero\/","url_meta":{"origin":18953,"position":4},"title":"La visi\u00f3n teol\u00f3gica de \u00d3scar Romero","author":"admin","date":"12\/02\/2023","format":false,"excerpt":"Liberaci\u00f3n y transfiguraci\u00f3n de los pobres AUTOR: EDGARDO A. COLON-EMERIC ISBN: 9505008681","rel":"","context":"Entrada similar","block_context":{"text":"Entrada similar","link":""},"img":{"alt_text":"","src":"https:\/\/i0.wp.com\/libreriaguadalupe.com.ar\/libreria\/wp-content\/uploads\/2023\/02\/La-vision-teologica-de-Oscar-Romero.webp?fit=712%2C1140&ssl=1&resize=350%2C200","width":350,"height":200,"srcset":"https:\/\/i0.wp.com\/libreriaguadalupe.com.ar\/libreria\/wp-content\/uploads\/2023\/02\/La-vision-teologica-de-Oscar-Romero.webp?fit=712%2C1140&ssl=1&resize=350%2C200 1x, https:\/\/i0.wp.com\/libreriaguadalupe.com.ar\/libreria\/wp-content\/uploads\/2023\/02\/La-vision-teologica-de-Oscar-Romero.webp?fit=712%2C1140&ssl=1&resize=525%2C300 1.5x, https:\/\/i0.wp.com\/libreriaguadalupe.com.ar\/libreria\/wp-content\/uploads\/2023\/02\/La-vision-teologica-de-Oscar-Romero.webp?fit=712%2C1140&ssl=1&resize=700%2C400 2x"},"classes":[]},{"id":16077,"url":"https:\/\/libreriaguadalupe.com.ar\/libreria\/producto\/la-vision-teologica-de-oscar-romero-e-book\/","url_meta":{"origin":18953,"position":5},"title":"La visi\u00f3n teol\u00f3gica de \u00d3scar Romero (E-BOOK)","author":"admin","date":"12\/02\/2023","format":false,"excerpt":"EDICION DIGITAL AUTOR: EDGARDO A. COLON-EMERIC ISBN: 9505008681","rel":"","context":"Entrada similar","block_context":{"text":"Entrada similar","link":""},"img":{"alt_text":"","src":"https:\/\/i0.wp.com\/libreriaguadalupe.com.ar\/libreria\/wp-content\/uploads\/2023\/02\/La-vision-teologica-de-Oscar-Romero.webp?fit=712%2C1140&ssl=1&resize=350%2C200","width":350,"height":200,"srcset":"https:\/\/i0.wp.com\/libreriaguadalupe.com.ar\/libreria\/wp-content\/uploads\/2023\/02\/La-vision-teologica-de-Oscar-Romero.webp?fit=712%2C1140&ssl=1&resize=350%2C200 1x, https:\/\/i0.wp.com\/libreriaguadalupe.com.ar\/libreria\/wp-content\/uploads\/2023\/02\/La-vision-teologica-de-Oscar-Romero.webp?fit=712%2C1140&ssl=1&resize=525%2C300 1.5x, https:\/\/i0.wp.com\/libreriaguadalupe.com.ar\/libreria\/wp-content\/uploads\/2023\/02\/La-vision-teologica-de-Oscar-Romero.webp?fit=712%2C1140&ssl=1&resize=700%2C400 2x"},"classes":[]}],"_links":{"self":[{"href":"https:\/\/libreriaguadalupe.com.ar\/libreria\/wp-json\/wp\/v2\/product\/18953","targetHints":{"allow":["GET"]}}],"collection":[{"href":"https:\/\/libreriaguadalupe.com.ar\/libreria\/wp-json\/wp\/v2\/product"}],"about":[{"href":"https:\/\/libreriaguadalupe.com.ar\/libreria\/wp-json\/wp\/v2\/types\/product"}],"replies":[{"embeddable":true,"href":"https:\/\/libreriaguadalupe.com.ar\/libreria\/wp-json\/wp\/v2\/comments?post=18953"}],"version-history":[{"count":1,"href":"https:\/\/libreriaguadalupe.com.ar\/libreria\/wp-json\/wp\/v2\/product\/18953\/revisions"}],"predecessor-version":[{"id":18954,"href":"https:\/\/libreriaguadalupe.com.ar\/libreria\/wp-json\/wp\/v2\/product\/18953\/revisions\/18954"}],"wp:featuredmedia":[{"embeddable":true,"href":"https:\/\/libreriaguadalupe.com.ar\/libreria\/wp-json\/wp\/v2\/media\/18955"}],"wp:attachment":[{"href":"https:\/\/libreriaguadalupe.com.ar\/libreria\/wp-json\/wp\/v2\/media?parent=18953"}],"wp:term":[{"taxonomy":"product_brand","embeddable":true,"href":"https:\/\/libreriaguadalupe.com.ar\/libreria\/wp-json\/wp\/v2\/product_brand?post=18953"},{"taxonomy":"product_cat","embeddable":true,"href":"https:\/\/libreriaguadalupe.com.ar\/libreria\/wp-json\/wp\/v2\/product_cat?post=18953"},{"taxonomy":"product_tag","embeddable":true,"href":"https:\/\/libreriaguadalupe.com.ar\/libreria\/wp-json\/wp\/v2\/product_tag?post=18953"}],"curies":[{"name":"wp","href":"https:\/\/api.w.org\/{rel}","templated":true}]}}