{"id":18922,"date":"2025-06-04T13:59:06","date_gmt":"2025-06-04T16:59:06","guid":{"rendered":"https:\/\/libreriaguadalupe.com.ar\/libreria\/?post_type=product&#038;p=18922"},"modified":"2025-06-04T14:34:06","modified_gmt":"2025-06-04T17:34:06","slug":"espiritu-santo-torrente-de-agua-viva","status":"publish","type":"product","link":"https:\/\/libreriaguadalupe.com.ar\/libreria\/producto\/espiritu-santo-torrente-de-agua-viva\/","title":{"rendered":"Esp\u00edritu Santo, Torrente de Agua Viva."},"content":{"rendered":"<p class=\"p1\">\u00abSi invoc\u00e1ramos siempre al Esp\u00edritu Santo,<\/p>\n<p class=\"p1\">\u00c9l dar\u00e1 otro rumbo a los acontecimientos del mundo\u00bb.<\/p>\n<p class=\"p1\">(P. Arnoldo Janssen)<\/p>\n<p class=\"p1\">\u00abNo se trata de que Dios Esp\u00edritu Santo haga por nosotros las cosas y m\u00e1gicamente cambie el rumbo de la historia, por el s\u00f3lo hecho de que hayamos recitado una simple oraci\u00f3n. Sino que, al invocar humildemente al Esp\u00edritu Santo, expresamos nuestra pobreza, necesidad e impotencia.<\/p>\n<p class=\"p1\">Implorar al Esp\u00edritu Santo es, entonces, dejar el lugar a Dios, para que pueda actuar en nosotros y en el mundo entero. Como dice<\/p>\n<p class=\"p1\">P. Arnoldo, \u00ab\u00c9l dar\u00e1 otro rumbo a los acontecimientos del mundo\u00bb.<\/p>\n","protected":false},"excerpt":{"rendered":"<p>Autor: Mar\u00eda In\u00e9s Castro &#8211; Irene Rosa Klein<br \/>\nT\u00edtulo: \u00abEsp\u00edritu Santo, Torrente de Agua Viva\u00bb<br \/>\nISBN:978-950-500-853-7<br \/>\nFormato: 23\u00a0 (alto) x 16 (ancho) cms.<br \/>\nInterior: 1\/1 color<br \/>\nPapel: Bookcel 80 grs.<br \/>\nN\u00ba de P\u00e1ginas: 184<br \/>\nTapa:4 Colores &#8211; Cartulina 300 grs -laminado mate<br \/>\nEncuadernaci\u00f3n: Binder<\/p>\n<p>&nbsp;<\/p>\n<p>&nbsp;<\/p>\n","protected":false},"featured_media":18927,"comment_status":"open","ping_status":"closed","template":"","meta":{"jetpack_publicize_message":"","jetpack_publicize_feature_enabled":true,"jetpack_social_post_already_shared":true,"jetpack_social_options":{"image_generator_settings":{"template":"highway","default_image_id":0,"font":"","enabled":false},"version":2}},"product_brand":[],"product_cat":[125,88,121],"product_tag":[127,170,172,174,164,163,173,161,171],"class_list":{"0":"post-18922","1":"product","2":"type-product","3":"status-publish","4":"has-post-thumbnail","6":"product_cat-novedades","7":"product_cat-espiritualidad-cultura-social","8":"product_cat-guadalupe","9":"product_tag-editorial-guadalupe-de-argentina","10":"product_tag-espiritu-santo","11":"product_tag-espiritu-santo-torrente-de-agua-viva","12":"product_tag-irene-rosa-klein","13":"product_tag-jubileo-de-la-esperanza","14":"product_tag-jubileo-ordinario-2025","15":"product_tag-maria-ines-castro","16":"product_tag-nuevo-lanzamiento","17":"product_tag-torrente-de-agua-viva","19":"first","20":"instock","21":"shipping-taxable","22":"purchasable","23":"product-type-simple"},"yoast_head":"<!-- This site is optimized with the Yoast SEO plugin v27.4 - https:\/\/yoast.com\/product\/yoast-seo-wordpress\/ -->\n<title>Esp\u00edritu Santo, Torrente de Agua Viva. - Editorial Guadalupe de Argentina<\/title>\n<meta name=\"description\" content=\"Implorar al Esp\u00edritu Santo es, entonces, dejar el lugar a Dios, para que pueda actuar en nosotros y en el mundo entero.\" \/>\n<meta name=\"robots\" content=\"index, follow, max-snippet:-1, max-image-preview:large, max-video-preview:-1\" \/>\n<link rel=\"canonical\" href=\"https:\/\/libreriaguadalupe.com.ar\/libreria\/producto\/espiritu-santo-torrente-de-agua-viva\/\" \/>\n<meta property=\"og:locale\" content=\"es_ES\" \/>\n<meta property=\"og:type\" content=\"article\" \/>\n<meta property=\"og:title\" content=\"Esp\u00edritu Santo, Torrente de Agua Viva. - Editorial Guadalupe de Argentina\" \/>\n<meta property=\"og:description\" content=\"Implorar al Esp\u00edritu Santo es, entonces, dejar el lugar a Dios, para que pueda actuar en nosotros y en el mundo entero.\" \/>\n<meta property=\"og:url\" content=\"https:\/\/libreriaguadalupe.com.ar\/libreria\/producto\/espiritu-santo-torrente-de-agua-viva\/\" \/>\n<meta property=\"og:site_name\" content=\"Editorial Guadalupe de Argentina\" \/>\n<meta property=\"article:publisher\" content=\"https:\/\/www.facebook.com\/LibreriaGuadalupeAR\/\" \/>\n<meta property=\"article:modified_time\" content=\"2025-06-04T17:34:06+00:00\" \/>\n<meta property=\"og:image\" content=\"https:\/\/libreriaguadalupe.com.ar\/libreria\/wp-content\/uploads\/2025\/06\/1-819x1024.png\" \/>\n\t<meta property=\"og:image:width\" content=\"819\" \/>\n\t<meta property=\"og:image:height\" content=\"1024\" \/>\n\t<meta property=\"og:image:type\" content=\"image\/png\" \/>\n<meta name=\"twitter:card\" content=\"summary_large_image\" \/>\n<meta name=\"twitter:label1\" content=\"Tiempo de lectura\" \/>\n\t<meta name=\"twitter:data1\" content=\"1 minuto\" \/>\n<script type=\"application\/ld+json\" class=\"yoast-schema-graph\">{\"@context\":\"https:\\\/\\\/schema.org\",\"@graph\":[{\"@type\":\"WebPage\",\"@id\":\"https:\\\/\\\/libreriaguadalupe.com.ar\\\/libreria\\\/producto\\\/espiritu-santo-torrente-de-agua-viva\\\/\",\"url\":\"https:\\\/\\\/libreriaguadalupe.com.ar\\\/libreria\\\/producto\\\/espiritu-santo-torrente-de-agua-viva\\\/\",\"name\":\"Esp\u00edritu Santo, Torrente de Agua Viva. - Editorial Guadalupe de Argentina\",\"isPartOf\":{\"@id\":\"https:\\\/\\\/libreriaguadalupe.com.ar\\\/libreria\\\/#website\"},\"primaryImageOfPage\":{\"@id\":\"https:\\\/\\\/libreriaguadalupe.com.ar\\\/libreria\\\/producto\\\/espiritu-santo-torrente-de-agua-viva\\\/#primaryimage\"},\"image\":{\"@id\":\"https:\\\/\\\/libreriaguadalupe.com.ar\\\/libreria\\\/producto\\\/espiritu-santo-torrente-de-agua-viva\\\/#primaryimage\"},\"thumbnailUrl\":\"https:\\\/\\\/i0.wp.com\\\/libreriaguadalupe.com.ar\\\/libreria\\\/wp-content\\\/uploads\\\/2025\\\/06\\\/1.png?fit=2025%2C2531&ssl=1\",\"datePublished\":\"2025-06-04T16:59:06+00:00\",\"dateModified\":\"2025-06-04T17:34:06+00:00\",\"description\":\"Implorar al Esp\u00edritu Santo es, entonces, dejar el lugar a Dios, para que pueda actuar en nosotros y en el mundo entero.\",\"breadcrumb\":{\"@id\":\"https:\\\/\\\/libreriaguadalupe.com.ar\\\/libreria\\\/producto\\\/espiritu-santo-torrente-de-agua-viva\\\/#breadcrumb\"},\"inLanguage\":\"es\",\"potentialAction\":[{\"@type\":\"ReadAction\",\"target\":[\"https:\\\/\\\/libreriaguadalupe.com.ar\\\/libreria\\\/producto\\\/espiritu-santo-torrente-de-agua-viva\\\/\"]}]},{\"@type\":\"ImageObject\",\"inLanguage\":\"es\",\"@id\":\"https:\\\/\\\/libreriaguadalupe.com.ar\\\/libreria\\\/producto\\\/espiritu-santo-torrente-de-agua-viva\\\/#primaryimage\",\"url\":\"https:\\\/\\\/i0.wp.com\\\/libreriaguadalupe.com.ar\\\/libreria\\\/wp-content\\\/uploads\\\/2025\\\/06\\\/1.png?fit=2025%2C2531&ssl=1\",\"contentUrl\":\"https:\\\/\\\/i0.wp.com\\\/libreriaguadalupe.com.ar\\\/libreria\\\/wp-content\\\/uploads\\\/2025\\\/06\\\/1.png?fit=2025%2C2531&ssl=1\",\"width\":2025,\"height\":2531,\"caption\":\"Esp\u00edritu Santo, Torrente de Agua Viva.\"},{\"@type\":\"BreadcrumbList\",\"@id\":\"https:\\\/\\\/libreriaguadalupe.com.ar\\\/libreria\\\/producto\\\/espiritu-santo-torrente-de-agua-viva\\\/#breadcrumb\",\"itemListElement\":[{\"@type\":\"ListItem\",\"position\":1,\"name\":\"Portada\",\"item\":\"https:\\\/\\\/libreriaguadalupe.com.ar\\\/libreria\\\/\"},{\"@type\":\"ListItem\",\"position\":2,\"name\":\"Tienda\",\"item\":\"https:\\\/\\\/libreriaguadalupe.com.ar\\\/libreria\\\/\"},{\"@type\":\"ListItem\",\"position\":3,\"name\":\"Esp\u00edritu Santo, Torrente de Agua Viva.\"}]},{\"@type\":\"WebSite\",\"@id\":\"https:\\\/\\\/libreriaguadalupe.com.ar\\\/libreria\\\/#website\",\"url\":\"https:\\\/\\\/libreriaguadalupe.com.ar\\\/libreria\\\/\",\"name\":\"Editorial Guadalupe de Argentina\",\"description\":\"Congregaci\u00f3n del Verbo Divino\",\"publisher\":{\"@id\":\"https:\\\/\\\/libreriaguadalupe.com.ar\\\/libreria\\\/#organization\"},\"alternateName\":\"Librer\u00eda Guadalupe\",\"potentialAction\":[{\"@type\":\"SearchAction\",\"target\":{\"@type\":\"EntryPoint\",\"urlTemplate\":\"https:\\\/\\\/libreriaguadalupe.com.ar\\\/libreria\\\/?s={search_term_string}\"},\"query-input\":{\"@type\":\"PropertyValueSpecification\",\"valueRequired\":true,\"valueName\":\"search_term_string\"}}],\"inLanguage\":\"es\"},{\"@type\":\"Organization\",\"@id\":\"https:\\\/\\\/libreriaguadalupe.com.ar\\\/libreria\\\/#organization\",\"name\":\"Editorial Guadalupe\",\"alternateName\":\"Librer\u00eda Guadalupe\",\"url\":\"https:\\\/\\\/libreriaguadalupe.com.ar\\\/libreria\\\/\",\"logo\":{\"@type\":\"ImageObject\",\"inLanguage\":\"es\",\"@id\":\"https:\\\/\\\/libreriaguadalupe.com.ar\\\/libreria\\\/#\\\/schema\\\/logo\\\/image\\\/\",\"url\":\"https:\\\/\\\/i0.wp.com\\\/libreriaguadalupe.com.ar\\\/libreria\\\/wp-content\\\/uploads\\\/2023\\\/01\\\/cropped-logo-editorial-guadalupe.webp?fit=500%2C100&ssl=1\",\"contentUrl\":\"https:\\\/\\\/i0.wp.com\\\/libreriaguadalupe.com.ar\\\/libreria\\\/wp-content\\\/uploads\\\/2023\\\/01\\\/cropped-logo-editorial-guadalupe.webp?fit=500%2C100&ssl=1\",\"width\":500,\"height\":100,\"caption\":\"Editorial Guadalupe\"},\"image\":{\"@id\":\"https:\\\/\\\/libreriaguadalupe.com.ar\\\/libreria\\\/#\\\/schema\\\/logo\\\/image\\\/\"},\"sameAs\":[\"https:\\\/\\\/www.facebook.com\\\/LibreriaGuadalupeAR\\\/\",\"https:\\\/\\\/www.instagram.com\\\/editorialguadalupe\\\/\",\"https:\\\/\\\/guadalupeeditorial.mercadoshops.com.ar\\\/\"]}]}<\/script>\n<!-- \/ Yoast SEO plugin. -->","yoast_head_json":{"title":"Esp\u00edritu Santo, Torrente de Agua Viva. - Editorial Guadalupe de Argentina","description":"Implorar al Esp\u00edritu Santo es, entonces, dejar el lugar a Dios, para que pueda actuar en nosotros y en el mundo entero.","robots":{"index":"index","follow":"follow","max-snippet":"max-snippet:-1","max-image-preview":"max-image-preview:large","max-video-preview":"max-video-preview:-1"},"canonical":"https:\/\/libreriaguadalupe.com.ar\/libreria\/producto\/espiritu-santo-torrente-de-agua-viva\/","og_locale":"es_ES","og_type":"article","og_title":"Esp\u00edritu Santo, Torrente de Agua Viva. - Editorial Guadalupe de Argentina","og_description":"Implorar al Esp\u00edritu Santo es, entonces, dejar el lugar a Dios, para que pueda actuar en nosotros y en el mundo entero.","og_url":"https:\/\/libreriaguadalupe.com.ar\/libreria\/producto\/espiritu-santo-torrente-de-agua-viva\/","og_site_name":"Editorial Guadalupe de Argentina","article_publisher":"https:\/\/www.facebook.com\/LibreriaGuadalupeAR\/","article_modified_time":"2025-06-04T17:34:06+00:00","og_image":[{"width":819,"height":1024,"url":"https:\/\/libreriaguadalupe.com.ar\/libreria\/wp-content\/uploads\/2025\/06\/1-819x1024.png","type":"image\/png"}],"twitter_card":"summary_large_image","twitter_misc":{"Tiempo de lectura":"1 minuto"},"schema":{"@context":"https:\/\/schema.org","@graph":[{"@type":"WebPage","@id":"https:\/\/libreriaguadalupe.com.ar\/libreria\/producto\/espiritu-santo-torrente-de-agua-viva\/","url":"https:\/\/libreriaguadalupe.com.ar\/libreria\/producto\/espiritu-santo-torrente-de-agua-viva\/","name":"Esp\u00edritu Santo, Torrente de Agua Viva. - Editorial Guadalupe de Argentina","isPartOf":{"@id":"https:\/\/libreriaguadalupe.com.ar\/libreria\/#website"},"primaryImageOfPage":{"@id":"https:\/\/libreriaguadalupe.com.ar\/libreria\/producto\/espiritu-santo-torrente-de-agua-viva\/#primaryimage"},"image":{"@id":"https:\/\/libreriaguadalupe.com.ar\/libreria\/producto\/espiritu-santo-torrente-de-agua-viva\/#primaryimage"},"thumbnailUrl":"https:\/\/i0.wp.com\/libreriaguadalupe.com.ar\/libreria\/wp-content\/uploads\/2025\/06\/1.png?fit=2025%2C2531&ssl=1","datePublished":"2025-06-04T16:59:06+00:00","dateModified":"2025-06-04T17:34:06+00:00","description":"Implorar al Esp\u00edritu Santo es, entonces, dejar el lugar a Dios, para que pueda actuar en nosotros y en el mundo entero.","breadcrumb":{"@id":"https:\/\/libreriaguadalupe.com.ar\/libreria\/producto\/espiritu-santo-torrente-de-agua-viva\/#breadcrumb"},"inLanguage":"es","potentialAction":[{"@type":"ReadAction","target":["https:\/\/libreriaguadalupe.com.ar\/libreria\/producto\/espiritu-santo-torrente-de-agua-viva\/"]}]},{"@type":"ImageObject","inLanguage":"es","@id":"https:\/\/libreriaguadalupe.com.ar\/libreria\/producto\/espiritu-santo-torrente-de-agua-viva\/#primaryimage","url":"https:\/\/i0.wp.com\/libreriaguadalupe.com.ar\/libreria\/wp-content\/uploads\/2025\/06\/1.png?fit=2025%2C2531&ssl=1","contentUrl":"https:\/\/i0.wp.com\/libreriaguadalupe.com.ar\/libreria\/wp-content\/uploads\/2025\/06\/1.png?fit=2025%2C2531&ssl=1","width":2025,"height":2531,"caption":"Esp\u00edritu Santo, Torrente de Agua Viva."},{"@type":"BreadcrumbList","@id":"https:\/\/libreriaguadalupe.com.ar\/libreria\/producto\/espiritu-santo-torrente-de-agua-viva\/#breadcrumb","itemListElement":[{"@type":"ListItem","position":1,"name":"Portada","item":"https:\/\/libreriaguadalupe.com.ar\/libreria\/"},{"@type":"ListItem","position":2,"name":"Tienda","item":"https:\/\/libreriaguadalupe.com.ar\/libreria\/"},{"@type":"ListItem","position":3,"name":"Esp\u00edritu Santo, Torrente de Agua Viva."}]},{"@type":"WebSite","@id":"https:\/\/libreriaguadalupe.com.ar\/libreria\/#website","url":"https:\/\/libreriaguadalupe.com.ar\/libreria\/","name":"Editorial Guadalupe de Argentina","description":"Congregaci\u00f3n del Verbo Divino","publisher":{"@id":"https:\/\/libreriaguadalupe.com.ar\/libreria\/#organization"},"alternateName":"Librer\u00eda Guadalupe","potentialAction":[{"@type":"SearchAction","target":{"@type":"EntryPoint","urlTemplate":"https:\/\/libreriaguadalupe.com.ar\/libreria\/?s={search_term_string}"},"query-input":{"@type":"PropertyValueSpecification","valueRequired":true,"valueName":"search_term_string"}}],"inLanguage":"es"},{"@type":"Organization","@id":"https:\/\/libreriaguadalupe.com.ar\/libreria\/#organization","name":"Editorial Guadalupe","alternateName":"Librer\u00eda Guadalupe","url":"https:\/\/libreriaguadalupe.com.ar\/libreria\/","logo":{"@type":"ImageObject","inLanguage":"es","@id":"https:\/\/libreriaguadalupe.com.ar\/libreria\/#\/schema\/logo\/image\/","url":"https:\/\/i0.wp.com\/libreriaguadalupe.com.ar\/libreria\/wp-content\/uploads\/2023\/01\/cropped-logo-editorial-guadalupe.webp?fit=500%2C100&ssl=1","contentUrl":"https:\/\/i0.wp.com\/libreriaguadalupe.com.ar\/libreria\/wp-content\/uploads\/2023\/01\/cropped-logo-editorial-guadalupe.webp?fit=500%2C100&ssl=1","width":500,"height":100,"caption":"Editorial Guadalupe"},"image":{"@id":"https:\/\/libreriaguadalupe.com.ar\/libreria\/#\/schema\/logo\/image\/"},"sameAs":["https:\/\/www.facebook.com\/LibreriaGuadalupeAR\/","https:\/\/www.instagram.com\/editorialguadalupe\/","https:\/\/guadalupeeditorial.mercadoshops.com.ar\/"]}]}},"jetpack_publicize_connections":[],"jetpack_sharing_enabled":true,"jetpack-related-posts":[{"id":17349,"url":"https:\/\/libreriaguadalupe.com.ar\/libreria\/producto\/el-espiritu-santo-ora-en-nosotros\/","url_meta":{"origin":18922,"position":0},"title":"El Esp\u00edritu Santo ora en nosotros","author":"admin","date":"21\/06\/2023","format":false,"excerpt":"Devocionario del Esp\u00edritu Santo Autor: Misioneras Siervas del Esp\u00edritu Santo ISBN: 978-950-500-896-4 Dimensiones: 16 x 23 cm P\u00e1ginas: 330","rel":"","context":"Entrada similar","block_context":{"text":"Entrada similar","link":""},"img":{"alt_text":"","src":"https:\/\/i0.wp.com\/libreriaguadalupe.com.ar\/libreria\/wp-content\/uploads\/2023\/06\/NOVEDAD-TIENDA-JUNIO-2.jpg?fit=470%2C470&ssl=1&resize=350%2C200","width":350,"height":200},"classes":[]},{"id":19309,"url":"https:\/\/libreriaguadalupe.com.ar\/libreria\/producto\/nueve-pasos-de-apertura-a-los-dones-del-espiritu-santo\/","url_meta":{"origin":18922,"position":1},"title":"\u00abNueve pasos de apertura a los dones del Esp\u00edritu Santo\u00bb","author":"Mariano Zuqui","date":"18\/04\/2026","format":false,"excerpt":"Compilador: Irene Rosa Klein - Mar\u00eda In\u00e9s Castro T\u00edtulo: \"Nueve pasos de apertura a los dones del Esp\u00edritu Santo\" ISBN:978-950-500-982-4 Formato: 12\u00a0 (ancho) x 18 (alto) cms. Interior: 1\/1 color Papel: Bookcel 80 grs. N\u00ba de P\u00e1ginas: 72 Tapa:4 Colores - Cartulina 300 grs. - Laminado mate Encuadernaci\u00f3n: Binder \u00a0\u2026","rel":"","context":"Entrada similar","block_context":{"text":"Entrada similar","link":""},"img":{"alt_text":"","src":"https:\/\/i0.wp.com\/libreriaguadalupe.com.ar\/libreria\/wp-content\/uploads\/2026\/04\/1-1.png?fit=960%2C1200&ssl=1&resize=350%2C200","width":350,"height":200,"srcset":"https:\/\/i0.wp.com\/libreriaguadalupe.com.ar\/libreria\/wp-content\/uploads\/2026\/04\/1-1.png?fit=960%2C1200&ssl=1&resize=350%2C200 1x, https:\/\/i0.wp.com\/libreriaguadalupe.com.ar\/libreria\/wp-content\/uploads\/2026\/04\/1-1.png?fit=960%2C1200&ssl=1&resize=525%2C300 1.5x, https:\/\/i0.wp.com\/libreriaguadalupe.com.ar\/libreria\/wp-content\/uploads\/2026\/04\/1-1.png?fit=960%2C1200&ssl=1&resize=700%2C400 2x"},"classes":[]},{"id":19303,"url":"https:\/\/libreriaguadalupe.com.ar\/libreria\/producto\/novena-de-pentecostes\/","url_meta":{"origin":18922,"position":2},"title":"\u00abNovena de Pentecost\u00e9s\u00bb","author":"Mariano Zuqui","date":"18\/04\/2026","format":false,"excerpt":"Compilador: Irene Rosa Klein - Mar\u00eda In\u00e9s Castro T\u00edtulo: \"Novena de Pentecost\u00e9s\" ISBN:978-950-500-983-1 Formato: 12\u00a0 (ancho) x 18 (alto) cms. Interior: 1\/1 color Papel: Bookcel 80 grs. N\u00ba de P\u00e1ginas: 40 Tapa:4 Colores - Cartulina 300 grs. - Laminado mate Encuadernaci\u00f3n: Binder \u00a0 \u00a0","rel":"","context":"Entrada similar","block_context":{"text":"Entrada similar","link":""},"img":{"alt_text":"","src":"https:\/\/i0.wp.com\/libreriaguadalupe.com.ar\/libreria\/wp-content\/uploads\/2026\/04\/1.png?fit=960%2C1200&ssl=1&resize=350%2C200","width":350,"height":200,"srcset":"https:\/\/i0.wp.com\/libreriaguadalupe.com.ar\/libreria\/wp-content\/uploads\/2026\/04\/1.png?fit=960%2C1200&ssl=1&resize=350%2C200 1x, https:\/\/i0.wp.com\/libreriaguadalupe.com.ar\/libreria\/wp-content\/uploads\/2026\/04\/1.png?fit=960%2C1200&ssl=1&resize=525%2C300 1.5x, https:\/\/i0.wp.com\/libreriaguadalupe.com.ar\/libreria\/wp-content\/uploads\/2026\/04\/1.png?fit=960%2C1200&ssl=1&resize=700%2C400 2x"},"classes":[]},{"id":12557,"url":"https:\/\/libreriaguadalupe.com.ar\/libreria\/producto\/justicia-paz-y-alegria-en-el-espiritu-santo\/","url_meta":{"origin":18922,"position":3},"title":"Justicia, Paz y alegria en el Espiritu Santo","author":"admin","date":"18\/01\/2023","format":false,"excerpt":"AUTOR: Ram\u00edrez Fueyo, ISBN 8481696714","rel":"","context":"Entrada similar","block_context":{"text":"Entrada similar","link":""},"img":{"alt_text":"","src":"","width":0,"height":0},"classes":[]},{"id":19012,"url":"https:\/\/libreriaguadalupe.com.ar\/libreria\/producto\/eduardo-francisco-pironio-beato\/","url_meta":{"origin":18922,"position":4},"title":"Eduardo Francisco Pironio &#8211; Beato","author":"Mariano Zuqui","date":"23\/07\/2025","format":false,"excerpt":"Autor: Jos\u00e9 Luis Kaufmann T\u00edtulo: \"Eduardo Francisco Pironio - Beato\" ISBN:978-950-500-962-6 Formato: 15.5\u00a0 (ancho) x 22,5 (alto) cms. Interior: 1\/1 color Papel: Bookcel 80 grs. N\u00ba de P\u00e1ginas: 176 Tapa:4 Colores - Cartulina - Laminado mate Encuadernaci\u00f3n: Binder \u00a0 \u00a0","rel":"","context":"Entrada similar","block_context":{"text":"Entrada similar","link":""},"img":{"alt_text":"El cardenal Pironio ha sido un testigo fiel de la elecci\u00f3n divina y del llamado a la santidad, respondiendo con gozosa docilidad a los designios de Dios.","src":"https:\/\/i0.wp.com\/libreriaguadalupe.com.ar\/libreria\/wp-content\/uploads\/2025\/07\/1-1.png?fit=960%2C1200&ssl=1&resize=350%2C200","width":350,"height":200,"srcset":"https:\/\/i0.wp.com\/libreriaguadalupe.com.ar\/libreria\/wp-content\/uploads\/2025\/07\/1-1.png?fit=960%2C1200&ssl=1&resize=350%2C200 1x, https:\/\/i0.wp.com\/libreriaguadalupe.com.ar\/libreria\/wp-content\/uploads\/2025\/07\/1-1.png?fit=960%2C1200&ssl=1&resize=525%2C300 1.5x, https:\/\/i0.wp.com\/libreriaguadalupe.com.ar\/libreria\/wp-content\/uploads\/2025\/07\/1-1.png?fit=960%2C1200&ssl=1&resize=700%2C400 2x"},"classes":[]},{"id":18069,"url":"https:\/\/libreriaguadalupe.com.ar\/libreria\/producto\/raices-del-cristianismo\/","url_meta":{"origin":18922,"position":5},"title":"Ra\u00edces del Cristianismo","author":"admin","date":"23\/05\/2024","format":false,"excerpt":"S\u00edntesis panor\u00e1mica Acontecimientos hist\u00f3ricos previos al cristianismo y de sus primeros cuatrocientos cincuenta a\u00f1os Autor: \u00c1NGEL HUMBERTO MEDINA PALA ISBN: 978-950-500-913-8 Dimensiones: 16 x 23 cm P\u00e1ginas: 168","rel":"","context":"Entrada similar","block_context":{"text":"Entrada similar","link":""},"img":{"alt_text":"","src":"https:\/\/i0.wp.com\/libreriaguadalupe.com.ar\/libreria\/wp-content\/uploads\/2024\/05\/NOVEDAD-TIENDA-MAYO-4.jpg?fit=470%2C470&ssl=1&resize=350%2C200","width":350,"height":200},"classes":[]}],"_links":{"self":[{"href":"https:\/\/libreriaguadalupe.com.ar\/libreria\/wp-json\/wp\/v2\/product\/18922","targetHints":{"allow":["GET"]}}],"collection":[{"href":"https:\/\/libreriaguadalupe.com.ar\/libreria\/wp-json\/wp\/v2\/product"}],"about":[{"href":"https:\/\/libreriaguadalupe.com.ar\/libreria\/wp-json\/wp\/v2\/types\/product"}],"replies":[{"embeddable":true,"href":"https:\/\/libreriaguadalupe.com.ar\/libreria\/wp-json\/wp\/v2\/comments?post=18922"}],"version-history":[{"count":2,"href":"https:\/\/libreriaguadalupe.com.ar\/libreria\/wp-json\/wp\/v2\/product\/18922\/revisions"}],"predecessor-version":[{"id":18929,"href":"https:\/\/libreriaguadalupe.com.ar\/libreria\/wp-json\/wp\/v2\/product\/18922\/revisions\/18929"}],"wp:featuredmedia":[{"embeddable":true,"href":"https:\/\/libreriaguadalupe.com.ar\/libreria\/wp-json\/wp\/v2\/media\/18927"}],"wp:attachment":[{"href":"https:\/\/libreriaguadalupe.com.ar\/libreria\/wp-json\/wp\/v2\/media?parent=18922"}],"wp:term":[{"taxonomy":"product_brand","embeddable":true,"href":"https:\/\/libreriaguadalupe.com.ar\/libreria\/wp-json\/wp\/v2\/product_brand?post=18922"},{"taxonomy":"product_cat","embeddable":true,"href":"https:\/\/libreriaguadalupe.com.ar\/libreria\/wp-json\/wp\/v2\/product_cat?post=18922"},{"taxonomy":"product_tag","embeddable":true,"href":"https:\/\/libreriaguadalupe.com.ar\/libreria\/wp-json\/wp\/v2\/product_tag?post=18922"}],"curies":[{"name":"wp","href":"https:\/\/api.w.org\/{rel}","templated":true}]}}