{"id":18624,"date":"2025-02-17T21:44:19","date_gmt":"2025-02-18T00:44:19","guid":{"rendered":"https:\/\/libreriaguadalupe.com.ar\/libreria\/?post_type=product&#038;p=18624"},"modified":"2025-05-20T15:10:35","modified_gmt":"2025-05-20T18:10:35","slug":"borgo-valsugana","status":"publish","type":"product","link":"https:\/\/libreriaguadalupe.com.ar\/libreria\/producto\/borgo-valsugana\/","title":{"rendered":"Borgo Valsugana"},"content":{"rendered":"<p><strong>Borgo Valsugana &#8211; Historias de vida, esperanza y valores<\/strong> | <strong>Augusto Jos\u00e9<\/strong><\/p>\n<p>Esta novela nos transporta al norte de Italia entre los siglos XIX y XX, donde diversas historias de vida se entrelazan en una trama \u00fanica, tejida con los valores que dan sentido a la existencia: la familia, el trabajo, la honradez y la esperanza. A trav\u00e9s de un relato din\u00e1mico que fluye entre pasado, presente y futuro, el lector es invitado a contemplar la Providencia divina en la historia de cada personaje y en su propia vida.<\/p>\n<p>En un contexto de guerras y crisis, la obra nos recuerda que la verdadera fortaleza humana reside en el amor de Dios, capaz de unir y restaurar. Inspirada en el Jubileo de la Esperanza 2025, esta novela es una invitaci\u00f3n a redescubrir la belleza de los valores que edifican y trascienden.<\/p>\n","protected":false},"excerpt":{"rendered":"<p><img decoding=\"async\" src=\"https:\/\/libreriaguadalupe.com.ar\/libreria\/wp-content\/uploads\/2023\/03\/nuevo.png\" alt=\"\" width=\"200\" height=\"125\" \/><\/p>\n<p>Autor: Augusto Jos\u00e9<br \/>\nT\u00edtulo: \u201c<b>Borgo Valsugana &#8211; Historias de vida, esperanza y valores<\/b>\u201d<br \/>\nISBN:978-950-500-945-9<br \/>\nFormato:\u00a0 15.5 x 22.5 cms<br \/>\nInterior: 1\/1 color<br \/>\nPapel: Boockcel 80<br \/>\nN\u00ba de P\u00e1ginas: 334.<br \/>\nTapa: Cartulina &#8211; Laminado mate.<br \/>\nEncuadernaci\u00f3n: Binder<\/p>\n","protected":false},"featured_media":18632,"comment_status":"open","ping_status":"closed","template":"","meta":{"jetpack_publicize_message":"","jetpack_publicize_feature_enabled":true,"jetpack_social_post_already_shared":true,"jetpack_social_options":{"image_generator_settings":{"template":"highway","default_image_id":0,"font":"","enabled":false},"version":2}},"product_brand":[],"product_cat":[125,143,88,121],"product_tag":[160,159,127,162,164,163,161],"class_list":{"0":"post-18624","1":"product","2":"type-product","3":"status-publish","4":"has-post-thumbnail","6":"product_cat-novedades","7":"product_cat-especial-navidad","8":"product_cat-espiritualidad-cultura-social","9":"product_cat-guadalupe","10":"product_tag-augusto-jose","11":"product_tag-borgo-valsugana","12":"product_tag-editorial-guadalupe-de-argentina","13":"product_tag-historias-de-vida","14":"product_tag-jubileo-de-la-esperanza","15":"product_tag-jubileo-ordinario-2025","16":"product_tag-nuevo-lanzamiento","18":"first","19":"instock","20":"shipping-taxable","21":"purchasable","22":"product-type-simple"},"yoast_head":"<!-- This site is optimized with the Yoast SEO plugin v27.4 - https:\/\/yoast.com\/product\/yoast-seo-wordpress\/ -->\n<title>Borgo Valsugana - Editorial Guadalupe de Argentina<\/title>\n<meta name=\"description\" content=\"A trav\u00e9s de este relato novelado, el autor desea invitar a contemplar, a trav\u00e9s de cada historia y de las vivencias personales de los personajes, c\u00f3mo en el amor de Dios se va tejiendo una trama de sentido, fundamentada en el cultivo de la vida verdadera, en el don de la esperanza que ilumina el camino, a trav\u00e9s de los valores trascendentales que son los que sostienen los pasos\" \/>\n<meta name=\"robots\" content=\"index, follow, max-snippet:-1, max-image-preview:large, max-video-preview:-1\" \/>\n<link rel=\"canonical\" href=\"https:\/\/libreriaguadalupe.com.ar\/libreria\/producto\/borgo-valsugana\/\" \/>\n<meta property=\"og:locale\" content=\"es_ES\" \/>\n<meta property=\"og:type\" content=\"article\" \/>\n<meta property=\"og:title\" content=\"Borgo Valsugana - Editorial Guadalupe de Argentina\" \/>\n<meta property=\"og:description\" content=\"A trav\u00e9s de este relato novelado, el autor desea invitar a contemplar, a trav\u00e9s de cada historia y de las vivencias personales de los personajes, c\u00f3mo en el amor de Dios se va tejiendo una trama de sentido, fundamentada en el cultivo de la vida verdadera, en el don de la esperanza que ilumina el camino, a trav\u00e9s de los valores trascendentales que son los que sostienen los pasos\" \/>\n<meta property=\"og:url\" content=\"https:\/\/libreriaguadalupe.com.ar\/libreria\/producto\/borgo-valsugana\/\" \/>\n<meta property=\"og:site_name\" content=\"Editorial Guadalupe de Argentina\" \/>\n<meta property=\"article:publisher\" content=\"https:\/\/www.facebook.com\/LibreriaGuadalupeAR\/\" \/>\n<meta property=\"article:modified_time\" content=\"2025-05-20T18:10:35+00:00\" \/>\n<meta property=\"og:image\" content=\"https:\/\/libreriaguadalupe.com.ar\/libreria\/wp-content\/uploads\/2025\/02\/1-1.png\" \/>\n\t<meta property=\"og:image:width\" content=\"1080\" \/>\n\t<meta property=\"og:image:height\" content=\"1350\" \/>\n\t<meta property=\"og:image:type\" content=\"image\/png\" \/>\n<meta name=\"twitter:card\" content=\"summary_large_image\" \/>\n<meta name=\"twitter:label1\" content=\"Tiempo de lectura\" \/>\n\t<meta name=\"twitter:data1\" content=\"1 minuto\" \/>\n<script type=\"application\/ld+json\" class=\"yoast-schema-graph\">{\"@context\":\"https:\\\/\\\/schema.org\",\"@graph\":[{\"@type\":\"WebPage\",\"@id\":\"https:\\\/\\\/libreriaguadalupe.com.ar\\\/libreria\\\/producto\\\/borgo-valsugana\\\/\",\"url\":\"https:\\\/\\\/libreriaguadalupe.com.ar\\\/libreria\\\/producto\\\/borgo-valsugana\\\/\",\"name\":\"Borgo Valsugana - Editorial Guadalupe de Argentina\",\"isPartOf\":{\"@id\":\"https:\\\/\\\/libreriaguadalupe.com.ar\\\/libreria\\\/#website\"},\"primaryImageOfPage\":{\"@id\":\"https:\\\/\\\/libreriaguadalupe.com.ar\\\/libreria\\\/producto\\\/borgo-valsugana\\\/#primaryimage\"},\"image\":{\"@id\":\"https:\\\/\\\/libreriaguadalupe.com.ar\\\/libreria\\\/producto\\\/borgo-valsugana\\\/#primaryimage\"},\"thumbnailUrl\":\"https:\\\/\\\/i0.wp.com\\\/libreriaguadalupe.com.ar\\\/libreria\\\/wp-content\\\/uploads\\\/2025\\\/02\\\/1-1.png?fit=1080%2C1350&ssl=1\",\"datePublished\":\"2025-02-18T00:44:19+00:00\",\"dateModified\":\"2025-05-20T18:10:35+00:00\",\"description\":\"A trav\u00e9s de este relato novelado, el autor desea invitar a contemplar, a trav\u00e9s de cada historia y de las vivencias personales de los personajes, c\u00f3mo en el amor de Dios se va tejiendo una trama de sentido, fundamentada en el cultivo de la vida verdadera, en el don de la esperanza que ilumina el camino, a trav\u00e9s de los valores trascendentales que son los que sostienen los pasos\",\"breadcrumb\":{\"@id\":\"https:\\\/\\\/libreriaguadalupe.com.ar\\\/libreria\\\/producto\\\/borgo-valsugana\\\/#breadcrumb\"},\"inLanguage\":\"es\",\"potentialAction\":[{\"@type\":\"ReadAction\",\"target\":[\"https:\\\/\\\/libreriaguadalupe.com.ar\\\/libreria\\\/producto\\\/borgo-valsugana\\\/\"]}]},{\"@type\":\"ImageObject\",\"inLanguage\":\"es\",\"@id\":\"https:\\\/\\\/libreriaguadalupe.com.ar\\\/libreria\\\/producto\\\/borgo-valsugana\\\/#primaryimage\",\"url\":\"https:\\\/\\\/i0.wp.com\\\/libreriaguadalupe.com.ar\\\/libreria\\\/wp-content\\\/uploads\\\/2025\\\/02\\\/1-1.png?fit=1080%2C1350&ssl=1\",\"contentUrl\":\"https:\\\/\\\/i0.wp.com\\\/libreriaguadalupe.com.ar\\\/libreria\\\/wp-content\\\/uploads\\\/2025\\\/02\\\/1-1.png?fit=1080%2C1350&ssl=1\",\"width\":1080,\"height\":1350,\"caption\":\"Borgo Valsugana - Historias de vida, esperanza y valores\"},{\"@type\":\"BreadcrumbList\",\"@id\":\"https:\\\/\\\/libreriaguadalupe.com.ar\\\/libreria\\\/producto\\\/borgo-valsugana\\\/#breadcrumb\",\"itemListElement\":[{\"@type\":\"ListItem\",\"position\":1,\"name\":\"Portada\",\"item\":\"https:\\\/\\\/libreriaguadalupe.com.ar\\\/libreria\\\/\"},{\"@type\":\"ListItem\",\"position\":2,\"name\":\"Tienda\",\"item\":\"https:\\\/\\\/libreriaguadalupe.com.ar\\\/libreria\\\/\"},{\"@type\":\"ListItem\",\"position\":3,\"name\":\"Borgo Valsugana\"}]},{\"@type\":\"WebSite\",\"@id\":\"https:\\\/\\\/libreriaguadalupe.com.ar\\\/libreria\\\/#website\",\"url\":\"https:\\\/\\\/libreriaguadalupe.com.ar\\\/libreria\\\/\",\"name\":\"Editorial Guadalupe de Argentina\",\"description\":\"Congregaci\u00f3n del Verbo Divino\",\"publisher\":{\"@id\":\"https:\\\/\\\/libreriaguadalupe.com.ar\\\/libreria\\\/#organization\"},\"alternateName\":\"Librer\u00eda Guadalupe\",\"potentialAction\":[{\"@type\":\"SearchAction\",\"target\":{\"@type\":\"EntryPoint\",\"urlTemplate\":\"https:\\\/\\\/libreriaguadalupe.com.ar\\\/libreria\\\/?s={search_term_string}\"},\"query-input\":{\"@type\":\"PropertyValueSpecification\",\"valueRequired\":true,\"valueName\":\"search_term_string\"}}],\"inLanguage\":\"es\"},{\"@type\":\"Organization\",\"@id\":\"https:\\\/\\\/libreriaguadalupe.com.ar\\\/libreria\\\/#organization\",\"name\":\"Editorial Guadalupe\",\"alternateName\":\"Librer\u00eda Guadalupe\",\"url\":\"https:\\\/\\\/libreriaguadalupe.com.ar\\\/libreria\\\/\",\"logo\":{\"@type\":\"ImageObject\",\"inLanguage\":\"es\",\"@id\":\"https:\\\/\\\/libreriaguadalupe.com.ar\\\/libreria\\\/#\\\/schema\\\/logo\\\/image\\\/\",\"url\":\"https:\\\/\\\/i0.wp.com\\\/libreriaguadalupe.com.ar\\\/libreria\\\/wp-content\\\/uploads\\\/2023\\\/01\\\/cropped-logo-editorial-guadalupe.webp?fit=500%2C100&ssl=1\",\"contentUrl\":\"https:\\\/\\\/i0.wp.com\\\/libreriaguadalupe.com.ar\\\/libreria\\\/wp-content\\\/uploads\\\/2023\\\/01\\\/cropped-logo-editorial-guadalupe.webp?fit=500%2C100&ssl=1\",\"width\":500,\"height\":100,\"caption\":\"Editorial Guadalupe\"},\"image\":{\"@id\":\"https:\\\/\\\/libreriaguadalupe.com.ar\\\/libreria\\\/#\\\/schema\\\/logo\\\/image\\\/\"},\"sameAs\":[\"https:\\\/\\\/www.facebook.com\\\/LibreriaGuadalupeAR\\\/\",\"https:\\\/\\\/www.instagram.com\\\/editorialguadalupe\\\/\",\"https:\\\/\\\/guadalupeeditorial.mercadoshops.com.ar\\\/\"]}]}<\/script>\n<!-- \/ Yoast SEO plugin. -->","yoast_head_json":{"title":"Borgo Valsugana - Editorial Guadalupe de Argentina","description":"A trav\u00e9s de este relato novelado, el autor desea invitar a contemplar, a trav\u00e9s de cada historia y de las vivencias personales de los personajes, c\u00f3mo en el amor de Dios se va tejiendo una trama de sentido, fundamentada en el cultivo de la vida verdadera, en el don de la esperanza que ilumina el camino, a trav\u00e9s de los valores trascendentales que son los que sostienen los pasos","robots":{"index":"index","follow":"follow","max-snippet":"max-snippet:-1","max-image-preview":"max-image-preview:large","max-video-preview":"max-video-preview:-1"},"canonical":"https:\/\/libreriaguadalupe.com.ar\/libreria\/producto\/borgo-valsugana\/","og_locale":"es_ES","og_type":"article","og_title":"Borgo Valsugana - Editorial Guadalupe de Argentina","og_description":"A trav\u00e9s de este relato novelado, el autor desea invitar a contemplar, a trav\u00e9s de cada historia y de las vivencias personales de los personajes, c\u00f3mo en el amor de Dios se va tejiendo una trama de sentido, fundamentada en el cultivo de la vida verdadera, en el don de la esperanza que ilumina el camino, a trav\u00e9s de los valores trascendentales que son los que sostienen los pasos","og_url":"https:\/\/libreriaguadalupe.com.ar\/libreria\/producto\/borgo-valsugana\/","og_site_name":"Editorial Guadalupe de Argentina","article_publisher":"https:\/\/www.facebook.com\/LibreriaGuadalupeAR\/","article_modified_time":"2025-05-20T18:10:35+00:00","og_image":[{"width":1080,"height":1350,"url":"https:\/\/libreriaguadalupe.com.ar\/libreria\/wp-content\/uploads\/2025\/02\/1-1.png","type":"image\/png"}],"twitter_card":"summary_large_image","twitter_misc":{"Tiempo de lectura":"1 minuto"},"schema":{"@context":"https:\/\/schema.org","@graph":[{"@type":"WebPage","@id":"https:\/\/libreriaguadalupe.com.ar\/libreria\/producto\/borgo-valsugana\/","url":"https:\/\/libreriaguadalupe.com.ar\/libreria\/producto\/borgo-valsugana\/","name":"Borgo Valsugana - Editorial Guadalupe de Argentina","isPartOf":{"@id":"https:\/\/libreriaguadalupe.com.ar\/libreria\/#website"},"primaryImageOfPage":{"@id":"https:\/\/libreriaguadalupe.com.ar\/libreria\/producto\/borgo-valsugana\/#primaryimage"},"image":{"@id":"https:\/\/libreriaguadalupe.com.ar\/libreria\/producto\/borgo-valsugana\/#primaryimage"},"thumbnailUrl":"https:\/\/i0.wp.com\/libreriaguadalupe.com.ar\/libreria\/wp-content\/uploads\/2025\/02\/1-1.png?fit=1080%2C1350&ssl=1","datePublished":"2025-02-18T00:44:19+00:00","dateModified":"2025-05-20T18:10:35+00:00","description":"A trav\u00e9s de este relato novelado, el autor desea invitar a contemplar, a trav\u00e9s de cada historia y de las vivencias personales de los personajes, c\u00f3mo en el amor de Dios se va tejiendo una trama de sentido, fundamentada en el cultivo de la vida verdadera, en el don de la esperanza que ilumina el camino, a trav\u00e9s de los valores trascendentales que son los que sostienen los pasos","breadcrumb":{"@id":"https:\/\/libreriaguadalupe.com.ar\/libreria\/producto\/borgo-valsugana\/#breadcrumb"},"inLanguage":"es","potentialAction":[{"@type":"ReadAction","target":["https:\/\/libreriaguadalupe.com.ar\/libreria\/producto\/borgo-valsugana\/"]}]},{"@type":"ImageObject","inLanguage":"es","@id":"https:\/\/libreriaguadalupe.com.ar\/libreria\/producto\/borgo-valsugana\/#primaryimage","url":"https:\/\/i0.wp.com\/libreriaguadalupe.com.ar\/libreria\/wp-content\/uploads\/2025\/02\/1-1.png?fit=1080%2C1350&ssl=1","contentUrl":"https:\/\/i0.wp.com\/libreriaguadalupe.com.ar\/libreria\/wp-content\/uploads\/2025\/02\/1-1.png?fit=1080%2C1350&ssl=1","width":1080,"height":1350,"caption":"Borgo Valsugana - Historias de vida, esperanza y valores"},{"@type":"BreadcrumbList","@id":"https:\/\/libreriaguadalupe.com.ar\/libreria\/producto\/borgo-valsugana\/#breadcrumb","itemListElement":[{"@type":"ListItem","position":1,"name":"Portada","item":"https:\/\/libreriaguadalupe.com.ar\/libreria\/"},{"@type":"ListItem","position":2,"name":"Tienda","item":"https:\/\/libreriaguadalupe.com.ar\/libreria\/"},{"@type":"ListItem","position":3,"name":"Borgo Valsugana"}]},{"@type":"WebSite","@id":"https:\/\/libreriaguadalupe.com.ar\/libreria\/#website","url":"https:\/\/libreriaguadalupe.com.ar\/libreria\/","name":"Editorial Guadalupe de Argentina","description":"Congregaci\u00f3n del Verbo Divino","publisher":{"@id":"https:\/\/libreriaguadalupe.com.ar\/libreria\/#organization"},"alternateName":"Librer\u00eda Guadalupe","potentialAction":[{"@type":"SearchAction","target":{"@type":"EntryPoint","urlTemplate":"https:\/\/libreriaguadalupe.com.ar\/libreria\/?s={search_term_string}"},"query-input":{"@type":"PropertyValueSpecification","valueRequired":true,"valueName":"search_term_string"}}],"inLanguage":"es"},{"@type":"Organization","@id":"https:\/\/libreriaguadalupe.com.ar\/libreria\/#organization","name":"Editorial Guadalupe","alternateName":"Librer\u00eda Guadalupe","url":"https:\/\/libreriaguadalupe.com.ar\/libreria\/","logo":{"@type":"ImageObject","inLanguage":"es","@id":"https:\/\/libreriaguadalupe.com.ar\/libreria\/#\/schema\/logo\/image\/","url":"https:\/\/i0.wp.com\/libreriaguadalupe.com.ar\/libreria\/wp-content\/uploads\/2023\/01\/cropped-logo-editorial-guadalupe.webp?fit=500%2C100&ssl=1","contentUrl":"https:\/\/i0.wp.com\/libreriaguadalupe.com.ar\/libreria\/wp-content\/uploads\/2023\/01\/cropped-logo-editorial-guadalupe.webp?fit=500%2C100&ssl=1","width":500,"height":100,"caption":"Editorial Guadalupe"},"image":{"@id":"https:\/\/libreriaguadalupe.com.ar\/libreria\/#\/schema\/logo\/image\/"},"sameAs":["https:\/\/www.facebook.com\/LibreriaGuadalupeAR\/","https:\/\/www.instagram.com\/editorialguadalupe\/","https:\/\/guadalupeeditorial.mercadoshops.com.ar\/"]}]}},"jetpack_publicize_connections":[],"jetpack_sharing_enabled":true,"jetpack-related-posts":[{"id":16045,"url":"https:\/\/libreriaguadalupe.com.ar\/libreria\/producto\/san-jose-custodio-de-soledades\/","url_meta":{"origin":18624,"position":0},"title":"San Jos\u00e9, Custodio De Soledades","author":"admin","date":"12\/02\/2023","format":false,"excerpt":"AUTOR: BASILE AUGUSTO ISBN: 9505008247 P\u00e1ginas: 42 Medidas: 11 x 17 cm","rel":"","context":"Entrada similar","block_context":{"text":"Entrada similar","link":""},"img":{"alt_text":"","src":"https:\/\/i0.wp.com\/libreriaguadalupe.com.ar\/libreria\/wp-content\/uploads\/2023\/02\/San-Jose-custodio-de-soledades.webp?fit=374%2C500&ssl=1&resize=350%2C200","width":350,"height":200},"classes":[]},{"id":17548,"url":"https:\/\/libreriaguadalupe.com.ar\/libreria\/producto\/es-el-senor-rosario-biblico\/","url_meta":{"origin":18624,"position":1},"title":"\u00a1ES EL SE\u00d1OR! Rosario B\u00edblico","author":"admin","date":"12\/10\/2023","format":false,"excerpt":"\u00a0 Autor: AUGUSTO JOS\u00c9 ISBN: 978-950-500-907-7 Dimensiones: 11 x 17 cm P\u00e1ginas: 38","rel":"","context":"Entrada similar","block_context":{"text":"Entrada similar","link":""},"img":{"alt_text":"","src":"https:\/\/i0.wp.com\/libreriaguadalupe.com.ar\/libreria\/wp-content\/uploads\/2023\/10\/MES-DE-LA-BIBLIA-2024-guada3.jpg?fit=470%2C470&ssl=1&resize=350%2C200","width":350,"height":200},"classes":[]},{"id":16625,"url":"https:\/\/libreriaguadalupe.com.ar\/libreria\/producto\/para-conocer-al-papa-bergoglio\/","url_meta":{"origin":18624,"position":2},"title":"Para conocer al papa Bergoglio","author":"admin","date":"13\/03\/2023","format":false,"excerpt":"Autor: Francesco Strazzari ISBN: 8499459783","rel":"","context":"Entrada similar","block_context":{"text":"Entrada similar","link":""},"img":{"alt_text":"","src":"https:\/\/i0.wp.com\/libreriaguadalupe.com.ar\/libreria\/wp-content\/uploads\/2023\/03\/Para-conocer-al-Papa-Bergoglio.jpeg?fit=380%2C586&ssl=1&resize=350%2C200","width":350,"height":200},"classes":[]},{"id":16943,"url":"https:\/\/libreriaguadalupe.com.ar\/libreria\/producto\/cuentame-la-biblia\/","url_meta":{"origin":18624,"position":3},"title":"Cu\u00e9ntame la Biblia","author":"admin","date":"23\/03\/2023","format":false,"excerpt":"[edici\u00f3n carton\u00e9 acolchado] Autor: JOSE LUIS ALVAR ISBN: 8490737200 Dimensiones: 16,5 x 22,5 cm P\u00e1ginas: 136","rel":"","context":"Entrada similar","block_context":{"text":"Entrada similar","link":""},"img":{"alt_text":"","src":"https:\/\/i0.wp.com\/libreriaguadalupe.com.ar\/libreria\/wp-content\/uploads\/2023\/03\/Cuentame-la-Biblia.jpg?fit=380%2C586&ssl=1&resize=350%2C200","width":350,"height":200},"classes":[]},{"id":18904,"url":"https:\/\/libreriaguadalupe.com.ar\/libreria\/producto\/el-negocio-de-la-vida-2\/","url_meta":{"origin":18624,"position":4},"title":"El Negocio de la Vida","author":"Mariano Zuqui","date":"21\/05\/2025","format":false,"excerpt":"Autor: Enzo Ferraro T\u00edtulo: \"El negocio de la vida\" ISBN:978-950-500-914-5 Formato: 22.5\u00a0 (alto) x 15.5 (ancho) cms. Interior: 1\/1 color Papel: Bookcel 80 grs. N\u00ba de P\u00e1ginas: 160 Tapa:4 Colores - Cartulina 300 grs -laminado mate Encuadernaci\u00f3n: Binder \u00a0 \u00a0","rel":"","context":"Entrada similar","block_context":{"text":"Entrada similar","link":""},"img":{"alt_text":"Descubr\u00ed el sentido del sufrimiento con un plan espiritual y experiencial. Transform\u00e1 tu vida en plenitud con solo 12 minutos diarios.","src":"https:\/\/i0.wp.com\/libreriaguadalupe.com.ar\/libreria\/wp-content\/uploads\/2025\/05\/1-scaled.png?fit=960%2C1200&ssl=1&resize=350%2C200","width":350,"height":200,"srcset":"https:\/\/i0.wp.com\/libreriaguadalupe.com.ar\/libreria\/wp-content\/uploads\/2025\/05\/1-scaled.png?fit=960%2C1200&ssl=1&resize=350%2C200 1x, https:\/\/i0.wp.com\/libreriaguadalupe.com.ar\/libreria\/wp-content\/uploads\/2025\/05\/1-scaled.png?fit=960%2C1200&ssl=1&resize=525%2C300 1.5x, https:\/\/i0.wp.com\/libreriaguadalupe.com.ar\/libreria\/wp-content\/uploads\/2025\/05\/1-scaled.png?fit=960%2C1200&ssl=1&resize=700%2C400 2x"},"classes":[]},{"id":16108,"url":"https:\/\/libreriaguadalupe.com.ar\/libreria\/producto\/padre-chuco-una-gran-amistad\/","url_meta":{"origin":18624,"position":5},"title":"Padre Chuco, una gran amistad","author":"admin","date":"12\/02\/2023","format":false,"excerpt":"AUTOR: LEOSVARDO GALEANO ISBN: 9505008674","rel":"","context":"Entrada similar","block_context":{"text":"Entrada similar","link":""},"img":{"alt_text":"","src":"https:\/\/i0.wp.com\/libreriaguadalupe.com.ar\/libreria\/wp-content\/uploads\/2023\/02\/PADRE-CHUCO-UNA-GRAN-AMISTAD-1.jpg?fit=349%2C553&ssl=1&resize=350%2C200","width":350,"height":200},"classes":[]}],"_links":{"self":[{"href":"https:\/\/libreriaguadalupe.com.ar\/libreria\/wp-json\/wp\/v2\/product\/18624","targetHints":{"allow":["GET"]}}],"collection":[{"href":"https:\/\/libreriaguadalupe.com.ar\/libreria\/wp-json\/wp\/v2\/product"}],"about":[{"href":"https:\/\/libreriaguadalupe.com.ar\/libreria\/wp-json\/wp\/v2\/types\/product"}],"replies":[{"embeddable":true,"href":"https:\/\/libreriaguadalupe.com.ar\/libreria\/wp-json\/wp\/v2\/comments?post=18624"}],"version-history":[{"count":4,"href":"https:\/\/libreriaguadalupe.com.ar\/libreria\/wp-json\/wp\/v2\/product\/18624\/revisions"}],"predecessor-version":[{"id":18634,"href":"https:\/\/libreriaguadalupe.com.ar\/libreria\/wp-json\/wp\/v2\/product\/18624\/revisions\/18634"}],"wp:featuredmedia":[{"embeddable":true,"href":"https:\/\/libreriaguadalupe.com.ar\/libreria\/wp-json\/wp\/v2\/media\/18632"}],"wp:attachment":[{"href":"https:\/\/libreriaguadalupe.com.ar\/libreria\/wp-json\/wp\/v2\/media?parent=18624"}],"wp:term":[{"taxonomy":"product_brand","embeddable":true,"href":"https:\/\/libreriaguadalupe.com.ar\/libreria\/wp-json\/wp\/v2\/product_brand?post=18624"},{"taxonomy":"product_cat","embeddable":true,"href":"https:\/\/libreriaguadalupe.com.ar\/libreria\/wp-json\/wp\/v2\/product_cat?post=18624"},{"taxonomy":"product_tag","embeddable":true,"href":"https:\/\/libreriaguadalupe.com.ar\/libreria\/wp-json\/wp\/v2\/product_tag?post=18624"}],"curies":[{"name":"wp","href":"https:\/\/api.w.org\/{rel}","templated":true}]}}