{"id":18605,"date":"2025-02-10T15:53:58","date_gmt":"2025-02-10T18:53:58","guid":{"rendered":"https:\/\/libreriaguadalupe.com.ar\/libreria\/?post_type=product&#038;p=18605"},"modified":"2025-02-12T13:09:43","modified_gmt":"2025-02-12T16:09:43","slug":"pack-rafael-velasco-sj","status":"publish","type":"product","link":"https:\/\/libreriaguadalupe.com.ar\/libreria\/producto\/pack-rafael-velasco-sj\/","title":{"rendered":"Pack Rafael Velasco SJ"},"content":{"rendered":"<p><strong>Pack Promocional \u2013 Obra de Rafael Velasco SJ<\/strong><\/p>\n<p>Este exclusivo pack re\u00fane cuatro libros del sacerdote jesuita <strong>Rafael Velasco SJ<\/strong>, ofreciendo un recorrido profundo por la oraci\u00f3n y la poes\u00eda como medios de encuentro con Dios.<\/p>\n<p>Incluye:<\/p>\n<ul>\n<li><em>Poemas con Dios de fondo<\/em><\/li>\n<li><em>Nos Rezamos<\/em> \u2013 Volumen 1, 2 y 3<\/li>\n<\/ul>\n<p>Una propuesta ideal para quienes buscan profundizar en la espiritualidad a trav\u00e9s de la reflexi\u00f3n y la contemplaci\u00f3n.<\/p>\n<p><strong>Precio promocional:<\/strong> $25.000<br \/>\n<strong>Disponible \u00fanicamente en nuestra tienda online.<\/strong><\/p>\n<p>Adquiera su ejemplar y rec\u00edbalo en la comodidad de su hogar.<\/p>\n","protected":false},"excerpt":{"rendered":"<p><strong>Pack Promocional \u2013 Obra de Rafael Velasco SJ<br \/>\n<\/strong>Autor: Velasco, Rafael. sj<br \/>\nT\u00edtulo 1: <em>Poemas con Dios de fondo<br \/>\n<\/em>T\u00edtulo 2: <em>Nos Rezamos<\/em><br \/>\nT\u00edtulo 3: <em>Nos Rezamos II<\/em><br \/>\nT\u00edtulo 4: <em>Nos Rezamos III<\/em><\/p>\n<p>OFERTA POR TIEMPO LIMITADO &#8211; EXCLUSIVA PARA TIENDA DIGITAL<\/p>\n","protected":false},"featured_media":18608,"comment_status":"open","ping_status":"closed","template":"","meta":{"jetpack_publicize_message":"","jetpack_publicize_feature_enabled":true,"jetpack_social_post_already_shared":true,"jetpack_social_options":{"image_generator_settings":{"template":"highway","default_image_id":0,"font":"","enabled":false},"version":2}},"product_brand":[],"product_cat":[125,73,121,112],"product_tag":[127,155,128,154],"class_list":{"0":"post-18605","1":"product","2":"type-product","3":"status-publish","4":"has-post-thumbnail","6":"product_cat-novedades","7":"product_cat-catequesis-y-educacion-en-la-fe","8":"product_cat-guadalupe","9":"product_cat-home","10":"product_tag-editorial-guadalupe-de-argentina","11":"product_tag-nos-rezamos","12":"product_tag-poemas-con-dios-de-fondo","13":"product_tag-rafael-velasco-sj","15":"first","16":"instock","17":"shipping-taxable","18":"purchasable","19":"product-type-simple"},"yoast_head":"<!-- This site is optimized with the Yoast SEO plugin v27.4 - https:\/\/yoast.com\/product\/yoast-seo-wordpress\/ -->\n<title>Pack Rafael Velasco SJ - Editorial Guadalupe de Argentina<\/title>\n<meta name=\"description\" content=\"Este exclusivo pack re\u00fane cuatro libros del sacerdote jesuita Rafael Velasco SJ, ofreciendo un recorrido profundo por la oraci\u00f3n y la poes\u00eda como medios de encuentro con Dios.\" \/>\n<meta name=\"robots\" content=\"index, follow, max-snippet:-1, max-image-preview:large, max-video-preview:-1\" \/>\n<link rel=\"canonical\" href=\"https:\/\/libreriaguadalupe.com.ar\/libreria\/producto\/pack-rafael-velasco-sj\/\" \/>\n<meta property=\"og:locale\" content=\"es_ES\" \/>\n<meta property=\"og:type\" content=\"article\" \/>\n<meta property=\"og:title\" content=\"Pack Rafael Velasco SJ - Editorial Guadalupe de Argentina\" \/>\n<meta property=\"og:description\" content=\"Este exclusivo pack re\u00fane cuatro libros del sacerdote jesuita Rafael Velasco SJ, ofreciendo un recorrido profundo por la oraci\u00f3n y la poes\u00eda como medios de encuentro con Dios.\" \/>\n<meta property=\"og:url\" content=\"https:\/\/libreriaguadalupe.com.ar\/libreria\/producto\/pack-rafael-velasco-sj\/\" \/>\n<meta property=\"og:site_name\" content=\"Editorial Guadalupe de Argentina\" \/>\n<meta property=\"article:publisher\" content=\"https:\/\/www.facebook.com\/LibreriaGuadalupeAR\/\" \/>\n<meta property=\"article:modified_time\" content=\"2025-02-12T16:09:43+00:00\" \/>\n<meta property=\"og:image\" content=\"https:\/\/libreriaguadalupe.com.ar\/libreria\/wp-content\/uploads\/2025\/02\/1.png\" \/>\n\t<meta property=\"og:image:width\" content=\"1080\" \/>\n\t<meta property=\"og:image:height\" content=\"1350\" \/>\n\t<meta property=\"og:image:type\" content=\"image\/png\" \/>\n<meta name=\"twitter:card\" content=\"summary_large_image\" \/>\n<meta name=\"twitter:label1\" content=\"Tiempo de lectura\" \/>\n\t<meta name=\"twitter:data1\" content=\"1 minuto\" \/>\n<script type=\"application\/ld+json\" class=\"yoast-schema-graph\">{\"@context\":\"https:\\\/\\\/schema.org\",\"@graph\":[{\"@type\":\"WebPage\",\"@id\":\"https:\\\/\\\/libreriaguadalupe.com.ar\\\/libreria\\\/producto\\\/pack-rafael-velasco-sj\\\/\",\"url\":\"https:\\\/\\\/libreriaguadalupe.com.ar\\\/libreria\\\/producto\\\/pack-rafael-velasco-sj\\\/\",\"name\":\"Pack Rafael Velasco SJ - Editorial Guadalupe de Argentina\",\"isPartOf\":{\"@id\":\"https:\\\/\\\/libreriaguadalupe.com.ar\\\/libreria\\\/#website\"},\"primaryImageOfPage\":{\"@id\":\"https:\\\/\\\/libreriaguadalupe.com.ar\\\/libreria\\\/producto\\\/pack-rafael-velasco-sj\\\/#primaryimage\"},\"image\":{\"@id\":\"https:\\\/\\\/libreriaguadalupe.com.ar\\\/libreria\\\/producto\\\/pack-rafael-velasco-sj\\\/#primaryimage\"},\"thumbnailUrl\":\"https:\\\/\\\/i0.wp.com\\\/libreriaguadalupe.com.ar\\\/libreria\\\/wp-content\\\/uploads\\\/2025\\\/02\\\/1.png?fit=1080%2C1350&ssl=1\",\"datePublished\":\"2025-02-10T18:53:58+00:00\",\"dateModified\":\"2025-02-12T16:09:43+00:00\",\"description\":\"Este exclusivo pack re\u00fane cuatro libros del sacerdote jesuita Rafael Velasco SJ, ofreciendo un recorrido profundo por la oraci\u00f3n y la poes\u00eda como medios de encuentro con Dios.\",\"breadcrumb\":{\"@id\":\"https:\\\/\\\/libreriaguadalupe.com.ar\\\/libreria\\\/producto\\\/pack-rafael-velasco-sj\\\/#breadcrumb\"},\"inLanguage\":\"es\",\"potentialAction\":[{\"@type\":\"ReadAction\",\"target\":[\"https:\\\/\\\/libreriaguadalupe.com.ar\\\/libreria\\\/producto\\\/pack-rafael-velasco-sj\\\/\"]}]},{\"@type\":\"ImageObject\",\"inLanguage\":\"es\",\"@id\":\"https:\\\/\\\/libreriaguadalupe.com.ar\\\/libreria\\\/producto\\\/pack-rafael-velasco-sj\\\/#primaryimage\",\"url\":\"https:\\\/\\\/i0.wp.com\\\/libreriaguadalupe.com.ar\\\/libreria\\\/wp-content\\\/uploads\\\/2025\\\/02\\\/1.png?fit=1080%2C1350&ssl=1\",\"contentUrl\":\"https:\\\/\\\/i0.wp.com\\\/libreriaguadalupe.com.ar\\\/libreria\\\/wp-content\\\/uploads\\\/2025\\\/02\\\/1.png?fit=1080%2C1350&ssl=1\",\"width\":1080,\"height\":1350},{\"@type\":\"BreadcrumbList\",\"@id\":\"https:\\\/\\\/libreriaguadalupe.com.ar\\\/libreria\\\/producto\\\/pack-rafael-velasco-sj\\\/#breadcrumb\",\"itemListElement\":[{\"@type\":\"ListItem\",\"position\":1,\"name\":\"Portada\",\"item\":\"https:\\\/\\\/libreriaguadalupe.com.ar\\\/libreria\\\/\"},{\"@type\":\"ListItem\",\"position\":2,\"name\":\"Tienda\",\"item\":\"https:\\\/\\\/libreriaguadalupe.com.ar\\\/libreria\\\/\"},{\"@type\":\"ListItem\",\"position\":3,\"name\":\"Pack Rafael Velasco SJ\"}]},{\"@type\":\"WebSite\",\"@id\":\"https:\\\/\\\/libreriaguadalupe.com.ar\\\/libreria\\\/#website\",\"url\":\"https:\\\/\\\/libreriaguadalupe.com.ar\\\/libreria\\\/\",\"name\":\"Editorial Guadalupe de Argentina\",\"description\":\"Congregaci\u00f3n del Verbo Divino\",\"publisher\":{\"@id\":\"https:\\\/\\\/libreriaguadalupe.com.ar\\\/libreria\\\/#organization\"},\"alternateName\":\"Librer\u00eda Guadalupe\",\"potentialAction\":[{\"@type\":\"SearchAction\",\"target\":{\"@type\":\"EntryPoint\",\"urlTemplate\":\"https:\\\/\\\/libreriaguadalupe.com.ar\\\/libreria\\\/?s={search_term_string}\"},\"query-input\":{\"@type\":\"PropertyValueSpecification\",\"valueRequired\":true,\"valueName\":\"search_term_string\"}}],\"inLanguage\":\"es\"},{\"@type\":\"Organization\",\"@id\":\"https:\\\/\\\/libreriaguadalupe.com.ar\\\/libreria\\\/#organization\",\"name\":\"Editorial Guadalupe\",\"alternateName\":\"Librer\u00eda Guadalupe\",\"url\":\"https:\\\/\\\/libreriaguadalupe.com.ar\\\/libreria\\\/\",\"logo\":{\"@type\":\"ImageObject\",\"inLanguage\":\"es\",\"@id\":\"https:\\\/\\\/libreriaguadalupe.com.ar\\\/libreria\\\/#\\\/schema\\\/logo\\\/image\\\/\",\"url\":\"https:\\\/\\\/i0.wp.com\\\/libreriaguadalupe.com.ar\\\/libreria\\\/wp-content\\\/uploads\\\/2023\\\/01\\\/cropped-logo-editorial-guadalupe.webp?fit=500%2C100&ssl=1\",\"contentUrl\":\"https:\\\/\\\/i0.wp.com\\\/libreriaguadalupe.com.ar\\\/libreria\\\/wp-content\\\/uploads\\\/2023\\\/01\\\/cropped-logo-editorial-guadalupe.webp?fit=500%2C100&ssl=1\",\"width\":500,\"height\":100,\"caption\":\"Editorial Guadalupe\"},\"image\":{\"@id\":\"https:\\\/\\\/libreriaguadalupe.com.ar\\\/libreria\\\/#\\\/schema\\\/logo\\\/image\\\/\"},\"sameAs\":[\"https:\\\/\\\/www.facebook.com\\\/LibreriaGuadalupeAR\\\/\",\"https:\\\/\\\/www.instagram.com\\\/editorialguadalupe\\\/\",\"https:\\\/\\\/guadalupeeditorial.mercadoshops.com.ar\\\/\"]}]}<\/script>\n<!-- \/ Yoast SEO plugin. -->","yoast_head_json":{"title":"Pack Rafael Velasco SJ - Editorial Guadalupe de Argentina","description":"Este exclusivo pack re\u00fane cuatro libros del sacerdote jesuita Rafael Velasco SJ, ofreciendo un recorrido profundo por la oraci\u00f3n y la poes\u00eda como medios de encuentro con Dios.","robots":{"index":"index","follow":"follow","max-snippet":"max-snippet:-1","max-image-preview":"max-image-preview:large","max-video-preview":"max-video-preview:-1"},"canonical":"https:\/\/libreriaguadalupe.com.ar\/libreria\/producto\/pack-rafael-velasco-sj\/","og_locale":"es_ES","og_type":"article","og_title":"Pack Rafael Velasco SJ - Editorial Guadalupe de Argentina","og_description":"Este exclusivo pack re\u00fane cuatro libros del sacerdote jesuita Rafael Velasco SJ, ofreciendo un recorrido profundo por la oraci\u00f3n y la poes\u00eda como medios de encuentro con Dios.","og_url":"https:\/\/libreriaguadalupe.com.ar\/libreria\/producto\/pack-rafael-velasco-sj\/","og_site_name":"Editorial Guadalupe de Argentina","article_publisher":"https:\/\/www.facebook.com\/LibreriaGuadalupeAR\/","article_modified_time":"2025-02-12T16:09:43+00:00","og_image":[{"width":1080,"height":1350,"url":"https:\/\/libreriaguadalupe.com.ar\/libreria\/wp-content\/uploads\/2025\/02\/1.png","type":"image\/png"}],"twitter_card":"summary_large_image","twitter_misc":{"Tiempo de lectura":"1 minuto"},"schema":{"@context":"https:\/\/schema.org","@graph":[{"@type":"WebPage","@id":"https:\/\/libreriaguadalupe.com.ar\/libreria\/producto\/pack-rafael-velasco-sj\/","url":"https:\/\/libreriaguadalupe.com.ar\/libreria\/producto\/pack-rafael-velasco-sj\/","name":"Pack Rafael Velasco SJ - Editorial Guadalupe de Argentina","isPartOf":{"@id":"https:\/\/libreriaguadalupe.com.ar\/libreria\/#website"},"primaryImageOfPage":{"@id":"https:\/\/libreriaguadalupe.com.ar\/libreria\/producto\/pack-rafael-velasco-sj\/#primaryimage"},"image":{"@id":"https:\/\/libreriaguadalupe.com.ar\/libreria\/producto\/pack-rafael-velasco-sj\/#primaryimage"},"thumbnailUrl":"https:\/\/i0.wp.com\/libreriaguadalupe.com.ar\/libreria\/wp-content\/uploads\/2025\/02\/1.png?fit=1080%2C1350&ssl=1","datePublished":"2025-02-10T18:53:58+00:00","dateModified":"2025-02-12T16:09:43+00:00","description":"Este exclusivo pack re\u00fane cuatro libros del sacerdote jesuita Rafael Velasco SJ, ofreciendo un recorrido profundo por la oraci\u00f3n y la poes\u00eda como medios de encuentro con Dios.","breadcrumb":{"@id":"https:\/\/libreriaguadalupe.com.ar\/libreria\/producto\/pack-rafael-velasco-sj\/#breadcrumb"},"inLanguage":"es","potentialAction":[{"@type":"ReadAction","target":["https:\/\/libreriaguadalupe.com.ar\/libreria\/producto\/pack-rafael-velasco-sj\/"]}]},{"@type":"ImageObject","inLanguage":"es","@id":"https:\/\/libreriaguadalupe.com.ar\/libreria\/producto\/pack-rafael-velasco-sj\/#primaryimage","url":"https:\/\/i0.wp.com\/libreriaguadalupe.com.ar\/libreria\/wp-content\/uploads\/2025\/02\/1.png?fit=1080%2C1350&ssl=1","contentUrl":"https:\/\/i0.wp.com\/libreriaguadalupe.com.ar\/libreria\/wp-content\/uploads\/2025\/02\/1.png?fit=1080%2C1350&ssl=1","width":1080,"height":1350},{"@type":"BreadcrumbList","@id":"https:\/\/libreriaguadalupe.com.ar\/libreria\/producto\/pack-rafael-velasco-sj\/#breadcrumb","itemListElement":[{"@type":"ListItem","position":1,"name":"Portada","item":"https:\/\/libreriaguadalupe.com.ar\/libreria\/"},{"@type":"ListItem","position":2,"name":"Tienda","item":"https:\/\/libreriaguadalupe.com.ar\/libreria\/"},{"@type":"ListItem","position":3,"name":"Pack Rafael Velasco SJ"}]},{"@type":"WebSite","@id":"https:\/\/libreriaguadalupe.com.ar\/libreria\/#website","url":"https:\/\/libreriaguadalupe.com.ar\/libreria\/","name":"Editorial Guadalupe de Argentina","description":"Congregaci\u00f3n del Verbo Divino","publisher":{"@id":"https:\/\/libreriaguadalupe.com.ar\/libreria\/#organization"},"alternateName":"Librer\u00eda Guadalupe","potentialAction":[{"@type":"SearchAction","target":{"@type":"EntryPoint","urlTemplate":"https:\/\/libreriaguadalupe.com.ar\/libreria\/?s={search_term_string}"},"query-input":{"@type":"PropertyValueSpecification","valueRequired":true,"valueName":"search_term_string"}}],"inLanguage":"es"},{"@type":"Organization","@id":"https:\/\/libreriaguadalupe.com.ar\/libreria\/#organization","name":"Editorial Guadalupe","alternateName":"Librer\u00eda Guadalupe","url":"https:\/\/libreriaguadalupe.com.ar\/libreria\/","logo":{"@type":"ImageObject","inLanguage":"es","@id":"https:\/\/libreriaguadalupe.com.ar\/libreria\/#\/schema\/logo\/image\/","url":"https:\/\/i0.wp.com\/libreriaguadalupe.com.ar\/libreria\/wp-content\/uploads\/2023\/01\/cropped-logo-editorial-guadalupe.webp?fit=500%2C100&ssl=1","contentUrl":"https:\/\/i0.wp.com\/libreriaguadalupe.com.ar\/libreria\/wp-content\/uploads\/2023\/01\/cropped-logo-editorial-guadalupe.webp?fit=500%2C100&ssl=1","width":500,"height":100,"caption":"Editorial Guadalupe"},"image":{"@id":"https:\/\/libreriaguadalupe.com.ar\/libreria\/#\/schema\/logo\/image\/"},"sameAs":["https:\/\/www.facebook.com\/LibreriaGuadalupeAR\/","https:\/\/www.instagram.com\/editorialguadalupe\/","https:\/\/guadalupeeditorial.mercadoshops.com.ar\/"]}]}},"jetpack_publicize_connections":[],"jetpack_sharing_enabled":true,"jetpack-related-posts":[{"id":15697,"url":"https:\/\/libreriaguadalupe.com.ar\/libreria\/producto\/poemas-con-dios-de-fondo\/","url_meta":{"origin":18605,"position":0},"title":"Poemas con Dios de fondo","author":"admin","date":"11\/02\/2023","format":false,"excerpt":"AUTOR: RAFAEL VELASCO, sj ISBN 9789505008612","rel":"","context":"Entrada similar","block_context":{"text":"Entrada similar","link":""},"img":{"alt_text":"","src":"https:\/\/i0.wp.com\/libreriaguadalupe.com.ar\/libreria\/wp-content\/uploads\/2023\/02\/Poemas-con-Dios-de-fondo-chico.jpg?fit=740%2C500&ssl=1&resize=350%2C200","width":350,"height":200,"srcset":"https:\/\/i0.wp.com\/libreriaguadalupe.com.ar\/libreria\/wp-content\/uploads\/2023\/02\/Poemas-con-Dios-de-fondo-chico.jpg?fit=740%2C500&ssl=1&resize=350%2C200 1x, https:\/\/i0.wp.com\/libreriaguadalupe.com.ar\/libreria\/wp-content\/uploads\/2023\/02\/Poemas-con-Dios-de-fondo-chico.jpg?fit=740%2C500&ssl=1&resize=525%2C300 1.5x, https:\/\/i0.wp.com\/libreriaguadalupe.com.ar\/libreria\/wp-content\/uploads\/2023\/02\/Poemas-con-Dios-de-fondo-chico.jpg?fit=740%2C500&ssl=1&resize=700%2C400 2x"},"classes":[]},{"id":15903,"url":"https:\/\/libreriaguadalupe.com.ar\/libreria\/producto\/nos-rezamos-i\/","url_meta":{"origin":18605,"position":1},"title":"Nos rezamos I","author":"admin","date":"12\/02\/2023","format":false,"excerpt":"\u201cNos rezamos\u201d, significa: rezamos unos por otros, para ser la respuesta de Dios a la oraci\u00f3n de muchos\u00bb. AUTOR: RAFAEL VELASCO, sj ISBN: 9505008421","rel":"","context":"Entrada similar","block_context":{"text":"Entrada similar","link":""},"img":{"alt_text":"","src":"https:\/\/i0.wp.com\/libreriaguadalupe.com.ar\/libreria\/wp-content\/uploads\/2023\/02\/Nos-rezamos-I-chico.jpg?fit=343%2C500&ssl=1&resize=350%2C200","width":350,"height":200},"classes":[]},{"id":15906,"url":"https:\/\/libreriaguadalupe.com.ar\/libreria\/producto\/nos-rezamos-ii\/","url_meta":{"origin":18605,"position":2},"title":"Nos rezamos II","author":"admin","date":"12\/02\/2023","format":false,"excerpt":"\u201cNos rezamos\u201d, significa: rezamos unos por otros, para ser la respuesta de Dios a la oraci\u00f3n de muchos\u00bb. AUTOR: RAFAEL VELASCO, sj ISBN: 9505008582","rel":"","context":"Entrada similar","block_context":{"text":"Entrada similar","link":""},"img":{"alt_text":"","src":"https:\/\/i0.wp.com\/libreriaguadalupe.com.ar\/libreria\/wp-content\/uploads\/2023\/02\/Nos-rezamos-II-chico.jpg?fit=346%2C500&ssl=1&resize=350%2C200","width":350,"height":200},"classes":[]},{"id":15909,"url":"https:\/\/libreriaguadalupe.com.ar\/libreria\/producto\/nos-rezamos-iii\/","url_meta":{"origin":18605,"position":3},"title":"Nos rezamos III","author":"admin","date":"12\/02\/2023","format":false,"excerpt":"\u201cNos rezamos\u201d, significa: rezamos unos por otros, para ser la respuesta de Dios a la oraci\u00f3n de muchos\u00bb. AUTOR: RAFAEL VELASCO, sj ISBN: 9505008599","rel":"","context":"Entrada similar","block_context":{"text":"Entrada similar","link":""},"img":{"alt_text":"","src":"https:\/\/i0.wp.com\/libreriaguadalupe.com.ar\/libreria\/wp-content\/uploads\/2023\/02\/Nos-rezamos-III-chico.jpg?fit=344%2C500&ssl=1&resize=350%2C200","width":350,"height":200},"classes":[]},{"id":18616,"url":"https:\/\/libreriaguadalupe.com.ar\/libreria\/producto\/pack-eduardo-meana-haikus-ante-dios\/","url_meta":{"origin":18605,"position":4},"title":"Pack Eduardo Meana &#8211; HAIKUS ante Dios","author":"Mariano Zuqui","date":"12\/02\/2025","format":false,"excerpt":"Quieren ser un adem\u00e1n del alma ante Dios: intentando rozar el Misterio, capturar su belleza, resignificar el instante, alzar la vida. AUTOR: EDUARDO MEANA LAPORTE ISBN: 9505008773 ISBN: 9505008780 ISBN: 9505008797","rel":"","context":"Entrada similar","block_context":{"text":"Entrada similar","link":""},"img":{"alt_text":"Pack Promocional: \"Haikus ante Dios\" de Eduardo Meana El haiku es una forma de poes\u00eda breve de origen japon\u00e9s, que captura la belleza de un instante con palabras m\u00ednimas y profundidad m\u00e1xima. En estos tres vol\u00famenes, el sacerdote Eduardo Meana nos ofrece estos peque\u00f1os destellos de contemplaci\u00f3n que buscan rozar el misterio y elevar el alma.","src":"https:\/\/i0.wp.com\/libreriaguadalupe.com.ar\/libreria\/wp-content\/uploads\/2025\/02\/FOTO-WEB-PACK-HAIKUS.png?fit=960%2C1200&ssl=1&resize=350%2C200","width":350,"height":200,"srcset":"https:\/\/i0.wp.com\/libreriaguadalupe.com.ar\/libreria\/wp-content\/uploads\/2025\/02\/FOTO-WEB-PACK-HAIKUS.png?fit=960%2C1200&ssl=1&resize=350%2C200 1x, https:\/\/i0.wp.com\/libreriaguadalupe.com.ar\/libreria\/wp-content\/uploads\/2025\/02\/FOTO-WEB-PACK-HAIKUS.png?fit=960%2C1200&ssl=1&resize=525%2C300 1.5x, https:\/\/i0.wp.com\/libreriaguadalupe.com.ar\/libreria\/wp-content\/uploads\/2025\/02\/FOTO-WEB-PACK-HAIKUS.png?fit=960%2C1200&ssl=1&resize=700%2C400 2x"},"classes":[]},{"id":18566,"url":"https:\/\/libreriaguadalupe.com.ar\/libreria\/producto\/rezar-con-los-papas\/","url_meta":{"origin":18605,"position":5},"title":"Rezar con los Papas","author":"Mariano Zuqui","date":"29\/01\/2025","format":false,"excerpt":"Autor: Marco Gallo T\u00edtulo: \u201cRezar con los Papas\u201d ISBN: 978-950-500-942-0 Formato: 15.5 x 22.5 cms Interior: 1\/1 color Papel: Boockcel 80 N\u00ba de P\u00e1ginas: 246. Tapa: Cartulina - Laminado mate. Encuadernaci\u00f3n: Binder","rel":"","context":"Entrada similar","block_context":{"text":"Entrada similar","link":""},"img":{"alt_text":"","src":"https:\/\/i0.wp.com\/libreriaguadalupe.com.ar\/libreria\/wp-content\/uploads\/2025\/01\/LIBRO-TIENDA.png?fit=960%2C1200&ssl=1&resize=350%2C200","width":350,"height":200,"srcset":"https:\/\/i0.wp.com\/libreriaguadalupe.com.ar\/libreria\/wp-content\/uploads\/2025\/01\/LIBRO-TIENDA.png?fit=960%2C1200&ssl=1&resize=350%2C200 1x, https:\/\/i0.wp.com\/libreriaguadalupe.com.ar\/libreria\/wp-content\/uploads\/2025\/01\/LIBRO-TIENDA.png?fit=960%2C1200&ssl=1&resize=525%2C300 1.5x, https:\/\/i0.wp.com\/libreriaguadalupe.com.ar\/libreria\/wp-content\/uploads\/2025\/01\/LIBRO-TIENDA.png?fit=960%2C1200&ssl=1&resize=700%2C400 2x"},"classes":[]}],"_links":{"self":[{"href":"https:\/\/libreriaguadalupe.com.ar\/libreria\/wp-json\/wp\/v2\/product\/18605","targetHints":{"allow":["GET"]}}],"collection":[{"href":"https:\/\/libreriaguadalupe.com.ar\/libreria\/wp-json\/wp\/v2\/product"}],"about":[{"href":"https:\/\/libreriaguadalupe.com.ar\/libreria\/wp-json\/wp\/v2\/types\/product"}],"replies":[{"embeddable":true,"href":"https:\/\/libreriaguadalupe.com.ar\/libreria\/wp-json\/wp\/v2\/comments?post=18605"}],"version-history":[{"count":2,"href":"https:\/\/libreriaguadalupe.com.ar\/libreria\/wp-json\/wp\/v2\/product\/18605\/revisions"}],"predecessor-version":[{"id":18613,"href":"https:\/\/libreriaguadalupe.com.ar\/libreria\/wp-json\/wp\/v2\/product\/18605\/revisions\/18613"}],"wp:featuredmedia":[{"embeddable":true,"href":"https:\/\/libreriaguadalupe.com.ar\/libreria\/wp-json\/wp\/v2\/media\/18608"}],"wp:attachment":[{"href":"https:\/\/libreriaguadalupe.com.ar\/libreria\/wp-json\/wp\/v2\/media?parent=18605"}],"wp:term":[{"taxonomy":"product_brand","embeddable":true,"href":"https:\/\/libreriaguadalupe.com.ar\/libreria\/wp-json\/wp\/v2\/product_brand?post=18605"},{"taxonomy":"product_cat","embeddable":true,"href":"https:\/\/libreriaguadalupe.com.ar\/libreria\/wp-json\/wp\/v2\/product_cat?post=18605"},{"taxonomy":"product_tag","embeddable":true,"href":"https:\/\/libreriaguadalupe.com.ar\/libreria\/wp-json\/wp\/v2\/product_tag?post=18605"}],"curies":[{"name":"wp","href":"https:\/\/api.w.org\/{rel}","templated":true}]}}