{"id":18508,"date":"2024-12-20T00:38:23","date_gmt":"2024-12-20T03:38:23","guid":{"rendered":"https:\/\/libreriaguadalupe.com.ar\/libreria\/?post_type=product&#038;p=18508"},"modified":"2025-07-16T15:52:51","modified_gmt":"2025-07-16T18:52:51","slug":"deseo-y-fortuna","status":"publish","type":"product","link":"https:\/\/libreriaguadalupe.com.ar\/libreria\/producto\/deseo-y-fortuna\/","title":{"rendered":"Deseo y Fortuna"},"content":{"rendered":"<p>Nos zambullimos en la gestaci\u00f3n de la Edad Media, la \u201cantig\u00fcedad tard\u00eda\u201d en la que solo se percibe el temblor de la tierra y el desplome incomprensible de un edificio cultural que parec\u00eda eterno. La amalgama de la tradici\u00f3n griega -con su potencial reflexivo, la novedad de sus realizaciones pol\u00edticas y el ingenio de sus pensadores y cient\u00edficos- y el sentido pragm\u00e1tico y concreto del pensamiento romano produjo una matriz que, efectivamente, fue invulnerable al derrumbe. Hubo mil a\u00f1os de sue\u00f1o, no de muerte, hasta que hacia fines del siglo XIV Europa comenz\u00f3 a despertar con un nuevo y vivo inter\u00e9s por aquella tradici\u00f3n.<\/p>\n<p>Los personajes centrales y los actos que se les atribuyen son conocidos, sin perjuicio de las pol\u00e9micas o interrogantes que subsisten; los personajes menores suelen actuar como soportes ficticios para hilar una trama coherente. Por lo dem\u00e1s, esta narraci\u00f3n no pretende plantear hip\u00f3tesis acerca de c\u00f3mo sucedieron los hechos sino cabalgar con la imaginaci\u00f3n sobre los datos que poseemos.<\/p>\n<p>El eje hist\u00f3rico del relato que aqu\u00ed se propone se ubica entre los siglos V y VI, cuando tiene lugar la deposici\u00f3n del \u00faltimo emperador occidental, R\u00f3mulo Aug\u00fastulo, por el caudillo h\u00e9rulo Odoacro, y el territorio se fragmenta en reinos independientes.<\/p>\n<p>La figura del rey Teodorico, ostrogodo del linaje de los \u00e1malos, ha dado origen a una vasta literatura, pero nos queda sin embargo la impresi\u00f3n de que a\u00fan no hay un juicio que destaque adecuadamente la imaginaci\u00f3n creativa de este rey germ\u00e1nico nacido en una regi\u00f3n de fuerte impronta romana (Panonia) y educado durante diez a\u00f1os de su infancia y adolescencia en Constantinopla. Era un guerrero h\u00e1bil y un diplom\u00e1tico sagaz, pero su obra de gobierno deja ver adem\u00e1s una destacable sensibilidad para apreciar los valores greco-latinos.<\/p>\n<p>La narraci\u00f3n que contienen estas p\u00e1ginas se aproxima a un complejo panorama cuyos ribetes tr\u00e1gicos son notables. El cruce contradictorio de aspiraciones y realidad da cuenta tanto del infortunio como de la desmesura en unos tiempos de ca\u00f3tica gestaci\u00f3n.<\/p>\n<p>Nos queda la invitaci\u00f3n que siempre est\u00e1 planteada en la historia cuando la leemos con un inter\u00e9s superior a la curiosidad por los hechos. En la historia hay caminos insinuados, frustrados y pendientes. El fracaso de ayer no tiene por qu\u00e9 negarse a la promesa del futuro.<\/p>\n","protected":false},"excerpt":{"rendered":"<p><img decoding=\"async\" src=\"https:\/\/libreriaguadalupe.com.ar\/libreria\/wp-content\/uploads\/2023\/03\/nuevo.png\" alt=\"\" width=\"200\" height=\"125\" \/><\/p>\n<p>Autor: Oscar Correa<br \/>\nT\u00edtulo: \u201cDeseo y Fortuna\u201d<br \/>\nISBN: 978-950-500-942-8<br \/>\nFormato: 15.5 x 22.5 cms<br \/>\nInterior: 1\/1 color<br \/>\nPapel: Boockcel 80<br \/>\nN\u00ba de P\u00e1ginas: 208<br \/>\nTapa: Cartulina &#8211; Laminado mate.<br \/>\nEncuadernaci\u00f3n: Binder<\/p>\n","protected":false},"featured_media":18984,"comment_status":"open","ping_status":"closed","template":"","meta":{"jetpack_publicize_message":"","jetpack_publicize_feature_enabled":true,"jetpack_social_post_already_shared":true,"jetpack_social_options":{"image_generator_settings":{"template":"highway","default_image_id":0,"font":"","enabled":false},"version":2}},"product_brand":[],"product_cat":[125,143,88,121],"product_tag":[127],"class_list":{"0":"post-18508","1":"product","2":"type-product","3":"status-publish","4":"has-post-thumbnail","6":"product_cat-novedades","7":"product_cat-especial-navidad","8":"product_cat-espiritualidad-cultura-social","9":"product_cat-guadalupe","10":"product_tag-editorial-guadalupe-de-argentina","12":"first","13":"instock","14":"shipping-taxable","15":"purchasable","16":"product-type-simple"},"yoast_head":"<!-- This site is optimized with the Yoast SEO plugin v27.4 - https:\/\/yoast.com\/product\/yoast-seo-wordpress\/ -->\n<title>Deseo y Fortuna - Editorial Guadalupe de Argentina<\/title>\n<meta name=\"description\" content=\"La narraci\u00f3n que contienen estas p\u00e1ginas se aproxima a un complejo panorama cuyos ribetes tr\u00e1gicos son notables. El cruce contradictorio de aspiraciones y realidad da cuenta tanto del infortunio como de la desmesura en unos tiempos de ca\u00f3tica gestaci\u00f3n.\" \/>\n<meta name=\"robots\" content=\"index, follow, max-snippet:-1, max-image-preview:large, max-video-preview:-1\" \/>\n<link rel=\"canonical\" href=\"https:\/\/libreriaguadalupe.com.ar\/libreria\/producto\/deseo-y-fortuna\/\" \/>\n<meta property=\"og:locale\" content=\"es_ES\" \/>\n<meta property=\"og:type\" content=\"article\" \/>\n<meta property=\"og:title\" content=\"Deseo y Fortuna - Editorial Guadalupe de Argentina\" \/>\n<meta property=\"og:description\" content=\"La narraci\u00f3n que contienen estas p\u00e1ginas se aproxima a un complejo panorama cuyos ribetes tr\u00e1gicos son notables. El cruce contradictorio de aspiraciones y realidad da cuenta tanto del infortunio como de la desmesura en unos tiempos de ca\u00f3tica gestaci\u00f3n.\" \/>\n<meta property=\"og:url\" content=\"https:\/\/libreriaguadalupe.com.ar\/libreria\/producto\/deseo-y-fortuna\/\" \/>\n<meta property=\"og:site_name\" content=\"Editorial Guadalupe de Argentina\" \/>\n<meta property=\"article:publisher\" content=\"https:\/\/www.facebook.com\/LibreriaGuadalupeAR\/\" \/>\n<meta property=\"article:modified_time\" content=\"2025-07-16T18:52:51+00:00\" \/>\n<meta property=\"og:image\" content=\"https:\/\/libreriaguadalupe.com.ar\/libreria\/wp-content\/uploads\/2024\/12\/MC-DESEO-Y-FORTUNA-4.png\" \/>\n\t<meta property=\"og:image:width\" content=\"1080\" \/>\n\t<meta property=\"og:image:height\" content=\"1080\" \/>\n\t<meta property=\"og:image:type\" content=\"image\/png\" \/>\n<meta name=\"twitter:card\" content=\"summary_large_image\" \/>\n<meta name=\"twitter:label1\" content=\"Tiempo de lectura\" \/>\n\t<meta name=\"twitter:data1\" content=\"2 minutos\" \/>\n<script type=\"application\/ld+json\" class=\"yoast-schema-graph\">{\"@context\":\"https:\\\/\\\/schema.org\",\"@graph\":[{\"@type\":\"WebPage\",\"@id\":\"https:\\\/\\\/libreriaguadalupe.com.ar\\\/libreria\\\/producto\\\/deseo-y-fortuna\\\/\",\"url\":\"https:\\\/\\\/libreriaguadalupe.com.ar\\\/libreria\\\/producto\\\/deseo-y-fortuna\\\/\",\"name\":\"Deseo y Fortuna - Editorial Guadalupe de Argentina\",\"isPartOf\":{\"@id\":\"https:\\\/\\\/libreriaguadalupe.com.ar\\\/libreria\\\/#website\"},\"primaryImageOfPage\":{\"@id\":\"https:\\\/\\\/libreriaguadalupe.com.ar\\\/libreria\\\/producto\\\/deseo-y-fortuna\\\/#primaryimage\"},\"image\":{\"@id\":\"https:\\\/\\\/libreriaguadalupe.com.ar\\\/libreria\\\/producto\\\/deseo-y-fortuna\\\/#primaryimage\"},\"thumbnailUrl\":\"https:\\\/\\\/i0.wp.com\\\/libreriaguadalupe.com.ar\\\/libreria\\\/wp-content\\\/uploads\\\/2024\\\/12\\\/MC-DESEO-Y-FORTUNA-4.png?fit=1080%2C1080&ssl=1\",\"datePublished\":\"2024-12-20T03:38:23+00:00\",\"dateModified\":\"2025-07-16T18:52:51+00:00\",\"description\":\"La narraci\u00f3n que contienen estas p\u00e1ginas se aproxima a un complejo panorama cuyos ribetes tr\u00e1gicos son notables. El cruce contradictorio de aspiraciones y realidad da cuenta tanto del infortunio como de la desmesura en unos tiempos de ca\u00f3tica gestaci\u00f3n.\",\"breadcrumb\":{\"@id\":\"https:\\\/\\\/libreriaguadalupe.com.ar\\\/libreria\\\/producto\\\/deseo-y-fortuna\\\/#breadcrumb\"},\"inLanguage\":\"es\",\"potentialAction\":[{\"@type\":\"ReadAction\",\"target\":[\"https:\\\/\\\/libreriaguadalupe.com.ar\\\/libreria\\\/producto\\\/deseo-y-fortuna\\\/\"]}]},{\"@type\":\"ImageObject\",\"inLanguage\":\"es\",\"@id\":\"https:\\\/\\\/libreriaguadalupe.com.ar\\\/libreria\\\/producto\\\/deseo-y-fortuna\\\/#primaryimage\",\"url\":\"https:\\\/\\\/i0.wp.com\\\/libreriaguadalupe.com.ar\\\/libreria\\\/wp-content\\\/uploads\\\/2024\\\/12\\\/MC-DESEO-Y-FORTUNA-4.png?fit=1080%2C1080&ssl=1\",\"contentUrl\":\"https:\\\/\\\/i0.wp.com\\\/libreriaguadalupe.com.ar\\\/libreria\\\/wp-content\\\/uploads\\\/2024\\\/12\\\/MC-DESEO-Y-FORTUNA-4.png?fit=1080%2C1080&ssl=1\",\"width\":1080,\"height\":1080},{\"@type\":\"BreadcrumbList\",\"@id\":\"https:\\\/\\\/libreriaguadalupe.com.ar\\\/libreria\\\/producto\\\/deseo-y-fortuna\\\/#breadcrumb\",\"itemListElement\":[{\"@type\":\"ListItem\",\"position\":1,\"name\":\"Portada\",\"item\":\"https:\\\/\\\/libreriaguadalupe.com.ar\\\/libreria\\\/\"},{\"@type\":\"ListItem\",\"position\":2,\"name\":\"Tienda\",\"item\":\"https:\\\/\\\/libreriaguadalupe.com.ar\\\/libreria\\\/\"},{\"@type\":\"ListItem\",\"position\":3,\"name\":\"Deseo y Fortuna\"}]},{\"@type\":\"WebSite\",\"@id\":\"https:\\\/\\\/libreriaguadalupe.com.ar\\\/libreria\\\/#website\",\"url\":\"https:\\\/\\\/libreriaguadalupe.com.ar\\\/libreria\\\/\",\"name\":\"Editorial Guadalupe de Argentina\",\"description\":\"Congregaci\u00f3n del Verbo Divino\",\"publisher\":{\"@id\":\"https:\\\/\\\/libreriaguadalupe.com.ar\\\/libreria\\\/#organization\"},\"alternateName\":\"Librer\u00eda Guadalupe\",\"potentialAction\":[{\"@type\":\"SearchAction\",\"target\":{\"@type\":\"EntryPoint\",\"urlTemplate\":\"https:\\\/\\\/libreriaguadalupe.com.ar\\\/libreria\\\/?s={search_term_string}\"},\"query-input\":{\"@type\":\"PropertyValueSpecification\",\"valueRequired\":true,\"valueName\":\"search_term_string\"}}],\"inLanguage\":\"es\"},{\"@type\":\"Organization\",\"@id\":\"https:\\\/\\\/libreriaguadalupe.com.ar\\\/libreria\\\/#organization\",\"name\":\"Editorial Guadalupe\",\"alternateName\":\"Librer\u00eda Guadalupe\",\"url\":\"https:\\\/\\\/libreriaguadalupe.com.ar\\\/libreria\\\/\",\"logo\":{\"@type\":\"ImageObject\",\"inLanguage\":\"es\",\"@id\":\"https:\\\/\\\/libreriaguadalupe.com.ar\\\/libreria\\\/#\\\/schema\\\/logo\\\/image\\\/\",\"url\":\"https:\\\/\\\/i0.wp.com\\\/libreriaguadalupe.com.ar\\\/libreria\\\/wp-content\\\/uploads\\\/2023\\\/01\\\/cropped-logo-editorial-guadalupe.webp?fit=500%2C100&ssl=1\",\"contentUrl\":\"https:\\\/\\\/i0.wp.com\\\/libreriaguadalupe.com.ar\\\/libreria\\\/wp-content\\\/uploads\\\/2023\\\/01\\\/cropped-logo-editorial-guadalupe.webp?fit=500%2C100&ssl=1\",\"width\":500,\"height\":100,\"caption\":\"Editorial Guadalupe\"},\"image\":{\"@id\":\"https:\\\/\\\/libreriaguadalupe.com.ar\\\/libreria\\\/#\\\/schema\\\/logo\\\/image\\\/\"},\"sameAs\":[\"https:\\\/\\\/www.facebook.com\\\/LibreriaGuadalupeAR\\\/\",\"https:\\\/\\\/www.instagram.com\\\/editorialguadalupe\\\/\",\"https:\\\/\\\/guadalupeeditorial.mercadoshops.com.ar\\\/\"]}]}<\/script>\n<!-- \/ Yoast SEO plugin. -->","yoast_head_json":{"title":"Deseo y Fortuna - Editorial Guadalupe de Argentina","description":"La narraci\u00f3n que contienen estas p\u00e1ginas se aproxima a un complejo panorama cuyos ribetes tr\u00e1gicos son notables. El cruce contradictorio de aspiraciones y realidad da cuenta tanto del infortunio como de la desmesura en unos tiempos de ca\u00f3tica gestaci\u00f3n.","robots":{"index":"index","follow":"follow","max-snippet":"max-snippet:-1","max-image-preview":"max-image-preview:large","max-video-preview":"max-video-preview:-1"},"canonical":"https:\/\/libreriaguadalupe.com.ar\/libreria\/producto\/deseo-y-fortuna\/","og_locale":"es_ES","og_type":"article","og_title":"Deseo y Fortuna - Editorial Guadalupe de Argentina","og_description":"La narraci\u00f3n que contienen estas p\u00e1ginas se aproxima a un complejo panorama cuyos ribetes tr\u00e1gicos son notables. El cruce contradictorio de aspiraciones y realidad da cuenta tanto del infortunio como de la desmesura en unos tiempos de ca\u00f3tica gestaci\u00f3n.","og_url":"https:\/\/libreriaguadalupe.com.ar\/libreria\/producto\/deseo-y-fortuna\/","og_site_name":"Editorial Guadalupe de Argentina","article_publisher":"https:\/\/www.facebook.com\/LibreriaGuadalupeAR\/","article_modified_time":"2025-07-16T18:52:51+00:00","og_image":[{"width":1080,"height":1080,"url":"https:\/\/libreriaguadalupe.com.ar\/libreria\/wp-content\/uploads\/2024\/12\/MC-DESEO-Y-FORTUNA-4.png","type":"image\/png"}],"twitter_card":"summary_large_image","twitter_misc":{"Tiempo de lectura":"2 minutos"},"schema":{"@context":"https:\/\/schema.org","@graph":[{"@type":"WebPage","@id":"https:\/\/libreriaguadalupe.com.ar\/libreria\/producto\/deseo-y-fortuna\/","url":"https:\/\/libreriaguadalupe.com.ar\/libreria\/producto\/deseo-y-fortuna\/","name":"Deseo y Fortuna - Editorial Guadalupe de Argentina","isPartOf":{"@id":"https:\/\/libreriaguadalupe.com.ar\/libreria\/#website"},"primaryImageOfPage":{"@id":"https:\/\/libreriaguadalupe.com.ar\/libreria\/producto\/deseo-y-fortuna\/#primaryimage"},"image":{"@id":"https:\/\/libreriaguadalupe.com.ar\/libreria\/producto\/deseo-y-fortuna\/#primaryimage"},"thumbnailUrl":"https:\/\/i0.wp.com\/libreriaguadalupe.com.ar\/libreria\/wp-content\/uploads\/2024\/12\/MC-DESEO-Y-FORTUNA-4.png?fit=1080%2C1080&ssl=1","datePublished":"2024-12-20T03:38:23+00:00","dateModified":"2025-07-16T18:52:51+00:00","description":"La narraci\u00f3n que contienen estas p\u00e1ginas se aproxima a un complejo panorama cuyos ribetes tr\u00e1gicos son notables. El cruce contradictorio de aspiraciones y realidad da cuenta tanto del infortunio como de la desmesura en unos tiempos de ca\u00f3tica gestaci\u00f3n.","breadcrumb":{"@id":"https:\/\/libreriaguadalupe.com.ar\/libreria\/producto\/deseo-y-fortuna\/#breadcrumb"},"inLanguage":"es","potentialAction":[{"@type":"ReadAction","target":["https:\/\/libreriaguadalupe.com.ar\/libreria\/producto\/deseo-y-fortuna\/"]}]},{"@type":"ImageObject","inLanguage":"es","@id":"https:\/\/libreriaguadalupe.com.ar\/libreria\/producto\/deseo-y-fortuna\/#primaryimage","url":"https:\/\/i0.wp.com\/libreriaguadalupe.com.ar\/libreria\/wp-content\/uploads\/2024\/12\/MC-DESEO-Y-FORTUNA-4.png?fit=1080%2C1080&ssl=1","contentUrl":"https:\/\/i0.wp.com\/libreriaguadalupe.com.ar\/libreria\/wp-content\/uploads\/2024\/12\/MC-DESEO-Y-FORTUNA-4.png?fit=1080%2C1080&ssl=1","width":1080,"height":1080},{"@type":"BreadcrumbList","@id":"https:\/\/libreriaguadalupe.com.ar\/libreria\/producto\/deseo-y-fortuna\/#breadcrumb","itemListElement":[{"@type":"ListItem","position":1,"name":"Portada","item":"https:\/\/libreriaguadalupe.com.ar\/libreria\/"},{"@type":"ListItem","position":2,"name":"Tienda","item":"https:\/\/libreriaguadalupe.com.ar\/libreria\/"},{"@type":"ListItem","position":3,"name":"Deseo y Fortuna"}]},{"@type":"WebSite","@id":"https:\/\/libreriaguadalupe.com.ar\/libreria\/#website","url":"https:\/\/libreriaguadalupe.com.ar\/libreria\/","name":"Editorial Guadalupe de Argentina","description":"Congregaci\u00f3n del Verbo Divino","publisher":{"@id":"https:\/\/libreriaguadalupe.com.ar\/libreria\/#organization"},"alternateName":"Librer\u00eda Guadalupe","potentialAction":[{"@type":"SearchAction","target":{"@type":"EntryPoint","urlTemplate":"https:\/\/libreriaguadalupe.com.ar\/libreria\/?s={search_term_string}"},"query-input":{"@type":"PropertyValueSpecification","valueRequired":true,"valueName":"search_term_string"}}],"inLanguage":"es"},{"@type":"Organization","@id":"https:\/\/libreriaguadalupe.com.ar\/libreria\/#organization","name":"Editorial Guadalupe","alternateName":"Librer\u00eda Guadalupe","url":"https:\/\/libreriaguadalupe.com.ar\/libreria\/","logo":{"@type":"ImageObject","inLanguage":"es","@id":"https:\/\/libreriaguadalupe.com.ar\/libreria\/#\/schema\/logo\/image\/","url":"https:\/\/i0.wp.com\/libreriaguadalupe.com.ar\/libreria\/wp-content\/uploads\/2023\/01\/cropped-logo-editorial-guadalupe.webp?fit=500%2C100&ssl=1","contentUrl":"https:\/\/i0.wp.com\/libreriaguadalupe.com.ar\/libreria\/wp-content\/uploads\/2023\/01\/cropped-logo-editorial-guadalupe.webp?fit=500%2C100&ssl=1","width":500,"height":100,"caption":"Editorial Guadalupe"},"image":{"@id":"https:\/\/libreriaguadalupe.com.ar\/libreria\/#\/schema\/logo\/image\/"},"sameAs":["https:\/\/www.facebook.com\/LibreriaGuadalupeAR\/","https:\/\/www.instagram.com\/editorialguadalupe\/","https:\/\/guadalupeeditorial.mercadoshops.com.ar\/"]}]}},"jetpack_publicize_connections":[],"jetpack_sharing_enabled":true,"jetpack-related-posts":[{"id":16848,"url":"https:\/\/libreriaguadalupe.com.ar\/libreria\/producto\/al-encuentro-de-dios-en-la-escritura\/","url_meta":{"origin":18508,"position":0},"title":"Al encuentro de Dios en la Escritura","author":"admin","date":"22\/03\/2023","format":false,"excerpt":"Estudios de teolog\u00eda b\u00edblica Autor: F\u00e9lix Garc\u00eda L\u00f3pez ISBN: 9505008858 Dimensiones: 16 x 24 cm P\u00e1ginas: 256","rel":"","context":"Entrada similar","block_context":{"text":"Entrada similar","link":""},"img":{"alt_text":"","src":"https:\/\/i0.wp.com\/libreriaguadalupe.com.ar\/libreria\/wp-content\/uploads\/2023\/03\/Al-encuentro-de-Dios-en-la-Escritura.jpg?fit=380%2C586&ssl=1&resize=350%2C200","width":350,"height":200},"classes":[]},{"id":16650,"url":"https:\/\/libreriaguadalupe.com.ar\/libreria\/producto\/la-biblia-catolica-para-la-fe-y-la-vida-cierre\/","url_meta":{"origin":18508,"position":1},"title":"La Biblia Cat\u00f3lica para la Fe y la Vida (cierre)","author":"admin","date":"14\/03\/2023","format":false,"excerpt":"[edici\u00f3n dos tintas \/ s\u00edmil piel con cremallera] Colecci\u00f3n La Biblia Cat\u00f3lica para la Fe y la Vida ISBN: 978-84-9073-421-6 Dimensiones: 24 x 15 cm P\u00e1ginas: 1920 Encuadernaci\u00f3n:\u00a0Cosida, tapa s\u00edmil piel impresa a 4 colores, con cabezadas, cinta registro, 42 u\u00f1eros, con cierre \u00a0 \u00a0","rel":"","context":"Entrada similar","block_context":{"text":"Entrada similar","link":""},"img":{"alt_text":"","src":"https:\/\/i0.wp.com\/libreriaguadalupe.com.ar\/libreria\/wp-content\/uploads\/2023\/03\/La-Biblia-Catolica-para-la-Fe-y-la-Vida-unero4.jpeg?fit=380%2C586&ssl=1&resize=350%2C200","width":350,"height":200},"classes":[]},{"id":16646,"url":"https:\/\/libreriaguadalupe.com.ar\/libreria\/producto\/la-biblia-catolica-para-la-fe-y-la-vida-tapa-dura\/","url_meta":{"origin":18508,"position":2},"title":"La Biblia Cat\u00f3lica para la Fe y la Vida tapa RUSTICA edici\u00f3n una tinta","author":"admin","date":"14\/03\/2023","format":false,"excerpt":"[edici\u00f3n dos tintas \/ carton\u00e9] Colecci\u00f3n La Biblia Cat\u00f3lica para la Fe y la Vida ISBN: 978-84-9073-420-9 Dimensiones: 24 x 15 cm P\u00e1ginas: 1920 Encuadernaci\u00f3n: tapa dura, cosida, tapa plastificada gofrada mate, con cinta registro, 42 u\u00f1eros \u00a0","rel":"","context":"Entrada similar","block_context":{"text":"Entrada similar","link":""},"img":{"alt_text":"","src":"https:\/\/i0.wp.com\/libreriaguadalupe.com.ar\/libreria\/wp-content\/uploads\/2023\/03\/La-Biblia-Catolica-para-la-Fe-y-la-Vida-unero1.jpeg?fit=380%2C586&ssl=1&resize=350%2C200","width":350,"height":200},"classes":[]},{"id":12802,"url":"https:\/\/libreriaguadalupe.com.ar\/libreria\/producto\/tradiciones-populares-judias-y-musulmanas\/","url_meta":{"origin":18508,"position":3},"title":"Tradiciones populares judias y musulmanas","author":"admin","date":"18\/01\/2023","format":false,"excerpt":"Ad\u00e1n - Abraham - Mois\u00e9s Autor: Concepci\u00f3n Castillo Castillo, Miguel P\u00e9rez Fern\u00e1ndez ISBN: 8481699845 Dimensiones: 17 x 24 cm P\u00e1ginas: 344","rel":"","context":"Entrada similar","block_context":{"text":"Entrada similar","link":""},"img":{"alt_text":"","src":"https:\/\/i0.wp.com\/libreriaguadalupe.com.ar\/libreria\/wp-content\/uploads\/2023\/01\/Tradiciones-populares-judias-y-musulmanas.jpg?fit=380%2C586&ssl=1&resize=350%2C200","width":350,"height":200},"classes":[]},{"id":15514,"url":"https:\/\/libreriaguadalupe.com.ar\/libreria\/producto\/pentateuco-la-biblia-hebrea-en-perspectiva-latinoamericana-2\/","url_meta":{"origin":18508,"position":4},"title":"Pentateuco &#8211; La Biblia Hebrea en perspectiva latinoamericana","author":"admin","date":"07\/02\/2023","format":false,"excerpt":"Introducci\u00f3n al Antiguo Testamento AUTOR: EVD ISBN 8490730744","rel":"","context":"Entrada similar","block_context":{"text":"Entrada similar","link":""},"img":{"alt_text":"","src":"https:\/\/i0.wp.com\/libreriaguadalupe.com.ar\/libreria\/wp-content\/uploads\/2023\/02\/Pentateuco-La-Biblia-Hebrea-en-perspectiva-latinoamericana.jpg?fit=380%2C586&ssl=1&resize=350%2C200","width":350,"height":200},"classes":[]},{"id":15541,"url":"https:\/\/libreriaguadalupe.com.ar\/libreria\/producto\/anagnorisis-en-la-historia-de-jose-gn-37-50-2\/","url_meta":{"origin":18508,"position":5},"title":"Anagn\u00f3risis en la historia de Jose (GN 37-50)","author":"admin","date":"07\/02\/2023","format":false,"excerpt":"Una aproximaci\u00f3n desde la narratolog\u00eda cognitiva Autor: Pedro Astorga Guerra ISBN: 8490731499 Dimensiones: 16 x 24 cm P\u00e1ginas: 274","rel":"","context":"Entrada similar","block_context":{"text":"Entrada similar","link":""},"img":{"alt_text":"","src":"https:\/\/i0.wp.com\/libreriaguadalupe.com.ar\/libreria\/wp-content\/uploads\/1674\/33\/1240.jpg?fit=227%2C323&ssl=1&resize=350%2C200","width":350,"height":200},"classes":[]}],"_links":{"self":[{"href":"https:\/\/libreriaguadalupe.com.ar\/libreria\/wp-json\/wp\/v2\/product\/18508","targetHints":{"allow":["GET"]}}],"collection":[{"href":"https:\/\/libreriaguadalupe.com.ar\/libreria\/wp-json\/wp\/v2\/product"}],"about":[{"href":"https:\/\/libreriaguadalupe.com.ar\/libreria\/wp-json\/wp\/v2\/types\/product"}],"replies":[{"embeddable":true,"href":"https:\/\/libreriaguadalupe.com.ar\/libreria\/wp-json\/wp\/v2\/comments?post=18508"}],"version-history":[{"count":2,"href":"https:\/\/libreriaguadalupe.com.ar\/libreria\/wp-json\/wp\/v2\/product\/18508\/revisions"}],"predecessor-version":[{"id":18513,"href":"https:\/\/libreriaguadalupe.com.ar\/libreria\/wp-json\/wp\/v2\/product\/18508\/revisions\/18513"}],"wp:featuredmedia":[{"embeddable":true,"href":"https:\/\/libreriaguadalupe.com.ar\/libreria\/wp-json\/wp\/v2\/media\/18984"}],"wp:attachment":[{"href":"https:\/\/libreriaguadalupe.com.ar\/libreria\/wp-json\/wp\/v2\/media?parent=18508"}],"wp:term":[{"taxonomy":"product_brand","embeddable":true,"href":"https:\/\/libreriaguadalupe.com.ar\/libreria\/wp-json\/wp\/v2\/product_brand?post=18508"},{"taxonomy":"product_cat","embeddable":true,"href":"https:\/\/libreriaguadalupe.com.ar\/libreria\/wp-json\/wp\/v2\/product_cat?post=18508"},{"taxonomy":"product_tag","embeddable":true,"href":"https:\/\/libreriaguadalupe.com.ar\/libreria\/wp-json\/wp\/v2\/product_tag?post=18508"}],"curies":[{"name":"wp","href":"https:\/\/api.w.org\/{rel}","templated":true}]}}