{"id":18504,"date":"2024-12-20T00:15:28","date_gmt":"2024-12-20T03:15:28","guid":{"rendered":"https:\/\/libreriaguadalupe.com.ar\/libreria\/?post_type=product&#038;p=18504"},"modified":"2025-06-19T23:47:18","modified_gmt":"2025-06-20T02:47:18","slug":"juanito-y-la-morenita","status":"publish","type":"product","link":"https:\/\/libreriaguadalupe.com.ar\/libreria\/producto\/juanito-y-la-morenita\/","title":{"rendered":"Juanito y la Morenita"},"content":{"rendered":"<p>Nos acercamos a San Juan Diego y a la Virgen de Guadalupe a trav\u00e9s de este relato novelado, para que desde la imaginaci\u00f3n y los sue\u00f1os Juan Diego y Guadalupe caminen junto a nosotros y nosotros junto a ellos. Pensado, escrito y compartido, sobre todo para las infancias entre 6 y 9 a\u00f1os.<\/p>\n","protected":false},"excerpt":{"rendered":"<p>&nbsp;<\/p>\n<p>Autor: Andrea Carla Ciancaglini<br \/>\nISBN: 978-950-500-944-2<br \/>\nFormato: 17 x 11 cms.<br \/>\nInterior: 1\/1 color<br \/>\nPapel: Obra<br \/>\nN\u00ba de P\u00e1ginas: 20<br \/>\nTapa: Cartulina \u2013 Laminado Mate<br \/>\nEncuadernaci\u00f3n: Engrampado<\/p>\n","protected":false},"featured_media":18982,"comment_status":"open","ping_status":"closed","template":"","meta":{"jetpack_publicize_message":"","jetpack_publicize_feature_enabled":true,"jetpack_social_post_already_shared":true,"jetpack_social_options":{"image_generator_settings":{"template":"highway","default_image_id":0,"font":"","enabled":false},"version":2}},"product_brand":[],"product_cat":[125,143,88,121],"product_tag":[127],"class_list":{"0":"post-18504","1":"product","2":"type-product","3":"status-publish","4":"has-post-thumbnail","6":"product_cat-novedades","7":"product_cat-especial-navidad","8":"product_cat-espiritualidad-cultura-social","9":"product_cat-guadalupe","10":"product_tag-editorial-guadalupe-de-argentina","12":"first","13":"instock","14":"shipping-taxable","15":"purchasable","16":"product-type-simple"},"yoast_head":"<!-- This site is optimized with the Yoast SEO plugin v27.4 - https:\/\/yoast.com\/product\/yoast-seo-wordpress\/ -->\n<title>Juanito y la Morenita - Editorial Guadalupe de Argentina<\/title>\n<meta name=\"description\" content=\"&quot;Juanito y la morenita&quot; es un hermoso viaje a trav\u00e9s de los ojos de un ni\u00f1o que descubre la magia de la amistad, la diversidad y el poder de la imaginaci\u00f3n\" \/>\n<meta name=\"robots\" content=\"index, follow, max-snippet:-1, max-image-preview:large, max-video-preview:-1\" \/>\n<link rel=\"canonical\" href=\"https:\/\/libreriaguadalupe.com.ar\/libreria\/producto\/juanito-y-la-morenita\/\" \/>\n<meta property=\"og:locale\" content=\"es_ES\" \/>\n<meta property=\"og:type\" content=\"article\" \/>\n<meta property=\"og:title\" content=\"Juanito y la Morenita - Editorial Guadalupe de Argentina\" \/>\n<meta property=\"og:description\" content=\"&quot;Juanito y la morenita&quot; es un hermoso viaje a trav\u00e9s de los ojos de un ni\u00f1o que descubre la magia de la amistad, la diversidad y el poder de la imaginaci\u00f3n\" \/>\n<meta property=\"og:url\" content=\"https:\/\/libreriaguadalupe.com.ar\/libreria\/producto\/juanito-y-la-morenita\/\" \/>\n<meta property=\"og:site_name\" content=\"Editorial Guadalupe de Argentina\" \/>\n<meta property=\"article:publisher\" content=\"https:\/\/www.facebook.com\/LibreriaGuadalupeAR\/\" \/>\n<meta property=\"article:modified_time\" content=\"2025-06-20T02:47:18+00:00\" \/>\n<meta property=\"og:image\" content=\"https:\/\/libreriaguadalupe.com.ar\/libreria\/wp-content\/uploads\/2024\/12\/MC-JUANITO-Y-LA-MORENITA-2.png\" \/>\n\t<meta property=\"og:image:width\" content=\"1080\" \/>\n\t<meta property=\"og:image:height\" content=\"1080\" \/>\n\t<meta property=\"og:image:type\" content=\"image\/png\" \/>\n<meta name=\"twitter:card\" content=\"summary_large_image\" \/>\n<meta name=\"twitter:label1\" content=\"Tiempo de lectura\" \/>\n\t<meta name=\"twitter:data1\" content=\"1 minuto\" \/>\n<script type=\"application\/ld+json\" class=\"yoast-schema-graph\">{\"@context\":\"https:\\\/\\\/schema.org\",\"@graph\":[{\"@type\":\"WebPage\",\"@id\":\"https:\\\/\\\/libreriaguadalupe.com.ar\\\/libreria\\\/producto\\\/juanito-y-la-morenita\\\/\",\"url\":\"https:\\\/\\\/libreriaguadalupe.com.ar\\\/libreria\\\/producto\\\/juanito-y-la-morenita\\\/\",\"name\":\"Juanito y la Morenita - Editorial Guadalupe de Argentina\",\"isPartOf\":{\"@id\":\"https:\\\/\\\/libreriaguadalupe.com.ar\\\/libreria\\\/#website\"},\"primaryImageOfPage\":{\"@id\":\"https:\\\/\\\/libreriaguadalupe.com.ar\\\/libreria\\\/producto\\\/juanito-y-la-morenita\\\/#primaryimage\"},\"image\":{\"@id\":\"https:\\\/\\\/libreriaguadalupe.com.ar\\\/libreria\\\/producto\\\/juanito-y-la-morenita\\\/#primaryimage\"},\"thumbnailUrl\":\"https:\\\/\\\/i0.wp.com\\\/libreriaguadalupe.com.ar\\\/libreria\\\/wp-content\\\/uploads\\\/2024\\\/12\\\/MC-JUANITO-Y-LA-MORENITA-2.png?fit=1080%2C1080&ssl=1\",\"datePublished\":\"2024-12-20T03:15:28+00:00\",\"dateModified\":\"2025-06-20T02:47:18+00:00\",\"description\":\"\\\"Juanito y la morenita\\\" es un hermoso viaje a trav\u00e9s de los ojos de un ni\u00f1o que descubre la magia de la amistad, la diversidad y el poder de la imaginaci\u00f3n\",\"breadcrumb\":{\"@id\":\"https:\\\/\\\/libreriaguadalupe.com.ar\\\/libreria\\\/producto\\\/juanito-y-la-morenita\\\/#breadcrumb\"},\"inLanguage\":\"es\",\"potentialAction\":[{\"@type\":\"ReadAction\",\"target\":[\"https:\\\/\\\/libreriaguadalupe.com.ar\\\/libreria\\\/producto\\\/juanito-y-la-morenita\\\/\"]}]},{\"@type\":\"ImageObject\",\"inLanguage\":\"es\",\"@id\":\"https:\\\/\\\/libreriaguadalupe.com.ar\\\/libreria\\\/producto\\\/juanito-y-la-morenita\\\/#primaryimage\",\"url\":\"https:\\\/\\\/i0.wp.com\\\/libreriaguadalupe.com.ar\\\/libreria\\\/wp-content\\\/uploads\\\/2024\\\/12\\\/MC-JUANITO-Y-LA-MORENITA-2.png?fit=1080%2C1080&ssl=1\",\"contentUrl\":\"https:\\\/\\\/i0.wp.com\\\/libreriaguadalupe.com.ar\\\/libreria\\\/wp-content\\\/uploads\\\/2024\\\/12\\\/MC-JUANITO-Y-LA-MORENITA-2.png?fit=1080%2C1080&ssl=1\",\"width\":1080,\"height\":1080},{\"@type\":\"BreadcrumbList\",\"@id\":\"https:\\\/\\\/libreriaguadalupe.com.ar\\\/libreria\\\/producto\\\/juanito-y-la-morenita\\\/#breadcrumb\",\"itemListElement\":[{\"@type\":\"ListItem\",\"position\":1,\"name\":\"Portada\",\"item\":\"https:\\\/\\\/libreriaguadalupe.com.ar\\\/libreria\\\/\"},{\"@type\":\"ListItem\",\"position\":2,\"name\":\"Tienda\",\"item\":\"https:\\\/\\\/libreriaguadalupe.com.ar\\\/libreria\\\/\"},{\"@type\":\"ListItem\",\"position\":3,\"name\":\"Juanito y la Morenita\"}]},{\"@type\":\"WebSite\",\"@id\":\"https:\\\/\\\/libreriaguadalupe.com.ar\\\/libreria\\\/#website\",\"url\":\"https:\\\/\\\/libreriaguadalupe.com.ar\\\/libreria\\\/\",\"name\":\"Editorial Guadalupe de Argentina\",\"description\":\"Congregaci\u00f3n del Verbo Divino\",\"publisher\":{\"@id\":\"https:\\\/\\\/libreriaguadalupe.com.ar\\\/libreria\\\/#organization\"},\"alternateName\":\"Librer\u00eda Guadalupe\",\"potentialAction\":[{\"@type\":\"SearchAction\",\"target\":{\"@type\":\"EntryPoint\",\"urlTemplate\":\"https:\\\/\\\/libreriaguadalupe.com.ar\\\/libreria\\\/?s={search_term_string}\"},\"query-input\":{\"@type\":\"PropertyValueSpecification\",\"valueRequired\":true,\"valueName\":\"search_term_string\"}}],\"inLanguage\":\"es\"},{\"@type\":\"Organization\",\"@id\":\"https:\\\/\\\/libreriaguadalupe.com.ar\\\/libreria\\\/#organization\",\"name\":\"Editorial Guadalupe\",\"alternateName\":\"Librer\u00eda Guadalupe\",\"url\":\"https:\\\/\\\/libreriaguadalupe.com.ar\\\/libreria\\\/\",\"logo\":{\"@type\":\"ImageObject\",\"inLanguage\":\"es\",\"@id\":\"https:\\\/\\\/libreriaguadalupe.com.ar\\\/libreria\\\/#\\\/schema\\\/logo\\\/image\\\/\",\"url\":\"https:\\\/\\\/i0.wp.com\\\/libreriaguadalupe.com.ar\\\/libreria\\\/wp-content\\\/uploads\\\/2023\\\/01\\\/cropped-logo-editorial-guadalupe.webp?fit=500%2C100&ssl=1\",\"contentUrl\":\"https:\\\/\\\/i0.wp.com\\\/libreriaguadalupe.com.ar\\\/libreria\\\/wp-content\\\/uploads\\\/2023\\\/01\\\/cropped-logo-editorial-guadalupe.webp?fit=500%2C100&ssl=1\",\"width\":500,\"height\":100,\"caption\":\"Editorial Guadalupe\"},\"image\":{\"@id\":\"https:\\\/\\\/libreriaguadalupe.com.ar\\\/libreria\\\/#\\\/schema\\\/logo\\\/image\\\/\"},\"sameAs\":[\"https:\\\/\\\/www.facebook.com\\\/LibreriaGuadalupeAR\\\/\",\"https:\\\/\\\/www.instagram.com\\\/editorialguadalupe\\\/\",\"https:\\\/\\\/guadalupeeditorial.mercadoshops.com.ar\\\/\"]}]}<\/script>\n<!-- \/ Yoast SEO plugin. -->","yoast_head_json":{"title":"Juanito y la Morenita - Editorial Guadalupe de Argentina","description":"\"Juanito y la morenita\" es un hermoso viaje a trav\u00e9s de los ojos de un ni\u00f1o que descubre la magia de la amistad, la diversidad y el poder de la imaginaci\u00f3n","robots":{"index":"index","follow":"follow","max-snippet":"max-snippet:-1","max-image-preview":"max-image-preview:large","max-video-preview":"max-video-preview:-1"},"canonical":"https:\/\/libreriaguadalupe.com.ar\/libreria\/producto\/juanito-y-la-morenita\/","og_locale":"es_ES","og_type":"article","og_title":"Juanito y la Morenita - Editorial Guadalupe de Argentina","og_description":"\"Juanito y la morenita\" es un hermoso viaje a trav\u00e9s de los ojos de un ni\u00f1o que descubre la magia de la amistad, la diversidad y el poder de la imaginaci\u00f3n","og_url":"https:\/\/libreriaguadalupe.com.ar\/libreria\/producto\/juanito-y-la-morenita\/","og_site_name":"Editorial Guadalupe de Argentina","article_publisher":"https:\/\/www.facebook.com\/LibreriaGuadalupeAR\/","article_modified_time":"2025-06-20T02:47:18+00:00","og_image":[{"width":1080,"height":1080,"url":"https:\/\/libreriaguadalupe.com.ar\/libreria\/wp-content\/uploads\/2024\/12\/MC-JUANITO-Y-LA-MORENITA-2.png","type":"image\/png"}],"twitter_card":"summary_large_image","twitter_misc":{"Tiempo de lectura":"1 minuto"},"schema":{"@context":"https:\/\/schema.org","@graph":[{"@type":"WebPage","@id":"https:\/\/libreriaguadalupe.com.ar\/libreria\/producto\/juanito-y-la-morenita\/","url":"https:\/\/libreriaguadalupe.com.ar\/libreria\/producto\/juanito-y-la-morenita\/","name":"Juanito y la Morenita - Editorial Guadalupe de Argentina","isPartOf":{"@id":"https:\/\/libreriaguadalupe.com.ar\/libreria\/#website"},"primaryImageOfPage":{"@id":"https:\/\/libreriaguadalupe.com.ar\/libreria\/producto\/juanito-y-la-morenita\/#primaryimage"},"image":{"@id":"https:\/\/libreriaguadalupe.com.ar\/libreria\/producto\/juanito-y-la-morenita\/#primaryimage"},"thumbnailUrl":"https:\/\/i0.wp.com\/libreriaguadalupe.com.ar\/libreria\/wp-content\/uploads\/2024\/12\/MC-JUANITO-Y-LA-MORENITA-2.png?fit=1080%2C1080&ssl=1","datePublished":"2024-12-20T03:15:28+00:00","dateModified":"2025-06-20T02:47:18+00:00","description":"\"Juanito y la morenita\" es un hermoso viaje a trav\u00e9s de los ojos de un ni\u00f1o que descubre la magia de la amistad, la diversidad y el poder de la imaginaci\u00f3n","breadcrumb":{"@id":"https:\/\/libreriaguadalupe.com.ar\/libreria\/producto\/juanito-y-la-morenita\/#breadcrumb"},"inLanguage":"es","potentialAction":[{"@type":"ReadAction","target":["https:\/\/libreriaguadalupe.com.ar\/libreria\/producto\/juanito-y-la-morenita\/"]}]},{"@type":"ImageObject","inLanguage":"es","@id":"https:\/\/libreriaguadalupe.com.ar\/libreria\/producto\/juanito-y-la-morenita\/#primaryimage","url":"https:\/\/i0.wp.com\/libreriaguadalupe.com.ar\/libreria\/wp-content\/uploads\/2024\/12\/MC-JUANITO-Y-LA-MORENITA-2.png?fit=1080%2C1080&ssl=1","contentUrl":"https:\/\/i0.wp.com\/libreriaguadalupe.com.ar\/libreria\/wp-content\/uploads\/2024\/12\/MC-JUANITO-Y-LA-MORENITA-2.png?fit=1080%2C1080&ssl=1","width":1080,"height":1080},{"@type":"BreadcrumbList","@id":"https:\/\/libreriaguadalupe.com.ar\/libreria\/producto\/juanito-y-la-morenita\/#breadcrumb","itemListElement":[{"@type":"ListItem","position":1,"name":"Portada","item":"https:\/\/libreriaguadalupe.com.ar\/libreria\/"},{"@type":"ListItem","position":2,"name":"Tienda","item":"https:\/\/libreriaguadalupe.com.ar\/libreria\/"},{"@type":"ListItem","position":3,"name":"Juanito y la Morenita"}]},{"@type":"WebSite","@id":"https:\/\/libreriaguadalupe.com.ar\/libreria\/#website","url":"https:\/\/libreriaguadalupe.com.ar\/libreria\/","name":"Editorial Guadalupe de Argentina","description":"Congregaci\u00f3n del Verbo Divino","publisher":{"@id":"https:\/\/libreriaguadalupe.com.ar\/libreria\/#organization"},"alternateName":"Librer\u00eda Guadalupe","potentialAction":[{"@type":"SearchAction","target":{"@type":"EntryPoint","urlTemplate":"https:\/\/libreriaguadalupe.com.ar\/libreria\/?s={search_term_string}"},"query-input":{"@type":"PropertyValueSpecification","valueRequired":true,"valueName":"search_term_string"}}],"inLanguage":"es"},{"@type":"Organization","@id":"https:\/\/libreriaguadalupe.com.ar\/libreria\/#organization","name":"Editorial Guadalupe","alternateName":"Librer\u00eda Guadalupe","url":"https:\/\/libreriaguadalupe.com.ar\/libreria\/","logo":{"@type":"ImageObject","inLanguage":"es","@id":"https:\/\/libreriaguadalupe.com.ar\/libreria\/#\/schema\/logo\/image\/","url":"https:\/\/i0.wp.com\/libreriaguadalupe.com.ar\/libreria\/wp-content\/uploads\/2023\/01\/cropped-logo-editorial-guadalupe.webp?fit=500%2C100&ssl=1","contentUrl":"https:\/\/i0.wp.com\/libreriaguadalupe.com.ar\/libreria\/wp-content\/uploads\/2023\/01\/cropped-logo-editorial-guadalupe.webp?fit=500%2C100&ssl=1","width":500,"height":100,"caption":"Editorial Guadalupe"},"image":{"@id":"https:\/\/libreriaguadalupe.com.ar\/libreria\/#\/schema\/logo\/image\/"},"sameAs":["https:\/\/www.facebook.com\/LibreriaGuadalupeAR\/","https:\/\/www.instagram.com\/editorialguadalupe\/","https:\/\/guadalupeeditorial.mercadoshops.com.ar\/"]}]}},"jetpack_publicize_connections":[],"jetpack_sharing_enabled":true,"jetpack-related-posts":[{"id":14716,"url":"https:\/\/libreriaguadalupe.com.ar\/libreria\/producto\/san-juan-diego-y-maria-de-guadalupe-2\/","url_meta":{"origin":18504,"position":0},"title":"San Juan Diego y Maria de Guadalupe","author":"admin","date":"07\/02\/2023","format":false,"excerpt":"AUTOR: GONZALEZ EDUARDO ISBN: 9505006861","rel":"","context":"Entrada similar","block_context":{"text":"Entrada similar","link":""},"img":{"alt_text":"","src":"https:\/\/i0.wp.com\/libreriaguadalupe.com.ar\/libreria\/wp-content\/uploads\/2023\/02\/San-Juan-Diego-y-Maria-de-Guadalupe.jpg?fit=375%2C500&ssl=1&resize=350%2C200","width":350,"height":200},"classes":[]},{"id":16001,"url":"https:\/\/libreriaguadalupe.com.ar\/libreria\/producto\/el-mensaje-de-la-virgen-de-guadalupe\/","url_meta":{"origin":18504,"position":1},"title":"El mensaje de la Virgen de Guadalupe","author":"admin","date":"12\/02\/2023","format":false,"excerpt":"El rosario guadalupano 15 miradas a la Virgen de Guadalupe de Mar\u00eda Victoria Rueda AUTOR: EQUIPO EDITORIAL ISBN: 9505006366","rel":"","context":"Entrada similar","block_context":{"text":"Entrada similar","link":""},"img":{"alt_text":"","src":"https:\/\/i0.wp.com\/libreriaguadalupe.com.ar\/libreria\/wp-content\/uploads\/2023\/02\/MENSAJE-DE-GUADALUPE.webp?fit=548%2C800&ssl=1&resize=350%2C200","width":350,"height":200,"srcset":"https:\/\/i0.wp.com\/libreriaguadalupe.com.ar\/libreria\/wp-content\/uploads\/2023\/02\/MENSAJE-DE-GUADALUPE.webp?fit=548%2C800&ssl=1&resize=350%2C200 1x, https:\/\/i0.wp.com\/libreriaguadalupe.com.ar\/libreria\/wp-content\/uploads\/2023\/02\/MENSAJE-DE-GUADALUPE.webp?fit=548%2C800&ssl=1&resize=525%2C300 1.5x"},"classes":[]},{"id":14973,"url":"https:\/\/libreriaguadalupe.com.ar\/libreria\/producto\/santos-juan-pablo-ii-y-juan-xxiii-rezamos-con-ellos-2\/","url_meta":{"origin":18504,"position":2},"title":"Santos Juan Pablo II y Juan XXIII","author":"admin","date":"07\/02\/2023","format":false,"excerpt":"Rezamos con ellos 48 p\u00e1gs. 15 x 22 cm AUTOR: Luis O. Liberti svd ISBN: 9505006939","rel":"","context":"Entrada similar","block_context":{"text":"Entrada similar","link":""},"img":{"alt_text":"","src":"https:\/\/i0.wp.com\/libreriaguadalupe.com.ar\/libreria\/wp-content\/uploads\/2023\/03\/SANTOS-JUAN-PABLO-II-Y-JUAN-XXIII.jpg?fit=500%2C675&ssl=1&resize=350%2C200","width":350,"height":200},"classes":[]},{"id":18974,"url":"https:\/\/libreriaguadalupe.com.ar\/libreria\/producto\/las-nupcias-del-rey-el-cantar-de-los-cantares-el-evangelio-de-juan-y-neurociencia-cognitiva\/","url_meta":{"origin":18504,"position":3},"title":"\u201cLas nupcias del rey\u201d El Cantar de los Cantares, el Evangelio de Juan y neurociencia cognitiva.","author":"Mariano Zuqui","date":"19\/06\/2025","format":false,"excerpt":"Autor: Eugenio Lionetti de Zorzi T\u00edtulo: \"Las Nupcias del Rey\" El Cantar de los Cantares, El Evangelio de Juan y neurociencia cognitiva. ISBN:978-950-500-823-0 Formato: 14.5\u00a0 (ancho) x 22 (alto) cms. Interior: 1\/1 color Papel: Bookcel 80 grs. N\u00ba de P\u00e1ginas: 132 Tapa:4 Colores - Cartulina 140 grs -laminado mate Encuadernaci\u00f3n:\u2026","rel":"","context":"Entrada similar","block_context":{"text":"Entrada similar","link":""},"img":{"alt_text":"","src":"https:\/\/i0.wp.com\/libreriaguadalupe.com.ar\/libreria\/wp-content\/uploads\/2025\/06\/1-5.png?fit=960%2C1200&ssl=1&resize=350%2C200","width":350,"height":200,"srcset":"https:\/\/i0.wp.com\/libreriaguadalupe.com.ar\/libreria\/wp-content\/uploads\/2025\/06\/1-5.png?fit=960%2C1200&ssl=1&resize=350%2C200 1x, https:\/\/i0.wp.com\/libreriaguadalupe.com.ar\/libreria\/wp-content\/uploads\/2025\/06\/1-5.png?fit=960%2C1200&ssl=1&resize=525%2C300 1.5x, https:\/\/i0.wp.com\/libreriaguadalupe.com.ar\/libreria\/wp-content\/uploads\/2025\/06\/1-5.png?fit=960%2C1200&ssl=1&resize=700%2C400 2x"},"classes":[]},{"id":18566,"url":"https:\/\/libreriaguadalupe.com.ar\/libreria\/producto\/rezar-con-los-papas\/","url_meta":{"origin":18504,"position":4},"title":"Rezar con los Papas","author":"Mariano Zuqui","date":"29\/01\/2025","format":false,"excerpt":"Autor: Marco Gallo T\u00edtulo: \u201cRezar con los Papas\u201d ISBN: 978-950-500-942-0 Formato: 15.5 x 22.5 cms Interior: 1\/1 color Papel: Boockcel 80 N\u00ba de P\u00e1ginas: 246. Tapa: Cartulina - Laminado mate. Encuadernaci\u00f3n: Binder","rel":"","context":"Entrada similar","block_context":{"text":"Entrada similar","link":""},"img":{"alt_text":"","src":"https:\/\/i0.wp.com\/libreriaguadalupe.com.ar\/libreria\/wp-content\/uploads\/2025\/01\/LIBRO-TIENDA.png?fit=960%2C1200&ssl=1&resize=350%2C200","width":350,"height":200,"srcset":"https:\/\/i0.wp.com\/libreriaguadalupe.com.ar\/libreria\/wp-content\/uploads\/2025\/01\/LIBRO-TIENDA.png?fit=960%2C1200&ssl=1&resize=350%2C200 1x, https:\/\/i0.wp.com\/libreriaguadalupe.com.ar\/libreria\/wp-content\/uploads\/2025\/01\/LIBRO-TIENDA.png?fit=960%2C1200&ssl=1&resize=525%2C300 1.5x, https:\/\/i0.wp.com\/libreriaguadalupe.com.ar\/libreria\/wp-content\/uploads\/2025\/01\/LIBRO-TIENDA.png?fit=960%2C1200&ssl=1&resize=700%2C400 2x"},"classes":[]},{"id":17954,"url":"https:\/\/libreriaguadalupe.com.ar\/libreria\/producto\/oraciones-para-antes-de-ir-a-dormir\/","url_meta":{"origin":18504,"position":5},"title":"Oraciones para antes de ir a dormir","author":"admin","date":"08\/04\/2024","format":false,"excerpt":"Autor: Mar\u00eda Cristina Graziani ISBN: 978-950-500-912-1 Dimensiones: 30 x 21 cm P\u00e1ginas: 32","rel":"","context":"Entrada similar","block_context":{"text":"Entrada similar","link":""},"img":{"alt_text":"","src":"https:\/\/i0.wp.com\/libreriaguadalupe.com.ar\/libreria\/wp-content\/uploads\/2024\/04\/NOVEDAD-TIENDA-ABRIL.jpg?fit=470%2C470&ssl=1&resize=350%2C200","width":350,"height":200},"classes":[]}],"_links":{"self":[{"href":"https:\/\/libreriaguadalupe.com.ar\/libreria\/wp-json\/wp\/v2\/product\/18504","targetHints":{"allow":["GET"]}}],"collection":[{"href":"https:\/\/libreriaguadalupe.com.ar\/libreria\/wp-json\/wp\/v2\/product"}],"about":[{"href":"https:\/\/libreriaguadalupe.com.ar\/libreria\/wp-json\/wp\/v2\/types\/product"}],"replies":[{"embeddable":true,"href":"https:\/\/libreriaguadalupe.com.ar\/libreria\/wp-json\/wp\/v2\/comments?post=18504"}],"version-history":[{"count":2,"href":"https:\/\/libreriaguadalupe.com.ar\/libreria\/wp-json\/wp\/v2\/product\/18504\/revisions"}],"predecessor-version":[{"id":18983,"href":"https:\/\/libreriaguadalupe.com.ar\/libreria\/wp-json\/wp\/v2\/product\/18504\/revisions\/18983"}],"wp:featuredmedia":[{"embeddable":true,"href":"https:\/\/libreriaguadalupe.com.ar\/libreria\/wp-json\/wp\/v2\/media\/18982"}],"wp:attachment":[{"href":"https:\/\/libreriaguadalupe.com.ar\/libreria\/wp-json\/wp\/v2\/media?parent=18504"}],"wp:term":[{"taxonomy":"product_brand","embeddable":true,"href":"https:\/\/libreriaguadalupe.com.ar\/libreria\/wp-json\/wp\/v2\/product_brand?post=18504"},{"taxonomy":"product_cat","embeddable":true,"href":"https:\/\/libreriaguadalupe.com.ar\/libreria\/wp-json\/wp\/v2\/product_cat?post=18504"},{"taxonomy":"product_tag","embeddable":true,"href":"https:\/\/libreriaguadalupe.com.ar\/libreria\/wp-json\/wp\/v2\/product_tag?post=18504"}],"curies":[{"name":"wp","href":"https:\/\/api.w.org\/{rel}","templated":true}]}}