{"id":18467,"date":"2024-12-19T22:51:54","date_gmt":"2024-12-20T01:51:54","guid":{"rendered":"https:\/\/libreriaguadalupe.com.ar\/libreria\/?post_type=product&#038;p=18467"},"modified":"2025-10-01T10:51:09","modified_gmt":"2025-10-01T13:51:09","slug":"agenda-verbita-2025","status":"publish","type":"product","link":"https:\/\/libreriaguadalupe.com.ar\/libreria\/producto\/agenda-verbita-2025\/","title":{"rendered":"AGENDA 2025"},"content":{"rendered":"<p>La Agenda Verbita 2025 es m\u00e1s que un calendario; es un verdadero compa\u00f1ero espiritual dise\u00f1ado para quienes desean organizar su d\u00eda a d\u00eda bajo la gu\u00eda de la Palabra de Dios. Este valioso recurso, editado por la Editorial Guadalupe, incluye un formato pr\u00e1ctico con espacios para notas personales, lecturas b\u00edblicas diarias y citas inspiradoras tomadas de \u00abLa Biblia. Libro del Pueblo de Dios.\u00bb Adem\u00e1s, cuenta con oraciones y meditaciones que invitan a reflexionar y crecer en la fe a lo largo del a\u00f1o.<\/p>\n<p>Celebrando los 150 a\u00f1os de los Misioneros del Verbo Divino, esta agenda destaca por su belleza gr\u00e1fica y profundidad espiritual, ayudando a los usuarios a mantenerse conectados con su vocaci\u00f3n misionera y a responder con esperanza a los desaf\u00edos cotidianos. Es ideal para quienes buscan vivir su d\u00eda a d\u00eda con prop\u00f3sito, iluminados por la Palabra y acompa\u00f1ados por el testimonio de los santos y la tradici\u00f3n de la Iglesia Cat\u00f3lica.<\/p>\n","protected":false},"excerpt":{"rendered":"<p>&nbsp;<\/p>\n<p>Preparada por Pedro Pitura svd<br \/>\nDise\u00f1o gr\u00e1fico: Sergio Buso<br \/>\nEDITORIAL GUADALUPE<br \/>\nDimensiones: 14 x 20 cm (apaisado)<br \/>\nP\u00e1ginas: 240<\/p>\n","protected":false},"featured_media":18980,"comment_status":"open","ping_status":"closed","template":"","meta":{"jetpack_publicize_message":"","jetpack_publicize_feature_enabled":true,"jetpack_social_post_already_shared":true,"jetpack_social_options":{"image_generator_settings":{"template":"highway","default_image_id":0,"font":"","enabled":false},"version":2}},"product_brand":[],"product_cat":[125,143,88,121],"product_tag":[127],"class_list":{"0":"post-18467","1":"product","2":"type-product","3":"status-publish","4":"has-post-thumbnail","6":"product_cat-novedades","7":"product_cat-especial-navidad","8":"product_cat-espiritualidad-cultura-social","9":"product_cat-guadalupe","10":"product_tag-editorial-guadalupe-de-argentina","12":"first","13":"outofstock","14":"shipping-taxable","15":"purchasable","16":"product-type-simple"},"yoast_head":"<!-- This site is optimized with the Yoast SEO plugin v27.3 - https:\/\/yoast.com\/product\/yoast-seo-wordpress\/ -->\n<title>AGENDA 2025 - Editorial Guadalupe de Argentina<\/title>\n<meta name=\"description\" content=\"La Agenda Verbita 2025 es m\u00e1s que un calendario; es un verdadero compa\u00f1ero espiritual dise\u00f1ado para quienes desean organizar su d\u00eda a d\u00eda bajo la gu\u00eda de la Palabra de Dios.\" \/>\n<meta name=\"robots\" content=\"index, follow, max-snippet:-1, max-image-preview:large, max-video-preview:-1\" \/>\n<link rel=\"canonical\" href=\"https:\/\/libreriaguadalupe.com.ar\/libreria\/producto\/agenda-verbita-2025\/\" \/>\n<meta property=\"og:locale\" content=\"es_ES\" \/>\n<meta property=\"og:type\" content=\"article\" \/>\n<meta property=\"og:title\" content=\"AGENDA 2025 - Editorial Guadalupe de Argentina\" \/>\n<meta property=\"og:description\" content=\"La Agenda Verbita 2025 es m\u00e1s que un calendario; es un verdadero compa\u00f1ero espiritual dise\u00f1ado para quienes desean organizar su d\u00eda a d\u00eda bajo la gu\u00eda de la Palabra de Dios.\" \/>\n<meta property=\"og:url\" content=\"https:\/\/libreriaguadalupe.com.ar\/libreria\/producto\/agenda-verbita-2025\/\" \/>\n<meta property=\"og:site_name\" content=\"Editorial Guadalupe de Argentina\" \/>\n<meta property=\"article:publisher\" content=\"https:\/\/www.facebook.com\/LibreriaGuadalupeAR\/\" \/>\n<meta property=\"article:modified_time\" content=\"2025-10-01T13:51:09+00:00\" \/>\n<meta property=\"og:image\" content=\"https:\/\/libreriaguadalupe.com.ar\/libreria\/wp-content\/uploads\/2024\/12\/MC-AGENDA-2025-3.png\" \/>\n\t<meta property=\"og:image:width\" content=\"1080\" \/>\n\t<meta property=\"og:image:height\" content=\"1080\" \/>\n\t<meta property=\"og:image:type\" content=\"image\/png\" \/>\n<meta name=\"twitter:card\" content=\"summary_large_image\" \/>\n<meta name=\"twitter:label1\" content=\"Tiempo de lectura\" \/>\n\t<meta name=\"twitter:data1\" content=\"1 minuto\" \/>\n<script type=\"application\/ld+json\" class=\"yoast-schema-graph\">{\"@context\":\"https:\\\/\\\/schema.org\",\"@graph\":[{\"@type\":\"WebPage\",\"@id\":\"https:\\\/\\\/libreriaguadalupe.com.ar\\\/libreria\\\/producto\\\/agenda-verbita-2025\\\/\",\"url\":\"https:\\\/\\\/libreriaguadalupe.com.ar\\\/libreria\\\/producto\\\/agenda-verbita-2025\\\/\",\"name\":\"AGENDA 2025 - Editorial Guadalupe de Argentina\",\"isPartOf\":{\"@id\":\"https:\\\/\\\/libreriaguadalupe.com.ar\\\/libreria\\\/#website\"},\"primaryImageOfPage\":{\"@id\":\"https:\\\/\\\/libreriaguadalupe.com.ar\\\/libreria\\\/producto\\\/agenda-verbita-2025\\\/#primaryimage\"},\"image\":{\"@id\":\"https:\\\/\\\/libreriaguadalupe.com.ar\\\/libreria\\\/producto\\\/agenda-verbita-2025\\\/#primaryimage\"},\"thumbnailUrl\":\"https:\\\/\\\/i0.wp.com\\\/libreriaguadalupe.com.ar\\\/libreria\\\/wp-content\\\/uploads\\\/2024\\\/12\\\/MC-AGENDA-2025-3.png?fit=1080%2C1080&ssl=1\",\"datePublished\":\"2024-12-20T01:51:54+00:00\",\"dateModified\":\"2025-10-01T13:51:09+00:00\",\"description\":\"La Agenda Verbita 2025 es m\u00e1s que un calendario; es un verdadero compa\u00f1ero espiritual dise\u00f1ado para quienes desean organizar su d\u00eda a d\u00eda bajo la gu\u00eda de la Palabra de Dios.\",\"breadcrumb\":{\"@id\":\"https:\\\/\\\/libreriaguadalupe.com.ar\\\/libreria\\\/producto\\\/agenda-verbita-2025\\\/#breadcrumb\"},\"inLanguage\":\"es\",\"potentialAction\":[{\"@type\":\"ReadAction\",\"target\":[\"https:\\\/\\\/libreriaguadalupe.com.ar\\\/libreria\\\/producto\\\/agenda-verbita-2025\\\/\"]}]},{\"@type\":\"ImageObject\",\"inLanguage\":\"es\",\"@id\":\"https:\\\/\\\/libreriaguadalupe.com.ar\\\/libreria\\\/producto\\\/agenda-verbita-2025\\\/#primaryimage\",\"url\":\"https:\\\/\\\/i0.wp.com\\\/libreriaguadalupe.com.ar\\\/libreria\\\/wp-content\\\/uploads\\\/2024\\\/12\\\/MC-AGENDA-2025-3.png?fit=1080%2C1080&ssl=1\",\"contentUrl\":\"https:\\\/\\\/i0.wp.com\\\/libreriaguadalupe.com.ar\\\/libreria\\\/wp-content\\\/uploads\\\/2024\\\/12\\\/MC-AGENDA-2025-3.png?fit=1080%2C1080&ssl=1\",\"width\":1080,\"height\":1080},{\"@type\":\"BreadcrumbList\",\"@id\":\"https:\\\/\\\/libreriaguadalupe.com.ar\\\/libreria\\\/producto\\\/agenda-verbita-2025\\\/#breadcrumb\",\"itemListElement\":[{\"@type\":\"ListItem\",\"position\":1,\"name\":\"Portada\",\"item\":\"https:\\\/\\\/libreriaguadalupe.com.ar\\\/libreria\\\/\"},{\"@type\":\"ListItem\",\"position\":2,\"name\":\"Tienda\",\"item\":\"https:\\\/\\\/libreriaguadalupe.com.ar\\\/libreria\\\/\"},{\"@type\":\"ListItem\",\"position\":3,\"name\":\"AGENDA 2025\"}]},{\"@type\":\"WebSite\",\"@id\":\"https:\\\/\\\/libreriaguadalupe.com.ar\\\/libreria\\\/#website\",\"url\":\"https:\\\/\\\/libreriaguadalupe.com.ar\\\/libreria\\\/\",\"name\":\"Editorial Guadalupe de Argentina\",\"description\":\"Congregaci\u00f3n del Verbo Divino\",\"publisher\":{\"@id\":\"https:\\\/\\\/libreriaguadalupe.com.ar\\\/libreria\\\/#organization\"},\"alternateName\":\"Librer\u00eda Guadalupe\",\"potentialAction\":[{\"@type\":\"SearchAction\",\"target\":{\"@type\":\"EntryPoint\",\"urlTemplate\":\"https:\\\/\\\/libreriaguadalupe.com.ar\\\/libreria\\\/?s={search_term_string}\"},\"query-input\":{\"@type\":\"PropertyValueSpecification\",\"valueRequired\":true,\"valueName\":\"search_term_string\"}}],\"inLanguage\":\"es\"},{\"@type\":\"Organization\",\"@id\":\"https:\\\/\\\/libreriaguadalupe.com.ar\\\/libreria\\\/#organization\",\"name\":\"Editorial Guadalupe\",\"alternateName\":\"Librer\u00eda Guadalupe\",\"url\":\"https:\\\/\\\/libreriaguadalupe.com.ar\\\/libreria\\\/\",\"logo\":{\"@type\":\"ImageObject\",\"inLanguage\":\"es\",\"@id\":\"https:\\\/\\\/libreriaguadalupe.com.ar\\\/libreria\\\/#\\\/schema\\\/logo\\\/image\\\/\",\"url\":\"https:\\\/\\\/i0.wp.com\\\/libreriaguadalupe.com.ar\\\/libreria\\\/wp-content\\\/uploads\\\/2023\\\/01\\\/cropped-logo-editorial-guadalupe.webp?fit=500%2C100&ssl=1\",\"contentUrl\":\"https:\\\/\\\/i0.wp.com\\\/libreriaguadalupe.com.ar\\\/libreria\\\/wp-content\\\/uploads\\\/2023\\\/01\\\/cropped-logo-editorial-guadalupe.webp?fit=500%2C100&ssl=1\",\"width\":500,\"height\":100,\"caption\":\"Editorial Guadalupe\"},\"image\":{\"@id\":\"https:\\\/\\\/libreriaguadalupe.com.ar\\\/libreria\\\/#\\\/schema\\\/logo\\\/image\\\/\"},\"sameAs\":[\"https:\\\/\\\/www.facebook.com\\\/LibreriaGuadalupeAR\\\/\",\"https:\\\/\\\/www.instagram.com\\\/editorialguadalupe\\\/\",\"https:\\\/\\\/guadalupeeditorial.mercadoshops.com.ar\\\/\"]}]}<\/script>\n<!-- \/ Yoast SEO plugin. -->","yoast_head_json":{"title":"AGENDA 2025 - Editorial Guadalupe de Argentina","description":"La Agenda Verbita 2025 es m\u00e1s que un calendario; es un verdadero compa\u00f1ero espiritual dise\u00f1ado para quienes desean organizar su d\u00eda a d\u00eda bajo la gu\u00eda de la Palabra de Dios.","robots":{"index":"index","follow":"follow","max-snippet":"max-snippet:-1","max-image-preview":"max-image-preview:large","max-video-preview":"max-video-preview:-1"},"canonical":"https:\/\/libreriaguadalupe.com.ar\/libreria\/producto\/agenda-verbita-2025\/","og_locale":"es_ES","og_type":"article","og_title":"AGENDA 2025 - Editorial Guadalupe de Argentina","og_description":"La Agenda Verbita 2025 es m\u00e1s que un calendario; es un verdadero compa\u00f1ero espiritual dise\u00f1ado para quienes desean organizar su d\u00eda a d\u00eda bajo la gu\u00eda de la Palabra de Dios.","og_url":"https:\/\/libreriaguadalupe.com.ar\/libreria\/producto\/agenda-verbita-2025\/","og_site_name":"Editorial Guadalupe de Argentina","article_publisher":"https:\/\/www.facebook.com\/LibreriaGuadalupeAR\/","article_modified_time":"2025-10-01T13:51:09+00:00","og_image":[{"width":1080,"height":1080,"url":"https:\/\/libreriaguadalupe.com.ar\/libreria\/wp-content\/uploads\/2024\/12\/MC-AGENDA-2025-3.png","type":"image\/png"}],"twitter_card":"summary_large_image","twitter_misc":{"Tiempo de lectura":"1 minuto"},"schema":{"@context":"https:\/\/schema.org","@graph":[{"@type":"WebPage","@id":"https:\/\/libreriaguadalupe.com.ar\/libreria\/producto\/agenda-verbita-2025\/","url":"https:\/\/libreriaguadalupe.com.ar\/libreria\/producto\/agenda-verbita-2025\/","name":"AGENDA 2025 - Editorial Guadalupe de Argentina","isPartOf":{"@id":"https:\/\/libreriaguadalupe.com.ar\/libreria\/#website"},"primaryImageOfPage":{"@id":"https:\/\/libreriaguadalupe.com.ar\/libreria\/producto\/agenda-verbita-2025\/#primaryimage"},"image":{"@id":"https:\/\/libreriaguadalupe.com.ar\/libreria\/producto\/agenda-verbita-2025\/#primaryimage"},"thumbnailUrl":"https:\/\/i0.wp.com\/libreriaguadalupe.com.ar\/libreria\/wp-content\/uploads\/2024\/12\/MC-AGENDA-2025-3.png?fit=1080%2C1080&ssl=1","datePublished":"2024-12-20T01:51:54+00:00","dateModified":"2025-10-01T13:51:09+00:00","description":"La Agenda Verbita 2025 es m\u00e1s que un calendario; es un verdadero compa\u00f1ero espiritual dise\u00f1ado para quienes desean organizar su d\u00eda a d\u00eda bajo la gu\u00eda de la Palabra de Dios.","breadcrumb":{"@id":"https:\/\/libreriaguadalupe.com.ar\/libreria\/producto\/agenda-verbita-2025\/#breadcrumb"},"inLanguage":"es","potentialAction":[{"@type":"ReadAction","target":["https:\/\/libreriaguadalupe.com.ar\/libreria\/producto\/agenda-verbita-2025\/"]}]},{"@type":"ImageObject","inLanguage":"es","@id":"https:\/\/libreriaguadalupe.com.ar\/libreria\/producto\/agenda-verbita-2025\/#primaryimage","url":"https:\/\/i0.wp.com\/libreriaguadalupe.com.ar\/libreria\/wp-content\/uploads\/2024\/12\/MC-AGENDA-2025-3.png?fit=1080%2C1080&ssl=1","contentUrl":"https:\/\/i0.wp.com\/libreriaguadalupe.com.ar\/libreria\/wp-content\/uploads\/2024\/12\/MC-AGENDA-2025-3.png?fit=1080%2C1080&ssl=1","width":1080,"height":1080},{"@type":"BreadcrumbList","@id":"https:\/\/libreriaguadalupe.com.ar\/libreria\/producto\/agenda-verbita-2025\/#breadcrumb","itemListElement":[{"@type":"ListItem","position":1,"name":"Portada","item":"https:\/\/libreriaguadalupe.com.ar\/libreria\/"},{"@type":"ListItem","position":2,"name":"Tienda","item":"https:\/\/libreriaguadalupe.com.ar\/libreria\/"},{"@type":"ListItem","position":3,"name":"AGENDA 2025"}]},{"@type":"WebSite","@id":"https:\/\/libreriaguadalupe.com.ar\/libreria\/#website","url":"https:\/\/libreriaguadalupe.com.ar\/libreria\/","name":"Editorial Guadalupe de Argentina","description":"Congregaci\u00f3n del Verbo Divino","publisher":{"@id":"https:\/\/libreriaguadalupe.com.ar\/libreria\/#organization"},"alternateName":"Librer\u00eda Guadalupe","potentialAction":[{"@type":"SearchAction","target":{"@type":"EntryPoint","urlTemplate":"https:\/\/libreriaguadalupe.com.ar\/libreria\/?s={search_term_string}"},"query-input":{"@type":"PropertyValueSpecification","valueRequired":true,"valueName":"search_term_string"}}],"inLanguage":"es"},{"@type":"Organization","@id":"https:\/\/libreriaguadalupe.com.ar\/libreria\/#organization","name":"Editorial Guadalupe","alternateName":"Librer\u00eda Guadalupe","url":"https:\/\/libreriaguadalupe.com.ar\/libreria\/","logo":{"@type":"ImageObject","inLanguage":"es","@id":"https:\/\/libreriaguadalupe.com.ar\/libreria\/#\/schema\/logo\/image\/","url":"https:\/\/i0.wp.com\/libreriaguadalupe.com.ar\/libreria\/wp-content\/uploads\/2023\/01\/cropped-logo-editorial-guadalupe.webp?fit=500%2C100&ssl=1","contentUrl":"https:\/\/i0.wp.com\/libreriaguadalupe.com.ar\/libreria\/wp-content\/uploads\/2023\/01\/cropped-logo-editorial-guadalupe.webp?fit=500%2C100&ssl=1","width":500,"height":100,"caption":"Editorial Guadalupe"},"image":{"@id":"https:\/\/libreriaguadalupe.com.ar\/libreria\/#\/schema\/logo\/image\/"},"sameAs":["https:\/\/www.facebook.com\/LibreriaGuadalupeAR\/","https:\/\/www.instagram.com\/editorialguadalupe\/","https:\/\/guadalupeeditorial.mercadoshops.com.ar\/"]}]}},"jetpack_publicize_connections":[],"jetpack_sharing_enabled":true,"jetpack-related-posts":[{"id":19209,"url":"https:\/\/libreriaguadalupe.com.ar\/libreria\/producto\/agenda-2026\/","url_meta":{"origin":18467,"position":0},"title":"Agenda 2026","author":"Mariano Zuqui","date":"30\/12\/2025","format":false,"excerpt":"Autor: Editorial Guadalupe T\u00edtulo: \u201cAgenda 2026\" N\u00ba de P\u00e1ginas: 240 Tapa:4 Colores - Cartulina - Laminado mate Encuadernaci\u00f3n: Binder \u00a0 \u00a0","rel":"","context":"Entrada similar","block_context":{"text":"Entrada similar","link":""},"img":{"alt_text":"","src":"https:\/\/i0.wp.com\/libreriaguadalupe.com.ar\/libreria\/wp-content\/uploads\/2025\/12\/1-3.png?fit=960%2C1200&ssl=1&resize=350%2C200","width":350,"height":200,"srcset":"https:\/\/i0.wp.com\/libreriaguadalupe.com.ar\/libreria\/wp-content\/uploads\/2025\/12\/1-3.png?fit=960%2C1200&ssl=1&resize=350%2C200 1x, https:\/\/i0.wp.com\/libreriaguadalupe.com.ar\/libreria\/wp-content\/uploads\/2025\/12\/1-3.png?fit=960%2C1200&ssl=1&resize=525%2C300 1.5x, https:\/\/i0.wp.com\/libreriaguadalupe.com.ar\/libreria\/wp-content\/uploads\/2025\/12\/1-3.png?fit=960%2C1200&ssl=1&resize=700%2C400 2x"},"classes":[]},{"id":17310,"url":"https:\/\/libreriaguadalupe.com.ar\/libreria\/producto\/mons-jorge-novak-svd-un-contemplativo-en-accion\/","url_meta":{"origin":18467,"position":1},"title":"MONS. JORGE NOVAK SVD, UN CONTEMPLATIVO EN ACCI\u00d3N","author":"admin","date":"07\/06\/2023","format":false,"excerpt":"La identidad y la espiritualidad sacerdotal en la praxis pastoral y misionera Autor: J\u00d3ZEF KAZIMIERZ GW\u00d3\u0179D\u0179 SVD ISBN: 978-950-500-894-0 Dimensiones: 16 x 23 cm P\u00e1ginas: 774","rel":"","context":"Entrada similar","block_context":{"text":"Entrada similar","link":""},"img":{"alt_text":"","src":"https:\/\/i0.wp.com\/libreriaguadalupe.com.ar\/libreria\/wp-content\/uploads\/2023\/06\/NOVEDAD-TIENDA-JUNIO.jpg?fit=470%2C470&ssl=1&resize=350%2C200","width":350,"height":200},"classes":[]},{"id":15893,"url":"https:\/\/libreriaguadalupe.com.ar\/libreria\/producto\/vive-la-palabra-2023\/","url_meta":{"origin":18467,"position":2},"title":"Vive La Palabra 2023","author":"admin","date":"12\/02\/2023","format":false,"excerpt":"Ciclo A. Evangelio \u2013 Santoral AUTOR: Mar\u00eda In\u00e9s Castro, Irene Rosa Klein y Editorial Guadalupe ISBN: 9505008728","rel":"","context":"Entrada similar","block_context":{"text":"Entrada similar","link":""},"img":{"alt_text":"","src":"https:\/\/i0.wp.com\/libreriaguadalupe.com.ar\/libreria\/wp-content\/uploads\/2023\/02\/VIVE-LA-PALABRA-2023-chico.jpg?fit=403%2C500&ssl=1&resize=350%2C200","width":350,"height":200},"classes":[]},{"id":17648,"url":"https:\/\/libreriaguadalupe.com.ar\/libreria\/producto\/diario-biblico-2024\/","url_meta":{"origin":18467,"position":3},"title":"Diario B\u00edblico 2024","author":"admin","date":"02\/11\/2023","format":false,"excerpt":"Edici\u00f3n tapa semidura y anillada Autor: EDITORIAL GUADALUPE","rel":"","context":"Entrada similar","block_context":{"text":"Entrada similar","link":""},"img":{"alt_text":"Diario Biblico 2024","src":"https:\/\/i0.wp.com\/libreriaguadalupe.com.ar\/libreria\/wp-content\/uploads\/2023\/11\/NOVEDAD-TIENDA-NOVIEMBRE.jpg?fit=470%2C470&ssl=1&resize=350%2C200","width":350,"height":200},"classes":[]},{"id":15918,"url":"https:\/\/libreriaguadalupe.com.ar\/libreria\/producto\/la-evangelizacion-es-tarea-de-todos\/","url_meta":{"origin":18467,"position":4},"title":"La evangelizaci\u00f3n es tarea de todos","author":"admin","date":"12\/02\/2023","format":false,"excerpt":"Protagonismo de los fieles laicos en la actividad misionera de la Iglesia seg\u00fan el magisterio del Papa Francisco AUTOR: MIGUEL ANTONIO ISBN:9505008520","rel":"","context":"Entrada similar","block_context":{"text":"Entrada similar","link":""},"img":{"alt_text":"","src":"https:\/\/i0.wp.com\/libreriaguadalupe.com.ar\/libreria\/wp-content\/uploads\/2023\/02\/La-evangelizacion-es-tarea-de-todos-chico.jpg?fit=320%2C500&ssl=1&resize=350%2C200","width":350,"height":200},"classes":[]},{"id":16689,"url":"https:\/\/libreriaguadalupe.com.ar\/libreria\/producto\/nuevo-testamento-del-pueblo-de-dios-comentado\/","url_meta":{"origin":18467,"position":5},"title":"Nuevo Testamento del Pueblo de Dios (comentado)","author":"admin","date":"15\/03\/2023","format":false,"excerpt":"Edici\u00f3n comentada [r\u00fastica azul, impresi\u00f3n una tinta] Colecci\u00f3n La Biblia. Libro del Pueblo de Dios Autor: Armando J. Levoratti ISBN: 978-84-9073-469-8 Dimensiones: 18 x 12 cm P\u00e1ginas: 680 Encuadernaci\u00f3n: R\u00fastica, fresada, tapa plastificada gofrada mate","rel":"","context":"Entrada similar","block_context":{"text":"Entrada similar","link":""},"img":{"alt_text":"","src":"https:\/\/i0.wp.com\/libreriaguadalupe.com.ar\/libreria\/wp-content\/uploads\/2023\/03\/MES-DE-LA-BIBLIA-2024-ntpd1.jpg?fit=470%2C470&ssl=1&resize=350%2C200","width":350,"height":200},"classes":[]}],"_links":{"self":[{"href":"https:\/\/libreriaguadalupe.com.ar\/libreria\/wp-json\/wp\/v2\/product\/18467","targetHints":{"allow":["GET"]}}],"collection":[{"href":"https:\/\/libreriaguadalupe.com.ar\/libreria\/wp-json\/wp\/v2\/product"}],"about":[{"href":"https:\/\/libreriaguadalupe.com.ar\/libreria\/wp-json\/wp\/v2\/types\/product"}],"replies":[{"embeddable":true,"href":"https:\/\/libreriaguadalupe.com.ar\/libreria\/wp-json\/wp\/v2\/comments?post=18467"}],"version-history":[{"count":5,"href":"https:\/\/libreriaguadalupe.com.ar\/libreria\/wp-json\/wp\/v2\/product\/18467\/revisions"}],"predecessor-version":[{"id":18981,"href":"https:\/\/libreriaguadalupe.com.ar\/libreria\/wp-json\/wp\/v2\/product\/18467\/revisions\/18981"}],"wp:featuredmedia":[{"embeddable":true,"href":"https:\/\/libreriaguadalupe.com.ar\/libreria\/wp-json\/wp\/v2\/media\/18980"}],"wp:attachment":[{"href":"https:\/\/libreriaguadalupe.com.ar\/libreria\/wp-json\/wp\/v2\/media?parent=18467"}],"wp:term":[{"taxonomy":"product_brand","embeddable":true,"href":"https:\/\/libreriaguadalupe.com.ar\/libreria\/wp-json\/wp\/v2\/product_brand?post=18467"},{"taxonomy":"product_cat","embeddable":true,"href":"https:\/\/libreriaguadalupe.com.ar\/libreria\/wp-json\/wp\/v2\/product_cat?post=18467"},{"taxonomy":"product_tag","embeddable":true,"href":"https:\/\/libreriaguadalupe.com.ar\/libreria\/wp-json\/wp\/v2\/product_tag?post=18467"}],"curies":[{"name":"wp","href":"https:\/\/api.w.org\/{rel}","templated":true}]}}