{"id":18438,"date":"2024-11-19T19:07:23","date_gmt":"2024-11-19T22:07:23","guid":{"rendered":"https:\/\/libreriaguadalupe.com.ar\/libreria\/?post_type=product&#038;p=18438"},"modified":"2026-03-10T10:33:43","modified_gmt":"2026-03-10T13:33:43","slug":"cuentos-de-navidad","status":"publish","type":"product","link":"https:\/\/libreriaguadalupe.com.ar\/libreria\/producto\/cuentos-de-navidad\/","title":{"rendered":"Cuentos De Navidad"},"content":{"rendered":"<p>Hay historias que se ubican justo en la delgada l\u00ednea que separa lo real de lo imaginario. As\u00ed son las historias de Navidad.<br \/>\nPara quien se deja alcanzar por la maravilla del Amor infinito que se manifiesta en ella, toda magia resulta posible; porque, en definitiva, la \u00fanica magia que transforma todo de la nada, se llama amor.<br \/>\nHay algo que nos conmueve de la Navidad, m\u00e1s all\u00e1 de la profundidad, o no, de nuestra fe: y es que la experiencia de ternura y desamparo del ni\u00f1o del pesebre, esa mezcla de perfecta inocencia con extrema necesidad, es algo que todos hemos experimentado. La experiencia de ese Dios Ni\u00f1o envuelto en pa\u00f1ales, es una vivencia que todos conocemos por experiencia propia. He ah\u00ed la maravilla de la cercan\u00eda de Dios con nosotros que nos invita a comenzar de nuevo y llenarnos de esperanza.<\/p>\n","protected":false},"excerpt":{"rendered":"<p>&nbsp;<\/p>\n<p>Autor: Guillermo Enrique Dri<strong><br \/>\n<\/strong>ISBN: 978-950-500-940-4<br \/>\nDimensiones: 15 x 22 cm<br \/>\nP\u00e1ginas: 88<\/p>\n","protected":false},"featured_media":18440,"comment_status":"open","ping_status":"closed","template":"","meta":{"jetpack_publicize_message":"","jetpack_publicize_feature_enabled":true,"jetpack_social_post_already_shared":true,"jetpack_social_options":{"image_generator_settings":{"template":"highway","default_image_id":0,"font":"","enabled":false},"version":2}},"product_brand":[],"product_cat":[125,143,88,121],"product_tag":[127],"class_list":{"0":"post-18438","1":"product","2":"type-product","3":"status-publish","4":"has-post-thumbnail","6":"product_cat-novedades","7":"product_cat-especial-navidad","8":"product_cat-espiritualidad-cultura-social","9":"product_cat-guadalupe","10":"product_tag-editorial-guadalupe-de-argentina","12":"first","13":"instock","14":"shipping-taxable","15":"purchasable","16":"product-type-simple"},"yoast_head":"<!-- This site is optimized with the Yoast SEO plugin v27.3 - https:\/\/yoast.com\/product\/yoast-seo-wordpress\/ -->\n<title>Cuentos De Navidad - Editorial Guadalupe de Argentina<\/title>\n<meta name=\"description\" content=\"Para quien se deja alcanzar por la maravilla del Amor infinito que se manifiesta en ella, toda magia resulta posible; porque, en definitiva, la \u00fanica magia que transforma todo de la nada, se llama amor.\" \/>\n<meta name=\"robots\" content=\"index, follow, max-snippet:-1, max-image-preview:large, max-video-preview:-1\" \/>\n<link rel=\"canonical\" href=\"https:\/\/libreriaguadalupe.com.ar\/libreria\/producto\/cuentos-de-navidad\/\" \/>\n<meta property=\"og:locale\" content=\"es_ES\" \/>\n<meta property=\"og:type\" content=\"article\" \/>\n<meta property=\"og:title\" content=\"Cuentos De Navidad - Editorial Guadalupe de Argentina\" \/>\n<meta property=\"og:description\" content=\"Para quien se deja alcanzar por la maravilla del Amor infinito que se manifiesta en ella, toda magia resulta posible; porque, en definitiva, la \u00fanica magia que transforma todo de la nada, se llama amor.\" \/>\n<meta property=\"og:url\" content=\"https:\/\/libreriaguadalupe.com.ar\/libreria\/producto\/cuentos-de-navidad\/\" \/>\n<meta property=\"og:site_name\" content=\"Editorial Guadalupe de Argentina\" \/>\n<meta property=\"article:publisher\" content=\"https:\/\/www.facebook.com\/LibreriaGuadalupeAR\/\" \/>\n<meta property=\"article:modified_time\" content=\"2026-03-10T13:33:43+00:00\" \/>\n<meta property=\"og:image\" content=\"https:\/\/libreriaguadalupe.com.ar\/libreria\/wp-content\/uploads\/2024\/11\/Cuentos-de-Navidad.png\" \/>\n\t<meta property=\"og:image:width\" content=\"470\" \/>\n\t<meta property=\"og:image:height\" content=\"712\" \/>\n\t<meta property=\"og:image:type\" content=\"image\/png\" \/>\n<meta name=\"twitter:card\" content=\"summary_large_image\" \/>\n<meta name=\"twitter:label1\" content=\"Tiempo de lectura\" \/>\n\t<meta name=\"twitter:data1\" content=\"1 minuto\" \/>\n<script type=\"application\/ld+json\" class=\"yoast-schema-graph\">{\"@context\":\"https:\\\/\\\/schema.org\",\"@graph\":[{\"@type\":\"WebPage\",\"@id\":\"https:\\\/\\\/libreriaguadalupe.com.ar\\\/libreria\\\/producto\\\/cuentos-de-navidad\\\/\",\"url\":\"https:\\\/\\\/libreriaguadalupe.com.ar\\\/libreria\\\/producto\\\/cuentos-de-navidad\\\/\",\"name\":\"Cuentos De Navidad - Editorial Guadalupe de Argentina\",\"isPartOf\":{\"@id\":\"https:\\\/\\\/libreriaguadalupe.com.ar\\\/libreria\\\/#website\"},\"primaryImageOfPage\":{\"@id\":\"https:\\\/\\\/libreriaguadalupe.com.ar\\\/libreria\\\/producto\\\/cuentos-de-navidad\\\/#primaryimage\"},\"image\":{\"@id\":\"https:\\\/\\\/libreriaguadalupe.com.ar\\\/libreria\\\/producto\\\/cuentos-de-navidad\\\/#primaryimage\"},\"thumbnailUrl\":\"https:\\\/\\\/i0.wp.com\\\/libreriaguadalupe.com.ar\\\/libreria\\\/wp-content\\\/uploads\\\/2024\\\/11\\\/Cuentos-de-Navidad.png?fit=470%2C712&ssl=1\",\"datePublished\":\"2024-11-19T22:07:23+00:00\",\"dateModified\":\"2026-03-10T13:33:43+00:00\",\"description\":\"Para quien se deja alcanzar por la maravilla del Amor infinito que se manifiesta en ella, toda magia resulta posible; porque, en definitiva, la \u00fanica magia que transforma todo de la nada, se llama amor.\",\"breadcrumb\":{\"@id\":\"https:\\\/\\\/libreriaguadalupe.com.ar\\\/libreria\\\/producto\\\/cuentos-de-navidad\\\/#breadcrumb\"},\"inLanguage\":\"es\",\"potentialAction\":[{\"@type\":\"ReadAction\",\"target\":[\"https:\\\/\\\/libreriaguadalupe.com.ar\\\/libreria\\\/producto\\\/cuentos-de-navidad\\\/\"]}]},{\"@type\":\"ImageObject\",\"inLanguage\":\"es\",\"@id\":\"https:\\\/\\\/libreriaguadalupe.com.ar\\\/libreria\\\/producto\\\/cuentos-de-navidad\\\/#primaryimage\",\"url\":\"https:\\\/\\\/i0.wp.com\\\/libreriaguadalupe.com.ar\\\/libreria\\\/wp-content\\\/uploads\\\/2024\\\/11\\\/Cuentos-de-Navidad.png?fit=470%2C712&ssl=1\",\"contentUrl\":\"https:\\\/\\\/i0.wp.com\\\/libreriaguadalupe.com.ar\\\/libreria\\\/wp-content\\\/uploads\\\/2024\\\/11\\\/Cuentos-de-Navidad.png?fit=470%2C712&ssl=1\",\"width\":470,\"height\":712},{\"@type\":\"BreadcrumbList\",\"@id\":\"https:\\\/\\\/libreriaguadalupe.com.ar\\\/libreria\\\/producto\\\/cuentos-de-navidad\\\/#breadcrumb\",\"itemListElement\":[{\"@type\":\"ListItem\",\"position\":1,\"name\":\"Portada\",\"item\":\"https:\\\/\\\/libreriaguadalupe.com.ar\\\/libreria\\\/\"},{\"@type\":\"ListItem\",\"position\":2,\"name\":\"Tienda\",\"item\":\"https:\\\/\\\/libreriaguadalupe.com.ar\\\/libreria\\\/\"},{\"@type\":\"ListItem\",\"position\":3,\"name\":\"Cuentos De Navidad\"}]},{\"@type\":\"WebSite\",\"@id\":\"https:\\\/\\\/libreriaguadalupe.com.ar\\\/libreria\\\/#website\",\"url\":\"https:\\\/\\\/libreriaguadalupe.com.ar\\\/libreria\\\/\",\"name\":\"Editorial Guadalupe de Argentina\",\"description\":\"Congregaci\u00f3n del Verbo Divino\",\"publisher\":{\"@id\":\"https:\\\/\\\/libreriaguadalupe.com.ar\\\/libreria\\\/#organization\"},\"alternateName\":\"Librer\u00eda Guadalupe\",\"potentialAction\":[{\"@type\":\"SearchAction\",\"target\":{\"@type\":\"EntryPoint\",\"urlTemplate\":\"https:\\\/\\\/libreriaguadalupe.com.ar\\\/libreria\\\/?s={search_term_string}\"},\"query-input\":{\"@type\":\"PropertyValueSpecification\",\"valueRequired\":true,\"valueName\":\"search_term_string\"}}],\"inLanguage\":\"es\"},{\"@type\":\"Organization\",\"@id\":\"https:\\\/\\\/libreriaguadalupe.com.ar\\\/libreria\\\/#organization\",\"name\":\"Editorial Guadalupe\",\"alternateName\":\"Librer\u00eda Guadalupe\",\"url\":\"https:\\\/\\\/libreriaguadalupe.com.ar\\\/libreria\\\/\",\"logo\":{\"@type\":\"ImageObject\",\"inLanguage\":\"es\",\"@id\":\"https:\\\/\\\/libreriaguadalupe.com.ar\\\/libreria\\\/#\\\/schema\\\/logo\\\/image\\\/\",\"url\":\"https:\\\/\\\/i0.wp.com\\\/libreriaguadalupe.com.ar\\\/libreria\\\/wp-content\\\/uploads\\\/2023\\\/01\\\/cropped-logo-editorial-guadalupe.webp?fit=500%2C100&ssl=1\",\"contentUrl\":\"https:\\\/\\\/i0.wp.com\\\/libreriaguadalupe.com.ar\\\/libreria\\\/wp-content\\\/uploads\\\/2023\\\/01\\\/cropped-logo-editorial-guadalupe.webp?fit=500%2C100&ssl=1\",\"width\":500,\"height\":100,\"caption\":\"Editorial Guadalupe\"},\"image\":{\"@id\":\"https:\\\/\\\/libreriaguadalupe.com.ar\\\/libreria\\\/#\\\/schema\\\/logo\\\/image\\\/\"},\"sameAs\":[\"https:\\\/\\\/www.facebook.com\\\/LibreriaGuadalupeAR\\\/\",\"https:\\\/\\\/www.instagram.com\\\/editorialguadalupe\\\/\",\"https:\\\/\\\/guadalupeeditorial.mercadoshops.com.ar\\\/\"]}]}<\/script>\n<!-- \/ Yoast SEO plugin. -->","yoast_head_json":{"title":"Cuentos De Navidad - Editorial Guadalupe de Argentina","description":"Para quien se deja alcanzar por la maravilla del Amor infinito que se manifiesta en ella, toda magia resulta posible; porque, en definitiva, la \u00fanica magia que transforma todo de la nada, se llama amor.","robots":{"index":"index","follow":"follow","max-snippet":"max-snippet:-1","max-image-preview":"max-image-preview:large","max-video-preview":"max-video-preview:-1"},"canonical":"https:\/\/libreriaguadalupe.com.ar\/libreria\/producto\/cuentos-de-navidad\/","og_locale":"es_ES","og_type":"article","og_title":"Cuentos De Navidad - Editorial Guadalupe de Argentina","og_description":"Para quien se deja alcanzar por la maravilla del Amor infinito que se manifiesta en ella, toda magia resulta posible; porque, en definitiva, la \u00fanica magia que transforma todo de la nada, se llama amor.","og_url":"https:\/\/libreriaguadalupe.com.ar\/libreria\/producto\/cuentos-de-navidad\/","og_site_name":"Editorial Guadalupe de Argentina","article_publisher":"https:\/\/www.facebook.com\/LibreriaGuadalupeAR\/","article_modified_time":"2026-03-10T13:33:43+00:00","og_image":[{"width":470,"height":712,"url":"https:\/\/libreriaguadalupe.com.ar\/libreria\/wp-content\/uploads\/2024\/11\/Cuentos-de-Navidad.png","type":"image\/png"}],"twitter_card":"summary_large_image","twitter_misc":{"Tiempo de lectura":"1 minuto"},"schema":{"@context":"https:\/\/schema.org","@graph":[{"@type":"WebPage","@id":"https:\/\/libreriaguadalupe.com.ar\/libreria\/producto\/cuentos-de-navidad\/","url":"https:\/\/libreriaguadalupe.com.ar\/libreria\/producto\/cuentos-de-navidad\/","name":"Cuentos De Navidad - Editorial Guadalupe de Argentina","isPartOf":{"@id":"https:\/\/libreriaguadalupe.com.ar\/libreria\/#website"},"primaryImageOfPage":{"@id":"https:\/\/libreriaguadalupe.com.ar\/libreria\/producto\/cuentos-de-navidad\/#primaryimage"},"image":{"@id":"https:\/\/libreriaguadalupe.com.ar\/libreria\/producto\/cuentos-de-navidad\/#primaryimage"},"thumbnailUrl":"https:\/\/i0.wp.com\/libreriaguadalupe.com.ar\/libreria\/wp-content\/uploads\/2024\/11\/Cuentos-de-Navidad.png?fit=470%2C712&ssl=1","datePublished":"2024-11-19T22:07:23+00:00","dateModified":"2026-03-10T13:33:43+00:00","description":"Para quien se deja alcanzar por la maravilla del Amor infinito que se manifiesta en ella, toda magia resulta posible; porque, en definitiva, la \u00fanica magia que transforma todo de la nada, se llama amor.","breadcrumb":{"@id":"https:\/\/libreriaguadalupe.com.ar\/libreria\/producto\/cuentos-de-navidad\/#breadcrumb"},"inLanguage":"es","potentialAction":[{"@type":"ReadAction","target":["https:\/\/libreriaguadalupe.com.ar\/libreria\/producto\/cuentos-de-navidad\/"]}]},{"@type":"ImageObject","inLanguage":"es","@id":"https:\/\/libreriaguadalupe.com.ar\/libreria\/producto\/cuentos-de-navidad\/#primaryimage","url":"https:\/\/i0.wp.com\/libreriaguadalupe.com.ar\/libreria\/wp-content\/uploads\/2024\/11\/Cuentos-de-Navidad.png?fit=470%2C712&ssl=1","contentUrl":"https:\/\/i0.wp.com\/libreriaguadalupe.com.ar\/libreria\/wp-content\/uploads\/2024\/11\/Cuentos-de-Navidad.png?fit=470%2C712&ssl=1","width":470,"height":712},{"@type":"BreadcrumbList","@id":"https:\/\/libreriaguadalupe.com.ar\/libreria\/producto\/cuentos-de-navidad\/#breadcrumb","itemListElement":[{"@type":"ListItem","position":1,"name":"Portada","item":"https:\/\/libreriaguadalupe.com.ar\/libreria\/"},{"@type":"ListItem","position":2,"name":"Tienda","item":"https:\/\/libreriaguadalupe.com.ar\/libreria\/"},{"@type":"ListItem","position":3,"name":"Cuentos De Navidad"}]},{"@type":"WebSite","@id":"https:\/\/libreriaguadalupe.com.ar\/libreria\/#website","url":"https:\/\/libreriaguadalupe.com.ar\/libreria\/","name":"Editorial Guadalupe de Argentina","description":"Congregaci\u00f3n del Verbo Divino","publisher":{"@id":"https:\/\/libreriaguadalupe.com.ar\/libreria\/#organization"},"alternateName":"Librer\u00eda Guadalupe","potentialAction":[{"@type":"SearchAction","target":{"@type":"EntryPoint","urlTemplate":"https:\/\/libreriaguadalupe.com.ar\/libreria\/?s={search_term_string}"},"query-input":{"@type":"PropertyValueSpecification","valueRequired":true,"valueName":"search_term_string"}}],"inLanguage":"es"},{"@type":"Organization","@id":"https:\/\/libreriaguadalupe.com.ar\/libreria\/#organization","name":"Editorial Guadalupe","alternateName":"Librer\u00eda Guadalupe","url":"https:\/\/libreriaguadalupe.com.ar\/libreria\/","logo":{"@type":"ImageObject","inLanguage":"es","@id":"https:\/\/libreriaguadalupe.com.ar\/libreria\/#\/schema\/logo\/image\/","url":"https:\/\/i0.wp.com\/libreriaguadalupe.com.ar\/libreria\/wp-content\/uploads\/2023\/01\/cropped-logo-editorial-guadalupe.webp?fit=500%2C100&ssl=1","contentUrl":"https:\/\/i0.wp.com\/libreriaguadalupe.com.ar\/libreria\/wp-content\/uploads\/2023\/01\/cropped-logo-editorial-guadalupe.webp?fit=500%2C100&ssl=1","width":500,"height":100,"caption":"Editorial Guadalupe"},"image":{"@id":"https:\/\/libreriaguadalupe.com.ar\/libreria\/#\/schema\/logo\/image\/"},"sameAs":["https:\/\/www.facebook.com\/LibreriaGuadalupeAR\/","https:\/\/www.instagram.com\/editorialguadalupe\/","https:\/\/guadalupeeditorial.mercadoshops.com.ar\/"]}]}},"jetpack_publicize_connections":[],"jetpack_sharing_enabled":true,"jetpack-related-posts":[{"id":17799,"url":"https:\/\/libreriaguadalupe.com.ar\/libreria\/producto\/adviento-y-navidad-la-vida-es-un-don-y-un-compromiso\/","url_meta":{"origin":18438,"position":0},"title":"Adviento y Navidad, la vida es un don y un compromiso","author":"admin","date":"18\/12\/2023","format":false,"excerpt":"Hacia la humanizaci\u00f3n integral Autor: MARCELO CATT\u00c1NEO svd ISBN: 978-950-500-708-0 Dimensiones: 14 x 20 cm P\u00e1ginas: 40","rel":"","context":"Entrada similar","block_context":{"text":"Entrada similar","link":""},"img":{"alt_text":"","src":"https:\/\/i0.wp.com\/libreriaguadalupe.com.ar\/libreria\/wp-content\/uploads\/2023\/12\/Adviento-y-Navidad.png?fit=1039%2C1200&ssl=1&resize=350%2C200","width":350,"height":200,"srcset":"https:\/\/i0.wp.com\/libreriaguadalupe.com.ar\/libreria\/wp-content\/uploads\/2023\/12\/Adviento-y-Navidad.png?fit=1039%2C1200&ssl=1&resize=350%2C200 1x, https:\/\/i0.wp.com\/libreriaguadalupe.com.ar\/libreria\/wp-content\/uploads\/2023\/12\/Adviento-y-Navidad.png?fit=1039%2C1200&ssl=1&resize=525%2C300 1.5x, https:\/\/i0.wp.com\/libreriaguadalupe.com.ar\/libreria\/wp-content\/uploads\/2023\/12\/Adviento-y-Navidad.png?fit=1039%2C1200&ssl=1&resize=700%2C400 2x"},"classes":[]},{"id":14931,"url":"https:\/\/libreriaguadalupe.com.ar\/libreria\/producto\/ven-nino-dios-te-esperamos-2\/","url_meta":{"origin":18438,"position":1},"title":"Ven Ni\u00f1o Dios, te esperamos","author":"admin","date":"07\/02\/2023","format":false,"excerpt":"AUTOR: Luis Liberi ISBN: 9505007103","rel":"","context":"Entrada similar","block_context":{"text":"Entrada similar","link":""},"img":{"alt_text":"","src":"https:\/\/i0.wp.com\/libreriaguadalupe.com.ar\/libreria\/wp-content\/uploads\/2023\/02\/Ven-Nino-Dios-Te-esperamos.jpeg?fit=1039%2C1200&ssl=1&resize=350%2C200","width":350,"height":200,"srcset":"https:\/\/i0.wp.com\/libreriaguadalupe.com.ar\/libreria\/wp-content\/uploads\/2023\/02\/Ven-Nino-Dios-Te-esperamos.jpeg?fit=1039%2C1200&ssl=1&resize=350%2C200 1x, https:\/\/i0.wp.com\/libreriaguadalupe.com.ar\/libreria\/wp-content\/uploads\/2023\/02\/Ven-Nino-Dios-Te-esperamos.jpeg?fit=1039%2C1200&ssl=1&resize=525%2C300 1.5x, https:\/\/i0.wp.com\/libreriaguadalupe.com.ar\/libreria\/wp-content\/uploads\/2023\/02\/Ven-Nino-Dios-Te-esperamos.jpeg?fit=1039%2C1200&ssl=1&resize=700%2C400 2x"},"classes":[]},{"id":15899,"url":"https:\/\/libreriaguadalupe.com.ar\/libreria\/producto\/melchor-gaspar-y-baltazar\/","url_meta":{"origin":18438,"position":2},"title":"Melchor, Gaspar y Baltazar","author":"admin","date":"12\/02\/2023","format":false,"excerpt":"Yo les pido Reyes Magos, que me ayuden a lograr regalarte al Ni\u00f1o Santo ser humilde de verdad. Am\u00e9n. AUTOR: LEGRAS LEONARDO [\u00a0VER M\u00c1S OBRAS\u00a0] ISBN: 9505008759","rel":"","context":"Entrada similar","block_context":{"text":"Entrada similar","link":""},"img":{"alt_text":"","src":"https:\/\/i0.wp.com\/libreriaguadalupe.com.ar\/libreria\/wp-content\/uploads\/2023\/02\/Melchor-Gaspar-y-Baltasar-Tapa-chico.jpg?fit=759%2C500&ssl=1&resize=350%2C200","width":350,"height":200,"srcset":"https:\/\/i0.wp.com\/libreriaguadalupe.com.ar\/libreria\/wp-content\/uploads\/2023\/02\/Melchor-Gaspar-y-Baltasar-Tapa-chico.jpg?fit=759%2C500&ssl=1&resize=350%2C200 1x, https:\/\/i0.wp.com\/libreriaguadalupe.com.ar\/libreria\/wp-content\/uploads\/2023\/02\/Melchor-Gaspar-y-Baltasar-Tapa-chico.jpg?fit=759%2C500&ssl=1&resize=525%2C300 1.5x, https:\/\/i0.wp.com\/libreriaguadalupe.com.ar\/libreria\/wp-content\/uploads\/2023\/02\/Melchor-Gaspar-y-Baltasar-Tapa-chico.jpg?fit=759%2C500&ssl=1&resize=700%2C400 2x"},"classes":[]},{"id":14939,"url":"https:\/\/libreriaguadalupe.com.ar\/libreria\/producto\/biblia-e-infancia-reflexiones-y-recursos-para-adviento-navidad-cuaresma-y-pascua-2\/","url_meta":{"origin":18438,"position":3},"title":"Biblia e infancia","author":"admin","date":"07\/02\/2023","format":false,"excerpt":"Reflexiones y recursos para Adviento, Navidad, Cuaresma y Pascua AUTOR: LEVAGGI CONSTANZA [ VER M\u00c1S OBRAS ] ISBN: 9505007356 200 p\u00e1gs. 16 x 26 cm","rel":"","context":"Entrada similar","block_context":{"text":"Entrada similar","link":""},"img":{"alt_text":"BIBLIA E INFANCIA Reflexiones y recursos","src":"https:\/\/i0.wp.com\/libreriaguadalupe.com.ar\/libreria\/wp-content\/uploads\/2023\/03\/BIBLIA-E-INFANCIA-Reflexiones-y-recursos.png?fit=1039%2C1200&ssl=1&resize=350%2C200","width":350,"height":200,"srcset":"https:\/\/i0.wp.com\/libreriaguadalupe.com.ar\/libreria\/wp-content\/uploads\/2023\/03\/BIBLIA-E-INFANCIA-Reflexiones-y-recursos.png?fit=1039%2C1200&ssl=1&resize=350%2C200 1x, https:\/\/i0.wp.com\/libreriaguadalupe.com.ar\/libreria\/wp-content\/uploads\/2023\/03\/BIBLIA-E-INFANCIA-Reflexiones-y-recursos.png?fit=1039%2C1200&ssl=1&resize=525%2C300 1.5x, https:\/\/i0.wp.com\/libreriaguadalupe.com.ar\/libreria\/wp-content\/uploads\/2023\/03\/BIBLIA-E-INFANCIA-Reflexiones-y-recursos.png?fit=1039%2C1200&ssl=1&resize=700%2C400 2x"},"classes":[]},{"id":18624,"url":"https:\/\/libreriaguadalupe.com.ar\/libreria\/producto\/borgo-valsugana\/","url_meta":{"origin":18438,"position":4},"title":"Borgo Valsugana","author":"Mariano Zuqui","date":"17\/02\/2025","format":false,"excerpt":"Autor: Augusto Jos\u00e9 T\u00edtulo: \u201cBorgo Valsugana - Historias de vida, esperanza y valores\u201d ISBN:978-950-500-945-9 Formato:\u00a0 15.5 x 22.5 cms Interior: 1\/1 color Papel: Boockcel 80 N\u00ba de P\u00e1ginas: 334. Tapa: Cartulina - Laminado mate. Encuadernaci\u00f3n: Binder","rel":"","context":"Entrada similar","block_context":{"text":"Entrada similar","link":""},"img":{"alt_text":"Borgo Valsugana","src":"https:\/\/i0.wp.com\/libreriaguadalupe.com.ar\/libreria\/wp-content\/uploads\/2025\/02\/1-1.png?fit=960%2C1200&ssl=1&resize=350%2C200","width":350,"height":200,"srcset":"https:\/\/i0.wp.com\/libreriaguadalupe.com.ar\/libreria\/wp-content\/uploads\/2025\/02\/1-1.png?fit=960%2C1200&ssl=1&resize=350%2C200 1x, https:\/\/i0.wp.com\/libreriaguadalupe.com.ar\/libreria\/wp-content\/uploads\/2025\/02\/1-1.png?fit=960%2C1200&ssl=1&resize=525%2C300 1.5x, https:\/\/i0.wp.com\/libreriaguadalupe.com.ar\/libreria\/wp-content\/uploads\/2025\/02\/1-1.png?fit=960%2C1200&ssl=1&resize=700%2C400 2x"},"classes":[]},{"id":16943,"url":"https:\/\/libreriaguadalupe.com.ar\/libreria\/producto\/cuentame-la-biblia\/","url_meta":{"origin":18438,"position":5},"title":"Cu\u00e9ntame la Biblia","author":"admin","date":"23\/03\/2023","format":false,"excerpt":"[edici\u00f3n carton\u00e9 acolchado] Autor: JOSE LUIS ALVAR ISBN: 8490737200 Dimensiones: 16,5 x 22,5 cm P\u00e1ginas: 136","rel":"","context":"Entrada similar","block_context":{"text":"Entrada similar","link":""},"img":{"alt_text":"","src":"https:\/\/i0.wp.com\/libreriaguadalupe.com.ar\/libreria\/wp-content\/uploads\/2023\/03\/Cuentame-la-Biblia.jpg?fit=380%2C586&ssl=1&resize=350%2C200","width":350,"height":200},"classes":[]}],"_links":{"self":[{"href":"https:\/\/libreriaguadalupe.com.ar\/libreria\/wp-json\/wp\/v2\/product\/18438","targetHints":{"allow":["GET"]}}],"collection":[{"href":"https:\/\/libreriaguadalupe.com.ar\/libreria\/wp-json\/wp\/v2\/product"}],"about":[{"href":"https:\/\/libreriaguadalupe.com.ar\/libreria\/wp-json\/wp\/v2\/types\/product"}],"replies":[{"embeddable":true,"href":"https:\/\/libreriaguadalupe.com.ar\/libreria\/wp-json\/wp\/v2\/comments?post=18438"}],"version-history":[{"count":3,"href":"https:\/\/libreriaguadalupe.com.ar\/libreria\/wp-json\/wp\/v2\/product\/18438\/revisions"}],"predecessor-version":[{"id":18985,"href":"https:\/\/libreriaguadalupe.com.ar\/libreria\/wp-json\/wp\/v2\/product\/18438\/revisions\/18985"}],"wp:featuredmedia":[{"embeddable":true,"href":"https:\/\/libreriaguadalupe.com.ar\/libreria\/wp-json\/wp\/v2\/media\/18440"}],"wp:attachment":[{"href":"https:\/\/libreriaguadalupe.com.ar\/libreria\/wp-json\/wp\/v2\/media?parent=18438"}],"wp:term":[{"taxonomy":"product_brand","embeddable":true,"href":"https:\/\/libreriaguadalupe.com.ar\/libreria\/wp-json\/wp\/v2\/product_brand?post=18438"},{"taxonomy":"product_cat","embeddable":true,"href":"https:\/\/libreriaguadalupe.com.ar\/libreria\/wp-json\/wp\/v2\/product_cat?post=18438"},{"taxonomy":"product_tag","embeddable":true,"href":"https:\/\/libreriaguadalupe.com.ar\/libreria\/wp-json\/wp\/v2\/product_tag?post=18438"}],"curies":[{"name":"wp","href":"https:\/\/api.w.org\/{rel}","templated":true}]}}