{"id":18281,"date":"2024-09-04T11:20:24","date_gmt":"2024-09-04T14:20:24","guid":{"rendered":"https:\/\/libreriaguadalupe.com.ar\/libreria\/?post_type=product&#038;p=18281"},"modified":"2024-11-06T10:08:30","modified_gmt":"2024-11-06T13:08:30","slug":"pies-descalzos-monte-adentro","status":"publish","type":"product","link":"https:\/\/libreriaguadalupe.com.ar\/libreria\/producto\/pies-descalzos-monte-adentro\/","title":{"rendered":"Pies descalzos monte adentro"},"content":{"rendered":"<p>\u00abEste es un testimonio de lo peque\u00f1o desde lo peque\u00f1o. Una peque\u00f1a vocaci\u00f3n volcada en un peque\u00f1o lugar del mapa argentino. Simple y carnal, perdida y encontrada en el monte santiague\u00f1o, donde un peque\u00f1o claro despu\u00e9s de la picada, con un rancho, se hace pesebre de Bel\u00e9n y donde los changuitos que nacen llevan en los ojos la mirada anhelante de amor del mismo Cristo.<\/p>\n<p>La Hermana Lisbeth, esta peque\u00f1a hermanita de los senderos, protegida por el manto verde de la Virgen Madre de Jes\u00fas en el medio del monte, abre su naturalidad a lo sobrenatural que encierra el llamado a ser disc\u00edpulos misioneros de Cristo, derramando toda la fe, la esperanza y el amor\u00bb.<\/p>\n<p>Ser, estar y pertenecer a otros y a otro lugar. \u00bfC\u00f3mo descalzarse, acoger, compartir y vivir la vida con otros? \u00bfC\u00f3mo dejar de lado el \u00abyo\u00bb para convertirlo en \u00abnosotros\u00bb? No creo tener las respuestas a estos interrogantes, tampoco creo que hay una sola respuesta para ellas, si intuyo que en el caminar de la vida uno tiene que ir aprendiendo a ser, plena y verdaderamente feliz, a estar en cuerpo y alma en el ahora, en el momento presente, a pertenecer a un lugar, a personas, a uno mismo y a todos.<\/p>\n<p>Nuestra Se\u00f1ora de Huachana tiene el manto de color verde, que es esperanza, representa el monte donde quiso dejar su casa, no hay otro mejor lugar que encontrarnos ah\u00ed, siendo conscientes que estamos vivos, que volvemos a nacer, que vivimos en sinton\u00eda y en comuni\u00f3n con los dem\u00e1s hermanos y con la naturaleza, porque ese manto verde nos abriga y cubre a todos, nos recuerda que debemos cuidar y proteger toda creatura, toda la creaci\u00f3n. Ella es la Madre de la Vida, la peregrina de la Esperanza, la mensajera de Jes\u00fas. La que nos da a Luz.<\/p>\n","protected":false},"excerpt":{"rendered":"<p><strong>Una experiencia misionera<\/strong><\/p>\n<p><img decoding=\"async\" class=\"alignnone size-full wp-image-16595\" src=\"https:\/\/libreriaguadalupe.com.ar\/libreria\/wp-content\/uploads\/2023\/03\/nuevo.png\" alt=\"\" width=\"200\" height=\"125\" \/><\/p>\n<p>Autor: LISBETH ACETUN<strong><br \/>\n<\/strong>ISBN: 978 950 500 936 7<br \/>\nDimensiones: 14 x 20 cm<br \/>\nP\u00e1ginas: 48<\/p>\n","protected":false},"featured_media":18282,"comment_status":"open","ping_status":"closed","template":"","meta":{"jetpack_publicize_message":"","jetpack_publicize_feature_enabled":true,"jetpack_social_post_already_shared":true,"jetpack_social_options":{"image_generator_settings":{"template":"highway","default_image_id":0,"font":"","enabled":false},"version":2}},"product_brand":[],"product_cat":[125,88,121],"product_tag":[127],"class_list":{"0":"post-18281","1":"product","2":"type-product","3":"status-publish","4":"has-post-thumbnail","6":"product_cat-novedades","7":"product_cat-espiritualidad-cultura-social","8":"product_cat-guadalupe","9":"product_tag-editorial-guadalupe-de-argentina","11":"first","12":"outofstock","13":"shipping-taxable","14":"purchasable","15":"product-type-simple"},"yoast_head":"<!-- This site is optimized with the Yoast SEO plugin v27.4 - https:\/\/yoast.com\/product\/yoast-seo-wordpress\/ -->\n<title>Pies descalzos monte adentro - Editorial Guadalupe de Argentina<\/title>\n<meta name=\"description\" content=\"Ser, estar y pertenecer a otros y a otro lugar. \u00bfC\u00f3mo descalzarse, acoger, compartir y vivir la vida con otros? \u00bfC\u00f3mo dejar de lado el &quot;yo&quot; para convertirlo en &quot;nosotros&quot;? No creo tener las respuestas a estos interrogantes,\" \/>\n<meta name=\"robots\" content=\"index, follow, max-snippet:-1, max-image-preview:large, max-video-preview:-1\" \/>\n<link rel=\"canonical\" href=\"https:\/\/libreriaguadalupe.com.ar\/libreria\/producto\/pies-descalzos-monte-adentro\/\" \/>\n<meta property=\"og:locale\" content=\"es_ES\" \/>\n<meta property=\"og:type\" content=\"article\" \/>\n<meta property=\"og:title\" content=\"Pies descalzos monte adentro - Editorial Guadalupe de Argentina\" \/>\n<meta property=\"og:description\" content=\"Ser, estar y pertenecer a otros y a otro lugar. \u00bfC\u00f3mo descalzarse, acoger, compartir y vivir la vida con otros? \u00bfC\u00f3mo dejar de lado el &quot;yo&quot; para convertirlo en &quot;nosotros&quot;? No creo tener las respuestas a estos interrogantes,\" \/>\n<meta property=\"og:url\" content=\"https:\/\/libreriaguadalupe.com.ar\/libreria\/producto\/pies-descalzos-monte-adentro\/\" \/>\n<meta property=\"og:site_name\" content=\"Editorial Guadalupe de Argentina\" \/>\n<meta property=\"article:publisher\" content=\"https:\/\/www.facebook.com\/LibreriaGuadalupeAR\/\" \/>\n<meta property=\"article:modified_time\" content=\"2024-11-06T13:08:30+00:00\" \/>\n<meta property=\"og:image\" content=\"https:\/\/libreriaguadalupe.com.ar\/libreria\/wp-content\/uploads\/2024\/09\/NOVEDAD-TIENDA-SEPTIEMBRE.jpg\" \/>\n\t<meta property=\"og:image:width\" content=\"470\" \/>\n\t<meta property=\"og:image:height\" content=\"470\" \/>\n\t<meta property=\"og:image:type\" content=\"image\/jpeg\" \/>\n<meta name=\"twitter:card\" content=\"summary_large_image\" \/>\n<meta name=\"twitter:label1\" content=\"Tiempo de lectura\" \/>\n\t<meta name=\"twitter:data1\" content=\"2 minutos\" \/>\n<script type=\"application\/ld+json\" class=\"yoast-schema-graph\">{\"@context\":\"https:\\\/\\\/schema.org\",\"@graph\":[{\"@type\":\"WebPage\",\"@id\":\"https:\\\/\\\/libreriaguadalupe.com.ar\\\/libreria\\\/producto\\\/pies-descalzos-monte-adentro\\\/\",\"url\":\"https:\\\/\\\/libreriaguadalupe.com.ar\\\/libreria\\\/producto\\\/pies-descalzos-monte-adentro\\\/\",\"name\":\"Pies descalzos monte adentro - Editorial Guadalupe de Argentina\",\"isPartOf\":{\"@id\":\"https:\\\/\\\/libreriaguadalupe.com.ar\\\/libreria\\\/#website\"},\"primaryImageOfPage\":{\"@id\":\"https:\\\/\\\/libreriaguadalupe.com.ar\\\/libreria\\\/producto\\\/pies-descalzos-monte-adentro\\\/#primaryimage\"},\"image\":{\"@id\":\"https:\\\/\\\/libreriaguadalupe.com.ar\\\/libreria\\\/producto\\\/pies-descalzos-monte-adentro\\\/#primaryimage\"},\"thumbnailUrl\":\"https:\\\/\\\/i0.wp.com\\\/libreriaguadalupe.com.ar\\\/libreria\\\/wp-content\\\/uploads\\\/2024\\\/09\\\/NOVEDAD-TIENDA-SEPTIEMBRE.jpg?fit=470%2C470&ssl=1\",\"datePublished\":\"2024-09-04T14:20:24+00:00\",\"dateModified\":\"2024-11-06T13:08:30+00:00\",\"description\":\"Ser, estar y pertenecer a otros y a otro lugar. \u00bfC\u00f3mo descalzarse, acoger, compartir y vivir la vida con otros? \u00bfC\u00f3mo dejar de lado el \\\"yo\\\" para convertirlo en \\\"nosotros\\\"? No creo tener las respuestas a estos interrogantes,\",\"breadcrumb\":{\"@id\":\"https:\\\/\\\/libreriaguadalupe.com.ar\\\/libreria\\\/producto\\\/pies-descalzos-monte-adentro\\\/#breadcrumb\"},\"inLanguage\":\"es\",\"potentialAction\":[{\"@type\":\"ReadAction\",\"target\":[\"https:\\\/\\\/libreriaguadalupe.com.ar\\\/libreria\\\/producto\\\/pies-descalzos-monte-adentro\\\/\"]}]},{\"@type\":\"ImageObject\",\"inLanguage\":\"es\",\"@id\":\"https:\\\/\\\/libreriaguadalupe.com.ar\\\/libreria\\\/producto\\\/pies-descalzos-monte-adentro\\\/#primaryimage\",\"url\":\"https:\\\/\\\/i0.wp.com\\\/libreriaguadalupe.com.ar\\\/libreria\\\/wp-content\\\/uploads\\\/2024\\\/09\\\/NOVEDAD-TIENDA-SEPTIEMBRE.jpg?fit=470%2C470&ssl=1\",\"contentUrl\":\"https:\\\/\\\/i0.wp.com\\\/libreriaguadalupe.com.ar\\\/libreria\\\/wp-content\\\/uploads\\\/2024\\\/09\\\/NOVEDAD-TIENDA-SEPTIEMBRE.jpg?fit=470%2C470&ssl=1\",\"width\":470,\"height\":470},{\"@type\":\"BreadcrumbList\",\"@id\":\"https:\\\/\\\/libreriaguadalupe.com.ar\\\/libreria\\\/producto\\\/pies-descalzos-monte-adentro\\\/#breadcrumb\",\"itemListElement\":[{\"@type\":\"ListItem\",\"position\":1,\"name\":\"Portada\",\"item\":\"https:\\\/\\\/libreriaguadalupe.com.ar\\\/libreria\\\/\"},{\"@type\":\"ListItem\",\"position\":2,\"name\":\"Tienda\",\"item\":\"https:\\\/\\\/libreriaguadalupe.com.ar\\\/libreria\\\/\"},{\"@type\":\"ListItem\",\"position\":3,\"name\":\"Pies descalzos monte adentro\"}]},{\"@type\":\"WebSite\",\"@id\":\"https:\\\/\\\/libreriaguadalupe.com.ar\\\/libreria\\\/#website\",\"url\":\"https:\\\/\\\/libreriaguadalupe.com.ar\\\/libreria\\\/\",\"name\":\"Editorial Guadalupe de Argentina\",\"description\":\"Congregaci\u00f3n del Verbo Divino\",\"publisher\":{\"@id\":\"https:\\\/\\\/libreriaguadalupe.com.ar\\\/libreria\\\/#organization\"},\"alternateName\":\"Librer\u00eda Guadalupe\",\"potentialAction\":[{\"@type\":\"SearchAction\",\"target\":{\"@type\":\"EntryPoint\",\"urlTemplate\":\"https:\\\/\\\/libreriaguadalupe.com.ar\\\/libreria\\\/?s={search_term_string}\"},\"query-input\":{\"@type\":\"PropertyValueSpecification\",\"valueRequired\":true,\"valueName\":\"search_term_string\"}}],\"inLanguage\":\"es\"},{\"@type\":\"Organization\",\"@id\":\"https:\\\/\\\/libreriaguadalupe.com.ar\\\/libreria\\\/#organization\",\"name\":\"Editorial Guadalupe\",\"alternateName\":\"Librer\u00eda Guadalupe\",\"url\":\"https:\\\/\\\/libreriaguadalupe.com.ar\\\/libreria\\\/\",\"logo\":{\"@type\":\"ImageObject\",\"inLanguage\":\"es\",\"@id\":\"https:\\\/\\\/libreriaguadalupe.com.ar\\\/libreria\\\/#\\\/schema\\\/logo\\\/image\\\/\",\"url\":\"https:\\\/\\\/i0.wp.com\\\/libreriaguadalupe.com.ar\\\/libreria\\\/wp-content\\\/uploads\\\/2023\\\/01\\\/cropped-logo-editorial-guadalupe.webp?fit=500%2C100&ssl=1\",\"contentUrl\":\"https:\\\/\\\/i0.wp.com\\\/libreriaguadalupe.com.ar\\\/libreria\\\/wp-content\\\/uploads\\\/2023\\\/01\\\/cropped-logo-editorial-guadalupe.webp?fit=500%2C100&ssl=1\",\"width\":500,\"height\":100,\"caption\":\"Editorial Guadalupe\"},\"image\":{\"@id\":\"https:\\\/\\\/libreriaguadalupe.com.ar\\\/libreria\\\/#\\\/schema\\\/logo\\\/image\\\/\"},\"sameAs\":[\"https:\\\/\\\/www.facebook.com\\\/LibreriaGuadalupeAR\\\/\",\"https:\\\/\\\/www.instagram.com\\\/editorialguadalupe\\\/\",\"https:\\\/\\\/guadalupeeditorial.mercadoshops.com.ar\\\/\"]}]}<\/script>\n<!-- \/ Yoast SEO plugin. -->","yoast_head_json":{"title":"Pies descalzos monte adentro - Editorial Guadalupe de Argentina","description":"Ser, estar y pertenecer a otros y a otro lugar. \u00bfC\u00f3mo descalzarse, acoger, compartir y vivir la vida con otros? \u00bfC\u00f3mo dejar de lado el \"yo\" para convertirlo en \"nosotros\"? No creo tener las respuestas a estos interrogantes,","robots":{"index":"index","follow":"follow","max-snippet":"max-snippet:-1","max-image-preview":"max-image-preview:large","max-video-preview":"max-video-preview:-1"},"canonical":"https:\/\/libreriaguadalupe.com.ar\/libreria\/producto\/pies-descalzos-monte-adentro\/","og_locale":"es_ES","og_type":"article","og_title":"Pies descalzos monte adentro - Editorial Guadalupe de Argentina","og_description":"Ser, estar y pertenecer a otros y a otro lugar. \u00bfC\u00f3mo descalzarse, acoger, compartir y vivir la vida con otros? \u00bfC\u00f3mo dejar de lado el \"yo\" para convertirlo en \"nosotros\"? No creo tener las respuestas a estos interrogantes,","og_url":"https:\/\/libreriaguadalupe.com.ar\/libreria\/producto\/pies-descalzos-monte-adentro\/","og_site_name":"Editorial Guadalupe de Argentina","article_publisher":"https:\/\/www.facebook.com\/LibreriaGuadalupeAR\/","article_modified_time":"2024-11-06T13:08:30+00:00","og_image":[{"width":470,"height":470,"url":"https:\/\/libreriaguadalupe.com.ar\/libreria\/wp-content\/uploads\/2024\/09\/NOVEDAD-TIENDA-SEPTIEMBRE.jpg","type":"image\/jpeg"}],"twitter_card":"summary_large_image","twitter_misc":{"Tiempo de lectura":"2 minutos"},"schema":{"@context":"https:\/\/schema.org","@graph":[{"@type":"WebPage","@id":"https:\/\/libreriaguadalupe.com.ar\/libreria\/producto\/pies-descalzos-monte-adentro\/","url":"https:\/\/libreriaguadalupe.com.ar\/libreria\/producto\/pies-descalzos-monte-adentro\/","name":"Pies descalzos monte adentro - Editorial Guadalupe de Argentina","isPartOf":{"@id":"https:\/\/libreriaguadalupe.com.ar\/libreria\/#website"},"primaryImageOfPage":{"@id":"https:\/\/libreriaguadalupe.com.ar\/libreria\/producto\/pies-descalzos-monte-adentro\/#primaryimage"},"image":{"@id":"https:\/\/libreriaguadalupe.com.ar\/libreria\/producto\/pies-descalzos-monte-adentro\/#primaryimage"},"thumbnailUrl":"https:\/\/i0.wp.com\/libreriaguadalupe.com.ar\/libreria\/wp-content\/uploads\/2024\/09\/NOVEDAD-TIENDA-SEPTIEMBRE.jpg?fit=470%2C470&ssl=1","datePublished":"2024-09-04T14:20:24+00:00","dateModified":"2024-11-06T13:08:30+00:00","description":"Ser, estar y pertenecer a otros y a otro lugar. \u00bfC\u00f3mo descalzarse, acoger, compartir y vivir la vida con otros? \u00bfC\u00f3mo dejar de lado el \"yo\" para convertirlo en \"nosotros\"? No creo tener las respuestas a estos interrogantes,","breadcrumb":{"@id":"https:\/\/libreriaguadalupe.com.ar\/libreria\/producto\/pies-descalzos-monte-adentro\/#breadcrumb"},"inLanguage":"es","potentialAction":[{"@type":"ReadAction","target":["https:\/\/libreriaguadalupe.com.ar\/libreria\/producto\/pies-descalzos-monte-adentro\/"]}]},{"@type":"ImageObject","inLanguage":"es","@id":"https:\/\/libreriaguadalupe.com.ar\/libreria\/producto\/pies-descalzos-monte-adentro\/#primaryimage","url":"https:\/\/i0.wp.com\/libreriaguadalupe.com.ar\/libreria\/wp-content\/uploads\/2024\/09\/NOVEDAD-TIENDA-SEPTIEMBRE.jpg?fit=470%2C470&ssl=1","contentUrl":"https:\/\/i0.wp.com\/libreriaguadalupe.com.ar\/libreria\/wp-content\/uploads\/2024\/09\/NOVEDAD-TIENDA-SEPTIEMBRE.jpg?fit=470%2C470&ssl=1","width":470,"height":470},{"@type":"BreadcrumbList","@id":"https:\/\/libreriaguadalupe.com.ar\/libreria\/producto\/pies-descalzos-monte-adentro\/#breadcrumb","itemListElement":[{"@type":"ListItem","position":1,"name":"Portada","item":"https:\/\/libreriaguadalupe.com.ar\/libreria\/"},{"@type":"ListItem","position":2,"name":"Tienda","item":"https:\/\/libreriaguadalupe.com.ar\/libreria\/"},{"@type":"ListItem","position":3,"name":"Pies descalzos monte adentro"}]},{"@type":"WebSite","@id":"https:\/\/libreriaguadalupe.com.ar\/libreria\/#website","url":"https:\/\/libreriaguadalupe.com.ar\/libreria\/","name":"Editorial Guadalupe de Argentina","description":"Congregaci\u00f3n del Verbo Divino","publisher":{"@id":"https:\/\/libreriaguadalupe.com.ar\/libreria\/#organization"},"alternateName":"Librer\u00eda Guadalupe","potentialAction":[{"@type":"SearchAction","target":{"@type":"EntryPoint","urlTemplate":"https:\/\/libreriaguadalupe.com.ar\/libreria\/?s={search_term_string}"},"query-input":{"@type":"PropertyValueSpecification","valueRequired":true,"valueName":"search_term_string"}}],"inLanguage":"es"},{"@type":"Organization","@id":"https:\/\/libreriaguadalupe.com.ar\/libreria\/#organization","name":"Editorial Guadalupe","alternateName":"Librer\u00eda Guadalupe","url":"https:\/\/libreriaguadalupe.com.ar\/libreria\/","logo":{"@type":"ImageObject","inLanguage":"es","@id":"https:\/\/libreriaguadalupe.com.ar\/libreria\/#\/schema\/logo\/image\/","url":"https:\/\/i0.wp.com\/libreriaguadalupe.com.ar\/libreria\/wp-content\/uploads\/2023\/01\/cropped-logo-editorial-guadalupe.webp?fit=500%2C100&ssl=1","contentUrl":"https:\/\/i0.wp.com\/libreriaguadalupe.com.ar\/libreria\/wp-content\/uploads\/2023\/01\/cropped-logo-editorial-guadalupe.webp?fit=500%2C100&ssl=1","width":500,"height":100,"caption":"Editorial Guadalupe"},"image":{"@id":"https:\/\/libreriaguadalupe.com.ar\/libreria\/#\/schema\/logo\/image\/"},"sameAs":["https:\/\/www.facebook.com\/LibreriaGuadalupeAR\/","https:\/\/www.instagram.com\/editorialguadalupe\/","https:\/\/guadalupeeditorial.mercadoshops.com.ar\/"]}]}},"jetpack_publicize_connections":[],"jetpack_sharing_enabled":true,"jetpack-related-posts":[{"id":16753,"url":"https:\/\/libreriaguadalupe.com.ar\/libreria\/producto\/mi-cristo-roto\/","url_meta":{"origin":18281,"position":0},"title":"Mi Cristo Roto","author":"admin","date":"20\/03\/2023","format":false,"excerpt":"Edici\u00f3n 23 Autor: Ram\u00f3n Cu\u00e9 ISBN: Dimensiones: 19 x 12 cm P\u00e1ginas: 144","rel":"","context":"Entrada similar","block_context":{"text":"Entrada similar","link":""},"img":{"alt_text":"","src":"https:\/\/i0.wp.com\/libreriaguadalupe.com.ar\/libreria\/wp-content\/uploads\/2023\/03\/Mi-cristo-roto-ed23.jpeg?fit=347%2C500&ssl=1&resize=350%2C200","width":350,"height":200},"classes":[]},{"id":18211,"url":"https:\/\/libreriaguadalupe.com.ar\/libreria\/producto\/el-tigre-de-santa-barbara\/","url_meta":{"origin":18281,"position":1},"title":"El tigre de Santa B\u00e1rbara","author":"admin","date":"14\/08\/2024","format":false,"excerpt":"Autor: JOS\u00c9 MURILLO ISBN: 9505005727 Dimensiones: 14 x 20 cm P\u00e1ginas: 152","rel":"","context":"Entrada similar","block_context":{"text":"Entrada similar","link":""},"img":{"alt_text":"","src":"https:\/\/i0.wp.com\/libreriaguadalupe.com.ar\/libreria\/wp-content\/uploads\/2024\/08\/El-Tigre-de-Santa-Barbara.png?fit=923%2C1200&ssl=1&resize=350%2C200","width":350,"height":200,"srcset":"https:\/\/i0.wp.com\/libreriaguadalupe.com.ar\/libreria\/wp-content\/uploads\/2024\/08\/El-Tigre-de-Santa-Barbara.png?fit=923%2C1200&ssl=1&resize=350%2C200 1x, https:\/\/i0.wp.com\/libreriaguadalupe.com.ar\/libreria\/wp-content\/uploads\/2024\/08\/El-Tigre-de-Santa-Barbara.png?fit=923%2C1200&ssl=1&resize=525%2C300 1.5x, https:\/\/i0.wp.com\/libreriaguadalupe.com.ar\/libreria\/wp-content\/uploads\/2024\/08\/El-Tigre-de-Santa-Barbara.png?fit=923%2C1200&ssl=1&resize=700%2C400 2x"},"classes":[]},{"id":16115,"url":"https:\/\/libreriaguadalupe.com.ar\/libreria\/producto\/diario-biblico-2023\/","url_meta":{"origin":18281,"position":2},"title":"Diario B\u00edblico 2023","author":"admin","date":"12\/02\/2023","format":false,"excerpt":"Mar\u00eda, madre del Evangelio Viviente, Manantial de alegr\u00eda para los peque\u00f1os, Ruega por nosotros. Am\u00e9n. Aleluya AUTOR: EQUIPO EDITORIAL ISBN: 0000000711","rel":"","context":"Entrada similar","block_context":{"text":"Entrada similar","link":""},"img":{"alt_text":"","src":"https:\/\/i0.wp.com\/libreriaguadalupe.com.ar\/libreria\/wp-content\/uploads\/2023\/02\/Diario-Biblico-2023-Tapa-Guadalupe-1-chico.jpg?fit=398%2C550&ssl=1&resize=350%2C200","width":350,"height":200},"classes":[]},{"id":14693,"url":"https:\/\/libreriaguadalupe.com.ar\/libreria\/producto\/novedad-pequena-semilla\/","url_meta":{"origin":18281,"position":3},"title":"PEQUE\u00d1A SEMILLA","author":"admin","date":"05\/02\/2023","format":false,"excerpt":"AUTOR: ROGELIO GERARDO ISBN: 9505008834","rel":"","context":"Entrada similar","block_context":{"text":"Entrada similar","link":""},"img":{"alt_text":"","src":"https:\/\/i0.wp.com\/libreriaguadalupe.com.ar\/libreria\/wp-content\/uploads\/2023\/02\/Pequena-semilla-Tapa-chico.jpg?fit=343%2C500&ssl=1&resize=350%2C200","width":350,"height":200},"classes":[]},{"id":15924,"url":"https:\/\/libreriaguadalupe.com.ar\/libreria\/producto\/huespedes-de-un-amor\/","url_meta":{"origin":18281,"position":4},"title":"Hu\u00e9spedes de un amor","author":"admin","date":"12\/02\/2023","format":false,"excerpt":"Encuentros para grupos de matrimonios AUTOR: AVELLANEDA CARLOS [ VER M\u00c1S OBRAS ] ISBN: 9789505007783 PAGINAS: 54 MEDIDAS: 20 X 14 CM.","rel":"","context":"Entrada similar","block_context":{"text":"Entrada similar","link":""},"img":{"alt_text":"Hu\u00e9spedes de un amor","src":"https:\/\/i0.wp.com\/libreriaguadalupe.com.ar\/libreria\/wp-content\/uploads\/2023\/02\/Huespedes-de-un-amor.jpg?fit=407%2C608&ssl=1&resize=350%2C200","width":350,"height":200},"classes":[]},{"id":17628,"url":"https:\/\/libreriaguadalupe.com.ar\/libreria\/producto\/novena-a-san-ramon-nonato\/","url_meta":{"origin":18281,"position":5},"title":"Novena a San Ram\u00f3n Nonato","author":"admin","date":"31\/10\/2023","format":false,"excerpt":"Patrono de las embarazadas y de las mujeres que desean concebir un hijo Autor: PATRICIA IN\u00c9S GUERRA ISBN: 978-950-500-622-9 Dimensiones: 11 x 17 cm P\u00e1ginas: 64","rel":"","context":"Entrada similar","block_context":{"text":"Entrada similar","link":""},"img":{"alt_text":"","src":"https:\/\/i0.wp.com\/libreriaguadalupe.com.ar\/libreria\/wp-content\/uploads\/2023\/10\/Novena-a-San-Ramon-Nonato-Tapa.png?fit=1039%2C1200&ssl=1&resize=350%2C200","width":350,"height":200,"srcset":"https:\/\/i0.wp.com\/libreriaguadalupe.com.ar\/libreria\/wp-content\/uploads\/2023\/10\/Novena-a-San-Ramon-Nonato-Tapa.png?fit=1039%2C1200&ssl=1&resize=350%2C200 1x, https:\/\/i0.wp.com\/libreriaguadalupe.com.ar\/libreria\/wp-content\/uploads\/2023\/10\/Novena-a-San-Ramon-Nonato-Tapa.png?fit=1039%2C1200&ssl=1&resize=525%2C300 1.5x, https:\/\/i0.wp.com\/libreriaguadalupe.com.ar\/libreria\/wp-content\/uploads\/2023\/10\/Novena-a-San-Ramon-Nonato-Tapa.png?fit=1039%2C1200&ssl=1&resize=700%2C400 2x"},"classes":[]}],"_links":{"self":[{"href":"https:\/\/libreriaguadalupe.com.ar\/libreria\/wp-json\/wp\/v2\/product\/18281","targetHints":{"allow":["GET"]}}],"collection":[{"href":"https:\/\/libreriaguadalupe.com.ar\/libreria\/wp-json\/wp\/v2\/product"}],"about":[{"href":"https:\/\/libreriaguadalupe.com.ar\/libreria\/wp-json\/wp\/v2\/types\/product"}],"replies":[{"embeddable":true,"href":"https:\/\/libreriaguadalupe.com.ar\/libreria\/wp-json\/wp\/v2\/comments?post=18281"}],"version-history":[{"count":2,"href":"https:\/\/libreriaguadalupe.com.ar\/libreria\/wp-json\/wp\/v2\/product\/18281\/revisions"}],"predecessor-version":[{"id":18287,"href":"https:\/\/libreriaguadalupe.com.ar\/libreria\/wp-json\/wp\/v2\/product\/18281\/revisions\/18287"}],"wp:featuredmedia":[{"embeddable":true,"href":"https:\/\/libreriaguadalupe.com.ar\/libreria\/wp-json\/wp\/v2\/media\/18282"}],"wp:attachment":[{"href":"https:\/\/libreriaguadalupe.com.ar\/libreria\/wp-json\/wp\/v2\/media?parent=18281"}],"wp:term":[{"taxonomy":"product_brand","embeddable":true,"href":"https:\/\/libreriaguadalupe.com.ar\/libreria\/wp-json\/wp\/v2\/product_brand?post=18281"},{"taxonomy":"product_cat","embeddable":true,"href":"https:\/\/libreriaguadalupe.com.ar\/libreria\/wp-json\/wp\/v2\/product_cat?post=18281"},{"taxonomy":"product_tag","embeddable":true,"href":"https:\/\/libreriaguadalupe.com.ar\/libreria\/wp-json\/wp\/v2\/product_tag?post=18281"}],"curies":[{"name":"wp","href":"https:\/\/api.w.org\/{rel}","templated":true}]}}