{"id":18249,"date":"2024-08-27T17:44:26","date_gmt":"2024-08-27T20:44:26","guid":{"rendered":"https:\/\/libreriaguadalupe.com.ar\/libreria\/?post_type=product&#038;p=18249"},"modified":"2025-05-06T01:08:40","modified_gmt":"2025-05-06T04:08:40","slug":"la-compasion-nos-hace-felices","status":"publish","type":"product","link":"https:\/\/libreriaguadalupe.com.ar\/libreria\/producto\/la-compasion-nos-hace-felices\/","title":{"rendered":"La compasi\u00f3n nos hace felices"},"content":{"rendered":"<p>\u00bfPor qu\u00e9 esta sencilla historia o par\u00e1bola reviste vigencia despu\u00e9s de dos mil a\u00f1os? \u00bfAcaso, porque nos hemos acostumbrado a la indiferencia, a pasar de largo del hombre y nos gana el individualismo, desterrando as\u00ed de las relaciones humanas la actitud compasiva? \u00bfQui\u00e9n sabe? Lo cierto es que a nuestra sociedad, por algunos definida como sin hogar y sumida en una crisis de valores en sus relaciones humanas, le falta potenciar el don de la compasi\u00f3n hospitalaria m\u00e1s all\u00e1 de intereses particulares, partidarios o ideol\u00f3gicos, por encima de torpes nacionalismos, superando econom\u00edas reduccionistas, desterrando xenofobias&#8230;<\/p>\n","protected":false},"excerpt":{"rendered":"<p><img decoding=\"async\" class=\"alignnone size-full wp-image-16595\" src=\"https:\/\/libreriaguadalupe.com.ar\/libreria\/wp-content\/uploads\/2023\/03\/nuevo.png\" alt=\"\" width=\"200\" height=\"125\" \/><\/p>\n<p>Autor: MATEO BAUTISTA<br \/>\n<span style=\"color: #ffcc00;\"><strong><a style=\"color: #ffcc00;\" href=\"https:\/\/libreriaguadalupe.com.ar\/libreria\/?s=Bautista+Mateo&amp;post_type=product\">[ VER M\u00c1S OBRAS ]<\/a><\/strong><\/span><strong><br \/>\n<\/strong>ISBN: 978 950 500 935 0<br \/>\nDimensiones: 15 x 22 cm<br \/>\nP\u00e1ginas: 92<\/p>\n","protected":false},"featured_media":18250,"comment_status":"open","ping_status":"closed","template":"","meta":{"jetpack_publicize_message":"","jetpack_publicize_feature_enabled":true,"jetpack_social_post_already_shared":true,"jetpack_social_options":{"image_generator_settings":{"template":"highway","default_image_id":0,"font":"","enabled":false},"version":2}},"product_brand":[],"product_cat":[125,88,121],"product_tag":[127],"class_list":{"0":"post-18249","1":"product","2":"type-product","3":"status-publish","4":"has-post-thumbnail","6":"product_cat-novedades","7":"product_cat-espiritualidad-cultura-social","8":"product_cat-guadalupe","9":"product_tag-editorial-guadalupe-de-argentina","11":"first","12":"instock","13":"shipping-taxable","14":"purchasable","15":"product-type-simple"},"yoast_head":"<!-- This site is optimized with the Yoast SEO plugin v27.4 - https:\/\/yoast.com\/product\/yoast-seo-wordpress\/ -->\n<title>La compasi\u00f3n nos hace felices - Editorial Guadalupe de Argentina<\/title>\n<meta name=\"description\" content=\"A nuestra sociedad, por algunos definida como sin hogar y sumida en una crisis de valores en sus relaciones humanas, le falta potenciar el don de la compasi\u00f3n hospitalaria m\u00e1s all\u00e1 de intereses particulares\" \/>\n<meta name=\"robots\" content=\"index, follow, max-snippet:-1, max-image-preview:large, max-video-preview:-1\" \/>\n<link rel=\"canonical\" href=\"https:\/\/libreriaguadalupe.com.ar\/libreria\/producto\/la-compasion-nos-hace-felices\/\" \/>\n<meta property=\"og:locale\" content=\"es_ES\" \/>\n<meta property=\"og:type\" content=\"article\" \/>\n<meta property=\"og:title\" content=\"La compasi\u00f3n nos hace felices - Editorial Guadalupe de Argentina\" \/>\n<meta property=\"og:description\" content=\"A nuestra sociedad, por algunos definida como sin hogar y sumida en una crisis de valores en sus relaciones humanas, le falta potenciar el don de la compasi\u00f3n hospitalaria m\u00e1s all\u00e1 de intereses particulares\" \/>\n<meta property=\"og:url\" content=\"https:\/\/libreriaguadalupe.com.ar\/libreria\/producto\/la-compasion-nos-hace-felices\/\" \/>\n<meta property=\"og:site_name\" content=\"Editorial Guadalupe de Argentina\" \/>\n<meta property=\"article:publisher\" content=\"https:\/\/www.facebook.com\/LibreriaGuadalupeAR\/\" \/>\n<meta property=\"article:modified_time\" content=\"2025-05-06T04:08:40+00:00\" \/>\n<meta property=\"og:image\" content=\"https:\/\/libreriaguadalupe.com.ar\/libreria\/wp-content\/uploads\/2024\/08\/NOVEDAD-TIENDA-AGOSTO-5.jpg\" \/>\n\t<meta property=\"og:image:width\" content=\"470\" \/>\n\t<meta property=\"og:image:height\" content=\"470\" \/>\n\t<meta property=\"og:image:type\" content=\"image\/jpeg\" \/>\n<meta name=\"twitter:card\" content=\"summary_large_image\" \/>\n<meta name=\"twitter:label1\" content=\"Tiempo de lectura\" \/>\n\t<meta name=\"twitter:data1\" content=\"1 minuto\" \/>\n<script type=\"application\/ld+json\" class=\"yoast-schema-graph\">{\"@context\":\"https:\\\/\\\/schema.org\",\"@graph\":[{\"@type\":\"WebPage\",\"@id\":\"https:\\\/\\\/libreriaguadalupe.com.ar\\\/libreria\\\/producto\\\/la-compasion-nos-hace-felices\\\/\",\"url\":\"https:\\\/\\\/libreriaguadalupe.com.ar\\\/libreria\\\/producto\\\/la-compasion-nos-hace-felices\\\/\",\"name\":\"La compasi\u00f3n nos hace felices - Editorial Guadalupe de Argentina\",\"isPartOf\":{\"@id\":\"https:\\\/\\\/libreriaguadalupe.com.ar\\\/libreria\\\/#website\"},\"primaryImageOfPage\":{\"@id\":\"https:\\\/\\\/libreriaguadalupe.com.ar\\\/libreria\\\/producto\\\/la-compasion-nos-hace-felices\\\/#primaryimage\"},\"image\":{\"@id\":\"https:\\\/\\\/libreriaguadalupe.com.ar\\\/libreria\\\/producto\\\/la-compasion-nos-hace-felices\\\/#primaryimage\"},\"thumbnailUrl\":\"https:\\\/\\\/i0.wp.com\\\/libreriaguadalupe.com.ar\\\/libreria\\\/wp-content\\\/uploads\\\/2024\\\/08\\\/NOVEDAD-TIENDA-AGOSTO-5.jpg?fit=470%2C470&ssl=1\",\"datePublished\":\"2024-08-27T20:44:26+00:00\",\"dateModified\":\"2025-05-06T04:08:40+00:00\",\"description\":\"A nuestra sociedad, por algunos definida como sin hogar y sumida en una crisis de valores en sus relaciones humanas, le falta potenciar el don de la compasi\u00f3n hospitalaria m\u00e1s all\u00e1 de intereses particulares\",\"breadcrumb\":{\"@id\":\"https:\\\/\\\/libreriaguadalupe.com.ar\\\/libreria\\\/producto\\\/la-compasion-nos-hace-felices\\\/#breadcrumb\"},\"inLanguage\":\"es\",\"potentialAction\":[{\"@type\":\"ReadAction\",\"target\":[\"https:\\\/\\\/libreriaguadalupe.com.ar\\\/libreria\\\/producto\\\/la-compasion-nos-hace-felices\\\/\"]}]},{\"@type\":\"ImageObject\",\"inLanguage\":\"es\",\"@id\":\"https:\\\/\\\/libreriaguadalupe.com.ar\\\/libreria\\\/producto\\\/la-compasion-nos-hace-felices\\\/#primaryimage\",\"url\":\"https:\\\/\\\/i0.wp.com\\\/libreriaguadalupe.com.ar\\\/libreria\\\/wp-content\\\/uploads\\\/2024\\\/08\\\/NOVEDAD-TIENDA-AGOSTO-5.jpg?fit=470%2C470&ssl=1\",\"contentUrl\":\"https:\\\/\\\/i0.wp.com\\\/libreriaguadalupe.com.ar\\\/libreria\\\/wp-content\\\/uploads\\\/2024\\\/08\\\/NOVEDAD-TIENDA-AGOSTO-5.jpg?fit=470%2C470&ssl=1\",\"width\":470,\"height\":470},{\"@type\":\"BreadcrumbList\",\"@id\":\"https:\\\/\\\/libreriaguadalupe.com.ar\\\/libreria\\\/producto\\\/la-compasion-nos-hace-felices\\\/#breadcrumb\",\"itemListElement\":[{\"@type\":\"ListItem\",\"position\":1,\"name\":\"Portada\",\"item\":\"https:\\\/\\\/libreriaguadalupe.com.ar\\\/libreria\\\/\"},{\"@type\":\"ListItem\",\"position\":2,\"name\":\"Tienda\",\"item\":\"https:\\\/\\\/libreriaguadalupe.com.ar\\\/libreria\\\/\"},{\"@type\":\"ListItem\",\"position\":3,\"name\":\"La compasi\u00f3n nos hace felices\"}]},{\"@type\":\"WebSite\",\"@id\":\"https:\\\/\\\/libreriaguadalupe.com.ar\\\/libreria\\\/#website\",\"url\":\"https:\\\/\\\/libreriaguadalupe.com.ar\\\/libreria\\\/\",\"name\":\"Editorial Guadalupe de Argentina\",\"description\":\"Congregaci\u00f3n del Verbo Divino\",\"publisher\":{\"@id\":\"https:\\\/\\\/libreriaguadalupe.com.ar\\\/libreria\\\/#organization\"},\"alternateName\":\"Librer\u00eda Guadalupe\",\"potentialAction\":[{\"@type\":\"SearchAction\",\"target\":{\"@type\":\"EntryPoint\",\"urlTemplate\":\"https:\\\/\\\/libreriaguadalupe.com.ar\\\/libreria\\\/?s={search_term_string}\"},\"query-input\":{\"@type\":\"PropertyValueSpecification\",\"valueRequired\":true,\"valueName\":\"search_term_string\"}}],\"inLanguage\":\"es\"},{\"@type\":\"Organization\",\"@id\":\"https:\\\/\\\/libreriaguadalupe.com.ar\\\/libreria\\\/#organization\",\"name\":\"Editorial Guadalupe\",\"alternateName\":\"Librer\u00eda Guadalupe\",\"url\":\"https:\\\/\\\/libreriaguadalupe.com.ar\\\/libreria\\\/\",\"logo\":{\"@type\":\"ImageObject\",\"inLanguage\":\"es\",\"@id\":\"https:\\\/\\\/libreriaguadalupe.com.ar\\\/libreria\\\/#\\\/schema\\\/logo\\\/image\\\/\",\"url\":\"https:\\\/\\\/i0.wp.com\\\/libreriaguadalupe.com.ar\\\/libreria\\\/wp-content\\\/uploads\\\/2023\\\/01\\\/cropped-logo-editorial-guadalupe.webp?fit=500%2C100&ssl=1\",\"contentUrl\":\"https:\\\/\\\/i0.wp.com\\\/libreriaguadalupe.com.ar\\\/libreria\\\/wp-content\\\/uploads\\\/2023\\\/01\\\/cropped-logo-editorial-guadalupe.webp?fit=500%2C100&ssl=1\",\"width\":500,\"height\":100,\"caption\":\"Editorial Guadalupe\"},\"image\":{\"@id\":\"https:\\\/\\\/libreriaguadalupe.com.ar\\\/libreria\\\/#\\\/schema\\\/logo\\\/image\\\/\"},\"sameAs\":[\"https:\\\/\\\/www.facebook.com\\\/LibreriaGuadalupeAR\\\/\",\"https:\\\/\\\/www.instagram.com\\\/editorialguadalupe\\\/\",\"https:\\\/\\\/guadalupeeditorial.mercadoshops.com.ar\\\/\"]}]}<\/script>\n<!-- \/ Yoast SEO plugin. -->","yoast_head_json":{"title":"La compasi\u00f3n nos hace felices - Editorial Guadalupe de Argentina","description":"A nuestra sociedad, por algunos definida como sin hogar y sumida en una crisis de valores en sus relaciones humanas, le falta potenciar el don de la compasi\u00f3n hospitalaria m\u00e1s all\u00e1 de intereses particulares","robots":{"index":"index","follow":"follow","max-snippet":"max-snippet:-1","max-image-preview":"max-image-preview:large","max-video-preview":"max-video-preview:-1"},"canonical":"https:\/\/libreriaguadalupe.com.ar\/libreria\/producto\/la-compasion-nos-hace-felices\/","og_locale":"es_ES","og_type":"article","og_title":"La compasi\u00f3n nos hace felices - Editorial Guadalupe de Argentina","og_description":"A nuestra sociedad, por algunos definida como sin hogar y sumida en una crisis de valores en sus relaciones humanas, le falta potenciar el don de la compasi\u00f3n hospitalaria m\u00e1s all\u00e1 de intereses particulares","og_url":"https:\/\/libreriaguadalupe.com.ar\/libreria\/producto\/la-compasion-nos-hace-felices\/","og_site_name":"Editorial Guadalupe de Argentina","article_publisher":"https:\/\/www.facebook.com\/LibreriaGuadalupeAR\/","article_modified_time":"2025-05-06T04:08:40+00:00","og_image":[{"width":470,"height":470,"url":"https:\/\/libreriaguadalupe.com.ar\/libreria\/wp-content\/uploads\/2024\/08\/NOVEDAD-TIENDA-AGOSTO-5.jpg","type":"image\/jpeg"}],"twitter_card":"summary_large_image","twitter_misc":{"Tiempo de lectura":"1 minuto"},"schema":{"@context":"https:\/\/schema.org","@graph":[{"@type":"WebPage","@id":"https:\/\/libreriaguadalupe.com.ar\/libreria\/producto\/la-compasion-nos-hace-felices\/","url":"https:\/\/libreriaguadalupe.com.ar\/libreria\/producto\/la-compasion-nos-hace-felices\/","name":"La compasi\u00f3n nos hace felices - Editorial Guadalupe de Argentina","isPartOf":{"@id":"https:\/\/libreriaguadalupe.com.ar\/libreria\/#website"},"primaryImageOfPage":{"@id":"https:\/\/libreriaguadalupe.com.ar\/libreria\/producto\/la-compasion-nos-hace-felices\/#primaryimage"},"image":{"@id":"https:\/\/libreriaguadalupe.com.ar\/libreria\/producto\/la-compasion-nos-hace-felices\/#primaryimage"},"thumbnailUrl":"https:\/\/i0.wp.com\/libreriaguadalupe.com.ar\/libreria\/wp-content\/uploads\/2024\/08\/NOVEDAD-TIENDA-AGOSTO-5.jpg?fit=470%2C470&ssl=1","datePublished":"2024-08-27T20:44:26+00:00","dateModified":"2025-05-06T04:08:40+00:00","description":"A nuestra sociedad, por algunos definida como sin hogar y sumida en una crisis de valores en sus relaciones humanas, le falta potenciar el don de la compasi\u00f3n hospitalaria m\u00e1s all\u00e1 de intereses particulares","breadcrumb":{"@id":"https:\/\/libreriaguadalupe.com.ar\/libreria\/producto\/la-compasion-nos-hace-felices\/#breadcrumb"},"inLanguage":"es","potentialAction":[{"@type":"ReadAction","target":["https:\/\/libreriaguadalupe.com.ar\/libreria\/producto\/la-compasion-nos-hace-felices\/"]}]},{"@type":"ImageObject","inLanguage":"es","@id":"https:\/\/libreriaguadalupe.com.ar\/libreria\/producto\/la-compasion-nos-hace-felices\/#primaryimage","url":"https:\/\/i0.wp.com\/libreriaguadalupe.com.ar\/libreria\/wp-content\/uploads\/2024\/08\/NOVEDAD-TIENDA-AGOSTO-5.jpg?fit=470%2C470&ssl=1","contentUrl":"https:\/\/i0.wp.com\/libreriaguadalupe.com.ar\/libreria\/wp-content\/uploads\/2024\/08\/NOVEDAD-TIENDA-AGOSTO-5.jpg?fit=470%2C470&ssl=1","width":470,"height":470},{"@type":"BreadcrumbList","@id":"https:\/\/libreriaguadalupe.com.ar\/libreria\/producto\/la-compasion-nos-hace-felices\/#breadcrumb","itemListElement":[{"@type":"ListItem","position":1,"name":"Portada","item":"https:\/\/libreriaguadalupe.com.ar\/libreria\/"},{"@type":"ListItem","position":2,"name":"Tienda","item":"https:\/\/libreriaguadalupe.com.ar\/libreria\/"},{"@type":"ListItem","position":3,"name":"La compasi\u00f3n nos hace felices"}]},{"@type":"WebSite","@id":"https:\/\/libreriaguadalupe.com.ar\/libreria\/#website","url":"https:\/\/libreriaguadalupe.com.ar\/libreria\/","name":"Editorial Guadalupe de Argentina","description":"Congregaci\u00f3n del Verbo Divino","publisher":{"@id":"https:\/\/libreriaguadalupe.com.ar\/libreria\/#organization"},"alternateName":"Librer\u00eda Guadalupe","potentialAction":[{"@type":"SearchAction","target":{"@type":"EntryPoint","urlTemplate":"https:\/\/libreriaguadalupe.com.ar\/libreria\/?s={search_term_string}"},"query-input":{"@type":"PropertyValueSpecification","valueRequired":true,"valueName":"search_term_string"}}],"inLanguage":"es"},{"@type":"Organization","@id":"https:\/\/libreriaguadalupe.com.ar\/libreria\/#organization","name":"Editorial Guadalupe","alternateName":"Librer\u00eda Guadalupe","url":"https:\/\/libreriaguadalupe.com.ar\/libreria\/","logo":{"@type":"ImageObject","inLanguage":"es","@id":"https:\/\/libreriaguadalupe.com.ar\/libreria\/#\/schema\/logo\/image\/","url":"https:\/\/i0.wp.com\/libreriaguadalupe.com.ar\/libreria\/wp-content\/uploads\/2023\/01\/cropped-logo-editorial-guadalupe.webp?fit=500%2C100&ssl=1","contentUrl":"https:\/\/i0.wp.com\/libreriaguadalupe.com.ar\/libreria\/wp-content\/uploads\/2023\/01\/cropped-logo-editorial-guadalupe.webp?fit=500%2C100&ssl=1","width":500,"height":100,"caption":"Editorial Guadalupe"},"image":{"@id":"https:\/\/libreriaguadalupe.com.ar\/libreria\/#\/schema\/logo\/image\/"},"sameAs":["https:\/\/www.facebook.com\/LibreriaGuadalupeAR\/","https:\/\/www.instagram.com\/editorialguadalupe\/","https:\/\/guadalupeeditorial.mercadoshops.com.ar\/"]}]}},"jetpack_publicize_connections":[],"jetpack_sharing_enabled":true,"jetpack-related-posts":[{"id":15542,"url":"https:\/\/libreriaguadalupe.com.ar\/libreria\/producto\/entranable-dios-2\/","url_meta":{"origin":18249,"position":0},"title":"Entra\u00f1able Dios","author":"admin","date":"07\/02\/2023","format":false,"excerpt":"Las obras de misericordia: hacia una cultura de la compasi\u00f3n AUTOR: Jos\u00e9 Antonio Pagola - Xabier Pikaza Ibarrondo ISBN: 8490732120","rel":"","context":"Entrada similar","block_context":{"text":"Entrada similar","link":""},"img":{"alt_text":"","src":"https:\/\/i0.wp.com\/libreriaguadalupe.com.ar\/libreria\/wp-content\/uploads\/2023\/02\/ENTRANABLE-DIOS.jpg?fit=380%2C586&ssl=1&resize=350%2C200","width":350,"height":200},"classes":[]},{"id":16012,"url":"https:\/\/libreriaguadalupe.com.ar\/libreria\/producto\/yo-y-el-otro-en-busca-del-nosotros\/","url_meta":{"origin":18249,"position":1},"title":"Yo y el otro en busca del nosotros","author":"admin","date":"12\/02\/2023","format":false,"excerpt":"La vida en relaci\u00f3n AUTOR: CARLOS AVELLANEDA [ VER M\u00c1S OBRAS ] ISBN: 9505007004","rel":"","context":"Entrada similar","block_context":{"text":"Entrada similar","link":""},"img":{"alt_text":"Yo y el otro en busca del nosotros: La vida en relaci\u00f3n","src":"https:\/\/i0.wp.com\/libreriaguadalupe.com.ar\/libreria\/wp-content\/uploads\/2023\/02\/Yo-y-el-otro-en-busca-del-nosotros.jpg?fit=435%2C640&ssl=1&resize=350%2C200","width":350,"height":200},"classes":[]},{"id":17310,"url":"https:\/\/libreriaguadalupe.com.ar\/libreria\/producto\/mons-jorge-novak-svd-un-contemplativo-en-accion\/","url_meta":{"origin":18249,"position":2},"title":"MONS. JORGE NOVAK SVD, UN CONTEMPLATIVO EN ACCI\u00d3N","author":"admin","date":"07\/06\/2023","format":false,"excerpt":"La identidad y la espiritualidad sacerdotal en la praxis pastoral y misionera Autor: J\u00d3ZEF KAZIMIERZ GW\u00d3\u0179D\u0179 SVD ISBN: 978-950-500-894-0 Dimensiones: 16 x 23 cm P\u00e1ginas: 774","rel":"","context":"Entrada similar","block_context":{"text":"Entrada similar","link":""},"img":{"alt_text":"","src":"https:\/\/i0.wp.com\/libreriaguadalupe.com.ar\/libreria\/wp-content\/uploads\/2023\/06\/NOVEDAD-TIENDA-JUNIO.jpg?fit=470%2C470&ssl=1&resize=350%2C200","width":350,"height":200},"classes":[]},{"id":16004,"url":"https:\/\/libreriaguadalupe.com.ar\/libreria\/producto\/los-duelos-de-jesus-y-de-maria\/","url_meta":{"origin":18249,"position":3},"title":"Los duelos de Jes\u00fas y de Mar\u00eda","author":"admin","date":"12\/02\/2023","format":false,"excerpt":"AUTOR: BAUTISTA MATEO [ VER M\u00c1S OBRAS ] ISBN: 9505007769","rel":"","context":"Entrada similar","block_context":{"text":"Entrada similar","link":""},"img":{"alt_text":"Los duelos de Jes\u00fas y de Mar\u00eda","src":"https:\/\/i0.wp.com\/libreriaguadalupe.com.ar\/libreria\/wp-content\/uploads\/2023\/02\/losduelosdejesusmaria_190919.jpg?fit=630%2C800&ssl=1&resize=350%2C200","width":350,"height":200,"srcset":"https:\/\/i0.wp.com\/libreriaguadalupe.com.ar\/libreria\/wp-content\/uploads\/2023\/02\/losduelosdejesusmaria_190919.jpg?fit=630%2C800&ssl=1&resize=350%2C200 1x, https:\/\/i0.wp.com\/libreriaguadalupe.com.ar\/libreria\/wp-content\/uploads\/2023\/02\/losduelosdejesusmaria_190919.jpg?fit=630%2C800&ssl=1&resize=525%2C300 1.5x"},"classes":[]},{"id":13146,"url":"https:\/\/libreriaguadalupe.com.ar\/libreria\/producto\/diccionario-de-las-ciencias-humanas\/","url_meta":{"origin":18249,"position":4},"title":"Diccionario de las ciencias humanas","author":"admin","date":"18\/01\/2023","format":false,"excerpt":"Autor: Feliciano Bl\u00e1zquez Carmona ISBN: 8481691674 Dimensiones: 15,4 x 24 cm P\u00e1ginas: 528","rel":"","context":"Entrada similar","block_context":{"text":"Entrada similar","link":""},"img":{"alt_text":"","src":"https:\/\/i0.wp.com\/libreriaguadalupe.com.ar\/libreria\/wp-content\/uploads\/2023\/01\/Diccionario-de-las-ciencias-humanas-1.jpg?fit=299%2C470&ssl=1&resize=350%2C200","width":350,"height":200},"classes":[]},{"id":15800,"url":"https:\/\/libreriaguadalupe.com.ar\/libreria\/producto\/yo-mi-proyecto\/","url_meta":{"origin":18249,"position":5},"title":"Yo, mi proyecto","author":"admin","date":"11\/02\/2023","format":false,"excerpt":"Crecer hacia dentro y hacia arriba Autor: Mercedes Navarro Puerto ISBN: 8499452586 Dimensiones: 12 x 19 cm P\u00e1ginas: 276","rel":"","context":"Entrada similar","block_context":{"text":"Entrada similar","link":""},"img":{"alt_text":"","src":"https:\/\/i0.wp.com\/libreriaguadalupe.com.ar\/libreria\/wp-content\/uploads\/2023\/02\/Yo-mi-proyecto.jpg?fit=380%2C586&ssl=1&resize=350%2C200","width":350,"height":200},"classes":[]}],"_links":{"self":[{"href":"https:\/\/libreriaguadalupe.com.ar\/libreria\/wp-json\/wp\/v2\/product\/18249","targetHints":{"allow":["GET"]}}],"collection":[{"href":"https:\/\/libreriaguadalupe.com.ar\/libreria\/wp-json\/wp\/v2\/product"}],"about":[{"href":"https:\/\/libreriaguadalupe.com.ar\/libreria\/wp-json\/wp\/v2\/types\/product"}],"replies":[{"embeddable":true,"href":"https:\/\/libreriaguadalupe.com.ar\/libreria\/wp-json\/wp\/v2\/comments?post=18249"}],"version-history":[{"count":4,"href":"https:\/\/libreriaguadalupe.com.ar\/libreria\/wp-json\/wp\/v2\/product\/18249\/revisions"}],"predecessor-version":[{"id":18863,"href":"https:\/\/libreriaguadalupe.com.ar\/libreria\/wp-json\/wp\/v2\/product\/18249\/revisions\/18863"}],"wp:featuredmedia":[{"embeddable":true,"href":"https:\/\/libreriaguadalupe.com.ar\/libreria\/wp-json\/wp\/v2\/media\/18250"}],"wp:attachment":[{"href":"https:\/\/libreriaguadalupe.com.ar\/libreria\/wp-json\/wp\/v2\/media?parent=18249"}],"wp:term":[{"taxonomy":"product_brand","embeddable":true,"href":"https:\/\/libreriaguadalupe.com.ar\/libreria\/wp-json\/wp\/v2\/product_brand?post=18249"},{"taxonomy":"product_cat","embeddable":true,"href":"https:\/\/libreriaguadalupe.com.ar\/libreria\/wp-json\/wp\/v2\/product_cat?post=18249"},{"taxonomy":"product_tag","embeddable":true,"href":"https:\/\/libreriaguadalupe.com.ar\/libreria\/wp-json\/wp\/v2\/product_tag?post=18249"}],"curies":[{"name":"wp","href":"https:\/\/api.w.org\/{rel}","templated":true}]}}