{"id":18207,"date":"2024-08-14T13:39:12","date_gmt":"2024-08-14T16:39:12","guid":{"rendered":"https:\/\/libreriaguadalupe.com.ar\/libreria\/?post_type=product&#038;p=18207"},"modified":"2025-05-01T14:35:08","modified_gmt":"2025-05-01T17:35:08","slug":"brunita","status":"publish","type":"product","link":"https:\/\/libreriaguadalupe.com.ar\/libreria\/producto\/brunita\/","title":{"rendered":"BRUNITA"},"content":{"rendered":"<p>Una vez m\u00e1s Jos\u00e9 Murillo se adentra en la tierra de su provincia natal para reflejar \u2013con paralelo realismo y sugestiva poes\u00eda\u2013 tanto el paisaje que enmarca los acontecimientos como el silencioso sufrimiento de sus protagonistas.<br \/>\nAs\u00ed, relatando la vida de Brunita y su familia \u2013primero en la quebrada de Humahuaca en un rancho abandonado, y luego en busca de mejor suerte en la zafra de un Ingenio\u2013 el libro se torna un doloroso testimonio de la vida de nuestros hermanos coyas, a la vez que inspira un sincero alegato en su defensa.<br \/>\nEsa trascendencia de lo individual a lo social ampl\u00eda el mensaje de esta obra que ha de interesar, sin duda, a los j\u00f3venes lectores siempre preocupados por los problemas que conciernen al hombre.<br \/>\nAl mismo tiempo, la circunstancia de que Brunita \u2013la protagonista\u2013 sea una ni\u00f1a que \u201ctendr\u00e1 diez a\u00f1os, pero es retacona y flaquita\u201d; de que sea precisamente su mala salud la que obliga a los padres a alejarla del Ingenio con sus hermanitos, torna al libro accesible a ni\u00f1os pre-adolescentes, que acceder\u00e1n as\u00ed, naturalmente conmovidos, a la tem\u00e1tica social anotada.<\/p>\n","protected":false},"excerpt":{"rendered":"<p>Autor: JOS\u00c9 MURILLO<strong><br \/>\n<\/strong>ISBN: 978-950-500-778-3<br \/>\nDimensiones: 14 x 20 cm<br \/>\nP\u00e1ginas: 96<\/p>\n","protected":false},"featured_media":18208,"comment_status":"open","ping_status":"closed","template":"","meta":{"jetpack_publicize_message":"","jetpack_publicize_feature_enabled":true,"jetpack_social_post_already_shared":true,"jetpack_social_options":{"image_generator_settings":{"template":"highway","default_image_id":0,"font":"","enabled":false},"version":2}},"product_brand":[],"product_cat":[121,75],"product_tag":[148],"class_list":{"0":"post-18207","1":"product","2":"type-product","3":"status-publish","4":"has-post-thumbnail","6":"product_cat-guadalupe","7":"product_cat-literatura-infantil-y-juvenil","8":"product_tag-literatura-infantil","10":"first","11":"instock","12":"shipping-taxable","13":"purchasable","14":"product-type-simple"},"yoast_head":"<!-- This site is optimized with the Yoast SEO plugin v27.4 - https:\/\/yoast.com\/product\/yoast-seo-wordpress\/ -->\n<title>BRUNITA - Editorial Guadalupe de Argentina<\/title>\n<meta name=\"description\" content=\"Una vez m\u00e1s Jos\u00e9 Murillo se adentra en la tierra de su provincia natal para reflejar \u2013con paralelo realismo y sugestiva poes\u00eda\u2013 tanto el paisaje que enmarca los acontecimientos como el silencioso sufrimiento de sus protagonistas.\" \/>\n<meta name=\"robots\" content=\"index, follow, max-snippet:-1, max-image-preview:large, max-video-preview:-1\" \/>\n<link rel=\"canonical\" href=\"https:\/\/libreriaguadalupe.com.ar\/libreria\/producto\/brunita\/\" \/>\n<meta property=\"og:locale\" content=\"es_ES\" \/>\n<meta property=\"og:type\" content=\"article\" \/>\n<meta property=\"og:title\" content=\"BRUNITA - Editorial Guadalupe de Argentina\" \/>\n<meta property=\"og:description\" content=\"Una vez m\u00e1s Jos\u00e9 Murillo se adentra en la tierra de su provincia natal para reflejar \u2013con paralelo realismo y sugestiva poes\u00eda\u2013 tanto el paisaje que enmarca los acontecimientos como el silencioso sufrimiento de sus protagonistas.\" \/>\n<meta property=\"og:url\" content=\"https:\/\/libreriaguadalupe.com.ar\/libreria\/producto\/brunita\/\" \/>\n<meta property=\"og:site_name\" content=\"Editorial Guadalupe de Argentina\" \/>\n<meta property=\"article:publisher\" content=\"https:\/\/www.facebook.com\/LibreriaGuadalupeAR\/\" \/>\n<meta property=\"article:modified_time\" content=\"2025-05-01T17:35:08+00:00\" \/>\n<meta property=\"og:image\" content=\"https:\/\/libreriaguadalupe.com.ar\/libreria\/wp-content\/uploads\/2024\/08\/brunita.png\" \/>\n\t<meta property=\"og:image:width\" content=\"470\" \/>\n\t<meta property=\"og:image:height\" content=\"712\" \/>\n\t<meta property=\"og:image:type\" content=\"image\/png\" \/>\n<meta name=\"twitter:card\" content=\"summary_large_image\" \/>\n<meta name=\"twitter:label1\" content=\"Tiempo de lectura\" \/>\n\t<meta name=\"twitter:data1\" content=\"2 minutos\" \/>\n<script type=\"application\/ld+json\" class=\"yoast-schema-graph\">{\"@context\":\"https:\\\/\\\/schema.org\",\"@graph\":[{\"@type\":\"WebPage\",\"@id\":\"https:\\\/\\\/libreriaguadalupe.com.ar\\\/libreria\\\/producto\\\/brunita\\\/\",\"url\":\"https:\\\/\\\/libreriaguadalupe.com.ar\\\/libreria\\\/producto\\\/brunita\\\/\",\"name\":\"BRUNITA - Editorial Guadalupe de Argentina\",\"isPartOf\":{\"@id\":\"https:\\\/\\\/libreriaguadalupe.com.ar\\\/libreria\\\/#website\"},\"primaryImageOfPage\":{\"@id\":\"https:\\\/\\\/libreriaguadalupe.com.ar\\\/libreria\\\/producto\\\/brunita\\\/#primaryimage\"},\"image\":{\"@id\":\"https:\\\/\\\/libreriaguadalupe.com.ar\\\/libreria\\\/producto\\\/brunita\\\/#primaryimage\"},\"thumbnailUrl\":\"https:\\\/\\\/i0.wp.com\\\/libreriaguadalupe.com.ar\\\/libreria\\\/wp-content\\\/uploads\\\/2024\\\/08\\\/brunita.png?fit=470%2C712&ssl=1\",\"datePublished\":\"2024-08-14T16:39:12+00:00\",\"dateModified\":\"2025-05-01T17:35:08+00:00\",\"description\":\"Una vez m\u00e1s Jos\u00e9 Murillo se adentra en la tierra de su provincia natal para reflejar \u2013con paralelo realismo y sugestiva poes\u00eda\u2013 tanto el paisaje que enmarca los acontecimientos como el silencioso sufrimiento de sus protagonistas.\",\"breadcrumb\":{\"@id\":\"https:\\\/\\\/libreriaguadalupe.com.ar\\\/libreria\\\/producto\\\/brunita\\\/#breadcrumb\"},\"inLanguage\":\"es\",\"potentialAction\":[{\"@type\":\"ReadAction\",\"target\":[\"https:\\\/\\\/libreriaguadalupe.com.ar\\\/libreria\\\/producto\\\/brunita\\\/\"]}]},{\"@type\":\"ImageObject\",\"inLanguage\":\"es\",\"@id\":\"https:\\\/\\\/libreriaguadalupe.com.ar\\\/libreria\\\/producto\\\/brunita\\\/#primaryimage\",\"url\":\"https:\\\/\\\/i0.wp.com\\\/libreriaguadalupe.com.ar\\\/libreria\\\/wp-content\\\/uploads\\\/2024\\\/08\\\/brunita.png?fit=470%2C712&ssl=1\",\"contentUrl\":\"https:\\\/\\\/i0.wp.com\\\/libreriaguadalupe.com.ar\\\/libreria\\\/wp-content\\\/uploads\\\/2024\\\/08\\\/brunita.png?fit=470%2C712&ssl=1\",\"width\":470,\"height\":712},{\"@type\":\"BreadcrumbList\",\"@id\":\"https:\\\/\\\/libreriaguadalupe.com.ar\\\/libreria\\\/producto\\\/brunita\\\/#breadcrumb\",\"itemListElement\":[{\"@type\":\"ListItem\",\"position\":1,\"name\":\"Portada\",\"item\":\"https:\\\/\\\/libreriaguadalupe.com.ar\\\/libreria\\\/\"},{\"@type\":\"ListItem\",\"position\":2,\"name\":\"Tienda\",\"item\":\"https:\\\/\\\/libreriaguadalupe.com.ar\\\/libreria\\\/\"},{\"@type\":\"ListItem\",\"position\":3,\"name\":\"BRUNITA\"}]},{\"@type\":\"WebSite\",\"@id\":\"https:\\\/\\\/libreriaguadalupe.com.ar\\\/libreria\\\/#website\",\"url\":\"https:\\\/\\\/libreriaguadalupe.com.ar\\\/libreria\\\/\",\"name\":\"Editorial Guadalupe de Argentina\",\"description\":\"Congregaci\u00f3n del Verbo Divino\",\"publisher\":{\"@id\":\"https:\\\/\\\/libreriaguadalupe.com.ar\\\/libreria\\\/#organization\"},\"alternateName\":\"Librer\u00eda Guadalupe\",\"potentialAction\":[{\"@type\":\"SearchAction\",\"target\":{\"@type\":\"EntryPoint\",\"urlTemplate\":\"https:\\\/\\\/libreriaguadalupe.com.ar\\\/libreria\\\/?s={search_term_string}\"},\"query-input\":{\"@type\":\"PropertyValueSpecification\",\"valueRequired\":true,\"valueName\":\"search_term_string\"}}],\"inLanguage\":\"es\"},{\"@type\":\"Organization\",\"@id\":\"https:\\\/\\\/libreriaguadalupe.com.ar\\\/libreria\\\/#organization\",\"name\":\"Editorial Guadalupe\",\"alternateName\":\"Librer\u00eda Guadalupe\",\"url\":\"https:\\\/\\\/libreriaguadalupe.com.ar\\\/libreria\\\/\",\"logo\":{\"@type\":\"ImageObject\",\"inLanguage\":\"es\",\"@id\":\"https:\\\/\\\/libreriaguadalupe.com.ar\\\/libreria\\\/#\\\/schema\\\/logo\\\/image\\\/\",\"url\":\"https:\\\/\\\/i0.wp.com\\\/libreriaguadalupe.com.ar\\\/libreria\\\/wp-content\\\/uploads\\\/2023\\\/01\\\/cropped-logo-editorial-guadalupe.webp?fit=500%2C100&ssl=1\",\"contentUrl\":\"https:\\\/\\\/i0.wp.com\\\/libreriaguadalupe.com.ar\\\/libreria\\\/wp-content\\\/uploads\\\/2023\\\/01\\\/cropped-logo-editorial-guadalupe.webp?fit=500%2C100&ssl=1\",\"width\":500,\"height\":100,\"caption\":\"Editorial Guadalupe\"},\"image\":{\"@id\":\"https:\\\/\\\/libreriaguadalupe.com.ar\\\/libreria\\\/#\\\/schema\\\/logo\\\/image\\\/\"},\"sameAs\":[\"https:\\\/\\\/www.facebook.com\\\/LibreriaGuadalupeAR\\\/\",\"https:\\\/\\\/www.instagram.com\\\/editorialguadalupe\\\/\",\"https:\\\/\\\/guadalupeeditorial.mercadoshops.com.ar\\\/\"]}]}<\/script>\n<!-- \/ Yoast SEO plugin. -->","yoast_head_json":{"title":"BRUNITA - Editorial Guadalupe de Argentina","description":"Una vez m\u00e1s Jos\u00e9 Murillo se adentra en la tierra de su provincia natal para reflejar \u2013con paralelo realismo y sugestiva poes\u00eda\u2013 tanto el paisaje que enmarca los acontecimientos como el silencioso sufrimiento de sus protagonistas.","robots":{"index":"index","follow":"follow","max-snippet":"max-snippet:-1","max-image-preview":"max-image-preview:large","max-video-preview":"max-video-preview:-1"},"canonical":"https:\/\/libreriaguadalupe.com.ar\/libreria\/producto\/brunita\/","og_locale":"es_ES","og_type":"article","og_title":"BRUNITA - Editorial Guadalupe de Argentina","og_description":"Una vez m\u00e1s Jos\u00e9 Murillo se adentra en la tierra de su provincia natal para reflejar \u2013con paralelo realismo y sugestiva poes\u00eda\u2013 tanto el paisaje que enmarca los acontecimientos como el silencioso sufrimiento de sus protagonistas.","og_url":"https:\/\/libreriaguadalupe.com.ar\/libreria\/producto\/brunita\/","og_site_name":"Editorial Guadalupe de Argentina","article_publisher":"https:\/\/www.facebook.com\/LibreriaGuadalupeAR\/","article_modified_time":"2025-05-01T17:35:08+00:00","og_image":[{"width":470,"height":712,"url":"https:\/\/libreriaguadalupe.com.ar\/libreria\/wp-content\/uploads\/2024\/08\/brunita.png","type":"image\/png"}],"twitter_card":"summary_large_image","twitter_misc":{"Tiempo de lectura":"2 minutos"},"schema":{"@context":"https:\/\/schema.org","@graph":[{"@type":"WebPage","@id":"https:\/\/libreriaguadalupe.com.ar\/libreria\/producto\/brunita\/","url":"https:\/\/libreriaguadalupe.com.ar\/libreria\/producto\/brunita\/","name":"BRUNITA - Editorial Guadalupe de Argentina","isPartOf":{"@id":"https:\/\/libreriaguadalupe.com.ar\/libreria\/#website"},"primaryImageOfPage":{"@id":"https:\/\/libreriaguadalupe.com.ar\/libreria\/producto\/brunita\/#primaryimage"},"image":{"@id":"https:\/\/libreriaguadalupe.com.ar\/libreria\/producto\/brunita\/#primaryimage"},"thumbnailUrl":"https:\/\/i0.wp.com\/libreriaguadalupe.com.ar\/libreria\/wp-content\/uploads\/2024\/08\/brunita.png?fit=470%2C712&ssl=1","datePublished":"2024-08-14T16:39:12+00:00","dateModified":"2025-05-01T17:35:08+00:00","description":"Una vez m\u00e1s Jos\u00e9 Murillo se adentra en la tierra de su provincia natal para reflejar \u2013con paralelo realismo y sugestiva poes\u00eda\u2013 tanto el paisaje que enmarca los acontecimientos como el silencioso sufrimiento de sus protagonistas.","breadcrumb":{"@id":"https:\/\/libreriaguadalupe.com.ar\/libreria\/producto\/brunita\/#breadcrumb"},"inLanguage":"es","potentialAction":[{"@type":"ReadAction","target":["https:\/\/libreriaguadalupe.com.ar\/libreria\/producto\/brunita\/"]}]},{"@type":"ImageObject","inLanguage":"es","@id":"https:\/\/libreriaguadalupe.com.ar\/libreria\/producto\/brunita\/#primaryimage","url":"https:\/\/i0.wp.com\/libreriaguadalupe.com.ar\/libreria\/wp-content\/uploads\/2024\/08\/brunita.png?fit=470%2C712&ssl=1","contentUrl":"https:\/\/i0.wp.com\/libreriaguadalupe.com.ar\/libreria\/wp-content\/uploads\/2024\/08\/brunita.png?fit=470%2C712&ssl=1","width":470,"height":712},{"@type":"BreadcrumbList","@id":"https:\/\/libreriaguadalupe.com.ar\/libreria\/producto\/brunita\/#breadcrumb","itemListElement":[{"@type":"ListItem","position":1,"name":"Portada","item":"https:\/\/libreriaguadalupe.com.ar\/libreria\/"},{"@type":"ListItem","position":2,"name":"Tienda","item":"https:\/\/libreriaguadalupe.com.ar\/libreria\/"},{"@type":"ListItem","position":3,"name":"BRUNITA"}]},{"@type":"WebSite","@id":"https:\/\/libreriaguadalupe.com.ar\/libreria\/#website","url":"https:\/\/libreriaguadalupe.com.ar\/libreria\/","name":"Editorial Guadalupe de Argentina","description":"Congregaci\u00f3n del Verbo Divino","publisher":{"@id":"https:\/\/libreriaguadalupe.com.ar\/libreria\/#organization"},"alternateName":"Librer\u00eda Guadalupe","potentialAction":[{"@type":"SearchAction","target":{"@type":"EntryPoint","urlTemplate":"https:\/\/libreriaguadalupe.com.ar\/libreria\/?s={search_term_string}"},"query-input":{"@type":"PropertyValueSpecification","valueRequired":true,"valueName":"search_term_string"}}],"inLanguage":"es"},{"@type":"Organization","@id":"https:\/\/libreriaguadalupe.com.ar\/libreria\/#organization","name":"Editorial Guadalupe","alternateName":"Librer\u00eda Guadalupe","url":"https:\/\/libreriaguadalupe.com.ar\/libreria\/","logo":{"@type":"ImageObject","inLanguage":"es","@id":"https:\/\/libreriaguadalupe.com.ar\/libreria\/#\/schema\/logo\/image\/","url":"https:\/\/i0.wp.com\/libreriaguadalupe.com.ar\/libreria\/wp-content\/uploads\/2023\/01\/cropped-logo-editorial-guadalupe.webp?fit=500%2C100&ssl=1","contentUrl":"https:\/\/i0.wp.com\/libreriaguadalupe.com.ar\/libreria\/wp-content\/uploads\/2023\/01\/cropped-logo-editorial-guadalupe.webp?fit=500%2C100&ssl=1","width":500,"height":100,"caption":"Editorial Guadalupe"},"image":{"@id":"https:\/\/libreriaguadalupe.com.ar\/libreria\/#\/schema\/logo\/image\/"},"sameAs":["https:\/\/www.facebook.com\/LibreriaGuadalupeAR\/","https:\/\/www.instagram.com\/editorialguadalupe\/","https:\/\/guadalupeeditorial.mercadoshops.com.ar\/"]}]}},"jetpack_publicize_connections":[],"jetpack_sharing_enabled":true,"jetpack-related-posts":[{"id":15918,"url":"https:\/\/libreriaguadalupe.com.ar\/libreria\/producto\/la-evangelizacion-es-tarea-de-todos\/","url_meta":{"origin":18207,"position":0},"title":"La evangelizaci\u00f3n es tarea de todos","author":"admin","date":"12\/02\/2023","format":false,"excerpt":"Protagonismo de los fieles laicos en la actividad misionera de la Iglesia seg\u00fan el magisterio del Papa Francisco AUTOR: MIGUEL ANTONIO ISBN:9505008520","rel":"","context":"Entrada similar","block_context":{"text":"Entrada similar","link":""},"img":{"alt_text":"","src":"https:\/\/i0.wp.com\/libreriaguadalupe.com.ar\/libreria\/wp-content\/uploads\/2023\/02\/La-evangelizacion-es-tarea-de-todos-chico.jpg?fit=320%2C500&ssl=1&resize=350%2C200","width":350,"height":200},"classes":[]},{"id":18333,"url":"https:\/\/libreriaguadalupe.com.ar\/libreria\/producto\/el-negocio-de-la-vida\/","url_meta":{"origin":18207,"position":1},"title":"El Negocio de la Vida","author":"admin","date":"04\/10\/2024","format":false,"excerpt":"Camino espiritual para buscar y hallar el sentido del sufrimiento y mediante el encuentro con Cristo sanar el alma Autor: ENZO FERRARO ISBN: 978-950-500-914-5 Dimensiones: 15 x 22 cm P\u00e1ginas: 160","rel":"","context":"Entrada similar","block_context":{"text":"Entrada similar","link":""},"img":{"alt_text":"","src":"https:\/\/i0.wp.com\/libreriaguadalupe.com.ar\/libreria\/wp-content\/uploads\/2024\/10\/NOVEDAD-TIENDA-OCTUBRE.jpg?fit=470%2C470&ssl=1&resize=350%2C200","width":350,"height":200},"classes":[]},{"id":18904,"url":"https:\/\/libreriaguadalupe.com.ar\/libreria\/producto\/el-negocio-de-la-vida-2\/","url_meta":{"origin":18207,"position":2},"title":"El Negocio de la Vida","author":"Mariano Zuqui","date":"21\/05\/2025","format":false,"excerpt":"Autor: Enzo Ferraro T\u00edtulo: \"El negocio de la vida\" ISBN:978-950-500-914-5 Formato: 22.5\u00a0 (alto) x 15.5 (ancho) cms. Interior: 1\/1 color Papel: Bookcel 80 grs. N\u00ba de P\u00e1ginas: 160 Tapa:4 Colores - Cartulina 300 grs -laminado mate Encuadernaci\u00f3n: Binder \u00a0 \u00a0","rel":"","context":"Entrada similar","block_context":{"text":"Entrada similar","link":""},"img":{"alt_text":"Descubr\u00ed el sentido del sufrimiento con un plan espiritual y experiencial. Transform\u00e1 tu vida en plenitud con solo 12 minutos diarios.","src":"https:\/\/i0.wp.com\/libreriaguadalupe.com.ar\/libreria\/wp-content\/uploads\/2025\/05\/1-scaled.png?fit=960%2C1200&ssl=1&resize=350%2C200","width":350,"height":200,"srcset":"https:\/\/i0.wp.com\/libreriaguadalupe.com.ar\/libreria\/wp-content\/uploads\/2025\/05\/1-scaled.png?fit=960%2C1200&ssl=1&resize=350%2C200 1x, https:\/\/i0.wp.com\/libreriaguadalupe.com.ar\/libreria\/wp-content\/uploads\/2025\/05\/1-scaled.png?fit=960%2C1200&ssl=1&resize=525%2C300 1.5x, https:\/\/i0.wp.com\/libreriaguadalupe.com.ar\/libreria\/wp-content\/uploads\/2025\/05\/1-scaled.png?fit=960%2C1200&ssl=1&resize=700%2C400 2x"},"classes":[]},{"id":12940,"url":"https:\/\/libreriaguadalupe.com.ar\/libreria\/producto\/memorias-del-paraiso\/","url_meta":{"origin":18207,"position":3},"title":"Memorias del Paraiso","author":"admin","date":"18\/01\/2023","format":false,"excerpt":"Autor: Tosaus Abad\u00eda, Jos\u00e9 ISBN: 8481693799 Dimensiones: 14 x 21 cm P\u00e1ginas: 184","rel":"","context":"Entrada similar","block_context":{"text":"Entrada similar","link":""},"img":{"alt_text":"","src":"https:\/\/i0.wp.com\/libreriaguadalupe.com.ar\/libreria\/wp-content\/uploads\/2023\/01\/Memorias-del-Paraiso.jpg?fit=380%2C586&ssl=1&resize=350%2C200","width":350,"height":200},"classes":[]},{"id":16971,"url":"https:\/\/libreriaguadalupe.com.ar\/libreria\/producto\/logopolitica\/","url_meta":{"origin":18207,"position":4},"title":"Logopol\u00edtica","author":"admin","date":"23\/03\/2023","format":false,"excerpt":"Dimensi\u00f3n Social Y Pol\u00edtica De La Logoterapia Autor: Roberto Juan Mucci ISBN: 9789505008551 Dimensiones: 15 x 22 cm P\u00e1ginas: 151","rel":"","context":"Entrada similar","block_context":{"text":"Entrada similar","link":""},"img":{"alt_text":"","src":"https:\/\/i0.wp.com\/libreriaguadalupe.com.ar\/libreria\/wp-content\/uploads\/2023\/03\/Logopolitica.jpeg?fit=338%2C500&ssl=1&resize=350%2C200","width":350,"height":200},"classes":[]},{"id":16943,"url":"https:\/\/libreriaguadalupe.com.ar\/libreria\/producto\/cuentame-la-biblia\/","url_meta":{"origin":18207,"position":5},"title":"Cu\u00e9ntame la Biblia","author":"admin","date":"23\/03\/2023","format":false,"excerpt":"[edici\u00f3n carton\u00e9 acolchado] Autor: JOSE LUIS ALVAR ISBN: 8490737200 Dimensiones: 16,5 x 22,5 cm P\u00e1ginas: 136","rel":"","context":"Entrada similar","block_context":{"text":"Entrada similar","link":""},"img":{"alt_text":"","src":"https:\/\/i0.wp.com\/libreriaguadalupe.com.ar\/libreria\/wp-content\/uploads\/2023\/03\/Cuentame-la-Biblia.jpg?fit=380%2C586&ssl=1&resize=350%2C200","width":350,"height":200},"classes":[]}],"_links":{"self":[{"href":"https:\/\/libreriaguadalupe.com.ar\/libreria\/wp-json\/wp\/v2\/product\/18207","targetHints":{"allow":["GET"]}}],"collection":[{"href":"https:\/\/libreriaguadalupe.com.ar\/libreria\/wp-json\/wp\/v2\/product"}],"about":[{"href":"https:\/\/libreriaguadalupe.com.ar\/libreria\/wp-json\/wp\/v2\/types\/product"}],"replies":[{"embeddable":true,"href":"https:\/\/libreriaguadalupe.com.ar\/libreria\/wp-json\/wp\/v2\/comments?post=18207"}],"version-history":[{"count":2,"href":"https:\/\/libreriaguadalupe.com.ar\/libreria\/wp-json\/wp\/v2\/product\/18207\/revisions"}],"predecessor-version":[{"id":18215,"href":"https:\/\/libreriaguadalupe.com.ar\/libreria\/wp-json\/wp\/v2\/product\/18207\/revisions\/18215"}],"wp:featuredmedia":[{"embeddable":true,"href":"https:\/\/libreriaguadalupe.com.ar\/libreria\/wp-json\/wp\/v2\/media\/18208"}],"wp:attachment":[{"href":"https:\/\/libreriaguadalupe.com.ar\/libreria\/wp-json\/wp\/v2\/media?parent=18207"}],"wp:term":[{"taxonomy":"product_brand","embeddable":true,"href":"https:\/\/libreriaguadalupe.com.ar\/libreria\/wp-json\/wp\/v2\/product_brand?post=18207"},{"taxonomy":"product_cat","embeddable":true,"href":"https:\/\/libreriaguadalupe.com.ar\/libreria\/wp-json\/wp\/v2\/product_cat?post=18207"},{"taxonomy":"product_tag","embeddable":true,"href":"https:\/\/libreriaguadalupe.com.ar\/libreria\/wp-json\/wp\/v2\/product_tag?post=18207"}],"curies":[{"name":"wp","href":"https:\/\/api.w.org\/{rel}","templated":true}]}}