{"id":18117,"date":"2024-06-13T10:13:26","date_gmt":"2024-06-13T13:13:26","guid":{"rendered":"https:\/\/libreriaguadalupe.com.ar\/libreria\/?post_type=product&#038;p=18117"},"modified":"2025-05-20T15:54:19","modified_gmt":"2025-05-20T18:54:19","slug":"del-tabernaculo-al-templo","status":"publish","type":"product","link":"https:\/\/libreriaguadalupe.com.ar\/libreria\/producto\/del-tabernaculo-al-templo\/","title":{"rendered":"Del Tabern\u00e1culo al Templo"},"content":{"rendered":"<p>Por primera vez en cualquier lengua, este libro pone a disposici\u00f3n del lector una investigaci\u00f3n de car\u00e1cter multidisciplinario, en donde se estudia de manera sistem\u00e1tica el desarrollo de la instituci\u00f3n del Templo de Jerusal\u00e9n en el mundo jud\u00edo antiguo. A tales efectos, se han considerado todos los testimonios literarios y arqueol\u00f3gicos a nuestro alcance, analiz\u00e1ndolos a la luz de distintas disciplinas cient\u00edficas.<\/p>\n<p>Precisamente en estos d\u00edas que el tema del Templo de Jerusal\u00e9n ocupa un lugar de privilegio en las discusiones pol\u00edticas centradas en torno al conflicto \u00e1rabe-israel\u00ed, una lectura cr\u00edtico-hist\u00f3rica de las fuentes antiguas puede ser una contribuci\u00f3n inspiradora para encuadrar la discusi\u00f3n actual en un marco neutral de reflexi\u00f3n equilibrada, sin recurrir a la propaganda y a la apolog\u00eda salvajes.<\/p>\n","protected":false},"excerpt":{"rendered":"<h5 class=\"my-1 font-weight-normal\">El espacio sagrado en el juda\u00edsmo<\/h5>\n<p><strong>Colecci\u00f3n:<\/strong>\u00a0El mundo de la Biblia<br \/>\n<strong>Subcolecci\u00f3n:<\/strong>\u00a0El mundo de la Biblia<br \/>\n<strong>Encuadernaci\u00f3n<\/strong>: R\u00fastica, fresada, tapa plastificada mate, con solapas<\/p>\n<p><img decoding=\"async\" class=\"alignnone size-full wp-image-16595\" src=\"https:\/\/libreriaguadalupe.com.ar\/libreria\/wp-content\/uploads\/2023\/03\/nuevo.png\" alt=\"\" width=\"200\" height=\"125\" \/><\/p>\n<p>Autor: Adolfo D. Roitman<strong><br \/>\n<\/strong>ISBN: 978-84-9073-243-4<br \/>\nDimensiones: 17 x 24 cm<br \/>\nP\u00e1ginas: 328<\/p>\n","protected":false},"featured_media":18118,"comment_status":"open","ping_status":"closed","template":"","meta":{"jetpack_publicize_message":"","jetpack_publicize_feature_enabled":true,"jetpack_social_post_already_shared":true,"jetpack_social_options":{"image_generator_settings":{"template":"highway","default_image_id":0,"font":"","enabled":false},"version":2}},"product_brand":[],"product_cat":[125,109],"product_tag":[127,131],"class_list":{"0":"post-18117","1":"product","2":"type-product","3":"status-publish","4":"has-post-thumbnail","6":"product_cat-novedades","7":"product_cat-verbo-divino","8":"product_tag-editorial-guadalupe-de-argentina","9":"product_tag-verbo-divino","11":"first","12":"outofstock","13":"shipping-taxable","14":"purchasable","15":"product-type-simple"},"yoast_head":"<!-- This site is optimized with the Yoast SEO plugin v27.4 - https:\/\/yoast.com\/product\/yoast-seo-wordpress\/ -->\n<title>Del Tabern\u00e1culo al Templo - Editorial Guadalupe de Argentina<\/title>\n<meta name=\"description\" content=\"Este libro pone a disposici\u00f3n del lector una investigaci\u00f3n de car\u00e1cter multidisciplinario, en donde se estudia de manera sistem\u00e1tica el desarrollo de la instituci\u00f3n del Templo de Jerusal\u00e9n en el mundo jud\u00edo antiguo.\" \/>\n<meta name=\"robots\" content=\"index, follow, max-snippet:-1, max-image-preview:large, max-video-preview:-1\" \/>\n<link rel=\"canonical\" href=\"https:\/\/libreriaguadalupe.com.ar\/libreria\/producto\/del-tabernaculo-al-templo\/\" \/>\n<meta property=\"og:locale\" content=\"es_ES\" \/>\n<meta property=\"og:type\" content=\"article\" \/>\n<meta property=\"og:title\" content=\"Del Tabern\u00e1culo al Templo - Editorial Guadalupe de Argentina\" \/>\n<meta property=\"og:description\" content=\"Este libro pone a disposici\u00f3n del lector una investigaci\u00f3n de car\u00e1cter multidisciplinario, en donde se estudia de manera sistem\u00e1tica el desarrollo de la instituci\u00f3n del Templo de Jerusal\u00e9n en el mundo jud\u00edo antiguo.\" \/>\n<meta property=\"og:url\" content=\"https:\/\/libreriaguadalupe.com.ar\/libreria\/producto\/del-tabernaculo-al-templo\/\" \/>\n<meta property=\"og:site_name\" content=\"Editorial Guadalupe de Argentina\" \/>\n<meta property=\"article:publisher\" content=\"https:\/\/www.facebook.com\/LibreriaGuadalupeAR\/\" \/>\n<meta property=\"article:modified_time\" content=\"2025-05-20T18:54:19+00:00\" \/>\n<meta property=\"og:image\" content=\"https:\/\/libreriaguadalupe.com.ar\/libreria\/wp-content\/uploads\/2024\/06\/NOVEDAD-TIENDA-JUNIO-2.jpg\" \/>\n\t<meta property=\"og:image:width\" content=\"470\" \/>\n\t<meta property=\"og:image:height\" content=\"470\" \/>\n\t<meta property=\"og:image:type\" content=\"image\/jpeg\" \/>\n<meta name=\"twitter:card\" content=\"summary_large_image\" \/>\n<meta name=\"twitter:label1\" content=\"Tiempo de lectura\" \/>\n\t<meta name=\"twitter:data1\" content=\"1 minuto\" \/>\n<script type=\"application\/ld+json\" class=\"yoast-schema-graph\">{\"@context\":\"https:\\\/\\\/schema.org\",\"@graph\":[{\"@type\":\"WebPage\",\"@id\":\"https:\\\/\\\/libreriaguadalupe.com.ar\\\/libreria\\\/producto\\\/del-tabernaculo-al-templo\\\/\",\"url\":\"https:\\\/\\\/libreriaguadalupe.com.ar\\\/libreria\\\/producto\\\/del-tabernaculo-al-templo\\\/\",\"name\":\"Del Tabern\u00e1culo al Templo - Editorial Guadalupe de Argentina\",\"isPartOf\":{\"@id\":\"https:\\\/\\\/libreriaguadalupe.com.ar\\\/libreria\\\/#website\"},\"primaryImageOfPage\":{\"@id\":\"https:\\\/\\\/libreriaguadalupe.com.ar\\\/libreria\\\/producto\\\/del-tabernaculo-al-templo\\\/#primaryimage\"},\"image\":{\"@id\":\"https:\\\/\\\/libreriaguadalupe.com.ar\\\/libreria\\\/producto\\\/del-tabernaculo-al-templo\\\/#primaryimage\"},\"thumbnailUrl\":\"https:\\\/\\\/i0.wp.com\\\/libreriaguadalupe.com.ar\\\/libreria\\\/wp-content\\\/uploads\\\/2024\\\/06\\\/NOVEDAD-TIENDA-JUNIO-2.jpg?fit=470%2C470&ssl=1\",\"datePublished\":\"2024-06-13T13:13:26+00:00\",\"dateModified\":\"2025-05-20T18:54:19+00:00\",\"description\":\"Este libro pone a disposici\u00f3n del lector una investigaci\u00f3n de car\u00e1cter multidisciplinario, en donde se estudia de manera sistem\u00e1tica el desarrollo de la instituci\u00f3n del Templo de Jerusal\u00e9n en el mundo jud\u00edo antiguo.\",\"breadcrumb\":{\"@id\":\"https:\\\/\\\/libreriaguadalupe.com.ar\\\/libreria\\\/producto\\\/del-tabernaculo-al-templo\\\/#breadcrumb\"},\"inLanguage\":\"es\",\"potentialAction\":[{\"@type\":\"ReadAction\",\"target\":[\"https:\\\/\\\/libreriaguadalupe.com.ar\\\/libreria\\\/producto\\\/del-tabernaculo-al-templo\\\/\"]}]},{\"@type\":\"ImageObject\",\"inLanguage\":\"es\",\"@id\":\"https:\\\/\\\/libreriaguadalupe.com.ar\\\/libreria\\\/producto\\\/del-tabernaculo-al-templo\\\/#primaryimage\",\"url\":\"https:\\\/\\\/i0.wp.com\\\/libreriaguadalupe.com.ar\\\/libreria\\\/wp-content\\\/uploads\\\/2024\\\/06\\\/NOVEDAD-TIENDA-JUNIO-2.jpg?fit=470%2C470&ssl=1\",\"contentUrl\":\"https:\\\/\\\/i0.wp.com\\\/libreriaguadalupe.com.ar\\\/libreria\\\/wp-content\\\/uploads\\\/2024\\\/06\\\/NOVEDAD-TIENDA-JUNIO-2.jpg?fit=470%2C470&ssl=1\",\"width\":470,\"height\":470},{\"@type\":\"BreadcrumbList\",\"@id\":\"https:\\\/\\\/libreriaguadalupe.com.ar\\\/libreria\\\/producto\\\/del-tabernaculo-al-templo\\\/#breadcrumb\",\"itemListElement\":[{\"@type\":\"ListItem\",\"position\":1,\"name\":\"Portada\",\"item\":\"https:\\\/\\\/libreriaguadalupe.com.ar\\\/libreria\\\/\"},{\"@type\":\"ListItem\",\"position\":2,\"name\":\"Tienda\",\"item\":\"https:\\\/\\\/libreriaguadalupe.com.ar\\\/libreria\\\/\"},{\"@type\":\"ListItem\",\"position\":3,\"name\":\"Del Tabern\u00e1culo al Templo\"}]},{\"@type\":\"WebSite\",\"@id\":\"https:\\\/\\\/libreriaguadalupe.com.ar\\\/libreria\\\/#website\",\"url\":\"https:\\\/\\\/libreriaguadalupe.com.ar\\\/libreria\\\/\",\"name\":\"Editorial Guadalupe de Argentina\",\"description\":\"Congregaci\u00f3n del Verbo Divino\",\"publisher\":{\"@id\":\"https:\\\/\\\/libreriaguadalupe.com.ar\\\/libreria\\\/#organization\"},\"alternateName\":\"Librer\u00eda Guadalupe\",\"potentialAction\":[{\"@type\":\"SearchAction\",\"target\":{\"@type\":\"EntryPoint\",\"urlTemplate\":\"https:\\\/\\\/libreriaguadalupe.com.ar\\\/libreria\\\/?s={search_term_string}\"},\"query-input\":{\"@type\":\"PropertyValueSpecification\",\"valueRequired\":true,\"valueName\":\"search_term_string\"}}],\"inLanguage\":\"es\"},{\"@type\":\"Organization\",\"@id\":\"https:\\\/\\\/libreriaguadalupe.com.ar\\\/libreria\\\/#organization\",\"name\":\"Editorial Guadalupe\",\"alternateName\":\"Librer\u00eda Guadalupe\",\"url\":\"https:\\\/\\\/libreriaguadalupe.com.ar\\\/libreria\\\/\",\"logo\":{\"@type\":\"ImageObject\",\"inLanguage\":\"es\",\"@id\":\"https:\\\/\\\/libreriaguadalupe.com.ar\\\/libreria\\\/#\\\/schema\\\/logo\\\/image\\\/\",\"url\":\"https:\\\/\\\/i0.wp.com\\\/libreriaguadalupe.com.ar\\\/libreria\\\/wp-content\\\/uploads\\\/2023\\\/01\\\/cropped-logo-editorial-guadalupe.webp?fit=500%2C100&ssl=1\",\"contentUrl\":\"https:\\\/\\\/i0.wp.com\\\/libreriaguadalupe.com.ar\\\/libreria\\\/wp-content\\\/uploads\\\/2023\\\/01\\\/cropped-logo-editorial-guadalupe.webp?fit=500%2C100&ssl=1\",\"width\":500,\"height\":100,\"caption\":\"Editorial Guadalupe\"},\"image\":{\"@id\":\"https:\\\/\\\/libreriaguadalupe.com.ar\\\/libreria\\\/#\\\/schema\\\/logo\\\/image\\\/\"},\"sameAs\":[\"https:\\\/\\\/www.facebook.com\\\/LibreriaGuadalupeAR\\\/\",\"https:\\\/\\\/www.instagram.com\\\/editorialguadalupe\\\/\",\"https:\\\/\\\/guadalupeeditorial.mercadoshops.com.ar\\\/\"]}]}<\/script>\n<!-- \/ Yoast SEO plugin. -->","yoast_head_json":{"title":"Del Tabern\u00e1culo al Templo - Editorial Guadalupe de Argentina","description":"Este libro pone a disposici\u00f3n del lector una investigaci\u00f3n de car\u00e1cter multidisciplinario, en donde se estudia de manera sistem\u00e1tica el desarrollo de la instituci\u00f3n del Templo de Jerusal\u00e9n en el mundo jud\u00edo antiguo.","robots":{"index":"index","follow":"follow","max-snippet":"max-snippet:-1","max-image-preview":"max-image-preview:large","max-video-preview":"max-video-preview:-1"},"canonical":"https:\/\/libreriaguadalupe.com.ar\/libreria\/producto\/del-tabernaculo-al-templo\/","og_locale":"es_ES","og_type":"article","og_title":"Del Tabern\u00e1culo al Templo - Editorial Guadalupe de Argentina","og_description":"Este libro pone a disposici\u00f3n del lector una investigaci\u00f3n de car\u00e1cter multidisciplinario, en donde se estudia de manera sistem\u00e1tica el desarrollo de la instituci\u00f3n del Templo de Jerusal\u00e9n en el mundo jud\u00edo antiguo.","og_url":"https:\/\/libreriaguadalupe.com.ar\/libreria\/producto\/del-tabernaculo-al-templo\/","og_site_name":"Editorial Guadalupe de Argentina","article_publisher":"https:\/\/www.facebook.com\/LibreriaGuadalupeAR\/","article_modified_time":"2025-05-20T18:54:19+00:00","og_image":[{"width":470,"height":470,"url":"https:\/\/libreriaguadalupe.com.ar\/libreria\/wp-content\/uploads\/2024\/06\/NOVEDAD-TIENDA-JUNIO-2.jpg","type":"image\/jpeg"}],"twitter_card":"summary_large_image","twitter_misc":{"Tiempo de lectura":"1 minuto"},"schema":{"@context":"https:\/\/schema.org","@graph":[{"@type":"WebPage","@id":"https:\/\/libreriaguadalupe.com.ar\/libreria\/producto\/del-tabernaculo-al-templo\/","url":"https:\/\/libreriaguadalupe.com.ar\/libreria\/producto\/del-tabernaculo-al-templo\/","name":"Del Tabern\u00e1culo al Templo - Editorial Guadalupe de Argentina","isPartOf":{"@id":"https:\/\/libreriaguadalupe.com.ar\/libreria\/#website"},"primaryImageOfPage":{"@id":"https:\/\/libreriaguadalupe.com.ar\/libreria\/producto\/del-tabernaculo-al-templo\/#primaryimage"},"image":{"@id":"https:\/\/libreriaguadalupe.com.ar\/libreria\/producto\/del-tabernaculo-al-templo\/#primaryimage"},"thumbnailUrl":"https:\/\/i0.wp.com\/libreriaguadalupe.com.ar\/libreria\/wp-content\/uploads\/2024\/06\/NOVEDAD-TIENDA-JUNIO-2.jpg?fit=470%2C470&ssl=1","datePublished":"2024-06-13T13:13:26+00:00","dateModified":"2025-05-20T18:54:19+00:00","description":"Este libro pone a disposici\u00f3n del lector una investigaci\u00f3n de car\u00e1cter multidisciplinario, en donde se estudia de manera sistem\u00e1tica el desarrollo de la instituci\u00f3n del Templo de Jerusal\u00e9n en el mundo jud\u00edo antiguo.","breadcrumb":{"@id":"https:\/\/libreriaguadalupe.com.ar\/libreria\/producto\/del-tabernaculo-al-templo\/#breadcrumb"},"inLanguage":"es","potentialAction":[{"@type":"ReadAction","target":["https:\/\/libreriaguadalupe.com.ar\/libreria\/producto\/del-tabernaculo-al-templo\/"]}]},{"@type":"ImageObject","inLanguage":"es","@id":"https:\/\/libreriaguadalupe.com.ar\/libreria\/producto\/del-tabernaculo-al-templo\/#primaryimage","url":"https:\/\/i0.wp.com\/libreriaguadalupe.com.ar\/libreria\/wp-content\/uploads\/2024\/06\/NOVEDAD-TIENDA-JUNIO-2.jpg?fit=470%2C470&ssl=1","contentUrl":"https:\/\/i0.wp.com\/libreriaguadalupe.com.ar\/libreria\/wp-content\/uploads\/2024\/06\/NOVEDAD-TIENDA-JUNIO-2.jpg?fit=470%2C470&ssl=1","width":470,"height":470},{"@type":"BreadcrumbList","@id":"https:\/\/libreriaguadalupe.com.ar\/libreria\/producto\/del-tabernaculo-al-templo\/#breadcrumb","itemListElement":[{"@type":"ListItem","position":1,"name":"Portada","item":"https:\/\/libreriaguadalupe.com.ar\/libreria\/"},{"@type":"ListItem","position":2,"name":"Tienda","item":"https:\/\/libreriaguadalupe.com.ar\/libreria\/"},{"@type":"ListItem","position":3,"name":"Del Tabern\u00e1culo al Templo"}]},{"@type":"WebSite","@id":"https:\/\/libreriaguadalupe.com.ar\/libreria\/#website","url":"https:\/\/libreriaguadalupe.com.ar\/libreria\/","name":"Editorial Guadalupe de Argentina","description":"Congregaci\u00f3n del Verbo Divino","publisher":{"@id":"https:\/\/libreriaguadalupe.com.ar\/libreria\/#organization"},"alternateName":"Librer\u00eda Guadalupe","potentialAction":[{"@type":"SearchAction","target":{"@type":"EntryPoint","urlTemplate":"https:\/\/libreriaguadalupe.com.ar\/libreria\/?s={search_term_string}"},"query-input":{"@type":"PropertyValueSpecification","valueRequired":true,"valueName":"search_term_string"}}],"inLanguage":"es"},{"@type":"Organization","@id":"https:\/\/libreriaguadalupe.com.ar\/libreria\/#organization","name":"Editorial Guadalupe","alternateName":"Librer\u00eda Guadalupe","url":"https:\/\/libreriaguadalupe.com.ar\/libreria\/","logo":{"@type":"ImageObject","inLanguage":"es","@id":"https:\/\/libreriaguadalupe.com.ar\/libreria\/#\/schema\/logo\/image\/","url":"https:\/\/i0.wp.com\/libreriaguadalupe.com.ar\/libreria\/wp-content\/uploads\/2023\/01\/cropped-logo-editorial-guadalupe.webp?fit=500%2C100&ssl=1","contentUrl":"https:\/\/i0.wp.com\/libreriaguadalupe.com.ar\/libreria\/wp-content\/uploads\/2023\/01\/cropped-logo-editorial-guadalupe.webp?fit=500%2C100&ssl=1","width":500,"height":100,"caption":"Editorial Guadalupe"},"image":{"@id":"https:\/\/libreriaguadalupe.com.ar\/libreria\/#\/schema\/logo\/image\/"},"sameAs":["https:\/\/www.facebook.com\/LibreriaGuadalupeAR\/","https:\/\/www.instagram.com\/editorialguadalupe\/","https:\/\/guadalupeeditorial.mercadoshops.com.ar\/"]}]}},"jetpack_publicize_connections":[],"jetpack_sharing_enabled":true,"jetpack-related-posts":[{"id":12934,"url":"https:\/\/libreriaguadalupe.com.ar\/libreria\/producto\/el-cuadrante-tomo-ii\/","url_meta":{"origin":18117,"position":0},"title":"El Cuadrante, Tomo II","author":"admin","date":"18\/01\/2023","format":false,"excerpt":"El mundo de Jes\u00fas: La apuesta Autor: Jos\u00e9 Luis Sicre D\u00edaz ISBN: 8481691542 Dimensiones: 17 x 24 cm P\u00e1ginas: 328","rel":"","context":"Entrada similar","block_context":{"text":"Entrada similar","link":""},"img":{"alt_text":"","src":"https:\/\/i0.wp.com\/libreriaguadalupe.com.ar\/libreria\/wp-content\/uploads\/2023\/01\/El-Cuadrante-2.jpg?fit=380%2C586&ssl=1&resize=350%2C200","width":350,"height":200},"classes":[]},{"id":13220,"url":"https:\/\/libreriaguadalupe.com.ar\/libreria\/producto\/de-la-oscuridad-a-jerusalen-estudio-exegeticoteologico-de-tobias-13\/","url_meta":{"origin":18117,"position":1},"title":"De la oscuridad a Jerusalen","author":"admin","date":"18\/01\/2023","format":false,"excerpt":"Estudio exeg\u00e9tico-teol\u00f3gico de Tob\u00edas 13 Autor: Emilio L\u00f3pez Navas ISBN: 8490732519 Dimensiones: 16 x 24 cm P\u00e1ginas: 496","rel":"","context":"Entrada similar","block_context":{"text":"Entrada similar","link":""},"img":{"alt_text":"","src":"https:\/\/i0.wp.com\/libreriaguadalupe.com.ar\/libreria\/wp-content\/uploads\/2023\/01\/De-la-oscuridad-a-Jerusalen.jpg?fit=380%2C586&ssl=1&resize=350%2C200","width":350,"height":200},"classes":[]},{"id":12788,"url":"https:\/\/libreriaguadalupe.com.ar\/libreria\/producto\/roma-frente-a-jerusalen\/","url_meta":{"origin":18117,"position":2},"title":"Roma frente a Jerusalen","author":"admin","date":"18\/01\/2023","format":false,"excerpt":"ISBN 8471513641","rel":"","context":"Entrada similar","block_context":{"text":"Entrada similar","link":""},"img":{"alt_text":"","src":"","width":0,"height":0},"classes":[]},{"id":18113,"url":"https:\/\/libreriaguadalupe.com.ar\/libreria\/producto\/biblia-exegesis-y-religion\/","url_meta":{"origin":18117,"position":3},"title":"Biblia, ex\u00e9gesis y religi\u00f3n","author":"admin","date":"13\/06\/2024","format":false,"excerpt":"Una lectura cr\u00edtico-hist\u00f3rica del juda\u00edsmo Colecci\u00f3n: El mundo de la Biblia Subcolecci\u00f3n: El mundo de la Biblia Encuadernaci\u00f3n: R\u00fastica, fresada, tapa plastificada mate, con solapas Autor: Adolfo D. Roitman ISBN: 978-84-9945-100-8 Dimensiones: 17 x 24 cm P\u00e1ginas: 312","rel":"","context":"Entrada similar","block_context":{"text":"Entrada similar","link":""},"img":{"alt_text":"","src":"https:\/\/i0.wp.com\/libreriaguadalupe.com.ar\/libreria\/wp-content\/uploads\/2024\/06\/NOVEDAD-TIENDA-JUNIO-1.jpg?fit=470%2C470&ssl=1&resize=350%2C200","width":350,"height":200},"classes":[]},{"id":13097,"url":"https:\/\/libreriaguadalupe.com.ar\/libreria\/producto\/el-dios-que-esta-teologia-del-antiguo-testamento\/","url_meta":{"origin":18117,"position":4},"title":"El Dios que Esta","author":"admin","date":"18\/01\/2023","format":false,"excerpt":"Teolog\u00eda del Antiguo Testamento Autor: Pablo Rub\u00e9n Andi\u00f1ach ISBN: 8490730720 Dimensiones: 16 x 24 cm P\u00e1ginas: 416","rel":"","context":"Entrada similar","block_context":{"text":"Entrada similar","link":""},"img":{"alt_text":"","src":"https:\/\/i0.wp.com\/libreriaguadalupe.com.ar\/libreria\/wp-content\/uploads\/2023\/01\/El-Dios-que-Esta.jpg?fit=380%2C586&ssl=1&resize=350%2C200","width":350,"height":200},"classes":[]},{"id":16004,"url":"https:\/\/libreriaguadalupe.com.ar\/libreria\/producto\/los-duelos-de-jesus-y-de-maria\/","url_meta":{"origin":18117,"position":5},"title":"Los duelos de Jes\u00fas y de Mar\u00eda","author":"admin","date":"12\/02\/2023","format":false,"excerpt":"AUTOR: BAUTISTA MATEO [ VER M\u00c1S OBRAS ] ISBN: 9505007769","rel":"","context":"Entrada similar","block_context":{"text":"Entrada similar","link":""},"img":{"alt_text":"Los duelos de Jes\u00fas y de Mar\u00eda","src":"https:\/\/i0.wp.com\/libreriaguadalupe.com.ar\/libreria\/wp-content\/uploads\/2023\/02\/losduelosdejesusmaria_190919.jpg?fit=630%2C800&ssl=1&resize=350%2C200","width":350,"height":200,"srcset":"https:\/\/i0.wp.com\/libreriaguadalupe.com.ar\/libreria\/wp-content\/uploads\/2023\/02\/losduelosdejesusmaria_190919.jpg?fit=630%2C800&ssl=1&resize=350%2C200 1x, https:\/\/i0.wp.com\/libreriaguadalupe.com.ar\/libreria\/wp-content\/uploads\/2023\/02\/losduelosdejesusmaria_190919.jpg?fit=630%2C800&ssl=1&resize=525%2C300 1.5x"},"classes":[]}],"_links":{"self":[{"href":"https:\/\/libreriaguadalupe.com.ar\/libreria\/wp-json\/wp\/v2\/product\/18117","targetHints":{"allow":["GET"]}}],"collection":[{"href":"https:\/\/libreriaguadalupe.com.ar\/libreria\/wp-json\/wp\/v2\/product"}],"about":[{"href":"https:\/\/libreriaguadalupe.com.ar\/libreria\/wp-json\/wp\/v2\/types\/product"}],"replies":[{"embeddable":true,"href":"https:\/\/libreriaguadalupe.com.ar\/libreria\/wp-json\/wp\/v2\/comments?post=18117"}],"version-history":[{"count":1,"href":"https:\/\/libreriaguadalupe.com.ar\/libreria\/wp-json\/wp\/v2\/product\/18117\/revisions"}],"predecessor-version":[{"id":18120,"href":"https:\/\/libreriaguadalupe.com.ar\/libreria\/wp-json\/wp\/v2\/product\/18117\/revisions\/18120"}],"wp:featuredmedia":[{"embeddable":true,"href":"https:\/\/libreriaguadalupe.com.ar\/libreria\/wp-json\/wp\/v2\/media\/18118"}],"wp:attachment":[{"href":"https:\/\/libreriaguadalupe.com.ar\/libreria\/wp-json\/wp\/v2\/media?parent=18117"}],"wp:term":[{"taxonomy":"product_brand","embeddable":true,"href":"https:\/\/libreriaguadalupe.com.ar\/libreria\/wp-json\/wp\/v2\/product_brand?post=18117"},{"taxonomy":"product_cat","embeddable":true,"href":"https:\/\/libreriaguadalupe.com.ar\/libreria\/wp-json\/wp\/v2\/product_cat?post=18117"},{"taxonomy":"product_tag","embeddable":true,"href":"https:\/\/libreriaguadalupe.com.ar\/libreria\/wp-json\/wp\/v2\/product_tag?post=18117"}],"curies":[{"name":"wp","href":"https:\/\/api.w.org\/{rel}","templated":true}]}}