{"id":18069,"date":"2024-05-23T16:52:42","date_gmt":"2024-05-23T19:52:42","guid":{"rendered":"https:\/\/libreriaguadalupe.com.ar\/libreria\/?post_type=product&#038;p=18069"},"modified":"2025-05-05T17:54:24","modified_gmt":"2025-05-05T20:54:24","slug":"raices-del-cristianismo","status":"publish","type":"product","link":"https:\/\/libreriaguadalupe.com.ar\/libreria\/producto\/raices-del-cristianismo\/","title":{"rendered":"Ra\u00edces del Cristianismo"},"content":{"rendered":"<p>Este libro \u201cLas Ra\u00edces del Cristianismo\u201d se inicia aclarando que se pretende hacer una s\u00edntesis panor\u00e1mica de aspectos relevantes del origen y desarrollo de la Iglesia en los primeros 450 a\u00f1os, pero destacando, previamente, hechos y\/o acontecimientos ocurridos desde la \u00e9poca del Neol\u00edtico en la Prehistoria hasta el advenimiento del cristianismo por estimarlos atinentes.<br \/>\nSe realiza una mirada hist\u00f3rica previa a la venida de Cristo, a los importantes aportes que hicieron los imperios persa, griego, romano y la filosof\u00eda griega y se explica por qu\u00e9 dichos aportes generaron una plataforma propicia para el cristianismo.<br \/>\nNos detenemos en la venida de Cristo y su mandato a los Ap\u00f3stoles de transmitir su Mensaje y el consecuente surgimiento y desarrollo de la Iglesia en diversas comunidades con sus logros y adversidades.<br \/>\nConoceremos herej\u00edas, ataques, escritos contrarios a la fe, el canon del Nuevo Testamento y desarrollo de la doctrina Cat\u00f3lica. Con todo ello, se muestra una estrecha trama de sucesivos protagonistas que pusieron en marcha y dieron rumbo a la Iglesia con la evidente la intervenci\u00f3n del Esp\u00edritu Santo.<\/p>\n","protected":false},"excerpt":{"rendered":"<p><strong>S\u00edntesis panor\u00e1mica<\/strong><br \/>\nAcontecimientos hist\u00f3ricos previos al cristianismo y de sus primeros cuatrocientos cincuenta a\u00f1os<\/p>\n<p><img decoding=\"async\" class=\"alignnone size-full wp-image-16595\" src=\"https:\/\/libreriaguadalupe.com.ar\/libreria\/wp-content\/uploads\/2023\/03\/nuevo.png\" alt=\"\" width=\"200\" height=\"125\" \/><\/p>\n<p>Autor: \u00c1NGEL HUMBERTO MEDINA PALA<strong><br \/>\n<\/strong>ISBN: 978-950-500-913-8<br \/>\nDimensiones: 16 x 23 cm<br \/>\nP\u00e1ginas: 168<\/p>\n","protected":false},"featured_media":18070,"comment_status":"open","ping_status":"closed","template":"","meta":{"jetpack_publicize_message":"","jetpack_publicize_feature_enabled":true,"jetpack_social_post_already_shared":true,"jetpack_social_options":{"image_generator_settings":{"template":"highway","default_image_id":0,"font":"","enabled":false},"version":2}},"product_brand":[],"product_cat":[125,88,121],"product_tag":[127],"class_list":{"0":"post-18069","1":"product","2":"type-product","3":"status-publish","4":"has-post-thumbnail","6":"product_cat-novedades","7":"product_cat-espiritualidad-cultura-social","8":"product_cat-guadalupe","9":"product_tag-editorial-guadalupe-de-argentina","11":"first","12":"instock","13":"shipping-taxable","14":"purchasable","15":"product-type-simple"},"yoast_head":"<!-- This site is optimized with the Yoast SEO plugin v27.4 - https:\/\/yoast.com\/product\/yoast-seo-wordpress\/ -->\n<title>Ra\u00edces del Cristianismo - Editorial Guadalupe de Argentina<\/title>\n<meta name=\"description\" content=\"Este libro \u201cLas Ra\u00edces del Cristianismo\u201d se inicia aclarando que se pretende hacer una s\u00edntesis panor\u00e1mica de aspectos relevantes del origen y desarrollo de la Iglesia en los primeros 450 a\u00f1os, pero destacando,\" \/>\n<meta name=\"robots\" content=\"index, follow, max-snippet:-1, max-image-preview:large, max-video-preview:-1\" \/>\n<link rel=\"canonical\" href=\"https:\/\/libreriaguadalupe.com.ar\/libreria\/producto\/raices-del-cristianismo\/\" \/>\n<meta property=\"og:locale\" content=\"es_ES\" \/>\n<meta property=\"og:type\" content=\"article\" \/>\n<meta property=\"og:title\" content=\"Ra\u00edces del Cristianismo - Editorial Guadalupe de Argentina\" \/>\n<meta property=\"og:description\" content=\"Este libro \u201cLas Ra\u00edces del Cristianismo\u201d se inicia aclarando que se pretende hacer una s\u00edntesis panor\u00e1mica de aspectos relevantes del origen y desarrollo de la Iglesia en los primeros 450 a\u00f1os, pero destacando,\" \/>\n<meta property=\"og:url\" content=\"https:\/\/libreriaguadalupe.com.ar\/libreria\/producto\/raices-del-cristianismo\/\" \/>\n<meta property=\"og:site_name\" content=\"Editorial Guadalupe de Argentina\" \/>\n<meta property=\"article:publisher\" content=\"https:\/\/www.facebook.com\/LibreriaGuadalupeAR\/\" \/>\n<meta property=\"article:modified_time\" content=\"2025-05-05T20:54:24+00:00\" \/>\n<meta property=\"og:image\" content=\"https:\/\/libreriaguadalupe.com.ar\/libreria\/wp-content\/uploads\/2024\/05\/NOVEDAD-TIENDA-MAYO-4.jpg\" \/>\n\t<meta property=\"og:image:width\" content=\"470\" \/>\n\t<meta property=\"og:image:height\" content=\"470\" \/>\n\t<meta property=\"og:image:type\" content=\"image\/jpeg\" \/>\n<meta name=\"twitter:card\" content=\"summary_large_image\" \/>\n<meta name=\"twitter:label1\" content=\"Tiempo de lectura\" \/>\n\t<meta name=\"twitter:data1\" content=\"2 minutos\" \/>\n<script type=\"application\/ld+json\" class=\"yoast-schema-graph\">{\"@context\":\"https:\\\/\\\/schema.org\",\"@graph\":[{\"@type\":\"WebPage\",\"@id\":\"https:\\\/\\\/libreriaguadalupe.com.ar\\\/libreria\\\/producto\\\/raices-del-cristianismo\\\/\",\"url\":\"https:\\\/\\\/libreriaguadalupe.com.ar\\\/libreria\\\/producto\\\/raices-del-cristianismo\\\/\",\"name\":\"Ra\u00edces del Cristianismo - Editorial Guadalupe de Argentina\",\"isPartOf\":{\"@id\":\"https:\\\/\\\/libreriaguadalupe.com.ar\\\/libreria\\\/#website\"},\"primaryImageOfPage\":{\"@id\":\"https:\\\/\\\/libreriaguadalupe.com.ar\\\/libreria\\\/producto\\\/raices-del-cristianismo\\\/#primaryimage\"},\"image\":{\"@id\":\"https:\\\/\\\/libreriaguadalupe.com.ar\\\/libreria\\\/producto\\\/raices-del-cristianismo\\\/#primaryimage\"},\"thumbnailUrl\":\"https:\\\/\\\/i0.wp.com\\\/libreriaguadalupe.com.ar\\\/libreria\\\/wp-content\\\/uploads\\\/2024\\\/05\\\/NOVEDAD-TIENDA-MAYO-4.jpg?fit=470%2C470&ssl=1\",\"datePublished\":\"2024-05-23T19:52:42+00:00\",\"dateModified\":\"2025-05-05T20:54:24+00:00\",\"description\":\"Este libro \u201cLas Ra\u00edces del Cristianismo\u201d se inicia aclarando que se pretende hacer una s\u00edntesis panor\u00e1mica de aspectos relevantes del origen y desarrollo de la Iglesia en los primeros 450 a\u00f1os, pero destacando,\",\"breadcrumb\":{\"@id\":\"https:\\\/\\\/libreriaguadalupe.com.ar\\\/libreria\\\/producto\\\/raices-del-cristianismo\\\/#breadcrumb\"},\"inLanguage\":\"es\",\"potentialAction\":[{\"@type\":\"ReadAction\",\"target\":[\"https:\\\/\\\/libreriaguadalupe.com.ar\\\/libreria\\\/producto\\\/raices-del-cristianismo\\\/\"]}]},{\"@type\":\"ImageObject\",\"inLanguage\":\"es\",\"@id\":\"https:\\\/\\\/libreriaguadalupe.com.ar\\\/libreria\\\/producto\\\/raices-del-cristianismo\\\/#primaryimage\",\"url\":\"https:\\\/\\\/i0.wp.com\\\/libreriaguadalupe.com.ar\\\/libreria\\\/wp-content\\\/uploads\\\/2024\\\/05\\\/NOVEDAD-TIENDA-MAYO-4.jpg?fit=470%2C470&ssl=1\",\"contentUrl\":\"https:\\\/\\\/i0.wp.com\\\/libreriaguadalupe.com.ar\\\/libreria\\\/wp-content\\\/uploads\\\/2024\\\/05\\\/NOVEDAD-TIENDA-MAYO-4.jpg?fit=470%2C470&ssl=1\",\"width\":470,\"height\":470},{\"@type\":\"BreadcrumbList\",\"@id\":\"https:\\\/\\\/libreriaguadalupe.com.ar\\\/libreria\\\/producto\\\/raices-del-cristianismo\\\/#breadcrumb\",\"itemListElement\":[{\"@type\":\"ListItem\",\"position\":1,\"name\":\"Portada\",\"item\":\"https:\\\/\\\/libreriaguadalupe.com.ar\\\/libreria\\\/\"},{\"@type\":\"ListItem\",\"position\":2,\"name\":\"Tienda\",\"item\":\"https:\\\/\\\/libreriaguadalupe.com.ar\\\/libreria\\\/\"},{\"@type\":\"ListItem\",\"position\":3,\"name\":\"Ra\u00edces del Cristianismo\"}]},{\"@type\":\"WebSite\",\"@id\":\"https:\\\/\\\/libreriaguadalupe.com.ar\\\/libreria\\\/#website\",\"url\":\"https:\\\/\\\/libreriaguadalupe.com.ar\\\/libreria\\\/\",\"name\":\"Editorial Guadalupe de Argentina\",\"description\":\"Congregaci\u00f3n del Verbo Divino\",\"publisher\":{\"@id\":\"https:\\\/\\\/libreriaguadalupe.com.ar\\\/libreria\\\/#organization\"},\"alternateName\":\"Librer\u00eda Guadalupe\",\"potentialAction\":[{\"@type\":\"SearchAction\",\"target\":{\"@type\":\"EntryPoint\",\"urlTemplate\":\"https:\\\/\\\/libreriaguadalupe.com.ar\\\/libreria\\\/?s={search_term_string}\"},\"query-input\":{\"@type\":\"PropertyValueSpecification\",\"valueRequired\":true,\"valueName\":\"search_term_string\"}}],\"inLanguage\":\"es\"},{\"@type\":\"Organization\",\"@id\":\"https:\\\/\\\/libreriaguadalupe.com.ar\\\/libreria\\\/#organization\",\"name\":\"Editorial Guadalupe\",\"alternateName\":\"Librer\u00eda Guadalupe\",\"url\":\"https:\\\/\\\/libreriaguadalupe.com.ar\\\/libreria\\\/\",\"logo\":{\"@type\":\"ImageObject\",\"inLanguage\":\"es\",\"@id\":\"https:\\\/\\\/libreriaguadalupe.com.ar\\\/libreria\\\/#\\\/schema\\\/logo\\\/image\\\/\",\"url\":\"https:\\\/\\\/i0.wp.com\\\/libreriaguadalupe.com.ar\\\/libreria\\\/wp-content\\\/uploads\\\/2023\\\/01\\\/cropped-logo-editorial-guadalupe.webp?fit=500%2C100&ssl=1\",\"contentUrl\":\"https:\\\/\\\/i0.wp.com\\\/libreriaguadalupe.com.ar\\\/libreria\\\/wp-content\\\/uploads\\\/2023\\\/01\\\/cropped-logo-editorial-guadalupe.webp?fit=500%2C100&ssl=1\",\"width\":500,\"height\":100,\"caption\":\"Editorial Guadalupe\"},\"image\":{\"@id\":\"https:\\\/\\\/libreriaguadalupe.com.ar\\\/libreria\\\/#\\\/schema\\\/logo\\\/image\\\/\"},\"sameAs\":[\"https:\\\/\\\/www.facebook.com\\\/LibreriaGuadalupeAR\\\/\",\"https:\\\/\\\/www.instagram.com\\\/editorialguadalupe\\\/\",\"https:\\\/\\\/guadalupeeditorial.mercadoshops.com.ar\\\/\"]}]}<\/script>\n<!-- \/ Yoast SEO plugin. -->","yoast_head_json":{"title":"Ra\u00edces del Cristianismo - Editorial Guadalupe de Argentina","description":"Este libro \u201cLas Ra\u00edces del Cristianismo\u201d se inicia aclarando que se pretende hacer una s\u00edntesis panor\u00e1mica de aspectos relevantes del origen y desarrollo de la Iglesia en los primeros 450 a\u00f1os, pero destacando,","robots":{"index":"index","follow":"follow","max-snippet":"max-snippet:-1","max-image-preview":"max-image-preview:large","max-video-preview":"max-video-preview:-1"},"canonical":"https:\/\/libreriaguadalupe.com.ar\/libreria\/producto\/raices-del-cristianismo\/","og_locale":"es_ES","og_type":"article","og_title":"Ra\u00edces del Cristianismo - Editorial Guadalupe de Argentina","og_description":"Este libro \u201cLas Ra\u00edces del Cristianismo\u201d se inicia aclarando que se pretende hacer una s\u00edntesis panor\u00e1mica de aspectos relevantes del origen y desarrollo de la Iglesia en los primeros 450 a\u00f1os, pero destacando,","og_url":"https:\/\/libreriaguadalupe.com.ar\/libreria\/producto\/raices-del-cristianismo\/","og_site_name":"Editorial Guadalupe de Argentina","article_publisher":"https:\/\/www.facebook.com\/LibreriaGuadalupeAR\/","article_modified_time":"2025-05-05T20:54:24+00:00","og_image":[{"width":470,"height":470,"url":"https:\/\/libreriaguadalupe.com.ar\/libreria\/wp-content\/uploads\/2024\/05\/NOVEDAD-TIENDA-MAYO-4.jpg","type":"image\/jpeg"}],"twitter_card":"summary_large_image","twitter_misc":{"Tiempo de lectura":"2 minutos"},"schema":{"@context":"https:\/\/schema.org","@graph":[{"@type":"WebPage","@id":"https:\/\/libreriaguadalupe.com.ar\/libreria\/producto\/raices-del-cristianismo\/","url":"https:\/\/libreriaguadalupe.com.ar\/libreria\/producto\/raices-del-cristianismo\/","name":"Ra\u00edces del Cristianismo - Editorial Guadalupe de Argentina","isPartOf":{"@id":"https:\/\/libreriaguadalupe.com.ar\/libreria\/#website"},"primaryImageOfPage":{"@id":"https:\/\/libreriaguadalupe.com.ar\/libreria\/producto\/raices-del-cristianismo\/#primaryimage"},"image":{"@id":"https:\/\/libreriaguadalupe.com.ar\/libreria\/producto\/raices-del-cristianismo\/#primaryimage"},"thumbnailUrl":"https:\/\/i0.wp.com\/libreriaguadalupe.com.ar\/libreria\/wp-content\/uploads\/2024\/05\/NOVEDAD-TIENDA-MAYO-4.jpg?fit=470%2C470&ssl=1","datePublished":"2024-05-23T19:52:42+00:00","dateModified":"2025-05-05T20:54:24+00:00","description":"Este libro \u201cLas Ra\u00edces del Cristianismo\u201d se inicia aclarando que se pretende hacer una s\u00edntesis panor\u00e1mica de aspectos relevantes del origen y desarrollo de la Iglesia en los primeros 450 a\u00f1os, pero destacando,","breadcrumb":{"@id":"https:\/\/libreriaguadalupe.com.ar\/libreria\/producto\/raices-del-cristianismo\/#breadcrumb"},"inLanguage":"es","potentialAction":[{"@type":"ReadAction","target":["https:\/\/libreriaguadalupe.com.ar\/libreria\/producto\/raices-del-cristianismo\/"]}]},{"@type":"ImageObject","inLanguage":"es","@id":"https:\/\/libreriaguadalupe.com.ar\/libreria\/producto\/raices-del-cristianismo\/#primaryimage","url":"https:\/\/i0.wp.com\/libreriaguadalupe.com.ar\/libreria\/wp-content\/uploads\/2024\/05\/NOVEDAD-TIENDA-MAYO-4.jpg?fit=470%2C470&ssl=1","contentUrl":"https:\/\/i0.wp.com\/libreriaguadalupe.com.ar\/libreria\/wp-content\/uploads\/2024\/05\/NOVEDAD-TIENDA-MAYO-4.jpg?fit=470%2C470&ssl=1","width":470,"height":470},{"@type":"BreadcrumbList","@id":"https:\/\/libreriaguadalupe.com.ar\/libreria\/producto\/raices-del-cristianismo\/#breadcrumb","itemListElement":[{"@type":"ListItem","position":1,"name":"Portada","item":"https:\/\/libreriaguadalupe.com.ar\/libreria\/"},{"@type":"ListItem","position":2,"name":"Tienda","item":"https:\/\/libreriaguadalupe.com.ar\/libreria\/"},{"@type":"ListItem","position":3,"name":"Ra\u00edces del Cristianismo"}]},{"@type":"WebSite","@id":"https:\/\/libreriaguadalupe.com.ar\/libreria\/#website","url":"https:\/\/libreriaguadalupe.com.ar\/libreria\/","name":"Editorial Guadalupe de Argentina","description":"Congregaci\u00f3n del Verbo Divino","publisher":{"@id":"https:\/\/libreriaguadalupe.com.ar\/libreria\/#organization"},"alternateName":"Librer\u00eda Guadalupe","potentialAction":[{"@type":"SearchAction","target":{"@type":"EntryPoint","urlTemplate":"https:\/\/libreriaguadalupe.com.ar\/libreria\/?s={search_term_string}"},"query-input":{"@type":"PropertyValueSpecification","valueRequired":true,"valueName":"search_term_string"}}],"inLanguage":"es"},{"@type":"Organization","@id":"https:\/\/libreriaguadalupe.com.ar\/libreria\/#organization","name":"Editorial Guadalupe","alternateName":"Librer\u00eda Guadalupe","url":"https:\/\/libreriaguadalupe.com.ar\/libreria\/","logo":{"@type":"ImageObject","inLanguage":"es","@id":"https:\/\/libreriaguadalupe.com.ar\/libreria\/#\/schema\/logo\/image\/","url":"https:\/\/i0.wp.com\/libreriaguadalupe.com.ar\/libreria\/wp-content\/uploads\/2023\/01\/cropped-logo-editorial-guadalupe.webp?fit=500%2C100&ssl=1","contentUrl":"https:\/\/i0.wp.com\/libreriaguadalupe.com.ar\/libreria\/wp-content\/uploads\/2023\/01\/cropped-logo-editorial-guadalupe.webp?fit=500%2C100&ssl=1","width":500,"height":100,"caption":"Editorial Guadalupe"},"image":{"@id":"https:\/\/libreriaguadalupe.com.ar\/libreria\/#\/schema\/logo\/image\/"},"sameAs":["https:\/\/www.facebook.com\/LibreriaGuadalupeAR\/","https:\/\/www.instagram.com\/editorialguadalupe\/","https:\/\/guadalupeeditorial.mercadoshops.com.ar\/"]}]}},"jetpack_publicize_connections":[],"jetpack_sharing_enabled":true,"jetpack-related-posts":[{"id":15506,"url":"https:\/\/libreriaguadalupe.com.ar\/libreria\/producto\/las-mujeres-en-la-mirada-de-los-antiguos-cristianos-2\/","url_meta":{"origin":18069,"position":0},"title":"Las mujeres en la mirada de los antiguos escritos cristianos (siglos I-VI)","author":"admin","date":"07\/02\/2023","format":false,"excerpt":"Los Padres de la Iglesia AUTOR: EVD ISBN: 8490730041","rel":"","context":"Entrada similar","block_context":{"text":"Entrada similar","link":""},"img":{"alt_text":"","src":"https:\/\/i0.wp.com\/libreriaguadalupe.com.ar\/libreria\/wp-content\/uploads\/1674\/33\/1186.jpg?fit=315%2C440&ssl=1&resize=350%2C200","width":350,"height":200},"classes":[]},{"id":18157,"url":"https:\/\/libreriaguadalupe.com.ar\/libreria\/producto\/camino-con-cristo\/","url_meta":{"origin":18069,"position":1},"title":"Camino con Cristo","author":"admin","date":"11\/07\/2024","format":false,"excerpt":"Catecumenado de Adultos Autor: Mart\u00edn Weichs ISBN: 978-987-148-821-6 Dimensiones: 18 x 26 cm P\u00e1ginas: 618","rel":"","context":"Entrada similar","block_context":{"text":"Entrada similar","link":""},"img":{"alt_text":"","src":"https:\/\/i0.wp.com\/libreriaguadalupe.com.ar\/libreria\/wp-content\/uploads\/2024\/07\/Camino-con-Cristo.png?fit=470%2C712&ssl=1&resize=350%2C200","width":350,"height":200},"classes":[]},{"id":15509,"url":"https:\/\/libreriaguadalupe.com.ar\/libreria\/producto\/evangelio-de-marcos-pikaza-2\/","url_meta":{"origin":18069,"position":2},"title":"Evangelio de Marcos","author":"admin","date":"07\/02\/2023","format":false,"excerpt":"La Buena Noticia de Jes\u00fas AUTOR: EVD ISBN: 8499452258","rel":"","context":"Entrada similar","block_context":{"text":"Entrada similar","link":""},"img":{"alt_text":"","src":"https:\/\/i0.wp.com\/libreriaguadalupe.com.ar\/libreria\/wp-content\/uploads\/2023\/02\/Evangelio-de-Marcos.jpg?fit=380%2C586&ssl=1&resize=350%2C200","width":350,"height":200},"classes":[]},{"id":12927,"url":"https:\/\/libreriaguadalupe.com.ar\/libreria\/producto\/lectio-divina-para-la-vida-diaria-los-salmos-y-los-canticos-de-laudes-y-visperas-semana-1\/","url_meta":{"origin":18069,"position":3},"title":"Lectio divina para la vida diaria: Los salmos y los canticos de laudes y visperas Semana 1","author":"admin","date":"18\/01\/2023","format":false,"excerpt":"Volumen 3 AUTOR: EVD ISBN: 8481698206","rel":"","context":"Entrada similar","block_context":{"text":"Entrada similar","link":""},"img":{"alt_text":"","src":"https:\/\/i0.wp.com\/libreriaguadalupe.com.ar\/libreria\/wp-content\/uploads\/2023\/01\/788.jpg?fit=227%2C357&ssl=1&resize=350%2C200","width":350,"height":200},"classes":[]},{"id":12767,"url":"https:\/\/libreriaguadalupe.com.ar\/libreria\/producto\/diccionario-de-pensadores-cristianos\/","url_meta":{"origin":18069,"position":4},"title":"Diccionario de pensadores cristianos","author":"admin","date":"18\/01\/2023","format":false,"excerpt":"Autor:\u00a0Xabier Pikaza Ibarrondo ISBN: 8499451060 Dimensiones: 15,5 x 24 cm P\u00e1ginas: 992","rel":"","context":"Entrada similar","block_context":{"text":"Entrada similar","link":""},"img":{"alt_text":"","src":"https:\/\/i0.wp.com\/libreriaguadalupe.com.ar\/libreria\/wp-content\/uploads\/2023\/01\/Diccionario-de-pensadores-cristianos.jpg?fit=380%2C586&ssl=1&resize=350%2C200","width":350,"height":200},"classes":[]},{"id":15505,"url":"https:\/\/libreriaguadalupe.com.ar\/libreria\/producto\/trinidad-universo-persona-teologia-en-cosmovision-evolutiva-2\/","url_meta":{"origin":18069,"position":5},"title":"Trinidad, universo, persona","author":"admin","date":"07\/02\/2023","format":false,"excerpt":"Teolog\u00eda en cosmovisi\u00f3n evolutiva AUTOR: EVD ISBN: 8490730188","rel":"","context":"Entrada similar","block_context":{"text":"Entrada similar","link":""},"img":{"alt_text":"","src":"https:\/\/i0.wp.com\/libreriaguadalupe.com.ar\/libreria\/wp-content\/uploads\/2023\/02\/Trinidad-universo-persona.jpg?fit=380%2C586&ssl=1&resize=350%2C200","width":350,"height":200},"classes":[]}],"_links":{"self":[{"href":"https:\/\/libreriaguadalupe.com.ar\/libreria\/wp-json\/wp\/v2\/product\/18069","targetHints":{"allow":["GET"]}}],"collection":[{"href":"https:\/\/libreriaguadalupe.com.ar\/libreria\/wp-json\/wp\/v2\/product"}],"about":[{"href":"https:\/\/libreriaguadalupe.com.ar\/libreria\/wp-json\/wp\/v2\/types\/product"}],"replies":[{"embeddable":true,"href":"https:\/\/libreriaguadalupe.com.ar\/libreria\/wp-json\/wp\/v2\/comments?post=18069"}],"version-history":[{"count":1,"href":"https:\/\/libreriaguadalupe.com.ar\/libreria\/wp-json\/wp\/v2\/product\/18069\/revisions"}],"predecessor-version":[{"id":18074,"href":"https:\/\/libreriaguadalupe.com.ar\/libreria\/wp-json\/wp\/v2\/product\/18069\/revisions\/18074"}],"wp:featuredmedia":[{"embeddable":true,"href":"https:\/\/libreriaguadalupe.com.ar\/libreria\/wp-json\/wp\/v2\/media\/18070"}],"wp:attachment":[{"href":"https:\/\/libreriaguadalupe.com.ar\/libreria\/wp-json\/wp\/v2\/media?parent=18069"}],"wp:term":[{"taxonomy":"product_brand","embeddable":true,"href":"https:\/\/libreriaguadalupe.com.ar\/libreria\/wp-json\/wp\/v2\/product_brand?post=18069"},{"taxonomy":"product_cat","embeddable":true,"href":"https:\/\/libreriaguadalupe.com.ar\/libreria\/wp-json\/wp\/v2\/product_cat?post=18069"},{"taxonomy":"product_tag","embeddable":true,"href":"https:\/\/libreriaguadalupe.com.ar\/libreria\/wp-json\/wp\/v2\/product_tag?post=18069"}],"curies":[{"name":"wp","href":"https:\/\/api.w.org\/{rel}","templated":true}]}}