{"id":18058,"date":"2024-05-22T10:49:02","date_gmt":"2024-05-22T13:49:02","guid":{"rendered":"https:\/\/libreriaguadalupe.com.ar\/libreria\/?post_type=product&#038;p=18058"},"modified":"2025-05-24T18:33:31","modified_gmt":"2025-05-24T21:33:31","slug":"la-vigencia-de-jesus-de-nazaret-vol-iii","status":"publish","type":"product","link":"https:\/\/libreriaguadalupe.com.ar\/libreria\/producto\/la-vigencia-de-jesus-de-nazaret-vol-iii\/","title":{"rendered":"La vigencia de Jes\u00fas de Nazaret &#8211; Vol. III"},"content":{"rendered":"<p>Lo que el lector encontrar\u00e1 en estas p\u00e1ginas es el fruto de varios a\u00f1os de reflexi\u00f3n sobre los textos lit\u00fargicos. No se trata sin embargo de un comentario ajustado a los respectivos ciclos. Me pareci\u00f3 m\u00e1s \u00fatil agrupar las meditaciones seg\u00fan el tenor de los fragmentos b\u00edblicos, y de ese modo han surgido tres bloques tem\u00e1ticos para este primer volumen. La idea es compartir impresiones enraizadas en datos (exeg\u00e9ticos, hist\u00f3ricos, teol\u00f3gicos) cuyo conocimiento es imprescindible -sin perjuicio de que buena parte de ellos sean discutibles-, y luego interpelar al lector acerca de la persona de Jes\u00fas tal como podemos evocarla y escucharla en nuestros d\u00edas.<\/p>\n","protected":false},"excerpt":{"rendered":"<p><img decoding=\"async\" class=\"alignnone size-full wp-image-16595\" src=\"https:\/\/libreriaguadalupe.com.ar\/libreria\/wp-content\/uploads\/2023\/03\/nuevo.png\" alt=\"\" width=\"200\" height=\"125\" \/><\/p>\n<p>Autor: Oscar Correa<strong><br \/>\n<\/strong>ISBN: 978-950-500-922-0<br \/>\nDimensiones: 16 x 23 cm<br \/>\nP\u00e1ginas: 428<\/p>\n","protected":false},"featured_media":18059,"comment_status":"open","ping_status":"closed","template":"","meta":{"jetpack_publicize_message":"","jetpack_publicize_feature_enabled":true,"jetpack_social_post_already_shared":true,"jetpack_social_options":{"image_generator_settings":{"template":"highway","default_image_id":0,"font":"","enabled":false},"version":2}},"product_brand":[],"product_cat":[125,88,121],"product_tag":[127],"class_list":{"0":"post-18058","1":"product","2":"type-product","3":"status-publish","4":"has-post-thumbnail","6":"product_cat-novedades","7":"product_cat-espiritualidad-cultura-social","8":"product_cat-guadalupe","9":"product_tag-editorial-guadalupe-de-argentina","11":"first","12":"instock","13":"shipping-taxable","14":"purchasable","15":"product-type-simple"},"yoast_head":"<!-- This site is optimized with the Yoast SEO plugin v27.4 - https:\/\/yoast.com\/product\/yoast-seo-wordpress\/ -->\n<title>La vigencia de Jes\u00fas de Nazaret - Vol. III - Editorial Guadalupe de Argentina<\/title>\n<meta name=\"description\" content=\"Lo que el lector encontrar\u00e1 en estas p\u00e1ginas es el fruto de varios a\u00f1os de reflexi\u00f3n sobre los textos lit\u00fargicos. No se trata sin embargo de un comentario ajustado a los respectivos ciclos.\" \/>\n<meta name=\"robots\" content=\"index, follow, max-snippet:-1, max-image-preview:large, max-video-preview:-1\" \/>\n<link rel=\"canonical\" href=\"https:\/\/libreriaguadalupe.com.ar\/libreria\/producto\/la-vigencia-de-jesus-de-nazaret-vol-iii\/\" \/>\n<meta property=\"og:locale\" content=\"es_ES\" \/>\n<meta property=\"og:type\" content=\"article\" \/>\n<meta property=\"og:title\" content=\"La vigencia de Jes\u00fas de Nazaret - Vol. III - Editorial Guadalupe de Argentina\" \/>\n<meta property=\"og:description\" content=\"Lo que el lector encontrar\u00e1 en estas p\u00e1ginas es el fruto de varios a\u00f1os de reflexi\u00f3n sobre los textos lit\u00fargicos. No se trata sin embargo de un comentario ajustado a los respectivos ciclos.\" \/>\n<meta property=\"og:url\" content=\"https:\/\/libreriaguadalupe.com.ar\/libreria\/producto\/la-vigencia-de-jesus-de-nazaret-vol-iii\/\" \/>\n<meta property=\"og:site_name\" content=\"Editorial Guadalupe de Argentina\" \/>\n<meta property=\"article:publisher\" content=\"https:\/\/www.facebook.com\/LibreriaGuadalupeAR\/\" \/>\n<meta property=\"article:modified_time\" content=\"2025-05-24T21:33:31+00:00\" \/>\n<meta property=\"og:image\" content=\"https:\/\/libreriaguadalupe.com.ar\/libreria\/wp-content\/uploads\/2024\/05\/NOVEDAD-TIENDA-MAYO-3.jpg\" \/>\n\t<meta property=\"og:image:width\" content=\"470\" \/>\n\t<meta property=\"og:image:height\" content=\"470\" \/>\n\t<meta property=\"og:image:type\" content=\"image\/jpeg\" \/>\n<meta name=\"twitter:card\" content=\"summary_large_image\" \/>\n<meta name=\"twitter:label1\" content=\"Tiempo de lectura\" \/>\n\t<meta name=\"twitter:data1\" content=\"1 minuto\" \/>\n<script type=\"application\/ld+json\" class=\"yoast-schema-graph\">{\"@context\":\"https:\\\/\\\/schema.org\",\"@graph\":[{\"@type\":\"WebPage\",\"@id\":\"https:\\\/\\\/libreriaguadalupe.com.ar\\\/libreria\\\/producto\\\/la-vigencia-de-jesus-de-nazaret-vol-iii\\\/\",\"url\":\"https:\\\/\\\/libreriaguadalupe.com.ar\\\/libreria\\\/producto\\\/la-vigencia-de-jesus-de-nazaret-vol-iii\\\/\",\"name\":\"La vigencia de Jes\u00fas de Nazaret - Vol. III - Editorial Guadalupe de Argentina\",\"isPartOf\":{\"@id\":\"https:\\\/\\\/libreriaguadalupe.com.ar\\\/libreria\\\/#website\"},\"primaryImageOfPage\":{\"@id\":\"https:\\\/\\\/libreriaguadalupe.com.ar\\\/libreria\\\/producto\\\/la-vigencia-de-jesus-de-nazaret-vol-iii\\\/#primaryimage\"},\"image\":{\"@id\":\"https:\\\/\\\/libreriaguadalupe.com.ar\\\/libreria\\\/producto\\\/la-vigencia-de-jesus-de-nazaret-vol-iii\\\/#primaryimage\"},\"thumbnailUrl\":\"https:\\\/\\\/i0.wp.com\\\/libreriaguadalupe.com.ar\\\/libreria\\\/wp-content\\\/uploads\\\/2024\\\/05\\\/NOVEDAD-TIENDA-MAYO-3.jpg?fit=470%2C470&ssl=1\",\"datePublished\":\"2024-05-22T13:49:02+00:00\",\"dateModified\":\"2025-05-24T21:33:31+00:00\",\"description\":\"Lo que el lector encontrar\u00e1 en estas p\u00e1ginas es el fruto de varios a\u00f1os de reflexi\u00f3n sobre los textos lit\u00fargicos. No se trata sin embargo de un comentario ajustado a los respectivos ciclos.\",\"breadcrumb\":{\"@id\":\"https:\\\/\\\/libreriaguadalupe.com.ar\\\/libreria\\\/producto\\\/la-vigencia-de-jesus-de-nazaret-vol-iii\\\/#breadcrumb\"},\"inLanguage\":\"es\",\"potentialAction\":[{\"@type\":\"ReadAction\",\"target\":[\"https:\\\/\\\/libreriaguadalupe.com.ar\\\/libreria\\\/producto\\\/la-vigencia-de-jesus-de-nazaret-vol-iii\\\/\"]}]},{\"@type\":\"ImageObject\",\"inLanguage\":\"es\",\"@id\":\"https:\\\/\\\/libreriaguadalupe.com.ar\\\/libreria\\\/producto\\\/la-vigencia-de-jesus-de-nazaret-vol-iii\\\/#primaryimage\",\"url\":\"https:\\\/\\\/i0.wp.com\\\/libreriaguadalupe.com.ar\\\/libreria\\\/wp-content\\\/uploads\\\/2024\\\/05\\\/NOVEDAD-TIENDA-MAYO-3.jpg?fit=470%2C470&ssl=1\",\"contentUrl\":\"https:\\\/\\\/i0.wp.com\\\/libreriaguadalupe.com.ar\\\/libreria\\\/wp-content\\\/uploads\\\/2024\\\/05\\\/NOVEDAD-TIENDA-MAYO-3.jpg?fit=470%2C470&ssl=1\",\"width\":470,\"height\":470},{\"@type\":\"BreadcrumbList\",\"@id\":\"https:\\\/\\\/libreriaguadalupe.com.ar\\\/libreria\\\/producto\\\/la-vigencia-de-jesus-de-nazaret-vol-iii\\\/#breadcrumb\",\"itemListElement\":[{\"@type\":\"ListItem\",\"position\":1,\"name\":\"Portada\",\"item\":\"https:\\\/\\\/libreriaguadalupe.com.ar\\\/libreria\\\/\"},{\"@type\":\"ListItem\",\"position\":2,\"name\":\"Tienda\",\"item\":\"https:\\\/\\\/libreriaguadalupe.com.ar\\\/libreria\\\/\"},{\"@type\":\"ListItem\",\"position\":3,\"name\":\"La vigencia de Jes\u00fas de Nazaret &#8211; Vol. III\"}]},{\"@type\":\"WebSite\",\"@id\":\"https:\\\/\\\/libreriaguadalupe.com.ar\\\/libreria\\\/#website\",\"url\":\"https:\\\/\\\/libreriaguadalupe.com.ar\\\/libreria\\\/\",\"name\":\"Editorial Guadalupe de Argentina\",\"description\":\"Congregaci\u00f3n del Verbo Divino\",\"publisher\":{\"@id\":\"https:\\\/\\\/libreriaguadalupe.com.ar\\\/libreria\\\/#organization\"},\"alternateName\":\"Librer\u00eda Guadalupe\",\"potentialAction\":[{\"@type\":\"SearchAction\",\"target\":{\"@type\":\"EntryPoint\",\"urlTemplate\":\"https:\\\/\\\/libreriaguadalupe.com.ar\\\/libreria\\\/?s={search_term_string}\"},\"query-input\":{\"@type\":\"PropertyValueSpecification\",\"valueRequired\":true,\"valueName\":\"search_term_string\"}}],\"inLanguage\":\"es\"},{\"@type\":\"Organization\",\"@id\":\"https:\\\/\\\/libreriaguadalupe.com.ar\\\/libreria\\\/#organization\",\"name\":\"Editorial Guadalupe\",\"alternateName\":\"Librer\u00eda Guadalupe\",\"url\":\"https:\\\/\\\/libreriaguadalupe.com.ar\\\/libreria\\\/\",\"logo\":{\"@type\":\"ImageObject\",\"inLanguage\":\"es\",\"@id\":\"https:\\\/\\\/libreriaguadalupe.com.ar\\\/libreria\\\/#\\\/schema\\\/logo\\\/image\\\/\",\"url\":\"https:\\\/\\\/i0.wp.com\\\/libreriaguadalupe.com.ar\\\/libreria\\\/wp-content\\\/uploads\\\/2023\\\/01\\\/cropped-logo-editorial-guadalupe.webp?fit=500%2C100&ssl=1\",\"contentUrl\":\"https:\\\/\\\/i0.wp.com\\\/libreriaguadalupe.com.ar\\\/libreria\\\/wp-content\\\/uploads\\\/2023\\\/01\\\/cropped-logo-editorial-guadalupe.webp?fit=500%2C100&ssl=1\",\"width\":500,\"height\":100,\"caption\":\"Editorial Guadalupe\"},\"image\":{\"@id\":\"https:\\\/\\\/libreriaguadalupe.com.ar\\\/libreria\\\/#\\\/schema\\\/logo\\\/image\\\/\"},\"sameAs\":[\"https:\\\/\\\/www.facebook.com\\\/LibreriaGuadalupeAR\\\/\",\"https:\\\/\\\/www.instagram.com\\\/editorialguadalupe\\\/\",\"https:\\\/\\\/guadalupeeditorial.mercadoshops.com.ar\\\/\"]}]}<\/script>\n<!-- \/ Yoast SEO plugin. -->","yoast_head_json":{"title":"La vigencia de Jes\u00fas de Nazaret - Vol. III - Editorial Guadalupe de Argentina","description":"Lo que el lector encontrar\u00e1 en estas p\u00e1ginas es el fruto de varios a\u00f1os de reflexi\u00f3n sobre los textos lit\u00fargicos. No se trata sin embargo de un comentario ajustado a los respectivos ciclos.","robots":{"index":"index","follow":"follow","max-snippet":"max-snippet:-1","max-image-preview":"max-image-preview:large","max-video-preview":"max-video-preview:-1"},"canonical":"https:\/\/libreriaguadalupe.com.ar\/libreria\/producto\/la-vigencia-de-jesus-de-nazaret-vol-iii\/","og_locale":"es_ES","og_type":"article","og_title":"La vigencia de Jes\u00fas de Nazaret - Vol. III - Editorial Guadalupe de Argentina","og_description":"Lo que el lector encontrar\u00e1 en estas p\u00e1ginas es el fruto de varios a\u00f1os de reflexi\u00f3n sobre los textos lit\u00fargicos. No se trata sin embargo de un comentario ajustado a los respectivos ciclos.","og_url":"https:\/\/libreriaguadalupe.com.ar\/libreria\/producto\/la-vigencia-de-jesus-de-nazaret-vol-iii\/","og_site_name":"Editorial Guadalupe de Argentina","article_publisher":"https:\/\/www.facebook.com\/LibreriaGuadalupeAR\/","article_modified_time":"2025-05-24T21:33:31+00:00","og_image":[{"width":470,"height":470,"url":"https:\/\/libreriaguadalupe.com.ar\/libreria\/wp-content\/uploads\/2024\/05\/NOVEDAD-TIENDA-MAYO-3.jpg","type":"image\/jpeg"}],"twitter_card":"summary_large_image","twitter_misc":{"Tiempo de lectura":"1 minuto"},"schema":{"@context":"https:\/\/schema.org","@graph":[{"@type":"WebPage","@id":"https:\/\/libreriaguadalupe.com.ar\/libreria\/producto\/la-vigencia-de-jesus-de-nazaret-vol-iii\/","url":"https:\/\/libreriaguadalupe.com.ar\/libreria\/producto\/la-vigencia-de-jesus-de-nazaret-vol-iii\/","name":"La vigencia de Jes\u00fas de Nazaret - Vol. III - Editorial Guadalupe de Argentina","isPartOf":{"@id":"https:\/\/libreriaguadalupe.com.ar\/libreria\/#website"},"primaryImageOfPage":{"@id":"https:\/\/libreriaguadalupe.com.ar\/libreria\/producto\/la-vigencia-de-jesus-de-nazaret-vol-iii\/#primaryimage"},"image":{"@id":"https:\/\/libreriaguadalupe.com.ar\/libreria\/producto\/la-vigencia-de-jesus-de-nazaret-vol-iii\/#primaryimage"},"thumbnailUrl":"https:\/\/i0.wp.com\/libreriaguadalupe.com.ar\/libreria\/wp-content\/uploads\/2024\/05\/NOVEDAD-TIENDA-MAYO-3.jpg?fit=470%2C470&ssl=1","datePublished":"2024-05-22T13:49:02+00:00","dateModified":"2025-05-24T21:33:31+00:00","description":"Lo que el lector encontrar\u00e1 en estas p\u00e1ginas es el fruto de varios a\u00f1os de reflexi\u00f3n sobre los textos lit\u00fargicos. No se trata sin embargo de un comentario ajustado a los respectivos ciclos.","breadcrumb":{"@id":"https:\/\/libreriaguadalupe.com.ar\/libreria\/producto\/la-vigencia-de-jesus-de-nazaret-vol-iii\/#breadcrumb"},"inLanguage":"es","potentialAction":[{"@type":"ReadAction","target":["https:\/\/libreriaguadalupe.com.ar\/libreria\/producto\/la-vigencia-de-jesus-de-nazaret-vol-iii\/"]}]},{"@type":"ImageObject","inLanguage":"es","@id":"https:\/\/libreriaguadalupe.com.ar\/libreria\/producto\/la-vigencia-de-jesus-de-nazaret-vol-iii\/#primaryimage","url":"https:\/\/i0.wp.com\/libreriaguadalupe.com.ar\/libreria\/wp-content\/uploads\/2024\/05\/NOVEDAD-TIENDA-MAYO-3.jpg?fit=470%2C470&ssl=1","contentUrl":"https:\/\/i0.wp.com\/libreriaguadalupe.com.ar\/libreria\/wp-content\/uploads\/2024\/05\/NOVEDAD-TIENDA-MAYO-3.jpg?fit=470%2C470&ssl=1","width":470,"height":470},{"@type":"BreadcrumbList","@id":"https:\/\/libreriaguadalupe.com.ar\/libreria\/producto\/la-vigencia-de-jesus-de-nazaret-vol-iii\/#breadcrumb","itemListElement":[{"@type":"ListItem","position":1,"name":"Portada","item":"https:\/\/libreriaguadalupe.com.ar\/libreria\/"},{"@type":"ListItem","position":2,"name":"Tienda","item":"https:\/\/libreriaguadalupe.com.ar\/libreria\/"},{"@type":"ListItem","position":3,"name":"La vigencia de Jes\u00fas de Nazaret &#8211; Vol. III"}]},{"@type":"WebSite","@id":"https:\/\/libreriaguadalupe.com.ar\/libreria\/#website","url":"https:\/\/libreriaguadalupe.com.ar\/libreria\/","name":"Editorial Guadalupe de Argentina","description":"Congregaci\u00f3n del Verbo Divino","publisher":{"@id":"https:\/\/libreriaguadalupe.com.ar\/libreria\/#organization"},"alternateName":"Librer\u00eda Guadalupe","potentialAction":[{"@type":"SearchAction","target":{"@type":"EntryPoint","urlTemplate":"https:\/\/libreriaguadalupe.com.ar\/libreria\/?s={search_term_string}"},"query-input":{"@type":"PropertyValueSpecification","valueRequired":true,"valueName":"search_term_string"}}],"inLanguage":"es"},{"@type":"Organization","@id":"https:\/\/libreriaguadalupe.com.ar\/libreria\/#organization","name":"Editorial Guadalupe","alternateName":"Librer\u00eda Guadalupe","url":"https:\/\/libreriaguadalupe.com.ar\/libreria\/","logo":{"@type":"ImageObject","inLanguage":"es","@id":"https:\/\/libreriaguadalupe.com.ar\/libreria\/#\/schema\/logo\/image\/","url":"https:\/\/i0.wp.com\/libreriaguadalupe.com.ar\/libreria\/wp-content\/uploads\/2023\/01\/cropped-logo-editorial-guadalupe.webp?fit=500%2C100&ssl=1","contentUrl":"https:\/\/i0.wp.com\/libreriaguadalupe.com.ar\/libreria\/wp-content\/uploads\/2023\/01\/cropped-logo-editorial-guadalupe.webp?fit=500%2C100&ssl=1","width":500,"height":100,"caption":"Editorial Guadalupe"},"image":{"@id":"https:\/\/libreriaguadalupe.com.ar\/libreria\/#\/schema\/logo\/image\/"},"sameAs":["https:\/\/www.facebook.com\/LibreriaGuadalupeAR\/","https:\/\/www.instagram.com\/editorialguadalupe\/","https:\/\/guadalupeeditorial.mercadoshops.com.ar\/"]}]}},"jetpack_publicize_connections":[],"jetpack_sharing_enabled":true,"jetpack-related-posts":[{"id":17131,"url":"https:\/\/libreriaguadalupe.com.ar\/libreria\/producto\/la-vigencia-de-jesus-de-nazaret\/","url_meta":{"origin":18058,"position":0},"title":"La Vigencia De Jes\u00fas De Nazaret","author":"admin","date":"28\/03\/2023","format":false,"excerpt":"VOLUMEN I Autor: Oscar Correa ISBN: 9789505008438 Dimensiones: 15 x 22 cm P\u00e1ginas: 288","rel":"","context":"Entrada similar","block_context":{"text":"Entrada similar","link":""},"img":{"alt_text":"","src":"https:\/\/i0.wp.com\/libreriaguadalupe.com.ar\/libreria\/wp-content\/uploads\/2023\/03\/La-Vigencia-De-Jesus-De-Nazaret.jpeg?fit=365%2C500&ssl=1&resize=350%2C200","width":350,"height":200},"classes":[]},{"id":14646,"url":"https:\/\/libreriaguadalupe.com.ar\/libreria\/producto\/what-is-lorem-ipsum\/","url_meta":{"origin":18058,"position":1},"title":"LA VIGENCIA DE JES\u00daS DE NAZARET VOL.II","author":"admin","date":"30\/01\/2023","format":false,"excerpt":"AUTOR: CORREA, OSCAR ISBN: 9505008841","rel":"","context":"Entrada similar","block_context":{"text":"Entrada similar","link":""},"img":{"alt_text":"","src":"https:\/\/i0.wp.com\/libreriaguadalupe.com.ar\/libreria\/wp-content\/uploads\/2023\/01\/La-vigencia-de-Jesus-de-Nazaret-Tapa-chico.jpg?fit=345%2C500&ssl=1&resize=350%2C200","width":350,"height":200},"classes":[]},{"id":12965,"url":"https:\/\/libreriaguadalupe.com.ar\/libreria\/producto\/hemos-visto-su-estrella\/","url_meta":{"origin":18058,"position":2},"title":"Hemos visto su estrella","author":"admin","date":"18\/01\/2023","format":false,"excerpt":"Semana b\u00edblica con el evangelio de Mateo Autor: La Casa de la Biblia - Hermandad de Sacerdotes Operarios Diocesanos del Coraz\u00f3n de Jes\u00fas ISBN: 8481697636 Dimensiones: 20 x 20 cm P\u00e1ginas: 32","rel":"","context":"Entrada similar","block_context":{"text":"Entrada similar","link":""},"img":{"alt_text":"","src":"https:\/\/i0.wp.com\/libreriaguadalupe.com.ar\/libreria\/wp-content\/uploads\/2023\/01\/Hemos-visto-su-estrella.jpg?fit=380%2C586&ssl=1&resize=350%2C200","width":350,"height":200},"classes":[]},{"id":14819,"url":"https:\/\/libreriaguadalupe.com.ar\/libreria\/producto\/comentario-al-antiguo-testamento-ii-2\/","url_meta":{"origin":18058,"position":3},"title":"Comentario al Antiguo Testamento II","author":"admin","date":"07\/02\/2023","format":false,"excerpt":"Autor: La Casa de la Biblia - Hermandad de Sacerdotes Operarios Diocesanos del Coraz\u00f3n de Jes\u00fas ISBN: 8481692131 Dimensiones: 17,5 x 25 cm P\u00e1ginas: 824","rel":"","context":"Entrada similar","block_context":{"text":"Entrada similar","link":""},"img":{"alt_text":"","src":"https:\/\/i0.wp.com\/libreriaguadalupe.com.ar\/libreria\/wp-content\/uploads\/2023\/02\/Comentario-al-Antiguo-Testamento-II.jpg?fit=380%2C586&ssl=1&resize=350%2C200","width":350,"height":200},"classes":[]},{"id":14988,"url":"https:\/\/libreriaguadalupe.com.ar\/libreria\/producto\/pasion-y-resurreccion-de-jesus-2\/","url_meta":{"origin":18058,"position":4},"title":"Pasion y Resurreccion de Jesus","author":"admin","date":"07\/02\/2023","format":false,"excerpt":"En este libro ofrecemos a sus lectores la publicaci\u00f3n realizada por la Editorial Guadalupe con motivo de la beatificaci\u00f3n de la m\u00edstica. Estos textos inspiraron la famosa pel\u00edcula de Mel Gibson \"La Pasi\u00f3n\" (2004)","rel":"","context":"Entrada similar","block_context":{"text":"Entrada similar","link":""},"img":{"alt_text":"","src":"https:\/\/i0.wp.com\/libreriaguadalupe.com.ar\/libreria\/wp-content\/uploads\/2023\/03\/Pasion-y-resurreccion-de-Jesus.jpg?fit=370%2C458&ssl=1&resize=350%2C200","width":350,"height":200},"classes":[]},{"id":16045,"url":"https:\/\/libreriaguadalupe.com.ar\/libreria\/producto\/san-jose-custodio-de-soledades\/","url_meta":{"origin":18058,"position":5},"title":"San Jos\u00e9, Custodio De Soledades","author":"admin","date":"12\/02\/2023","format":false,"excerpt":"AUTOR: BASILE AUGUSTO ISBN: 9505008247 P\u00e1ginas: 42 Medidas: 11 x 17 cm","rel":"","context":"Entrada similar","block_context":{"text":"Entrada similar","link":""},"img":{"alt_text":"","src":"https:\/\/i0.wp.com\/libreriaguadalupe.com.ar\/libreria\/wp-content\/uploads\/2023\/02\/San-Jose-custodio-de-soledades.webp?fit=374%2C500&ssl=1&resize=350%2C200","width":350,"height":200},"classes":[]}],"_links":{"self":[{"href":"https:\/\/libreriaguadalupe.com.ar\/libreria\/wp-json\/wp\/v2\/product\/18058","targetHints":{"allow":["GET"]}}],"collection":[{"href":"https:\/\/libreriaguadalupe.com.ar\/libreria\/wp-json\/wp\/v2\/product"}],"about":[{"href":"https:\/\/libreriaguadalupe.com.ar\/libreria\/wp-json\/wp\/v2\/types\/product"}],"replies":[{"embeddable":true,"href":"https:\/\/libreriaguadalupe.com.ar\/libreria\/wp-json\/wp\/v2\/comments?post=18058"}],"version-history":[{"count":2,"href":"https:\/\/libreriaguadalupe.com.ar\/libreria\/wp-json\/wp\/v2\/product\/18058\/revisions"}],"predecessor-version":[{"id":18859,"href":"https:\/\/libreriaguadalupe.com.ar\/libreria\/wp-json\/wp\/v2\/product\/18058\/revisions\/18859"}],"wp:featuredmedia":[{"embeddable":true,"href":"https:\/\/libreriaguadalupe.com.ar\/libreria\/wp-json\/wp\/v2\/media\/18059"}],"wp:attachment":[{"href":"https:\/\/libreriaguadalupe.com.ar\/libreria\/wp-json\/wp\/v2\/media?parent=18058"}],"wp:term":[{"taxonomy":"product_brand","embeddable":true,"href":"https:\/\/libreriaguadalupe.com.ar\/libreria\/wp-json\/wp\/v2\/product_brand?post=18058"},{"taxonomy":"product_cat","embeddable":true,"href":"https:\/\/libreriaguadalupe.com.ar\/libreria\/wp-json\/wp\/v2\/product_cat?post=18058"},{"taxonomy":"product_tag","embeddable":true,"href":"https:\/\/libreriaguadalupe.com.ar\/libreria\/wp-json\/wp\/v2\/product_tag?post=18058"}],"curies":[{"name":"wp","href":"https:\/\/api.w.org\/{rel}","templated":true}]}}