{"id":18027,"date":"2024-05-08T13:10:50","date_gmt":"2024-05-08T16:10:50","guid":{"rendered":"https:\/\/libreriaguadalupe.com.ar\/libreria\/?post_type=product&#038;p=18027"},"modified":"2025-05-05T23:33:23","modified_gmt":"2025-05-06T02:33:23","slug":"la-iglesia-de-los-pobres","status":"publish","type":"product","link":"https:\/\/libreriaguadalupe.com.ar\/libreria\/producto\/la-iglesia-de-los-pobres\/","title":{"rendered":"La iglesia de los pobres"},"content":{"rendered":"<p>Hay momentos que son bisagra en la historia, revoluciones que subvierten los \u00f3rdenes establecidos, que forman y modifi can las sociedades.<br \/>\nEn nuestro pa\u00eds, uno de esos hitos fue la conformaci\u00f3n del Movimiento de Sacerdotes para el Tercer Mundo en el Concilio Vaticano II.<br \/>\n\u201cLa Iglesia de los Pobres\u201d se focaliza en este movimiento sacerdotal y en c\u00f3mo su legado es retomado por nuevos grupos de curas de villa y de curas en la Opci\u00f3n por los Pobres.<br \/>\nLa invitaci\u00f3n al lector es desandar el camino y seguir las huellas del Movimiento de Sacerdotes para el Tercer Mundo.<br \/>\nReconocer su continuidad en los nuevos grupos de sacerdotes y las particularidades que las nuevas generaciones han dado a este continuo hist\u00f3rico. De esta manera, los valores e ideales del MSTM se actualizan e interpelan a la sociedad de nuestros d\u00edas.<\/p>\n","protected":false},"excerpt":{"rendered":"<p><strong>Movimiento de Sacerdotes para el Tercer Mundo<\/strong><br \/>\n<strong>Curas de villa<\/strong><br \/>\n<strong>Grupo de Curas en la Opci\u00f3n por los Pobres<\/strong><br \/>\n<strong>Rupturas y continuidades<\/strong><\/p>\n<p><img decoding=\"async\" class=\"alignnone size-full wp-image-16595\" src=\"https:\/\/libreriaguadalupe.com.ar\/libreria\/wp-content\/uploads\/2023\/03\/nuevo.png\" alt=\"\" width=\"200\" height=\"125\" \/><\/p>\n<p>Autor: Rosana Luj\u00e1n Cirigliano<strong><br \/>\n<\/strong>ISBN: 978-950-500-920-6<br \/>\nDimensiones: 14,5 x 22 cm<br \/>\nP\u00e1ginas: 176<\/p>\n","protected":false},"featured_media":18031,"comment_status":"open","ping_status":"closed","template":"","meta":{"jetpack_publicize_message":"","jetpack_publicize_feature_enabled":true,"jetpack_social_post_already_shared":true,"jetpack_social_options":{"image_generator_settings":{"template":"highway","default_image_id":0,"font":"","enabled":false},"version":2}},"product_brand":[],"product_cat":[125,88,121],"product_tag":[127],"class_list":{"0":"post-18027","1":"product","2":"type-product","3":"status-publish","4":"has-post-thumbnail","6":"product_cat-novedades","7":"product_cat-espiritualidad-cultura-social","8":"product_cat-guadalupe","9":"product_tag-editorial-guadalupe-de-argentina","11":"first","12":"instock","13":"shipping-taxable","14":"purchasable","15":"product-type-simple"},"yoast_head":"<!-- This site is optimized with the Yoast SEO plugin v27.4 - https:\/\/yoast.com\/product\/yoast-seo-wordpress\/ -->\n<title>La iglesia de los pobres - Editorial Guadalupe de Argentina<\/title>\n<meta name=\"description\" content=\"\u201cLa Iglesia de los Pobres\u201d se focaliza en este movimiento sacerdotal y en c\u00f3mo su legado es retomado por nuevos grupos de curas de villa y de curas en la Opci\u00f3n por los Pobres. La invitaci\u00f3n al lector es desandar el camino y seguir las huellas del Movimiento de Sacerdotes para el Tercer Mundo.\" \/>\n<meta name=\"robots\" content=\"index, follow, max-snippet:-1, max-image-preview:large, max-video-preview:-1\" \/>\n<link rel=\"canonical\" href=\"https:\/\/libreriaguadalupe.com.ar\/libreria\/producto\/la-iglesia-de-los-pobres\/\" \/>\n<meta property=\"og:locale\" content=\"es_ES\" \/>\n<meta property=\"og:type\" content=\"article\" \/>\n<meta property=\"og:title\" content=\"La iglesia de los pobres - Editorial Guadalupe de Argentina\" \/>\n<meta property=\"og:description\" content=\"\u201cLa Iglesia de los Pobres\u201d se focaliza en este movimiento sacerdotal y en c\u00f3mo su legado es retomado por nuevos grupos de curas de villa y de curas en la Opci\u00f3n por los Pobres. La invitaci\u00f3n al lector es desandar el camino y seguir las huellas del Movimiento de Sacerdotes para el Tercer Mundo.\" \/>\n<meta property=\"og:url\" content=\"https:\/\/libreriaguadalupe.com.ar\/libreria\/producto\/la-iglesia-de-los-pobres\/\" \/>\n<meta property=\"og:site_name\" content=\"Editorial Guadalupe de Argentina\" \/>\n<meta property=\"article:publisher\" content=\"https:\/\/www.facebook.com\/LibreriaGuadalupeAR\/\" \/>\n<meta property=\"article:modified_time\" content=\"2025-05-06T02:33:23+00:00\" \/>\n<meta property=\"og:image\" content=\"https:\/\/libreriaguadalupe.com.ar\/libreria\/wp-content\/uploads\/2024\/05\/NOVEDAD-TIENDA-MAYO-2.jpg\" \/>\n\t<meta property=\"og:image:width\" content=\"470\" \/>\n\t<meta property=\"og:image:height\" content=\"470\" \/>\n\t<meta property=\"og:image:type\" content=\"image\/jpeg\" \/>\n<meta name=\"twitter:card\" content=\"summary_large_image\" \/>\n<meta name=\"twitter:label1\" content=\"Tiempo de lectura\" \/>\n\t<meta name=\"twitter:data1\" content=\"1 minuto\" \/>\n<script type=\"application\/ld+json\" class=\"yoast-schema-graph\">{\"@context\":\"https:\\\/\\\/schema.org\",\"@graph\":[{\"@type\":\"WebPage\",\"@id\":\"https:\\\/\\\/libreriaguadalupe.com.ar\\\/libreria\\\/producto\\\/la-iglesia-de-los-pobres\\\/\",\"url\":\"https:\\\/\\\/libreriaguadalupe.com.ar\\\/libreria\\\/producto\\\/la-iglesia-de-los-pobres\\\/\",\"name\":\"La iglesia de los pobres - Editorial Guadalupe de Argentina\",\"isPartOf\":{\"@id\":\"https:\\\/\\\/libreriaguadalupe.com.ar\\\/libreria\\\/#website\"},\"primaryImageOfPage\":{\"@id\":\"https:\\\/\\\/libreriaguadalupe.com.ar\\\/libreria\\\/producto\\\/la-iglesia-de-los-pobres\\\/#primaryimage\"},\"image\":{\"@id\":\"https:\\\/\\\/libreriaguadalupe.com.ar\\\/libreria\\\/producto\\\/la-iglesia-de-los-pobres\\\/#primaryimage\"},\"thumbnailUrl\":\"https:\\\/\\\/i0.wp.com\\\/libreriaguadalupe.com.ar\\\/libreria\\\/wp-content\\\/uploads\\\/2024\\\/05\\\/NOVEDAD-TIENDA-MAYO-2.jpg?fit=470%2C470&ssl=1\",\"datePublished\":\"2024-05-08T16:10:50+00:00\",\"dateModified\":\"2025-05-06T02:33:23+00:00\",\"description\":\"\u201cLa Iglesia de los Pobres\u201d se focaliza en este movimiento sacerdotal y en c\u00f3mo su legado es retomado por nuevos grupos de curas de villa y de curas en la Opci\u00f3n por los Pobres. La invitaci\u00f3n al lector es desandar el camino y seguir las huellas del Movimiento de Sacerdotes para el Tercer Mundo.\",\"breadcrumb\":{\"@id\":\"https:\\\/\\\/libreriaguadalupe.com.ar\\\/libreria\\\/producto\\\/la-iglesia-de-los-pobres\\\/#breadcrumb\"},\"inLanguage\":\"es\",\"potentialAction\":[{\"@type\":\"ReadAction\",\"target\":[\"https:\\\/\\\/libreriaguadalupe.com.ar\\\/libreria\\\/producto\\\/la-iglesia-de-los-pobres\\\/\"]}]},{\"@type\":\"ImageObject\",\"inLanguage\":\"es\",\"@id\":\"https:\\\/\\\/libreriaguadalupe.com.ar\\\/libreria\\\/producto\\\/la-iglesia-de-los-pobres\\\/#primaryimage\",\"url\":\"https:\\\/\\\/i0.wp.com\\\/libreriaguadalupe.com.ar\\\/libreria\\\/wp-content\\\/uploads\\\/2024\\\/05\\\/NOVEDAD-TIENDA-MAYO-2.jpg?fit=470%2C470&ssl=1\",\"contentUrl\":\"https:\\\/\\\/i0.wp.com\\\/libreriaguadalupe.com.ar\\\/libreria\\\/wp-content\\\/uploads\\\/2024\\\/05\\\/NOVEDAD-TIENDA-MAYO-2.jpg?fit=470%2C470&ssl=1\",\"width\":470,\"height\":470},{\"@type\":\"BreadcrumbList\",\"@id\":\"https:\\\/\\\/libreriaguadalupe.com.ar\\\/libreria\\\/producto\\\/la-iglesia-de-los-pobres\\\/#breadcrumb\",\"itemListElement\":[{\"@type\":\"ListItem\",\"position\":1,\"name\":\"Portada\",\"item\":\"https:\\\/\\\/libreriaguadalupe.com.ar\\\/libreria\\\/\"},{\"@type\":\"ListItem\",\"position\":2,\"name\":\"Tienda\",\"item\":\"https:\\\/\\\/libreriaguadalupe.com.ar\\\/libreria\\\/\"},{\"@type\":\"ListItem\",\"position\":3,\"name\":\"La iglesia de los pobres\"}]},{\"@type\":\"WebSite\",\"@id\":\"https:\\\/\\\/libreriaguadalupe.com.ar\\\/libreria\\\/#website\",\"url\":\"https:\\\/\\\/libreriaguadalupe.com.ar\\\/libreria\\\/\",\"name\":\"Editorial Guadalupe de Argentina\",\"description\":\"Congregaci\u00f3n del Verbo Divino\",\"publisher\":{\"@id\":\"https:\\\/\\\/libreriaguadalupe.com.ar\\\/libreria\\\/#organization\"},\"alternateName\":\"Librer\u00eda Guadalupe\",\"potentialAction\":[{\"@type\":\"SearchAction\",\"target\":{\"@type\":\"EntryPoint\",\"urlTemplate\":\"https:\\\/\\\/libreriaguadalupe.com.ar\\\/libreria\\\/?s={search_term_string}\"},\"query-input\":{\"@type\":\"PropertyValueSpecification\",\"valueRequired\":true,\"valueName\":\"search_term_string\"}}],\"inLanguage\":\"es\"},{\"@type\":\"Organization\",\"@id\":\"https:\\\/\\\/libreriaguadalupe.com.ar\\\/libreria\\\/#organization\",\"name\":\"Editorial Guadalupe\",\"alternateName\":\"Librer\u00eda Guadalupe\",\"url\":\"https:\\\/\\\/libreriaguadalupe.com.ar\\\/libreria\\\/\",\"logo\":{\"@type\":\"ImageObject\",\"inLanguage\":\"es\",\"@id\":\"https:\\\/\\\/libreriaguadalupe.com.ar\\\/libreria\\\/#\\\/schema\\\/logo\\\/image\\\/\",\"url\":\"https:\\\/\\\/i0.wp.com\\\/libreriaguadalupe.com.ar\\\/libreria\\\/wp-content\\\/uploads\\\/2023\\\/01\\\/cropped-logo-editorial-guadalupe.webp?fit=500%2C100&ssl=1\",\"contentUrl\":\"https:\\\/\\\/i0.wp.com\\\/libreriaguadalupe.com.ar\\\/libreria\\\/wp-content\\\/uploads\\\/2023\\\/01\\\/cropped-logo-editorial-guadalupe.webp?fit=500%2C100&ssl=1\",\"width\":500,\"height\":100,\"caption\":\"Editorial Guadalupe\"},\"image\":{\"@id\":\"https:\\\/\\\/libreriaguadalupe.com.ar\\\/libreria\\\/#\\\/schema\\\/logo\\\/image\\\/\"},\"sameAs\":[\"https:\\\/\\\/www.facebook.com\\\/LibreriaGuadalupeAR\\\/\",\"https:\\\/\\\/www.instagram.com\\\/editorialguadalupe\\\/\",\"https:\\\/\\\/guadalupeeditorial.mercadoshops.com.ar\\\/\"]}]}<\/script>\n<!-- \/ Yoast SEO plugin. -->","yoast_head_json":{"title":"La iglesia de los pobres - Editorial Guadalupe de Argentina","description":"\u201cLa Iglesia de los Pobres\u201d se focaliza en este movimiento sacerdotal y en c\u00f3mo su legado es retomado por nuevos grupos de curas de villa y de curas en la Opci\u00f3n por los Pobres. La invitaci\u00f3n al lector es desandar el camino y seguir las huellas del Movimiento de Sacerdotes para el Tercer Mundo.","robots":{"index":"index","follow":"follow","max-snippet":"max-snippet:-1","max-image-preview":"max-image-preview:large","max-video-preview":"max-video-preview:-1"},"canonical":"https:\/\/libreriaguadalupe.com.ar\/libreria\/producto\/la-iglesia-de-los-pobres\/","og_locale":"es_ES","og_type":"article","og_title":"La iglesia de los pobres - Editorial Guadalupe de Argentina","og_description":"\u201cLa Iglesia de los Pobres\u201d se focaliza en este movimiento sacerdotal y en c\u00f3mo su legado es retomado por nuevos grupos de curas de villa y de curas en la Opci\u00f3n por los Pobres. La invitaci\u00f3n al lector es desandar el camino y seguir las huellas del Movimiento de Sacerdotes para el Tercer Mundo.","og_url":"https:\/\/libreriaguadalupe.com.ar\/libreria\/producto\/la-iglesia-de-los-pobres\/","og_site_name":"Editorial Guadalupe de Argentina","article_publisher":"https:\/\/www.facebook.com\/LibreriaGuadalupeAR\/","article_modified_time":"2025-05-06T02:33:23+00:00","og_image":[{"width":470,"height":470,"url":"https:\/\/libreriaguadalupe.com.ar\/libreria\/wp-content\/uploads\/2024\/05\/NOVEDAD-TIENDA-MAYO-2.jpg","type":"image\/jpeg"}],"twitter_card":"summary_large_image","twitter_misc":{"Tiempo de lectura":"1 minuto"},"schema":{"@context":"https:\/\/schema.org","@graph":[{"@type":"WebPage","@id":"https:\/\/libreriaguadalupe.com.ar\/libreria\/producto\/la-iglesia-de-los-pobres\/","url":"https:\/\/libreriaguadalupe.com.ar\/libreria\/producto\/la-iglesia-de-los-pobres\/","name":"La iglesia de los pobres - Editorial Guadalupe de Argentina","isPartOf":{"@id":"https:\/\/libreriaguadalupe.com.ar\/libreria\/#website"},"primaryImageOfPage":{"@id":"https:\/\/libreriaguadalupe.com.ar\/libreria\/producto\/la-iglesia-de-los-pobres\/#primaryimage"},"image":{"@id":"https:\/\/libreriaguadalupe.com.ar\/libreria\/producto\/la-iglesia-de-los-pobres\/#primaryimage"},"thumbnailUrl":"https:\/\/i0.wp.com\/libreriaguadalupe.com.ar\/libreria\/wp-content\/uploads\/2024\/05\/NOVEDAD-TIENDA-MAYO-2.jpg?fit=470%2C470&ssl=1","datePublished":"2024-05-08T16:10:50+00:00","dateModified":"2025-05-06T02:33:23+00:00","description":"\u201cLa Iglesia de los Pobres\u201d se focaliza en este movimiento sacerdotal y en c\u00f3mo su legado es retomado por nuevos grupos de curas de villa y de curas en la Opci\u00f3n por los Pobres. La invitaci\u00f3n al lector es desandar el camino y seguir las huellas del Movimiento de Sacerdotes para el Tercer Mundo.","breadcrumb":{"@id":"https:\/\/libreriaguadalupe.com.ar\/libreria\/producto\/la-iglesia-de-los-pobres\/#breadcrumb"},"inLanguage":"es","potentialAction":[{"@type":"ReadAction","target":["https:\/\/libreriaguadalupe.com.ar\/libreria\/producto\/la-iglesia-de-los-pobres\/"]}]},{"@type":"ImageObject","inLanguage":"es","@id":"https:\/\/libreriaguadalupe.com.ar\/libreria\/producto\/la-iglesia-de-los-pobres\/#primaryimage","url":"https:\/\/i0.wp.com\/libreriaguadalupe.com.ar\/libreria\/wp-content\/uploads\/2024\/05\/NOVEDAD-TIENDA-MAYO-2.jpg?fit=470%2C470&ssl=1","contentUrl":"https:\/\/i0.wp.com\/libreriaguadalupe.com.ar\/libreria\/wp-content\/uploads\/2024\/05\/NOVEDAD-TIENDA-MAYO-2.jpg?fit=470%2C470&ssl=1","width":470,"height":470},{"@type":"BreadcrumbList","@id":"https:\/\/libreriaguadalupe.com.ar\/libreria\/producto\/la-iglesia-de-los-pobres\/#breadcrumb","itemListElement":[{"@type":"ListItem","position":1,"name":"Portada","item":"https:\/\/libreriaguadalupe.com.ar\/libreria\/"},{"@type":"ListItem","position":2,"name":"Tienda","item":"https:\/\/libreriaguadalupe.com.ar\/libreria\/"},{"@type":"ListItem","position":3,"name":"La iglesia de los pobres"}]},{"@type":"WebSite","@id":"https:\/\/libreriaguadalupe.com.ar\/libreria\/#website","url":"https:\/\/libreriaguadalupe.com.ar\/libreria\/","name":"Editorial Guadalupe de Argentina","description":"Congregaci\u00f3n del Verbo Divino","publisher":{"@id":"https:\/\/libreriaguadalupe.com.ar\/libreria\/#organization"},"alternateName":"Librer\u00eda Guadalupe","potentialAction":[{"@type":"SearchAction","target":{"@type":"EntryPoint","urlTemplate":"https:\/\/libreriaguadalupe.com.ar\/libreria\/?s={search_term_string}"},"query-input":{"@type":"PropertyValueSpecification","valueRequired":true,"valueName":"search_term_string"}}],"inLanguage":"es"},{"@type":"Organization","@id":"https:\/\/libreriaguadalupe.com.ar\/libreria\/#organization","name":"Editorial Guadalupe","alternateName":"Librer\u00eda Guadalupe","url":"https:\/\/libreriaguadalupe.com.ar\/libreria\/","logo":{"@type":"ImageObject","inLanguage":"es","@id":"https:\/\/libreriaguadalupe.com.ar\/libreria\/#\/schema\/logo\/image\/","url":"https:\/\/i0.wp.com\/libreriaguadalupe.com.ar\/libreria\/wp-content\/uploads\/2023\/01\/cropped-logo-editorial-guadalupe.webp?fit=500%2C100&ssl=1","contentUrl":"https:\/\/i0.wp.com\/libreriaguadalupe.com.ar\/libreria\/wp-content\/uploads\/2023\/01\/cropped-logo-editorial-guadalupe.webp?fit=500%2C100&ssl=1","width":500,"height":100,"caption":"Editorial Guadalupe"},"image":{"@id":"https:\/\/libreriaguadalupe.com.ar\/libreria\/#\/schema\/logo\/image\/"},"sameAs":["https:\/\/www.facebook.com\/LibreriaGuadalupeAR\/","https:\/\/www.instagram.com\/editorialguadalupe\/","https:\/\/guadalupeeditorial.mercadoshops.com.ar\/"]}]}},"jetpack_publicize_connections":[],"jetpack_sharing_enabled":true,"jetpack-related-posts":[{"id":17746,"url":"https:\/\/libreriaguadalupe.com.ar\/libreria\/producto\/cardenal-pironio\/","url_meta":{"origin":18027,"position":0},"title":"Cardenal Pironio","author":"admin","date":"07\/12\/2023","format":false,"excerpt":"Un regalo de Dios a la Iglesia Autor: JOS\u00c9 LUIS GERLERO ISBN: 978-950-500-515-4 Dimensiones: 16 x 23 cm P\u00e1ginas: 128","rel":"","context":"Entrada similar","block_context":{"text":"Entrada similar","link":""},"img":{"alt_text":"Cardenal Pironio","src":"https:\/\/i0.wp.com\/libreriaguadalupe.com.ar\/libreria\/wp-content\/uploads\/2023\/12\/Cardenal-Pironio-Tapa-scaled.jpg?fit=820%2C1200&ssl=1&resize=350%2C200","width":350,"height":200,"srcset":"https:\/\/i0.wp.com\/libreriaguadalupe.com.ar\/libreria\/wp-content\/uploads\/2023\/12\/Cardenal-Pironio-Tapa-scaled.jpg?fit=820%2C1200&ssl=1&resize=350%2C200 1x, https:\/\/i0.wp.com\/libreriaguadalupe.com.ar\/libreria\/wp-content\/uploads\/2023\/12\/Cardenal-Pironio-Tapa-scaled.jpg?fit=820%2C1200&ssl=1&resize=525%2C300 1.5x, https:\/\/i0.wp.com\/libreriaguadalupe.com.ar\/libreria\/wp-content\/uploads\/2023\/12\/Cardenal-Pironio-Tapa-scaled.jpg?fit=820%2C1200&ssl=1&resize=700%2C400 2x"},"classes":[]},{"id":16757,"url":"https:\/\/libreriaguadalupe.com.ar\/libreria\/producto\/mi-cristo-roto-de-casa-en-casa\/","url_meta":{"origin":18027,"position":1},"title":"Mi Cristo Roto De Casa En Casa","author":"admin","date":"20\/03\/2023","format":false,"excerpt":"Autor: Ram\u00f3n Cu\u00e9 ISBN: 9505003549 Dimensiones: 19 x 12 cm P\u00e1ginas: 162","rel":"","context":"Entrada similar","block_context":{"text":"Entrada similar","link":""},"img":{"alt_text":"","src":"https:\/\/i0.wp.com\/libreriaguadalupe.com.ar\/libreria\/wp-content\/uploads\/2023\/03\/Mi-Cristo-Roto-De-Casa-En-Casa.jpeg?fit=344%2C500&ssl=1&resize=350%2C200","width":350,"height":200},"classes":[]},{"id":15973,"url":"https:\/\/libreriaguadalupe.com.ar\/libreria\/producto\/no-me-averguenzo-del-evangelio-e-book\/","url_meta":{"origin":18027,"position":2},"title":"No me averg\u00fcenzo del evangelio (E-BOOK)","author":"admin","date":"12\/02\/2023","format":false,"excerpt":"EDICION DIGITAL AUTOR: LEONARDO LEGRAS [\u00a0VER M\u00c1S OBRAS\u00a0] ISBN: 9505007981","rel":"","context":"Entrada similar","block_context":{"text":"Entrada similar","link":""},"img":{"alt_text":"","src":"https:\/\/i0.wp.com\/libreriaguadalupe.com.ar\/libreria\/wp-content\/uploads\/2023\/02\/No-me-averguenzo-del-Evangelio.webp?fit=216%2C287&ssl=1&resize=350%2C200","width":350,"height":200},"classes":[]},{"id":12950,"url":"https:\/\/libreriaguadalupe.com.ar\/libreria\/producto\/en-medio-de-la-asamblea\/","url_meta":{"origin":18027,"position":3},"title":"En medio de la asamblea","author":"admin","date":"18\/01\/2023","format":false,"excerpt":"Homil\u00edas A-B-C Autor: Guillermo Guti\u00e9rrez Andr\u00e9s ISBN: 8471518804 Dimensiones: 15,5 x 24 cm P\u00e1ginas: 440","rel":"","context":"Entrada similar","block_context":{"text":"Entrada similar","link":""},"img":{"alt_text":"","src":"https:\/\/i0.wp.com\/libreriaguadalupe.com.ar\/libreria\/wp-content\/uploads\/2023\/01\/En-medio-de-la-asamblea.jpg?fit=288%2C470&ssl=1&resize=350%2C200","width":350,"height":200},"classes":[]},{"id":16957,"url":"https:\/\/libreriaguadalupe.com.ar\/libreria\/producto\/nacimiento-e-infancia\/","url_meta":{"origin":18027,"position":4},"title":"Nacimiento E Infancia","author":"admin","date":"23\/03\/2023","format":false,"excerpt":"Visiones y revelaciones Autor: EMMERICK ANA CATALINA ISBN: 9789505005918 Dimensiones: 15 x 22 cm P\u00e1ginas: 176","rel":"","context":"Entrada similar","block_context":{"text":"Entrada similar","link":""},"img":{"alt_text":"","src":"https:\/\/i0.wp.com\/libreriaguadalupe.com.ar\/libreria\/wp-content\/uploads\/2023\/03\/Nacimiento-E-Infancia.jpeg?fit=344%2C500&ssl=1&resize=350%2C200","width":350,"height":200},"classes":[]},{"id":17259,"url":"https:\/\/libreriaguadalupe.com.ar\/libreria\/producto\/mi-ultimo-exorcismo\/","url_meta":{"origin":18027,"position":5},"title":"Mi \u00faltimo exorcismo","author":"admin","date":"19\/05\/2023","format":false,"excerpt":"Memorias de un Sacerdote Autor: R. P. Fabi\u00e1n Barrera, CM ISBN: 978-950-500-895-7 Dimensiones: 15 x 22 cm P\u00e1ginas: 150","rel":"","context":"Entrada similar","block_context":{"text":"Entrada similar","link":""},"img":{"alt_text":"","src":"https:\/\/i0.wp.com\/libreriaguadalupe.com.ar\/libreria\/wp-content\/uploads\/2023\/05\/NOVEDAD-TIENDA-MAYO-2.jpg?fit=470%2C470&ssl=1&resize=350%2C200","width":350,"height":200},"classes":[]}],"_links":{"self":[{"href":"https:\/\/libreriaguadalupe.com.ar\/libreria\/wp-json\/wp\/v2\/product\/18027","targetHints":{"allow":["GET"]}}],"collection":[{"href":"https:\/\/libreriaguadalupe.com.ar\/libreria\/wp-json\/wp\/v2\/product"}],"about":[{"href":"https:\/\/libreriaguadalupe.com.ar\/libreria\/wp-json\/wp\/v2\/types\/product"}],"replies":[{"embeddable":true,"href":"https:\/\/libreriaguadalupe.com.ar\/libreria\/wp-json\/wp\/v2\/comments?post=18027"}],"version-history":[{"count":1,"href":"https:\/\/libreriaguadalupe.com.ar\/libreria\/wp-json\/wp\/v2\/product\/18027\/revisions"}],"predecessor-version":[{"id":18032,"href":"https:\/\/libreriaguadalupe.com.ar\/libreria\/wp-json\/wp\/v2\/product\/18027\/revisions\/18032"}],"wp:featuredmedia":[{"embeddable":true,"href":"https:\/\/libreriaguadalupe.com.ar\/libreria\/wp-json\/wp\/v2\/media\/18031"}],"wp:attachment":[{"href":"https:\/\/libreriaguadalupe.com.ar\/libreria\/wp-json\/wp\/v2\/media?parent=18027"}],"wp:term":[{"taxonomy":"product_brand","embeddable":true,"href":"https:\/\/libreriaguadalupe.com.ar\/libreria\/wp-json\/wp\/v2\/product_brand?post=18027"},{"taxonomy":"product_cat","embeddable":true,"href":"https:\/\/libreriaguadalupe.com.ar\/libreria\/wp-json\/wp\/v2\/product_cat?post=18027"},{"taxonomy":"product_tag","embeddable":true,"href":"https:\/\/libreriaguadalupe.com.ar\/libreria\/wp-json\/wp\/v2\/product_tag?post=18027"}],"curies":[{"name":"wp","href":"https:\/\/api.w.org\/{rel}","templated":true}]}}