{"id":17972,"date":"2024-04-15T14:31:40","date_gmt":"2024-04-15T17:31:40","guid":{"rendered":"https:\/\/libreriaguadalupe.com.ar\/libreria\/?post_type=product&#038;p=17972"},"modified":"2024-04-15T14:53:56","modified_gmt":"2024-04-15T17:53:56","slug":"avances-en-la-logoterapia-y-el-analisis-existencial-e-book","status":"publish","type":"product","link":"https:\/\/libreriaguadalupe.com.ar\/libreria\/producto\/avances-en-la-logoterapia-y-el-analisis-existencial-e-book\/","title":{"rendered":"Avances en la Logoterapia y el An\u00e1lisis Existencial (E-BOOK)"},"content":{"rendered":"<p>Avances en la Logoterapia y el An\u00e1lisis Existencial : aportes de Logoterapeutas del Mundo. Diversidad en la unidad de la Logoterapia de Viktor Emil Frankl.<\/p>\n<p>Es un esfuerzo formidable pensado y organizado por el Dr. Roberto J. Mucci, del Centro Bonaerense de Logoterapia (Argentina) que ha sabido conducir al \u00e9xito a nada menos que 78 autores. Esto solamente puede hacerse por amor y admiraci\u00f3n a nuestro Maestro, el Dr. Viktor E. Frankl.<\/p>\n","protected":false},"excerpt":{"rendered":"<p><strong>Aportes de Logoterapeutas del Mundo. Diversidad en la unidad de la Logoterapia de Viktor Emil Frankl.<\/strong><\/p>\n<p><img decoding=\"async\" class=\"alignnone size-full wp-image-16595\" src=\"https:\/\/libreriaguadalupe.com.ar\/libreria\/wp-content\/uploads\/2023\/03\/nuevo.png\" alt=\"\" width=\"200\" height=\"125\" \/><\/p>\n<p>AUTOR: Roberto Juan Mucci<\/p>\n<p>ISBN: 978-950-500-919-0<\/p>\n","protected":false},"featured_media":17975,"comment_status":"open","ping_status":"closed","template":"","meta":{"jetpack_publicize_message":"","jetpack_publicize_feature_enabled":true,"jetpack_social_post_already_shared":true,"jetpack_social_options":{"image_generator_settings":{"template":"highway","default_image_id":0,"font":"","enabled":false},"version":2}},"product_brand":[],"product_cat":[125,122],"product_tag":[145,127],"class_list":{"0":"post-17972","1":"product","2":"type-product","3":"status-publish","4":"has-post-thumbnail","6":"product_cat-novedades","7":"product_cat-e-book","8":"product_tag-ebook","9":"product_tag-editorial-guadalupe-de-argentina","11":"first","12":"instock","13":"downloadable","14":"virtual","15":"purchasable","16":"product-type-simple"},"yoast_head":"<!-- This site is optimized with the Yoast SEO plugin v27.4 - https:\/\/yoast.com\/product\/yoast-seo-wordpress\/ -->\n<title>Avances en la Logoterapia y el An\u00e1lisis Existencial (E-BOOK) - Editorial Guadalupe de Argentina<\/title>\n<meta name=\"description\" content=\"Es un esfuerzo formidable pensado y organizado por el Dr. Roberto J. Mucci, del Centro Bonaerense de Logoterapia (Argentina) que ha sabido conducir al \u00e9xito a nada menos que 78 autores. Esto solamente puede hacerse por amor y admiraci\u00f3n a nuestro Maestro, el Dr. Viktor E. Frankl.\" \/>\n<meta name=\"robots\" content=\"index, follow, max-snippet:-1, max-image-preview:large, max-video-preview:-1\" \/>\n<link rel=\"canonical\" href=\"https:\/\/libreriaguadalupe.com.ar\/libreria\/producto\/avances-en-la-logoterapia-y-el-analisis-existencial-e-book\/\" \/>\n<meta property=\"og:locale\" content=\"es_ES\" \/>\n<meta property=\"og:type\" content=\"article\" \/>\n<meta property=\"og:title\" content=\"Avances en la Logoterapia y el An\u00e1lisis Existencial (E-BOOK) - Editorial Guadalupe de Argentina\" \/>\n<meta property=\"og:description\" content=\"Es un esfuerzo formidable pensado y organizado por el Dr. Roberto J. Mucci, del Centro Bonaerense de Logoterapia (Argentina) que ha sabido conducir al \u00e9xito a nada menos que 78 autores. Esto solamente puede hacerse por amor y admiraci\u00f3n a nuestro Maestro, el Dr. Viktor E. Frankl.\" \/>\n<meta property=\"og:url\" content=\"https:\/\/libreriaguadalupe.com.ar\/libreria\/producto\/avances-en-la-logoterapia-y-el-analisis-existencial-e-book\/\" \/>\n<meta property=\"og:site_name\" content=\"Editorial Guadalupe de Argentina\" \/>\n<meta property=\"article:publisher\" content=\"https:\/\/www.facebook.com\/LibreriaGuadalupeAR\/\" \/>\n<meta property=\"article:modified_time\" content=\"2024-04-15T17:53:56+00:00\" \/>\n<meta property=\"og:image\" content=\"https:\/\/libreriaguadalupe.com.ar\/libreria\/wp-content\/uploads\/2024\/04\/NOVEDAD-TIENDA-ABRIL-2.jpg\" \/>\n\t<meta property=\"og:image:width\" content=\"470\" \/>\n\t<meta property=\"og:image:height\" content=\"470\" \/>\n\t<meta property=\"og:image:type\" content=\"image\/jpeg\" \/>\n<meta name=\"twitter:card\" content=\"summary_large_image\" \/>\n<meta name=\"twitter:label1\" content=\"Tiempo de lectura\" \/>\n\t<meta name=\"twitter:data1\" content=\"1 minuto\" \/>\n<script type=\"application\/ld+json\" class=\"yoast-schema-graph\">{\"@context\":\"https:\\\/\\\/schema.org\",\"@graph\":[{\"@type\":\"WebPage\",\"@id\":\"https:\\\/\\\/libreriaguadalupe.com.ar\\\/libreria\\\/producto\\\/avances-en-la-logoterapia-y-el-analisis-existencial-e-book\\\/\",\"url\":\"https:\\\/\\\/libreriaguadalupe.com.ar\\\/libreria\\\/producto\\\/avances-en-la-logoterapia-y-el-analisis-existencial-e-book\\\/\",\"name\":\"Avances en la Logoterapia y el An\u00e1lisis Existencial (E-BOOK) - Editorial Guadalupe de Argentina\",\"isPartOf\":{\"@id\":\"https:\\\/\\\/libreriaguadalupe.com.ar\\\/libreria\\\/#website\"},\"primaryImageOfPage\":{\"@id\":\"https:\\\/\\\/libreriaguadalupe.com.ar\\\/libreria\\\/producto\\\/avances-en-la-logoterapia-y-el-analisis-existencial-e-book\\\/#primaryimage\"},\"image\":{\"@id\":\"https:\\\/\\\/libreriaguadalupe.com.ar\\\/libreria\\\/producto\\\/avances-en-la-logoterapia-y-el-analisis-existencial-e-book\\\/#primaryimage\"},\"thumbnailUrl\":\"https:\\\/\\\/i0.wp.com\\\/libreriaguadalupe.com.ar\\\/libreria\\\/wp-content\\\/uploads\\\/2024\\\/04\\\/NOVEDAD-TIENDA-ABRIL-2.jpg?fit=470%2C470&ssl=1\",\"datePublished\":\"2024-04-15T17:31:40+00:00\",\"dateModified\":\"2024-04-15T17:53:56+00:00\",\"description\":\"Es un esfuerzo formidable pensado y organizado por el Dr. Roberto J. Mucci, del Centro Bonaerense de Logoterapia (Argentina) que ha sabido conducir al \u00e9xito a nada menos que 78 autores. Esto solamente puede hacerse por amor y admiraci\u00f3n a nuestro Maestro, el Dr. Viktor E. Frankl.\",\"breadcrumb\":{\"@id\":\"https:\\\/\\\/libreriaguadalupe.com.ar\\\/libreria\\\/producto\\\/avances-en-la-logoterapia-y-el-analisis-existencial-e-book\\\/#breadcrumb\"},\"inLanguage\":\"es\",\"potentialAction\":[{\"@type\":\"ReadAction\",\"target\":[\"https:\\\/\\\/libreriaguadalupe.com.ar\\\/libreria\\\/producto\\\/avances-en-la-logoterapia-y-el-analisis-existencial-e-book\\\/\"]}]},{\"@type\":\"ImageObject\",\"inLanguage\":\"es\",\"@id\":\"https:\\\/\\\/libreriaguadalupe.com.ar\\\/libreria\\\/producto\\\/avances-en-la-logoterapia-y-el-analisis-existencial-e-book\\\/#primaryimage\",\"url\":\"https:\\\/\\\/i0.wp.com\\\/libreriaguadalupe.com.ar\\\/libreria\\\/wp-content\\\/uploads\\\/2024\\\/04\\\/NOVEDAD-TIENDA-ABRIL-2.jpg?fit=470%2C470&ssl=1\",\"contentUrl\":\"https:\\\/\\\/i0.wp.com\\\/libreriaguadalupe.com.ar\\\/libreria\\\/wp-content\\\/uploads\\\/2024\\\/04\\\/NOVEDAD-TIENDA-ABRIL-2.jpg?fit=470%2C470&ssl=1\",\"width\":470,\"height\":470},{\"@type\":\"BreadcrumbList\",\"@id\":\"https:\\\/\\\/libreriaguadalupe.com.ar\\\/libreria\\\/producto\\\/avances-en-la-logoterapia-y-el-analisis-existencial-e-book\\\/#breadcrumb\",\"itemListElement\":[{\"@type\":\"ListItem\",\"position\":1,\"name\":\"Portada\",\"item\":\"https:\\\/\\\/libreriaguadalupe.com.ar\\\/libreria\\\/\"},{\"@type\":\"ListItem\",\"position\":2,\"name\":\"Tienda\",\"item\":\"https:\\\/\\\/libreriaguadalupe.com.ar\\\/libreria\\\/\"},{\"@type\":\"ListItem\",\"position\":3,\"name\":\"Avances en la Logoterapia y el An\u00e1lisis Existencial (E-BOOK)\"}]},{\"@type\":\"WebSite\",\"@id\":\"https:\\\/\\\/libreriaguadalupe.com.ar\\\/libreria\\\/#website\",\"url\":\"https:\\\/\\\/libreriaguadalupe.com.ar\\\/libreria\\\/\",\"name\":\"Editorial Guadalupe de Argentina\",\"description\":\"Congregaci\u00f3n del Verbo Divino\",\"publisher\":{\"@id\":\"https:\\\/\\\/libreriaguadalupe.com.ar\\\/libreria\\\/#organization\"},\"alternateName\":\"Librer\u00eda Guadalupe\",\"potentialAction\":[{\"@type\":\"SearchAction\",\"target\":{\"@type\":\"EntryPoint\",\"urlTemplate\":\"https:\\\/\\\/libreriaguadalupe.com.ar\\\/libreria\\\/?s={search_term_string}\"},\"query-input\":{\"@type\":\"PropertyValueSpecification\",\"valueRequired\":true,\"valueName\":\"search_term_string\"}}],\"inLanguage\":\"es\"},{\"@type\":\"Organization\",\"@id\":\"https:\\\/\\\/libreriaguadalupe.com.ar\\\/libreria\\\/#organization\",\"name\":\"Editorial Guadalupe\",\"alternateName\":\"Librer\u00eda Guadalupe\",\"url\":\"https:\\\/\\\/libreriaguadalupe.com.ar\\\/libreria\\\/\",\"logo\":{\"@type\":\"ImageObject\",\"inLanguage\":\"es\",\"@id\":\"https:\\\/\\\/libreriaguadalupe.com.ar\\\/libreria\\\/#\\\/schema\\\/logo\\\/image\\\/\",\"url\":\"https:\\\/\\\/i0.wp.com\\\/libreriaguadalupe.com.ar\\\/libreria\\\/wp-content\\\/uploads\\\/2023\\\/01\\\/cropped-logo-editorial-guadalupe.webp?fit=500%2C100&ssl=1\",\"contentUrl\":\"https:\\\/\\\/i0.wp.com\\\/libreriaguadalupe.com.ar\\\/libreria\\\/wp-content\\\/uploads\\\/2023\\\/01\\\/cropped-logo-editorial-guadalupe.webp?fit=500%2C100&ssl=1\",\"width\":500,\"height\":100,\"caption\":\"Editorial Guadalupe\"},\"image\":{\"@id\":\"https:\\\/\\\/libreriaguadalupe.com.ar\\\/libreria\\\/#\\\/schema\\\/logo\\\/image\\\/\"},\"sameAs\":[\"https:\\\/\\\/www.facebook.com\\\/LibreriaGuadalupeAR\\\/\",\"https:\\\/\\\/www.instagram.com\\\/editorialguadalupe\\\/\",\"https:\\\/\\\/guadalupeeditorial.mercadoshops.com.ar\\\/\"]}]}<\/script>\n<!-- \/ Yoast SEO plugin. -->","yoast_head_json":{"title":"Avances en la Logoterapia y el An\u00e1lisis Existencial (E-BOOK) - Editorial Guadalupe de Argentina","description":"Es un esfuerzo formidable pensado y organizado por el Dr. Roberto J. Mucci, del Centro Bonaerense de Logoterapia (Argentina) que ha sabido conducir al \u00e9xito a nada menos que 78 autores. Esto solamente puede hacerse por amor y admiraci\u00f3n a nuestro Maestro, el Dr. Viktor E. Frankl.","robots":{"index":"index","follow":"follow","max-snippet":"max-snippet:-1","max-image-preview":"max-image-preview:large","max-video-preview":"max-video-preview:-1"},"canonical":"https:\/\/libreriaguadalupe.com.ar\/libreria\/producto\/avances-en-la-logoterapia-y-el-analisis-existencial-e-book\/","og_locale":"es_ES","og_type":"article","og_title":"Avances en la Logoterapia y el An\u00e1lisis Existencial (E-BOOK) - Editorial Guadalupe de Argentina","og_description":"Es un esfuerzo formidable pensado y organizado por el Dr. Roberto J. Mucci, del Centro Bonaerense de Logoterapia (Argentina) que ha sabido conducir al \u00e9xito a nada menos que 78 autores. Esto solamente puede hacerse por amor y admiraci\u00f3n a nuestro Maestro, el Dr. Viktor E. Frankl.","og_url":"https:\/\/libreriaguadalupe.com.ar\/libreria\/producto\/avances-en-la-logoterapia-y-el-analisis-existencial-e-book\/","og_site_name":"Editorial Guadalupe de Argentina","article_publisher":"https:\/\/www.facebook.com\/LibreriaGuadalupeAR\/","article_modified_time":"2024-04-15T17:53:56+00:00","og_image":[{"width":470,"height":470,"url":"https:\/\/libreriaguadalupe.com.ar\/libreria\/wp-content\/uploads\/2024\/04\/NOVEDAD-TIENDA-ABRIL-2.jpg","type":"image\/jpeg"}],"twitter_card":"summary_large_image","twitter_misc":{"Tiempo de lectura":"1 minuto"},"schema":{"@context":"https:\/\/schema.org","@graph":[{"@type":"WebPage","@id":"https:\/\/libreriaguadalupe.com.ar\/libreria\/producto\/avances-en-la-logoterapia-y-el-analisis-existencial-e-book\/","url":"https:\/\/libreriaguadalupe.com.ar\/libreria\/producto\/avances-en-la-logoterapia-y-el-analisis-existencial-e-book\/","name":"Avances en la Logoterapia y el An\u00e1lisis Existencial (E-BOOK) - Editorial Guadalupe de Argentina","isPartOf":{"@id":"https:\/\/libreriaguadalupe.com.ar\/libreria\/#website"},"primaryImageOfPage":{"@id":"https:\/\/libreriaguadalupe.com.ar\/libreria\/producto\/avances-en-la-logoterapia-y-el-analisis-existencial-e-book\/#primaryimage"},"image":{"@id":"https:\/\/libreriaguadalupe.com.ar\/libreria\/producto\/avances-en-la-logoterapia-y-el-analisis-existencial-e-book\/#primaryimage"},"thumbnailUrl":"https:\/\/i0.wp.com\/libreriaguadalupe.com.ar\/libreria\/wp-content\/uploads\/2024\/04\/NOVEDAD-TIENDA-ABRIL-2.jpg?fit=470%2C470&ssl=1","datePublished":"2024-04-15T17:31:40+00:00","dateModified":"2024-04-15T17:53:56+00:00","description":"Es un esfuerzo formidable pensado y organizado por el Dr. Roberto J. Mucci, del Centro Bonaerense de Logoterapia (Argentina) que ha sabido conducir al \u00e9xito a nada menos que 78 autores. Esto solamente puede hacerse por amor y admiraci\u00f3n a nuestro Maestro, el Dr. Viktor E. Frankl.","breadcrumb":{"@id":"https:\/\/libreriaguadalupe.com.ar\/libreria\/producto\/avances-en-la-logoterapia-y-el-analisis-existencial-e-book\/#breadcrumb"},"inLanguage":"es","potentialAction":[{"@type":"ReadAction","target":["https:\/\/libreriaguadalupe.com.ar\/libreria\/producto\/avances-en-la-logoterapia-y-el-analisis-existencial-e-book\/"]}]},{"@type":"ImageObject","inLanguage":"es","@id":"https:\/\/libreriaguadalupe.com.ar\/libreria\/producto\/avances-en-la-logoterapia-y-el-analisis-existencial-e-book\/#primaryimage","url":"https:\/\/i0.wp.com\/libreriaguadalupe.com.ar\/libreria\/wp-content\/uploads\/2024\/04\/NOVEDAD-TIENDA-ABRIL-2.jpg?fit=470%2C470&ssl=1","contentUrl":"https:\/\/i0.wp.com\/libreriaguadalupe.com.ar\/libreria\/wp-content\/uploads\/2024\/04\/NOVEDAD-TIENDA-ABRIL-2.jpg?fit=470%2C470&ssl=1","width":470,"height":470},{"@type":"BreadcrumbList","@id":"https:\/\/libreriaguadalupe.com.ar\/libreria\/producto\/avances-en-la-logoterapia-y-el-analisis-existencial-e-book\/#breadcrumb","itemListElement":[{"@type":"ListItem","position":1,"name":"Portada","item":"https:\/\/libreriaguadalupe.com.ar\/libreria\/"},{"@type":"ListItem","position":2,"name":"Tienda","item":"https:\/\/libreriaguadalupe.com.ar\/libreria\/"},{"@type":"ListItem","position":3,"name":"Avances en la Logoterapia y el An\u00e1lisis Existencial (E-BOOK)"}]},{"@type":"WebSite","@id":"https:\/\/libreriaguadalupe.com.ar\/libreria\/#website","url":"https:\/\/libreriaguadalupe.com.ar\/libreria\/","name":"Editorial Guadalupe de Argentina","description":"Congregaci\u00f3n del Verbo Divino","publisher":{"@id":"https:\/\/libreriaguadalupe.com.ar\/libreria\/#organization"},"alternateName":"Librer\u00eda Guadalupe","potentialAction":[{"@type":"SearchAction","target":{"@type":"EntryPoint","urlTemplate":"https:\/\/libreriaguadalupe.com.ar\/libreria\/?s={search_term_string}"},"query-input":{"@type":"PropertyValueSpecification","valueRequired":true,"valueName":"search_term_string"}}],"inLanguage":"es"},{"@type":"Organization","@id":"https:\/\/libreriaguadalupe.com.ar\/libreria\/#organization","name":"Editorial Guadalupe","alternateName":"Librer\u00eda Guadalupe","url":"https:\/\/libreriaguadalupe.com.ar\/libreria\/","logo":{"@type":"ImageObject","inLanguage":"es","@id":"https:\/\/libreriaguadalupe.com.ar\/libreria\/#\/schema\/logo\/image\/","url":"https:\/\/i0.wp.com\/libreriaguadalupe.com.ar\/libreria\/wp-content\/uploads\/2023\/01\/cropped-logo-editorial-guadalupe.webp?fit=500%2C100&ssl=1","contentUrl":"https:\/\/i0.wp.com\/libreriaguadalupe.com.ar\/libreria\/wp-content\/uploads\/2023\/01\/cropped-logo-editorial-guadalupe.webp?fit=500%2C100&ssl=1","width":500,"height":100,"caption":"Editorial Guadalupe"},"image":{"@id":"https:\/\/libreriaguadalupe.com.ar\/libreria\/#\/schema\/logo\/image\/"},"sameAs":["https:\/\/www.facebook.com\/LibreriaGuadalupeAR\/","https:\/\/www.instagram.com\/editorialguadalupe\/","https:\/\/guadalupeeditorial.mercadoshops.com.ar\/"]}]}},"jetpack_publicize_connections":[],"jetpack_sharing_enabled":true,"jetpack-related-posts":[{"id":19194,"url":"https:\/\/libreriaguadalupe.com.ar\/libreria\/producto\/logoterapia-clinica\/","url_meta":{"origin":17972,"position":0},"title":"Logoterapia Cl\u00ednica","author":"Mariano Zuqui","date":"11\/12\/2025","format":false,"excerpt":"Compilador: Roberto Juan Mucci T\u00edtulo: \"Logoterapia Cl\u00ednica\" ISBN:978-950-500-973-2 Formato: 15.5\u00a0 (ancho) x 22,5 (alto) cms. Interior: 1\/1 color Papel: Bookcel 80 grs. N\u00ba de P\u00e1ginas: 306. Tapa:4 Colores - Cartulina - Laminado mate Encuadernaci\u00f3n: Binder \u00a0 \u00a0","rel":"","context":"Entrada similar","block_context":{"text":"Entrada similar","link":""},"img":{"alt_text":"","src":"https:\/\/i0.wp.com\/libreriaguadalupe.com.ar\/libreria\/wp-content\/uploads\/2025\/12\/1-2.png?fit=960%2C1200&ssl=1&resize=350%2C200","width":350,"height":200,"srcset":"https:\/\/i0.wp.com\/libreriaguadalupe.com.ar\/libreria\/wp-content\/uploads\/2025\/12\/1-2.png?fit=960%2C1200&ssl=1&resize=350%2C200 1x, https:\/\/i0.wp.com\/libreriaguadalupe.com.ar\/libreria\/wp-content\/uploads\/2025\/12\/1-2.png?fit=960%2C1200&ssl=1&resize=525%2C300 1.5x, https:\/\/i0.wp.com\/libreriaguadalupe.com.ar\/libreria\/wp-content\/uploads\/2025\/12\/1-2.png?fit=960%2C1200&ssl=1&resize=700%2C400 2x"},"classes":[]},{"id":19187,"url":"https:\/\/libreriaguadalupe.com.ar\/libreria\/producto\/logoterapia-aplicada\/","url_meta":{"origin":17972,"position":1},"title":"Logoterapia Aplicada","author":"Mariano Zuqui","date":"11\/12\/2025","format":false,"excerpt":"Compilador: Roberto Juan Mucci T\u00edtulo: \"Logoterapia Aplicada\" ISBN:978-950-500-974-9 Formato: 15.5\u00a0 (ancho) x 22,5 (alto) cms. Interior: 1\/1 color Papel: Bookcel 80 grs. N\u00ba de P\u00e1ginas: 312 Tapa:4 Colores - Cartulina - Laminado mate Encuadernaci\u00f3n: Binder \u00a0 \u00a0","rel":"","context":"Entrada similar","block_context":{"text":"Entrada similar","link":""},"img":{"alt_text":"","src":"https:\/\/i0.wp.com\/libreriaguadalupe.com.ar\/libreria\/wp-content\/uploads\/2025\/12\/1-1.png?fit=960%2C1200&ssl=1&resize=350%2C200","width":350,"height":200,"srcset":"https:\/\/i0.wp.com\/libreriaguadalupe.com.ar\/libreria\/wp-content\/uploads\/2025\/12\/1-1.png?fit=960%2C1200&ssl=1&resize=350%2C200 1x, https:\/\/i0.wp.com\/libreriaguadalupe.com.ar\/libreria\/wp-content\/uploads\/2025\/12\/1-1.png?fit=960%2C1200&ssl=1&resize=525%2C300 1.5x, https:\/\/i0.wp.com\/libreriaguadalupe.com.ar\/libreria\/wp-content\/uploads\/2025\/12\/1-1.png?fit=960%2C1200&ssl=1&resize=700%2C400 2x"},"classes":[]},{"id":16971,"url":"https:\/\/libreriaguadalupe.com.ar\/libreria\/producto\/logopolitica\/","url_meta":{"origin":17972,"position":2},"title":"Logopol\u00edtica","author":"admin","date":"23\/03\/2023","format":false,"excerpt":"Dimensi\u00f3n Social Y Pol\u00edtica De La Logoterapia Autor: Roberto Juan Mucci ISBN: 9789505008551 Dimensiones: 15 x 22 cm P\u00e1ginas: 151","rel":"","context":"Entrada similar","block_context":{"text":"Entrada similar","link":""},"img":{"alt_text":"","src":"https:\/\/i0.wp.com\/libreriaguadalupe.com.ar\/libreria\/wp-content\/uploads\/2023\/03\/Logopolitica.jpeg?fit=338%2C500&ssl=1&resize=350%2C200","width":350,"height":200},"classes":[]},{"id":16083,"url":"https:\/\/libreriaguadalupe.com.ar\/libreria\/producto\/corazonar-la-fragilidad\/","url_meta":{"origin":17972,"position":3},"title":"Corazonar la fragilidad","author":"admin","date":"12\/02\/2023","format":false,"excerpt":"Este libro se presenta como una oportunidad para buscar y encontrar sendas superadoras por las cuales transitar y aprender a convivir en este momento de fragilidad. AUTOR: LOPEZ ROSETTI DANIEL [ VER M\u00c1S OBRAS ] ISBN: 9505008391","rel":"","context":"Entrada similar","block_context":{"text":"Entrada similar","link":""},"img":{"alt_text":"Corazonar la fragilidad","src":"https:\/\/i0.wp.com\/libreriaguadalupe.com.ar\/libreria\/wp-content\/uploads\/2023\/02\/Corazonar-la-fragilidad.jpg?fit=399%2C500&ssl=1&resize=350%2C200","width":350,"height":200},"classes":[]},{"id":15516,"url":"https:\/\/libreriaguadalupe.com.ar\/libreria\/producto\/vocabulario-razonado-de-la-exegesis-biblica-2\/","url_meta":{"origin":17972,"position":4},"title":"Vocabulario razonado de ex\u00e9gesis b\u00edblica","author":"admin","date":"07\/02\/2023","format":false,"excerpt":"Los t\u00e9rminos, las aproximaciones, los autores AUTOR: Ska, Jean-Louis ISBN: 8481697216","rel":"","context":"Entrada similar","block_context":{"text":"Entrada similar","link":""},"img":{"alt_text":"","src":"https:\/\/i0.wp.com\/libreriaguadalupe.com.ar\/libreria\/wp-content\/uploads\/2023\/02\/Vocabulario-razonado-de-exegesis-biblica.jpg?fit=380%2C586&ssl=1&resize=350%2C200","width":350,"height":200},"classes":[]},{"id":12851,"url":"https:\/\/libreriaguadalupe.com.ar\/libreria\/producto\/los-patriarcas\/","url_meta":{"origin":17972,"position":5},"title":"Los Patriarcas","author":"admin","date":"18\/01\/2023","format":false,"excerpt":"AUTOR: Michaud, Robert ISBN LOS PATRIARCAS","rel":"","context":"Entrada similar","block_context":{"text":"Entrada similar","link":""},"img":{"alt_text":"","src":"","width":0,"height":0},"classes":[]}],"_links":{"self":[{"href":"https:\/\/libreriaguadalupe.com.ar\/libreria\/wp-json\/wp\/v2\/product\/17972","targetHints":{"allow":["GET"]}}],"collection":[{"href":"https:\/\/libreriaguadalupe.com.ar\/libreria\/wp-json\/wp\/v2\/product"}],"about":[{"href":"https:\/\/libreriaguadalupe.com.ar\/libreria\/wp-json\/wp\/v2\/types\/product"}],"replies":[{"embeddable":true,"href":"https:\/\/libreriaguadalupe.com.ar\/libreria\/wp-json\/wp\/v2\/comments?post=17972"}],"version-history":[{"count":3,"href":"https:\/\/libreriaguadalupe.com.ar\/libreria\/wp-json\/wp\/v2\/product\/17972\/revisions"}],"predecessor-version":[{"id":17979,"href":"https:\/\/libreriaguadalupe.com.ar\/libreria\/wp-json\/wp\/v2\/product\/17972\/revisions\/17979"}],"wp:featuredmedia":[{"embeddable":true,"href":"https:\/\/libreriaguadalupe.com.ar\/libreria\/wp-json\/wp\/v2\/media\/17975"}],"wp:attachment":[{"href":"https:\/\/libreriaguadalupe.com.ar\/libreria\/wp-json\/wp\/v2\/media?parent=17972"}],"wp:term":[{"taxonomy":"product_brand","embeddable":true,"href":"https:\/\/libreriaguadalupe.com.ar\/libreria\/wp-json\/wp\/v2\/product_brand?post=17972"},{"taxonomy":"product_cat","embeddable":true,"href":"https:\/\/libreriaguadalupe.com.ar\/libreria\/wp-json\/wp\/v2\/product_cat?post=17972"},{"taxonomy":"product_tag","embeddable":true,"href":"https:\/\/libreriaguadalupe.com.ar\/libreria\/wp-json\/wp\/v2\/product_tag?post=17972"}],"curies":[{"name":"wp","href":"https:\/\/api.w.org\/{rel}","templated":true}]}}