{"id":17954,"date":"2024-04-08T15:49:26","date_gmt":"2024-04-08T18:49:26","guid":{"rendered":"https:\/\/libreriaguadalupe.com.ar\/libreria\/?post_type=product&#038;p=17954"},"modified":"2025-10-01T10:50:49","modified_gmt":"2025-10-01T13:50:49","slug":"oraciones-para-antes-de-ir-a-dormir","status":"publish","type":"product","link":"https:\/\/libreriaguadalupe.com.ar\/libreria\/producto\/oraciones-para-antes-de-ir-a-dormir\/","title":{"rendered":"Oraciones para antes de ir a dormir"},"content":{"rendered":"<p>En este libro encontrar\u00e1s qu\u00e9 leer a la hora de ir a la cama, cuando te acuestas para dormir. Aqu\u00ed hay muchas oraciones para rezar junto a las ni\u00f1as y los ni\u00f1os peque\u00f1os y a las chicas y los chicos m\u00e1s grandes de distintas edades. Est\u00e1 dividido en varias partes para leer todos los d\u00edas un poquito y quedarte con las ganas de seguir leyendo al d\u00eda siguiente. Todo acompa\u00f1ado con lindos dibujos que seguro te van a gustar. Para tener en la mesa de luz o al lado de la cama.<\/p>\n","protected":false},"excerpt":{"rendered":"<p><img decoding=\"async\" class=\"alignnone size-full wp-image-16595\" src=\"https:\/\/libreriaguadalupe.com.ar\/libreria\/wp-content\/uploads\/2023\/03\/nuevo.png\" alt=\"\" width=\"200\" height=\"125\" \/><\/p>\n<p>Autor: Mar\u00eda Cristina Graziani<strong><br \/>\n<\/strong>ISBN: 978-950-500-912-1<br \/>\nDimensiones: 30 x 21 cm<br \/>\nP\u00e1ginas: 32<\/p>\n","protected":false},"featured_media":17955,"comment_status":"open","ping_status":"closed","template":"","meta":{"jetpack_publicize_message":"","jetpack_publicize_feature_enabled":true,"jetpack_social_post_already_shared":true,"jetpack_social_options":{"image_generator_settings":{"template":"highway","default_image_id":0,"font":"","enabled":false},"version":2}},"product_brand":[],"product_cat":[125,121,75],"product_tag":[127],"class_list":{"0":"post-17954","1":"product","2":"type-product","3":"status-publish","4":"has-post-thumbnail","6":"product_cat-novedades","7":"product_cat-guadalupe","8":"product_cat-literatura-infantil-y-juvenil","9":"product_tag-editorial-guadalupe-de-argentina","11":"first","12":"outofstock","13":"shipping-taxable","14":"purchasable","15":"product-type-simple"},"yoast_head":"<!-- This site is optimized with the Yoast SEO plugin v27.4 - https:\/\/yoast.com\/product\/yoast-seo-wordpress\/ -->\n<title>Oraciones para antes de ir a dormir - Editorial Guadalupe de Argentina<\/title>\n<meta name=\"description\" content=\"En este libro encontrar\u00e1s qu\u00e9 leer a la hora de ir a la cama, cuando te acuestas para dormir. Aqu\u00ed hay muchas oraciones para rezar junto a las ni\u00f1as y los ni\u00f1os peque\u00f1os y a las chicas y los chicos m\u00e1s grandes de distintas edades.\" \/>\n<meta name=\"robots\" content=\"index, follow, max-snippet:-1, max-image-preview:large, max-video-preview:-1\" \/>\n<link rel=\"canonical\" href=\"https:\/\/libreriaguadalupe.com.ar\/libreria\/producto\/oraciones-para-antes-de-ir-a-dormir\/\" \/>\n<meta property=\"og:locale\" content=\"es_ES\" \/>\n<meta property=\"og:type\" content=\"article\" \/>\n<meta property=\"og:title\" content=\"Oraciones para antes de ir a dormir - Editorial Guadalupe de Argentina\" \/>\n<meta property=\"og:description\" content=\"En este libro encontrar\u00e1s qu\u00e9 leer a la hora de ir a la cama, cuando te acuestas para dormir. Aqu\u00ed hay muchas oraciones para rezar junto a las ni\u00f1as y los ni\u00f1os peque\u00f1os y a las chicas y los chicos m\u00e1s grandes de distintas edades.\" \/>\n<meta property=\"og:url\" content=\"https:\/\/libreriaguadalupe.com.ar\/libreria\/producto\/oraciones-para-antes-de-ir-a-dormir\/\" \/>\n<meta property=\"og:site_name\" content=\"Editorial Guadalupe de Argentina\" \/>\n<meta property=\"article:publisher\" content=\"https:\/\/www.facebook.com\/LibreriaGuadalupeAR\/\" \/>\n<meta property=\"article:modified_time\" content=\"2025-10-01T13:50:49+00:00\" \/>\n<meta property=\"og:image\" content=\"https:\/\/libreriaguadalupe.com.ar\/libreria\/wp-content\/uploads\/2024\/04\/NOVEDAD-TIENDA-ABRIL.jpg\" \/>\n\t<meta property=\"og:image:width\" content=\"470\" \/>\n\t<meta property=\"og:image:height\" content=\"470\" \/>\n\t<meta property=\"og:image:type\" content=\"image\/jpeg\" \/>\n<meta name=\"twitter:card\" content=\"summary_large_image\" \/>\n<meta name=\"twitter:label1\" content=\"Tiempo de lectura\" \/>\n\t<meta name=\"twitter:data1\" content=\"1 minuto\" \/>\n<script type=\"application\/ld+json\" class=\"yoast-schema-graph\">{\"@context\":\"https:\\\/\\\/schema.org\",\"@graph\":[{\"@type\":\"WebPage\",\"@id\":\"https:\\\/\\\/libreriaguadalupe.com.ar\\\/libreria\\\/producto\\\/oraciones-para-antes-de-ir-a-dormir\\\/\",\"url\":\"https:\\\/\\\/libreriaguadalupe.com.ar\\\/libreria\\\/producto\\\/oraciones-para-antes-de-ir-a-dormir\\\/\",\"name\":\"Oraciones para antes de ir a dormir - Editorial Guadalupe de Argentina\",\"isPartOf\":{\"@id\":\"https:\\\/\\\/libreriaguadalupe.com.ar\\\/libreria\\\/#website\"},\"primaryImageOfPage\":{\"@id\":\"https:\\\/\\\/libreriaguadalupe.com.ar\\\/libreria\\\/producto\\\/oraciones-para-antes-de-ir-a-dormir\\\/#primaryimage\"},\"image\":{\"@id\":\"https:\\\/\\\/libreriaguadalupe.com.ar\\\/libreria\\\/producto\\\/oraciones-para-antes-de-ir-a-dormir\\\/#primaryimage\"},\"thumbnailUrl\":\"https:\\\/\\\/i0.wp.com\\\/libreriaguadalupe.com.ar\\\/libreria\\\/wp-content\\\/uploads\\\/2024\\\/04\\\/NOVEDAD-TIENDA-ABRIL.jpg?fit=470%2C470&ssl=1\",\"datePublished\":\"2024-04-08T18:49:26+00:00\",\"dateModified\":\"2025-10-01T13:50:49+00:00\",\"description\":\"En este libro encontrar\u00e1s qu\u00e9 leer a la hora de ir a la cama, cuando te acuestas para dormir. Aqu\u00ed hay muchas oraciones para rezar junto a las ni\u00f1as y los ni\u00f1os peque\u00f1os y a las chicas y los chicos m\u00e1s grandes de distintas edades.\",\"breadcrumb\":{\"@id\":\"https:\\\/\\\/libreriaguadalupe.com.ar\\\/libreria\\\/producto\\\/oraciones-para-antes-de-ir-a-dormir\\\/#breadcrumb\"},\"inLanguage\":\"es\",\"potentialAction\":[{\"@type\":\"ReadAction\",\"target\":[\"https:\\\/\\\/libreriaguadalupe.com.ar\\\/libreria\\\/producto\\\/oraciones-para-antes-de-ir-a-dormir\\\/\"]}]},{\"@type\":\"ImageObject\",\"inLanguage\":\"es\",\"@id\":\"https:\\\/\\\/libreriaguadalupe.com.ar\\\/libreria\\\/producto\\\/oraciones-para-antes-de-ir-a-dormir\\\/#primaryimage\",\"url\":\"https:\\\/\\\/i0.wp.com\\\/libreriaguadalupe.com.ar\\\/libreria\\\/wp-content\\\/uploads\\\/2024\\\/04\\\/NOVEDAD-TIENDA-ABRIL.jpg?fit=470%2C470&ssl=1\",\"contentUrl\":\"https:\\\/\\\/i0.wp.com\\\/libreriaguadalupe.com.ar\\\/libreria\\\/wp-content\\\/uploads\\\/2024\\\/04\\\/NOVEDAD-TIENDA-ABRIL.jpg?fit=470%2C470&ssl=1\",\"width\":470,\"height\":470},{\"@type\":\"BreadcrumbList\",\"@id\":\"https:\\\/\\\/libreriaguadalupe.com.ar\\\/libreria\\\/producto\\\/oraciones-para-antes-de-ir-a-dormir\\\/#breadcrumb\",\"itemListElement\":[{\"@type\":\"ListItem\",\"position\":1,\"name\":\"Portada\",\"item\":\"https:\\\/\\\/libreriaguadalupe.com.ar\\\/libreria\\\/\"},{\"@type\":\"ListItem\",\"position\":2,\"name\":\"Tienda\",\"item\":\"https:\\\/\\\/libreriaguadalupe.com.ar\\\/libreria\\\/\"},{\"@type\":\"ListItem\",\"position\":3,\"name\":\"Oraciones para antes de ir a dormir\"}]},{\"@type\":\"WebSite\",\"@id\":\"https:\\\/\\\/libreriaguadalupe.com.ar\\\/libreria\\\/#website\",\"url\":\"https:\\\/\\\/libreriaguadalupe.com.ar\\\/libreria\\\/\",\"name\":\"Editorial Guadalupe de Argentina\",\"description\":\"Congregaci\u00f3n del Verbo Divino\",\"publisher\":{\"@id\":\"https:\\\/\\\/libreriaguadalupe.com.ar\\\/libreria\\\/#organization\"},\"alternateName\":\"Librer\u00eda Guadalupe\",\"potentialAction\":[{\"@type\":\"SearchAction\",\"target\":{\"@type\":\"EntryPoint\",\"urlTemplate\":\"https:\\\/\\\/libreriaguadalupe.com.ar\\\/libreria\\\/?s={search_term_string}\"},\"query-input\":{\"@type\":\"PropertyValueSpecification\",\"valueRequired\":true,\"valueName\":\"search_term_string\"}}],\"inLanguage\":\"es\"},{\"@type\":\"Organization\",\"@id\":\"https:\\\/\\\/libreriaguadalupe.com.ar\\\/libreria\\\/#organization\",\"name\":\"Editorial Guadalupe\",\"alternateName\":\"Librer\u00eda Guadalupe\",\"url\":\"https:\\\/\\\/libreriaguadalupe.com.ar\\\/libreria\\\/\",\"logo\":{\"@type\":\"ImageObject\",\"inLanguage\":\"es\",\"@id\":\"https:\\\/\\\/libreriaguadalupe.com.ar\\\/libreria\\\/#\\\/schema\\\/logo\\\/image\\\/\",\"url\":\"https:\\\/\\\/i0.wp.com\\\/libreriaguadalupe.com.ar\\\/libreria\\\/wp-content\\\/uploads\\\/2023\\\/01\\\/cropped-logo-editorial-guadalupe.webp?fit=500%2C100&ssl=1\",\"contentUrl\":\"https:\\\/\\\/i0.wp.com\\\/libreriaguadalupe.com.ar\\\/libreria\\\/wp-content\\\/uploads\\\/2023\\\/01\\\/cropped-logo-editorial-guadalupe.webp?fit=500%2C100&ssl=1\",\"width\":500,\"height\":100,\"caption\":\"Editorial Guadalupe\"},\"image\":{\"@id\":\"https:\\\/\\\/libreriaguadalupe.com.ar\\\/libreria\\\/#\\\/schema\\\/logo\\\/image\\\/\"},\"sameAs\":[\"https:\\\/\\\/www.facebook.com\\\/LibreriaGuadalupeAR\\\/\",\"https:\\\/\\\/www.instagram.com\\\/editorialguadalupe\\\/\",\"https:\\\/\\\/guadalupeeditorial.mercadoshops.com.ar\\\/\"]}]}<\/script>\n<!-- \/ Yoast SEO plugin. -->","yoast_head_json":{"title":"Oraciones para antes de ir a dormir - Editorial Guadalupe de Argentina","description":"En este libro encontrar\u00e1s qu\u00e9 leer a la hora de ir a la cama, cuando te acuestas para dormir. Aqu\u00ed hay muchas oraciones para rezar junto a las ni\u00f1as y los ni\u00f1os peque\u00f1os y a las chicas y los chicos m\u00e1s grandes de distintas edades.","robots":{"index":"index","follow":"follow","max-snippet":"max-snippet:-1","max-image-preview":"max-image-preview:large","max-video-preview":"max-video-preview:-1"},"canonical":"https:\/\/libreriaguadalupe.com.ar\/libreria\/producto\/oraciones-para-antes-de-ir-a-dormir\/","og_locale":"es_ES","og_type":"article","og_title":"Oraciones para antes de ir a dormir - Editorial Guadalupe de Argentina","og_description":"En este libro encontrar\u00e1s qu\u00e9 leer a la hora de ir a la cama, cuando te acuestas para dormir. Aqu\u00ed hay muchas oraciones para rezar junto a las ni\u00f1as y los ni\u00f1os peque\u00f1os y a las chicas y los chicos m\u00e1s grandes de distintas edades.","og_url":"https:\/\/libreriaguadalupe.com.ar\/libreria\/producto\/oraciones-para-antes-de-ir-a-dormir\/","og_site_name":"Editorial Guadalupe de Argentina","article_publisher":"https:\/\/www.facebook.com\/LibreriaGuadalupeAR\/","article_modified_time":"2025-10-01T13:50:49+00:00","og_image":[{"width":470,"height":470,"url":"https:\/\/libreriaguadalupe.com.ar\/libreria\/wp-content\/uploads\/2024\/04\/NOVEDAD-TIENDA-ABRIL.jpg","type":"image\/jpeg"}],"twitter_card":"summary_large_image","twitter_misc":{"Tiempo de lectura":"1 minuto"},"schema":{"@context":"https:\/\/schema.org","@graph":[{"@type":"WebPage","@id":"https:\/\/libreriaguadalupe.com.ar\/libreria\/producto\/oraciones-para-antes-de-ir-a-dormir\/","url":"https:\/\/libreriaguadalupe.com.ar\/libreria\/producto\/oraciones-para-antes-de-ir-a-dormir\/","name":"Oraciones para antes de ir a dormir - Editorial Guadalupe de Argentina","isPartOf":{"@id":"https:\/\/libreriaguadalupe.com.ar\/libreria\/#website"},"primaryImageOfPage":{"@id":"https:\/\/libreriaguadalupe.com.ar\/libreria\/producto\/oraciones-para-antes-de-ir-a-dormir\/#primaryimage"},"image":{"@id":"https:\/\/libreriaguadalupe.com.ar\/libreria\/producto\/oraciones-para-antes-de-ir-a-dormir\/#primaryimage"},"thumbnailUrl":"https:\/\/i0.wp.com\/libreriaguadalupe.com.ar\/libreria\/wp-content\/uploads\/2024\/04\/NOVEDAD-TIENDA-ABRIL.jpg?fit=470%2C470&ssl=1","datePublished":"2024-04-08T18:49:26+00:00","dateModified":"2025-10-01T13:50:49+00:00","description":"En este libro encontrar\u00e1s qu\u00e9 leer a la hora de ir a la cama, cuando te acuestas para dormir. Aqu\u00ed hay muchas oraciones para rezar junto a las ni\u00f1as y los ni\u00f1os peque\u00f1os y a las chicas y los chicos m\u00e1s grandes de distintas edades.","breadcrumb":{"@id":"https:\/\/libreriaguadalupe.com.ar\/libreria\/producto\/oraciones-para-antes-de-ir-a-dormir\/#breadcrumb"},"inLanguage":"es","potentialAction":[{"@type":"ReadAction","target":["https:\/\/libreriaguadalupe.com.ar\/libreria\/producto\/oraciones-para-antes-de-ir-a-dormir\/"]}]},{"@type":"ImageObject","inLanguage":"es","@id":"https:\/\/libreriaguadalupe.com.ar\/libreria\/producto\/oraciones-para-antes-de-ir-a-dormir\/#primaryimage","url":"https:\/\/i0.wp.com\/libreriaguadalupe.com.ar\/libreria\/wp-content\/uploads\/2024\/04\/NOVEDAD-TIENDA-ABRIL.jpg?fit=470%2C470&ssl=1","contentUrl":"https:\/\/i0.wp.com\/libreriaguadalupe.com.ar\/libreria\/wp-content\/uploads\/2024\/04\/NOVEDAD-TIENDA-ABRIL.jpg?fit=470%2C470&ssl=1","width":470,"height":470},{"@type":"BreadcrumbList","@id":"https:\/\/libreriaguadalupe.com.ar\/libreria\/producto\/oraciones-para-antes-de-ir-a-dormir\/#breadcrumb","itemListElement":[{"@type":"ListItem","position":1,"name":"Portada","item":"https:\/\/libreriaguadalupe.com.ar\/libreria\/"},{"@type":"ListItem","position":2,"name":"Tienda","item":"https:\/\/libreriaguadalupe.com.ar\/libreria\/"},{"@type":"ListItem","position":3,"name":"Oraciones para antes de ir a dormir"}]},{"@type":"WebSite","@id":"https:\/\/libreriaguadalupe.com.ar\/libreria\/#website","url":"https:\/\/libreriaguadalupe.com.ar\/libreria\/","name":"Editorial Guadalupe de Argentina","description":"Congregaci\u00f3n del Verbo Divino","publisher":{"@id":"https:\/\/libreriaguadalupe.com.ar\/libreria\/#organization"},"alternateName":"Librer\u00eda Guadalupe","potentialAction":[{"@type":"SearchAction","target":{"@type":"EntryPoint","urlTemplate":"https:\/\/libreriaguadalupe.com.ar\/libreria\/?s={search_term_string}"},"query-input":{"@type":"PropertyValueSpecification","valueRequired":true,"valueName":"search_term_string"}}],"inLanguage":"es"},{"@type":"Organization","@id":"https:\/\/libreriaguadalupe.com.ar\/libreria\/#organization","name":"Editorial Guadalupe","alternateName":"Librer\u00eda Guadalupe","url":"https:\/\/libreriaguadalupe.com.ar\/libreria\/","logo":{"@type":"ImageObject","inLanguage":"es","@id":"https:\/\/libreriaguadalupe.com.ar\/libreria\/#\/schema\/logo\/image\/","url":"https:\/\/i0.wp.com\/libreriaguadalupe.com.ar\/libreria\/wp-content\/uploads\/2023\/01\/cropped-logo-editorial-guadalupe.webp?fit=500%2C100&ssl=1","contentUrl":"https:\/\/i0.wp.com\/libreriaguadalupe.com.ar\/libreria\/wp-content\/uploads\/2023\/01\/cropped-logo-editorial-guadalupe.webp?fit=500%2C100&ssl=1","width":500,"height":100,"caption":"Editorial Guadalupe"},"image":{"@id":"https:\/\/libreriaguadalupe.com.ar\/libreria\/#\/schema\/logo\/image\/"},"sameAs":["https:\/\/www.facebook.com\/LibreriaGuadalupeAR\/","https:\/\/www.instagram.com\/editorialguadalupe\/","https:\/\/guadalupeeditorial.mercadoshops.com.ar\/"]}]}},"jetpack_publicize_connections":[],"jetpack_sharing_enabled":true,"jetpack-related-posts":[{"id":14923,"url":"https:\/\/libreriaguadalupe.com.ar\/libreria\/producto\/la-fiesta-del-encuentro-2\/","url_meta":{"origin":17954,"position":0},"title":"La fiesta del encuentro","author":"admin","date":"07\/02\/2023","format":false,"excerpt":"Es el libro del ni\u00f1o, que surge de toda nuestra propuesta de Encuentros Pastorales para chicos. AUTOR: OUBI\u00d1A FLAVIA ISBN: 9505007165","rel":"","context":"Entrada similar","block_context":{"text":"Entrada similar","link":""},"img":{"alt_text":"","src":"https:\/\/i0.wp.com\/libreriaguadalupe.com.ar\/libreria\/wp-content\/uploads\/2023\/01\/468.jpg?fit=500%2C500&ssl=1&resize=350%2C200","width":350,"height":200},"classes":[]},{"id":16794,"url":"https:\/\/libreriaguadalupe.com.ar\/libreria\/producto\/breve-catecismo\/","url_meta":{"origin":17954,"position":1},"title":"Breve Catecismo","author":"admin","date":"21\/03\/2023","format":false,"excerpt":"Autor: LUIS LIBERTI ISBN: 9505007189 Dimensiones: 11 x 17 cm P\u00e1ginas: 64","rel":"","context":"Entrada similar","block_context":{"text":"Entrada similar","link":""},"img":{"alt_text":"","src":"https:\/\/i0.wp.com\/libreriaguadalupe.com.ar\/libreria\/wp-content\/uploads\/2023\/03\/Brevee-catecismo.jpeg?fit=376%2C500&ssl=1&resize=350%2C200","width":350,"height":200},"classes":[]},{"id":17560,"url":"https:\/\/libreriaguadalupe.com.ar\/libreria\/producto\/la-oracion-comunitaria\/","url_meta":{"origin":17954,"position":2},"title":"La oraci\u00f3n comunitaria","author":"admin","date":"20\/10\/2023","format":false,"excerpt":"Se\u00f1or, ens\u00e9\u00f1anos a orar Lucas 11, 1 \u00a0 Autor: JORGE ARRIZABALAGA ISBN: 978-950-500-909-1 Dimensiones: 15 x 22 cm P\u00e1ginas: 104","rel":"","context":"Entrada similar","block_context":{"text":"Entrada similar","link":""},"img":{"alt_text":"","src":"https:\/\/i0.wp.com\/libreriaguadalupe.com.ar\/libreria\/wp-content\/uploads\/2023\/10\/La-oracion-comunitaria.png?fit=470%2C712&ssl=1&resize=350%2C200","width":350,"height":200},"classes":[]},{"id":13192,"url":"https:\/\/libreriaguadalupe.com.ar\/libreria\/producto\/el-poder-de-la-oracion\/","url_meta":{"origin":17954,"position":3},"title":"El Poder de La Oracion","author":"admin","date":"18\/01\/2023","format":false,"excerpt":"","rel":"","context":"Entrada similar","block_context":{"text":"Entrada similar","link":""},"img":{"alt_text":"","src":"","width":0,"height":0},"classes":[]},{"id":12780,"url":"https:\/\/libreriaguadalupe.com.ar\/libreria\/producto\/la-oracion-del-senor\/","url_meta":{"origin":17954,"position":4},"title":"La oracion del Se\u00f1or","author":"admin","date":"18\/01\/2023","format":false,"excerpt":"AUTOR: Baudoz, Jean-Fr ISBN 8481698633","rel":"","context":"Entrada similar","block_context":{"text":"Entrada similar","link":""},"img":{"alt_text":"","src":"https:\/\/i0.wp.com\/libreriaguadalupe.com.ar\/libreria\/wp-content\/uploads\/2023\/01\/623.jpg?fit=227%2C227&ssl=1&resize=350%2C200","width":350,"height":200},"classes":[]},{"id":15549,"url":"https:\/\/libreriaguadalupe.com.ar\/libreria\/producto\/la-fiesta-de-la-eucaristia-2\/","url_meta":{"origin":17954,"position":5},"title":"La fiesta de la Eucarist\u00eda","author":"admin","date":"07\/02\/2023","format":false,"excerpt":"AUTOR: OUBI\u00d1A FLAVIA ISBN: 9505007530","rel":"","context":"Entrada similar","block_context":{"text":"Entrada similar","link":""},"img":{"alt_text":"","src":"https:\/\/i0.wp.com\/libreriaguadalupe.com.ar\/libreria\/wp-content\/uploads\/2023\/01\/1265.jpeg?fit=201%2C251&ssl=1&resize=350%2C200","width":350,"height":200},"classes":[]}],"_links":{"self":[{"href":"https:\/\/libreriaguadalupe.com.ar\/libreria\/wp-json\/wp\/v2\/product\/17954","targetHints":{"allow":["GET"]}}],"collection":[{"href":"https:\/\/libreriaguadalupe.com.ar\/libreria\/wp-json\/wp\/v2\/product"}],"about":[{"href":"https:\/\/libreriaguadalupe.com.ar\/libreria\/wp-json\/wp\/v2\/types\/product"}],"replies":[{"embeddable":true,"href":"https:\/\/libreriaguadalupe.com.ar\/libreria\/wp-json\/wp\/v2\/comments?post=17954"}],"version-history":[{"count":1,"href":"https:\/\/libreriaguadalupe.com.ar\/libreria\/wp-json\/wp\/v2\/product\/17954\/revisions"}],"predecessor-version":[{"id":17959,"href":"https:\/\/libreriaguadalupe.com.ar\/libreria\/wp-json\/wp\/v2\/product\/17954\/revisions\/17959"}],"wp:featuredmedia":[{"embeddable":true,"href":"https:\/\/libreriaguadalupe.com.ar\/libreria\/wp-json\/wp\/v2\/media\/17955"}],"wp:attachment":[{"href":"https:\/\/libreriaguadalupe.com.ar\/libreria\/wp-json\/wp\/v2\/media?parent=17954"}],"wp:term":[{"taxonomy":"product_brand","embeddable":true,"href":"https:\/\/libreriaguadalupe.com.ar\/libreria\/wp-json\/wp\/v2\/product_brand?post=17954"},{"taxonomy":"product_cat","embeddable":true,"href":"https:\/\/libreriaguadalupe.com.ar\/libreria\/wp-json\/wp\/v2\/product_cat?post=17954"},{"taxonomy":"product_tag","embeddable":true,"href":"https:\/\/libreriaguadalupe.com.ar\/libreria\/wp-json\/wp\/v2\/product_tag?post=17954"}],"curies":[{"name":"wp","href":"https:\/\/api.w.org\/{rel}","templated":true}]}}