{"id":17757,"date":"2023-12-11T14:51:41","date_gmt":"2023-12-11T17:51:41","guid":{"rendered":"https:\/\/libreriaguadalupe.com.ar\/libreria\/?post_type=product&#038;p=17757"},"modified":"2024-06-12T12:19:39","modified_gmt":"2024-06-12T15:19:39","slug":"errar-es-de-humanos-perdonar-es-divino","status":"publish","type":"product","link":"https:\/\/libreriaguadalupe.com.ar\/libreria\/producto\/errar-es-de-humanos-perdonar-es-divino\/","title":{"rendered":"Errar es de humanos, PERDONAR ES DIVINO"},"content":{"rendered":"<p>Este sencillo Libro propone ser una ayuda eficaz, para quienes deseen adentrarse en el tema del \u201cPerd\u00f3n\u201d, para reconciliarnos con Dios, con nosotros mismos y con nuestros hermanos: Asumir los resentimientos, combatir sus aliados. Descubrir el verdadero significado y misterio del Perd\u00f3n, como fuente de felicidad, belleza y perseverancia. Curar heridas para poder alcanzar una profunda liberaci\u00f3n de angustias y tristezas.<br \/>\nTodo esto, sin dejar de tener presente que: \u201cERRAR es de humanos, PERDONAR es Divino\u201d.<br \/>\nPbro. H\u00e9ctor Horacio Esp\u00f3sito<\/p>\n<p>&nbsp;<\/p>\n<p>Perdonar para ser perdonados. As\u00ed la frase que recitamos en la oraci\u00f3n del Padre nuestro: \u00abPerd\u00f3nanos nuestras deudas, as\u00ed como nosotros perdonamos a nuestros deudores\u00bb, cobran su pleno significado y se convierte en una verdad decisiva.<br \/>\nNo podemos pretender para nosotros el perd\u00f3n de Dios, si nosotros, a nuestra vez, no concedemos el perd\u00f3n a nuestro pr\u00f3jimo. Si no nos esforzamos por perdonar y amar, tampoco seremos perdonados ni amados.<br \/>\nPor todo ello, los aliento a encomendarse a la maternal intercesi\u00f3n de la Madre de Dios, para que Ella \u201cnos ayude a darnos cuenta de cu\u00e1nto estamos en deuda con Dios, y a recordarlo siempre, para tener el coraz\u00f3n abierto a la misericordia y a la bondad\u201d (Papa Francisco).<\/p>\n","protected":false},"excerpt":{"rendered":"<p><img decoding=\"async\" class=\"alignnone size-full wp-image-16595\" src=\"https:\/\/libreriaguadalupe.com.ar\/libreria\/wp-content\/uploads\/2023\/03\/nuevo.png\" alt=\"\" width=\"200\" height=\"125\" \/><\/p>\n<p>Autor: P. H\u00c9CTOR HORACIO ESP\u00d3SITO<strong><br \/>\n<\/strong>ISBN: 978-950-500-911-4<br \/>\nDimensiones: 14 x 20 cm<br \/>\nP\u00e1ginas: 146<\/p>\n","protected":false},"featured_media":17758,"comment_status":"open","ping_status":"closed","template":"","meta":{"jetpack_publicize_message":"","jetpack_publicize_feature_enabled":true,"jetpack_social_post_already_shared":true,"jetpack_social_options":{"image_generator_settings":{"template":"highway","default_image_id":0,"font":"","enabled":false},"version":2}},"product_brand":[],"product_cat":[125,88,121],"product_tag":[127],"class_list":{"0":"post-17757","1":"product","2":"type-product","3":"status-publish","4":"has-post-thumbnail","6":"product_cat-novedades","7":"product_cat-espiritualidad-cultura-social","8":"product_cat-guadalupe","9":"product_tag-editorial-guadalupe-de-argentina","11":"first","12":"outofstock","13":"shipping-taxable","14":"purchasable","15":"product-type-simple"},"yoast_head":"<!-- This site is optimized with the Yoast SEO plugin v27.4 - https:\/\/yoast.com\/product\/yoast-seo-wordpress\/ -->\n<title>Errar es de humanos, PERDONAR ES DIVINO - Editorial Guadalupe de Argentina<\/title>\n<meta name=\"description\" content=\"Este sencillo Libro propone ser una ayuda eficaz, para quienes deseen adentrarse en el tema del \u201cPerd\u00f3n\u201d, para reconciliarnos con Dios\" \/>\n<meta name=\"robots\" content=\"index, follow, max-snippet:-1, max-image-preview:large, max-video-preview:-1\" \/>\n<link rel=\"canonical\" href=\"https:\/\/libreriaguadalupe.com.ar\/libreria\/producto\/errar-es-de-humanos-perdonar-es-divino\/\" \/>\n<meta property=\"og:locale\" content=\"es_ES\" \/>\n<meta property=\"og:type\" content=\"article\" \/>\n<meta property=\"og:title\" content=\"Errar es de humanos, PERDONAR ES DIVINO - Editorial Guadalupe de Argentina\" \/>\n<meta property=\"og:description\" content=\"Este sencillo Libro propone ser una ayuda eficaz, para quienes deseen adentrarse en el tema del \u201cPerd\u00f3n\u201d, para reconciliarnos con Dios\" \/>\n<meta property=\"og:url\" content=\"https:\/\/libreriaguadalupe.com.ar\/libreria\/producto\/errar-es-de-humanos-perdonar-es-divino\/\" \/>\n<meta property=\"og:site_name\" content=\"Editorial Guadalupe de Argentina\" \/>\n<meta property=\"article:publisher\" content=\"https:\/\/www.facebook.com\/LibreriaGuadalupeAR\/\" \/>\n<meta property=\"article:modified_time\" content=\"2024-06-12T15:19:39+00:00\" \/>\n<meta property=\"og:image\" content=\"https:\/\/libreriaguadalupe.com.ar\/libreria\/wp-content\/uploads\/2023\/12\/NOVEDAD-TIENDA-DICIEMBRE.jpg\" \/>\n\t<meta property=\"og:image:width\" content=\"470\" \/>\n\t<meta property=\"og:image:height\" content=\"470\" \/>\n\t<meta property=\"og:image:type\" content=\"image\/jpeg\" \/>\n<meta name=\"twitter:card\" content=\"summary_large_image\" \/>\n<meta name=\"twitter:label1\" content=\"Tiempo de lectura\" \/>\n\t<meta name=\"twitter:data1\" content=\"2 minutos\" \/>\n<script type=\"application\/ld+json\" class=\"yoast-schema-graph\">{\"@context\":\"https:\\\/\\\/schema.org\",\"@graph\":[{\"@type\":\"WebPage\",\"@id\":\"https:\\\/\\\/libreriaguadalupe.com.ar\\\/libreria\\\/producto\\\/errar-es-de-humanos-perdonar-es-divino\\\/\",\"url\":\"https:\\\/\\\/libreriaguadalupe.com.ar\\\/libreria\\\/producto\\\/errar-es-de-humanos-perdonar-es-divino\\\/\",\"name\":\"Errar es de humanos, PERDONAR ES DIVINO - Editorial Guadalupe de Argentina\",\"isPartOf\":{\"@id\":\"https:\\\/\\\/libreriaguadalupe.com.ar\\\/libreria\\\/#website\"},\"primaryImageOfPage\":{\"@id\":\"https:\\\/\\\/libreriaguadalupe.com.ar\\\/libreria\\\/producto\\\/errar-es-de-humanos-perdonar-es-divino\\\/#primaryimage\"},\"image\":{\"@id\":\"https:\\\/\\\/libreriaguadalupe.com.ar\\\/libreria\\\/producto\\\/errar-es-de-humanos-perdonar-es-divino\\\/#primaryimage\"},\"thumbnailUrl\":\"https:\\\/\\\/i0.wp.com\\\/libreriaguadalupe.com.ar\\\/libreria\\\/wp-content\\\/uploads\\\/2023\\\/12\\\/NOVEDAD-TIENDA-DICIEMBRE.jpg?fit=470%2C470&ssl=1\",\"datePublished\":\"2023-12-11T17:51:41+00:00\",\"dateModified\":\"2024-06-12T15:19:39+00:00\",\"description\":\"Este sencillo Libro propone ser una ayuda eficaz, para quienes deseen adentrarse en el tema del \u201cPerd\u00f3n\u201d, para reconciliarnos con Dios\",\"breadcrumb\":{\"@id\":\"https:\\\/\\\/libreriaguadalupe.com.ar\\\/libreria\\\/producto\\\/errar-es-de-humanos-perdonar-es-divino\\\/#breadcrumb\"},\"inLanguage\":\"es\",\"potentialAction\":[{\"@type\":\"ReadAction\",\"target\":[\"https:\\\/\\\/libreriaguadalupe.com.ar\\\/libreria\\\/producto\\\/errar-es-de-humanos-perdonar-es-divino\\\/\"]}]},{\"@type\":\"ImageObject\",\"inLanguage\":\"es\",\"@id\":\"https:\\\/\\\/libreriaguadalupe.com.ar\\\/libreria\\\/producto\\\/errar-es-de-humanos-perdonar-es-divino\\\/#primaryimage\",\"url\":\"https:\\\/\\\/i0.wp.com\\\/libreriaguadalupe.com.ar\\\/libreria\\\/wp-content\\\/uploads\\\/2023\\\/12\\\/NOVEDAD-TIENDA-DICIEMBRE.jpg?fit=470%2C470&ssl=1\",\"contentUrl\":\"https:\\\/\\\/i0.wp.com\\\/libreriaguadalupe.com.ar\\\/libreria\\\/wp-content\\\/uploads\\\/2023\\\/12\\\/NOVEDAD-TIENDA-DICIEMBRE.jpg?fit=470%2C470&ssl=1\",\"width\":470,\"height\":470},{\"@type\":\"BreadcrumbList\",\"@id\":\"https:\\\/\\\/libreriaguadalupe.com.ar\\\/libreria\\\/producto\\\/errar-es-de-humanos-perdonar-es-divino\\\/#breadcrumb\",\"itemListElement\":[{\"@type\":\"ListItem\",\"position\":1,\"name\":\"Portada\",\"item\":\"https:\\\/\\\/libreriaguadalupe.com.ar\\\/libreria\\\/\"},{\"@type\":\"ListItem\",\"position\":2,\"name\":\"Tienda\",\"item\":\"https:\\\/\\\/libreriaguadalupe.com.ar\\\/libreria\\\/\"},{\"@type\":\"ListItem\",\"position\":3,\"name\":\"Errar es de humanos, PERDONAR ES DIVINO\"}]},{\"@type\":\"WebSite\",\"@id\":\"https:\\\/\\\/libreriaguadalupe.com.ar\\\/libreria\\\/#website\",\"url\":\"https:\\\/\\\/libreriaguadalupe.com.ar\\\/libreria\\\/\",\"name\":\"Editorial Guadalupe de Argentina\",\"description\":\"Congregaci\u00f3n del Verbo Divino\",\"publisher\":{\"@id\":\"https:\\\/\\\/libreriaguadalupe.com.ar\\\/libreria\\\/#organization\"},\"alternateName\":\"Librer\u00eda Guadalupe\",\"potentialAction\":[{\"@type\":\"SearchAction\",\"target\":{\"@type\":\"EntryPoint\",\"urlTemplate\":\"https:\\\/\\\/libreriaguadalupe.com.ar\\\/libreria\\\/?s={search_term_string}\"},\"query-input\":{\"@type\":\"PropertyValueSpecification\",\"valueRequired\":true,\"valueName\":\"search_term_string\"}}],\"inLanguage\":\"es\"},{\"@type\":\"Organization\",\"@id\":\"https:\\\/\\\/libreriaguadalupe.com.ar\\\/libreria\\\/#organization\",\"name\":\"Editorial Guadalupe\",\"alternateName\":\"Librer\u00eda Guadalupe\",\"url\":\"https:\\\/\\\/libreriaguadalupe.com.ar\\\/libreria\\\/\",\"logo\":{\"@type\":\"ImageObject\",\"inLanguage\":\"es\",\"@id\":\"https:\\\/\\\/libreriaguadalupe.com.ar\\\/libreria\\\/#\\\/schema\\\/logo\\\/image\\\/\",\"url\":\"https:\\\/\\\/i0.wp.com\\\/libreriaguadalupe.com.ar\\\/libreria\\\/wp-content\\\/uploads\\\/2023\\\/01\\\/cropped-logo-editorial-guadalupe.webp?fit=500%2C100&ssl=1\",\"contentUrl\":\"https:\\\/\\\/i0.wp.com\\\/libreriaguadalupe.com.ar\\\/libreria\\\/wp-content\\\/uploads\\\/2023\\\/01\\\/cropped-logo-editorial-guadalupe.webp?fit=500%2C100&ssl=1\",\"width\":500,\"height\":100,\"caption\":\"Editorial Guadalupe\"},\"image\":{\"@id\":\"https:\\\/\\\/libreriaguadalupe.com.ar\\\/libreria\\\/#\\\/schema\\\/logo\\\/image\\\/\"},\"sameAs\":[\"https:\\\/\\\/www.facebook.com\\\/LibreriaGuadalupeAR\\\/\",\"https:\\\/\\\/www.instagram.com\\\/editorialguadalupe\\\/\",\"https:\\\/\\\/guadalupeeditorial.mercadoshops.com.ar\\\/\"]}]}<\/script>\n<!-- \/ Yoast SEO plugin. -->","yoast_head_json":{"title":"Errar es de humanos, PERDONAR ES DIVINO - Editorial Guadalupe de Argentina","description":"Este sencillo Libro propone ser una ayuda eficaz, para quienes deseen adentrarse en el tema del \u201cPerd\u00f3n\u201d, para reconciliarnos con Dios","robots":{"index":"index","follow":"follow","max-snippet":"max-snippet:-1","max-image-preview":"max-image-preview:large","max-video-preview":"max-video-preview:-1"},"canonical":"https:\/\/libreriaguadalupe.com.ar\/libreria\/producto\/errar-es-de-humanos-perdonar-es-divino\/","og_locale":"es_ES","og_type":"article","og_title":"Errar es de humanos, PERDONAR ES DIVINO - Editorial Guadalupe de Argentina","og_description":"Este sencillo Libro propone ser una ayuda eficaz, para quienes deseen adentrarse en el tema del \u201cPerd\u00f3n\u201d, para reconciliarnos con Dios","og_url":"https:\/\/libreriaguadalupe.com.ar\/libreria\/producto\/errar-es-de-humanos-perdonar-es-divino\/","og_site_name":"Editorial Guadalupe de Argentina","article_publisher":"https:\/\/www.facebook.com\/LibreriaGuadalupeAR\/","article_modified_time":"2024-06-12T15:19:39+00:00","og_image":[{"width":470,"height":470,"url":"https:\/\/libreriaguadalupe.com.ar\/libreria\/wp-content\/uploads\/2023\/12\/NOVEDAD-TIENDA-DICIEMBRE.jpg","type":"image\/jpeg"}],"twitter_card":"summary_large_image","twitter_misc":{"Tiempo de lectura":"2 minutos"},"schema":{"@context":"https:\/\/schema.org","@graph":[{"@type":"WebPage","@id":"https:\/\/libreriaguadalupe.com.ar\/libreria\/producto\/errar-es-de-humanos-perdonar-es-divino\/","url":"https:\/\/libreriaguadalupe.com.ar\/libreria\/producto\/errar-es-de-humanos-perdonar-es-divino\/","name":"Errar es de humanos, PERDONAR ES DIVINO - Editorial Guadalupe de Argentina","isPartOf":{"@id":"https:\/\/libreriaguadalupe.com.ar\/libreria\/#website"},"primaryImageOfPage":{"@id":"https:\/\/libreriaguadalupe.com.ar\/libreria\/producto\/errar-es-de-humanos-perdonar-es-divino\/#primaryimage"},"image":{"@id":"https:\/\/libreriaguadalupe.com.ar\/libreria\/producto\/errar-es-de-humanos-perdonar-es-divino\/#primaryimage"},"thumbnailUrl":"https:\/\/i0.wp.com\/libreriaguadalupe.com.ar\/libreria\/wp-content\/uploads\/2023\/12\/NOVEDAD-TIENDA-DICIEMBRE.jpg?fit=470%2C470&ssl=1","datePublished":"2023-12-11T17:51:41+00:00","dateModified":"2024-06-12T15:19:39+00:00","description":"Este sencillo Libro propone ser una ayuda eficaz, para quienes deseen adentrarse en el tema del \u201cPerd\u00f3n\u201d, para reconciliarnos con Dios","breadcrumb":{"@id":"https:\/\/libreriaguadalupe.com.ar\/libreria\/producto\/errar-es-de-humanos-perdonar-es-divino\/#breadcrumb"},"inLanguage":"es","potentialAction":[{"@type":"ReadAction","target":["https:\/\/libreriaguadalupe.com.ar\/libreria\/producto\/errar-es-de-humanos-perdonar-es-divino\/"]}]},{"@type":"ImageObject","inLanguage":"es","@id":"https:\/\/libreriaguadalupe.com.ar\/libreria\/producto\/errar-es-de-humanos-perdonar-es-divino\/#primaryimage","url":"https:\/\/i0.wp.com\/libreriaguadalupe.com.ar\/libreria\/wp-content\/uploads\/2023\/12\/NOVEDAD-TIENDA-DICIEMBRE.jpg?fit=470%2C470&ssl=1","contentUrl":"https:\/\/i0.wp.com\/libreriaguadalupe.com.ar\/libreria\/wp-content\/uploads\/2023\/12\/NOVEDAD-TIENDA-DICIEMBRE.jpg?fit=470%2C470&ssl=1","width":470,"height":470},{"@type":"BreadcrumbList","@id":"https:\/\/libreriaguadalupe.com.ar\/libreria\/producto\/errar-es-de-humanos-perdonar-es-divino\/#breadcrumb","itemListElement":[{"@type":"ListItem","position":1,"name":"Portada","item":"https:\/\/libreriaguadalupe.com.ar\/libreria\/"},{"@type":"ListItem","position":2,"name":"Tienda","item":"https:\/\/libreriaguadalupe.com.ar\/libreria\/"},{"@type":"ListItem","position":3,"name":"Errar es de humanos, PERDONAR ES DIVINO"}]},{"@type":"WebSite","@id":"https:\/\/libreriaguadalupe.com.ar\/libreria\/#website","url":"https:\/\/libreriaguadalupe.com.ar\/libreria\/","name":"Editorial Guadalupe de Argentina","description":"Congregaci\u00f3n del Verbo Divino","publisher":{"@id":"https:\/\/libreriaguadalupe.com.ar\/libreria\/#organization"},"alternateName":"Librer\u00eda Guadalupe","potentialAction":[{"@type":"SearchAction","target":{"@type":"EntryPoint","urlTemplate":"https:\/\/libreriaguadalupe.com.ar\/libreria\/?s={search_term_string}"},"query-input":{"@type":"PropertyValueSpecification","valueRequired":true,"valueName":"search_term_string"}}],"inLanguage":"es"},{"@type":"Organization","@id":"https:\/\/libreriaguadalupe.com.ar\/libreria\/#organization","name":"Editorial Guadalupe","alternateName":"Librer\u00eda Guadalupe","url":"https:\/\/libreriaguadalupe.com.ar\/libreria\/","logo":{"@type":"ImageObject","inLanguage":"es","@id":"https:\/\/libreriaguadalupe.com.ar\/libreria\/#\/schema\/logo\/image\/","url":"https:\/\/i0.wp.com\/libreriaguadalupe.com.ar\/libreria\/wp-content\/uploads\/2023\/01\/cropped-logo-editorial-guadalupe.webp?fit=500%2C100&ssl=1","contentUrl":"https:\/\/i0.wp.com\/libreriaguadalupe.com.ar\/libreria\/wp-content\/uploads\/2023\/01\/cropped-logo-editorial-guadalupe.webp?fit=500%2C100&ssl=1","width":500,"height":100,"caption":"Editorial Guadalupe"},"image":{"@id":"https:\/\/libreriaguadalupe.com.ar\/libreria\/#\/schema\/logo\/image\/"},"sameAs":["https:\/\/www.facebook.com\/LibreriaGuadalupeAR\/","https:\/\/www.instagram.com\/editorialguadalupe\/","https:\/\/guadalupeeditorial.mercadoshops.com.ar\/"]}]}},"jetpack_publicize_connections":[],"jetpack_sharing_enabled":true,"jetpack-related-posts":[{"id":16817,"url":"https:\/\/libreriaguadalupe.com.ar\/libreria\/producto\/dios-perdona-y-olvida\/","url_meta":{"origin":17757,"position":0},"title":"Dios Perdona Y Olvida","author":"admin","date":"22\/03\/2023","format":false,"excerpt":"El Perd\u00f3n y el Amor de Dios Serie: Predicaciones Autor: Claudio Rizzo ISBN: 9789505008216 Dimensiones: 14 x 20 cm P\u00e1ginas: 80","rel":"","context":"Entrada similar","block_context":{"text":"Entrada similar","link":""},"img":{"alt_text":"","src":"https:\/\/i0.wp.com\/libreriaguadalupe.com.ar\/libreria\/wp-content\/uploads\/2023\/03\/Dios-Perdona-Y-Olvida.jpeg?fit=342%2C500&ssl=1&resize=350%2C200","width":350,"height":200},"classes":[]},{"id":15915,"url":"https:\/\/libreriaguadalupe.com.ar\/libreria\/producto\/el-perdon-una-decision-un-acto-de-amor-y-liberacion\/","url_meta":{"origin":17757,"position":1},"title":"El perd\u00f3n una decisi\u00f3n un acto de amor y liberaci\u00f3n","author":"admin","date":"12\/02\/2023","format":false,"excerpt":"Perdonar es liberarnos, ya sea de nosotros mismos como de la sombra de los dem\u00e1s. AUTOR: OSCAR FULLA ISBN: 9505008605","rel":"","context":"Entrada similar","block_context":{"text":"Entrada similar","link":""},"img":{"alt_text":"","src":"https:\/\/i0.wp.com\/libreriaguadalupe.com.ar\/libreria\/wp-content\/uploads\/2023\/02\/El-perdon-una-decision-un-acto-de-amor-y-liberacion-chico.jpg?fit=351%2C500&ssl=1&resize=350%2C200","width":350,"height":200},"classes":[]},{"id":16042,"url":"https:\/\/libreriaguadalupe.com.ar\/libreria\/producto\/la-fiesta-del-abrazo\/","url_meta":{"origin":17757,"position":2},"title":"La Fiesta del Abrazo","author":"admin","date":"12\/02\/2023","format":false,"excerpt":"AUTOR:\u00a0FLAVIA OUBI\u00d1A ISBN: 9505007042","rel":"","context":"Entrada similar","block_context":{"text":"Entrada similar","link":""},"img":{"alt_text":"","src":"https:\/\/i0.wp.com\/libreriaguadalupe.com.ar\/libreria\/wp-content\/uploads\/2023\/02\/La-fiesta-del-abrazo.jpg?fit=633%2C823&ssl=1&resize=350%2C200","width":350,"height":200,"srcset":"https:\/\/i0.wp.com\/libreriaguadalupe.com.ar\/libreria\/wp-content\/uploads\/2023\/02\/La-fiesta-del-abrazo.jpg?fit=633%2C823&ssl=1&resize=350%2C200 1x, https:\/\/i0.wp.com\/libreriaguadalupe.com.ar\/libreria\/wp-content\/uploads\/2023\/02\/La-fiesta-del-abrazo.jpg?fit=633%2C823&ssl=1&resize=525%2C300 1.5x"},"classes":[]},{"id":16122,"url":"https:\/\/libreriaguadalupe.com.ar\/libreria\/producto\/saber-perdonar\/","url_meta":{"origin":17757,"position":3},"title":"Saber perdonar","author":"admin","date":"12\/02\/2023","format":false,"excerpt":"Saber perdonar es un desaf\u00edo. AUTOR: KAUFMANN JOSE L. [ VER M\u00c1S OBRAS ] ISBN: 9505008865","rel":"","context":"Entrada similar","block_context":{"text":"Entrada similar","link":""},"img":{"alt_text":"","src":"https:\/\/i0.wp.com\/libreriaguadalupe.com.ar\/libreria\/wp-content\/uploads\/2023\/02\/Saber-perdonar-Tapa-chico.jpg?fit=355%2C500&ssl=1&resize=350%2C200","width":350,"height":200},"classes":[]},{"id":14921,"url":"https:\/\/libreriaguadalupe.com.ar\/libreria\/producto\/el-perdon-100-mensajes-del-papa-francisco-2\/","url_meta":{"origin":17757,"position":4},"title":"El Perdon 100 mensajes del Papa Francisco","author":"admin","date":"07\/02\/2023","format":false,"excerpt":"Autor: BENAVIDES LUIS [ VER M\u00c1S OBRAS ] ISBN: 9505007288","rel":"","context":"Entrada similar","block_context":{"text":"Entrada similar","link":""},"img":{"alt_text":"El Perdon 100 mensajes del Papa Francisco","src":"https:\/\/i0.wp.com\/libreriaguadalupe.com.ar\/libreria\/wp-content\/uploads\/2023\/02\/El-Perdon.jpeg?fit=379%2C500&ssl=1&resize=350%2C200","width":350,"height":200},"classes":[]},{"id":19243,"url":"https:\/\/libreriaguadalupe.com.ar\/libreria\/producto\/a-la-sombra-del-leno-santo-reflexiones-y-meditaciones-para-la-semana-santa\/","url_meta":{"origin":17757,"position":5},"title":"\u00abA la sombra del Le\u00f1o Santo\u00bb \u2013 Reflexiones y meditaciones para la semana santa\u201d","author":"Mariano Zuqui","date":"08\/03\/2026","format":false,"excerpt":"Compilador: Guillermo Enrique Dri T\u00edtulo: \"A la sombra del Le\u00f1o\" - Reflexiones y Meditaciones para la Semana Santa ISBN:978-950-500-979-4 Formato: 15\u00a0 (ancho) x 22 (alto) cms. Interior: 1\/1 color Papel: Bookcel 80 grs. N\u00ba de P\u00e1ginas: 88. Tapa:4 Colores - Cartulina - Laminado mate Encuadernaci\u00f3n: Binder \u00a0 \u00a0","rel":"","context":"Entrada similar","block_context":{"text":"Entrada similar","link":""},"img":{"alt_text":"","src":"https:\/\/i0.wp.com\/libreriaguadalupe.com.ar\/libreria\/wp-content\/uploads\/2026\/03\/1.png?fit=960%2C1200&ssl=1&resize=350%2C200","width":350,"height":200,"srcset":"https:\/\/i0.wp.com\/libreriaguadalupe.com.ar\/libreria\/wp-content\/uploads\/2026\/03\/1.png?fit=960%2C1200&ssl=1&resize=350%2C200 1x, https:\/\/i0.wp.com\/libreriaguadalupe.com.ar\/libreria\/wp-content\/uploads\/2026\/03\/1.png?fit=960%2C1200&ssl=1&resize=525%2C300 1.5x, https:\/\/i0.wp.com\/libreriaguadalupe.com.ar\/libreria\/wp-content\/uploads\/2026\/03\/1.png?fit=960%2C1200&ssl=1&resize=700%2C400 2x"},"classes":[]}],"_links":{"self":[{"href":"https:\/\/libreriaguadalupe.com.ar\/libreria\/wp-json\/wp\/v2\/product\/17757","targetHints":{"allow":["GET"]}}],"collection":[{"href":"https:\/\/libreriaguadalupe.com.ar\/libreria\/wp-json\/wp\/v2\/product"}],"about":[{"href":"https:\/\/libreriaguadalupe.com.ar\/libreria\/wp-json\/wp\/v2\/types\/product"}],"replies":[{"embeddable":true,"href":"https:\/\/libreriaguadalupe.com.ar\/libreria\/wp-json\/wp\/v2\/comments?post=17757"}],"version-history":[{"count":2,"href":"https:\/\/libreriaguadalupe.com.ar\/libreria\/wp-json\/wp\/v2\/product\/17757\/revisions"}],"predecessor-version":[{"id":18105,"href":"https:\/\/libreriaguadalupe.com.ar\/libreria\/wp-json\/wp\/v2\/product\/17757\/revisions\/18105"}],"wp:featuredmedia":[{"embeddable":true,"href":"https:\/\/libreriaguadalupe.com.ar\/libreria\/wp-json\/wp\/v2\/media\/17758"}],"wp:attachment":[{"href":"https:\/\/libreriaguadalupe.com.ar\/libreria\/wp-json\/wp\/v2\/media?parent=17757"}],"wp:term":[{"taxonomy":"product_brand","embeddable":true,"href":"https:\/\/libreriaguadalupe.com.ar\/libreria\/wp-json\/wp\/v2\/product_brand?post=17757"},{"taxonomy":"product_cat","embeddable":true,"href":"https:\/\/libreriaguadalupe.com.ar\/libreria\/wp-json\/wp\/v2\/product_cat?post=17757"},{"taxonomy":"product_tag","embeddable":true,"href":"https:\/\/libreriaguadalupe.com.ar\/libreria\/wp-json\/wp\/v2\/product_tag?post=17757"}],"curies":[{"name":"wp","href":"https:\/\/api.w.org\/{rel}","templated":true}]}}