{"id":17648,"date":"2023-11-02T16:38:42","date_gmt":"2023-11-02T19:38:42","guid":{"rendered":"https:\/\/libreriaguadalupe.com.ar\/libreria\/?post_type=product&#038;p=17648"},"modified":"2024-12-23T09:44:12","modified_gmt":"2024-12-23T12:44:12","slug":"diario-biblico-2024","status":"publish","type":"product","link":"https:\/\/libreriaguadalupe.com.ar\/libreria\/producto\/diario-biblico-2024\/","title":{"rendered":"Diario B\u00edblico 2024"},"content":{"rendered":"<p>En su g\u00e9nesis el Diario B\u00edblico tiene como finalidad llegar a las personas que necesitan de la Palabra como inspiraci\u00f3n, reflexi\u00f3n, liberaci\u00f3n y aplicaci\u00f3n en la vida. Desde su esencia misionera, trata de \u00abhacerse todo para todos\u00bb, para que la multiplicidad de los carismas se sientan en sus p\u00e1ginas como en su casa.<\/p>\n<p>Una obra que invita a compartir un espacio de comuni\u00f3n, de di\u00e1logo, discernimiento, colaboraci\u00f3n mutua y animaci\u00f3n de la vida misionera de la comunidad cristiana. Pero tambi\u00e9n es un encuentro \u00edntimo para realizar las propias reflexiones, preguntas y respuestas que, trasladadas a la vida cotidiana, fecundan el caminar diario, en servicio solidario y cari\u00f1oso hacia los dem\u00e1s.<\/p>\n<p>El Diario B\u00edblico ofrece un dise\u00f1o especial para realizar reflexiones propias, preguntas y respuestas, ilustraciones, lettering, resaltar ideas o im\u00e1genes que hagan referencia al texto. Una herramienta \u201cideal\u201d para grupos o encuentros b\u00edblicos de reflexi\u00f3n, de estudio y Lectura Orante. Adem\u00e1s, incorpora informaci\u00f3n diaria relevante y necesaria, lo cual hace que sea un material de consulta fundamental para la celebracion lit\u00fargica, la organizaci\u00f3n personal o comunitaria y la elaboraci\u00f3n de proyectos y tareas.<\/p>\n<p>En esta oportunidad en su edici\u00f3n, de tapa semidura y anillada.<\/p>\n","protected":false},"excerpt":{"rendered":"<p><em><strong>Edici\u00f3n tapa semidura y anillada<\/strong><\/em><\/p>\n<p><img decoding=\"async\" class=\"alignnone size-full wp-image-16595\" src=\"https:\/\/libreriaguadalupe.com.ar\/libreria\/wp-content\/uploads\/2023\/03\/nuevo.png\" alt=\"\" width=\"200\" height=\"125\" \/><\/p>\n<p>Autor: EDITORIAL GUADALUPE<\/p>\n","protected":false},"featured_media":17651,"comment_status":"open","ping_status":"closed","template":"","meta":{"jetpack_publicize_message":"","jetpack_publicize_feature_enabled":true,"jetpack_social_post_already_shared":true,"jetpack_social_options":{"image_generator_settings":{"template":"highway","default_image_id":0,"font":"","enabled":false},"version":2}},"product_brand":[],"product_cat":[125,88,121,141],"product_tag":[127],"class_list":{"0":"post-17648","1":"product","2":"type-product","3":"status-publish","4":"has-post-thumbnail","6":"product_cat-novedades","7":"product_cat-espiritualidad-cultura-social","8":"product_cat-guadalupe","9":"product_cat-mes-de-guadalupe","10":"product_tag-editorial-guadalupe-de-argentina","12":"first","13":"outofstock","14":"shipping-taxable","15":"purchasable","16":"product-type-simple"},"yoast_head":"<!-- This site is optimized with the Yoast SEO plugin v27.4 - https:\/\/yoast.com\/product\/yoast-seo-wordpress\/ -->\n<title>Diario B\u00edblico 2024 - Editorial Guadalupe de Argentina<\/title>\n<meta name=\"description\" content=\"Diario B\u00edblico es una obra que invita a compartir un espacio de comuni\u00f3n, de di\u00e1logo, discernimiento, colaboraci\u00f3n mutua y animaci\u00f3n de la vida misionera\" \/>\n<meta name=\"robots\" content=\"index, follow, max-snippet:-1, max-image-preview:large, max-video-preview:-1\" \/>\n<link rel=\"canonical\" href=\"https:\/\/libreriaguadalupe.com.ar\/libreria\/producto\/diario-biblico-2024\/\" \/>\n<meta property=\"og:locale\" content=\"es_ES\" \/>\n<meta property=\"og:type\" content=\"article\" \/>\n<meta property=\"og:title\" content=\"Diario B\u00edblico 2024 - Editorial Guadalupe de Argentina\" \/>\n<meta property=\"og:description\" content=\"Diario B\u00edblico es una obra que invita a compartir un espacio de comuni\u00f3n, de di\u00e1logo, discernimiento, colaboraci\u00f3n mutua y animaci\u00f3n de la vida misionera\" \/>\n<meta property=\"og:url\" content=\"https:\/\/libreriaguadalupe.com.ar\/libreria\/producto\/diario-biblico-2024\/\" \/>\n<meta property=\"og:site_name\" content=\"Editorial Guadalupe de Argentina\" \/>\n<meta property=\"article:publisher\" content=\"https:\/\/www.facebook.com\/LibreriaGuadalupeAR\/\" \/>\n<meta property=\"article:modified_time\" content=\"2024-12-23T12:44:12+00:00\" \/>\n<meta property=\"og:image\" content=\"https:\/\/libreriaguadalupe.com.ar\/libreria\/wp-content\/uploads\/2023\/11\/NOVEDAD-TIENDA-NOVIEMBRE.jpg\" \/>\n\t<meta property=\"og:image:width\" content=\"470\" \/>\n\t<meta property=\"og:image:height\" content=\"470\" \/>\n\t<meta property=\"og:image:type\" content=\"image\/jpeg\" \/>\n<meta name=\"twitter:card\" content=\"summary_large_image\" \/>\n<meta name=\"twitter:label1\" content=\"Tiempo de lectura\" \/>\n\t<meta name=\"twitter:data1\" content=\"2 minutos\" \/>\n<script type=\"application\/ld+json\" class=\"yoast-schema-graph\">{\"@context\":\"https:\\\/\\\/schema.org\",\"@graph\":[{\"@type\":\"WebPage\",\"@id\":\"https:\\\/\\\/libreriaguadalupe.com.ar\\\/libreria\\\/producto\\\/diario-biblico-2024\\\/\",\"url\":\"https:\\\/\\\/libreriaguadalupe.com.ar\\\/libreria\\\/producto\\\/diario-biblico-2024\\\/\",\"name\":\"Diario B\u00edblico 2024 - Editorial Guadalupe de Argentina\",\"isPartOf\":{\"@id\":\"https:\\\/\\\/libreriaguadalupe.com.ar\\\/libreria\\\/#website\"},\"primaryImageOfPage\":{\"@id\":\"https:\\\/\\\/libreriaguadalupe.com.ar\\\/libreria\\\/producto\\\/diario-biblico-2024\\\/#primaryimage\"},\"image\":{\"@id\":\"https:\\\/\\\/libreriaguadalupe.com.ar\\\/libreria\\\/producto\\\/diario-biblico-2024\\\/#primaryimage\"},\"thumbnailUrl\":\"https:\\\/\\\/i0.wp.com\\\/libreriaguadalupe.com.ar\\\/libreria\\\/wp-content\\\/uploads\\\/2023\\\/11\\\/NOVEDAD-TIENDA-NOVIEMBRE.jpg?fit=470%2C470&ssl=1\",\"datePublished\":\"2023-11-02T19:38:42+00:00\",\"dateModified\":\"2024-12-23T12:44:12+00:00\",\"description\":\"Diario B\u00edblico es una obra que invita a compartir un espacio de comuni\u00f3n, de di\u00e1logo, discernimiento, colaboraci\u00f3n mutua y animaci\u00f3n de la vida misionera\",\"breadcrumb\":{\"@id\":\"https:\\\/\\\/libreriaguadalupe.com.ar\\\/libreria\\\/producto\\\/diario-biblico-2024\\\/#breadcrumb\"},\"inLanguage\":\"es\",\"potentialAction\":[{\"@type\":\"ReadAction\",\"target\":[\"https:\\\/\\\/libreriaguadalupe.com.ar\\\/libreria\\\/producto\\\/diario-biblico-2024\\\/\"]}]},{\"@type\":\"ImageObject\",\"inLanguage\":\"es\",\"@id\":\"https:\\\/\\\/libreriaguadalupe.com.ar\\\/libreria\\\/producto\\\/diario-biblico-2024\\\/#primaryimage\",\"url\":\"https:\\\/\\\/i0.wp.com\\\/libreriaguadalupe.com.ar\\\/libreria\\\/wp-content\\\/uploads\\\/2023\\\/11\\\/NOVEDAD-TIENDA-NOVIEMBRE.jpg?fit=470%2C470&ssl=1\",\"contentUrl\":\"https:\\\/\\\/i0.wp.com\\\/libreriaguadalupe.com.ar\\\/libreria\\\/wp-content\\\/uploads\\\/2023\\\/11\\\/NOVEDAD-TIENDA-NOVIEMBRE.jpg?fit=470%2C470&ssl=1\",\"width\":470,\"height\":470,\"caption\":\"Diario Biblico 2024\"},{\"@type\":\"BreadcrumbList\",\"@id\":\"https:\\\/\\\/libreriaguadalupe.com.ar\\\/libreria\\\/producto\\\/diario-biblico-2024\\\/#breadcrumb\",\"itemListElement\":[{\"@type\":\"ListItem\",\"position\":1,\"name\":\"Portada\",\"item\":\"https:\\\/\\\/libreriaguadalupe.com.ar\\\/libreria\\\/\"},{\"@type\":\"ListItem\",\"position\":2,\"name\":\"Tienda\",\"item\":\"https:\\\/\\\/libreriaguadalupe.com.ar\\\/libreria\\\/\"},{\"@type\":\"ListItem\",\"position\":3,\"name\":\"Diario B\u00edblico 2024\"}]},{\"@type\":\"WebSite\",\"@id\":\"https:\\\/\\\/libreriaguadalupe.com.ar\\\/libreria\\\/#website\",\"url\":\"https:\\\/\\\/libreriaguadalupe.com.ar\\\/libreria\\\/\",\"name\":\"Editorial Guadalupe de Argentina\",\"description\":\"Congregaci\u00f3n del Verbo Divino\",\"publisher\":{\"@id\":\"https:\\\/\\\/libreriaguadalupe.com.ar\\\/libreria\\\/#organization\"},\"alternateName\":\"Librer\u00eda Guadalupe\",\"potentialAction\":[{\"@type\":\"SearchAction\",\"target\":{\"@type\":\"EntryPoint\",\"urlTemplate\":\"https:\\\/\\\/libreriaguadalupe.com.ar\\\/libreria\\\/?s={search_term_string}\"},\"query-input\":{\"@type\":\"PropertyValueSpecification\",\"valueRequired\":true,\"valueName\":\"search_term_string\"}}],\"inLanguage\":\"es\"},{\"@type\":\"Organization\",\"@id\":\"https:\\\/\\\/libreriaguadalupe.com.ar\\\/libreria\\\/#organization\",\"name\":\"Editorial Guadalupe\",\"alternateName\":\"Librer\u00eda Guadalupe\",\"url\":\"https:\\\/\\\/libreriaguadalupe.com.ar\\\/libreria\\\/\",\"logo\":{\"@type\":\"ImageObject\",\"inLanguage\":\"es\",\"@id\":\"https:\\\/\\\/libreriaguadalupe.com.ar\\\/libreria\\\/#\\\/schema\\\/logo\\\/image\\\/\",\"url\":\"https:\\\/\\\/i0.wp.com\\\/libreriaguadalupe.com.ar\\\/libreria\\\/wp-content\\\/uploads\\\/2023\\\/01\\\/cropped-logo-editorial-guadalupe.webp?fit=500%2C100&ssl=1\",\"contentUrl\":\"https:\\\/\\\/i0.wp.com\\\/libreriaguadalupe.com.ar\\\/libreria\\\/wp-content\\\/uploads\\\/2023\\\/01\\\/cropped-logo-editorial-guadalupe.webp?fit=500%2C100&ssl=1\",\"width\":500,\"height\":100,\"caption\":\"Editorial Guadalupe\"},\"image\":{\"@id\":\"https:\\\/\\\/libreriaguadalupe.com.ar\\\/libreria\\\/#\\\/schema\\\/logo\\\/image\\\/\"},\"sameAs\":[\"https:\\\/\\\/www.facebook.com\\\/LibreriaGuadalupeAR\\\/\",\"https:\\\/\\\/www.instagram.com\\\/editorialguadalupe\\\/\",\"https:\\\/\\\/guadalupeeditorial.mercadoshops.com.ar\\\/\"]}]}<\/script>\n<!-- \/ Yoast SEO plugin. -->","yoast_head_json":{"title":"Diario B\u00edblico 2024 - Editorial Guadalupe de Argentina","description":"Diario B\u00edblico es una obra que invita a compartir un espacio de comuni\u00f3n, de di\u00e1logo, discernimiento, colaboraci\u00f3n mutua y animaci\u00f3n de la vida misionera","robots":{"index":"index","follow":"follow","max-snippet":"max-snippet:-1","max-image-preview":"max-image-preview:large","max-video-preview":"max-video-preview:-1"},"canonical":"https:\/\/libreriaguadalupe.com.ar\/libreria\/producto\/diario-biblico-2024\/","og_locale":"es_ES","og_type":"article","og_title":"Diario B\u00edblico 2024 - Editorial Guadalupe de Argentina","og_description":"Diario B\u00edblico es una obra que invita a compartir un espacio de comuni\u00f3n, de di\u00e1logo, discernimiento, colaboraci\u00f3n mutua y animaci\u00f3n de la vida misionera","og_url":"https:\/\/libreriaguadalupe.com.ar\/libreria\/producto\/diario-biblico-2024\/","og_site_name":"Editorial Guadalupe de Argentina","article_publisher":"https:\/\/www.facebook.com\/LibreriaGuadalupeAR\/","article_modified_time":"2024-12-23T12:44:12+00:00","og_image":[{"width":470,"height":470,"url":"https:\/\/libreriaguadalupe.com.ar\/libreria\/wp-content\/uploads\/2023\/11\/NOVEDAD-TIENDA-NOVIEMBRE.jpg","type":"image\/jpeg"}],"twitter_card":"summary_large_image","twitter_misc":{"Tiempo de lectura":"2 minutos"},"schema":{"@context":"https:\/\/schema.org","@graph":[{"@type":"WebPage","@id":"https:\/\/libreriaguadalupe.com.ar\/libreria\/producto\/diario-biblico-2024\/","url":"https:\/\/libreriaguadalupe.com.ar\/libreria\/producto\/diario-biblico-2024\/","name":"Diario B\u00edblico 2024 - Editorial Guadalupe de Argentina","isPartOf":{"@id":"https:\/\/libreriaguadalupe.com.ar\/libreria\/#website"},"primaryImageOfPage":{"@id":"https:\/\/libreriaguadalupe.com.ar\/libreria\/producto\/diario-biblico-2024\/#primaryimage"},"image":{"@id":"https:\/\/libreriaguadalupe.com.ar\/libreria\/producto\/diario-biblico-2024\/#primaryimage"},"thumbnailUrl":"https:\/\/i0.wp.com\/libreriaguadalupe.com.ar\/libreria\/wp-content\/uploads\/2023\/11\/NOVEDAD-TIENDA-NOVIEMBRE.jpg?fit=470%2C470&ssl=1","datePublished":"2023-11-02T19:38:42+00:00","dateModified":"2024-12-23T12:44:12+00:00","description":"Diario B\u00edblico es una obra que invita a compartir un espacio de comuni\u00f3n, de di\u00e1logo, discernimiento, colaboraci\u00f3n mutua y animaci\u00f3n de la vida misionera","breadcrumb":{"@id":"https:\/\/libreriaguadalupe.com.ar\/libreria\/producto\/diario-biblico-2024\/#breadcrumb"},"inLanguage":"es","potentialAction":[{"@type":"ReadAction","target":["https:\/\/libreriaguadalupe.com.ar\/libreria\/producto\/diario-biblico-2024\/"]}]},{"@type":"ImageObject","inLanguage":"es","@id":"https:\/\/libreriaguadalupe.com.ar\/libreria\/producto\/diario-biblico-2024\/#primaryimage","url":"https:\/\/i0.wp.com\/libreriaguadalupe.com.ar\/libreria\/wp-content\/uploads\/2023\/11\/NOVEDAD-TIENDA-NOVIEMBRE.jpg?fit=470%2C470&ssl=1","contentUrl":"https:\/\/i0.wp.com\/libreriaguadalupe.com.ar\/libreria\/wp-content\/uploads\/2023\/11\/NOVEDAD-TIENDA-NOVIEMBRE.jpg?fit=470%2C470&ssl=1","width":470,"height":470,"caption":"Diario Biblico 2024"},{"@type":"BreadcrumbList","@id":"https:\/\/libreriaguadalupe.com.ar\/libreria\/producto\/diario-biblico-2024\/#breadcrumb","itemListElement":[{"@type":"ListItem","position":1,"name":"Portada","item":"https:\/\/libreriaguadalupe.com.ar\/libreria\/"},{"@type":"ListItem","position":2,"name":"Tienda","item":"https:\/\/libreriaguadalupe.com.ar\/libreria\/"},{"@type":"ListItem","position":3,"name":"Diario B\u00edblico 2024"}]},{"@type":"WebSite","@id":"https:\/\/libreriaguadalupe.com.ar\/libreria\/#website","url":"https:\/\/libreriaguadalupe.com.ar\/libreria\/","name":"Editorial Guadalupe de Argentina","description":"Congregaci\u00f3n del Verbo Divino","publisher":{"@id":"https:\/\/libreriaguadalupe.com.ar\/libreria\/#organization"},"alternateName":"Librer\u00eda Guadalupe","potentialAction":[{"@type":"SearchAction","target":{"@type":"EntryPoint","urlTemplate":"https:\/\/libreriaguadalupe.com.ar\/libreria\/?s={search_term_string}"},"query-input":{"@type":"PropertyValueSpecification","valueRequired":true,"valueName":"search_term_string"}}],"inLanguage":"es"},{"@type":"Organization","@id":"https:\/\/libreriaguadalupe.com.ar\/libreria\/#organization","name":"Editorial Guadalupe","alternateName":"Librer\u00eda Guadalupe","url":"https:\/\/libreriaguadalupe.com.ar\/libreria\/","logo":{"@type":"ImageObject","inLanguage":"es","@id":"https:\/\/libreriaguadalupe.com.ar\/libreria\/#\/schema\/logo\/image\/","url":"https:\/\/i0.wp.com\/libreriaguadalupe.com.ar\/libreria\/wp-content\/uploads\/2023\/01\/cropped-logo-editorial-guadalupe.webp?fit=500%2C100&ssl=1","contentUrl":"https:\/\/i0.wp.com\/libreriaguadalupe.com.ar\/libreria\/wp-content\/uploads\/2023\/01\/cropped-logo-editorial-guadalupe.webp?fit=500%2C100&ssl=1","width":500,"height":100,"caption":"Editorial Guadalupe"},"image":{"@id":"https:\/\/libreriaguadalupe.com.ar\/libreria\/#\/schema\/logo\/image\/"},"sameAs":["https:\/\/www.facebook.com\/LibreriaGuadalupeAR\/","https:\/\/www.instagram.com\/editorialguadalupe\/","https:\/\/guadalupeeditorial.mercadoshops.com.ar\/"]}]}},"jetpack_publicize_connections":[],"jetpack_sharing_enabled":true,"jetpack-related-posts":[{"id":18467,"url":"https:\/\/libreriaguadalupe.com.ar\/libreria\/producto\/agenda-verbita-2025\/","url_meta":{"origin":17648,"position":0},"title":"AGENDA 2025","author":"Mariano Zuqui","date":"19\/12\/2024","format":false,"excerpt":"\u00a0 Preparada por Pedro Pitura svd Dise\u00f1o gr\u00e1fico: Sergio Buso EDITORIAL GUADALUPE Dimensiones: 14 x 20 cm (apaisado) P\u00e1ginas: 240","rel":"","context":"Entrada similar","block_context":{"text":"Entrada similar","link":""},"img":{"alt_text":"","src":"https:\/\/i0.wp.com\/libreriaguadalupe.com.ar\/libreria\/wp-content\/uploads\/2024\/12\/MC-AGENDA-2025-3.png?fit=1080%2C1080&ssl=1&resize=350%2C200","width":350,"height":200,"srcset":"https:\/\/i0.wp.com\/libreriaguadalupe.com.ar\/libreria\/wp-content\/uploads\/2024\/12\/MC-AGENDA-2025-3.png?fit=1080%2C1080&ssl=1&resize=350%2C200 1x, https:\/\/i0.wp.com\/libreriaguadalupe.com.ar\/libreria\/wp-content\/uploads\/2024\/12\/MC-AGENDA-2025-3.png?fit=1080%2C1080&ssl=1&resize=525%2C300 1.5x, https:\/\/i0.wp.com\/libreriaguadalupe.com.ar\/libreria\/wp-content\/uploads\/2024\/12\/MC-AGENDA-2025-3.png?fit=1080%2C1080&ssl=1&resize=700%2C400 2x, https:\/\/i0.wp.com\/libreriaguadalupe.com.ar\/libreria\/wp-content\/uploads\/2024\/12\/MC-AGENDA-2025-3.png?fit=1080%2C1080&ssl=1&resize=1050%2C600 3x"},"classes":[]},{"id":15264,"url":"https:\/\/libreriaguadalupe.com.ar\/libreria\/producto\/lectio-divina-para-la-vida-diaria-textos-biblicos-de-la-vida-consagrada-2\/","url_meta":{"origin":17648,"position":1},"title":"Lectio divina para la vida diaria: Textos biblicos de la vida consagrada","author":"admin","date":"07\/02\/2023","format":false,"excerpt":"AUTOR: Zevini, Giorgio ISBN 8481694383","rel":"","context":"Entrada similar","block_context":{"text":"Entrada similar","link":""},"img":{"alt_text":"","src":"","width":0,"height":0},"classes":[]},{"id":15475,"url":"https:\/\/libreriaguadalupe.com.ar\/libreria\/producto\/jesus-maestro-senor-resucitado-2\/","url_meta":{"origin":17648,"position":2},"title":"Jesus, Maestro, Senor resucitado","author":"admin","date":"07\/02\/2023","format":false,"excerpt":"AUTOR: Equipo B\u00edblico - Ed. Guadalupe ISBN: 9505007400","rel":"","context":"Entrada similar","block_context":{"text":"Entrada similar","link":""},"img":{"alt_text":"","src":"https:\/\/i0.wp.com\/libreriaguadalupe.com.ar\/libreria\/wp-content\/uploads\/2023\/02\/JesusMaestroSenioResucitado_01122016.jpg?fit=804%2C1200&ssl=1&resize=350%2C200","width":350,"height":200,"srcset":"https:\/\/i0.wp.com\/libreriaguadalupe.com.ar\/libreria\/wp-content\/uploads\/2023\/02\/JesusMaestroSenioResucitado_01122016.jpg?fit=804%2C1200&ssl=1&resize=350%2C200 1x, https:\/\/i0.wp.com\/libreriaguadalupe.com.ar\/libreria\/wp-content\/uploads\/2023\/02\/JesusMaestroSenioResucitado_01122016.jpg?fit=804%2C1200&ssl=1&resize=525%2C300 1.5x, https:\/\/i0.wp.com\/libreriaguadalupe.com.ar\/libreria\/wp-content\/uploads\/2023\/02\/JesusMaestroSenioResucitado_01122016.jpg?fit=804%2C1200&ssl=1&resize=700%2C400 2x"},"classes":[]},{"id":12674,"url":"https:\/\/libreriaguadalupe.com.ar\/libreria\/producto\/dialogos-semanales-con-jesus-ciclo-b-nro-3\/","url_meta":{"origin":17648,"position":3},"title":"Dialogos semanales con Jesus Ciclo B Nro 3","author":"admin","date":"18\/01\/2023","format":false,"excerpt":"Adviento, Navidad, Cuaresma, Pascua Autor: Carmen Mar\u00eda Cervantes, Instituto Fe y Vida, Jos\u00e9 Antonio Medina Arellano ISBN: 8481697667 Dimensiones: 16 x 24 cm P\u00e1ginas: 200","rel":"","context":"Entrada similar","block_context":{"text":"Entrada similar","link":""},"img":{"alt_text":"","src":"https:\/\/i0.wp.com\/libreriaguadalupe.com.ar\/libreria\/wp-content\/uploads\/2023\/01\/Dialogos-semanales-con-Jesus-Ciclo-B-Nro-3.jpg?fit=380%2C586&ssl=1&resize=350%2C200","width":350,"height":200},"classes":[]},{"id":12672,"url":"https:\/\/libreriaguadalupe.com.ar\/libreria\/producto\/dialogos-semanales-con-jesus-ciclo-a-nro-1\/","url_meta":{"origin":17648,"position":4},"title":"Dialogos semanales con Jesus Ciclo A Nro 1","author":"admin","date":"18\/01\/2023","format":false,"excerpt":"Adviento, Navidad, Cuaresma, Pascua Autor: Carmen Mar\u00eda Cervantes, Instituto Fe y Vida, Jos\u00e9 Antonio Medina Arellano ISBN: 9505008858 Dimensiones: 16 x 24 cm P\u00e1ginas: 192","rel":"","context":"Entrada similar","block_context":{"text":"Entrada similar","link":""},"img":{"alt_text":"","src":"https:\/\/i0.wp.com\/libreriaguadalupe.com.ar\/libreria\/wp-content\/uploads\/2023\/01\/Dialogos-semanales-con-Jesus-Ciclo-A-Nro-1.jpg?fit=380%2C586&ssl=1&resize=350%2C200","width":350,"height":200},"classes":[]},{"id":12676,"url":"https:\/\/libreriaguadalupe.com.ar\/libreria\/producto\/dialogos-semanales-con-jesus-ciclo-c-nro-5\/","url_meta":{"origin":17648,"position":5},"title":"Dialogos semanales con Jesus Ciclo C Nro 5","author":"admin","date":"18\/01\/2023","format":false,"excerpt":"Adviento, Navidad, Cuaresma, Pascua Autor: Carmen Mar\u00eda Cervantes, Instituto Fe y Vida, Jos\u00e9 Antonio Medina Arellano ISBN: 8499450582 Dimensiones: 16 x 24 cm P\u00e1ginas: 200","rel":"","context":"Entrada similar","block_context":{"text":"Entrada similar","link":""},"img":{"alt_text":"","src":"https:\/\/i0.wp.com\/libreriaguadalupe.com.ar\/libreria\/wp-content\/uploads\/2023\/01\/Dialogos-semanales-con-Jesus-Ciclo-C-Nro-5.jpg?fit=380%2C586&ssl=1&resize=350%2C200","width":350,"height":200},"classes":[]}],"_links":{"self":[{"href":"https:\/\/libreriaguadalupe.com.ar\/libreria\/wp-json\/wp\/v2\/product\/17648","targetHints":{"allow":["GET"]}}],"collection":[{"href":"https:\/\/libreriaguadalupe.com.ar\/libreria\/wp-json\/wp\/v2\/product"}],"about":[{"href":"https:\/\/libreriaguadalupe.com.ar\/libreria\/wp-json\/wp\/v2\/types\/product"}],"replies":[{"embeddable":true,"href":"https:\/\/libreriaguadalupe.com.ar\/libreria\/wp-json\/wp\/v2\/comments?post=17648"}],"version-history":[{"count":4,"href":"https:\/\/libreriaguadalupe.com.ar\/libreria\/wp-json\/wp\/v2\/product\/17648\/revisions"}],"predecessor-version":[{"id":17657,"href":"https:\/\/libreriaguadalupe.com.ar\/libreria\/wp-json\/wp\/v2\/product\/17648\/revisions\/17657"}],"wp:featuredmedia":[{"embeddable":true,"href":"https:\/\/libreriaguadalupe.com.ar\/libreria\/wp-json\/wp\/v2\/media\/17651"}],"wp:attachment":[{"href":"https:\/\/libreriaguadalupe.com.ar\/libreria\/wp-json\/wp\/v2\/media?parent=17648"}],"wp:term":[{"taxonomy":"product_brand","embeddable":true,"href":"https:\/\/libreriaguadalupe.com.ar\/libreria\/wp-json\/wp\/v2\/product_brand?post=17648"},{"taxonomy":"product_cat","embeddable":true,"href":"https:\/\/libreriaguadalupe.com.ar\/libreria\/wp-json\/wp\/v2\/product_cat?post=17648"},{"taxonomy":"product_tag","embeddable":true,"href":"https:\/\/libreriaguadalupe.com.ar\/libreria\/wp-json\/wp\/v2\/product_tag?post=17648"}],"curies":[{"name":"wp","href":"https:\/\/api.w.org\/{rel}","templated":true}]}}