{"id":17633,"date":"2023-11-01T16:12:05","date_gmt":"2023-11-01T19:12:05","guid":{"rendered":"https:\/\/libreriaguadalupe.com.ar\/libreria\/?post_type=product&#038;p=17633"},"modified":"2025-05-05T18:24:21","modified_gmt":"2025-05-05T21:24:21","slug":"yo-soy-la-resurreccion-y-la-vida","status":"publish","type":"product","link":"https:\/\/libreriaguadalupe.com.ar\/libreria\/producto\/yo-soy-la-resurreccion-y-la-vida\/","title":{"rendered":"Yo soy la resurrecci\u00f3n y la vida"},"content":{"rendered":"<p>Retomando una pr\u00e1ctica del antiguo tesoro de la Iglesia -que ayudaba a meditar los grandes Misterios contenidos en el Santo Rosario (la vida, la muerte y la Resurrecci\u00f3n del Se\u00f1or) elaboramos esta Novena inspirada en la religiosidad popular para fortalecer, instruir y elevar el esp\u00edritu de los fieles que han perdido a sus seres queridos.<\/p>\n<p>La obra recorre con breves pensamientos los pasos de Jes\u00fas por nuestra tierra, de la mano de la oraci\u00f3n a Mar\u00eda. Las lecturas b\u00edblicas y las plegarias completan el rezo de cada Misterio invit\u00e1ndonos renovar nuestra fe en el perd\u00f3n de los pecados, la resurrec- ci\u00f3n de los muertos, la comuni\u00f3n de los santos y la vida eterna.<\/p>\n","protected":false},"excerpt":{"rendered":"<p><em><strong>Novena de difuntos<\/strong><\/em><\/p>\n<p>Autor: GUILLERMO J. BRAVANDER SVD<strong><br \/>\n<\/strong>ISBN: 950-500-358-7<br \/>\nDimensiones: 10 x 14 cm<br \/>\nP\u00e1ginas: 96<\/p>\n","protected":false},"featured_media":17634,"comment_status":"open","ping_status":"closed","template":"","meta":{"jetpack_publicize_message":"","jetpack_publicize_feature_enabled":true,"jetpack_social_post_already_shared":true,"jetpack_social_options":{"image_generator_settings":{"template":"highway","default_image_id":0,"font":"","enabled":false},"version":2}},"product_brand":[],"product_cat":[88,121,150],"product_tag":[127],"class_list":{"0":"post-17633","1":"product","2":"type-product","3":"status-publish","4":"has-post-thumbnail","6":"product_cat-espiritualidad-cultura-social","7":"product_cat-guadalupe","8":"product_cat--especial--","9":"product_tag-editorial-guadalupe-de-argentina","11":"first","12":"instock","13":"shipping-taxable","14":"purchasable","15":"product-type-simple"},"yoast_head":"<!-- This site is optimized with the Yoast SEO plugin v27.4 - https:\/\/yoast.com\/product\/yoast-seo-wordpress\/ -->\n<title>Yo soy la resurrecci\u00f3n y la vida - Editorial Guadalupe de Argentina<\/title>\n<meta name=\"description\" content=\"Novena inspirada en la religiosidad popular para fortalecer, instruir y elevar el esp\u00edritu de los fieles que han perdido a sus seres queridos.\" \/>\n<meta name=\"robots\" content=\"index, follow, max-snippet:-1, max-image-preview:large, max-video-preview:-1\" \/>\n<link rel=\"canonical\" href=\"https:\/\/libreriaguadalupe.com.ar\/libreria\/producto\/yo-soy-la-resurreccion-y-la-vida\/\" \/>\n<meta property=\"og:locale\" content=\"es_ES\" \/>\n<meta property=\"og:type\" content=\"article\" \/>\n<meta property=\"og:title\" content=\"Yo soy la resurrecci\u00f3n y la vida - Editorial Guadalupe de Argentina\" \/>\n<meta property=\"og:description\" content=\"Novena inspirada en la religiosidad popular para fortalecer, instruir y elevar el esp\u00edritu de los fieles que han perdido a sus seres queridos.\" \/>\n<meta property=\"og:url\" content=\"https:\/\/libreriaguadalupe.com.ar\/libreria\/producto\/yo-soy-la-resurreccion-y-la-vida\/\" \/>\n<meta property=\"og:site_name\" content=\"Editorial Guadalupe de Argentina\" \/>\n<meta property=\"article:publisher\" content=\"https:\/\/www.facebook.com\/LibreriaGuadalupeAR\/\" \/>\n<meta property=\"article:modified_time\" content=\"2025-05-05T21:24:21+00:00\" \/>\n<meta property=\"og:image\" content=\"https:\/\/libreriaguadalupe.com.ar\/libreria\/wp-content\/uploads\/2023\/11\/Yo-soy-la-resurrecion-y-la-vida-Tapa.jpg\" \/>\n\t<meta property=\"og:image:width\" content=\"1100\" \/>\n\t<meta property=\"og:image:height\" content=\"1572\" \/>\n\t<meta property=\"og:image:type\" content=\"image\/jpeg\" \/>\n<meta name=\"twitter:card\" content=\"summary_large_image\" \/>\n<meta name=\"twitter:label1\" content=\"Tiempo de lectura\" \/>\n\t<meta name=\"twitter:data1\" content=\"1 minuto\" \/>\n<script type=\"application\/ld+json\" class=\"yoast-schema-graph\">{\"@context\":\"https:\\\/\\\/schema.org\",\"@graph\":[{\"@type\":\"WebPage\",\"@id\":\"https:\\\/\\\/libreriaguadalupe.com.ar\\\/libreria\\\/producto\\\/yo-soy-la-resurreccion-y-la-vida\\\/\",\"url\":\"https:\\\/\\\/libreriaguadalupe.com.ar\\\/libreria\\\/producto\\\/yo-soy-la-resurreccion-y-la-vida\\\/\",\"name\":\"Yo soy la resurrecci\u00f3n y la vida - Editorial Guadalupe de Argentina\",\"isPartOf\":{\"@id\":\"https:\\\/\\\/libreriaguadalupe.com.ar\\\/libreria\\\/#website\"},\"primaryImageOfPage\":{\"@id\":\"https:\\\/\\\/libreriaguadalupe.com.ar\\\/libreria\\\/producto\\\/yo-soy-la-resurreccion-y-la-vida\\\/#primaryimage\"},\"image\":{\"@id\":\"https:\\\/\\\/libreriaguadalupe.com.ar\\\/libreria\\\/producto\\\/yo-soy-la-resurreccion-y-la-vida\\\/#primaryimage\"},\"thumbnailUrl\":\"https:\\\/\\\/i0.wp.com\\\/libreriaguadalupe.com.ar\\\/libreria\\\/wp-content\\\/uploads\\\/2023\\\/11\\\/Yo-soy-la-resurrecion-y-la-vida-Tapa.jpg?fit=1100%2C1572&ssl=1\",\"datePublished\":\"2023-11-01T19:12:05+00:00\",\"dateModified\":\"2025-05-05T21:24:21+00:00\",\"description\":\"Novena inspirada en la religiosidad popular para fortalecer, instruir y elevar el esp\u00edritu de los fieles que han perdido a sus seres queridos.\",\"breadcrumb\":{\"@id\":\"https:\\\/\\\/libreriaguadalupe.com.ar\\\/libreria\\\/producto\\\/yo-soy-la-resurreccion-y-la-vida\\\/#breadcrumb\"},\"inLanguage\":\"es\",\"potentialAction\":[{\"@type\":\"ReadAction\",\"target\":[\"https:\\\/\\\/libreriaguadalupe.com.ar\\\/libreria\\\/producto\\\/yo-soy-la-resurreccion-y-la-vida\\\/\"]}]},{\"@type\":\"ImageObject\",\"inLanguage\":\"es\",\"@id\":\"https:\\\/\\\/libreriaguadalupe.com.ar\\\/libreria\\\/producto\\\/yo-soy-la-resurreccion-y-la-vida\\\/#primaryimage\",\"url\":\"https:\\\/\\\/i0.wp.com\\\/libreriaguadalupe.com.ar\\\/libreria\\\/wp-content\\\/uploads\\\/2023\\\/11\\\/Yo-soy-la-resurrecion-y-la-vida-Tapa.jpg?fit=1100%2C1572&ssl=1\",\"contentUrl\":\"https:\\\/\\\/i0.wp.com\\\/libreriaguadalupe.com.ar\\\/libreria\\\/wp-content\\\/uploads\\\/2023\\\/11\\\/Yo-soy-la-resurrecion-y-la-vida-Tapa.jpg?fit=1100%2C1572&ssl=1\",\"width\":1100,\"height\":1572,\"caption\":\"Yo soy la resurrecci\u00f3n y la vida\"},{\"@type\":\"BreadcrumbList\",\"@id\":\"https:\\\/\\\/libreriaguadalupe.com.ar\\\/libreria\\\/producto\\\/yo-soy-la-resurreccion-y-la-vida\\\/#breadcrumb\",\"itemListElement\":[{\"@type\":\"ListItem\",\"position\":1,\"name\":\"Portada\",\"item\":\"https:\\\/\\\/libreriaguadalupe.com.ar\\\/libreria\\\/\"},{\"@type\":\"ListItem\",\"position\":2,\"name\":\"Tienda\",\"item\":\"https:\\\/\\\/libreriaguadalupe.com.ar\\\/libreria\\\/\"},{\"@type\":\"ListItem\",\"position\":3,\"name\":\"Yo soy la resurrecci\u00f3n y la vida\"}]},{\"@type\":\"WebSite\",\"@id\":\"https:\\\/\\\/libreriaguadalupe.com.ar\\\/libreria\\\/#website\",\"url\":\"https:\\\/\\\/libreriaguadalupe.com.ar\\\/libreria\\\/\",\"name\":\"Editorial Guadalupe de Argentina\",\"description\":\"Congregaci\u00f3n del Verbo Divino\",\"publisher\":{\"@id\":\"https:\\\/\\\/libreriaguadalupe.com.ar\\\/libreria\\\/#organization\"},\"alternateName\":\"Librer\u00eda Guadalupe\",\"potentialAction\":[{\"@type\":\"SearchAction\",\"target\":{\"@type\":\"EntryPoint\",\"urlTemplate\":\"https:\\\/\\\/libreriaguadalupe.com.ar\\\/libreria\\\/?s={search_term_string}\"},\"query-input\":{\"@type\":\"PropertyValueSpecification\",\"valueRequired\":true,\"valueName\":\"search_term_string\"}}],\"inLanguage\":\"es\"},{\"@type\":\"Organization\",\"@id\":\"https:\\\/\\\/libreriaguadalupe.com.ar\\\/libreria\\\/#organization\",\"name\":\"Editorial Guadalupe\",\"alternateName\":\"Librer\u00eda Guadalupe\",\"url\":\"https:\\\/\\\/libreriaguadalupe.com.ar\\\/libreria\\\/\",\"logo\":{\"@type\":\"ImageObject\",\"inLanguage\":\"es\",\"@id\":\"https:\\\/\\\/libreriaguadalupe.com.ar\\\/libreria\\\/#\\\/schema\\\/logo\\\/image\\\/\",\"url\":\"https:\\\/\\\/i0.wp.com\\\/libreriaguadalupe.com.ar\\\/libreria\\\/wp-content\\\/uploads\\\/2023\\\/01\\\/cropped-logo-editorial-guadalupe.webp?fit=500%2C100&ssl=1\",\"contentUrl\":\"https:\\\/\\\/i0.wp.com\\\/libreriaguadalupe.com.ar\\\/libreria\\\/wp-content\\\/uploads\\\/2023\\\/01\\\/cropped-logo-editorial-guadalupe.webp?fit=500%2C100&ssl=1\",\"width\":500,\"height\":100,\"caption\":\"Editorial Guadalupe\"},\"image\":{\"@id\":\"https:\\\/\\\/libreriaguadalupe.com.ar\\\/libreria\\\/#\\\/schema\\\/logo\\\/image\\\/\"},\"sameAs\":[\"https:\\\/\\\/www.facebook.com\\\/LibreriaGuadalupeAR\\\/\",\"https:\\\/\\\/www.instagram.com\\\/editorialguadalupe\\\/\",\"https:\\\/\\\/guadalupeeditorial.mercadoshops.com.ar\\\/\"]}]}<\/script>\n<!-- \/ Yoast SEO plugin. -->","yoast_head_json":{"title":"Yo soy la resurrecci\u00f3n y la vida - Editorial Guadalupe de Argentina","description":"Novena inspirada en la religiosidad popular para fortalecer, instruir y elevar el esp\u00edritu de los fieles que han perdido a sus seres queridos.","robots":{"index":"index","follow":"follow","max-snippet":"max-snippet:-1","max-image-preview":"max-image-preview:large","max-video-preview":"max-video-preview:-1"},"canonical":"https:\/\/libreriaguadalupe.com.ar\/libreria\/producto\/yo-soy-la-resurreccion-y-la-vida\/","og_locale":"es_ES","og_type":"article","og_title":"Yo soy la resurrecci\u00f3n y la vida - Editorial Guadalupe de Argentina","og_description":"Novena inspirada en la religiosidad popular para fortalecer, instruir y elevar el esp\u00edritu de los fieles que han perdido a sus seres queridos.","og_url":"https:\/\/libreriaguadalupe.com.ar\/libreria\/producto\/yo-soy-la-resurreccion-y-la-vida\/","og_site_name":"Editorial Guadalupe de Argentina","article_publisher":"https:\/\/www.facebook.com\/LibreriaGuadalupeAR\/","article_modified_time":"2025-05-05T21:24:21+00:00","og_image":[{"width":1100,"height":1572,"url":"https:\/\/libreriaguadalupe.com.ar\/libreria\/wp-content\/uploads\/2023\/11\/Yo-soy-la-resurrecion-y-la-vida-Tapa.jpg","type":"image\/jpeg"}],"twitter_card":"summary_large_image","twitter_misc":{"Tiempo de lectura":"1 minuto"},"schema":{"@context":"https:\/\/schema.org","@graph":[{"@type":"WebPage","@id":"https:\/\/libreriaguadalupe.com.ar\/libreria\/producto\/yo-soy-la-resurreccion-y-la-vida\/","url":"https:\/\/libreriaguadalupe.com.ar\/libreria\/producto\/yo-soy-la-resurreccion-y-la-vida\/","name":"Yo soy la resurrecci\u00f3n y la vida - Editorial Guadalupe de Argentina","isPartOf":{"@id":"https:\/\/libreriaguadalupe.com.ar\/libreria\/#website"},"primaryImageOfPage":{"@id":"https:\/\/libreriaguadalupe.com.ar\/libreria\/producto\/yo-soy-la-resurreccion-y-la-vida\/#primaryimage"},"image":{"@id":"https:\/\/libreriaguadalupe.com.ar\/libreria\/producto\/yo-soy-la-resurreccion-y-la-vida\/#primaryimage"},"thumbnailUrl":"https:\/\/i0.wp.com\/libreriaguadalupe.com.ar\/libreria\/wp-content\/uploads\/2023\/11\/Yo-soy-la-resurrecion-y-la-vida-Tapa.jpg?fit=1100%2C1572&ssl=1","datePublished":"2023-11-01T19:12:05+00:00","dateModified":"2025-05-05T21:24:21+00:00","description":"Novena inspirada en la religiosidad popular para fortalecer, instruir y elevar el esp\u00edritu de los fieles que han perdido a sus seres queridos.","breadcrumb":{"@id":"https:\/\/libreriaguadalupe.com.ar\/libreria\/producto\/yo-soy-la-resurreccion-y-la-vida\/#breadcrumb"},"inLanguage":"es","potentialAction":[{"@type":"ReadAction","target":["https:\/\/libreriaguadalupe.com.ar\/libreria\/producto\/yo-soy-la-resurreccion-y-la-vida\/"]}]},{"@type":"ImageObject","inLanguage":"es","@id":"https:\/\/libreriaguadalupe.com.ar\/libreria\/producto\/yo-soy-la-resurreccion-y-la-vida\/#primaryimage","url":"https:\/\/i0.wp.com\/libreriaguadalupe.com.ar\/libreria\/wp-content\/uploads\/2023\/11\/Yo-soy-la-resurrecion-y-la-vida-Tapa.jpg?fit=1100%2C1572&ssl=1","contentUrl":"https:\/\/i0.wp.com\/libreriaguadalupe.com.ar\/libreria\/wp-content\/uploads\/2023\/11\/Yo-soy-la-resurrecion-y-la-vida-Tapa.jpg?fit=1100%2C1572&ssl=1","width":1100,"height":1572,"caption":"Yo soy la resurrecci\u00f3n y la vida"},{"@type":"BreadcrumbList","@id":"https:\/\/libreriaguadalupe.com.ar\/libreria\/producto\/yo-soy-la-resurreccion-y-la-vida\/#breadcrumb","itemListElement":[{"@type":"ListItem","position":1,"name":"Portada","item":"https:\/\/libreriaguadalupe.com.ar\/libreria\/"},{"@type":"ListItem","position":2,"name":"Tienda","item":"https:\/\/libreriaguadalupe.com.ar\/libreria\/"},{"@type":"ListItem","position":3,"name":"Yo soy la resurrecci\u00f3n y la vida"}]},{"@type":"WebSite","@id":"https:\/\/libreriaguadalupe.com.ar\/libreria\/#website","url":"https:\/\/libreriaguadalupe.com.ar\/libreria\/","name":"Editorial Guadalupe de Argentina","description":"Congregaci\u00f3n del Verbo Divino","publisher":{"@id":"https:\/\/libreriaguadalupe.com.ar\/libreria\/#organization"},"alternateName":"Librer\u00eda Guadalupe","potentialAction":[{"@type":"SearchAction","target":{"@type":"EntryPoint","urlTemplate":"https:\/\/libreriaguadalupe.com.ar\/libreria\/?s={search_term_string}"},"query-input":{"@type":"PropertyValueSpecification","valueRequired":true,"valueName":"search_term_string"}}],"inLanguage":"es"},{"@type":"Organization","@id":"https:\/\/libreriaguadalupe.com.ar\/libreria\/#organization","name":"Editorial Guadalupe","alternateName":"Librer\u00eda Guadalupe","url":"https:\/\/libreriaguadalupe.com.ar\/libreria\/","logo":{"@type":"ImageObject","inLanguage":"es","@id":"https:\/\/libreriaguadalupe.com.ar\/libreria\/#\/schema\/logo\/image\/","url":"https:\/\/i0.wp.com\/libreriaguadalupe.com.ar\/libreria\/wp-content\/uploads\/2023\/01\/cropped-logo-editorial-guadalupe.webp?fit=500%2C100&ssl=1","contentUrl":"https:\/\/i0.wp.com\/libreriaguadalupe.com.ar\/libreria\/wp-content\/uploads\/2023\/01\/cropped-logo-editorial-guadalupe.webp?fit=500%2C100&ssl=1","width":500,"height":100,"caption":"Editorial Guadalupe"},"image":{"@id":"https:\/\/libreriaguadalupe.com.ar\/libreria\/#\/schema\/logo\/image\/"},"sameAs":["https:\/\/www.facebook.com\/LibreriaGuadalupeAR\/","https:\/\/www.instagram.com\/editorialguadalupe\/","https:\/\/guadalupeeditorial.mercadoshops.com.ar\/"]}]}},"jetpack_publicize_connections":[],"jetpack_sharing_enabled":true,"jetpack-related-posts":[{"id":19276,"url":"https:\/\/libreriaguadalupe.com.ar\/libreria\/producto\/lectio-divina-para-cada-dia-del-ano-volumen-4\/","url_meta":{"origin":17633,"position":0},"title":"Lectio Divina para cada d\u00eda del a\u00f1o: Volumen 4","author":"Mariano Zuqui","date":"01\/04\/2026","format":false,"excerpt":"Compilador: Giorgio Zevini y Pier Giordano Cabra T\u00edtulo: \"Lectio Divina para cada d\u00eda del a\u00f1o: Volumen 4 - Tiempo de Pascua\" ISBN:978-84-8169-457-4 Formato: 13\u00a0 (ancho) x 21 (alto) cms. Interior: 1\/1 color Papel: Bookcel 80 grs. N\u00ba de P\u00e1ginas: 480 Tapa: Plastificada gofrada Encuadernaci\u00f3n: R\u00fastica, fresada. \u00a0 \u00a0","rel":"","context":"Entrada similar","block_context":{"text":"Entrada similar","link":""},"img":{"alt_text":"","src":"https:\/\/i0.wp.com\/libreriaguadalupe.com.ar\/libreria\/wp-content\/uploads\/2026\/04\/WhatsApp-Image-2026-03-25-at-15.15.34-1.jpg?fit=380%2C586&ssl=1&resize=350%2C200","width":350,"height":200},"classes":[]},{"id":19303,"url":"https:\/\/libreriaguadalupe.com.ar\/libreria\/producto\/novena-de-pentecostes\/","url_meta":{"origin":17633,"position":1},"title":"\u00abNovena de Pentecost\u00e9s\u00bb","author":"Mariano Zuqui","date":"18\/04\/2026","format":false,"excerpt":"Compilador: Irene Rosa Klein - Mar\u00eda In\u00e9s Castro T\u00edtulo: \"Novena de Pentecost\u00e9s\" ISBN:978-950-500-983-1 Formato: 12\u00a0 (ancho) x 18 (alto) cms. Interior: 1\/1 color Papel: Bookcel 80 grs. N\u00ba de P\u00e1ginas: 40 Tapa:4 Colores - Cartulina 300 grs. - Laminado mate Encuadernaci\u00f3n: Binder \u00a0 \u00a0","rel":"","context":"Entrada similar","block_context":{"text":"Entrada similar","link":""},"img":{"alt_text":"","src":"https:\/\/i0.wp.com\/libreriaguadalupe.com.ar\/libreria\/wp-content\/uploads\/2026\/04\/1.png?fit=960%2C1200&ssl=1&resize=350%2C200","width":350,"height":200,"srcset":"https:\/\/i0.wp.com\/libreriaguadalupe.com.ar\/libreria\/wp-content\/uploads\/2026\/04\/1.png?fit=960%2C1200&ssl=1&resize=350%2C200 1x, https:\/\/i0.wp.com\/libreriaguadalupe.com.ar\/libreria\/wp-content\/uploads\/2026\/04\/1.png?fit=960%2C1200&ssl=1&resize=525%2C300 1.5x, https:\/\/i0.wp.com\/libreriaguadalupe.com.ar\/libreria\/wp-content\/uploads\/2026\/04\/1.png?fit=960%2C1200&ssl=1&resize=700%2C400 2x"},"classes":[]},{"id":19309,"url":"https:\/\/libreriaguadalupe.com.ar\/libreria\/producto\/nueve-pasos-de-apertura-a-los-dones-del-espiritu-santo\/","url_meta":{"origin":17633,"position":2},"title":"\u00abNueve pasos de apertura a los dones del Esp\u00edritu Santo\u00bb","author":"Mariano Zuqui","date":"18\/04\/2026","format":false,"excerpt":"Compilador: Irene Rosa Klein - Mar\u00eda In\u00e9s Castro T\u00edtulo: \"Nueve pasos de apertura a los dones del Esp\u00edritu Santo\" ISBN:978-950-500-982-4 Formato: 12\u00a0 (ancho) x 18 (alto) cms. Interior: 1\/1 color Papel: Bookcel 80 grs. N\u00ba de P\u00e1ginas: 72 Tapa:4 Colores - Cartulina 300 grs. - Laminado mate Encuadernaci\u00f3n: Binder \u00a0\u2026","rel":"","context":"Entrada similar","block_context":{"text":"Entrada similar","link":""},"img":{"alt_text":"","src":"https:\/\/i0.wp.com\/libreriaguadalupe.com.ar\/libreria\/wp-content\/uploads\/2026\/04\/1-1.png?fit=960%2C1200&ssl=1&resize=350%2C200","width":350,"height":200,"srcset":"https:\/\/i0.wp.com\/libreriaguadalupe.com.ar\/libreria\/wp-content\/uploads\/2026\/04\/1-1.png?fit=960%2C1200&ssl=1&resize=350%2C200 1x, https:\/\/i0.wp.com\/libreriaguadalupe.com.ar\/libreria\/wp-content\/uploads\/2026\/04\/1-1.png?fit=960%2C1200&ssl=1&resize=525%2C300 1.5x, https:\/\/i0.wp.com\/libreriaguadalupe.com.ar\/libreria\/wp-content\/uploads\/2026\/04\/1-1.png?fit=960%2C1200&ssl=1&resize=700%2C400 2x"},"classes":[]},{"id":17628,"url":"https:\/\/libreriaguadalupe.com.ar\/libreria\/producto\/novena-a-san-ramon-nonato\/","url_meta":{"origin":17633,"position":3},"title":"Novena a San Ram\u00f3n Nonato","author":"admin","date":"31\/10\/2023","format":false,"excerpt":"Patrono de las embarazadas y de las mujeres que desean concebir un hijo Autor: PATRICIA IN\u00c9S GUERRA ISBN: 978-950-500-622-9 Dimensiones: 11 x 17 cm P\u00e1ginas: 64","rel":"","context":"Entrada similar","block_context":{"text":"Entrada similar","link":""},"img":{"alt_text":"","src":"https:\/\/i0.wp.com\/libreriaguadalupe.com.ar\/libreria\/wp-content\/uploads\/2023\/10\/Novena-a-San-Ramon-Nonato-Tapa.png?fit=1039%2C1200&ssl=1&resize=350%2C200","width":350,"height":200,"srcset":"https:\/\/i0.wp.com\/libreriaguadalupe.com.ar\/libreria\/wp-content\/uploads\/2023\/10\/Novena-a-San-Ramon-Nonato-Tapa.png?fit=1039%2C1200&ssl=1&resize=350%2C200 1x, https:\/\/i0.wp.com\/libreriaguadalupe.com.ar\/libreria\/wp-content\/uploads\/2023\/10\/Novena-a-San-Ramon-Nonato-Tapa.png?fit=1039%2C1200&ssl=1&resize=525%2C300 1.5x, https:\/\/i0.wp.com\/libreriaguadalupe.com.ar\/libreria\/wp-content\/uploads\/2023\/10\/Novena-a-San-Ramon-Nonato-Tapa.png?fit=1039%2C1200&ssl=1&resize=700%2C400 2x"},"classes":[]},{"id":14988,"url":"https:\/\/libreriaguadalupe.com.ar\/libreria\/producto\/pasion-y-resurreccion-de-jesus-2\/","url_meta":{"origin":17633,"position":4},"title":"Pasion y Resurreccion de Jesus","author":"admin","date":"07\/02\/2023","format":false,"excerpt":"En este libro ofrecemos a sus lectores la publicaci\u00f3n realizada por la Editorial Guadalupe con motivo de la beatificaci\u00f3n de la m\u00edstica. Estos textos inspiraron la famosa pel\u00edcula de Mel Gibson \"La Pasi\u00f3n\" (2004)","rel":"","context":"Entrada similar","block_context":{"text":"Entrada similar","link":""},"img":{"alt_text":"","src":"https:\/\/i0.wp.com\/libreriaguadalupe.com.ar\/libreria\/wp-content\/uploads\/2023\/03\/Pasion-y-resurreccion-de-Jesus.jpg?fit=370%2C458&ssl=1&resize=350%2C200","width":350,"height":200},"classes":[]},{"id":15883,"url":"https:\/\/libreriaguadalupe.com.ar\/libreria\/producto\/novena-a-maria-guadalupe\/","url_meta":{"origin":17633,"position":5},"title":"Novena a Mar\u00eda Guadalupe","author":"admin","date":"12\/02\/2023","format":false,"excerpt":"Esta Novena quiere acompa\u00f1arlos en la oraci\u00f3n\u00a0en dos festividades importantes AUTOR: OUBI\u00d1A FLAVIA ISBN: 9505008810","rel":"","context":"Entrada similar","block_context":{"text":"Entrada similar","link":""},"img":{"alt_text":"","src":"https:\/\/i0.wp.com\/libreriaguadalupe.com.ar\/libreria\/wp-content\/uploads\/2023\/02\/Novena-Maria-de-Guadalupe-chico.jpg?fit=338%2C500&ssl=1&resize=350%2C200","width":350,"height":200},"classes":[]}],"_links":{"self":[{"href":"https:\/\/libreriaguadalupe.com.ar\/libreria\/wp-json\/wp\/v2\/product\/17633","targetHints":{"allow":["GET"]}}],"collection":[{"href":"https:\/\/libreriaguadalupe.com.ar\/libreria\/wp-json\/wp\/v2\/product"}],"about":[{"href":"https:\/\/libreriaguadalupe.com.ar\/libreria\/wp-json\/wp\/v2\/types\/product"}],"replies":[{"embeddable":true,"href":"https:\/\/libreriaguadalupe.com.ar\/libreria\/wp-json\/wp\/v2\/comments?post=17633"}],"version-history":[{"count":1,"href":"https:\/\/libreriaguadalupe.com.ar\/libreria\/wp-json\/wp\/v2\/product\/17633\/revisions"}],"predecessor-version":[{"id":17636,"href":"https:\/\/libreriaguadalupe.com.ar\/libreria\/wp-json\/wp\/v2\/product\/17633\/revisions\/17636"}],"wp:featuredmedia":[{"embeddable":true,"href":"https:\/\/libreriaguadalupe.com.ar\/libreria\/wp-json\/wp\/v2\/media\/17634"}],"wp:attachment":[{"href":"https:\/\/libreriaguadalupe.com.ar\/libreria\/wp-json\/wp\/v2\/media?parent=17633"}],"wp:term":[{"taxonomy":"product_brand","embeddable":true,"href":"https:\/\/libreriaguadalupe.com.ar\/libreria\/wp-json\/wp\/v2\/product_brand?post=17633"},{"taxonomy":"product_cat","embeddable":true,"href":"https:\/\/libreriaguadalupe.com.ar\/libreria\/wp-json\/wp\/v2\/product_cat?post=17633"},{"taxonomy":"product_tag","embeddable":true,"href":"https:\/\/libreriaguadalupe.com.ar\/libreria\/wp-json\/wp\/v2\/product_tag?post=17633"}],"curies":[{"name":"wp","href":"https:\/\/api.w.org\/{rel}","templated":true}]}}