{"id":17628,"date":"2023-10-31T15:00:43","date_gmt":"2023-10-31T18:00:43","guid":{"rendered":"https:\/\/libreriaguadalupe.com.ar\/libreria\/?post_type=product&#038;p=17628"},"modified":"2026-03-27T01:13:26","modified_gmt":"2026-03-27T04:13:26","slug":"novena-a-san-ramon-nonato","status":"publish","type":"product","link":"https:\/\/libreriaguadalupe.com.ar\/libreria\/producto\/novena-a-san-ramon-nonato\/","title":{"rendered":"Novena a San Ram\u00f3n Nonato"},"content":{"rendered":"<p>Mar\u00eda de la Dulce Espera<\/p>\n<p>Ave Maria, bendice mi esperar, una vida crece dentro de mi vida, y asi como guardaste en tu vientre a Jes\u00fas, resguarda a mi peque\u00f1o con tu luz. Mar\u00eda, dulce espera, Mar\u00eda de la Merced, acompa\u00f1a mi camino y mi ilusi\u00f3n. Y el d\u00eda en que mi ni\u00f1o pueda ver la luz del sol, podr\u00e9 palpar la fuerza de tu amor.<\/p>\n<p>Se pasan los dias, nueva luna y nuevo sol. Nuevo cuerpo y esperanza que acrecientan. Y te pienso, Madre m\u00eda, en tu casa en Nazaret, esperando, como yo, tu primavera.<\/p>\n<p>Ave Maria de la Merced, Se\u00f1ora de la dulce espera, ens\u00e9\u00f1ame a ser madre, madre tierna como vos, recinto de la vida y del amor.<\/p>\n","protected":false},"excerpt":{"rendered":"<p><em><strong>Patrono de las embarazadas y de las mujeres que desean concebir un hijo<\/strong><\/em><\/p>\n<p>Autor: PATRICIA IN\u00c9S GUERRA<strong><br \/>\n<\/strong>ISBN: 978-950-500-622-9<br \/>\nDimensiones: 11 x 17 cm<br \/>\nP\u00e1ginas: 64<\/p>\n","protected":false},"featured_media":17629,"comment_status":"open","ping_status":"closed","template":"","meta":{"jetpack_publicize_message":"","jetpack_publicize_feature_enabled":true,"jetpack_social_post_already_shared":true,"jetpack_social_options":{"image_generator_settings":{"template":"highway","default_image_id":0,"font":"","enabled":false},"version":2}},"product_brand":[],"product_cat":[88,121,150],"product_tag":[127],"class_list":{"0":"post-17628","1":"product","2":"type-product","3":"status-publish","4":"has-post-thumbnail","6":"product_cat-espiritualidad-cultura-social","7":"product_cat-guadalupe","8":"product_cat--especial--","9":"product_tag-editorial-guadalupe-de-argentina","11":"first","12":"instock","13":"shipping-taxable","14":"purchasable","15":"product-type-simple"},"yoast_head":"<!-- This site is optimized with the Yoast SEO plugin v27.3 - https:\/\/yoast.com\/product\/yoast-seo-wordpress\/ -->\n<title>Novena a San Ram\u00f3n Nonato - Editorial Guadalupe de Argentina<\/title>\n<meta name=\"description\" content=\"Mar\u00eda de la Dulce EsperaAve Maria, bendice mi esperar, una vida crece dentro de mi vida, y asi como guardaste en tu vientre a Jes\u00fas, resguarda a mi peque\u00f1o con tu luz. Mar\u00eda, dulce espera, Mar\u00eda de la Merced, acompa\u00f1a mi camino y mi ilusi\u00f3n. Y el d\u00eda en que mi ni\u00f1o pueda ver la luz del sol, podr\u00e9 palpar la fuerza de tu amor.\" \/>\n<meta name=\"robots\" content=\"index, follow, max-snippet:-1, max-image-preview:large, max-video-preview:-1\" \/>\n<link rel=\"canonical\" href=\"https:\/\/libreriaguadalupe.com.ar\/libreria\/producto\/novena-a-san-ramon-nonato\/\" \/>\n<meta property=\"og:locale\" content=\"es_ES\" \/>\n<meta property=\"og:type\" content=\"article\" \/>\n<meta property=\"og:title\" content=\"Novena a San Ram\u00f3n Nonato - Editorial Guadalupe de Argentina\" \/>\n<meta property=\"og:description\" content=\"Mar\u00eda de la Dulce EsperaAve Maria, bendice mi esperar, una vida crece dentro de mi vida, y asi como guardaste en tu vientre a Jes\u00fas, resguarda a mi peque\u00f1o con tu luz. Mar\u00eda, dulce espera, Mar\u00eda de la Merced, acompa\u00f1a mi camino y mi ilusi\u00f3n. Y el d\u00eda en que mi ni\u00f1o pueda ver la luz del sol, podr\u00e9 palpar la fuerza de tu amor.\" \/>\n<meta property=\"og:url\" content=\"https:\/\/libreriaguadalupe.com.ar\/libreria\/producto\/novena-a-san-ramon-nonato\/\" \/>\n<meta property=\"og:site_name\" content=\"Editorial Guadalupe de Argentina\" \/>\n<meta property=\"article:publisher\" content=\"https:\/\/www.facebook.com\/LibreriaGuadalupeAR\/\" \/>\n<meta property=\"article:modified_time\" content=\"2026-03-27T04:13:26+00:00\" \/>\n<meta property=\"og:image\" content=\"https:\/\/libreriaguadalupe.com.ar\/libreria\/wp-content\/uploads\/2023\/10\/Novena-a-San-Ramon-Nonato-Tapa.png\" \/>\n\t<meta property=\"og:image:width\" content=\"1108\" \/>\n\t<meta property=\"og:image:height\" content=\"1280\" \/>\n\t<meta property=\"og:image:type\" content=\"image\/png\" \/>\n<meta name=\"twitter:card\" content=\"summary_large_image\" \/>\n<meta name=\"twitter:label1\" content=\"Tiempo de lectura\" \/>\n\t<meta name=\"twitter:data1\" content=\"1 minuto\" \/>\n<script type=\"application\/ld+json\" class=\"yoast-schema-graph\">{\"@context\":\"https:\\\/\\\/schema.org\",\"@graph\":[{\"@type\":\"WebPage\",\"@id\":\"https:\\\/\\\/libreriaguadalupe.com.ar\\\/libreria\\\/producto\\\/novena-a-san-ramon-nonato\\\/\",\"url\":\"https:\\\/\\\/libreriaguadalupe.com.ar\\\/libreria\\\/producto\\\/novena-a-san-ramon-nonato\\\/\",\"name\":\"Novena a San Ram\u00f3n Nonato - Editorial Guadalupe de Argentina\",\"isPartOf\":{\"@id\":\"https:\\\/\\\/libreriaguadalupe.com.ar\\\/libreria\\\/#website\"},\"primaryImageOfPage\":{\"@id\":\"https:\\\/\\\/libreriaguadalupe.com.ar\\\/libreria\\\/producto\\\/novena-a-san-ramon-nonato\\\/#primaryimage\"},\"image\":{\"@id\":\"https:\\\/\\\/libreriaguadalupe.com.ar\\\/libreria\\\/producto\\\/novena-a-san-ramon-nonato\\\/#primaryimage\"},\"thumbnailUrl\":\"https:\\\/\\\/i0.wp.com\\\/libreriaguadalupe.com.ar\\\/libreria\\\/wp-content\\\/uploads\\\/2023\\\/10\\\/Novena-a-San-Ramon-Nonato-Tapa.png?fit=1108%2C1280&ssl=1\",\"datePublished\":\"2023-10-31T18:00:43+00:00\",\"dateModified\":\"2026-03-27T04:13:26+00:00\",\"description\":\"Mar\u00eda de la Dulce EsperaAve Maria, bendice mi esperar, una vida crece dentro de mi vida, y asi como guardaste en tu vientre a Jes\u00fas, resguarda a mi peque\u00f1o con tu luz. Mar\u00eda, dulce espera, Mar\u00eda de la Merced, acompa\u00f1a mi camino y mi ilusi\u00f3n. Y el d\u00eda en que mi ni\u00f1o pueda ver la luz del sol, podr\u00e9 palpar la fuerza de tu amor.\",\"breadcrumb\":{\"@id\":\"https:\\\/\\\/libreriaguadalupe.com.ar\\\/libreria\\\/producto\\\/novena-a-san-ramon-nonato\\\/#breadcrumb\"},\"inLanguage\":\"es\",\"potentialAction\":[{\"@type\":\"ReadAction\",\"target\":[\"https:\\\/\\\/libreriaguadalupe.com.ar\\\/libreria\\\/producto\\\/novena-a-san-ramon-nonato\\\/\"]}]},{\"@type\":\"ImageObject\",\"inLanguage\":\"es\",\"@id\":\"https:\\\/\\\/libreriaguadalupe.com.ar\\\/libreria\\\/producto\\\/novena-a-san-ramon-nonato\\\/#primaryimage\",\"url\":\"https:\\\/\\\/i0.wp.com\\\/libreriaguadalupe.com.ar\\\/libreria\\\/wp-content\\\/uploads\\\/2023\\\/10\\\/Novena-a-San-Ramon-Nonato-Tapa.png?fit=1108%2C1280&ssl=1\",\"contentUrl\":\"https:\\\/\\\/i0.wp.com\\\/libreriaguadalupe.com.ar\\\/libreria\\\/wp-content\\\/uploads\\\/2023\\\/10\\\/Novena-a-San-Ramon-Nonato-Tapa.png?fit=1108%2C1280&ssl=1\",\"width\":1108,\"height\":1280},{\"@type\":\"BreadcrumbList\",\"@id\":\"https:\\\/\\\/libreriaguadalupe.com.ar\\\/libreria\\\/producto\\\/novena-a-san-ramon-nonato\\\/#breadcrumb\",\"itemListElement\":[{\"@type\":\"ListItem\",\"position\":1,\"name\":\"Portada\",\"item\":\"https:\\\/\\\/libreriaguadalupe.com.ar\\\/libreria\\\/\"},{\"@type\":\"ListItem\",\"position\":2,\"name\":\"Tienda\",\"item\":\"https:\\\/\\\/libreriaguadalupe.com.ar\\\/libreria\\\/\"},{\"@type\":\"ListItem\",\"position\":3,\"name\":\"Novena a San Ram\u00f3n Nonato\"}]},{\"@type\":\"WebSite\",\"@id\":\"https:\\\/\\\/libreriaguadalupe.com.ar\\\/libreria\\\/#website\",\"url\":\"https:\\\/\\\/libreriaguadalupe.com.ar\\\/libreria\\\/\",\"name\":\"Editorial Guadalupe de Argentina\",\"description\":\"Congregaci\u00f3n del Verbo Divino\",\"publisher\":{\"@id\":\"https:\\\/\\\/libreriaguadalupe.com.ar\\\/libreria\\\/#organization\"},\"alternateName\":\"Librer\u00eda Guadalupe\",\"potentialAction\":[{\"@type\":\"SearchAction\",\"target\":{\"@type\":\"EntryPoint\",\"urlTemplate\":\"https:\\\/\\\/libreriaguadalupe.com.ar\\\/libreria\\\/?s={search_term_string}\"},\"query-input\":{\"@type\":\"PropertyValueSpecification\",\"valueRequired\":true,\"valueName\":\"search_term_string\"}}],\"inLanguage\":\"es\"},{\"@type\":\"Organization\",\"@id\":\"https:\\\/\\\/libreriaguadalupe.com.ar\\\/libreria\\\/#organization\",\"name\":\"Editorial Guadalupe\",\"alternateName\":\"Librer\u00eda Guadalupe\",\"url\":\"https:\\\/\\\/libreriaguadalupe.com.ar\\\/libreria\\\/\",\"logo\":{\"@type\":\"ImageObject\",\"inLanguage\":\"es\",\"@id\":\"https:\\\/\\\/libreriaguadalupe.com.ar\\\/libreria\\\/#\\\/schema\\\/logo\\\/image\\\/\",\"url\":\"https:\\\/\\\/i0.wp.com\\\/libreriaguadalupe.com.ar\\\/libreria\\\/wp-content\\\/uploads\\\/2023\\\/01\\\/cropped-logo-editorial-guadalupe.webp?fit=500%2C100&ssl=1\",\"contentUrl\":\"https:\\\/\\\/i0.wp.com\\\/libreriaguadalupe.com.ar\\\/libreria\\\/wp-content\\\/uploads\\\/2023\\\/01\\\/cropped-logo-editorial-guadalupe.webp?fit=500%2C100&ssl=1\",\"width\":500,\"height\":100,\"caption\":\"Editorial Guadalupe\"},\"image\":{\"@id\":\"https:\\\/\\\/libreriaguadalupe.com.ar\\\/libreria\\\/#\\\/schema\\\/logo\\\/image\\\/\"},\"sameAs\":[\"https:\\\/\\\/www.facebook.com\\\/LibreriaGuadalupeAR\\\/\",\"https:\\\/\\\/www.instagram.com\\\/editorialguadalupe\\\/\",\"https:\\\/\\\/guadalupeeditorial.mercadoshops.com.ar\\\/\"]}]}<\/script>\n<!-- \/ Yoast SEO plugin. -->","yoast_head_json":{"title":"Novena a San Ram\u00f3n Nonato - Editorial Guadalupe de Argentina","description":"Mar\u00eda de la Dulce EsperaAve Maria, bendice mi esperar, una vida crece dentro de mi vida, y asi como guardaste en tu vientre a Jes\u00fas, resguarda a mi peque\u00f1o con tu luz. Mar\u00eda, dulce espera, Mar\u00eda de la Merced, acompa\u00f1a mi camino y mi ilusi\u00f3n. Y el d\u00eda en que mi ni\u00f1o pueda ver la luz del sol, podr\u00e9 palpar la fuerza de tu amor.","robots":{"index":"index","follow":"follow","max-snippet":"max-snippet:-1","max-image-preview":"max-image-preview:large","max-video-preview":"max-video-preview:-1"},"canonical":"https:\/\/libreriaguadalupe.com.ar\/libreria\/producto\/novena-a-san-ramon-nonato\/","og_locale":"es_ES","og_type":"article","og_title":"Novena a San Ram\u00f3n Nonato - Editorial Guadalupe de Argentina","og_description":"Mar\u00eda de la Dulce EsperaAve Maria, bendice mi esperar, una vida crece dentro de mi vida, y asi como guardaste en tu vientre a Jes\u00fas, resguarda a mi peque\u00f1o con tu luz. Mar\u00eda, dulce espera, Mar\u00eda de la Merced, acompa\u00f1a mi camino y mi ilusi\u00f3n. Y el d\u00eda en que mi ni\u00f1o pueda ver la luz del sol, podr\u00e9 palpar la fuerza de tu amor.","og_url":"https:\/\/libreriaguadalupe.com.ar\/libreria\/producto\/novena-a-san-ramon-nonato\/","og_site_name":"Editorial Guadalupe de Argentina","article_publisher":"https:\/\/www.facebook.com\/LibreriaGuadalupeAR\/","article_modified_time":"2026-03-27T04:13:26+00:00","og_image":[{"width":1108,"height":1280,"url":"https:\/\/libreriaguadalupe.com.ar\/libreria\/wp-content\/uploads\/2023\/10\/Novena-a-San-Ramon-Nonato-Tapa.png","type":"image\/png"}],"twitter_card":"summary_large_image","twitter_misc":{"Tiempo de lectura":"1 minuto"},"schema":{"@context":"https:\/\/schema.org","@graph":[{"@type":"WebPage","@id":"https:\/\/libreriaguadalupe.com.ar\/libreria\/producto\/novena-a-san-ramon-nonato\/","url":"https:\/\/libreriaguadalupe.com.ar\/libreria\/producto\/novena-a-san-ramon-nonato\/","name":"Novena a San Ram\u00f3n Nonato - Editorial Guadalupe de Argentina","isPartOf":{"@id":"https:\/\/libreriaguadalupe.com.ar\/libreria\/#website"},"primaryImageOfPage":{"@id":"https:\/\/libreriaguadalupe.com.ar\/libreria\/producto\/novena-a-san-ramon-nonato\/#primaryimage"},"image":{"@id":"https:\/\/libreriaguadalupe.com.ar\/libreria\/producto\/novena-a-san-ramon-nonato\/#primaryimage"},"thumbnailUrl":"https:\/\/i0.wp.com\/libreriaguadalupe.com.ar\/libreria\/wp-content\/uploads\/2023\/10\/Novena-a-San-Ramon-Nonato-Tapa.png?fit=1108%2C1280&ssl=1","datePublished":"2023-10-31T18:00:43+00:00","dateModified":"2026-03-27T04:13:26+00:00","description":"Mar\u00eda de la Dulce EsperaAve Maria, bendice mi esperar, una vida crece dentro de mi vida, y asi como guardaste en tu vientre a Jes\u00fas, resguarda a mi peque\u00f1o con tu luz. Mar\u00eda, dulce espera, Mar\u00eda de la Merced, acompa\u00f1a mi camino y mi ilusi\u00f3n. Y el d\u00eda en que mi ni\u00f1o pueda ver la luz del sol, podr\u00e9 palpar la fuerza de tu amor.","breadcrumb":{"@id":"https:\/\/libreriaguadalupe.com.ar\/libreria\/producto\/novena-a-san-ramon-nonato\/#breadcrumb"},"inLanguage":"es","potentialAction":[{"@type":"ReadAction","target":["https:\/\/libreriaguadalupe.com.ar\/libreria\/producto\/novena-a-san-ramon-nonato\/"]}]},{"@type":"ImageObject","inLanguage":"es","@id":"https:\/\/libreriaguadalupe.com.ar\/libreria\/producto\/novena-a-san-ramon-nonato\/#primaryimage","url":"https:\/\/i0.wp.com\/libreriaguadalupe.com.ar\/libreria\/wp-content\/uploads\/2023\/10\/Novena-a-San-Ramon-Nonato-Tapa.png?fit=1108%2C1280&ssl=1","contentUrl":"https:\/\/i0.wp.com\/libreriaguadalupe.com.ar\/libreria\/wp-content\/uploads\/2023\/10\/Novena-a-San-Ramon-Nonato-Tapa.png?fit=1108%2C1280&ssl=1","width":1108,"height":1280},{"@type":"BreadcrumbList","@id":"https:\/\/libreriaguadalupe.com.ar\/libreria\/producto\/novena-a-san-ramon-nonato\/#breadcrumb","itemListElement":[{"@type":"ListItem","position":1,"name":"Portada","item":"https:\/\/libreriaguadalupe.com.ar\/libreria\/"},{"@type":"ListItem","position":2,"name":"Tienda","item":"https:\/\/libreriaguadalupe.com.ar\/libreria\/"},{"@type":"ListItem","position":3,"name":"Novena a San Ram\u00f3n Nonato"}]},{"@type":"WebSite","@id":"https:\/\/libreriaguadalupe.com.ar\/libreria\/#website","url":"https:\/\/libreriaguadalupe.com.ar\/libreria\/","name":"Editorial Guadalupe de Argentina","description":"Congregaci\u00f3n del Verbo Divino","publisher":{"@id":"https:\/\/libreriaguadalupe.com.ar\/libreria\/#organization"},"alternateName":"Librer\u00eda Guadalupe","potentialAction":[{"@type":"SearchAction","target":{"@type":"EntryPoint","urlTemplate":"https:\/\/libreriaguadalupe.com.ar\/libreria\/?s={search_term_string}"},"query-input":{"@type":"PropertyValueSpecification","valueRequired":true,"valueName":"search_term_string"}}],"inLanguage":"es"},{"@type":"Organization","@id":"https:\/\/libreriaguadalupe.com.ar\/libreria\/#organization","name":"Editorial Guadalupe","alternateName":"Librer\u00eda Guadalupe","url":"https:\/\/libreriaguadalupe.com.ar\/libreria\/","logo":{"@type":"ImageObject","inLanguage":"es","@id":"https:\/\/libreriaguadalupe.com.ar\/libreria\/#\/schema\/logo\/image\/","url":"https:\/\/i0.wp.com\/libreriaguadalupe.com.ar\/libreria\/wp-content\/uploads\/2023\/01\/cropped-logo-editorial-guadalupe.webp?fit=500%2C100&ssl=1","contentUrl":"https:\/\/i0.wp.com\/libreriaguadalupe.com.ar\/libreria\/wp-content\/uploads\/2023\/01\/cropped-logo-editorial-guadalupe.webp?fit=500%2C100&ssl=1","width":500,"height":100,"caption":"Editorial Guadalupe"},"image":{"@id":"https:\/\/libreriaguadalupe.com.ar\/libreria\/#\/schema\/logo\/image\/"},"sameAs":["https:\/\/www.facebook.com\/LibreriaGuadalupeAR\/","https:\/\/www.instagram.com\/editorialguadalupe\/","https:\/\/guadalupeeditorial.mercadoshops.com.ar\/"]}]}},"jetpack_publicize_connections":[],"jetpack_sharing_enabled":true,"jetpack-related-posts":[{"id":17746,"url":"https:\/\/libreriaguadalupe.com.ar\/libreria\/producto\/cardenal-pironio\/","url_meta":{"origin":17628,"position":0},"title":"Cardenal Pironio","author":"admin","date":"07\/12\/2023","format":false,"excerpt":"Un regalo de Dios a la Iglesia Autor: JOS\u00c9 LUIS GERLERO ISBN: 978-950-500-515-4 Dimensiones: 16 x 23 cm P\u00e1ginas: 128","rel":"","context":"Entrada similar","block_context":{"text":"Entrada similar","link":""},"img":{"alt_text":"Cardenal Pironio","src":"https:\/\/i0.wp.com\/libreriaguadalupe.com.ar\/libreria\/wp-content\/uploads\/2023\/12\/Cardenal-Pironio-Tapa-scaled.jpg?fit=820%2C1200&ssl=1&resize=350%2C200","width":350,"height":200,"srcset":"https:\/\/i0.wp.com\/libreriaguadalupe.com.ar\/libreria\/wp-content\/uploads\/2023\/12\/Cardenal-Pironio-Tapa-scaled.jpg?fit=820%2C1200&ssl=1&resize=350%2C200 1x, https:\/\/i0.wp.com\/libreriaguadalupe.com.ar\/libreria\/wp-content\/uploads\/2023\/12\/Cardenal-Pironio-Tapa-scaled.jpg?fit=820%2C1200&ssl=1&resize=525%2C300 1.5x, https:\/\/i0.wp.com\/libreriaguadalupe.com.ar\/libreria\/wp-content\/uploads\/2023\/12\/Cardenal-Pironio-Tapa-scaled.jpg?fit=820%2C1200&ssl=1&resize=700%2C400 2x"},"classes":[]},{"id":14728,"url":"https:\/\/libreriaguadalupe.com.ar\/libreria\/producto\/de-amar-la-sabiduria-a-creer-y-esperar-en-la-sabiduria-del-amor-2\/","url_meta":{"origin":17628,"position":1},"title":"De amar la sabiduria a creer y esperar en la sabiduria del Amor","author":"admin","date":"07\/02\/2023","format":false,"excerpt":"ISBN: 9505006564 Autor: GALLI CARLOS MARIA","rel":"","context":"Entrada similar","block_context":{"text":"Entrada similar","link":""},"img":{"alt_text":"","src":"https:\/\/i0.wp.com\/libreriaguadalupe.com.ar\/libreria\/wp-content\/uploads\/2023\/02\/De-amar-la-sabiduria-a-creer-y-esperar-1.webp?fit=458%2C458&ssl=1&resize=350%2C200","width":350,"height":200},"classes":[]},{"id":18281,"url":"https:\/\/libreriaguadalupe.com.ar\/libreria\/producto\/pies-descalzos-monte-adentro\/","url_meta":{"origin":17628,"position":2},"title":"Pies descalzos monte adentro","author":"admin","date":"04\/09\/2024","format":false,"excerpt":"Una experiencia misionera Autor: LISBETH ACETUN ISBN: 978 950 500 936 7 Dimensiones: 14 x 20 cm P\u00e1ginas: 48","rel":"","context":"Entrada similar","block_context":{"text":"Entrada similar","link":""},"img":{"alt_text":"","src":"https:\/\/i0.wp.com\/libreriaguadalupe.com.ar\/libreria\/wp-content\/uploads\/2024\/09\/NOVEDAD-TIENDA-SEPTIEMBRE.jpg?fit=470%2C470&ssl=1&resize=350%2C200","width":350,"height":200},"classes":[]},{"id":19084,"url":"https:\/\/libreriaguadalupe.com.ar\/libreria\/producto\/llamados-a-vivir-en-plenitud\/","url_meta":{"origin":17628,"position":3},"title":"\u00abLlamados a vivir en plenitud\u00bb","author":"Mariano Zuqui","date":"24\/09\/2025","format":false,"excerpt":"Autor: Mar\u00eda In\u00e9s Castro - Irene Rosa Klein T\u00edtulo: \u201cLlamados a Vivir en Plenitud\" ISBN:978-950-500-965-7 Formato: 15,5 (ancho) x 22,5 (alto) cms. Interior: 1\/1 color Papel: Bookcel 80 grs. N\u00ba de P\u00e1ginas: 200 Tapa:4 Colores - Cartulina - Laminado mate Encuadernaci\u00f3n: Binder \u00a0 \u00a0","rel":"","context":"Entrada similar","block_context":{"text":"Entrada similar","link":""},"img":{"alt_text":"","src":"https:\/\/i0.wp.com\/libreriaguadalupe.com.ar\/libreria\/wp-content\/uploads\/2025\/09\/1-4.png?fit=960%2C1200&ssl=1&resize=350%2C200","width":350,"height":200,"srcset":"https:\/\/i0.wp.com\/libreriaguadalupe.com.ar\/libreria\/wp-content\/uploads\/2025\/09\/1-4.png?fit=960%2C1200&ssl=1&resize=350%2C200 1x, https:\/\/i0.wp.com\/libreriaguadalupe.com.ar\/libreria\/wp-content\/uploads\/2025\/09\/1-4.png?fit=960%2C1200&ssl=1&resize=525%2C300 1.5x, https:\/\/i0.wp.com\/libreriaguadalupe.com.ar\/libreria\/wp-content\/uploads\/2025\/09\/1-4.png?fit=960%2C1200&ssl=1&resize=700%2C400 2x"},"classes":[]},{"id":18404,"url":"https:\/\/libreriaguadalupe.com.ar\/libreria\/producto\/calendario-liturgico-2025\/","url_meta":{"origin":17628,"position":4},"title":"Calendario Lit\u00fargico 2025","author":"admin","date":"06\/11\/2024","format":false,"excerpt":"Autor: Conferencia Episcopal Argentina ISBN: 978 987 511 323 7 Dimensiones: 14 x 20 cm P\u00e1ginas: 222","rel":"","context":"Entrada similar","block_context":{"text":"Entrada similar","link":""},"img":{"alt_text":"","src":"https:\/\/i0.wp.com\/libreriaguadalupe.com.ar\/libreria\/wp-content\/uploads\/2024\/11\/Calendario-Liturgico-2025-CEA-Tapa.png?fit=890%2C1200&ssl=1&resize=350%2C200","width":350,"height":200,"srcset":"https:\/\/i0.wp.com\/libreriaguadalupe.com.ar\/libreria\/wp-content\/uploads\/2024\/11\/Calendario-Liturgico-2025-CEA-Tapa.png?fit=890%2C1200&ssl=1&resize=350%2C200 1x, https:\/\/i0.wp.com\/libreriaguadalupe.com.ar\/libreria\/wp-content\/uploads\/2024\/11\/Calendario-Liturgico-2025-CEA-Tapa.png?fit=890%2C1200&ssl=1&resize=525%2C300 1.5x, https:\/\/i0.wp.com\/libreriaguadalupe.com.ar\/libreria\/wp-content\/uploads\/2024\/11\/Calendario-Liturgico-2025-CEA-Tapa.png?fit=890%2C1200&ssl=1&resize=700%2C400 2x"},"classes":[]},{"id":17548,"url":"https:\/\/libreriaguadalupe.com.ar\/libreria\/producto\/es-el-senor-rosario-biblico\/","url_meta":{"origin":17628,"position":5},"title":"\u00a1ES EL SE\u00d1OR! Rosario B\u00edblico","author":"admin","date":"12\/10\/2023","format":false,"excerpt":"\u00a0 Autor: AUGUSTO JOS\u00c9 ISBN: 978-950-500-907-7 Dimensiones: 11 x 17 cm P\u00e1ginas: 38","rel":"","context":"Entrada similar","block_context":{"text":"Entrada similar","link":""},"img":{"alt_text":"","src":"https:\/\/i0.wp.com\/libreriaguadalupe.com.ar\/libreria\/wp-content\/uploads\/2023\/10\/MES-DE-LA-BIBLIA-2024-guada3.jpg?fit=470%2C470&ssl=1&resize=350%2C200","width":350,"height":200},"classes":[]}],"_links":{"self":[{"href":"https:\/\/libreriaguadalupe.com.ar\/libreria\/wp-json\/wp\/v2\/product\/17628","targetHints":{"allow":["GET"]}}],"collection":[{"href":"https:\/\/libreriaguadalupe.com.ar\/libreria\/wp-json\/wp\/v2\/product"}],"about":[{"href":"https:\/\/libreriaguadalupe.com.ar\/libreria\/wp-json\/wp\/v2\/types\/product"}],"replies":[{"embeddable":true,"href":"https:\/\/libreriaguadalupe.com.ar\/libreria\/wp-json\/wp\/v2\/comments?post=17628"}],"version-history":[{"count":1,"href":"https:\/\/libreriaguadalupe.com.ar\/libreria\/wp-json\/wp\/v2\/product\/17628\/revisions"}],"predecessor-version":[{"id":17631,"href":"https:\/\/libreriaguadalupe.com.ar\/libreria\/wp-json\/wp\/v2\/product\/17628\/revisions\/17631"}],"wp:featuredmedia":[{"embeddable":true,"href":"https:\/\/libreriaguadalupe.com.ar\/libreria\/wp-json\/wp\/v2\/media\/17629"}],"wp:attachment":[{"href":"https:\/\/libreriaguadalupe.com.ar\/libreria\/wp-json\/wp\/v2\/media?parent=17628"}],"wp:term":[{"taxonomy":"product_brand","embeddable":true,"href":"https:\/\/libreriaguadalupe.com.ar\/libreria\/wp-json\/wp\/v2\/product_brand?post=17628"},{"taxonomy":"product_cat","embeddable":true,"href":"https:\/\/libreriaguadalupe.com.ar\/libreria\/wp-json\/wp\/v2\/product_cat?post=17628"},{"taxonomy":"product_tag","embeddable":true,"href":"https:\/\/libreriaguadalupe.com.ar\/libreria\/wp-json\/wp\/v2\/product_tag?post=17628"}],"curies":[{"name":"wp","href":"https:\/\/api.w.org\/{rel}","templated":true}]}}