{"id":17560,"date":"2023-10-20T19:27:32","date_gmt":"2023-10-20T22:27:32","guid":{"rendered":"https:\/\/libreriaguadalupe.com.ar\/libreria\/?post_type=product&#038;p=17560"},"modified":"2025-05-06T00:36:36","modified_gmt":"2025-05-06T03:36:36","slug":"la-oracion-comunitaria","status":"publish","type":"product","link":"https:\/\/libreriaguadalupe.com.ar\/libreria\/producto\/la-oracion-comunitaria\/","title":{"rendered":"La oraci\u00f3n comunitaria"},"content":{"rendered":"<p>\u201cEste libro es fruto en buena medida de la experiencia de un grupo de oraci\u00f3n que se inici\u00f3 all\u00e1 por octubre de 2021. Est\u00e1 pensado para quienes tengan la experiencia, o quieran tenerla, de una oraci\u00f3n grupal de libre expresi\u00f3n o propiamente carism\u00e1tica. En particular, puede resultar de ayuda para los que tengan la delicada misi\u00f3n de coordinar un grupo con las caracter\u00edsticas mencionadas.<br \/>\nSi te interesa crecer no s\u00f3lo en la oraci\u00f3n personal sino tambi\u00e9n en la oraci\u00f3n comunitaria, hago votos para que este sencillo libro te sea de provecho\u201d<\/p>\n","protected":false},"excerpt":{"rendered":"<p>Se\u00f1or, ens\u00e9\u00f1anos a orar Lucas 11, 1<\/p>\n<p>&nbsp;<\/p>\n<p>Autor: JORGE ARRIZABALAGA<strong><br \/>\n<\/strong>ISBN: 978-950-500-909-1<br \/>\nDimensiones: 15 x 22 cm<br \/>\nP\u00e1ginas: 104<\/p>\n","protected":false},"featured_media":17564,"comment_status":"open","ping_status":"closed","template":"","meta":{"jetpack_publicize_message":"","jetpack_publicize_feature_enabled":true,"jetpack_social_post_already_shared":true,"jetpack_social_options":{"image_generator_settings":{"template":"highway","default_image_id":0,"font":"","enabled":false},"version":2}},"product_brand":[],"product_cat":[125,73,121],"product_tag":[127],"class_list":{"0":"post-17560","1":"product","2":"type-product","3":"status-publish","4":"has-post-thumbnail","6":"product_cat-novedades","7":"product_cat-catequesis-y-educacion-en-la-fe","8":"product_cat-guadalupe","9":"product_tag-editorial-guadalupe-de-argentina","11":"first","12":"instock","13":"shipping-taxable","14":"purchasable","15":"product-type-simple"},"yoast_head":"<!-- This site is optimized with the Yoast SEO plugin v27.4 - https:\/\/yoast.com\/product\/yoast-seo-wordpress\/ -->\n<title>La oraci\u00f3n comunitaria - Editorial Guadalupe de Argentina<\/title>\n<meta name=\"description\" content=\"Este libro es fruto en buena medida de la experiencia de un grupo de oraci\u00f3n que se inici\u00f3 all\u00e1 por octubre de 2021. Est\u00e1 pensado para quienes tengan la experiencia, o quieran tenerla, de una oraci\u00f3n grupal de libre expresi\u00f3n o propiamente carism\u00e1tica.\" \/>\n<meta name=\"robots\" content=\"index, follow, max-snippet:-1, max-image-preview:large, max-video-preview:-1\" \/>\n<link rel=\"canonical\" href=\"https:\/\/libreriaguadalupe.com.ar\/libreria\/producto\/la-oracion-comunitaria\/\" \/>\n<meta property=\"og:locale\" content=\"es_ES\" \/>\n<meta property=\"og:type\" content=\"article\" \/>\n<meta property=\"og:title\" content=\"La oraci\u00f3n comunitaria - Editorial Guadalupe de Argentina\" \/>\n<meta property=\"og:description\" content=\"Este libro es fruto en buena medida de la experiencia de un grupo de oraci\u00f3n que se inici\u00f3 all\u00e1 por octubre de 2021. Est\u00e1 pensado para quienes tengan la experiencia, o quieran tenerla, de una oraci\u00f3n grupal de libre expresi\u00f3n o propiamente carism\u00e1tica.\" \/>\n<meta property=\"og:url\" content=\"https:\/\/libreriaguadalupe.com.ar\/libreria\/producto\/la-oracion-comunitaria\/\" \/>\n<meta property=\"og:site_name\" content=\"Editorial Guadalupe de Argentina\" \/>\n<meta property=\"article:publisher\" content=\"https:\/\/www.facebook.com\/LibreriaGuadalupeAR\/\" \/>\n<meta property=\"article:modified_time\" content=\"2025-05-06T03:36:36+00:00\" \/>\n<meta property=\"og:image\" content=\"https:\/\/libreriaguadalupe.com.ar\/libreria\/wp-content\/uploads\/2023\/10\/La-oracion-comunitaria.png\" \/>\n\t<meta property=\"og:image:width\" content=\"470\" \/>\n\t<meta property=\"og:image:height\" content=\"712\" \/>\n\t<meta property=\"og:image:type\" content=\"image\/png\" \/>\n<meta name=\"twitter:card\" content=\"summary_large_image\" \/>\n<meta name=\"twitter:label1\" content=\"Tiempo de lectura\" \/>\n\t<meta name=\"twitter:data1\" content=\"1 minuto\" \/>\n<script type=\"application\/ld+json\" class=\"yoast-schema-graph\">{\"@context\":\"https:\\\/\\\/schema.org\",\"@graph\":[{\"@type\":\"WebPage\",\"@id\":\"https:\\\/\\\/libreriaguadalupe.com.ar\\\/libreria\\\/producto\\\/la-oracion-comunitaria\\\/\",\"url\":\"https:\\\/\\\/libreriaguadalupe.com.ar\\\/libreria\\\/producto\\\/la-oracion-comunitaria\\\/\",\"name\":\"La oraci\u00f3n comunitaria - Editorial Guadalupe de Argentina\",\"isPartOf\":{\"@id\":\"https:\\\/\\\/libreriaguadalupe.com.ar\\\/libreria\\\/#website\"},\"primaryImageOfPage\":{\"@id\":\"https:\\\/\\\/libreriaguadalupe.com.ar\\\/libreria\\\/producto\\\/la-oracion-comunitaria\\\/#primaryimage\"},\"image\":{\"@id\":\"https:\\\/\\\/libreriaguadalupe.com.ar\\\/libreria\\\/producto\\\/la-oracion-comunitaria\\\/#primaryimage\"},\"thumbnailUrl\":\"https:\\\/\\\/i0.wp.com\\\/libreriaguadalupe.com.ar\\\/libreria\\\/wp-content\\\/uploads\\\/2023\\\/10\\\/La-oracion-comunitaria.png?fit=470%2C712&ssl=1\",\"datePublished\":\"2023-10-20T22:27:32+00:00\",\"dateModified\":\"2025-05-06T03:36:36+00:00\",\"description\":\"Este libro es fruto en buena medida de la experiencia de un grupo de oraci\u00f3n que se inici\u00f3 all\u00e1 por octubre de 2021. Est\u00e1 pensado para quienes tengan la experiencia, o quieran tenerla, de una oraci\u00f3n grupal de libre expresi\u00f3n o propiamente carism\u00e1tica.\",\"breadcrumb\":{\"@id\":\"https:\\\/\\\/libreriaguadalupe.com.ar\\\/libreria\\\/producto\\\/la-oracion-comunitaria\\\/#breadcrumb\"},\"inLanguage\":\"es\",\"potentialAction\":[{\"@type\":\"ReadAction\",\"target\":[\"https:\\\/\\\/libreriaguadalupe.com.ar\\\/libreria\\\/producto\\\/la-oracion-comunitaria\\\/\"]}]},{\"@type\":\"ImageObject\",\"inLanguage\":\"es\",\"@id\":\"https:\\\/\\\/libreriaguadalupe.com.ar\\\/libreria\\\/producto\\\/la-oracion-comunitaria\\\/#primaryimage\",\"url\":\"https:\\\/\\\/i0.wp.com\\\/libreriaguadalupe.com.ar\\\/libreria\\\/wp-content\\\/uploads\\\/2023\\\/10\\\/La-oracion-comunitaria.png?fit=470%2C712&ssl=1\",\"contentUrl\":\"https:\\\/\\\/i0.wp.com\\\/libreriaguadalupe.com.ar\\\/libreria\\\/wp-content\\\/uploads\\\/2023\\\/10\\\/La-oracion-comunitaria.png?fit=470%2C712&ssl=1\",\"width\":470,\"height\":712},{\"@type\":\"BreadcrumbList\",\"@id\":\"https:\\\/\\\/libreriaguadalupe.com.ar\\\/libreria\\\/producto\\\/la-oracion-comunitaria\\\/#breadcrumb\",\"itemListElement\":[{\"@type\":\"ListItem\",\"position\":1,\"name\":\"Portada\",\"item\":\"https:\\\/\\\/libreriaguadalupe.com.ar\\\/libreria\\\/\"},{\"@type\":\"ListItem\",\"position\":2,\"name\":\"Tienda\",\"item\":\"https:\\\/\\\/libreriaguadalupe.com.ar\\\/libreria\\\/\"},{\"@type\":\"ListItem\",\"position\":3,\"name\":\"La oraci\u00f3n comunitaria\"}]},{\"@type\":\"WebSite\",\"@id\":\"https:\\\/\\\/libreriaguadalupe.com.ar\\\/libreria\\\/#website\",\"url\":\"https:\\\/\\\/libreriaguadalupe.com.ar\\\/libreria\\\/\",\"name\":\"Editorial Guadalupe de Argentina\",\"description\":\"Congregaci\u00f3n del Verbo Divino\",\"publisher\":{\"@id\":\"https:\\\/\\\/libreriaguadalupe.com.ar\\\/libreria\\\/#organization\"},\"alternateName\":\"Librer\u00eda Guadalupe\",\"potentialAction\":[{\"@type\":\"SearchAction\",\"target\":{\"@type\":\"EntryPoint\",\"urlTemplate\":\"https:\\\/\\\/libreriaguadalupe.com.ar\\\/libreria\\\/?s={search_term_string}\"},\"query-input\":{\"@type\":\"PropertyValueSpecification\",\"valueRequired\":true,\"valueName\":\"search_term_string\"}}],\"inLanguage\":\"es\"},{\"@type\":\"Organization\",\"@id\":\"https:\\\/\\\/libreriaguadalupe.com.ar\\\/libreria\\\/#organization\",\"name\":\"Editorial Guadalupe\",\"alternateName\":\"Librer\u00eda Guadalupe\",\"url\":\"https:\\\/\\\/libreriaguadalupe.com.ar\\\/libreria\\\/\",\"logo\":{\"@type\":\"ImageObject\",\"inLanguage\":\"es\",\"@id\":\"https:\\\/\\\/libreriaguadalupe.com.ar\\\/libreria\\\/#\\\/schema\\\/logo\\\/image\\\/\",\"url\":\"https:\\\/\\\/i0.wp.com\\\/libreriaguadalupe.com.ar\\\/libreria\\\/wp-content\\\/uploads\\\/2023\\\/01\\\/cropped-logo-editorial-guadalupe.webp?fit=500%2C100&ssl=1\",\"contentUrl\":\"https:\\\/\\\/i0.wp.com\\\/libreriaguadalupe.com.ar\\\/libreria\\\/wp-content\\\/uploads\\\/2023\\\/01\\\/cropped-logo-editorial-guadalupe.webp?fit=500%2C100&ssl=1\",\"width\":500,\"height\":100,\"caption\":\"Editorial Guadalupe\"},\"image\":{\"@id\":\"https:\\\/\\\/libreriaguadalupe.com.ar\\\/libreria\\\/#\\\/schema\\\/logo\\\/image\\\/\"},\"sameAs\":[\"https:\\\/\\\/www.facebook.com\\\/LibreriaGuadalupeAR\\\/\",\"https:\\\/\\\/www.instagram.com\\\/editorialguadalupe\\\/\",\"https:\\\/\\\/guadalupeeditorial.mercadoshops.com.ar\\\/\"]}]}<\/script>\n<!-- \/ Yoast SEO plugin. -->","yoast_head_json":{"title":"La oraci\u00f3n comunitaria - Editorial Guadalupe de Argentina","description":"Este libro es fruto en buena medida de la experiencia de un grupo de oraci\u00f3n que se inici\u00f3 all\u00e1 por octubre de 2021. Est\u00e1 pensado para quienes tengan la experiencia, o quieran tenerla, de una oraci\u00f3n grupal de libre expresi\u00f3n o propiamente carism\u00e1tica.","robots":{"index":"index","follow":"follow","max-snippet":"max-snippet:-1","max-image-preview":"max-image-preview:large","max-video-preview":"max-video-preview:-1"},"canonical":"https:\/\/libreriaguadalupe.com.ar\/libreria\/producto\/la-oracion-comunitaria\/","og_locale":"es_ES","og_type":"article","og_title":"La oraci\u00f3n comunitaria - Editorial Guadalupe de Argentina","og_description":"Este libro es fruto en buena medida de la experiencia de un grupo de oraci\u00f3n que se inici\u00f3 all\u00e1 por octubre de 2021. Est\u00e1 pensado para quienes tengan la experiencia, o quieran tenerla, de una oraci\u00f3n grupal de libre expresi\u00f3n o propiamente carism\u00e1tica.","og_url":"https:\/\/libreriaguadalupe.com.ar\/libreria\/producto\/la-oracion-comunitaria\/","og_site_name":"Editorial Guadalupe de Argentina","article_publisher":"https:\/\/www.facebook.com\/LibreriaGuadalupeAR\/","article_modified_time":"2025-05-06T03:36:36+00:00","og_image":[{"width":470,"height":712,"url":"https:\/\/libreriaguadalupe.com.ar\/libreria\/wp-content\/uploads\/2023\/10\/La-oracion-comunitaria.png","type":"image\/png"}],"twitter_card":"summary_large_image","twitter_misc":{"Tiempo de lectura":"1 minuto"},"schema":{"@context":"https:\/\/schema.org","@graph":[{"@type":"WebPage","@id":"https:\/\/libreriaguadalupe.com.ar\/libreria\/producto\/la-oracion-comunitaria\/","url":"https:\/\/libreriaguadalupe.com.ar\/libreria\/producto\/la-oracion-comunitaria\/","name":"La oraci\u00f3n comunitaria - Editorial Guadalupe de Argentina","isPartOf":{"@id":"https:\/\/libreriaguadalupe.com.ar\/libreria\/#website"},"primaryImageOfPage":{"@id":"https:\/\/libreriaguadalupe.com.ar\/libreria\/producto\/la-oracion-comunitaria\/#primaryimage"},"image":{"@id":"https:\/\/libreriaguadalupe.com.ar\/libreria\/producto\/la-oracion-comunitaria\/#primaryimage"},"thumbnailUrl":"https:\/\/i0.wp.com\/libreriaguadalupe.com.ar\/libreria\/wp-content\/uploads\/2023\/10\/La-oracion-comunitaria.png?fit=470%2C712&ssl=1","datePublished":"2023-10-20T22:27:32+00:00","dateModified":"2025-05-06T03:36:36+00:00","description":"Este libro es fruto en buena medida de la experiencia de un grupo de oraci\u00f3n que se inici\u00f3 all\u00e1 por octubre de 2021. Est\u00e1 pensado para quienes tengan la experiencia, o quieran tenerla, de una oraci\u00f3n grupal de libre expresi\u00f3n o propiamente carism\u00e1tica.","breadcrumb":{"@id":"https:\/\/libreriaguadalupe.com.ar\/libreria\/producto\/la-oracion-comunitaria\/#breadcrumb"},"inLanguage":"es","potentialAction":[{"@type":"ReadAction","target":["https:\/\/libreriaguadalupe.com.ar\/libreria\/producto\/la-oracion-comunitaria\/"]}]},{"@type":"ImageObject","inLanguage":"es","@id":"https:\/\/libreriaguadalupe.com.ar\/libreria\/producto\/la-oracion-comunitaria\/#primaryimage","url":"https:\/\/i0.wp.com\/libreriaguadalupe.com.ar\/libreria\/wp-content\/uploads\/2023\/10\/La-oracion-comunitaria.png?fit=470%2C712&ssl=1","contentUrl":"https:\/\/i0.wp.com\/libreriaguadalupe.com.ar\/libreria\/wp-content\/uploads\/2023\/10\/La-oracion-comunitaria.png?fit=470%2C712&ssl=1","width":470,"height":712},{"@type":"BreadcrumbList","@id":"https:\/\/libreriaguadalupe.com.ar\/libreria\/producto\/la-oracion-comunitaria\/#breadcrumb","itemListElement":[{"@type":"ListItem","position":1,"name":"Portada","item":"https:\/\/libreriaguadalupe.com.ar\/libreria\/"},{"@type":"ListItem","position":2,"name":"Tienda","item":"https:\/\/libreriaguadalupe.com.ar\/libreria\/"},{"@type":"ListItem","position":3,"name":"La oraci\u00f3n comunitaria"}]},{"@type":"WebSite","@id":"https:\/\/libreriaguadalupe.com.ar\/libreria\/#website","url":"https:\/\/libreriaguadalupe.com.ar\/libreria\/","name":"Editorial Guadalupe de Argentina","description":"Congregaci\u00f3n del Verbo Divino","publisher":{"@id":"https:\/\/libreriaguadalupe.com.ar\/libreria\/#organization"},"alternateName":"Librer\u00eda Guadalupe","potentialAction":[{"@type":"SearchAction","target":{"@type":"EntryPoint","urlTemplate":"https:\/\/libreriaguadalupe.com.ar\/libreria\/?s={search_term_string}"},"query-input":{"@type":"PropertyValueSpecification","valueRequired":true,"valueName":"search_term_string"}}],"inLanguage":"es"},{"@type":"Organization","@id":"https:\/\/libreriaguadalupe.com.ar\/libreria\/#organization","name":"Editorial Guadalupe","alternateName":"Librer\u00eda Guadalupe","url":"https:\/\/libreriaguadalupe.com.ar\/libreria\/","logo":{"@type":"ImageObject","inLanguage":"es","@id":"https:\/\/libreriaguadalupe.com.ar\/libreria\/#\/schema\/logo\/image\/","url":"https:\/\/i0.wp.com\/libreriaguadalupe.com.ar\/libreria\/wp-content\/uploads\/2023\/01\/cropped-logo-editorial-guadalupe.webp?fit=500%2C100&ssl=1","contentUrl":"https:\/\/i0.wp.com\/libreriaguadalupe.com.ar\/libreria\/wp-content\/uploads\/2023\/01\/cropped-logo-editorial-guadalupe.webp?fit=500%2C100&ssl=1","width":500,"height":100,"caption":"Editorial Guadalupe"},"image":{"@id":"https:\/\/libreriaguadalupe.com.ar\/libreria\/#\/schema\/logo\/image\/"},"sameAs":["https:\/\/www.facebook.com\/LibreriaGuadalupeAR\/","https:\/\/www.instagram.com\/editorialguadalupe\/","https:\/\/guadalupeeditorial.mercadoshops.com.ar\/"]}]}},"jetpack_publicize_connections":[],"jetpack_sharing_enabled":true,"jetpack-related-posts":[{"id":17954,"url":"https:\/\/libreriaguadalupe.com.ar\/libreria\/producto\/oraciones-para-antes-de-ir-a-dormir\/","url_meta":{"origin":17560,"position":0},"title":"Oraciones para antes de ir a dormir","author":"admin","date":"08\/04\/2024","format":false,"excerpt":"Autor: Mar\u00eda Cristina Graziani ISBN: 978-950-500-912-1 Dimensiones: 30 x 21 cm P\u00e1ginas: 32","rel":"","context":"Entrada similar","block_context":{"text":"Entrada similar","link":""},"img":{"alt_text":"","src":"https:\/\/i0.wp.com\/libreriaguadalupe.com.ar\/libreria\/wp-content\/uploads\/2024\/04\/NOVEDAD-TIENDA-ABRIL.jpg?fit=470%2C470&ssl=1&resize=350%2C200","width":350,"height":200},"classes":[]},{"id":12672,"url":"https:\/\/libreriaguadalupe.com.ar\/libreria\/producto\/dialogos-semanales-con-jesus-ciclo-a-nro-1\/","url_meta":{"origin":17560,"position":1},"title":"Dialogos semanales con Jesus Ciclo A Nro 1","author":"admin","date":"18\/01\/2023","format":false,"excerpt":"Adviento, Navidad, Cuaresma, Pascua Autor: Carmen Mar\u00eda Cervantes, Instituto Fe y Vida, Jos\u00e9 Antonio Medina Arellano ISBN: 9505008858 Dimensiones: 16 x 24 cm P\u00e1ginas: 192","rel":"","context":"Entrada similar","block_context":{"text":"Entrada similar","link":""},"img":{"alt_text":"","src":"https:\/\/i0.wp.com\/libreriaguadalupe.com.ar\/libreria\/wp-content\/uploads\/2023\/01\/Dialogos-semanales-con-Jesus-Ciclo-A-Nro-1.jpg?fit=380%2C586&ssl=1&resize=350%2C200","width":350,"height":200},"classes":[]},{"id":17141,"url":"https:\/\/libreriaguadalupe.com.ar\/libreria\/producto\/el-poder-sanador-de-los-gestos\/","url_meta":{"origin":17560,"position":2},"title":"EL PODER SANADOR DE LOS GESTOS","author":"admin","date":"31\/03\/2023","format":false,"excerpt":"En la oraci\u00f3n y en la lectura de la Palabra Autor: Gr\u00fcn, Anselm ISBN: 9789505007684 Dimensiones: 12 x 18 cm P\u00e1ginas: 96","rel":"","context":"Entrada similar","block_context":{"text":"Entrada similar","link":""},"img":{"alt_text":"","src":"https:\/\/i0.wp.com\/libreriaguadalupe.com.ar\/libreria\/wp-content\/uploads\/2023\/03\/EL-PODER-SANADOR-DE-LOS-GESTOS.jpeg?fit=923%2C1200&ssl=1&resize=350%2C200","width":350,"height":200,"srcset":"https:\/\/i0.wp.com\/libreriaguadalupe.com.ar\/libreria\/wp-content\/uploads\/2023\/03\/EL-PODER-SANADOR-DE-LOS-GESTOS.jpeg?fit=923%2C1200&ssl=1&resize=350%2C200 1x, https:\/\/i0.wp.com\/libreriaguadalupe.com.ar\/libreria\/wp-content\/uploads\/2023\/03\/EL-PODER-SANADOR-DE-LOS-GESTOS.jpeg?fit=923%2C1200&ssl=1&resize=525%2C300 1.5x, https:\/\/i0.wp.com\/libreriaguadalupe.com.ar\/libreria\/wp-content\/uploads\/2023\/03\/EL-PODER-SANADOR-DE-LOS-GESTOS.jpeg?fit=923%2C1200&ssl=1&resize=700%2C400 2x"},"classes":[]},{"id":12674,"url":"https:\/\/libreriaguadalupe.com.ar\/libreria\/producto\/dialogos-semanales-con-jesus-ciclo-b-nro-3\/","url_meta":{"origin":17560,"position":3},"title":"Dialogos semanales con Jesus Ciclo B Nro 3","author":"admin","date":"18\/01\/2023","format":false,"excerpt":"Adviento, Navidad, Cuaresma, Pascua Autor: Carmen Mar\u00eda Cervantes, Instituto Fe y Vida, Jos\u00e9 Antonio Medina Arellano ISBN: 8481697667 Dimensiones: 16 x 24 cm P\u00e1ginas: 200","rel":"","context":"Entrada similar","block_context":{"text":"Entrada similar","link":""},"img":{"alt_text":"","src":"https:\/\/i0.wp.com\/libreriaguadalupe.com.ar\/libreria\/wp-content\/uploads\/2023\/01\/Dialogos-semanales-con-Jesus-Ciclo-B-Nro-3.jpg?fit=380%2C586&ssl=1&resize=350%2C200","width":350,"height":200},"classes":[]},{"id":12676,"url":"https:\/\/libreriaguadalupe.com.ar\/libreria\/producto\/dialogos-semanales-con-jesus-ciclo-c-nro-5\/","url_meta":{"origin":17560,"position":4},"title":"Dialogos semanales con Jesus Ciclo C Nro 5","author":"admin","date":"18\/01\/2023","format":false,"excerpt":"Adviento, Navidad, Cuaresma, Pascua Autor: Carmen Mar\u00eda Cervantes, Instituto Fe y Vida, Jos\u00e9 Antonio Medina Arellano ISBN: 8499450582 Dimensiones: 16 x 24 cm P\u00e1ginas: 200","rel":"","context":"Entrada similar","block_context":{"text":"Entrada similar","link":""},"img":{"alt_text":"","src":"https:\/\/i0.wp.com\/libreriaguadalupe.com.ar\/libreria\/wp-content\/uploads\/2023\/01\/Dialogos-semanales-con-Jesus-Ciclo-C-Nro-5.jpg?fit=380%2C586&ssl=1&resize=350%2C200","width":350,"height":200},"classes":[]},{"id":12675,"url":"https:\/\/libreriaguadalupe.com.ar\/libreria\/producto\/dialogos-semanales-con-jesus-ciclo-b-nro-4\/","url_meta":{"origin":17560,"position":5},"title":"Dialogos semanales con Jesus Ciclo B Nro 4","author":"admin","date":"18\/01\/2023","format":false,"excerpt":"Tiempo ordinario Autor: Carmen Mar\u00eda Cervantes, Instituto Fe y Vida, Jos\u00e9 Antonio Medina Arellano ISBN: 8481697674 Dimensiones: 16 x 24 cm P\u00e1ginas: 264","rel":"","context":"Entrada similar","block_context":{"text":"Entrada similar","link":""},"img":{"alt_text":"","src":"https:\/\/i0.wp.com\/libreriaguadalupe.com.ar\/libreria\/wp-content\/uploads\/2023\/01\/Dialogos-semanales-con-Jesus-Ciclo-B-Nro-4.jpg?fit=380%2C586&ssl=1&resize=350%2C200","width":350,"height":200},"classes":[]}],"_links":{"self":[{"href":"https:\/\/libreriaguadalupe.com.ar\/libreria\/wp-json\/wp\/v2\/product\/17560","targetHints":{"allow":["GET"]}}],"collection":[{"href":"https:\/\/libreriaguadalupe.com.ar\/libreria\/wp-json\/wp\/v2\/product"}],"about":[{"href":"https:\/\/libreriaguadalupe.com.ar\/libreria\/wp-json\/wp\/v2\/types\/product"}],"replies":[{"embeddable":true,"href":"https:\/\/libreriaguadalupe.com.ar\/libreria\/wp-json\/wp\/v2\/comments?post=17560"}],"version-history":[{"count":4,"href":"https:\/\/libreriaguadalupe.com.ar\/libreria\/wp-json\/wp\/v2\/product\/17560\/revisions"}],"predecessor-version":[{"id":17898,"href":"https:\/\/libreriaguadalupe.com.ar\/libreria\/wp-json\/wp\/v2\/product\/17560\/revisions\/17898"}],"wp:featuredmedia":[{"embeddable":true,"href":"https:\/\/libreriaguadalupe.com.ar\/libreria\/wp-json\/wp\/v2\/media\/17564"}],"wp:attachment":[{"href":"https:\/\/libreriaguadalupe.com.ar\/libreria\/wp-json\/wp\/v2\/media?parent=17560"}],"wp:term":[{"taxonomy":"product_brand","embeddable":true,"href":"https:\/\/libreriaguadalupe.com.ar\/libreria\/wp-json\/wp\/v2\/product_brand?post=17560"},{"taxonomy":"product_cat","embeddable":true,"href":"https:\/\/libreriaguadalupe.com.ar\/libreria\/wp-json\/wp\/v2\/product_cat?post=17560"},{"taxonomy":"product_tag","embeddable":true,"href":"https:\/\/libreriaguadalupe.com.ar\/libreria\/wp-json\/wp\/v2\/product_tag?post=17560"}],"curies":[{"name":"wp","href":"https:\/\/api.w.org\/{rel}","templated":true}]}}