{"id":17468,"date":"2023-08-28T11:51:09","date_gmt":"2023-08-28T14:51:09","guid":{"rendered":"https:\/\/libreriaguadalupe.com.ar\/libreria\/?post_type=product&#038;p=17468"},"modified":"2025-05-06T00:50:53","modified_gmt":"2025-05-06T03:50:53","slug":"maestro-bueno-que-debo-hacer","status":"publish","type":"product","link":"https:\/\/libreriaguadalupe.com.ar\/libreria\/producto\/maestro-bueno-que-debo-hacer\/","title":{"rendered":"Maestro Bueno \u00bfqu\u00e9 debo hacer?"},"content":{"rendered":"<p>Las p\u00e1ginas de \u201cMaestro Bueno, \u00bfqu\u00e9 debo hacer?\u201d proponen tambi\u00e9n la importancia de rescatar la<br \/>\ncontemplaci\u00f3n como actitud orante de un alma inquieta que no se contenta con la mediocridad. Estas p\u00e1ginas tocan n\u00facleos profundos de espiritualidad, que para un joven que est\u00e1 en b\u00fasqueda de un ideal de vida, seguramente podr\u00e1 abrir interrogantes; y eso es lo importante, porque el joven es capaz de transitar su etapa con profundidad y construir su proyecto personal de vida desde un lugar de fe, esperanza y amor<\/p>\n","protected":false},"excerpt":{"rendered":"<p>&nbsp;<\/p>\n<p>Autor: LEONARDO LEGRAS<br \/>\n<a href=\"https:\/\/libreriaguadalupe.com.ar\/libreria\/?s=Leonardo+Legr%C3%A1s&amp;post_type=product\"><strong>[\u00a0VER M\u00c1S OBRAS\u00a0]<\/strong><\/a><strong><br \/>\n<\/strong>ISBN: 978-950-500-902-2<br \/>\nDimensiones: 14 x 20 cm<br \/>\nP\u00e1ginas: 74<\/p>\n","protected":false},"featured_media":17469,"comment_status":"open","ping_status":"closed","template":"","meta":{"jetpack_publicize_message":"","jetpack_publicize_feature_enabled":true,"jetpack_social_post_already_shared":true,"jetpack_social_options":{"image_generator_settings":{"template":"highway","default_image_id":0,"font":"","enabled":false},"version":2}},"product_brand":[],"product_cat":[125,88,121],"product_tag":[127],"class_list":{"0":"post-17468","1":"product","2":"type-product","3":"status-publish","4":"has-post-thumbnail","6":"product_cat-novedades","7":"product_cat-espiritualidad-cultura-social","8":"product_cat-guadalupe","9":"product_tag-editorial-guadalupe-de-argentina","11":"first","12":"instock","13":"shipping-taxable","14":"purchasable","15":"product-type-simple"},"yoast_head":"<!-- This site is optimized with the Yoast SEO plugin v27.4 - https:\/\/yoast.com\/product\/yoast-seo-wordpress\/ -->\n<title>Maestro Bueno \u00bfqu\u00e9 debo hacer? - Editorial Guadalupe de Argentina<\/title>\n<meta name=\"description\" content=\"Las p\u00e1ginas de \u201cMaestro Bueno, \u00bfqu\u00e9 debo hacer?\u201d proponen tambi\u00e9n la importancia de rescatar lacontemplaci\u00f3n como actitud orante de un alma inquieta que no se contenta con la mediocridad.\" \/>\n<meta name=\"robots\" content=\"index, follow, max-snippet:-1, max-image-preview:large, max-video-preview:-1\" \/>\n<link rel=\"canonical\" href=\"https:\/\/libreriaguadalupe.com.ar\/libreria\/producto\/maestro-bueno-que-debo-hacer\/\" \/>\n<meta property=\"og:locale\" content=\"es_ES\" \/>\n<meta property=\"og:type\" content=\"article\" \/>\n<meta property=\"og:title\" content=\"Maestro Bueno \u00bfqu\u00e9 debo hacer? - Editorial Guadalupe de Argentina\" \/>\n<meta property=\"og:description\" content=\"Las p\u00e1ginas de \u201cMaestro Bueno, \u00bfqu\u00e9 debo hacer?\u201d proponen tambi\u00e9n la importancia de rescatar lacontemplaci\u00f3n como actitud orante de un alma inquieta que no se contenta con la mediocridad.\" \/>\n<meta property=\"og:url\" content=\"https:\/\/libreriaguadalupe.com.ar\/libreria\/producto\/maestro-bueno-que-debo-hacer\/\" \/>\n<meta property=\"og:site_name\" content=\"Editorial Guadalupe de Argentina\" \/>\n<meta property=\"article:publisher\" content=\"https:\/\/www.facebook.com\/LibreriaGuadalupeAR\/\" \/>\n<meta property=\"article:modified_time\" content=\"2025-05-06T03:50:53+00:00\" \/>\n<meta property=\"og:image\" content=\"https:\/\/libreriaguadalupe.com.ar\/libreria\/wp-content\/uploads\/2023\/08\/Maestro-Bueno.png\" \/>\n\t<meta property=\"og:image:width\" content=\"470\" \/>\n\t<meta property=\"og:image:height\" content=\"712\" \/>\n\t<meta property=\"og:image:type\" content=\"image\/png\" \/>\n<meta name=\"twitter:card\" content=\"summary_large_image\" \/>\n<meta name=\"twitter:label1\" content=\"Tiempo de lectura\" \/>\n\t<meta name=\"twitter:data1\" content=\"1 minuto\" \/>\n<script type=\"application\/ld+json\" class=\"yoast-schema-graph\">{\"@context\":\"https:\\\/\\\/schema.org\",\"@graph\":[{\"@type\":\"WebPage\",\"@id\":\"https:\\\/\\\/libreriaguadalupe.com.ar\\\/libreria\\\/producto\\\/maestro-bueno-que-debo-hacer\\\/\",\"url\":\"https:\\\/\\\/libreriaguadalupe.com.ar\\\/libreria\\\/producto\\\/maestro-bueno-que-debo-hacer\\\/\",\"name\":\"Maestro Bueno \u00bfqu\u00e9 debo hacer? - Editorial Guadalupe de Argentina\",\"isPartOf\":{\"@id\":\"https:\\\/\\\/libreriaguadalupe.com.ar\\\/libreria\\\/#website\"},\"primaryImageOfPage\":{\"@id\":\"https:\\\/\\\/libreriaguadalupe.com.ar\\\/libreria\\\/producto\\\/maestro-bueno-que-debo-hacer\\\/#primaryimage\"},\"image\":{\"@id\":\"https:\\\/\\\/libreriaguadalupe.com.ar\\\/libreria\\\/producto\\\/maestro-bueno-que-debo-hacer\\\/#primaryimage\"},\"thumbnailUrl\":\"https:\\\/\\\/i0.wp.com\\\/libreriaguadalupe.com.ar\\\/libreria\\\/wp-content\\\/uploads\\\/2023\\\/08\\\/Maestro-Bueno.png?fit=470%2C712&ssl=1\",\"datePublished\":\"2023-08-28T14:51:09+00:00\",\"dateModified\":\"2025-05-06T03:50:53+00:00\",\"description\":\"Las p\u00e1ginas de \u201cMaestro Bueno, \u00bfqu\u00e9 debo hacer?\u201d proponen tambi\u00e9n la importancia de rescatar lacontemplaci\u00f3n como actitud orante de un alma inquieta que no se contenta con la mediocridad.\",\"breadcrumb\":{\"@id\":\"https:\\\/\\\/libreriaguadalupe.com.ar\\\/libreria\\\/producto\\\/maestro-bueno-que-debo-hacer\\\/#breadcrumb\"},\"inLanguage\":\"es\",\"potentialAction\":[{\"@type\":\"ReadAction\",\"target\":[\"https:\\\/\\\/libreriaguadalupe.com.ar\\\/libreria\\\/producto\\\/maestro-bueno-que-debo-hacer\\\/\"]}]},{\"@type\":\"ImageObject\",\"inLanguage\":\"es\",\"@id\":\"https:\\\/\\\/libreriaguadalupe.com.ar\\\/libreria\\\/producto\\\/maestro-bueno-que-debo-hacer\\\/#primaryimage\",\"url\":\"https:\\\/\\\/i0.wp.com\\\/libreriaguadalupe.com.ar\\\/libreria\\\/wp-content\\\/uploads\\\/2023\\\/08\\\/Maestro-Bueno.png?fit=470%2C712&ssl=1\",\"contentUrl\":\"https:\\\/\\\/i0.wp.com\\\/libreriaguadalupe.com.ar\\\/libreria\\\/wp-content\\\/uploads\\\/2023\\\/08\\\/Maestro-Bueno.png?fit=470%2C712&ssl=1\",\"width\":470,\"height\":712},{\"@type\":\"BreadcrumbList\",\"@id\":\"https:\\\/\\\/libreriaguadalupe.com.ar\\\/libreria\\\/producto\\\/maestro-bueno-que-debo-hacer\\\/#breadcrumb\",\"itemListElement\":[{\"@type\":\"ListItem\",\"position\":1,\"name\":\"Portada\",\"item\":\"https:\\\/\\\/libreriaguadalupe.com.ar\\\/libreria\\\/\"},{\"@type\":\"ListItem\",\"position\":2,\"name\":\"Tienda\",\"item\":\"https:\\\/\\\/libreriaguadalupe.com.ar\\\/libreria\\\/\"},{\"@type\":\"ListItem\",\"position\":3,\"name\":\"Maestro Bueno \u00bfqu\u00e9 debo hacer?\"}]},{\"@type\":\"WebSite\",\"@id\":\"https:\\\/\\\/libreriaguadalupe.com.ar\\\/libreria\\\/#website\",\"url\":\"https:\\\/\\\/libreriaguadalupe.com.ar\\\/libreria\\\/\",\"name\":\"Editorial Guadalupe de Argentina\",\"description\":\"Congregaci\u00f3n del Verbo Divino\",\"publisher\":{\"@id\":\"https:\\\/\\\/libreriaguadalupe.com.ar\\\/libreria\\\/#organization\"},\"alternateName\":\"Librer\u00eda Guadalupe\",\"potentialAction\":[{\"@type\":\"SearchAction\",\"target\":{\"@type\":\"EntryPoint\",\"urlTemplate\":\"https:\\\/\\\/libreriaguadalupe.com.ar\\\/libreria\\\/?s={search_term_string}\"},\"query-input\":{\"@type\":\"PropertyValueSpecification\",\"valueRequired\":true,\"valueName\":\"search_term_string\"}}],\"inLanguage\":\"es\"},{\"@type\":\"Organization\",\"@id\":\"https:\\\/\\\/libreriaguadalupe.com.ar\\\/libreria\\\/#organization\",\"name\":\"Editorial Guadalupe\",\"alternateName\":\"Librer\u00eda Guadalupe\",\"url\":\"https:\\\/\\\/libreriaguadalupe.com.ar\\\/libreria\\\/\",\"logo\":{\"@type\":\"ImageObject\",\"inLanguage\":\"es\",\"@id\":\"https:\\\/\\\/libreriaguadalupe.com.ar\\\/libreria\\\/#\\\/schema\\\/logo\\\/image\\\/\",\"url\":\"https:\\\/\\\/i0.wp.com\\\/libreriaguadalupe.com.ar\\\/libreria\\\/wp-content\\\/uploads\\\/2023\\\/01\\\/cropped-logo-editorial-guadalupe.webp?fit=500%2C100&ssl=1\",\"contentUrl\":\"https:\\\/\\\/i0.wp.com\\\/libreriaguadalupe.com.ar\\\/libreria\\\/wp-content\\\/uploads\\\/2023\\\/01\\\/cropped-logo-editorial-guadalupe.webp?fit=500%2C100&ssl=1\",\"width\":500,\"height\":100,\"caption\":\"Editorial Guadalupe\"},\"image\":{\"@id\":\"https:\\\/\\\/libreriaguadalupe.com.ar\\\/libreria\\\/#\\\/schema\\\/logo\\\/image\\\/\"},\"sameAs\":[\"https:\\\/\\\/www.facebook.com\\\/LibreriaGuadalupeAR\\\/\",\"https:\\\/\\\/www.instagram.com\\\/editorialguadalupe\\\/\",\"https:\\\/\\\/guadalupeeditorial.mercadoshops.com.ar\\\/\"]}]}<\/script>\n<!-- \/ Yoast SEO plugin. -->","yoast_head_json":{"title":"Maestro Bueno \u00bfqu\u00e9 debo hacer? - Editorial Guadalupe de Argentina","description":"Las p\u00e1ginas de \u201cMaestro Bueno, \u00bfqu\u00e9 debo hacer?\u201d proponen tambi\u00e9n la importancia de rescatar lacontemplaci\u00f3n como actitud orante de un alma inquieta que no se contenta con la mediocridad.","robots":{"index":"index","follow":"follow","max-snippet":"max-snippet:-1","max-image-preview":"max-image-preview:large","max-video-preview":"max-video-preview:-1"},"canonical":"https:\/\/libreriaguadalupe.com.ar\/libreria\/producto\/maestro-bueno-que-debo-hacer\/","og_locale":"es_ES","og_type":"article","og_title":"Maestro Bueno \u00bfqu\u00e9 debo hacer? - Editorial Guadalupe de Argentina","og_description":"Las p\u00e1ginas de \u201cMaestro Bueno, \u00bfqu\u00e9 debo hacer?\u201d proponen tambi\u00e9n la importancia de rescatar lacontemplaci\u00f3n como actitud orante de un alma inquieta que no se contenta con la mediocridad.","og_url":"https:\/\/libreriaguadalupe.com.ar\/libreria\/producto\/maestro-bueno-que-debo-hacer\/","og_site_name":"Editorial Guadalupe de Argentina","article_publisher":"https:\/\/www.facebook.com\/LibreriaGuadalupeAR\/","article_modified_time":"2025-05-06T03:50:53+00:00","og_image":[{"width":470,"height":712,"url":"https:\/\/libreriaguadalupe.com.ar\/libreria\/wp-content\/uploads\/2023\/08\/Maestro-Bueno.png","type":"image\/png"}],"twitter_card":"summary_large_image","twitter_misc":{"Tiempo de lectura":"1 minuto"},"schema":{"@context":"https:\/\/schema.org","@graph":[{"@type":"WebPage","@id":"https:\/\/libreriaguadalupe.com.ar\/libreria\/producto\/maestro-bueno-que-debo-hacer\/","url":"https:\/\/libreriaguadalupe.com.ar\/libreria\/producto\/maestro-bueno-que-debo-hacer\/","name":"Maestro Bueno \u00bfqu\u00e9 debo hacer? - Editorial Guadalupe de Argentina","isPartOf":{"@id":"https:\/\/libreriaguadalupe.com.ar\/libreria\/#website"},"primaryImageOfPage":{"@id":"https:\/\/libreriaguadalupe.com.ar\/libreria\/producto\/maestro-bueno-que-debo-hacer\/#primaryimage"},"image":{"@id":"https:\/\/libreriaguadalupe.com.ar\/libreria\/producto\/maestro-bueno-que-debo-hacer\/#primaryimage"},"thumbnailUrl":"https:\/\/i0.wp.com\/libreriaguadalupe.com.ar\/libreria\/wp-content\/uploads\/2023\/08\/Maestro-Bueno.png?fit=470%2C712&ssl=1","datePublished":"2023-08-28T14:51:09+00:00","dateModified":"2025-05-06T03:50:53+00:00","description":"Las p\u00e1ginas de \u201cMaestro Bueno, \u00bfqu\u00e9 debo hacer?\u201d proponen tambi\u00e9n la importancia de rescatar lacontemplaci\u00f3n como actitud orante de un alma inquieta que no se contenta con la mediocridad.","breadcrumb":{"@id":"https:\/\/libreriaguadalupe.com.ar\/libreria\/producto\/maestro-bueno-que-debo-hacer\/#breadcrumb"},"inLanguage":"es","potentialAction":[{"@type":"ReadAction","target":["https:\/\/libreriaguadalupe.com.ar\/libreria\/producto\/maestro-bueno-que-debo-hacer\/"]}]},{"@type":"ImageObject","inLanguage":"es","@id":"https:\/\/libreriaguadalupe.com.ar\/libreria\/producto\/maestro-bueno-que-debo-hacer\/#primaryimage","url":"https:\/\/i0.wp.com\/libreriaguadalupe.com.ar\/libreria\/wp-content\/uploads\/2023\/08\/Maestro-Bueno.png?fit=470%2C712&ssl=1","contentUrl":"https:\/\/i0.wp.com\/libreriaguadalupe.com.ar\/libreria\/wp-content\/uploads\/2023\/08\/Maestro-Bueno.png?fit=470%2C712&ssl=1","width":470,"height":712},{"@type":"BreadcrumbList","@id":"https:\/\/libreriaguadalupe.com.ar\/libreria\/producto\/maestro-bueno-que-debo-hacer\/#breadcrumb","itemListElement":[{"@type":"ListItem","position":1,"name":"Portada","item":"https:\/\/libreriaguadalupe.com.ar\/libreria\/"},{"@type":"ListItem","position":2,"name":"Tienda","item":"https:\/\/libreriaguadalupe.com.ar\/libreria\/"},{"@type":"ListItem","position":3,"name":"Maestro Bueno \u00bfqu\u00e9 debo hacer?"}]},{"@type":"WebSite","@id":"https:\/\/libreriaguadalupe.com.ar\/libreria\/#website","url":"https:\/\/libreriaguadalupe.com.ar\/libreria\/","name":"Editorial Guadalupe de Argentina","description":"Congregaci\u00f3n del Verbo Divino","publisher":{"@id":"https:\/\/libreriaguadalupe.com.ar\/libreria\/#organization"},"alternateName":"Librer\u00eda Guadalupe","potentialAction":[{"@type":"SearchAction","target":{"@type":"EntryPoint","urlTemplate":"https:\/\/libreriaguadalupe.com.ar\/libreria\/?s={search_term_string}"},"query-input":{"@type":"PropertyValueSpecification","valueRequired":true,"valueName":"search_term_string"}}],"inLanguage":"es"},{"@type":"Organization","@id":"https:\/\/libreriaguadalupe.com.ar\/libreria\/#organization","name":"Editorial Guadalupe","alternateName":"Librer\u00eda Guadalupe","url":"https:\/\/libreriaguadalupe.com.ar\/libreria\/","logo":{"@type":"ImageObject","inLanguage":"es","@id":"https:\/\/libreriaguadalupe.com.ar\/libreria\/#\/schema\/logo\/image\/","url":"https:\/\/i0.wp.com\/libreriaguadalupe.com.ar\/libreria\/wp-content\/uploads\/2023\/01\/cropped-logo-editorial-guadalupe.webp?fit=500%2C100&ssl=1","contentUrl":"https:\/\/i0.wp.com\/libreriaguadalupe.com.ar\/libreria\/wp-content\/uploads\/2023\/01\/cropped-logo-editorial-guadalupe.webp?fit=500%2C100&ssl=1","width":500,"height":100,"caption":"Editorial Guadalupe"},"image":{"@id":"https:\/\/libreriaguadalupe.com.ar\/libreria\/#\/schema\/logo\/image\/"},"sameAs":["https:\/\/www.facebook.com\/LibreriaGuadalupeAR\/","https:\/\/www.instagram.com\/editorialguadalupe\/","https:\/\/guadalupeeditorial.mercadoshops.com.ar\/"]}]}},"jetpack_publicize_connections":[],"jetpack_sharing_enabled":true,"jetpack-related-posts":[{"id":16943,"url":"https:\/\/libreriaguadalupe.com.ar\/libreria\/producto\/cuentame-la-biblia\/","url_meta":{"origin":17468,"position":0},"title":"Cu\u00e9ntame la Biblia","author":"admin","date":"23\/03\/2023","format":false,"excerpt":"[edici\u00f3n carton\u00e9 acolchado] Autor: JOSE LUIS ALVAR ISBN: 8490737200 Dimensiones: 16,5 x 22,5 cm P\u00e1ginas: 136","rel":"","context":"Entrada similar","block_context":{"text":"Entrada similar","link":""},"img":{"alt_text":"","src":"https:\/\/i0.wp.com\/libreriaguadalupe.com.ar\/libreria\/wp-content\/uploads\/2023\/03\/Cuentame-la-Biblia.jpg?fit=380%2C586&ssl=1&resize=350%2C200","width":350,"height":200},"classes":[]},{"id":15475,"url":"https:\/\/libreriaguadalupe.com.ar\/libreria\/producto\/jesus-maestro-senor-resucitado-2\/","url_meta":{"origin":17468,"position":1},"title":"Jesus, Maestro, Senor resucitado","author":"admin","date":"07\/02\/2023","format":false,"excerpt":"AUTOR: Equipo B\u00edblico - Ed. Guadalupe ISBN: 9505007400","rel":"","context":"Entrada similar","block_context":{"text":"Entrada similar","link":""},"img":{"alt_text":"","src":"https:\/\/i0.wp.com\/libreriaguadalupe.com.ar\/libreria\/wp-content\/uploads\/2023\/02\/JesusMaestroSenioResucitado_01122016.jpg?fit=804%2C1200&ssl=1&resize=350%2C200","width":350,"height":200,"srcset":"https:\/\/i0.wp.com\/libreriaguadalupe.com.ar\/libreria\/wp-content\/uploads\/2023\/02\/JesusMaestroSenioResucitado_01122016.jpg?fit=804%2C1200&ssl=1&resize=350%2C200 1x, https:\/\/i0.wp.com\/libreriaguadalupe.com.ar\/libreria\/wp-content\/uploads\/2023\/02\/JesusMaestroSenioResucitado_01122016.jpg?fit=804%2C1200&ssl=1&resize=525%2C300 1.5x, https:\/\/i0.wp.com\/libreriaguadalupe.com.ar\/libreria\/wp-content\/uploads\/2023\/02\/JesusMaestroSenioResucitado_01122016.jpg?fit=804%2C1200&ssl=1&resize=700%2C400 2x"},"classes":[]},{"id":19090,"url":"https:\/\/libreriaguadalupe.com.ar\/libreria\/producto\/el-eco-de-los-que-te-buscan-perdidos\/","url_meta":{"origin":17468,"position":2},"title":"\u00abEl eco de los que te buscan perdidos\u00bb","author":"Mariano Zuqui","date":"24\/09\/2025","format":false,"excerpt":"Autor: Eduardo Meana Laporte T\u00edtulo: \u201cEl eco de los que te buscan perdidos\" ISBN:978-950-500-968-8 Formato: 15 (ancho) x 22 (alto) cms. Interior: 1\/1 color Papel: Bookcel 80 grs. N\u00ba de P\u00e1ginas: 164 Tapa:4 Colores - Cartulina - Laminado mate Encuadernaci\u00f3n: Binder \u00a0 \u00a0","rel":"","context":"Entrada similar","block_context":{"text":"Entrada similar","link":""},"img":{"alt_text":"","src":"https:\/\/i0.wp.com\/libreriaguadalupe.com.ar\/libreria\/wp-content\/uploads\/2025\/09\/1-5.png?fit=960%2C1200&ssl=1&resize=350%2C200","width":350,"height":200,"srcset":"https:\/\/i0.wp.com\/libreriaguadalupe.com.ar\/libreria\/wp-content\/uploads\/2025\/09\/1-5.png?fit=960%2C1200&ssl=1&resize=350%2C200 1x, https:\/\/i0.wp.com\/libreriaguadalupe.com.ar\/libreria\/wp-content\/uploads\/2025\/09\/1-5.png?fit=960%2C1200&ssl=1&resize=525%2C300 1.5x, https:\/\/i0.wp.com\/libreriaguadalupe.com.ar\/libreria\/wp-content\/uploads\/2025\/09\/1-5.png?fit=960%2C1200&ssl=1&resize=700%2C400 2x"},"classes":[]},{"id":17145,"url":"https:\/\/libreriaguadalupe.com.ar\/libreria\/producto\/espiritualidad\/","url_meta":{"origin":17468,"position":3},"title":"Espiritualidad para que mi vida tenga sentido","author":"admin","date":"31\/03\/2023","format":false,"excerpt":"Para que mi vida tenga sentido Autor: Gr\u00fcn, Anselm ISBN: 9789876400060 Dimensiones: 13 x 19 cm P\u00e1ginas: 128","rel":"","context":"Entrada similar","block_context":{"text":"Entrada similar","link":""},"img":{"alt_text":"","src":"https:\/\/i0.wp.com\/libreriaguadalupe.com.ar\/libreria\/wp-content\/uploads\/2023\/03\/ESPIRITUALIDAD.jpeg?fit=923%2C1200&ssl=1&resize=350%2C200","width":350,"height":200,"srcset":"https:\/\/i0.wp.com\/libreriaguadalupe.com.ar\/libreria\/wp-content\/uploads\/2023\/03\/ESPIRITUALIDAD.jpeg?fit=923%2C1200&ssl=1&resize=350%2C200 1x, https:\/\/i0.wp.com\/libreriaguadalupe.com.ar\/libreria\/wp-content\/uploads\/2023\/03\/ESPIRITUALIDAD.jpeg?fit=923%2C1200&ssl=1&resize=525%2C300 1.5x, https:\/\/i0.wp.com\/libreriaguadalupe.com.ar\/libreria\/wp-content\/uploads\/2023\/03\/ESPIRITUALIDAD.jpeg?fit=923%2C1200&ssl=1&resize=700%2C400 2x"},"classes":[]},{"id":17508,"url":"https:\/\/libreriaguadalupe.com.ar\/libreria\/producto\/hacia-el-centro-del-centro\/","url_meta":{"origin":17468,"position":4},"title":"Hacia el Centro del centro","author":"admin","date":"26\/09\/2023","format":false,"excerpt":"Ejercicios de contemplaci\u00f3n en la vida diaria de la mano de Teresa de Jes\u00fas y Francisco Jalics \u00a0 Autora: VALERIA ALEJANDRA REICHLER ISBN: 978-950-500-905-3 Dimensiones: 16 x 23 cm P\u00e1ginas: 244","rel":"","context":"Entrada similar","block_context":{"text":"Entrada similar","link":""},"img":{"alt_text":"","src":"https:\/\/i0.wp.com\/libreriaguadalupe.com.ar\/libreria\/wp-content\/uploads\/2023\/09\/Hacia-el-centro-del-centro.png?fit=470%2C712&ssl=1&resize=350%2C200","width":350,"height":200},"classes":[]},{"id":16080,"url":"https:\/\/libreriaguadalupe.com.ar\/libreria\/producto\/renovar-la-vida\/","url_meta":{"origin":17468,"position":5},"title":"Renovar La Vida","author":"admin","date":"12\/02\/2023","format":false,"excerpt":"METODOLOGIA PARA PREPARAR ENCUENTROS DE PASTORAL AUTOR: PABLO GUGLIELMI ISBN: 9505008230","rel":"","context":"Entrada similar","block_context":{"text":"Entrada similar","link":""},"img":{"alt_text":"","src":"https:\/\/i0.wp.com\/libreriaguadalupe.com.ar\/libreria\/wp-content\/uploads\/2023\/02\/Renovar-la-vida.webp?fit=343%2C500&ssl=1&resize=350%2C200","width":350,"height":200},"classes":[]}],"_links":{"self":[{"href":"https:\/\/libreriaguadalupe.com.ar\/libreria\/wp-json\/wp\/v2\/product\/17468","targetHints":{"allow":["GET"]}}],"collection":[{"href":"https:\/\/libreriaguadalupe.com.ar\/libreria\/wp-json\/wp\/v2\/product"}],"about":[{"href":"https:\/\/libreriaguadalupe.com.ar\/libreria\/wp-json\/wp\/v2\/types\/product"}],"replies":[{"embeddable":true,"href":"https:\/\/libreriaguadalupe.com.ar\/libreria\/wp-json\/wp\/v2\/comments?post=17468"}],"version-history":[{"count":3,"href":"https:\/\/libreriaguadalupe.com.ar\/libreria\/wp-json\/wp\/v2\/product\/17468\/revisions"}],"predecessor-version":[{"id":18177,"href":"https:\/\/libreriaguadalupe.com.ar\/libreria\/wp-json\/wp\/v2\/product\/17468\/revisions\/18177"}],"wp:featuredmedia":[{"embeddable":true,"href":"https:\/\/libreriaguadalupe.com.ar\/libreria\/wp-json\/wp\/v2\/media\/17469"}],"wp:attachment":[{"href":"https:\/\/libreriaguadalupe.com.ar\/libreria\/wp-json\/wp\/v2\/media?parent=17468"}],"wp:term":[{"taxonomy":"product_brand","embeddable":true,"href":"https:\/\/libreriaguadalupe.com.ar\/libreria\/wp-json\/wp\/v2\/product_brand?post=17468"},{"taxonomy":"product_cat","embeddable":true,"href":"https:\/\/libreriaguadalupe.com.ar\/libreria\/wp-json\/wp\/v2\/product_cat?post=17468"},{"taxonomy":"product_tag","embeddable":true,"href":"https:\/\/libreriaguadalupe.com.ar\/libreria\/wp-json\/wp\/v2\/product_tag?post=17468"}],"curies":[{"name":"wp","href":"https:\/\/api.w.org\/{rel}","templated":true}]}}