{"id":17457,"date":"2023-08-23T19:51:28","date_gmt":"2023-08-23T22:51:28","guid":{"rendered":"https:\/\/libreriaguadalupe.com.ar\/libreria\/?post_type=product&#038;p=17457"},"modified":"2025-05-05T16:39:05","modified_gmt":"2025-05-05T19:39:05","slug":"como-leer-la-biblia","status":"publish","type":"product","link":"https:\/\/libreriaguadalupe.com.ar\/libreria\/producto\/como-leer-la-biblia\/","title":{"rendered":"\u00bfC\u00f3mo leer la Biblia?"},"content":{"rendered":"<p>\u201c\u2026 la Palabra es un don dirigido a cada uno y que, por tanto, nunca podemos restringirle el campo de acci\u00f3n, porque ella, m\u00e1s all\u00e1 de todos nuestros c\u00e1lculos, brota de manera espont\u00e1nea, inesperada e imprevisible (cf. Mc 4,26-28), en los modos y tiempos que el Esp\u00edritu Santo conoce. Y si la salvaci\u00f3n est\u00e1 destinada a todos, incluso a los m\u00e1s lejanos y perdidos, entonces el anuncio de la Palabra debe convertirse en la principal urgencia de la comunidad eclesial, como lo fue para Jes\u00fas\u201d.<br \/>\nPapa Francisco, Domingo de la Palabra de Dios 2023<\/p>\n","protected":false},"excerpt":{"rendered":"<p>&nbsp;<\/p>\n<p>Autores: P. Patricio Etchepareborda y P. Juan Pablo Ballesteros<strong><br \/>\n<\/strong>ISBN: 978-950-500-901-5<br \/>\nDimensiones: 14 x 22 cm<br \/>\nP\u00e1ginas: 60<\/p>\n","protected":false},"featured_media":17461,"comment_status":"open","ping_status":"closed","template":"","meta":{"jetpack_publicize_message":"","jetpack_publicize_feature_enabled":true,"jetpack_social_post_already_shared":true,"jetpack_social_options":{"image_generator_settings":{"template":"highway","default_image_id":0,"font":"","enabled":false},"version":2}},"product_brand":[],"product_cat":[73,121],"product_tag":[127],"class_list":{"0":"post-17457","1":"product","2":"type-product","3":"status-publish","4":"has-post-thumbnail","6":"product_cat-catequesis-y-educacion-en-la-fe","7":"product_cat-guadalupe","8":"product_tag-editorial-guadalupe-de-argentina","10":"first","11":"instock","12":"shipping-taxable","13":"purchasable","14":"product-type-simple"},"yoast_head":"<!-- This site is optimized with the Yoast SEO plugin v27.4 - https:\/\/yoast.com\/product\/yoast-seo-wordpress\/ -->\n<title>\u00bfC\u00f3mo leer la Biblia? - Editorial Guadalupe de Argentina<\/title>\n<meta name=\"description\" content=\"\u201c\u2026 la Palabra es un don dirigido a cada uno y que, por tanto, nunca podemos restringirle el campo de acci\u00f3n, porque ella, m\u00e1s all\u00e1 de todos nuestros c\u00e1lculos, brota de manera espont\u00e1nea, inesperada e imprevisible (cf. Mc 4,26-28)\" \/>\n<meta name=\"robots\" content=\"index, follow, max-snippet:-1, max-image-preview:large, max-video-preview:-1\" \/>\n<link rel=\"canonical\" href=\"https:\/\/libreriaguadalupe.com.ar\/libreria\/producto\/como-leer-la-biblia\/\" \/>\n<meta property=\"og:locale\" content=\"es_ES\" \/>\n<meta property=\"og:type\" content=\"article\" \/>\n<meta property=\"og:title\" content=\"\u00bfC\u00f3mo leer la Biblia? - Editorial Guadalupe de Argentina\" \/>\n<meta property=\"og:description\" content=\"\u201c\u2026 la Palabra es un don dirigido a cada uno y que, por tanto, nunca podemos restringirle el campo de acci\u00f3n, porque ella, m\u00e1s all\u00e1 de todos nuestros c\u00e1lculos, brota de manera espont\u00e1nea, inesperada e imprevisible (cf. Mc 4,26-28)\" \/>\n<meta property=\"og:url\" content=\"https:\/\/libreriaguadalupe.com.ar\/libreria\/producto\/como-leer-la-biblia\/\" \/>\n<meta property=\"og:site_name\" content=\"Editorial Guadalupe de Argentina\" \/>\n<meta property=\"article:publisher\" content=\"https:\/\/www.facebook.com\/LibreriaGuadalupeAR\/\" \/>\n<meta property=\"article:modified_time\" content=\"2025-05-05T19:39:05+00:00\" \/>\n<meta property=\"og:image\" content=\"https:\/\/libreriaguadalupe.com.ar\/libreria\/wp-content\/uploads\/2023\/08\/Como-leer-la-biblia.png\" \/>\n\t<meta property=\"og:image:width\" content=\"470\" \/>\n\t<meta property=\"og:image:height\" content=\"712\" \/>\n\t<meta property=\"og:image:type\" content=\"image\/png\" \/>\n<meta name=\"twitter:card\" content=\"summary_large_image\" \/>\n<meta name=\"twitter:label1\" content=\"Tiempo de lectura\" \/>\n\t<meta name=\"twitter:data1\" content=\"1 minuto\" \/>\n<script type=\"application\/ld+json\" class=\"yoast-schema-graph\">{\"@context\":\"https:\\\/\\\/schema.org\",\"@graph\":[{\"@type\":\"WebPage\",\"@id\":\"https:\\\/\\\/libreriaguadalupe.com.ar\\\/libreria\\\/producto\\\/como-leer-la-biblia\\\/\",\"url\":\"https:\\\/\\\/libreriaguadalupe.com.ar\\\/libreria\\\/producto\\\/como-leer-la-biblia\\\/\",\"name\":\"\u00bfC\u00f3mo leer la Biblia? - Editorial Guadalupe de Argentina\",\"isPartOf\":{\"@id\":\"https:\\\/\\\/libreriaguadalupe.com.ar\\\/libreria\\\/#website\"},\"primaryImageOfPage\":{\"@id\":\"https:\\\/\\\/libreriaguadalupe.com.ar\\\/libreria\\\/producto\\\/como-leer-la-biblia\\\/#primaryimage\"},\"image\":{\"@id\":\"https:\\\/\\\/libreriaguadalupe.com.ar\\\/libreria\\\/producto\\\/como-leer-la-biblia\\\/#primaryimage\"},\"thumbnailUrl\":\"https:\\\/\\\/i0.wp.com\\\/libreriaguadalupe.com.ar\\\/libreria\\\/wp-content\\\/uploads\\\/2023\\\/08\\\/Como-leer-la-biblia.png?fit=470%2C712&ssl=1\",\"datePublished\":\"2023-08-23T22:51:28+00:00\",\"dateModified\":\"2025-05-05T19:39:05+00:00\",\"description\":\"\u201c\u2026 la Palabra es un don dirigido a cada uno y que, por tanto, nunca podemos restringirle el campo de acci\u00f3n, porque ella, m\u00e1s all\u00e1 de todos nuestros c\u00e1lculos, brota de manera espont\u00e1nea, inesperada e imprevisible (cf. Mc 4,26-28)\",\"breadcrumb\":{\"@id\":\"https:\\\/\\\/libreriaguadalupe.com.ar\\\/libreria\\\/producto\\\/como-leer-la-biblia\\\/#breadcrumb\"},\"inLanguage\":\"es\",\"potentialAction\":[{\"@type\":\"ReadAction\",\"target\":[\"https:\\\/\\\/libreriaguadalupe.com.ar\\\/libreria\\\/producto\\\/como-leer-la-biblia\\\/\"]}]},{\"@type\":\"ImageObject\",\"inLanguage\":\"es\",\"@id\":\"https:\\\/\\\/libreriaguadalupe.com.ar\\\/libreria\\\/producto\\\/como-leer-la-biblia\\\/#primaryimage\",\"url\":\"https:\\\/\\\/i0.wp.com\\\/libreriaguadalupe.com.ar\\\/libreria\\\/wp-content\\\/uploads\\\/2023\\\/08\\\/Como-leer-la-biblia.png?fit=470%2C712&ssl=1\",\"contentUrl\":\"https:\\\/\\\/i0.wp.com\\\/libreriaguadalupe.com.ar\\\/libreria\\\/wp-content\\\/uploads\\\/2023\\\/08\\\/Como-leer-la-biblia.png?fit=470%2C712&ssl=1\",\"width\":470,\"height\":712},{\"@type\":\"BreadcrumbList\",\"@id\":\"https:\\\/\\\/libreriaguadalupe.com.ar\\\/libreria\\\/producto\\\/como-leer-la-biblia\\\/#breadcrumb\",\"itemListElement\":[{\"@type\":\"ListItem\",\"position\":1,\"name\":\"Portada\",\"item\":\"https:\\\/\\\/libreriaguadalupe.com.ar\\\/libreria\\\/\"},{\"@type\":\"ListItem\",\"position\":2,\"name\":\"Tienda\",\"item\":\"https:\\\/\\\/libreriaguadalupe.com.ar\\\/libreria\\\/\"},{\"@type\":\"ListItem\",\"position\":3,\"name\":\"\u00bfC\u00f3mo leer la Biblia?\"}]},{\"@type\":\"WebSite\",\"@id\":\"https:\\\/\\\/libreriaguadalupe.com.ar\\\/libreria\\\/#website\",\"url\":\"https:\\\/\\\/libreriaguadalupe.com.ar\\\/libreria\\\/\",\"name\":\"Editorial Guadalupe de Argentina\",\"description\":\"Congregaci\u00f3n del Verbo Divino\",\"publisher\":{\"@id\":\"https:\\\/\\\/libreriaguadalupe.com.ar\\\/libreria\\\/#organization\"},\"alternateName\":\"Librer\u00eda Guadalupe\",\"potentialAction\":[{\"@type\":\"SearchAction\",\"target\":{\"@type\":\"EntryPoint\",\"urlTemplate\":\"https:\\\/\\\/libreriaguadalupe.com.ar\\\/libreria\\\/?s={search_term_string}\"},\"query-input\":{\"@type\":\"PropertyValueSpecification\",\"valueRequired\":true,\"valueName\":\"search_term_string\"}}],\"inLanguage\":\"es\"},{\"@type\":\"Organization\",\"@id\":\"https:\\\/\\\/libreriaguadalupe.com.ar\\\/libreria\\\/#organization\",\"name\":\"Editorial Guadalupe\",\"alternateName\":\"Librer\u00eda Guadalupe\",\"url\":\"https:\\\/\\\/libreriaguadalupe.com.ar\\\/libreria\\\/\",\"logo\":{\"@type\":\"ImageObject\",\"inLanguage\":\"es\",\"@id\":\"https:\\\/\\\/libreriaguadalupe.com.ar\\\/libreria\\\/#\\\/schema\\\/logo\\\/image\\\/\",\"url\":\"https:\\\/\\\/i0.wp.com\\\/libreriaguadalupe.com.ar\\\/libreria\\\/wp-content\\\/uploads\\\/2023\\\/01\\\/cropped-logo-editorial-guadalupe.webp?fit=500%2C100&ssl=1\",\"contentUrl\":\"https:\\\/\\\/i0.wp.com\\\/libreriaguadalupe.com.ar\\\/libreria\\\/wp-content\\\/uploads\\\/2023\\\/01\\\/cropped-logo-editorial-guadalupe.webp?fit=500%2C100&ssl=1\",\"width\":500,\"height\":100,\"caption\":\"Editorial Guadalupe\"},\"image\":{\"@id\":\"https:\\\/\\\/libreriaguadalupe.com.ar\\\/libreria\\\/#\\\/schema\\\/logo\\\/image\\\/\"},\"sameAs\":[\"https:\\\/\\\/www.facebook.com\\\/LibreriaGuadalupeAR\\\/\",\"https:\\\/\\\/www.instagram.com\\\/editorialguadalupe\\\/\",\"https:\\\/\\\/guadalupeeditorial.mercadoshops.com.ar\\\/\"]}]}<\/script>\n<!-- \/ Yoast SEO plugin. -->","yoast_head_json":{"title":"\u00bfC\u00f3mo leer la Biblia? - Editorial Guadalupe de Argentina","description":"\u201c\u2026 la Palabra es un don dirigido a cada uno y que, por tanto, nunca podemos restringirle el campo de acci\u00f3n, porque ella, m\u00e1s all\u00e1 de todos nuestros c\u00e1lculos, brota de manera espont\u00e1nea, inesperada e imprevisible (cf. Mc 4,26-28)","robots":{"index":"index","follow":"follow","max-snippet":"max-snippet:-1","max-image-preview":"max-image-preview:large","max-video-preview":"max-video-preview:-1"},"canonical":"https:\/\/libreriaguadalupe.com.ar\/libreria\/producto\/como-leer-la-biblia\/","og_locale":"es_ES","og_type":"article","og_title":"\u00bfC\u00f3mo leer la Biblia? - Editorial Guadalupe de Argentina","og_description":"\u201c\u2026 la Palabra es un don dirigido a cada uno y que, por tanto, nunca podemos restringirle el campo de acci\u00f3n, porque ella, m\u00e1s all\u00e1 de todos nuestros c\u00e1lculos, brota de manera espont\u00e1nea, inesperada e imprevisible (cf. Mc 4,26-28)","og_url":"https:\/\/libreriaguadalupe.com.ar\/libreria\/producto\/como-leer-la-biblia\/","og_site_name":"Editorial Guadalupe de Argentina","article_publisher":"https:\/\/www.facebook.com\/LibreriaGuadalupeAR\/","article_modified_time":"2025-05-05T19:39:05+00:00","og_image":[{"width":470,"height":712,"url":"https:\/\/libreriaguadalupe.com.ar\/libreria\/wp-content\/uploads\/2023\/08\/Como-leer-la-biblia.png","type":"image\/png"}],"twitter_card":"summary_large_image","twitter_misc":{"Tiempo de lectura":"1 minuto"},"schema":{"@context":"https:\/\/schema.org","@graph":[{"@type":"WebPage","@id":"https:\/\/libreriaguadalupe.com.ar\/libreria\/producto\/como-leer-la-biblia\/","url":"https:\/\/libreriaguadalupe.com.ar\/libreria\/producto\/como-leer-la-biblia\/","name":"\u00bfC\u00f3mo leer la Biblia? - Editorial Guadalupe de Argentina","isPartOf":{"@id":"https:\/\/libreriaguadalupe.com.ar\/libreria\/#website"},"primaryImageOfPage":{"@id":"https:\/\/libreriaguadalupe.com.ar\/libreria\/producto\/como-leer-la-biblia\/#primaryimage"},"image":{"@id":"https:\/\/libreriaguadalupe.com.ar\/libreria\/producto\/como-leer-la-biblia\/#primaryimage"},"thumbnailUrl":"https:\/\/i0.wp.com\/libreriaguadalupe.com.ar\/libreria\/wp-content\/uploads\/2023\/08\/Como-leer-la-biblia.png?fit=470%2C712&ssl=1","datePublished":"2023-08-23T22:51:28+00:00","dateModified":"2025-05-05T19:39:05+00:00","description":"\u201c\u2026 la Palabra es un don dirigido a cada uno y que, por tanto, nunca podemos restringirle el campo de acci\u00f3n, porque ella, m\u00e1s all\u00e1 de todos nuestros c\u00e1lculos, brota de manera espont\u00e1nea, inesperada e imprevisible (cf. Mc 4,26-28)","breadcrumb":{"@id":"https:\/\/libreriaguadalupe.com.ar\/libreria\/producto\/como-leer-la-biblia\/#breadcrumb"},"inLanguage":"es","potentialAction":[{"@type":"ReadAction","target":["https:\/\/libreriaguadalupe.com.ar\/libreria\/producto\/como-leer-la-biblia\/"]}]},{"@type":"ImageObject","inLanguage":"es","@id":"https:\/\/libreriaguadalupe.com.ar\/libreria\/producto\/como-leer-la-biblia\/#primaryimage","url":"https:\/\/i0.wp.com\/libreriaguadalupe.com.ar\/libreria\/wp-content\/uploads\/2023\/08\/Como-leer-la-biblia.png?fit=470%2C712&ssl=1","contentUrl":"https:\/\/i0.wp.com\/libreriaguadalupe.com.ar\/libreria\/wp-content\/uploads\/2023\/08\/Como-leer-la-biblia.png?fit=470%2C712&ssl=1","width":470,"height":712},{"@type":"BreadcrumbList","@id":"https:\/\/libreriaguadalupe.com.ar\/libreria\/producto\/como-leer-la-biblia\/#breadcrumb","itemListElement":[{"@type":"ListItem","position":1,"name":"Portada","item":"https:\/\/libreriaguadalupe.com.ar\/libreria\/"},{"@type":"ListItem","position":2,"name":"Tienda","item":"https:\/\/libreriaguadalupe.com.ar\/libreria\/"},{"@type":"ListItem","position":3,"name":"\u00bfC\u00f3mo leer la Biblia?"}]},{"@type":"WebSite","@id":"https:\/\/libreriaguadalupe.com.ar\/libreria\/#website","url":"https:\/\/libreriaguadalupe.com.ar\/libreria\/","name":"Editorial Guadalupe de Argentina","description":"Congregaci\u00f3n del Verbo Divino","publisher":{"@id":"https:\/\/libreriaguadalupe.com.ar\/libreria\/#organization"},"alternateName":"Librer\u00eda Guadalupe","potentialAction":[{"@type":"SearchAction","target":{"@type":"EntryPoint","urlTemplate":"https:\/\/libreriaguadalupe.com.ar\/libreria\/?s={search_term_string}"},"query-input":{"@type":"PropertyValueSpecification","valueRequired":true,"valueName":"search_term_string"}}],"inLanguage":"es"},{"@type":"Organization","@id":"https:\/\/libreriaguadalupe.com.ar\/libreria\/#organization","name":"Editorial Guadalupe","alternateName":"Librer\u00eda Guadalupe","url":"https:\/\/libreriaguadalupe.com.ar\/libreria\/","logo":{"@type":"ImageObject","inLanguage":"es","@id":"https:\/\/libreriaguadalupe.com.ar\/libreria\/#\/schema\/logo\/image\/","url":"https:\/\/i0.wp.com\/libreriaguadalupe.com.ar\/libreria\/wp-content\/uploads\/2023\/01\/cropped-logo-editorial-guadalupe.webp?fit=500%2C100&ssl=1","contentUrl":"https:\/\/i0.wp.com\/libreriaguadalupe.com.ar\/libreria\/wp-content\/uploads\/2023\/01\/cropped-logo-editorial-guadalupe.webp?fit=500%2C100&ssl=1","width":500,"height":100,"caption":"Editorial Guadalupe"},"image":{"@id":"https:\/\/libreriaguadalupe.com.ar\/libreria\/#\/schema\/logo\/image\/"},"sameAs":["https:\/\/www.facebook.com\/LibreriaGuadalupeAR\/","https:\/\/www.instagram.com\/editorialguadalupe\/","https:\/\/guadalupeeditorial.mercadoshops.com.ar\/"]}]}},"jetpack_publicize_connections":[],"jetpack_sharing_enabled":true,"jetpack-related-posts":[{"id":16749,"url":"https:\/\/libreriaguadalupe.com.ar\/libreria\/producto\/las-siete-palabras\/","url_meta":{"origin":17457,"position":0},"title":"Las Siete Palabras","author":"admin","date":"20\/03\/2023","format":false,"excerpt":"Autor: Ram\u00f3n Cu\u00e9 ISBN: 9505005215 Dimensiones: 19 x 12 cm P\u00e1ginas: 112","rel":"","context":"Entrada similar","block_context":{"text":"Entrada similar","link":""},"img":{"alt_text":"","src":"https:\/\/i0.wp.com\/libreriaguadalupe.com.ar\/libreria\/wp-content\/uploads\/2023\/03\/Las-siete-palabras.jpg?fit=467%2C794&ssl=1&resize=350%2C200","width":350,"height":200},"classes":[]},{"id":18398,"url":"https:\/\/libreriaguadalupe.com.ar\/libreria\/producto\/vive-la-palabra-2025\/","url_meta":{"origin":17457,"position":1},"title":"Vive la Palabra 2025","author":"admin","date":"06\/11\/2024","format":false,"excerpt":"La esperanza no defraudada Ciclo C - Evangelio Santoral AGOTADO Autor: Editorial Guadalupe ISBN: 978 950 500 939 8 Dimensiones: 11 x 14 cm P\u00e1ginas: 408","rel":"","context":"Entrada similar","block_context":{"text":"Entrada similar","link":""},"img":{"alt_text":"","src":"https:\/\/i0.wp.com\/libreriaguadalupe.com.ar\/libreria\/wp-content\/uploads\/2024\/11\/AGOTADO.png?fit=960%2C1200&ssl=1&resize=350%2C200","width":350,"height":200,"srcset":"https:\/\/i0.wp.com\/libreriaguadalupe.com.ar\/libreria\/wp-content\/uploads\/2024\/11\/AGOTADO.png?fit=960%2C1200&ssl=1&resize=350%2C200 1x, https:\/\/i0.wp.com\/libreriaguadalupe.com.ar\/libreria\/wp-content\/uploads\/2024\/11\/AGOTADO.png?fit=960%2C1200&ssl=1&resize=525%2C300 1.5x, https:\/\/i0.wp.com\/libreriaguadalupe.com.ar\/libreria\/wp-content\/uploads\/2024\/11\/AGOTADO.png?fit=960%2C1200&ssl=1&resize=700%2C400 2x"},"classes":[]},{"id":19120,"url":"https:\/\/libreriaguadalupe.com.ar\/libreria\/producto\/palabras-intimas\/","url_meta":{"origin":17457,"position":2},"title":"Palabras \u00edntimas","author":"Mariano Zuqui","date":"14\/10\/2025","format":false,"excerpt":"Autor: Gustavo Aguilera T\u00edtulo: \u201cPalabras \u00edntimas\" ISBN:978-950-500-970-1 Formato: 14,5 (ancho) x 22 (alto) cms. Interior: 1\/1 color Papel: Bookcel 80 grs. N\u00ba de P\u00e1ginas: 64 Tapa:4 Colores - Cartulina - Laminado mate Encuadernaci\u00f3n: Binder \u00a0 \u00a0","rel":"","context":"Entrada similar","block_context":{"text":"Entrada similar","link":""},"img":{"alt_text":"","src":"https:\/\/i0.wp.com\/libreriaguadalupe.com.ar\/libreria\/wp-content\/uploads\/2025\/10\/1-2.png?fit=960%2C1200&ssl=1&resize=350%2C200","width":350,"height":200,"srcset":"https:\/\/i0.wp.com\/libreriaguadalupe.com.ar\/libreria\/wp-content\/uploads\/2025\/10\/1-2.png?fit=960%2C1200&ssl=1&resize=350%2C200 1x, https:\/\/i0.wp.com\/libreriaguadalupe.com.ar\/libreria\/wp-content\/uploads\/2025\/10\/1-2.png?fit=960%2C1200&ssl=1&resize=525%2C300 1.5x, https:\/\/i0.wp.com\/libreriaguadalupe.com.ar\/libreria\/wp-content\/uploads\/2025\/10\/1-2.png?fit=960%2C1200&ssl=1&resize=700%2C400 2x"},"classes":[]},{"id":12772,"url":"https:\/\/libreriaguadalupe.com.ar\/libreria\/producto\/en-el-origen-de-la-palabra-cristiana\/","url_meta":{"origin":17457,"position":3},"title":"En el origen de la palabra cristiana","author":"admin","date":"18\/01\/2023","format":false,"excerpt":"Tradici\u00f3n y escrituras en el siglo II Autor: Francine Culdaut ISBN: 8471518500 Dimensiones: 20,5 x 19 cm P\u00e1ginas: 200","rel":"","context":"Entrada similar","block_context":{"text":"Entrada similar","link":""},"img":{"alt_text":"","src":"https:\/\/i0.wp.com\/libreriaguadalupe.com.ar\/libreria\/wp-content\/uploads\/2023\/01\/En-el-origen-de-la-palabra-cristiana.jpg?fit=380%2C586&ssl=1&resize=350%2C200","width":350,"height":200},"classes":[]},{"id":19168,"url":"https:\/\/libreriaguadalupe.com.ar\/libreria\/producto\/vive-la-palabra-2026-ciclo-a-ano-par\/","url_meta":{"origin":17457,"position":4},"title":"VIVE LA PALABRA 2026 &#8211; CICLO A &#8211; A\u00d1O PAR","author":"Mariano Zuqui","date":"28\/11\/2025","format":false,"excerpt":"Autor: Editorial Guadalupe T\u00edtulo: \u201cVive La Palabra 2026 - Ciclo A - A\u00f1o Par\" ISBN:978-950-500-976 -3 Formato: 14 (ancho) x 22 (alto) cms. Interior: 1\/1 color Papel: Bookcel 80 grs. N\u00ba de P\u00e1ginas: 408 Tapa:4 Colores - Cartulina - Laminado mate Encuadernaci\u00f3n: Binder \u00a0 \u00a0","rel":"","context":"Entrada similar","block_context":{"text":"Entrada similar","link":""},"img":{"alt_text":"","src":"https:\/\/i0.wp.com\/libreriaguadalupe.com.ar\/libreria\/wp-content\/uploads\/2025\/11\/1.png?fit=960%2C1200&ssl=1&resize=350%2C200","width":350,"height":200,"srcset":"https:\/\/i0.wp.com\/libreriaguadalupe.com.ar\/libreria\/wp-content\/uploads\/2025\/11\/1.png?fit=960%2C1200&ssl=1&resize=350%2C200 1x, https:\/\/i0.wp.com\/libreriaguadalupe.com.ar\/libreria\/wp-content\/uploads\/2025\/11\/1.png?fit=960%2C1200&ssl=1&resize=525%2C300 1.5x, https:\/\/i0.wp.com\/libreriaguadalupe.com.ar\/libreria\/wp-content\/uploads\/2025\/11\/1.png?fit=960%2C1200&ssl=1&resize=700%2C400 2x"},"classes":[]},{"id":13185,"url":"https:\/\/libreriaguadalupe.com.ar\/libreria\/producto\/diez-palabras-clave-en-prehistoria\/","url_meta":{"origin":17457,"position":5},"title":"Diez Palabras Clave en Prehistoria","author":"admin","date":"18\/01\/2023","format":false,"excerpt":"Autores: Federico Bernaldo de Quir\u00f3s, Ignacio Montero Ruiz, Joaqu\u00edn Gonz\u00e1lez Echegaray, Juan Fern\u00e1ndez-Tresguerres Velasco, Manuel Hoyos G\u00f3mez, Mar\u00eda Dolores Garralda, Victoria Cabrera Vald\u00e9s ISBN: 8481690408 Dimensiones: 10,3 x 21,5 cm P\u00e1ginas: 336","rel":"","context":"Entrada similar","block_context":{"text":"Entrada similar","link":""},"img":{"alt_text":"","src":"https:\/\/i0.wp.com\/libreriaguadalupe.com.ar\/libreria\/wp-content\/uploads\/2023\/01\/Diez-Palabras-Clave-en-Prehistoria.jpg?fit=380%2C586&ssl=1&resize=350%2C200","width":350,"height":200},"classes":[]}],"_links":{"self":[{"href":"https:\/\/libreriaguadalupe.com.ar\/libreria\/wp-json\/wp\/v2\/product\/17457","targetHints":{"allow":["GET"]}}],"collection":[{"href":"https:\/\/libreriaguadalupe.com.ar\/libreria\/wp-json\/wp\/v2\/product"}],"about":[{"href":"https:\/\/libreriaguadalupe.com.ar\/libreria\/wp-json\/wp\/v2\/types\/product"}],"replies":[{"embeddable":true,"href":"https:\/\/libreriaguadalupe.com.ar\/libreria\/wp-json\/wp\/v2\/comments?post=17457"}],"version-history":[{"count":2,"href":"https:\/\/libreriaguadalupe.com.ar\/libreria\/wp-json\/wp\/v2\/product\/17457\/revisions"}],"predecessor-version":[{"id":17903,"href":"https:\/\/libreriaguadalupe.com.ar\/libreria\/wp-json\/wp\/v2\/product\/17457\/revisions\/17903"}],"wp:featuredmedia":[{"embeddable":true,"href":"https:\/\/libreriaguadalupe.com.ar\/libreria\/wp-json\/wp\/v2\/media\/17461"}],"wp:attachment":[{"href":"https:\/\/libreriaguadalupe.com.ar\/libreria\/wp-json\/wp\/v2\/media?parent=17457"}],"wp:term":[{"taxonomy":"product_brand","embeddable":true,"href":"https:\/\/libreriaguadalupe.com.ar\/libreria\/wp-json\/wp\/v2\/product_brand?post=17457"},{"taxonomy":"product_cat","embeddable":true,"href":"https:\/\/libreriaguadalupe.com.ar\/libreria\/wp-json\/wp\/v2\/product_cat?post=17457"},{"taxonomy":"product_tag","embeddable":true,"href":"https:\/\/libreriaguadalupe.com.ar\/libreria\/wp-json\/wp\/v2\/product_tag?post=17457"}],"curies":[{"name":"wp","href":"https:\/\/api.w.org\/{rel}","templated":true}]}}