{"id":17411,"date":"2023-07-28T15:12:40","date_gmt":"2023-07-28T18:12:40","guid":{"rendered":"https:\/\/libreriaguadalupe.com.ar\/libreria\/?post_type=product&#038;p=17411"},"modified":"2025-10-21T22:00:49","modified_gmt":"2025-10-22T01:00:49","slug":"verdades-que-no-parecen-verdades","status":"publish","type":"product","link":"https:\/\/libreriaguadalupe.com.ar\/libreria\/producto\/verdades-que-no-parecen-verdades\/","title":{"rendered":"Verdades que no parecen verdades"},"content":{"rendered":"<p>Hay libros amigables que, amenos y nutricios, se ofrecen solidarios. Que invitan a su lector a confraternizar, convocando a lo mejor de s\u00ed. Que son un remanso en medio del v\u00e9rtigo cotidiano. Que aguardan pacientes a que se adentren en sus p\u00e1ginas y, cuando ello sucede, despiertan las ansias de seguir buceando en ellas. Que promueven un di\u00e1logo franco y profundo con el que, libro y lector, se revitalizan. Que incitan a volver sobre sus contenidos, una y otra vez para seguir develando fragancias a\u00fan no percibidas. Que inauguran reflexiones que desaf\u00edan al interlocutor. Que\u00a0 trascienden su tiempo y circunstancia. Que revelan verdades no f\u00e1ciles de compartir ni asimilar. Que exigen una lectura atenta, l\u00facida y poco o nada complaciente.<\/p>\n<p>Aspiro a que Verdades que no parecen verdades, este \u00abhijo\u00bb reci\u00e9n nacido, con el aporte imprescindible de sus lectores, logre integrarse en la cofrad\u00eda de esos textos sublimes. Ese fue el esp\u00edritu y el anhelo con que fue escrito. Sus lectores, profanos como especialistas, dar\u00e1n el veredicto definitivo. Poblado de paradojas, inevitable mente despertar\u00e1 adhesi\u00f3n y disenso por igual. Pero, a quienes cautive como a quienes provoque, sepan que mi exclusivo af\u00e1n ha sido fecundar nuestra conciencia.<\/p>\n","protected":false},"excerpt":{"rendered":"<p><strong>La humanidad y sus paradojas.<\/strong><\/p>\n<p>&nbsp;<\/p>\n<p>Autor: Gabriel Jorge Castell\u00e1<strong><br \/>\n<\/strong>ISBN: 978-950-500-897-1<br \/>\nDimensiones: 14 x 21 cm<br \/>\nP\u00e1ginas: 318<\/p>\n","protected":false},"featured_media":17415,"comment_status":"open","ping_status":"closed","template":"","meta":{"jetpack_publicize_message":"","jetpack_publicize_feature_enabled":true,"jetpack_social_post_already_shared":true,"jetpack_social_options":{"image_generator_settings":{"template":"highway","default_image_id":0,"font":"","enabled":false},"version":2}},"product_brand":[],"product_cat":[125,88,121],"product_tag":[127,146],"class_list":{"0":"post-17411","1":"product","2":"type-product","3":"status-publish","4":"has-post-thumbnail","6":"product_cat-novedades","7":"product_cat-espiritualidad-cultura-social","8":"product_cat-guadalupe","9":"product_tag-editorial-guadalupe-de-argentina","10":"product_tag-oferta-50","12":"first","13":"instock","14":"shipping-taxable","15":"purchasable","16":"product-type-simple"},"yoast_head":"<!-- This site is optimized with the Yoast SEO plugin v27.4 - https:\/\/yoast.com\/product\/yoast-seo-wordpress\/ -->\n<title>Verdades que no parecen verdades - Editorial Guadalupe de Argentina<\/title>\n<meta name=\"description\" content=\"Hay libros amigables que, amenos y nutricios, se ofrecen solidarios. Que invitan a su lector a confraternizar, convocando a lo mejor de s\u00ed.\" \/>\n<meta name=\"robots\" content=\"index, follow, max-snippet:-1, max-image-preview:large, max-video-preview:-1\" \/>\n<link rel=\"canonical\" href=\"https:\/\/libreriaguadalupe.com.ar\/libreria\/producto\/verdades-que-no-parecen-verdades\/\" \/>\n<meta property=\"og:locale\" content=\"es_ES\" \/>\n<meta property=\"og:type\" content=\"article\" \/>\n<meta property=\"og:title\" content=\"Verdades que no parecen verdades - Editorial Guadalupe de Argentina\" \/>\n<meta property=\"og:description\" content=\"Hay libros amigables que, amenos y nutricios, se ofrecen solidarios. Que invitan a su lector a confraternizar, convocando a lo mejor de s\u00ed.\" \/>\n<meta property=\"og:url\" content=\"https:\/\/libreriaguadalupe.com.ar\/libreria\/producto\/verdades-que-no-parecen-verdades\/\" \/>\n<meta property=\"og:site_name\" content=\"Editorial Guadalupe de Argentina\" \/>\n<meta property=\"article:publisher\" content=\"https:\/\/www.facebook.com\/LibreriaGuadalupeAR\/\" \/>\n<meta property=\"article:modified_time\" content=\"2025-10-22T01:00:49+00:00\" \/>\n<meta property=\"og:image\" content=\"https:\/\/libreriaguadalupe.com.ar\/libreria\/wp-content\/uploads\/2023\/07\/Verdades-que-no-parecen-verdades.png\" \/>\n\t<meta property=\"og:image:width\" content=\"470\" \/>\n\t<meta property=\"og:image:height\" content=\"712\" \/>\n\t<meta property=\"og:image:type\" content=\"image\/png\" \/>\n<meta name=\"twitter:card\" content=\"summary_large_image\" \/>\n<meta name=\"twitter:label1\" content=\"Tiempo de lectura\" \/>\n\t<meta name=\"twitter:data1\" content=\"2 minutos\" \/>\n<script type=\"application\/ld+json\" class=\"yoast-schema-graph\">{\"@context\":\"https:\\\/\\\/schema.org\",\"@graph\":[{\"@type\":\"WebPage\",\"@id\":\"https:\\\/\\\/libreriaguadalupe.com.ar\\\/libreria\\\/producto\\\/verdades-que-no-parecen-verdades\\\/\",\"url\":\"https:\\\/\\\/libreriaguadalupe.com.ar\\\/libreria\\\/producto\\\/verdades-que-no-parecen-verdades\\\/\",\"name\":\"Verdades que no parecen verdades - Editorial Guadalupe de Argentina\",\"isPartOf\":{\"@id\":\"https:\\\/\\\/libreriaguadalupe.com.ar\\\/libreria\\\/#website\"},\"primaryImageOfPage\":{\"@id\":\"https:\\\/\\\/libreriaguadalupe.com.ar\\\/libreria\\\/producto\\\/verdades-que-no-parecen-verdades\\\/#primaryimage\"},\"image\":{\"@id\":\"https:\\\/\\\/libreriaguadalupe.com.ar\\\/libreria\\\/producto\\\/verdades-que-no-parecen-verdades\\\/#primaryimage\"},\"thumbnailUrl\":\"https:\\\/\\\/i0.wp.com\\\/libreriaguadalupe.com.ar\\\/libreria\\\/wp-content\\\/uploads\\\/2023\\\/07\\\/Verdades-que-no-parecen-verdades.png?fit=470%2C712&ssl=1\",\"datePublished\":\"2023-07-28T18:12:40+00:00\",\"dateModified\":\"2025-10-22T01:00:49+00:00\",\"description\":\"Hay libros amigables que, amenos y nutricios, se ofrecen solidarios. Que invitan a su lector a confraternizar, convocando a lo mejor de s\u00ed.\",\"breadcrumb\":{\"@id\":\"https:\\\/\\\/libreriaguadalupe.com.ar\\\/libreria\\\/producto\\\/verdades-que-no-parecen-verdades\\\/#breadcrumb\"},\"inLanguage\":\"es\",\"potentialAction\":[{\"@type\":\"ReadAction\",\"target\":[\"https:\\\/\\\/libreriaguadalupe.com.ar\\\/libreria\\\/producto\\\/verdades-que-no-parecen-verdades\\\/\"]}]},{\"@type\":\"ImageObject\",\"inLanguage\":\"es\",\"@id\":\"https:\\\/\\\/libreriaguadalupe.com.ar\\\/libreria\\\/producto\\\/verdades-que-no-parecen-verdades\\\/#primaryimage\",\"url\":\"https:\\\/\\\/i0.wp.com\\\/libreriaguadalupe.com.ar\\\/libreria\\\/wp-content\\\/uploads\\\/2023\\\/07\\\/Verdades-que-no-parecen-verdades.png?fit=470%2C712&ssl=1\",\"contentUrl\":\"https:\\\/\\\/i0.wp.com\\\/libreriaguadalupe.com.ar\\\/libreria\\\/wp-content\\\/uploads\\\/2023\\\/07\\\/Verdades-que-no-parecen-verdades.png?fit=470%2C712&ssl=1\",\"width\":470,\"height\":712},{\"@type\":\"BreadcrumbList\",\"@id\":\"https:\\\/\\\/libreriaguadalupe.com.ar\\\/libreria\\\/producto\\\/verdades-que-no-parecen-verdades\\\/#breadcrumb\",\"itemListElement\":[{\"@type\":\"ListItem\",\"position\":1,\"name\":\"Portada\",\"item\":\"https:\\\/\\\/libreriaguadalupe.com.ar\\\/libreria\\\/\"},{\"@type\":\"ListItem\",\"position\":2,\"name\":\"Tienda\",\"item\":\"https:\\\/\\\/libreriaguadalupe.com.ar\\\/libreria\\\/\"},{\"@type\":\"ListItem\",\"position\":3,\"name\":\"Verdades que no parecen verdades\"}]},{\"@type\":\"WebSite\",\"@id\":\"https:\\\/\\\/libreriaguadalupe.com.ar\\\/libreria\\\/#website\",\"url\":\"https:\\\/\\\/libreriaguadalupe.com.ar\\\/libreria\\\/\",\"name\":\"Editorial Guadalupe de Argentina\",\"description\":\"Congregaci\u00f3n del Verbo Divino\",\"publisher\":{\"@id\":\"https:\\\/\\\/libreriaguadalupe.com.ar\\\/libreria\\\/#organization\"},\"alternateName\":\"Librer\u00eda Guadalupe\",\"potentialAction\":[{\"@type\":\"SearchAction\",\"target\":{\"@type\":\"EntryPoint\",\"urlTemplate\":\"https:\\\/\\\/libreriaguadalupe.com.ar\\\/libreria\\\/?s={search_term_string}\"},\"query-input\":{\"@type\":\"PropertyValueSpecification\",\"valueRequired\":true,\"valueName\":\"search_term_string\"}}],\"inLanguage\":\"es\"},{\"@type\":\"Organization\",\"@id\":\"https:\\\/\\\/libreriaguadalupe.com.ar\\\/libreria\\\/#organization\",\"name\":\"Editorial Guadalupe\",\"alternateName\":\"Librer\u00eda Guadalupe\",\"url\":\"https:\\\/\\\/libreriaguadalupe.com.ar\\\/libreria\\\/\",\"logo\":{\"@type\":\"ImageObject\",\"inLanguage\":\"es\",\"@id\":\"https:\\\/\\\/libreriaguadalupe.com.ar\\\/libreria\\\/#\\\/schema\\\/logo\\\/image\\\/\",\"url\":\"https:\\\/\\\/i0.wp.com\\\/libreriaguadalupe.com.ar\\\/libreria\\\/wp-content\\\/uploads\\\/2023\\\/01\\\/cropped-logo-editorial-guadalupe.webp?fit=500%2C100&ssl=1\",\"contentUrl\":\"https:\\\/\\\/i0.wp.com\\\/libreriaguadalupe.com.ar\\\/libreria\\\/wp-content\\\/uploads\\\/2023\\\/01\\\/cropped-logo-editorial-guadalupe.webp?fit=500%2C100&ssl=1\",\"width\":500,\"height\":100,\"caption\":\"Editorial Guadalupe\"},\"image\":{\"@id\":\"https:\\\/\\\/libreriaguadalupe.com.ar\\\/libreria\\\/#\\\/schema\\\/logo\\\/image\\\/\"},\"sameAs\":[\"https:\\\/\\\/www.facebook.com\\\/LibreriaGuadalupeAR\\\/\",\"https:\\\/\\\/www.instagram.com\\\/editorialguadalupe\\\/\",\"https:\\\/\\\/guadalupeeditorial.mercadoshops.com.ar\\\/\"]}]}<\/script>\n<!-- \/ Yoast SEO plugin. -->","yoast_head_json":{"title":"Verdades que no parecen verdades - Editorial Guadalupe de Argentina","description":"Hay libros amigables que, amenos y nutricios, se ofrecen solidarios. Que invitan a su lector a confraternizar, convocando a lo mejor de s\u00ed.","robots":{"index":"index","follow":"follow","max-snippet":"max-snippet:-1","max-image-preview":"max-image-preview:large","max-video-preview":"max-video-preview:-1"},"canonical":"https:\/\/libreriaguadalupe.com.ar\/libreria\/producto\/verdades-que-no-parecen-verdades\/","og_locale":"es_ES","og_type":"article","og_title":"Verdades que no parecen verdades - Editorial Guadalupe de Argentina","og_description":"Hay libros amigables que, amenos y nutricios, se ofrecen solidarios. Que invitan a su lector a confraternizar, convocando a lo mejor de s\u00ed.","og_url":"https:\/\/libreriaguadalupe.com.ar\/libreria\/producto\/verdades-que-no-parecen-verdades\/","og_site_name":"Editorial Guadalupe de Argentina","article_publisher":"https:\/\/www.facebook.com\/LibreriaGuadalupeAR\/","article_modified_time":"2025-10-22T01:00:49+00:00","og_image":[{"width":470,"height":712,"url":"https:\/\/libreriaguadalupe.com.ar\/libreria\/wp-content\/uploads\/2023\/07\/Verdades-que-no-parecen-verdades.png","type":"image\/png"}],"twitter_card":"summary_large_image","twitter_misc":{"Tiempo de lectura":"2 minutos"},"schema":{"@context":"https:\/\/schema.org","@graph":[{"@type":"WebPage","@id":"https:\/\/libreriaguadalupe.com.ar\/libreria\/producto\/verdades-que-no-parecen-verdades\/","url":"https:\/\/libreriaguadalupe.com.ar\/libreria\/producto\/verdades-que-no-parecen-verdades\/","name":"Verdades que no parecen verdades - Editorial Guadalupe de Argentina","isPartOf":{"@id":"https:\/\/libreriaguadalupe.com.ar\/libreria\/#website"},"primaryImageOfPage":{"@id":"https:\/\/libreriaguadalupe.com.ar\/libreria\/producto\/verdades-que-no-parecen-verdades\/#primaryimage"},"image":{"@id":"https:\/\/libreriaguadalupe.com.ar\/libreria\/producto\/verdades-que-no-parecen-verdades\/#primaryimage"},"thumbnailUrl":"https:\/\/i0.wp.com\/libreriaguadalupe.com.ar\/libreria\/wp-content\/uploads\/2023\/07\/Verdades-que-no-parecen-verdades.png?fit=470%2C712&ssl=1","datePublished":"2023-07-28T18:12:40+00:00","dateModified":"2025-10-22T01:00:49+00:00","description":"Hay libros amigables que, amenos y nutricios, se ofrecen solidarios. Que invitan a su lector a confraternizar, convocando a lo mejor de s\u00ed.","breadcrumb":{"@id":"https:\/\/libreriaguadalupe.com.ar\/libreria\/producto\/verdades-que-no-parecen-verdades\/#breadcrumb"},"inLanguage":"es","potentialAction":[{"@type":"ReadAction","target":["https:\/\/libreriaguadalupe.com.ar\/libreria\/producto\/verdades-que-no-parecen-verdades\/"]}]},{"@type":"ImageObject","inLanguage":"es","@id":"https:\/\/libreriaguadalupe.com.ar\/libreria\/producto\/verdades-que-no-parecen-verdades\/#primaryimage","url":"https:\/\/i0.wp.com\/libreriaguadalupe.com.ar\/libreria\/wp-content\/uploads\/2023\/07\/Verdades-que-no-parecen-verdades.png?fit=470%2C712&ssl=1","contentUrl":"https:\/\/i0.wp.com\/libreriaguadalupe.com.ar\/libreria\/wp-content\/uploads\/2023\/07\/Verdades-que-no-parecen-verdades.png?fit=470%2C712&ssl=1","width":470,"height":712},{"@type":"BreadcrumbList","@id":"https:\/\/libreriaguadalupe.com.ar\/libreria\/producto\/verdades-que-no-parecen-verdades\/#breadcrumb","itemListElement":[{"@type":"ListItem","position":1,"name":"Portada","item":"https:\/\/libreriaguadalupe.com.ar\/libreria\/"},{"@type":"ListItem","position":2,"name":"Tienda","item":"https:\/\/libreriaguadalupe.com.ar\/libreria\/"},{"@type":"ListItem","position":3,"name":"Verdades que no parecen verdades"}]},{"@type":"WebSite","@id":"https:\/\/libreriaguadalupe.com.ar\/libreria\/#website","url":"https:\/\/libreriaguadalupe.com.ar\/libreria\/","name":"Editorial Guadalupe de Argentina","description":"Congregaci\u00f3n del Verbo Divino","publisher":{"@id":"https:\/\/libreriaguadalupe.com.ar\/libreria\/#organization"},"alternateName":"Librer\u00eda Guadalupe","potentialAction":[{"@type":"SearchAction","target":{"@type":"EntryPoint","urlTemplate":"https:\/\/libreriaguadalupe.com.ar\/libreria\/?s={search_term_string}"},"query-input":{"@type":"PropertyValueSpecification","valueRequired":true,"valueName":"search_term_string"}}],"inLanguage":"es"},{"@type":"Organization","@id":"https:\/\/libreriaguadalupe.com.ar\/libreria\/#organization","name":"Editorial Guadalupe","alternateName":"Librer\u00eda Guadalupe","url":"https:\/\/libreriaguadalupe.com.ar\/libreria\/","logo":{"@type":"ImageObject","inLanguage":"es","@id":"https:\/\/libreriaguadalupe.com.ar\/libreria\/#\/schema\/logo\/image\/","url":"https:\/\/i0.wp.com\/libreriaguadalupe.com.ar\/libreria\/wp-content\/uploads\/2023\/01\/cropped-logo-editorial-guadalupe.webp?fit=500%2C100&ssl=1","contentUrl":"https:\/\/i0.wp.com\/libreriaguadalupe.com.ar\/libreria\/wp-content\/uploads\/2023\/01\/cropped-logo-editorial-guadalupe.webp?fit=500%2C100&ssl=1","width":500,"height":100,"caption":"Editorial Guadalupe"},"image":{"@id":"https:\/\/libreriaguadalupe.com.ar\/libreria\/#\/schema\/logo\/image\/"},"sameAs":["https:\/\/www.facebook.com\/LibreriaGuadalupeAR\/","https:\/\/www.instagram.com\/editorialguadalupe\/","https:\/\/guadalupeeditorial.mercadoshops.com.ar\/"]}]}},"jetpack_publicize_connections":[],"jetpack_sharing_enabled":true,"jetpack-related-posts":[{"id":19084,"url":"https:\/\/libreriaguadalupe.com.ar\/libreria\/producto\/llamados-a-vivir-en-plenitud\/","url_meta":{"origin":17411,"position":0},"title":"\u00abLlamados a vivir en plenitud\u00bb","author":"Mariano Zuqui","date":"24\/09\/2025","format":false,"excerpt":"Autor: Mar\u00eda In\u00e9s Castro - Irene Rosa Klein T\u00edtulo: \u201cLlamados a Vivir en Plenitud\" ISBN:978-950-500-965-7 Formato: 15,5 (ancho) x 22,5 (alto) cms. Interior: 1\/1 color Papel: Bookcel 80 grs. N\u00ba de P\u00e1ginas: 200 Tapa:4 Colores - Cartulina - Laminado mate Encuadernaci\u00f3n: Binder \u00a0 \u00a0","rel":"","context":"Entrada similar","block_context":{"text":"Entrada similar","link":""},"img":{"alt_text":"","src":"https:\/\/i0.wp.com\/libreriaguadalupe.com.ar\/libreria\/wp-content\/uploads\/2025\/09\/1-4.png?fit=960%2C1200&ssl=1&resize=350%2C200","width":350,"height":200,"srcset":"https:\/\/i0.wp.com\/libreriaguadalupe.com.ar\/libreria\/wp-content\/uploads\/2025\/09\/1-4.png?fit=960%2C1200&ssl=1&resize=350%2C200 1x, https:\/\/i0.wp.com\/libreriaguadalupe.com.ar\/libreria\/wp-content\/uploads\/2025\/09\/1-4.png?fit=960%2C1200&ssl=1&resize=525%2C300 1.5x, https:\/\/i0.wp.com\/libreriaguadalupe.com.ar\/libreria\/wp-content\/uploads\/2025\/09\/1-4.png?fit=960%2C1200&ssl=1&resize=700%2C400 2x"},"classes":[]},{"id":15816,"url":"https:\/\/libreriaguadalupe.com.ar\/libreria\/producto\/violencia-sexismo-silencio\/","url_meta":{"origin":17411,"position":1},"title":"Violencia, sexismo, silencio","author":"admin","date":"11\/02\/2023","format":false,"excerpt":"In-conclusiones en el libro de los Jueces Autor: Mercedes Navarro Puerto ISBN: 8499456232 Dimensiones: 16 x 24 cm P\u00e1ginas: 192","rel":"","context":"Entrada similar","block_context":{"text":"Entrada similar","link":""},"img":{"alt_text":"","src":"https:\/\/i0.wp.com\/libreriaguadalupe.com.ar\/libreria\/wp-content\/uploads\/2023\/02\/Violencia-sexismo-silencio.jpg?fit=380%2C586&ssl=1&resize=350%2C200","width":350,"height":200},"classes":[]},{"id":14693,"url":"https:\/\/libreriaguadalupe.com.ar\/libreria\/producto\/novedad-pequena-semilla\/","url_meta":{"origin":17411,"position":2},"title":"PEQUE\u00d1A SEMILLA","author":"admin","date":"05\/02\/2023","format":false,"excerpt":"AUTOR: ROGELIO GERARDO ISBN: 9505008834","rel":"","context":"Entrada similar","block_context":{"text":"Entrada similar","link":""},"img":{"alt_text":"","src":"https:\/\/i0.wp.com\/libreriaguadalupe.com.ar\/libreria\/wp-content\/uploads\/2023\/02\/Pequena-semilla-Tapa-chico.jpg?fit=343%2C500&ssl=1&resize=350%2C200","width":350,"height":200},"classes":[]},{"id":16974,"url":"https:\/\/libreriaguadalupe.com.ar\/libreria\/producto\/cual-es-el-origen-del-diablo\/","url_meta":{"origin":17411,"position":3},"title":"\u00bfCu\u00e1l es el origen del diablo?","author":"admin","date":"23\/03\/2023","format":false,"excerpt":"Y otras 19 preguntas sobre la Biblia Autor: Ariel \u00c1lvarez Vald\u00e9s ISBN: 8490736265 Dimensiones: 17 x 24 cm P\u00e1ginas: 176","rel":"","context":"Entrada similar","block_context":{"text":"Entrada similar","link":""},"img":{"alt_text":"","src":"https:\/\/i0.wp.com\/libreriaguadalupe.com.ar\/libreria\/wp-content\/uploads\/2023\/03\/Cual-es-el-origen-del-diablo.jpg?fit=380%2C586&ssl=1&resize=350%2C200","width":350,"height":200},"classes":[]},{"id":12786,"url":"https:\/\/libreriaguadalupe.com.ar\/libreria\/producto\/origenes-lector-de-la-escritura\/","url_meta":{"origin":17411,"position":4},"title":"Origenes, lector de la escritura","author":"admin","date":"18\/01\/2023","format":false,"excerpt":"Autor: Villey, Lucile ISBN: 8481692914 Dimensiones: 20,5 x 19 cm P\u00e1ginas: 96","rel":"","context":"Entrada similar","block_context":{"text":"Entrada similar","link":""},"img":{"alt_text":"","src":"https:\/\/i0.wp.com\/libreriaguadalupe.com.ar\/libreria\/wp-content\/uploads\/2023\/01\/ORIGENES-LECTOR-DE-LA-ESCRITURA.jpg?fit=380%2C586&ssl=1&resize=350%2C200","width":350,"height":200},"classes":[]},{"id":15936,"url":"https:\/\/libreriaguadalupe.com.ar\/libreria\/producto\/el-sentido-de-la-vida\/","url_meta":{"origin":17411,"position":5},"title":"El sentido de la vida","author":"admin","date":"12\/02\/2023","format":false,"excerpt":"Deseo que cada lector pueda \"ejercitar espiritualmente\" los contenidos del libro que contribuyen a clarificar \"el sentido de la vida\". AUTOR: Claudio Rizzo ISBN: 9505007691","rel":"","context":"Entrada similar","block_context":{"text":"Entrada similar","link":""},"img":{"alt_text":"","src":"https:\/\/i0.wp.com\/libreriaguadalupe.com.ar\/libreria\/wp-content\/uploads\/2023\/02\/El-sentido-de-la-vida.jpg?fit=304%2C458&ssl=1&resize=350%2C200","width":350,"height":200},"classes":[]}],"_links":{"self":[{"href":"https:\/\/libreriaguadalupe.com.ar\/libreria\/wp-json\/wp\/v2\/product\/17411","targetHints":{"allow":["GET"]}}],"collection":[{"href":"https:\/\/libreriaguadalupe.com.ar\/libreria\/wp-json\/wp\/v2\/product"}],"about":[{"href":"https:\/\/libreriaguadalupe.com.ar\/libreria\/wp-json\/wp\/v2\/types\/product"}],"replies":[{"embeddable":true,"href":"https:\/\/libreriaguadalupe.com.ar\/libreria\/wp-json\/wp\/v2\/comments?post=17411"}],"version-history":[{"count":2,"href":"https:\/\/libreriaguadalupe.com.ar\/libreria\/wp-json\/wp\/v2\/product\/17411\/revisions"}],"predecessor-version":[{"id":17904,"href":"https:\/\/libreriaguadalupe.com.ar\/libreria\/wp-json\/wp\/v2\/product\/17411\/revisions\/17904"}],"wp:featuredmedia":[{"embeddable":true,"href":"https:\/\/libreriaguadalupe.com.ar\/libreria\/wp-json\/wp\/v2\/media\/17415"}],"wp:attachment":[{"href":"https:\/\/libreriaguadalupe.com.ar\/libreria\/wp-json\/wp\/v2\/media?parent=17411"}],"wp:term":[{"taxonomy":"product_brand","embeddable":true,"href":"https:\/\/libreriaguadalupe.com.ar\/libreria\/wp-json\/wp\/v2\/product_brand?post=17411"},{"taxonomy":"product_cat","embeddable":true,"href":"https:\/\/libreriaguadalupe.com.ar\/libreria\/wp-json\/wp\/v2\/product_cat?post=17411"},{"taxonomy":"product_tag","embeddable":true,"href":"https:\/\/libreriaguadalupe.com.ar\/libreria\/wp-json\/wp\/v2\/product_tag?post=17411"}],"curies":[{"name":"wp","href":"https:\/\/api.w.org\/{rel}","templated":true}]}}