{"id":17384,"date":"2023-07-06T14:32:09","date_gmt":"2023-07-06T17:32:09","guid":{"rendered":"https:\/\/libreriaguadalupe.com.ar\/libreria\/?post_type=product&#038;p=17384"},"modified":"2025-05-05T18:17:01","modified_gmt":"2025-05-05T21:17:01","slug":"parabola-del-hijo-prodigo-y-nosotros","status":"publish","type":"product","link":"https:\/\/libreriaguadalupe.com.ar\/libreria\/producto\/parabola-del-hijo-prodigo-y-nosotros\/","title":{"rendered":"Par\u00e1bola del hijo pr\u00f3digo y nosotros"},"content":{"rendered":"<p>En este libro presentamos los rasgos m\u00e1s espec\u00edficos del evangelio lucano,<br \/>\ndonde se ubica esta magn\u00edfica par\u00e1bola; analizamos la situaci\u00f3n vital que<br \/>\nocasiona su creaci\u00f3n, los niveles de lectura del texto, las peculiaridades de<br \/>\nlos personajes que intervienen y a quienes representan; nos detenemos<br \/>\nen relatos del evangelio directamente relacionados con esta par\u00e1bola, que<br \/>\nayudan a su mejor comprensi\u00f3n.<\/p>\n<p>Y, sobre todo, nos centramos en el mensaje que hay para nosotros, hoy,<br \/>\ndescubriendo y analizando al \u201chijo menor\u201d y al \u201chijo mayor\u201d que todos<br \/>\nllevamos dentro, pues todos estamos llamados a una genuina conversi\u00f3n,<br \/>\nviviendo una pulida filiaci\u00f3n con el Padre celestial, y una compasiva<br \/>\nfraternidad de la mano de nuestro aut\u00e9ntico Hermano mayor, Jes\u00fas.<\/p>\n","protected":false},"excerpt":{"rendered":"<p><img decoding=\"async\" class=\"alignnone size-full wp-image-16595\" src=\"https:\/\/libreriaguadalupe.com.ar\/libreria\/wp-content\/uploads\/2023\/03\/nuevo.png\" alt=\"\" width=\"200\" height=\"125\" \/><\/p>\n<p>Autor: Mateo Bautista<br \/>\n<strong><a href=\"https:\/\/libreriaguadalupe.com.ar\/libreria\/?s=Bautista+Mateo&amp;post_type=product\"><span style=\"color: #ffcc00;\">[ VER M\u00c1S OBRAS ]<\/span><\/a><br \/>\n<\/strong>ISBN: 978-950-500-871-1<br \/>\nDimensiones: 15 x 22 cm<br \/>\nP\u00e1ginas: 248<\/p>\n","protected":false},"featured_media":17386,"comment_status":"open","ping_status":"closed","template":"","meta":{"jetpack_publicize_message":"","jetpack_publicize_feature_enabled":true,"jetpack_social_post_already_shared":true,"jetpack_social_options":{"image_generator_settings":{"template":"highway","default_image_id":0,"font":"","enabled":false},"version":2}},"product_brand":[],"product_cat":[125,144,88,121],"product_tag":[127,146],"class_list":{"0":"post-17384","1":"product","2":"type-product","3":"status-publish","4":"has-post-thumbnail","6":"product_cat-novedades","7":"product_cat-especial-pascua","8":"product_cat-espiritualidad-cultura-social","9":"product_cat-guadalupe","10":"product_tag-editorial-guadalupe-de-argentina","11":"product_tag-oferta-50","13":"first","14":"instock","15":"shipping-taxable","16":"purchasable","17":"product-type-simple"},"yoast_head":"<!-- This site is optimized with the Yoast SEO plugin v27.4 - https:\/\/yoast.com\/product\/yoast-seo-wordpress\/ -->\n<title>Par\u00e1bola del hijo pr\u00f3digo y nosotros - Editorial Guadalupe de Argentina<\/title>\n<meta name=\"description\" content=\"En este libro presentamos los rasgos m\u00e1s espec\u00edficos del evangelio lucano,donde se ubica esta magn\u00edfica par\u00e1bola; analizamos la situaci\u00f3n vital que ocasiona\" \/>\n<meta name=\"robots\" content=\"index, follow, max-snippet:-1, max-image-preview:large, max-video-preview:-1\" \/>\n<link rel=\"canonical\" href=\"https:\/\/libreriaguadalupe.com.ar\/libreria\/producto\/parabola-del-hijo-prodigo-y-nosotros\/\" \/>\n<meta property=\"og:locale\" content=\"es_ES\" \/>\n<meta property=\"og:type\" content=\"article\" \/>\n<meta property=\"og:title\" content=\"Par\u00e1bola del hijo pr\u00f3digo y nosotros - Editorial Guadalupe de Argentina\" \/>\n<meta property=\"og:description\" content=\"En este libro presentamos los rasgos m\u00e1s espec\u00edficos del evangelio lucano,donde se ubica esta magn\u00edfica par\u00e1bola; analizamos la situaci\u00f3n vital que ocasiona\" \/>\n<meta property=\"og:url\" content=\"https:\/\/libreriaguadalupe.com.ar\/libreria\/producto\/parabola-del-hijo-prodigo-y-nosotros\/\" \/>\n<meta property=\"og:site_name\" content=\"Editorial Guadalupe de Argentina\" \/>\n<meta property=\"article:publisher\" content=\"https:\/\/www.facebook.com\/LibreriaGuadalupeAR\/\" \/>\n<meta property=\"article:modified_time\" content=\"2025-05-05T21:17:01+00:00\" \/>\n<meta property=\"og:image\" content=\"https:\/\/libreriaguadalupe.com.ar\/libreria\/wp-content\/uploads\/2023\/07\/Parabola-del-hijo-prodigo-y-nosotros.png\" \/>\n\t<meta property=\"og:image:width\" content=\"470\" \/>\n\t<meta property=\"og:image:height\" content=\"712\" \/>\n\t<meta property=\"og:image:type\" content=\"image\/png\" \/>\n<meta name=\"twitter:card\" content=\"summary_large_image\" \/>\n<meta name=\"twitter:label1\" content=\"Tiempo de lectura\" \/>\n\t<meta name=\"twitter:data1\" content=\"1 minuto\" \/>\n<script type=\"application\/ld+json\" class=\"yoast-schema-graph\">{\"@context\":\"https:\\\/\\\/schema.org\",\"@graph\":[{\"@type\":\"WebPage\",\"@id\":\"https:\\\/\\\/libreriaguadalupe.com.ar\\\/libreria\\\/producto\\\/parabola-del-hijo-prodigo-y-nosotros\\\/\",\"url\":\"https:\\\/\\\/libreriaguadalupe.com.ar\\\/libreria\\\/producto\\\/parabola-del-hijo-prodigo-y-nosotros\\\/\",\"name\":\"Par\u00e1bola del hijo pr\u00f3digo y nosotros - Editorial Guadalupe de Argentina\",\"isPartOf\":{\"@id\":\"https:\\\/\\\/libreriaguadalupe.com.ar\\\/libreria\\\/#website\"},\"primaryImageOfPage\":{\"@id\":\"https:\\\/\\\/libreriaguadalupe.com.ar\\\/libreria\\\/producto\\\/parabola-del-hijo-prodigo-y-nosotros\\\/#primaryimage\"},\"image\":{\"@id\":\"https:\\\/\\\/libreriaguadalupe.com.ar\\\/libreria\\\/producto\\\/parabola-del-hijo-prodigo-y-nosotros\\\/#primaryimage\"},\"thumbnailUrl\":\"https:\\\/\\\/i0.wp.com\\\/libreriaguadalupe.com.ar\\\/libreria\\\/wp-content\\\/uploads\\\/2023\\\/07\\\/Parabola-del-hijo-prodigo-y-nosotros.png?fit=470%2C712&ssl=1\",\"datePublished\":\"2023-07-06T17:32:09+00:00\",\"dateModified\":\"2025-05-05T21:17:01+00:00\",\"description\":\"En este libro presentamos los rasgos m\u00e1s espec\u00edficos del evangelio lucano,donde se ubica esta magn\u00edfica par\u00e1bola; analizamos la situaci\u00f3n vital que ocasiona\",\"breadcrumb\":{\"@id\":\"https:\\\/\\\/libreriaguadalupe.com.ar\\\/libreria\\\/producto\\\/parabola-del-hijo-prodigo-y-nosotros\\\/#breadcrumb\"},\"inLanguage\":\"es\",\"potentialAction\":[{\"@type\":\"ReadAction\",\"target\":[\"https:\\\/\\\/libreriaguadalupe.com.ar\\\/libreria\\\/producto\\\/parabola-del-hijo-prodigo-y-nosotros\\\/\"]}]},{\"@type\":\"ImageObject\",\"inLanguage\":\"es\",\"@id\":\"https:\\\/\\\/libreriaguadalupe.com.ar\\\/libreria\\\/producto\\\/parabola-del-hijo-prodigo-y-nosotros\\\/#primaryimage\",\"url\":\"https:\\\/\\\/i0.wp.com\\\/libreriaguadalupe.com.ar\\\/libreria\\\/wp-content\\\/uploads\\\/2023\\\/07\\\/Parabola-del-hijo-prodigo-y-nosotros.png?fit=470%2C712&ssl=1\",\"contentUrl\":\"https:\\\/\\\/i0.wp.com\\\/libreriaguadalupe.com.ar\\\/libreria\\\/wp-content\\\/uploads\\\/2023\\\/07\\\/Parabola-del-hijo-prodigo-y-nosotros.png?fit=470%2C712&ssl=1\",\"width\":470,\"height\":712},{\"@type\":\"BreadcrumbList\",\"@id\":\"https:\\\/\\\/libreriaguadalupe.com.ar\\\/libreria\\\/producto\\\/parabola-del-hijo-prodigo-y-nosotros\\\/#breadcrumb\",\"itemListElement\":[{\"@type\":\"ListItem\",\"position\":1,\"name\":\"Portada\",\"item\":\"https:\\\/\\\/libreriaguadalupe.com.ar\\\/libreria\\\/\"},{\"@type\":\"ListItem\",\"position\":2,\"name\":\"Tienda\",\"item\":\"https:\\\/\\\/libreriaguadalupe.com.ar\\\/libreria\\\/\"},{\"@type\":\"ListItem\",\"position\":3,\"name\":\"Par\u00e1bola del hijo pr\u00f3digo y nosotros\"}]},{\"@type\":\"WebSite\",\"@id\":\"https:\\\/\\\/libreriaguadalupe.com.ar\\\/libreria\\\/#website\",\"url\":\"https:\\\/\\\/libreriaguadalupe.com.ar\\\/libreria\\\/\",\"name\":\"Editorial Guadalupe de Argentina\",\"description\":\"Congregaci\u00f3n del Verbo Divino\",\"publisher\":{\"@id\":\"https:\\\/\\\/libreriaguadalupe.com.ar\\\/libreria\\\/#organization\"},\"alternateName\":\"Librer\u00eda Guadalupe\",\"potentialAction\":[{\"@type\":\"SearchAction\",\"target\":{\"@type\":\"EntryPoint\",\"urlTemplate\":\"https:\\\/\\\/libreriaguadalupe.com.ar\\\/libreria\\\/?s={search_term_string}\"},\"query-input\":{\"@type\":\"PropertyValueSpecification\",\"valueRequired\":true,\"valueName\":\"search_term_string\"}}],\"inLanguage\":\"es\"},{\"@type\":\"Organization\",\"@id\":\"https:\\\/\\\/libreriaguadalupe.com.ar\\\/libreria\\\/#organization\",\"name\":\"Editorial Guadalupe\",\"alternateName\":\"Librer\u00eda Guadalupe\",\"url\":\"https:\\\/\\\/libreriaguadalupe.com.ar\\\/libreria\\\/\",\"logo\":{\"@type\":\"ImageObject\",\"inLanguage\":\"es\",\"@id\":\"https:\\\/\\\/libreriaguadalupe.com.ar\\\/libreria\\\/#\\\/schema\\\/logo\\\/image\\\/\",\"url\":\"https:\\\/\\\/i0.wp.com\\\/libreriaguadalupe.com.ar\\\/libreria\\\/wp-content\\\/uploads\\\/2023\\\/01\\\/cropped-logo-editorial-guadalupe.webp?fit=500%2C100&ssl=1\",\"contentUrl\":\"https:\\\/\\\/i0.wp.com\\\/libreriaguadalupe.com.ar\\\/libreria\\\/wp-content\\\/uploads\\\/2023\\\/01\\\/cropped-logo-editorial-guadalupe.webp?fit=500%2C100&ssl=1\",\"width\":500,\"height\":100,\"caption\":\"Editorial Guadalupe\"},\"image\":{\"@id\":\"https:\\\/\\\/libreriaguadalupe.com.ar\\\/libreria\\\/#\\\/schema\\\/logo\\\/image\\\/\"},\"sameAs\":[\"https:\\\/\\\/www.facebook.com\\\/LibreriaGuadalupeAR\\\/\",\"https:\\\/\\\/www.instagram.com\\\/editorialguadalupe\\\/\",\"https:\\\/\\\/guadalupeeditorial.mercadoshops.com.ar\\\/\"]}]}<\/script>\n<!-- \/ Yoast SEO plugin. -->","yoast_head_json":{"title":"Par\u00e1bola del hijo pr\u00f3digo y nosotros - Editorial Guadalupe de Argentina","description":"En este libro presentamos los rasgos m\u00e1s espec\u00edficos del evangelio lucano,donde se ubica esta magn\u00edfica par\u00e1bola; analizamos la situaci\u00f3n vital que ocasiona","robots":{"index":"index","follow":"follow","max-snippet":"max-snippet:-1","max-image-preview":"max-image-preview:large","max-video-preview":"max-video-preview:-1"},"canonical":"https:\/\/libreriaguadalupe.com.ar\/libreria\/producto\/parabola-del-hijo-prodigo-y-nosotros\/","og_locale":"es_ES","og_type":"article","og_title":"Par\u00e1bola del hijo pr\u00f3digo y nosotros - Editorial Guadalupe de Argentina","og_description":"En este libro presentamos los rasgos m\u00e1s espec\u00edficos del evangelio lucano,donde se ubica esta magn\u00edfica par\u00e1bola; analizamos la situaci\u00f3n vital que ocasiona","og_url":"https:\/\/libreriaguadalupe.com.ar\/libreria\/producto\/parabola-del-hijo-prodigo-y-nosotros\/","og_site_name":"Editorial Guadalupe de Argentina","article_publisher":"https:\/\/www.facebook.com\/LibreriaGuadalupeAR\/","article_modified_time":"2025-05-05T21:17:01+00:00","og_image":[{"width":470,"height":712,"url":"https:\/\/libreriaguadalupe.com.ar\/libreria\/wp-content\/uploads\/2023\/07\/Parabola-del-hijo-prodigo-y-nosotros.png","type":"image\/png"}],"twitter_card":"summary_large_image","twitter_misc":{"Tiempo de lectura":"1 minuto"},"schema":{"@context":"https:\/\/schema.org","@graph":[{"@type":"WebPage","@id":"https:\/\/libreriaguadalupe.com.ar\/libreria\/producto\/parabola-del-hijo-prodigo-y-nosotros\/","url":"https:\/\/libreriaguadalupe.com.ar\/libreria\/producto\/parabola-del-hijo-prodigo-y-nosotros\/","name":"Par\u00e1bola del hijo pr\u00f3digo y nosotros - Editorial Guadalupe de Argentina","isPartOf":{"@id":"https:\/\/libreriaguadalupe.com.ar\/libreria\/#website"},"primaryImageOfPage":{"@id":"https:\/\/libreriaguadalupe.com.ar\/libreria\/producto\/parabola-del-hijo-prodigo-y-nosotros\/#primaryimage"},"image":{"@id":"https:\/\/libreriaguadalupe.com.ar\/libreria\/producto\/parabola-del-hijo-prodigo-y-nosotros\/#primaryimage"},"thumbnailUrl":"https:\/\/i0.wp.com\/libreriaguadalupe.com.ar\/libreria\/wp-content\/uploads\/2023\/07\/Parabola-del-hijo-prodigo-y-nosotros.png?fit=470%2C712&ssl=1","datePublished":"2023-07-06T17:32:09+00:00","dateModified":"2025-05-05T21:17:01+00:00","description":"En este libro presentamos los rasgos m\u00e1s espec\u00edficos del evangelio lucano,donde se ubica esta magn\u00edfica par\u00e1bola; analizamos la situaci\u00f3n vital que ocasiona","breadcrumb":{"@id":"https:\/\/libreriaguadalupe.com.ar\/libreria\/producto\/parabola-del-hijo-prodigo-y-nosotros\/#breadcrumb"},"inLanguage":"es","potentialAction":[{"@type":"ReadAction","target":["https:\/\/libreriaguadalupe.com.ar\/libreria\/producto\/parabola-del-hijo-prodigo-y-nosotros\/"]}]},{"@type":"ImageObject","inLanguage":"es","@id":"https:\/\/libreriaguadalupe.com.ar\/libreria\/producto\/parabola-del-hijo-prodigo-y-nosotros\/#primaryimage","url":"https:\/\/i0.wp.com\/libreriaguadalupe.com.ar\/libreria\/wp-content\/uploads\/2023\/07\/Parabola-del-hijo-prodigo-y-nosotros.png?fit=470%2C712&ssl=1","contentUrl":"https:\/\/i0.wp.com\/libreriaguadalupe.com.ar\/libreria\/wp-content\/uploads\/2023\/07\/Parabola-del-hijo-prodigo-y-nosotros.png?fit=470%2C712&ssl=1","width":470,"height":712},{"@type":"BreadcrumbList","@id":"https:\/\/libreriaguadalupe.com.ar\/libreria\/producto\/parabola-del-hijo-prodigo-y-nosotros\/#breadcrumb","itemListElement":[{"@type":"ListItem","position":1,"name":"Portada","item":"https:\/\/libreriaguadalupe.com.ar\/libreria\/"},{"@type":"ListItem","position":2,"name":"Tienda","item":"https:\/\/libreriaguadalupe.com.ar\/libreria\/"},{"@type":"ListItem","position":3,"name":"Par\u00e1bola del hijo pr\u00f3digo y nosotros"}]},{"@type":"WebSite","@id":"https:\/\/libreriaguadalupe.com.ar\/libreria\/#website","url":"https:\/\/libreriaguadalupe.com.ar\/libreria\/","name":"Editorial Guadalupe de Argentina","description":"Congregaci\u00f3n del Verbo Divino","publisher":{"@id":"https:\/\/libreriaguadalupe.com.ar\/libreria\/#organization"},"alternateName":"Librer\u00eda Guadalupe","potentialAction":[{"@type":"SearchAction","target":{"@type":"EntryPoint","urlTemplate":"https:\/\/libreriaguadalupe.com.ar\/libreria\/?s={search_term_string}"},"query-input":{"@type":"PropertyValueSpecification","valueRequired":true,"valueName":"search_term_string"}}],"inLanguage":"es"},{"@type":"Organization","@id":"https:\/\/libreriaguadalupe.com.ar\/libreria\/#organization","name":"Editorial Guadalupe","alternateName":"Librer\u00eda Guadalupe","url":"https:\/\/libreriaguadalupe.com.ar\/libreria\/","logo":{"@type":"ImageObject","inLanguage":"es","@id":"https:\/\/libreriaguadalupe.com.ar\/libreria\/#\/schema\/logo\/image\/","url":"https:\/\/i0.wp.com\/libreriaguadalupe.com.ar\/libreria\/wp-content\/uploads\/2023\/01\/cropped-logo-editorial-guadalupe.webp?fit=500%2C100&ssl=1","contentUrl":"https:\/\/i0.wp.com\/libreriaguadalupe.com.ar\/libreria\/wp-content\/uploads\/2023\/01\/cropped-logo-editorial-guadalupe.webp?fit=500%2C100&ssl=1","width":500,"height":100,"caption":"Editorial Guadalupe"},"image":{"@id":"https:\/\/libreriaguadalupe.com.ar\/libreria\/#\/schema\/logo\/image\/"},"sameAs":["https:\/\/www.facebook.com\/LibreriaGuadalupeAR\/","https:\/\/www.instagram.com\/editorialguadalupe\/","https:\/\/guadalupeeditorial.mercadoshops.com.ar\/"]}]}},"jetpack_publicize_connections":[],"jetpack_sharing_enabled":true,"jetpack-related-posts":[{"id":17182,"url":"https:\/\/libreriaguadalupe.com.ar\/libreria\/producto\/un-judio-marginal-nueva-vision-del-jesus-historico-v\/","url_meta":{"origin":17384,"position":0},"title":"Un judio marginal Nueva vision del Jesus historico V","author":"admin","date":"04\/04\/2023","format":false,"excerpt":"La autenticidad de las par\u00e1bolas a examen Autor: John Paul Meier ISBN: 8490733097 Dimensiones: 15,5 x 24 cm P\u00e1ginas: 464","rel":"","context":"Entrada similar","block_context":{"text":"Entrada similar","link":""},"img":{"alt_text":"","src":"https:\/\/i0.wp.com\/libreriaguadalupe.com.ar\/libreria\/wp-content\/uploads\/2023\/04\/Un-judio-marginal-Nueva-vision-del-Jesus-historico-V.jpg?fit=380%2C586&ssl=1&resize=350%2C200","width":350,"height":200},"classes":[]},{"id":12971,"url":"https:\/\/libreriaguadalupe.com.ar\/libreria\/producto\/las-parabolas-de-jesus-2\/","url_meta":{"origin":17384,"position":1},"title":"Las parabolas de Jesus","author":"admin","date":"18\/01\/2023","format":false,"excerpt":"AUTOR Mesters, Carlos ISBN 8481696653","rel":"","context":"Entrada similar","block_context":{"text":"Entrada similar","link":""},"img":{"alt_text":"","src":"","width":0,"height":0},"classes":[]},{"id":16789,"url":"https:\/\/libreriaguadalupe.com.ar\/libreria\/producto\/arbol-sureno\/","url_meta":{"origin":17384,"position":2},"title":"\u00c1rbol sure\u00f1o","author":"admin","date":"21\/03\/2023","format":false,"excerpt":"Autor: EDUARDO MEANA LAPORTE ISBN: 9505008858 Dimensiones: 15 x 22 cm P\u00e1ginas: 126","rel":"","context":"Entrada similar","block_context":{"text":"Entrada similar","link":""},"img":{"alt_text":"","src":"https:\/\/i0.wp.com\/libreriaguadalupe.com.ar\/libreria\/wp-content\/uploads\/2023\/03\/NOVEDAD-TIENDA-MARZO-4.jpg?fit=470%2C470&ssl=1&resize=350%2C200","width":350,"height":200},"classes":[]},{"id":12836,"url":"https:\/\/libreriaguadalupe.com.ar\/libreria\/producto\/el-evangelio-es-jesus\/","url_meta":{"origin":17384,"position":3},"title":"El Evangelio es Jesus","author":"admin","date":"18\/01\/2023","format":false,"excerpt":"Pautas para una nueva comprensi\u00f3n del evangelio seg\u00fan Juan Autor: Josep Oriol Tu\u00f1\u00ed Vancells ISBN: 8499451053 Dimensiones: 16 x 24 cm P\u00e1ginas: 260","rel":"","context":"Entrada similar","block_context":{"text":"Entrada similar","link":""},"img":{"alt_text":"","src":"https:\/\/i0.wp.com\/libreriaguadalupe.com.ar\/libreria\/wp-content\/uploads\/2023\/01\/El-Evangelio-es-Jesus.jpg?fit=380%2C586&ssl=1&resize=350%2C200","width":350,"height":200},"classes":[]},{"id":16845,"url":"https:\/\/libreriaguadalupe.com.ar\/libreria\/producto\/a-la-escucha-de-la-palabra\/","url_meta":{"origin":17384,"position":4},"title":"A LA ESCUCHA DE LA PALABRA","author":"admin","date":"22\/03\/2023","format":false,"excerpt":"Panor\u00e1mica b\u00edblica para la lectio divina y la catequesis Autor: Francesc Ramis Darder ISBN: 9505008858 Dimensiones: 16 x 24 cm P\u00e1ginas: 192","rel":"","context":"Entrada similar","block_context":{"text":"Entrada similar","link":""},"img":{"alt_text":"","src":"https:\/\/i0.wp.com\/libreriaguadalupe.com.ar\/libreria\/wp-content\/uploads\/2023\/03\/A-LA-ESCUCHA-DE-LA-PALABRA.jpg?fit=380%2C586&ssl=1&resize=350%2C200","width":350,"height":200},"classes":[]},{"id":18249,"url":"https:\/\/libreriaguadalupe.com.ar\/libreria\/producto\/la-compasion-nos-hace-felices\/","url_meta":{"origin":17384,"position":5},"title":"La compasi\u00f3n nos hace felices","author":"admin","date":"27\/08\/2024","format":false,"excerpt":"Autor: MATEO BAUTISTA [ VER M\u00c1S OBRAS ] ISBN: 978 950 500 935 0 Dimensiones: 15 x 22 cm P\u00e1ginas: 92","rel":"","context":"Entrada similar","block_context":{"text":"Entrada similar","link":""},"img":{"alt_text":"","src":"https:\/\/i0.wp.com\/libreriaguadalupe.com.ar\/libreria\/wp-content\/uploads\/2024\/08\/NOVEDAD-TIENDA-AGOSTO-5.jpg?fit=470%2C470&ssl=1&resize=350%2C200","width":350,"height":200},"classes":[]}],"_links":{"self":[{"href":"https:\/\/libreriaguadalupe.com.ar\/libreria\/wp-json\/wp\/v2\/product\/17384","targetHints":{"allow":["GET"]}}],"collection":[{"href":"https:\/\/libreriaguadalupe.com.ar\/libreria\/wp-json\/wp\/v2\/product"}],"about":[{"href":"https:\/\/libreriaguadalupe.com.ar\/libreria\/wp-json\/wp\/v2\/types\/product"}],"replies":[{"embeddable":true,"href":"https:\/\/libreriaguadalupe.com.ar\/libreria\/wp-json\/wp\/v2\/comments?post=17384"}],"version-history":[{"count":5,"href":"https:\/\/libreriaguadalupe.com.ar\/libreria\/wp-json\/wp\/v2\/product\/17384\/revisions"}],"predecessor-version":[{"id":18856,"href":"https:\/\/libreriaguadalupe.com.ar\/libreria\/wp-json\/wp\/v2\/product\/17384\/revisions\/18856"}],"wp:featuredmedia":[{"embeddable":true,"href":"https:\/\/libreriaguadalupe.com.ar\/libreria\/wp-json\/wp\/v2\/media\/17386"}],"wp:attachment":[{"href":"https:\/\/libreriaguadalupe.com.ar\/libreria\/wp-json\/wp\/v2\/media?parent=17384"}],"wp:term":[{"taxonomy":"product_brand","embeddable":true,"href":"https:\/\/libreriaguadalupe.com.ar\/libreria\/wp-json\/wp\/v2\/product_brand?post=17384"},{"taxonomy":"product_cat","embeddable":true,"href":"https:\/\/libreriaguadalupe.com.ar\/libreria\/wp-json\/wp\/v2\/product_cat?post=17384"},{"taxonomy":"product_tag","embeddable":true,"href":"https:\/\/libreriaguadalupe.com.ar\/libreria\/wp-json\/wp\/v2\/product_tag?post=17384"}],"curies":[{"name":"wp","href":"https:\/\/api.w.org\/{rel}","templated":true}]}}