{"id":17349,"date":"2023-06-21T16:01:57","date_gmt":"2023-06-21T19:01:57","guid":{"rendered":"https:\/\/libreriaguadalupe.com.ar\/libreria\/?post_type=product&#038;p=17349"},"modified":"2025-08-20T16:23:25","modified_gmt":"2025-08-20T19:23:25","slug":"el-espiritu-santo-ora-en-nosotros","status":"publish","type":"product","link":"https:\/\/libreriaguadalupe.com.ar\/libreria\/producto\/el-espiritu-santo-ora-en-nosotros\/","title":{"rendered":"El Esp\u00edritu Santo ora en nosotros"},"content":{"rendered":"<p>\u201cSi invoc\u00e1ramos siempre al Esp\u00edritu Santo,<br \/>\n\u00c9l dar\u00e1 otro rumbo a los acontecimientos del mundo\u201d<br \/>\nSan Arnoldo Janssen.<\/p>\n","protected":false},"excerpt":{"rendered":"<p><strong>Devocionario del Esp\u00edritu Santo<\/strong><\/p>\n<p><img decoding=\"async\" class=\"alignnone size-full wp-image-16595\" src=\"https:\/\/libreriaguadalupe.com.ar\/libreria\/wp-content\/uploads\/2023\/03\/nuevo.png\" alt=\"\" width=\"200\" height=\"125\" \/><\/p>\n<p>Autor: Misioneras Siervas del Esp\u00edritu Santo<strong><br \/>\n<\/strong>ISBN: 978-950-500-896-4<br \/>\nDimensiones: 16 x 23 cm<br \/>\nP\u00e1ginas: 330<\/p>\n","protected":false},"featured_media":17350,"comment_status":"open","ping_status":"closed","template":"","meta":{"jetpack_publicize_message":"","jetpack_publicize_feature_enabled":true,"jetpack_social_post_already_shared":true,"jetpack_social_options":{"image_generator_settings":{"template":"highway","default_image_id":0,"font":"","enabled":false},"version":2}},"product_brand":[],"product_cat":[125,88,121],"product_tag":[127],"class_list":{"0":"post-17349","1":"product","2":"type-product","3":"status-publish","4":"has-post-thumbnail","6":"product_cat-novedades","7":"product_cat-espiritualidad-cultura-social","8":"product_cat-guadalupe","9":"product_tag-editorial-guadalupe-de-argentina","11":"first","12":"instock","13":"shipping-taxable","14":"purchasable","15":"product-type-simple"},"yoast_head":"<!-- This site is optimized with the Yoast SEO plugin v27.4 - https:\/\/yoast.com\/product\/yoast-seo-wordpress\/ -->\n<title>El Esp\u00edritu Santo ora en nosotros - Editorial Guadalupe de Argentina<\/title>\n<meta name=\"description\" content=\"\u201cSi invoc\u00e1ramos siempre al Esp\u00edritu Santo,\u00c9l dar\u00e1 otro rumbo a los acontecimientos del mundo\u201dSan Arnoldo Janssen.\" \/>\n<meta name=\"robots\" content=\"index, follow, max-snippet:-1, max-image-preview:large, max-video-preview:-1\" \/>\n<link rel=\"canonical\" href=\"https:\/\/libreriaguadalupe.com.ar\/libreria\/producto\/el-espiritu-santo-ora-en-nosotros\/\" \/>\n<meta property=\"og:locale\" content=\"es_ES\" \/>\n<meta property=\"og:type\" content=\"article\" \/>\n<meta property=\"og:title\" content=\"El Esp\u00edritu Santo ora en nosotros - Editorial Guadalupe de Argentina\" \/>\n<meta property=\"og:description\" content=\"\u201cSi invoc\u00e1ramos siempre al Esp\u00edritu Santo,\u00c9l dar\u00e1 otro rumbo a los acontecimientos del mundo\u201dSan Arnoldo Janssen.\" \/>\n<meta property=\"og:url\" content=\"https:\/\/libreriaguadalupe.com.ar\/libreria\/producto\/el-espiritu-santo-ora-en-nosotros\/\" \/>\n<meta property=\"og:site_name\" content=\"Editorial Guadalupe de Argentina\" \/>\n<meta property=\"article:publisher\" content=\"https:\/\/www.facebook.com\/LibreriaGuadalupeAR\/\" \/>\n<meta property=\"article:modified_time\" content=\"2025-08-20T19:23:25+00:00\" \/>\n<meta property=\"og:image\" content=\"https:\/\/libreriaguadalupe.com.ar\/libreria\/wp-content\/uploads\/2023\/06\/NOVEDAD-TIENDA-JUNIO-2.jpg\" \/>\n\t<meta property=\"og:image:width\" content=\"470\" \/>\n\t<meta property=\"og:image:height\" content=\"470\" \/>\n\t<meta property=\"og:image:type\" content=\"image\/jpeg\" \/>\n<meta name=\"twitter:card\" content=\"summary_large_image\" \/>\n<meta name=\"twitter:label1\" content=\"Tiempo de lectura\" \/>\n\t<meta name=\"twitter:data1\" content=\"1 minuto\" \/>\n<script type=\"application\/ld+json\" class=\"yoast-schema-graph\">{\"@context\":\"https:\\\/\\\/schema.org\",\"@graph\":[{\"@type\":\"WebPage\",\"@id\":\"https:\\\/\\\/libreriaguadalupe.com.ar\\\/libreria\\\/producto\\\/el-espiritu-santo-ora-en-nosotros\\\/\",\"url\":\"https:\\\/\\\/libreriaguadalupe.com.ar\\\/libreria\\\/producto\\\/el-espiritu-santo-ora-en-nosotros\\\/\",\"name\":\"El Esp\u00edritu Santo ora en nosotros - Editorial Guadalupe de Argentina\",\"isPartOf\":{\"@id\":\"https:\\\/\\\/libreriaguadalupe.com.ar\\\/libreria\\\/#website\"},\"primaryImageOfPage\":{\"@id\":\"https:\\\/\\\/libreriaguadalupe.com.ar\\\/libreria\\\/producto\\\/el-espiritu-santo-ora-en-nosotros\\\/#primaryimage\"},\"image\":{\"@id\":\"https:\\\/\\\/libreriaguadalupe.com.ar\\\/libreria\\\/producto\\\/el-espiritu-santo-ora-en-nosotros\\\/#primaryimage\"},\"thumbnailUrl\":\"https:\\\/\\\/i0.wp.com\\\/libreriaguadalupe.com.ar\\\/libreria\\\/wp-content\\\/uploads\\\/2023\\\/06\\\/NOVEDAD-TIENDA-JUNIO-2.jpg?fit=470%2C470&ssl=1\",\"datePublished\":\"2023-06-21T19:01:57+00:00\",\"dateModified\":\"2025-08-20T19:23:25+00:00\",\"description\":\"\u201cSi invoc\u00e1ramos siempre al Esp\u00edritu Santo,\u00c9l dar\u00e1 otro rumbo a los acontecimientos del mundo\u201dSan Arnoldo Janssen.\",\"breadcrumb\":{\"@id\":\"https:\\\/\\\/libreriaguadalupe.com.ar\\\/libreria\\\/producto\\\/el-espiritu-santo-ora-en-nosotros\\\/#breadcrumb\"},\"inLanguage\":\"es\",\"potentialAction\":[{\"@type\":\"ReadAction\",\"target\":[\"https:\\\/\\\/libreriaguadalupe.com.ar\\\/libreria\\\/producto\\\/el-espiritu-santo-ora-en-nosotros\\\/\"]}]},{\"@type\":\"ImageObject\",\"inLanguage\":\"es\",\"@id\":\"https:\\\/\\\/libreriaguadalupe.com.ar\\\/libreria\\\/producto\\\/el-espiritu-santo-ora-en-nosotros\\\/#primaryimage\",\"url\":\"https:\\\/\\\/i0.wp.com\\\/libreriaguadalupe.com.ar\\\/libreria\\\/wp-content\\\/uploads\\\/2023\\\/06\\\/NOVEDAD-TIENDA-JUNIO-2.jpg?fit=470%2C470&ssl=1\",\"contentUrl\":\"https:\\\/\\\/i0.wp.com\\\/libreriaguadalupe.com.ar\\\/libreria\\\/wp-content\\\/uploads\\\/2023\\\/06\\\/NOVEDAD-TIENDA-JUNIO-2.jpg?fit=470%2C470&ssl=1\",\"width\":470,\"height\":470},{\"@type\":\"BreadcrumbList\",\"@id\":\"https:\\\/\\\/libreriaguadalupe.com.ar\\\/libreria\\\/producto\\\/el-espiritu-santo-ora-en-nosotros\\\/#breadcrumb\",\"itemListElement\":[{\"@type\":\"ListItem\",\"position\":1,\"name\":\"Portada\",\"item\":\"https:\\\/\\\/libreriaguadalupe.com.ar\\\/libreria\\\/\"},{\"@type\":\"ListItem\",\"position\":2,\"name\":\"Tienda\",\"item\":\"https:\\\/\\\/libreriaguadalupe.com.ar\\\/libreria\\\/\"},{\"@type\":\"ListItem\",\"position\":3,\"name\":\"El Esp\u00edritu Santo ora en nosotros\"}]},{\"@type\":\"WebSite\",\"@id\":\"https:\\\/\\\/libreriaguadalupe.com.ar\\\/libreria\\\/#website\",\"url\":\"https:\\\/\\\/libreriaguadalupe.com.ar\\\/libreria\\\/\",\"name\":\"Editorial Guadalupe de Argentina\",\"description\":\"Congregaci\u00f3n del Verbo Divino\",\"publisher\":{\"@id\":\"https:\\\/\\\/libreriaguadalupe.com.ar\\\/libreria\\\/#organization\"},\"alternateName\":\"Librer\u00eda Guadalupe\",\"potentialAction\":[{\"@type\":\"SearchAction\",\"target\":{\"@type\":\"EntryPoint\",\"urlTemplate\":\"https:\\\/\\\/libreriaguadalupe.com.ar\\\/libreria\\\/?s={search_term_string}\"},\"query-input\":{\"@type\":\"PropertyValueSpecification\",\"valueRequired\":true,\"valueName\":\"search_term_string\"}}],\"inLanguage\":\"es\"},{\"@type\":\"Organization\",\"@id\":\"https:\\\/\\\/libreriaguadalupe.com.ar\\\/libreria\\\/#organization\",\"name\":\"Editorial Guadalupe\",\"alternateName\":\"Librer\u00eda Guadalupe\",\"url\":\"https:\\\/\\\/libreriaguadalupe.com.ar\\\/libreria\\\/\",\"logo\":{\"@type\":\"ImageObject\",\"inLanguage\":\"es\",\"@id\":\"https:\\\/\\\/libreriaguadalupe.com.ar\\\/libreria\\\/#\\\/schema\\\/logo\\\/image\\\/\",\"url\":\"https:\\\/\\\/i0.wp.com\\\/libreriaguadalupe.com.ar\\\/libreria\\\/wp-content\\\/uploads\\\/2023\\\/01\\\/cropped-logo-editorial-guadalupe.webp?fit=500%2C100&ssl=1\",\"contentUrl\":\"https:\\\/\\\/i0.wp.com\\\/libreriaguadalupe.com.ar\\\/libreria\\\/wp-content\\\/uploads\\\/2023\\\/01\\\/cropped-logo-editorial-guadalupe.webp?fit=500%2C100&ssl=1\",\"width\":500,\"height\":100,\"caption\":\"Editorial Guadalupe\"},\"image\":{\"@id\":\"https:\\\/\\\/libreriaguadalupe.com.ar\\\/libreria\\\/#\\\/schema\\\/logo\\\/image\\\/\"},\"sameAs\":[\"https:\\\/\\\/www.facebook.com\\\/LibreriaGuadalupeAR\\\/\",\"https:\\\/\\\/www.instagram.com\\\/editorialguadalupe\\\/\",\"https:\\\/\\\/guadalupeeditorial.mercadoshops.com.ar\\\/\"]}]}<\/script>\n<!-- \/ Yoast SEO plugin. -->","yoast_head_json":{"title":"El Esp\u00edritu Santo ora en nosotros - Editorial Guadalupe de Argentina","description":"\u201cSi invoc\u00e1ramos siempre al Esp\u00edritu Santo,\u00c9l dar\u00e1 otro rumbo a los acontecimientos del mundo\u201dSan Arnoldo Janssen.","robots":{"index":"index","follow":"follow","max-snippet":"max-snippet:-1","max-image-preview":"max-image-preview:large","max-video-preview":"max-video-preview:-1"},"canonical":"https:\/\/libreriaguadalupe.com.ar\/libreria\/producto\/el-espiritu-santo-ora-en-nosotros\/","og_locale":"es_ES","og_type":"article","og_title":"El Esp\u00edritu Santo ora en nosotros - Editorial Guadalupe de Argentina","og_description":"\u201cSi invoc\u00e1ramos siempre al Esp\u00edritu Santo,\u00c9l dar\u00e1 otro rumbo a los acontecimientos del mundo\u201dSan Arnoldo Janssen.","og_url":"https:\/\/libreriaguadalupe.com.ar\/libreria\/producto\/el-espiritu-santo-ora-en-nosotros\/","og_site_name":"Editorial Guadalupe de Argentina","article_publisher":"https:\/\/www.facebook.com\/LibreriaGuadalupeAR\/","article_modified_time":"2025-08-20T19:23:25+00:00","og_image":[{"width":470,"height":470,"url":"https:\/\/libreriaguadalupe.com.ar\/libreria\/wp-content\/uploads\/2023\/06\/NOVEDAD-TIENDA-JUNIO-2.jpg","type":"image\/jpeg"}],"twitter_card":"summary_large_image","twitter_misc":{"Tiempo de lectura":"1 minuto"},"schema":{"@context":"https:\/\/schema.org","@graph":[{"@type":"WebPage","@id":"https:\/\/libreriaguadalupe.com.ar\/libreria\/producto\/el-espiritu-santo-ora-en-nosotros\/","url":"https:\/\/libreriaguadalupe.com.ar\/libreria\/producto\/el-espiritu-santo-ora-en-nosotros\/","name":"El Esp\u00edritu Santo ora en nosotros - Editorial Guadalupe de Argentina","isPartOf":{"@id":"https:\/\/libreriaguadalupe.com.ar\/libreria\/#website"},"primaryImageOfPage":{"@id":"https:\/\/libreriaguadalupe.com.ar\/libreria\/producto\/el-espiritu-santo-ora-en-nosotros\/#primaryimage"},"image":{"@id":"https:\/\/libreriaguadalupe.com.ar\/libreria\/producto\/el-espiritu-santo-ora-en-nosotros\/#primaryimage"},"thumbnailUrl":"https:\/\/i0.wp.com\/libreriaguadalupe.com.ar\/libreria\/wp-content\/uploads\/2023\/06\/NOVEDAD-TIENDA-JUNIO-2.jpg?fit=470%2C470&ssl=1","datePublished":"2023-06-21T19:01:57+00:00","dateModified":"2025-08-20T19:23:25+00:00","description":"\u201cSi invoc\u00e1ramos siempre al Esp\u00edritu Santo,\u00c9l dar\u00e1 otro rumbo a los acontecimientos del mundo\u201dSan Arnoldo Janssen.","breadcrumb":{"@id":"https:\/\/libreriaguadalupe.com.ar\/libreria\/producto\/el-espiritu-santo-ora-en-nosotros\/#breadcrumb"},"inLanguage":"es","potentialAction":[{"@type":"ReadAction","target":["https:\/\/libreriaguadalupe.com.ar\/libreria\/producto\/el-espiritu-santo-ora-en-nosotros\/"]}]},{"@type":"ImageObject","inLanguage":"es","@id":"https:\/\/libreriaguadalupe.com.ar\/libreria\/producto\/el-espiritu-santo-ora-en-nosotros\/#primaryimage","url":"https:\/\/i0.wp.com\/libreriaguadalupe.com.ar\/libreria\/wp-content\/uploads\/2023\/06\/NOVEDAD-TIENDA-JUNIO-2.jpg?fit=470%2C470&ssl=1","contentUrl":"https:\/\/i0.wp.com\/libreriaguadalupe.com.ar\/libreria\/wp-content\/uploads\/2023\/06\/NOVEDAD-TIENDA-JUNIO-2.jpg?fit=470%2C470&ssl=1","width":470,"height":470},{"@type":"BreadcrumbList","@id":"https:\/\/libreriaguadalupe.com.ar\/libreria\/producto\/el-espiritu-santo-ora-en-nosotros\/#breadcrumb","itemListElement":[{"@type":"ListItem","position":1,"name":"Portada","item":"https:\/\/libreriaguadalupe.com.ar\/libreria\/"},{"@type":"ListItem","position":2,"name":"Tienda","item":"https:\/\/libreriaguadalupe.com.ar\/libreria\/"},{"@type":"ListItem","position":3,"name":"El Esp\u00edritu Santo ora en nosotros"}]},{"@type":"WebSite","@id":"https:\/\/libreriaguadalupe.com.ar\/libreria\/#website","url":"https:\/\/libreriaguadalupe.com.ar\/libreria\/","name":"Editorial Guadalupe de Argentina","description":"Congregaci\u00f3n del Verbo Divino","publisher":{"@id":"https:\/\/libreriaguadalupe.com.ar\/libreria\/#organization"},"alternateName":"Librer\u00eda Guadalupe","potentialAction":[{"@type":"SearchAction","target":{"@type":"EntryPoint","urlTemplate":"https:\/\/libreriaguadalupe.com.ar\/libreria\/?s={search_term_string}"},"query-input":{"@type":"PropertyValueSpecification","valueRequired":true,"valueName":"search_term_string"}}],"inLanguage":"es"},{"@type":"Organization","@id":"https:\/\/libreriaguadalupe.com.ar\/libreria\/#organization","name":"Editorial Guadalupe","alternateName":"Librer\u00eda Guadalupe","url":"https:\/\/libreriaguadalupe.com.ar\/libreria\/","logo":{"@type":"ImageObject","inLanguage":"es","@id":"https:\/\/libreriaguadalupe.com.ar\/libreria\/#\/schema\/logo\/image\/","url":"https:\/\/i0.wp.com\/libreriaguadalupe.com.ar\/libreria\/wp-content\/uploads\/2023\/01\/cropped-logo-editorial-guadalupe.webp?fit=500%2C100&ssl=1","contentUrl":"https:\/\/i0.wp.com\/libreriaguadalupe.com.ar\/libreria\/wp-content\/uploads\/2023\/01\/cropped-logo-editorial-guadalupe.webp?fit=500%2C100&ssl=1","width":500,"height":100,"caption":"Editorial Guadalupe"},"image":{"@id":"https:\/\/libreriaguadalupe.com.ar\/libreria\/#\/schema\/logo\/image\/"},"sameAs":["https:\/\/www.facebook.com\/LibreriaGuadalupeAR\/","https:\/\/www.instagram.com\/editorialguadalupe\/","https:\/\/guadalupeeditorial.mercadoshops.com.ar\/"]}]}},"jetpack_publicize_connections":[],"jetpack_sharing_enabled":true,"jetpack-related-posts":[{"id":18922,"url":"https:\/\/libreriaguadalupe.com.ar\/libreria\/producto\/espiritu-santo-torrente-de-agua-viva\/","url_meta":{"origin":17349,"position":0},"title":"Esp\u00edritu Santo, Torrente de Agua Viva.","author":"Mariano Zuqui","date":"04\/06\/2025","format":false,"excerpt":"Autor: Mar\u00eda In\u00e9s Castro - Irene Rosa Klein T\u00edtulo: \"Esp\u00edritu Santo, Torrente de Agua Viva\" ISBN:978-950-500-853-7 Formato: 23\u00a0 (alto) x 16 (ancho) cms. Interior: 1\/1 color Papel: Bookcel 80 grs. N\u00ba de P\u00e1ginas: 184 Tapa:4 Colores - Cartulina 300 grs -laminado mate Encuadernaci\u00f3n: Binder \u00a0 \u00a0","rel":"","context":"Entrada similar","block_context":{"text":"Entrada similar","link":""},"img":{"alt_text":"Esp\u00edritu Santo, Torrente de Agua Viva.","src":"https:\/\/i0.wp.com\/libreriaguadalupe.com.ar\/libreria\/wp-content\/uploads\/2025\/06\/1.png?fit=960%2C1200&ssl=1&resize=350%2C200","width":350,"height":200,"srcset":"https:\/\/i0.wp.com\/libreriaguadalupe.com.ar\/libreria\/wp-content\/uploads\/2025\/06\/1.png?fit=960%2C1200&ssl=1&resize=350%2C200 1x, https:\/\/i0.wp.com\/libreriaguadalupe.com.ar\/libreria\/wp-content\/uploads\/2025\/06\/1.png?fit=960%2C1200&ssl=1&resize=525%2C300 1.5x, https:\/\/i0.wp.com\/libreriaguadalupe.com.ar\/libreria\/wp-content\/uploads\/2025\/06\/1.png?fit=960%2C1200&ssl=1&resize=700%2C400 2x"},"classes":[]},{"id":12557,"url":"https:\/\/libreriaguadalupe.com.ar\/libreria\/producto\/justicia-paz-y-alegria-en-el-espiritu-santo\/","url_meta":{"origin":17349,"position":1},"title":"Justicia, Paz y alegria en el Espiritu Santo","author":"admin","date":"18\/01\/2023","format":false,"excerpt":"AUTOR: Ram\u00edrez Fueyo, ISBN 8481696714","rel":"","context":"Entrada similar","block_context":{"text":"Entrada similar","link":""},"img":{"alt_text":"","src":"","width":0,"height":0},"classes":[]},{"id":19309,"url":"https:\/\/libreriaguadalupe.com.ar\/libreria\/producto\/nueve-pasos-de-apertura-a-los-dones-del-espiritu-santo\/","url_meta":{"origin":17349,"position":2},"title":"\u00abNueve pasos de apertura a los dones del Esp\u00edritu Santo\u00bb","author":"Mariano Zuqui","date":"18\/04\/2026","format":false,"excerpt":"Compilador: Irene Rosa Klein - Mar\u00eda In\u00e9s Castro T\u00edtulo: \"Nueve pasos de apertura a los dones del Esp\u00edritu Santo\" ISBN:978-950-500-982-4 Formato: 12\u00a0 (ancho) x 18 (alto) cms. Interior: 1\/1 color Papel: Bookcel 80 grs. N\u00ba de P\u00e1ginas: 72 Tapa:4 Colores - Cartulina 300 grs. - Laminado mate Encuadernaci\u00f3n: Binder \u00a0\u2026","rel":"","context":"Entrada similar","block_context":{"text":"Entrada similar","link":""},"img":{"alt_text":"","src":"https:\/\/i0.wp.com\/libreriaguadalupe.com.ar\/libreria\/wp-content\/uploads\/2026\/04\/1-1.png?fit=960%2C1200&ssl=1&resize=350%2C200","width":350,"height":200,"srcset":"https:\/\/i0.wp.com\/libreriaguadalupe.com.ar\/libreria\/wp-content\/uploads\/2026\/04\/1-1.png?fit=960%2C1200&ssl=1&resize=350%2C200 1x, https:\/\/i0.wp.com\/libreriaguadalupe.com.ar\/libreria\/wp-content\/uploads\/2026\/04\/1-1.png?fit=960%2C1200&ssl=1&resize=525%2C300 1.5x, https:\/\/i0.wp.com\/libreriaguadalupe.com.ar\/libreria\/wp-content\/uploads\/2026\/04\/1-1.png?fit=960%2C1200&ssl=1&resize=700%2C400 2x"},"classes":[]},{"id":16826,"url":"https:\/\/libreriaguadalupe.com.ar\/libreria\/producto\/devocionario-del-santisimo-sacramento\/","url_meta":{"origin":17349,"position":3},"title":"Devocionario Del Santisimo Sacramento","author":"admin","date":"22\/03\/2023","format":false,"excerpt":"Visitas al sant\u00edsimo sacramento Autor: Misioneras Siervas del Esp\u00edritu Santo de Perpetua Adoraci\u00f3n ISBN: 9789505006205 Dimensiones: 11 x 17 cm P\u00e1ginas: 56","rel":"","context":"Entrada similar","block_context":{"text":"Entrada similar","link":""},"img":{"alt_text":"","src":"https:\/\/i0.wp.com\/libreriaguadalupe.com.ar\/libreria\/wp-content\/uploads\/2023\/03\/Devocionario-Del-Santisimo-Sacramento.jpeg?fit=375%2C500&ssl=1&resize=350%2C200","width":350,"height":200},"classes":[]},{"id":17633,"url":"https:\/\/libreriaguadalupe.com.ar\/libreria\/producto\/yo-soy-la-resurreccion-y-la-vida\/","url_meta":{"origin":17349,"position":4},"title":"Yo soy la resurrecci\u00f3n y la vida","author":"admin","date":"01\/11\/2023","format":false,"excerpt":"Novena de difuntos Autor: GUILLERMO J. BRAVANDER SVD ISBN: 950-500-358-7 Dimensiones: 10 x 14 cm P\u00e1ginas: 96","rel":"","context":"Entrada similar","block_context":{"text":"Entrada similar","link":""},"img":{"alt_text":"Yo soy la resurrecci\u00f3n y la vida","src":"https:\/\/i0.wp.com\/libreriaguadalupe.com.ar\/libreria\/wp-content\/uploads\/2023\/11\/Yo-soy-la-resurrecion-y-la-vida-Tapa.jpg?fit=840%2C1200&ssl=1&resize=350%2C200","width":350,"height":200,"srcset":"https:\/\/i0.wp.com\/libreriaguadalupe.com.ar\/libreria\/wp-content\/uploads\/2023\/11\/Yo-soy-la-resurrecion-y-la-vida-Tapa.jpg?fit=840%2C1200&ssl=1&resize=350%2C200 1x, https:\/\/i0.wp.com\/libreriaguadalupe.com.ar\/libreria\/wp-content\/uploads\/2023\/11\/Yo-soy-la-resurrecion-y-la-vida-Tapa.jpg?fit=840%2C1200&ssl=1&resize=525%2C300 1.5x, https:\/\/i0.wp.com\/libreriaguadalupe.com.ar\/libreria\/wp-content\/uploads\/2023\/11\/Yo-soy-la-resurrecion-y-la-vida-Tapa.jpg?fit=840%2C1200&ssl=1&resize=700%2C400 2x"},"classes":[]},{"id":15984,"url":"https:\/\/libreriaguadalupe.com.ar\/libreria\/producto\/anunciar-el-evangelio-en-el-siglo-xxi\/","url_meta":{"origin":17349,"position":5},"title":"Anunciar El Evangelio En El Siglo XXI","author":"admin","date":"12\/02\/2023","format":false,"excerpt":"AUTOR: SAPORITI CARLOS ISBN: 9505007837","rel":"","context":"Entrada similar","block_context":{"text":"Entrada similar","link":""},"img":{"alt_text":"","src":"https:\/\/i0.wp.com\/libreriaguadalupe.com.ar\/libreria\/wp-content\/uploads\/2023\/02\/Anunciar-El-Evangelio-En-El-Siglo-XXI-1.jpg?fit=425%2C548&ssl=1&resize=350%2C200","width":350,"height":200},"classes":[]}],"_links":{"self":[{"href":"https:\/\/libreriaguadalupe.com.ar\/libreria\/wp-json\/wp\/v2\/product\/17349","targetHints":{"allow":["GET"]}}],"collection":[{"href":"https:\/\/libreriaguadalupe.com.ar\/libreria\/wp-json\/wp\/v2\/product"}],"about":[{"href":"https:\/\/libreriaguadalupe.com.ar\/libreria\/wp-json\/wp\/v2\/types\/product"}],"replies":[{"embeddable":true,"href":"https:\/\/libreriaguadalupe.com.ar\/libreria\/wp-json\/wp\/v2\/comments?post=17349"}],"version-history":[{"count":2,"href":"https:\/\/libreriaguadalupe.com.ar\/libreria\/wp-json\/wp\/v2\/product\/17349\/revisions"}],"predecessor-version":[{"id":17913,"href":"https:\/\/libreriaguadalupe.com.ar\/libreria\/wp-json\/wp\/v2\/product\/17349\/revisions\/17913"}],"wp:featuredmedia":[{"embeddable":true,"href":"https:\/\/libreriaguadalupe.com.ar\/libreria\/wp-json\/wp\/v2\/media\/17350"}],"wp:attachment":[{"href":"https:\/\/libreriaguadalupe.com.ar\/libreria\/wp-json\/wp\/v2\/media?parent=17349"}],"wp:term":[{"taxonomy":"product_brand","embeddable":true,"href":"https:\/\/libreriaguadalupe.com.ar\/libreria\/wp-json\/wp\/v2\/product_brand?post=17349"},{"taxonomy":"product_cat","embeddable":true,"href":"https:\/\/libreriaguadalupe.com.ar\/libreria\/wp-json\/wp\/v2\/product_cat?post=17349"},{"taxonomy":"product_tag","embeddable":true,"href":"https:\/\/libreriaguadalupe.com.ar\/libreria\/wp-json\/wp\/v2\/product_tag?post=17349"}],"curies":[{"name":"wp","href":"https:\/\/api.w.org\/{rel}","templated":true}]}}