{"id":17223,"date":"2023-04-13T17:04:50","date_gmt":"2023-04-13T20:04:50","guid":{"rendered":"https:\/\/libreriaguadalupe.com.ar\/libreria\/?post_type=product&#038;p=17223"},"modified":"2026-04-06T12:15:53","modified_gmt":"2026-04-06T15:15:53","slug":"vida-de-la-virgen-maria-de-los-apostoles-martires-y-santos","status":"publish","type":"product","link":"https:\/\/libreriaguadalupe.com.ar\/libreria\/producto\/vida-de-la-virgen-maria-de-los-apostoles-martires-y-santos\/","title":{"rendered":"Vida De La Virgen Mar\u00eda, De Los Ap\u00f3stoles, M\u00e1rtires Y Santos"},"content":{"rendered":"<p>La beata Anna Katharina Emmerick contempl\u00f3 \u00abla dolorosa pasi\u00f3n de nuestro Se\u00f1or Jesucristo\u00bb y la experiment\u00f3 en su cuerpo. El hecho de que la hija de pobres campesinos, que busc\u00f3 con empe\u00f1o la cercan\u00eda de Dios se convirtieronen la conocida m\u00edstica de M\u00fcnster\u00bb es obra de la gracia divina. En medio de su pobreza material pose\u00eda una profunda vida interior. Como nos impresiona su paciencia para soportar la debilidad corporal, as\u00ed tambi\u00e9n nos impresiona la fuerza de car\u00e1cter de la nueva beata y su solidez en la fe.<\/p>\n<p>Para ello sacaba la fuerza de la sant\u00edsima Eucarist\u00eda. Su ejemplo abri\u00f3 los corazones de pobres y ricos, de personas sencillas e instruidos, con vistas a una entrega amorosa a Jesucristo. Aun hoy transmite a todos el mensaje salvifico: Con las llagas de Cristo hemos sido curados (ct. 1 P2, 24).<\/p>\n<p>Juan Pablo II, en la Misa de beatificaci\u00f3n de Ana Catalina Emmerick; 3 de octubre de 2004.<\/p>\n","protected":false},"excerpt":{"rendered":"<p><strong>Visiones y revelaciones<\/strong><\/p>\n<p>Autor: EMMERICK ANA CATALINA<strong><br \/>\n<\/strong>ISBN: 9789505005932<br \/>\nDimensiones: 15 x 21 cm<br \/>\nP\u00e1ginas: 200<\/p>\n","protected":false},"featured_media":17224,"comment_status":"open","ping_status":"closed","template":"","meta":{"jetpack_publicize_message":"","jetpack_publicize_feature_enabled":true,"jetpack_social_post_already_shared":true,"jetpack_social_options":{"image_generator_settings":{"template":"highway","default_image_id":0,"font":"","enabled":false},"version":2}},"product_brand":[],"product_cat":[88,121,150],"product_tag":[127],"class_list":{"0":"post-17223","1":"product","2":"type-product","3":"status-publish","4":"has-post-thumbnail","6":"product_cat-espiritualidad-cultura-social","7":"product_cat-guadalupe","8":"product_cat--especial--","9":"product_tag-editorial-guadalupe-de-argentina","11":"first","12":"instock","13":"shipping-taxable","14":"purchasable","15":"product-type-simple"},"yoast_head":"<!-- This site is optimized with the Yoast SEO plugin v27.4 - https:\/\/yoast.com\/product\/yoast-seo-wordpress\/ -->\n<title>Vida De La Virgen Mar\u00eda, De Los Ap\u00f3stoles, M\u00e1rtires Y Santos - Editorial Guadalupe de Argentina<\/title>\n<meta name=\"description\" content=\"La beata Anna Katharina Emmerick contempl\u00f3 &quot;la dolorosa pasi\u00f3n de nuestro Se\u00f1or Jesucristo&quot; y la experiment\u00f3 en su cuerpo.\" \/>\n<meta name=\"robots\" content=\"index, follow, max-snippet:-1, max-image-preview:large, max-video-preview:-1\" \/>\n<link rel=\"canonical\" href=\"https:\/\/libreriaguadalupe.com.ar\/libreria\/producto\/vida-de-la-virgen-maria-de-los-apostoles-martires-y-santos\/\" \/>\n<meta property=\"og:locale\" content=\"es_ES\" \/>\n<meta property=\"og:type\" content=\"article\" \/>\n<meta property=\"og:title\" content=\"Vida De La Virgen Mar\u00eda, De Los Ap\u00f3stoles, M\u00e1rtires Y Santos - Editorial Guadalupe de Argentina\" \/>\n<meta property=\"og:description\" content=\"La beata Anna Katharina Emmerick contempl\u00f3 &quot;la dolorosa pasi\u00f3n de nuestro Se\u00f1or Jesucristo&quot; y la experiment\u00f3 en su cuerpo.\" \/>\n<meta property=\"og:url\" content=\"https:\/\/libreriaguadalupe.com.ar\/libreria\/producto\/vida-de-la-virgen-maria-de-los-apostoles-martires-y-santos\/\" \/>\n<meta property=\"og:site_name\" content=\"Editorial Guadalupe de Argentina\" \/>\n<meta property=\"article:publisher\" content=\"https:\/\/www.facebook.com\/LibreriaGuadalupeAR\/\" \/>\n<meta property=\"article:modified_time\" content=\"2026-04-06T15:15:53+00:00\" \/>\n<meta property=\"og:image\" content=\"https:\/\/libreriaguadalupe.com.ar\/libreria\/wp-content\/uploads\/2023\/04\/Vida-De-La-Virgen-Maria-De-Los-Apostoles-Martires-Y-Santos.jpeg\" \/>\n\t<meta property=\"og:image:width\" content=\"343\" \/>\n\t<meta property=\"og:image:height\" content=\"500\" \/>\n\t<meta property=\"og:image:type\" content=\"image\/jpeg\" \/>\n<meta name=\"twitter:card\" content=\"summary_large_image\" \/>\n<meta name=\"twitter:label1\" content=\"Tiempo de lectura\" \/>\n\t<meta name=\"twitter:data1\" content=\"1 minuto\" \/>\n<script type=\"application\/ld+json\" class=\"yoast-schema-graph\">{\"@context\":\"https:\\\/\\\/schema.org\",\"@graph\":[{\"@type\":\"WebPage\",\"@id\":\"https:\\\/\\\/libreriaguadalupe.com.ar\\\/libreria\\\/producto\\\/vida-de-la-virgen-maria-de-los-apostoles-martires-y-santos\\\/\",\"url\":\"https:\\\/\\\/libreriaguadalupe.com.ar\\\/libreria\\\/producto\\\/vida-de-la-virgen-maria-de-los-apostoles-martires-y-santos\\\/\",\"name\":\"Vida De La Virgen Mar\u00eda, De Los Ap\u00f3stoles, M\u00e1rtires Y Santos - Editorial Guadalupe de Argentina\",\"isPartOf\":{\"@id\":\"https:\\\/\\\/libreriaguadalupe.com.ar\\\/libreria\\\/#website\"},\"primaryImageOfPage\":{\"@id\":\"https:\\\/\\\/libreriaguadalupe.com.ar\\\/libreria\\\/producto\\\/vida-de-la-virgen-maria-de-los-apostoles-martires-y-santos\\\/#primaryimage\"},\"image\":{\"@id\":\"https:\\\/\\\/libreriaguadalupe.com.ar\\\/libreria\\\/producto\\\/vida-de-la-virgen-maria-de-los-apostoles-martires-y-santos\\\/#primaryimage\"},\"thumbnailUrl\":\"https:\\\/\\\/i0.wp.com\\\/libreriaguadalupe.com.ar\\\/libreria\\\/wp-content\\\/uploads\\\/2023\\\/04\\\/Vida-De-La-Virgen-Maria-De-Los-Apostoles-Martires-Y-Santos.jpeg?fit=343%2C500&ssl=1\",\"datePublished\":\"2023-04-13T20:04:50+00:00\",\"dateModified\":\"2026-04-06T15:15:53+00:00\",\"description\":\"La beata Anna Katharina Emmerick contempl\u00f3 \\\"la dolorosa pasi\u00f3n de nuestro Se\u00f1or Jesucristo\\\" y la experiment\u00f3 en su cuerpo.\",\"breadcrumb\":{\"@id\":\"https:\\\/\\\/libreriaguadalupe.com.ar\\\/libreria\\\/producto\\\/vida-de-la-virgen-maria-de-los-apostoles-martires-y-santos\\\/#breadcrumb\"},\"inLanguage\":\"es\",\"potentialAction\":[{\"@type\":\"ReadAction\",\"target\":[\"https:\\\/\\\/libreriaguadalupe.com.ar\\\/libreria\\\/producto\\\/vida-de-la-virgen-maria-de-los-apostoles-martires-y-santos\\\/\"]}]},{\"@type\":\"ImageObject\",\"inLanguage\":\"es\",\"@id\":\"https:\\\/\\\/libreriaguadalupe.com.ar\\\/libreria\\\/producto\\\/vida-de-la-virgen-maria-de-los-apostoles-martires-y-santos\\\/#primaryimage\",\"url\":\"https:\\\/\\\/i0.wp.com\\\/libreriaguadalupe.com.ar\\\/libreria\\\/wp-content\\\/uploads\\\/2023\\\/04\\\/Vida-De-La-Virgen-Maria-De-Los-Apostoles-Martires-Y-Santos.jpeg?fit=343%2C500&ssl=1\",\"contentUrl\":\"https:\\\/\\\/i0.wp.com\\\/libreriaguadalupe.com.ar\\\/libreria\\\/wp-content\\\/uploads\\\/2023\\\/04\\\/Vida-De-La-Virgen-Maria-De-Los-Apostoles-Martires-Y-Santos.jpeg?fit=343%2C500&ssl=1\",\"width\":343,\"height\":500},{\"@type\":\"BreadcrumbList\",\"@id\":\"https:\\\/\\\/libreriaguadalupe.com.ar\\\/libreria\\\/producto\\\/vida-de-la-virgen-maria-de-los-apostoles-martires-y-santos\\\/#breadcrumb\",\"itemListElement\":[{\"@type\":\"ListItem\",\"position\":1,\"name\":\"Portada\",\"item\":\"https:\\\/\\\/libreriaguadalupe.com.ar\\\/libreria\\\/\"},{\"@type\":\"ListItem\",\"position\":2,\"name\":\"Tienda\",\"item\":\"https:\\\/\\\/libreriaguadalupe.com.ar\\\/libreria\\\/\"},{\"@type\":\"ListItem\",\"position\":3,\"name\":\"Vida De La Virgen Mar\u00eda, De Los Ap\u00f3stoles, M\u00e1rtires Y Santos\"}]},{\"@type\":\"WebSite\",\"@id\":\"https:\\\/\\\/libreriaguadalupe.com.ar\\\/libreria\\\/#website\",\"url\":\"https:\\\/\\\/libreriaguadalupe.com.ar\\\/libreria\\\/\",\"name\":\"Editorial Guadalupe de Argentina\",\"description\":\"Congregaci\u00f3n del Verbo Divino\",\"publisher\":{\"@id\":\"https:\\\/\\\/libreriaguadalupe.com.ar\\\/libreria\\\/#organization\"},\"alternateName\":\"Librer\u00eda Guadalupe\",\"potentialAction\":[{\"@type\":\"SearchAction\",\"target\":{\"@type\":\"EntryPoint\",\"urlTemplate\":\"https:\\\/\\\/libreriaguadalupe.com.ar\\\/libreria\\\/?s={search_term_string}\"},\"query-input\":{\"@type\":\"PropertyValueSpecification\",\"valueRequired\":true,\"valueName\":\"search_term_string\"}}],\"inLanguage\":\"es\"},{\"@type\":\"Organization\",\"@id\":\"https:\\\/\\\/libreriaguadalupe.com.ar\\\/libreria\\\/#organization\",\"name\":\"Editorial Guadalupe\",\"alternateName\":\"Librer\u00eda Guadalupe\",\"url\":\"https:\\\/\\\/libreriaguadalupe.com.ar\\\/libreria\\\/\",\"logo\":{\"@type\":\"ImageObject\",\"inLanguage\":\"es\",\"@id\":\"https:\\\/\\\/libreriaguadalupe.com.ar\\\/libreria\\\/#\\\/schema\\\/logo\\\/image\\\/\",\"url\":\"https:\\\/\\\/i0.wp.com\\\/libreriaguadalupe.com.ar\\\/libreria\\\/wp-content\\\/uploads\\\/2023\\\/01\\\/cropped-logo-editorial-guadalupe.webp?fit=500%2C100&ssl=1\",\"contentUrl\":\"https:\\\/\\\/i0.wp.com\\\/libreriaguadalupe.com.ar\\\/libreria\\\/wp-content\\\/uploads\\\/2023\\\/01\\\/cropped-logo-editorial-guadalupe.webp?fit=500%2C100&ssl=1\",\"width\":500,\"height\":100,\"caption\":\"Editorial Guadalupe\"},\"image\":{\"@id\":\"https:\\\/\\\/libreriaguadalupe.com.ar\\\/libreria\\\/#\\\/schema\\\/logo\\\/image\\\/\"},\"sameAs\":[\"https:\\\/\\\/www.facebook.com\\\/LibreriaGuadalupeAR\\\/\",\"https:\\\/\\\/www.instagram.com\\\/editorialguadalupe\\\/\",\"https:\\\/\\\/guadalupeeditorial.mercadoshops.com.ar\\\/\"]}]}<\/script>\n<!-- \/ Yoast SEO plugin. -->","yoast_head_json":{"title":"Vida De La Virgen Mar\u00eda, De Los Ap\u00f3stoles, M\u00e1rtires Y Santos - Editorial Guadalupe de Argentina","description":"La beata Anna Katharina Emmerick contempl\u00f3 \"la dolorosa pasi\u00f3n de nuestro Se\u00f1or Jesucristo\" y la experiment\u00f3 en su cuerpo.","robots":{"index":"index","follow":"follow","max-snippet":"max-snippet:-1","max-image-preview":"max-image-preview:large","max-video-preview":"max-video-preview:-1"},"canonical":"https:\/\/libreriaguadalupe.com.ar\/libreria\/producto\/vida-de-la-virgen-maria-de-los-apostoles-martires-y-santos\/","og_locale":"es_ES","og_type":"article","og_title":"Vida De La Virgen Mar\u00eda, De Los Ap\u00f3stoles, M\u00e1rtires Y Santos - Editorial Guadalupe de Argentina","og_description":"La beata Anna Katharina Emmerick contempl\u00f3 \"la dolorosa pasi\u00f3n de nuestro Se\u00f1or Jesucristo\" y la experiment\u00f3 en su cuerpo.","og_url":"https:\/\/libreriaguadalupe.com.ar\/libreria\/producto\/vida-de-la-virgen-maria-de-los-apostoles-martires-y-santos\/","og_site_name":"Editorial Guadalupe de Argentina","article_publisher":"https:\/\/www.facebook.com\/LibreriaGuadalupeAR\/","article_modified_time":"2026-04-06T15:15:53+00:00","og_image":[{"width":343,"height":500,"url":"https:\/\/libreriaguadalupe.com.ar\/libreria\/wp-content\/uploads\/2023\/04\/Vida-De-La-Virgen-Maria-De-Los-Apostoles-Martires-Y-Santos.jpeg","type":"image\/jpeg"}],"twitter_card":"summary_large_image","twitter_misc":{"Tiempo de lectura":"1 minuto"},"schema":{"@context":"https:\/\/schema.org","@graph":[{"@type":"WebPage","@id":"https:\/\/libreriaguadalupe.com.ar\/libreria\/producto\/vida-de-la-virgen-maria-de-los-apostoles-martires-y-santos\/","url":"https:\/\/libreriaguadalupe.com.ar\/libreria\/producto\/vida-de-la-virgen-maria-de-los-apostoles-martires-y-santos\/","name":"Vida De La Virgen Mar\u00eda, De Los Ap\u00f3stoles, M\u00e1rtires Y Santos - Editorial Guadalupe de Argentina","isPartOf":{"@id":"https:\/\/libreriaguadalupe.com.ar\/libreria\/#website"},"primaryImageOfPage":{"@id":"https:\/\/libreriaguadalupe.com.ar\/libreria\/producto\/vida-de-la-virgen-maria-de-los-apostoles-martires-y-santos\/#primaryimage"},"image":{"@id":"https:\/\/libreriaguadalupe.com.ar\/libreria\/producto\/vida-de-la-virgen-maria-de-los-apostoles-martires-y-santos\/#primaryimage"},"thumbnailUrl":"https:\/\/i0.wp.com\/libreriaguadalupe.com.ar\/libreria\/wp-content\/uploads\/2023\/04\/Vida-De-La-Virgen-Maria-De-Los-Apostoles-Martires-Y-Santos.jpeg?fit=343%2C500&ssl=1","datePublished":"2023-04-13T20:04:50+00:00","dateModified":"2026-04-06T15:15:53+00:00","description":"La beata Anna Katharina Emmerick contempl\u00f3 \"la dolorosa pasi\u00f3n de nuestro Se\u00f1or Jesucristo\" y la experiment\u00f3 en su cuerpo.","breadcrumb":{"@id":"https:\/\/libreriaguadalupe.com.ar\/libreria\/producto\/vida-de-la-virgen-maria-de-los-apostoles-martires-y-santos\/#breadcrumb"},"inLanguage":"es","potentialAction":[{"@type":"ReadAction","target":["https:\/\/libreriaguadalupe.com.ar\/libreria\/producto\/vida-de-la-virgen-maria-de-los-apostoles-martires-y-santos\/"]}]},{"@type":"ImageObject","inLanguage":"es","@id":"https:\/\/libreriaguadalupe.com.ar\/libreria\/producto\/vida-de-la-virgen-maria-de-los-apostoles-martires-y-santos\/#primaryimage","url":"https:\/\/i0.wp.com\/libreriaguadalupe.com.ar\/libreria\/wp-content\/uploads\/2023\/04\/Vida-De-La-Virgen-Maria-De-Los-Apostoles-Martires-Y-Santos.jpeg?fit=343%2C500&ssl=1","contentUrl":"https:\/\/i0.wp.com\/libreriaguadalupe.com.ar\/libreria\/wp-content\/uploads\/2023\/04\/Vida-De-La-Virgen-Maria-De-Los-Apostoles-Martires-Y-Santos.jpeg?fit=343%2C500&ssl=1","width":343,"height":500},{"@type":"BreadcrumbList","@id":"https:\/\/libreriaguadalupe.com.ar\/libreria\/producto\/vida-de-la-virgen-maria-de-los-apostoles-martires-y-santos\/#breadcrumb","itemListElement":[{"@type":"ListItem","position":1,"name":"Portada","item":"https:\/\/libreriaguadalupe.com.ar\/libreria\/"},{"@type":"ListItem","position":2,"name":"Tienda","item":"https:\/\/libreriaguadalupe.com.ar\/libreria\/"},{"@type":"ListItem","position":3,"name":"Vida De La Virgen Mar\u00eda, De Los Ap\u00f3stoles, M\u00e1rtires Y Santos"}]},{"@type":"WebSite","@id":"https:\/\/libreriaguadalupe.com.ar\/libreria\/#website","url":"https:\/\/libreriaguadalupe.com.ar\/libreria\/","name":"Editorial Guadalupe de Argentina","description":"Congregaci\u00f3n del Verbo Divino","publisher":{"@id":"https:\/\/libreriaguadalupe.com.ar\/libreria\/#organization"},"alternateName":"Librer\u00eda Guadalupe","potentialAction":[{"@type":"SearchAction","target":{"@type":"EntryPoint","urlTemplate":"https:\/\/libreriaguadalupe.com.ar\/libreria\/?s={search_term_string}"},"query-input":{"@type":"PropertyValueSpecification","valueRequired":true,"valueName":"search_term_string"}}],"inLanguage":"es"},{"@type":"Organization","@id":"https:\/\/libreriaguadalupe.com.ar\/libreria\/#organization","name":"Editorial Guadalupe","alternateName":"Librer\u00eda Guadalupe","url":"https:\/\/libreriaguadalupe.com.ar\/libreria\/","logo":{"@type":"ImageObject","inLanguage":"es","@id":"https:\/\/libreriaguadalupe.com.ar\/libreria\/#\/schema\/logo\/image\/","url":"https:\/\/i0.wp.com\/libreriaguadalupe.com.ar\/libreria\/wp-content\/uploads\/2023\/01\/cropped-logo-editorial-guadalupe.webp?fit=500%2C100&ssl=1","contentUrl":"https:\/\/i0.wp.com\/libreriaguadalupe.com.ar\/libreria\/wp-content\/uploads\/2023\/01\/cropped-logo-editorial-guadalupe.webp?fit=500%2C100&ssl=1","width":500,"height":100,"caption":"Editorial Guadalupe"},"image":{"@id":"https:\/\/libreriaguadalupe.com.ar\/libreria\/#\/schema\/logo\/image\/"},"sameAs":["https:\/\/www.facebook.com\/LibreriaGuadalupeAR\/","https:\/\/www.instagram.com\/editorialguadalupe\/","https:\/\/guadalupeeditorial.mercadoshops.com.ar\/"]}]}},"jetpack_publicize_connections":[],"jetpack_sharing_enabled":true,"jetpack-related-posts":[{"id":16957,"url":"https:\/\/libreriaguadalupe.com.ar\/libreria\/producto\/nacimiento-e-infancia\/","url_meta":{"origin":17223,"position":0},"title":"Nacimiento E Infancia","author":"admin","date":"23\/03\/2023","format":false,"excerpt":"Visiones y revelaciones Autor: EMMERICK ANA CATALINA ISBN: 9789505005918 Dimensiones: 15 x 22 cm P\u00e1ginas: 176","rel":"","context":"Entrada similar","block_context":{"text":"Entrada similar","link":""},"img":{"alt_text":"","src":"https:\/\/i0.wp.com\/libreriaguadalupe.com.ar\/libreria\/wp-content\/uploads\/2023\/03\/Nacimiento-E-Infancia.jpeg?fit=344%2C500&ssl=1&resize=350%2C200","width":350,"height":200},"classes":[]},{"id":19012,"url":"https:\/\/libreriaguadalupe.com.ar\/libreria\/producto\/eduardo-francisco-pironio-beato\/","url_meta":{"origin":17223,"position":1},"title":"Eduardo Francisco Pironio &#8211; Beato","author":"Mariano Zuqui","date":"23\/07\/2025","format":false,"excerpt":"Autor: Jos\u00e9 Luis Kaufmann T\u00edtulo: \"Eduardo Francisco Pironio - Beato\" ISBN:978-950-500-962-6 Formato: 15.5\u00a0 (ancho) x 22,5 (alto) cms. Interior: 1\/1 color Papel: Bookcel 80 grs. N\u00ba de P\u00e1ginas: 176 Tapa:4 Colores - Cartulina - Laminado mate Encuadernaci\u00f3n: Binder \u00a0 \u00a0","rel":"","context":"Entrada similar","block_context":{"text":"Entrada similar","link":""},"img":{"alt_text":"El cardenal Pironio ha sido un testigo fiel de la elecci\u00f3n divina y del llamado a la santidad, respondiendo con gozosa docilidad a los designios de Dios.","src":"https:\/\/i0.wp.com\/libreriaguadalupe.com.ar\/libreria\/wp-content\/uploads\/2025\/07\/1-1.png?fit=960%2C1200&ssl=1&resize=350%2C200","width":350,"height":200,"srcset":"https:\/\/i0.wp.com\/libreriaguadalupe.com.ar\/libreria\/wp-content\/uploads\/2025\/07\/1-1.png?fit=960%2C1200&ssl=1&resize=350%2C200 1x, https:\/\/i0.wp.com\/libreriaguadalupe.com.ar\/libreria\/wp-content\/uploads\/2025\/07\/1-1.png?fit=960%2C1200&ssl=1&resize=525%2C300 1.5x, https:\/\/i0.wp.com\/libreriaguadalupe.com.ar\/libreria\/wp-content\/uploads\/2025\/07\/1-1.png?fit=960%2C1200&ssl=1&resize=700%2C400 2x"},"classes":[]},{"id":17927,"url":"https:\/\/libreriaguadalupe.com.ar\/libreria\/producto\/el-evangelio-en-la-cruz\/","url_meta":{"origin":17223,"position":2},"title":"El Evangelio en la Cruz","author":"admin","date":"22\/03\/2024","format":false,"excerpt":"Breve Catecismo Cat\u00f3lico Autor: Leonardo Legr\u00e1s [\u00a0VER M\u00c1S OBRAS\u00a0] ISBN: 978-950-500-918-3 Dimensiones: 14 x 22 cm P\u00e1ginas: 118","rel":"","context":"Entrada similar","block_context":{"text":"Entrada similar","link":""},"img":{"alt_text":"","src":"https:\/\/i0.wp.com\/libreriaguadalupe.com.ar\/libreria\/wp-content\/uploads\/2024\/03\/NOVEDAD-TIENDA-MARZO-3.jpg?fit=470%2C470&ssl=1&resize=350%2C200","width":350,"height":200},"classes":[]},{"id":17746,"url":"https:\/\/libreriaguadalupe.com.ar\/libreria\/producto\/cardenal-pironio\/","url_meta":{"origin":17223,"position":3},"title":"Cardenal Pironio","author":"admin","date":"07\/12\/2023","format":false,"excerpt":"Un regalo de Dios a la Iglesia Autor: JOS\u00c9 LUIS GERLERO ISBN: 978-950-500-515-4 Dimensiones: 16 x 23 cm P\u00e1ginas: 128","rel":"","context":"Entrada similar","block_context":{"text":"Entrada similar","link":""},"img":{"alt_text":"Cardenal Pironio","src":"https:\/\/i0.wp.com\/libreriaguadalupe.com.ar\/libreria\/wp-content\/uploads\/2023\/12\/Cardenal-Pironio-Tapa-scaled.jpg?fit=820%2C1200&ssl=1&resize=350%2C200","width":350,"height":200,"srcset":"https:\/\/i0.wp.com\/libreriaguadalupe.com.ar\/libreria\/wp-content\/uploads\/2023\/12\/Cardenal-Pironio-Tapa-scaled.jpg?fit=820%2C1200&ssl=1&resize=350%2C200 1x, https:\/\/i0.wp.com\/libreriaguadalupe.com.ar\/libreria\/wp-content\/uploads\/2023\/12\/Cardenal-Pironio-Tapa-scaled.jpg?fit=820%2C1200&ssl=1&resize=525%2C300 1.5x, https:\/\/i0.wp.com\/libreriaguadalupe.com.ar\/libreria\/wp-content\/uploads\/2023\/12\/Cardenal-Pironio-Tapa-scaled.jpg?fit=820%2C1200&ssl=1&resize=700%2C400 2x"},"classes":[]},{"id":19061,"url":"https:\/\/libreriaguadalupe.com.ar\/libreria\/producto\/claves-inspiradoras-de-la-animacion-biblica-de-la-pastoral\/","url_meta":{"origin":17223,"position":4},"title":"Claves inspiradoras de la Animaci\u00f3n B\u00edblica de la Pastoral","author":"Mariano Zuqui","date":"16\/09\/2025","format":false,"excerpt":"Autor: Miguel \u00c1ngel Armada SVD T\u00edtulo: \"Claves Inspiradoras de la Animaci\u00f3n B\u00edblica de la Pastoral\" ISBN:978-950-500-966-4 Formato: 14,5\u00a0 (ancho) x 22 (alto) cms. Interior: 1\/1 color Papel: Bookcel 80 grs. N\u00ba de P\u00e1ginas: 120 Tapa:4 Colores - Cartulina - Laminado mate Encuadernaci\u00f3n: Binder \u00a0 \u00a0","rel":"","context":"Entrada similar","block_context":{"text":"Entrada similar","link":""},"img":{"alt_text":"","src":"https:\/\/i0.wp.com\/libreriaguadalupe.com.ar\/libreria\/wp-content\/uploads\/2025\/09\/1-1.png?fit=960%2C1200&ssl=1&resize=350%2C200","width":350,"height":200,"srcset":"https:\/\/i0.wp.com\/libreriaguadalupe.com.ar\/libreria\/wp-content\/uploads\/2025\/09\/1-1.png?fit=960%2C1200&ssl=1&resize=350%2C200 1x, https:\/\/i0.wp.com\/libreriaguadalupe.com.ar\/libreria\/wp-content\/uploads\/2025\/09\/1-1.png?fit=960%2C1200&ssl=1&resize=525%2C300 1.5x, https:\/\/i0.wp.com\/libreriaguadalupe.com.ar\/libreria\/wp-content\/uploads\/2025\/09\/1-1.png?fit=960%2C1200&ssl=1&resize=700%2C400 2x"},"classes":[]},{"id":18027,"url":"https:\/\/libreriaguadalupe.com.ar\/libreria\/producto\/la-iglesia-de-los-pobres\/","url_meta":{"origin":17223,"position":5},"title":"La iglesia de los pobres","author":"admin","date":"08\/05\/2024","format":false,"excerpt":"Movimiento de Sacerdotes para el Tercer Mundo Curas de villa Grupo de Curas en la Opci\u00f3n por los Pobres Rupturas y continuidades Autor: Rosana Luj\u00e1n Cirigliano ISBN: 978-950-500-920-6 Dimensiones: 14,5 x 22 cm P\u00e1ginas: 176","rel":"","context":"Entrada similar","block_context":{"text":"Entrada similar","link":""},"img":{"alt_text":"","src":"https:\/\/i0.wp.com\/libreriaguadalupe.com.ar\/libreria\/wp-content\/uploads\/2024\/05\/NOVEDAD-TIENDA-MAYO-2.jpg?fit=470%2C470&ssl=1&resize=350%2C200","width":350,"height":200},"classes":[]}],"_links":{"self":[{"href":"https:\/\/libreriaguadalupe.com.ar\/libreria\/wp-json\/wp\/v2\/product\/17223","targetHints":{"allow":["GET"]}}],"collection":[{"href":"https:\/\/libreriaguadalupe.com.ar\/libreria\/wp-json\/wp\/v2\/product"}],"about":[{"href":"https:\/\/libreriaguadalupe.com.ar\/libreria\/wp-json\/wp\/v2\/types\/product"}],"replies":[{"embeddable":true,"href":"https:\/\/libreriaguadalupe.com.ar\/libreria\/wp-json\/wp\/v2\/comments?post=17223"}],"version-history":[{"count":1,"href":"https:\/\/libreriaguadalupe.com.ar\/libreria\/wp-json\/wp\/v2\/product\/17223\/revisions"}],"predecessor-version":[{"id":17226,"href":"https:\/\/libreriaguadalupe.com.ar\/libreria\/wp-json\/wp\/v2\/product\/17223\/revisions\/17226"}],"wp:featuredmedia":[{"embeddable":true,"href":"https:\/\/libreriaguadalupe.com.ar\/libreria\/wp-json\/wp\/v2\/media\/17224"}],"wp:attachment":[{"href":"https:\/\/libreriaguadalupe.com.ar\/libreria\/wp-json\/wp\/v2\/media?parent=17223"}],"wp:term":[{"taxonomy":"product_brand","embeddable":true,"href":"https:\/\/libreriaguadalupe.com.ar\/libreria\/wp-json\/wp\/v2\/product_brand?post=17223"},{"taxonomy":"product_cat","embeddable":true,"href":"https:\/\/libreriaguadalupe.com.ar\/libreria\/wp-json\/wp\/v2\/product_cat?post=17223"},{"taxonomy":"product_tag","embeddable":true,"href":"https:\/\/libreriaguadalupe.com.ar\/libreria\/wp-json\/wp\/v2\/product_tag?post=17223"}],"curies":[{"name":"wp","href":"https:\/\/api.w.org\/{rel}","templated":true}]}}