{"id":17211,"date":"2023-04-04T20:42:53","date_gmt":"2023-04-04T23:42:53","guid":{"rendered":"https:\/\/libreriaguadalupe.com.ar\/libreria\/?post_type=product&#038;p=17211"},"modified":"2024-06-06T09:10:59","modified_gmt":"2024-06-06T12:10:59","slug":"tentaciones-en-el-seguimiento-de-cristo","status":"publish","type":"product","link":"https:\/\/libreriaguadalupe.com.ar\/libreria\/producto\/tentaciones-en-el-seguimiento-de-cristo\/","title":{"rendered":"Tentaciones en el seguimiento de Cristo"},"content":{"rendered":"<p>Frente a la consideraci\u00f3n de la tentaci\u00f3n en un sentido negativo, la tentaci\u00f3n se presenta en esta obra como una se\u00f1al, una alerta, una llamada de atenci\u00f3n, que incluso puede ser positiva en cuanto que nos abre los ojos.<\/p>\n<p>La tentaci\u00f3n es una provocaci\u00f3n a la libertad, a tomar el tim\u00f3n de la vida en las propias manos para hacer la traves\u00eda afrontando vientos y corrientes adversas, sabiendo que, aunque parezca que estamos solos, Jes\u00fas est\u00e1 con nosotros en la popa de nuestra nave y compartiendo nuestro camino.<\/p>\n<p>El prop\u00f3sito de estas p\u00e1ginas no es especulativo ni te\u00f3rico, sino pastoral: mostrar una serie de actitudes y de situaciones que pueden aparecer en el camino del seguimiento del Se\u00f1or, tergivers\u00e1ndolo o haci\u00e9ndolo peligrar. No est\u00e1n pensadas ni dirigidas solo a grupos selectos de cristianos, sino tambi\u00e9n a cristianos de a pie, de bast\u00f3n y mochila, que con la palabra de Dios como l\u00e1mpara y hoja de ruta, quieren adentrarse en la senda del seguimiento.<\/p>\n","protected":false},"excerpt":{"rendered":"<p>Autor: Domingo J. Montero Carri\u00f3n<strong><br \/>\n<\/strong>ISBN: 8490738559<br \/>\nDimensiones: 12 x 19 cm<br \/>\nP\u00e1ginas: 148<\/p>\n","protected":false},"featured_media":17212,"comment_status":"open","ping_status":"closed","template":"","meta":{"jetpack_publicize_message":"","jetpack_publicize_feature_enabled":true,"jetpack_social_post_already_shared":true,"jetpack_social_options":{"image_generator_settings":{"template":"highway","default_image_id":0,"font":"","enabled":false},"version":2}},"product_brand":[],"product_cat":[109],"product_tag":[127],"class_list":{"0":"post-17211","1":"product","2":"type-product","3":"status-publish","4":"has-post-thumbnail","6":"product_cat-verbo-divino","7":"product_tag-editorial-guadalupe-de-argentina","9":"first","10":"outofstock","11":"shipping-taxable","12":"purchasable","13":"product-type-simple"},"yoast_head":"<!-- This site is optimized with the Yoast SEO plugin v27.4 - https:\/\/yoast.com\/product\/yoast-seo-wordpress\/ -->\n<title>Tentaciones en el seguimiento de Cristo - Editorial Guadalupe de Argentina<\/title>\n<meta name=\"description\" content=\"Frente a la consideraci\u00f3n de la tentaci\u00f3n en un sentido negativo, la tentaci\u00f3n se presenta en esta obra como una se\u00f1al, una alerta, una llamada de atenci\u00f3n, que incluso puede ser positiva en cuanto que nos abre los ojos.\" \/>\n<meta name=\"robots\" content=\"index, follow, max-snippet:-1, max-image-preview:large, max-video-preview:-1\" \/>\n<link rel=\"canonical\" href=\"https:\/\/libreriaguadalupe.com.ar\/libreria\/producto\/tentaciones-en-el-seguimiento-de-cristo\/\" \/>\n<meta property=\"og:locale\" content=\"es_ES\" \/>\n<meta property=\"og:type\" content=\"article\" \/>\n<meta property=\"og:title\" content=\"Tentaciones en el seguimiento de Cristo - Editorial Guadalupe de Argentina\" \/>\n<meta property=\"og:description\" content=\"Frente a la consideraci\u00f3n de la tentaci\u00f3n en un sentido negativo, la tentaci\u00f3n se presenta en esta obra como una se\u00f1al, una alerta, una llamada de atenci\u00f3n, que incluso puede ser positiva en cuanto que nos abre los ojos.\" \/>\n<meta property=\"og:url\" content=\"https:\/\/libreriaguadalupe.com.ar\/libreria\/producto\/tentaciones-en-el-seguimiento-de-cristo\/\" \/>\n<meta property=\"og:site_name\" content=\"Editorial Guadalupe de Argentina\" \/>\n<meta property=\"article:publisher\" content=\"https:\/\/www.facebook.com\/LibreriaGuadalupeAR\/\" \/>\n<meta property=\"article:modified_time\" content=\"2024-06-06T12:10:59+00:00\" \/>\n<meta property=\"og:image\" content=\"https:\/\/libreriaguadalupe.com.ar\/libreria\/wp-content\/uploads\/2023\/04\/Tentaciones-en-el-seguimiento-de-Cristo.jpg\" \/>\n\t<meta property=\"og:image:width\" content=\"380\" \/>\n\t<meta property=\"og:image:height\" content=\"586\" \/>\n\t<meta property=\"og:image:type\" content=\"image\/jpeg\" \/>\n<meta name=\"twitter:card\" content=\"summary_large_image\" \/>\n<meta name=\"twitter:label1\" content=\"Tiempo de lectura\" \/>\n\t<meta name=\"twitter:data1\" content=\"1 minuto\" \/>\n<script type=\"application\/ld+json\" class=\"yoast-schema-graph\">{\"@context\":\"https:\\\/\\\/schema.org\",\"@graph\":[{\"@type\":\"WebPage\",\"@id\":\"https:\\\/\\\/libreriaguadalupe.com.ar\\\/libreria\\\/producto\\\/tentaciones-en-el-seguimiento-de-cristo\\\/\",\"url\":\"https:\\\/\\\/libreriaguadalupe.com.ar\\\/libreria\\\/producto\\\/tentaciones-en-el-seguimiento-de-cristo\\\/\",\"name\":\"Tentaciones en el seguimiento de Cristo - Editorial Guadalupe de Argentina\",\"isPartOf\":{\"@id\":\"https:\\\/\\\/libreriaguadalupe.com.ar\\\/libreria\\\/#website\"},\"primaryImageOfPage\":{\"@id\":\"https:\\\/\\\/libreriaguadalupe.com.ar\\\/libreria\\\/producto\\\/tentaciones-en-el-seguimiento-de-cristo\\\/#primaryimage\"},\"image\":{\"@id\":\"https:\\\/\\\/libreriaguadalupe.com.ar\\\/libreria\\\/producto\\\/tentaciones-en-el-seguimiento-de-cristo\\\/#primaryimage\"},\"thumbnailUrl\":\"https:\\\/\\\/i0.wp.com\\\/libreriaguadalupe.com.ar\\\/libreria\\\/wp-content\\\/uploads\\\/2023\\\/04\\\/Tentaciones-en-el-seguimiento-de-Cristo.jpg?fit=380%2C586&ssl=1\",\"datePublished\":\"2023-04-04T23:42:53+00:00\",\"dateModified\":\"2024-06-06T12:10:59+00:00\",\"description\":\"Frente a la consideraci\u00f3n de la tentaci\u00f3n en un sentido negativo, la tentaci\u00f3n se presenta en esta obra como una se\u00f1al, una alerta, una llamada de atenci\u00f3n, que incluso puede ser positiva en cuanto que nos abre los ojos.\",\"breadcrumb\":{\"@id\":\"https:\\\/\\\/libreriaguadalupe.com.ar\\\/libreria\\\/producto\\\/tentaciones-en-el-seguimiento-de-cristo\\\/#breadcrumb\"},\"inLanguage\":\"es\",\"potentialAction\":[{\"@type\":\"ReadAction\",\"target\":[\"https:\\\/\\\/libreriaguadalupe.com.ar\\\/libreria\\\/producto\\\/tentaciones-en-el-seguimiento-de-cristo\\\/\"]}]},{\"@type\":\"ImageObject\",\"inLanguage\":\"es\",\"@id\":\"https:\\\/\\\/libreriaguadalupe.com.ar\\\/libreria\\\/producto\\\/tentaciones-en-el-seguimiento-de-cristo\\\/#primaryimage\",\"url\":\"https:\\\/\\\/i0.wp.com\\\/libreriaguadalupe.com.ar\\\/libreria\\\/wp-content\\\/uploads\\\/2023\\\/04\\\/Tentaciones-en-el-seguimiento-de-Cristo.jpg?fit=380%2C586&ssl=1\",\"contentUrl\":\"https:\\\/\\\/i0.wp.com\\\/libreriaguadalupe.com.ar\\\/libreria\\\/wp-content\\\/uploads\\\/2023\\\/04\\\/Tentaciones-en-el-seguimiento-de-Cristo.jpg?fit=380%2C586&ssl=1\",\"width\":380,\"height\":586},{\"@type\":\"BreadcrumbList\",\"@id\":\"https:\\\/\\\/libreriaguadalupe.com.ar\\\/libreria\\\/producto\\\/tentaciones-en-el-seguimiento-de-cristo\\\/#breadcrumb\",\"itemListElement\":[{\"@type\":\"ListItem\",\"position\":1,\"name\":\"Portada\",\"item\":\"https:\\\/\\\/libreriaguadalupe.com.ar\\\/libreria\\\/\"},{\"@type\":\"ListItem\",\"position\":2,\"name\":\"Tienda\",\"item\":\"https:\\\/\\\/libreriaguadalupe.com.ar\\\/libreria\\\/\"},{\"@type\":\"ListItem\",\"position\":3,\"name\":\"Tentaciones en el seguimiento de Cristo\"}]},{\"@type\":\"WebSite\",\"@id\":\"https:\\\/\\\/libreriaguadalupe.com.ar\\\/libreria\\\/#website\",\"url\":\"https:\\\/\\\/libreriaguadalupe.com.ar\\\/libreria\\\/\",\"name\":\"Editorial Guadalupe de Argentina\",\"description\":\"Congregaci\u00f3n del Verbo Divino\",\"publisher\":{\"@id\":\"https:\\\/\\\/libreriaguadalupe.com.ar\\\/libreria\\\/#organization\"},\"alternateName\":\"Librer\u00eda Guadalupe\",\"potentialAction\":[{\"@type\":\"SearchAction\",\"target\":{\"@type\":\"EntryPoint\",\"urlTemplate\":\"https:\\\/\\\/libreriaguadalupe.com.ar\\\/libreria\\\/?s={search_term_string}\"},\"query-input\":{\"@type\":\"PropertyValueSpecification\",\"valueRequired\":true,\"valueName\":\"search_term_string\"}}],\"inLanguage\":\"es\"},{\"@type\":\"Organization\",\"@id\":\"https:\\\/\\\/libreriaguadalupe.com.ar\\\/libreria\\\/#organization\",\"name\":\"Editorial Guadalupe\",\"alternateName\":\"Librer\u00eda Guadalupe\",\"url\":\"https:\\\/\\\/libreriaguadalupe.com.ar\\\/libreria\\\/\",\"logo\":{\"@type\":\"ImageObject\",\"inLanguage\":\"es\",\"@id\":\"https:\\\/\\\/libreriaguadalupe.com.ar\\\/libreria\\\/#\\\/schema\\\/logo\\\/image\\\/\",\"url\":\"https:\\\/\\\/i0.wp.com\\\/libreriaguadalupe.com.ar\\\/libreria\\\/wp-content\\\/uploads\\\/2023\\\/01\\\/cropped-logo-editorial-guadalupe.webp?fit=500%2C100&ssl=1\",\"contentUrl\":\"https:\\\/\\\/i0.wp.com\\\/libreriaguadalupe.com.ar\\\/libreria\\\/wp-content\\\/uploads\\\/2023\\\/01\\\/cropped-logo-editorial-guadalupe.webp?fit=500%2C100&ssl=1\",\"width\":500,\"height\":100,\"caption\":\"Editorial Guadalupe\"},\"image\":{\"@id\":\"https:\\\/\\\/libreriaguadalupe.com.ar\\\/libreria\\\/#\\\/schema\\\/logo\\\/image\\\/\"},\"sameAs\":[\"https:\\\/\\\/www.facebook.com\\\/LibreriaGuadalupeAR\\\/\",\"https:\\\/\\\/www.instagram.com\\\/editorialguadalupe\\\/\",\"https:\\\/\\\/guadalupeeditorial.mercadoshops.com.ar\\\/\"]}]}<\/script>\n<!-- \/ Yoast SEO plugin. -->","yoast_head_json":{"title":"Tentaciones en el seguimiento de Cristo - Editorial Guadalupe de Argentina","description":"Frente a la consideraci\u00f3n de la tentaci\u00f3n en un sentido negativo, la tentaci\u00f3n se presenta en esta obra como una se\u00f1al, una alerta, una llamada de atenci\u00f3n, que incluso puede ser positiva en cuanto que nos abre los ojos.","robots":{"index":"index","follow":"follow","max-snippet":"max-snippet:-1","max-image-preview":"max-image-preview:large","max-video-preview":"max-video-preview:-1"},"canonical":"https:\/\/libreriaguadalupe.com.ar\/libreria\/producto\/tentaciones-en-el-seguimiento-de-cristo\/","og_locale":"es_ES","og_type":"article","og_title":"Tentaciones en el seguimiento de Cristo - Editorial Guadalupe de Argentina","og_description":"Frente a la consideraci\u00f3n de la tentaci\u00f3n en un sentido negativo, la tentaci\u00f3n se presenta en esta obra como una se\u00f1al, una alerta, una llamada de atenci\u00f3n, que incluso puede ser positiva en cuanto que nos abre los ojos.","og_url":"https:\/\/libreriaguadalupe.com.ar\/libreria\/producto\/tentaciones-en-el-seguimiento-de-cristo\/","og_site_name":"Editorial Guadalupe de Argentina","article_publisher":"https:\/\/www.facebook.com\/LibreriaGuadalupeAR\/","article_modified_time":"2024-06-06T12:10:59+00:00","og_image":[{"width":380,"height":586,"url":"https:\/\/libreriaguadalupe.com.ar\/libreria\/wp-content\/uploads\/2023\/04\/Tentaciones-en-el-seguimiento-de-Cristo.jpg","type":"image\/jpeg"}],"twitter_card":"summary_large_image","twitter_misc":{"Tiempo de lectura":"1 minuto"},"schema":{"@context":"https:\/\/schema.org","@graph":[{"@type":"WebPage","@id":"https:\/\/libreriaguadalupe.com.ar\/libreria\/producto\/tentaciones-en-el-seguimiento-de-cristo\/","url":"https:\/\/libreriaguadalupe.com.ar\/libreria\/producto\/tentaciones-en-el-seguimiento-de-cristo\/","name":"Tentaciones en el seguimiento de Cristo - Editorial Guadalupe de Argentina","isPartOf":{"@id":"https:\/\/libreriaguadalupe.com.ar\/libreria\/#website"},"primaryImageOfPage":{"@id":"https:\/\/libreriaguadalupe.com.ar\/libreria\/producto\/tentaciones-en-el-seguimiento-de-cristo\/#primaryimage"},"image":{"@id":"https:\/\/libreriaguadalupe.com.ar\/libreria\/producto\/tentaciones-en-el-seguimiento-de-cristo\/#primaryimage"},"thumbnailUrl":"https:\/\/i0.wp.com\/libreriaguadalupe.com.ar\/libreria\/wp-content\/uploads\/2023\/04\/Tentaciones-en-el-seguimiento-de-Cristo.jpg?fit=380%2C586&ssl=1","datePublished":"2023-04-04T23:42:53+00:00","dateModified":"2024-06-06T12:10:59+00:00","description":"Frente a la consideraci\u00f3n de la tentaci\u00f3n en un sentido negativo, la tentaci\u00f3n se presenta en esta obra como una se\u00f1al, una alerta, una llamada de atenci\u00f3n, que incluso puede ser positiva en cuanto que nos abre los ojos.","breadcrumb":{"@id":"https:\/\/libreriaguadalupe.com.ar\/libreria\/producto\/tentaciones-en-el-seguimiento-de-cristo\/#breadcrumb"},"inLanguage":"es","potentialAction":[{"@type":"ReadAction","target":["https:\/\/libreriaguadalupe.com.ar\/libreria\/producto\/tentaciones-en-el-seguimiento-de-cristo\/"]}]},{"@type":"ImageObject","inLanguage":"es","@id":"https:\/\/libreriaguadalupe.com.ar\/libreria\/producto\/tentaciones-en-el-seguimiento-de-cristo\/#primaryimage","url":"https:\/\/i0.wp.com\/libreriaguadalupe.com.ar\/libreria\/wp-content\/uploads\/2023\/04\/Tentaciones-en-el-seguimiento-de-Cristo.jpg?fit=380%2C586&ssl=1","contentUrl":"https:\/\/i0.wp.com\/libreriaguadalupe.com.ar\/libreria\/wp-content\/uploads\/2023\/04\/Tentaciones-en-el-seguimiento-de-Cristo.jpg?fit=380%2C586&ssl=1","width":380,"height":586},{"@type":"BreadcrumbList","@id":"https:\/\/libreriaguadalupe.com.ar\/libreria\/producto\/tentaciones-en-el-seguimiento-de-cristo\/#breadcrumb","itemListElement":[{"@type":"ListItem","position":1,"name":"Portada","item":"https:\/\/libreriaguadalupe.com.ar\/libreria\/"},{"@type":"ListItem","position":2,"name":"Tienda","item":"https:\/\/libreriaguadalupe.com.ar\/libreria\/"},{"@type":"ListItem","position":3,"name":"Tentaciones en el seguimiento de Cristo"}]},{"@type":"WebSite","@id":"https:\/\/libreriaguadalupe.com.ar\/libreria\/#website","url":"https:\/\/libreriaguadalupe.com.ar\/libreria\/","name":"Editorial Guadalupe de Argentina","description":"Congregaci\u00f3n del Verbo Divino","publisher":{"@id":"https:\/\/libreriaguadalupe.com.ar\/libreria\/#organization"},"alternateName":"Librer\u00eda Guadalupe","potentialAction":[{"@type":"SearchAction","target":{"@type":"EntryPoint","urlTemplate":"https:\/\/libreriaguadalupe.com.ar\/libreria\/?s={search_term_string}"},"query-input":{"@type":"PropertyValueSpecification","valueRequired":true,"valueName":"search_term_string"}}],"inLanguage":"es"},{"@type":"Organization","@id":"https:\/\/libreriaguadalupe.com.ar\/libreria\/#organization","name":"Editorial Guadalupe","alternateName":"Librer\u00eda Guadalupe","url":"https:\/\/libreriaguadalupe.com.ar\/libreria\/","logo":{"@type":"ImageObject","inLanguage":"es","@id":"https:\/\/libreriaguadalupe.com.ar\/libreria\/#\/schema\/logo\/image\/","url":"https:\/\/i0.wp.com\/libreriaguadalupe.com.ar\/libreria\/wp-content\/uploads\/2023\/01\/cropped-logo-editorial-guadalupe.webp?fit=500%2C100&ssl=1","contentUrl":"https:\/\/i0.wp.com\/libreriaguadalupe.com.ar\/libreria\/wp-content\/uploads\/2023\/01\/cropped-logo-editorial-guadalupe.webp?fit=500%2C100&ssl=1","width":500,"height":100,"caption":"Editorial Guadalupe"},"image":{"@id":"https:\/\/libreriaguadalupe.com.ar\/libreria\/#\/schema\/logo\/image\/"},"sameAs":["https:\/\/www.facebook.com\/LibreriaGuadalupeAR\/","https:\/\/www.instagram.com\/editorialguadalupe\/","https:\/\/guadalupeeditorial.mercadoshops.com.ar\/"]}]}},"jetpack_publicize_connections":[],"jetpack_sharing_enabled":true,"jetpack-related-posts":[{"id":15958,"url":"https:\/\/libreriaguadalupe.com.ar\/libreria\/producto\/la-imposicion-de-manos-en-la-sanacion-e-book\/","url_meta":{"origin":17211,"position":0},"title":"La imposici\u00f3n de manos en la sanaci\u00f3n (E-BOOK)","author":"admin","date":"12\/02\/2023","format":false,"excerpt":"EDICION DIGITAL AUTOR: SANTARELLI ADRIAN ISBN: 9505007936","rel":"","context":"Entrada similar","block_context":{"text":"Entrada similar","link":""},"img":{"alt_text":"","src":"https:\/\/i0.wp.com\/libreriaguadalupe.com.ar\/libreria\/wp-content\/uploads\/2023\/02\/La-imposicion-de-manos-en-la-sanacion.jpg?fit=296%2C458&ssl=1&resize=350%2C200","width":350,"height":200},"classes":[]},{"id":15942,"url":"https:\/\/libreriaguadalupe.com.ar\/libreria\/producto\/la-imposicion-de-manos-en-la-sanacion\/","url_meta":{"origin":17211,"position":1},"title":"La imposici\u00f3n de manos en la sanaci\u00f3n","author":"admin","date":"12\/02\/2023","format":false,"excerpt":"Tenemos en este libro un gran aporte con orientaciones b\u00edblicas, teol\u00f3gicas y cient\u00edficas sobre la imposici\u00f3n de manos y sus resultados concretos en la vida de muchas personas. AUTOR: SANTARELLI ADRIAN ISBN: 9505007752","rel":"","context":"Entrada similar","block_context":{"text":"Entrada similar","link":""},"img":{"alt_text":"","src":"https:\/\/i0.wp.com\/libreriaguadalupe.com.ar\/libreria\/wp-content\/uploads\/2023\/02\/La-imposicion-de-manos-en-la-sanacion.jpg?fit=296%2C458&ssl=1&resize=350%2C200","width":350,"height":200},"classes":[]},{"id":12555,"url":"https:\/\/libreriaguadalupe.com.ar\/libreria\/producto\/expresion-literaria-del-placer-en-la-biblia-hebrea\/","url_meta":{"origin":17211,"position":2},"title":"Expresion literaria del placer en la Biblia Hebrea","author":"admin","date":"18\/01\/2023","format":false,"excerpt":"Autor: Mike van Treek Nilsson ISBN: 8499451121 Dimensiones: 16 x 24 cm P\u00e1ginas: 480","rel":"","context":"Entrada similar","block_context":{"text":"Entrada similar","link":""},"img":{"alt_text":"","src":"https:\/\/i0.wp.com\/libreriaguadalupe.com.ar\/libreria\/wp-content\/uploads\/2023\/01\/Expresion-literaria-del-placer-en-la-Biblia-Hebrea.jpg?fit=380%2C586&ssl=1&resize=350%2C200","width":350,"height":200},"classes":[]},{"id":13193,"url":"https:\/\/libreriaguadalupe.com.ar\/libreria\/producto\/el-camino-de-la-etica-cristiana\/","url_meta":{"origin":17211,"position":3},"title":"El Camino de la Etica Cristiana","author":"admin","date":"18\/01\/2023","format":false,"excerpt":"Autor: Marciano Vidal ISBN 8471514702","rel":"","context":"Entrada similar","block_context":{"text":"Entrada similar","link":""},"img":{"alt_text":"","src":"","width":0,"height":0},"classes":[]},{"id":18157,"url":"https:\/\/libreriaguadalupe.com.ar\/libreria\/producto\/camino-con-cristo\/","url_meta":{"origin":17211,"position":4},"title":"Camino con Cristo","author":"admin","date":"11\/07\/2024","format":false,"excerpt":"Catecumenado de Adultos Autor: Mart\u00edn Weichs ISBN: 978-987-148-821-6 Dimensiones: 18 x 26 cm P\u00e1ginas: 618","rel":"","context":"Entrada similar","block_context":{"text":"Entrada similar","link":""},"img":{"alt_text":"","src":"https:\/\/i0.wp.com\/libreriaguadalupe.com.ar\/libreria\/wp-content\/uploads\/2024\/07\/Camino-con-Cristo.png?fit=470%2C712&ssl=1&resize=350%2C200","width":350,"height":200},"classes":[]},{"id":18966,"url":"https:\/\/libreriaguadalupe.com.ar\/libreria\/producto\/itinerario-catequistico-permanente-en-argentina\/","url_meta":{"origin":17211,"position":5},"title":"Itinerario Catequ\u00edstico Permanente en Argentina","author":"Mariano Zuqui","date":"19\/06\/2025","format":false,"excerpt":"\u00a0 Autor: Marcelo Javier Franchini T\u00edtulo: \"Itinerario Catequ\u00edstico Permanente en Argentina\" ISBN:978-950-500-946-6 Formato: 15.5\u00a0 (ancho) x 22.5 (alto) cms. Interior: 1\/1 color Papel: Bookcel 80 grs. N\u00ba de P\u00e1ginas: 376 Tapa:4 Colores - Cartulina 512 grs -laminado mate Encuadernaci\u00f3n: Binder \u00a0 \u00a0","rel":"","context":"Entrada similar","block_context":{"text":"Entrada similar","link":""},"img":{"alt_text":"itinerario catequ\u00edstico permanente en Argentina","src":"https:\/\/i0.wp.com\/libreriaguadalupe.com.ar\/libreria\/wp-content\/uploads\/2025\/06\/1-4.png?fit=945%2C1181&ssl=1&resize=350%2C200","width":350,"height":200,"srcset":"https:\/\/i0.wp.com\/libreriaguadalupe.com.ar\/libreria\/wp-content\/uploads\/2025\/06\/1-4.png?fit=945%2C1181&ssl=1&resize=350%2C200 1x, https:\/\/i0.wp.com\/libreriaguadalupe.com.ar\/libreria\/wp-content\/uploads\/2025\/06\/1-4.png?fit=945%2C1181&ssl=1&resize=525%2C300 1.5x, https:\/\/i0.wp.com\/libreriaguadalupe.com.ar\/libreria\/wp-content\/uploads\/2025\/06\/1-4.png?fit=945%2C1181&ssl=1&resize=700%2C400 2x"},"classes":[]}],"_links":{"self":[{"href":"https:\/\/libreriaguadalupe.com.ar\/libreria\/wp-json\/wp\/v2\/product\/17211","targetHints":{"allow":["GET"]}}],"collection":[{"href":"https:\/\/libreriaguadalupe.com.ar\/libreria\/wp-json\/wp\/v2\/product"}],"about":[{"href":"https:\/\/libreriaguadalupe.com.ar\/libreria\/wp-json\/wp\/v2\/types\/product"}],"replies":[{"embeddable":true,"href":"https:\/\/libreriaguadalupe.com.ar\/libreria\/wp-json\/wp\/v2\/comments?post=17211"}],"version-history":[{"count":1,"href":"https:\/\/libreriaguadalupe.com.ar\/libreria\/wp-json\/wp\/v2\/product\/17211\/revisions"}],"predecessor-version":[{"id":17213,"href":"https:\/\/libreriaguadalupe.com.ar\/libreria\/wp-json\/wp\/v2\/product\/17211\/revisions\/17213"}],"wp:featuredmedia":[{"embeddable":true,"href":"https:\/\/libreriaguadalupe.com.ar\/libreria\/wp-json\/wp\/v2\/media\/17212"}],"wp:attachment":[{"href":"https:\/\/libreriaguadalupe.com.ar\/libreria\/wp-json\/wp\/v2\/media?parent=17211"}],"wp:term":[{"taxonomy":"product_brand","embeddable":true,"href":"https:\/\/libreriaguadalupe.com.ar\/libreria\/wp-json\/wp\/v2\/product_brand?post=17211"},{"taxonomy":"product_cat","embeddable":true,"href":"https:\/\/libreriaguadalupe.com.ar\/libreria\/wp-json\/wp\/v2\/product_cat?post=17211"},{"taxonomy":"product_tag","embeddable":true,"href":"https:\/\/libreriaguadalupe.com.ar\/libreria\/wp-json\/wp\/v2\/product_tag?post=17211"}],"curies":[{"name":"wp","href":"https:\/\/api.w.org\/{rel}","templated":true}]}}