{"id":17208,"date":"2023-04-04T20:40:17","date_gmt":"2023-04-04T23:40:17","guid":{"rendered":"https:\/\/libreriaguadalupe.com.ar\/libreria\/?post_type=product&#038;p=17208"},"modified":"2025-10-07T17:02:00","modified_gmt":"2025-10-07T20:02:00","slug":"the-greek-new-testament","status":"publish","type":"product","link":"https:\/\/libreriaguadalupe.com.ar\/libreria\/producto\/the-greek-new-testament\/","title":{"rendered":"The Greek New Testament"},"content":{"rendered":"<p><i>The Greek New Testament<\/i>\u00a0ha sido especialmente desarrollado para dar respuesta a las necesidades de traductores y estudiantes principiantes. El aparato cr\u00edtico incluye variantes relevantes para la ex\u00e9gesis y una documentaci\u00f3n extensa de los manuscritos para cada variante. Los testimonios est\u00e1n organizados de una manera muy f\u00e1cil de usar. Por consiguiente, esta es la edici\u00f3n m\u00e1s usada del Nuevo Testamento Griego en todo el mundo.<\/p>\n<p>Para la quinta edici\u00f3n, se han incorporado las lecciones de los Papiros 117-127, abriendo as\u00ed perspectivas interesantes, sobre todo con respecto a Hechos de los Ap\u00f3stoles. Adem\u00e1s, ahora aparece en el aparato, donde algunas traducciones modernas seleccionadas de la Biblia (ingl\u00e9s, alem\u00e1n, franc\u00e9s, espa\u00f1ol) se basan en una lectura variante en lugar de la versi\u00f3n principal del texto. Se ha realizado una revisi\u00f3n especial de las Ep\u00edstolas cat\u00f3licas, de modo que la edici\u00f3n se ha vuelto m\u00e1s coherente con la\u00a0<i>Editio Critica Maior<\/i>\u00a0y la 28\u00aa edici\u00f3n del\u00a0<i>Novum Testamentum Graece<\/i>\u00a0de Nestle-Aland. Esto ha llevado a realizar m\u00e1s de 30 modificaciones en el texto de lectura, lo que ha provocado una nueva selecci\u00f3n de testimonios para el aparato textual, adem\u00e1s de modificaciones en la selecci\u00f3n de unidades del aparato. Por \u00faltimo, el Aparato de Segmentaci\u00f3n del Discurso se ha sometido a una exhaustiva revisi\u00f3n.<\/p>\n<p>La edici\u00f3n se ha compuesto con una nueva tipograf\u00eda griega que resulta est\u00e9ticamente atractiva y f\u00e1cil de leer.<\/p>\n","protected":false},"excerpt":{"rendered":"<h5 class=\"my-1 font-weight-normal\">Fifth Revised Edition<\/h5>\n<p>Autor: Ediciones cient\u00edficas<strong><br \/>\n<\/strong>ISBN: 3438051165<br \/>\nDimensiones: 12,7 x 18,7 cm<br \/>\nP\u00e1ginas: 994<\/p>\n","protected":false},"featured_media":17209,"comment_status":"open","ping_status":"closed","template":"","meta":{"jetpack_publicize_message":"","jetpack_publicize_feature_enabled":true,"jetpack_social_post_already_shared":true,"jetpack_social_options":{"image_generator_settings":{"template":"highway","default_image_id":0,"font":"","enabled":false},"version":2}},"product_brand":[],"product_cat":[109],"product_tag":[127],"class_list":{"0":"post-17208","1":"product","2":"type-product","3":"status-publish","4":"has-post-thumbnail","6":"product_cat-verbo-divino","7":"product_tag-editorial-guadalupe-de-argentina","9":"first","10":"outofstock","11":"shipping-taxable","12":"purchasable","13":"product-type-simple"},"yoast_head":"<!-- This site is optimized with the Yoast SEO plugin v27.4 - https:\/\/yoast.com\/product\/yoast-seo-wordpress\/ -->\n<title>The Greek New Testament - Editorial Guadalupe de Argentina<\/title>\n<meta name=\"description\" content=\"The Greek New Testament\u00a0ha sido especialmente desarrollado para dar respuesta a las necesidades de traductores y estudiantes principiantes.\" \/>\n<meta name=\"robots\" content=\"index, follow, max-snippet:-1, max-image-preview:large, max-video-preview:-1\" \/>\n<link rel=\"canonical\" href=\"https:\/\/libreriaguadalupe.com.ar\/libreria\/producto\/the-greek-new-testament\/\" \/>\n<meta property=\"og:locale\" content=\"es_ES\" \/>\n<meta property=\"og:type\" content=\"article\" \/>\n<meta property=\"og:title\" content=\"The Greek New Testament - Editorial Guadalupe de Argentina\" \/>\n<meta property=\"og:description\" content=\"The Greek New Testament\u00a0ha sido especialmente desarrollado para dar respuesta a las necesidades de traductores y estudiantes principiantes.\" \/>\n<meta property=\"og:url\" content=\"https:\/\/libreriaguadalupe.com.ar\/libreria\/producto\/the-greek-new-testament\/\" \/>\n<meta property=\"og:site_name\" content=\"Editorial Guadalupe de Argentina\" \/>\n<meta property=\"article:publisher\" content=\"https:\/\/www.facebook.com\/LibreriaGuadalupeAR\/\" \/>\n<meta property=\"article:modified_time\" content=\"2025-10-07T20:02:00+00:00\" \/>\n<meta property=\"og:image\" content=\"https:\/\/libreriaguadalupe.com.ar\/libreria\/wp-content\/uploads\/2023\/04\/The-Greek-New-Testament.png\" \/>\n\t<meta property=\"og:image:width\" content=\"200\" \/>\n\t<meta property=\"og:image:height\" content=\"295\" \/>\n\t<meta property=\"og:image:type\" content=\"image\/png\" \/>\n<meta name=\"twitter:card\" content=\"summary_large_image\" \/>\n<meta name=\"twitter:label1\" content=\"Tiempo de lectura\" \/>\n\t<meta name=\"twitter:data1\" content=\"2 minutos\" \/>\n<script type=\"application\/ld+json\" class=\"yoast-schema-graph\">{\"@context\":\"https:\\\/\\\/schema.org\",\"@graph\":[{\"@type\":\"WebPage\",\"@id\":\"https:\\\/\\\/libreriaguadalupe.com.ar\\\/libreria\\\/producto\\\/the-greek-new-testament\\\/\",\"url\":\"https:\\\/\\\/libreriaguadalupe.com.ar\\\/libreria\\\/producto\\\/the-greek-new-testament\\\/\",\"name\":\"The Greek New Testament - Editorial Guadalupe de Argentina\",\"isPartOf\":{\"@id\":\"https:\\\/\\\/libreriaguadalupe.com.ar\\\/libreria\\\/#website\"},\"primaryImageOfPage\":{\"@id\":\"https:\\\/\\\/libreriaguadalupe.com.ar\\\/libreria\\\/producto\\\/the-greek-new-testament\\\/#primaryimage\"},\"image\":{\"@id\":\"https:\\\/\\\/libreriaguadalupe.com.ar\\\/libreria\\\/producto\\\/the-greek-new-testament\\\/#primaryimage\"},\"thumbnailUrl\":\"https:\\\/\\\/i0.wp.com\\\/libreriaguadalupe.com.ar\\\/libreria\\\/wp-content\\\/uploads\\\/2023\\\/04\\\/The-Greek-New-Testament.png?fit=200%2C295&ssl=1\",\"datePublished\":\"2023-04-04T23:40:17+00:00\",\"dateModified\":\"2025-10-07T20:02:00+00:00\",\"description\":\"The Greek New Testament\u00a0ha sido especialmente desarrollado para dar respuesta a las necesidades de traductores y estudiantes principiantes.\",\"breadcrumb\":{\"@id\":\"https:\\\/\\\/libreriaguadalupe.com.ar\\\/libreria\\\/producto\\\/the-greek-new-testament\\\/#breadcrumb\"},\"inLanguage\":\"es\",\"potentialAction\":[{\"@type\":\"ReadAction\",\"target\":[\"https:\\\/\\\/libreriaguadalupe.com.ar\\\/libreria\\\/producto\\\/the-greek-new-testament\\\/\"]}]},{\"@type\":\"ImageObject\",\"inLanguage\":\"es\",\"@id\":\"https:\\\/\\\/libreriaguadalupe.com.ar\\\/libreria\\\/producto\\\/the-greek-new-testament\\\/#primaryimage\",\"url\":\"https:\\\/\\\/i0.wp.com\\\/libreriaguadalupe.com.ar\\\/libreria\\\/wp-content\\\/uploads\\\/2023\\\/04\\\/The-Greek-New-Testament.png?fit=200%2C295&ssl=1\",\"contentUrl\":\"https:\\\/\\\/i0.wp.com\\\/libreriaguadalupe.com.ar\\\/libreria\\\/wp-content\\\/uploads\\\/2023\\\/04\\\/The-Greek-New-Testament.png?fit=200%2C295&ssl=1\",\"width\":200,\"height\":295},{\"@type\":\"BreadcrumbList\",\"@id\":\"https:\\\/\\\/libreriaguadalupe.com.ar\\\/libreria\\\/producto\\\/the-greek-new-testament\\\/#breadcrumb\",\"itemListElement\":[{\"@type\":\"ListItem\",\"position\":1,\"name\":\"Portada\",\"item\":\"https:\\\/\\\/libreriaguadalupe.com.ar\\\/libreria\\\/\"},{\"@type\":\"ListItem\",\"position\":2,\"name\":\"Tienda\",\"item\":\"https:\\\/\\\/libreriaguadalupe.com.ar\\\/libreria\\\/\"},{\"@type\":\"ListItem\",\"position\":3,\"name\":\"The Greek New Testament\"}]},{\"@type\":\"WebSite\",\"@id\":\"https:\\\/\\\/libreriaguadalupe.com.ar\\\/libreria\\\/#website\",\"url\":\"https:\\\/\\\/libreriaguadalupe.com.ar\\\/libreria\\\/\",\"name\":\"Editorial Guadalupe de Argentina\",\"description\":\"Congregaci\u00f3n del Verbo Divino\",\"publisher\":{\"@id\":\"https:\\\/\\\/libreriaguadalupe.com.ar\\\/libreria\\\/#organization\"},\"alternateName\":\"Librer\u00eda Guadalupe\",\"potentialAction\":[{\"@type\":\"SearchAction\",\"target\":{\"@type\":\"EntryPoint\",\"urlTemplate\":\"https:\\\/\\\/libreriaguadalupe.com.ar\\\/libreria\\\/?s={search_term_string}\"},\"query-input\":{\"@type\":\"PropertyValueSpecification\",\"valueRequired\":true,\"valueName\":\"search_term_string\"}}],\"inLanguage\":\"es\"},{\"@type\":\"Organization\",\"@id\":\"https:\\\/\\\/libreriaguadalupe.com.ar\\\/libreria\\\/#organization\",\"name\":\"Editorial Guadalupe\",\"alternateName\":\"Librer\u00eda Guadalupe\",\"url\":\"https:\\\/\\\/libreriaguadalupe.com.ar\\\/libreria\\\/\",\"logo\":{\"@type\":\"ImageObject\",\"inLanguage\":\"es\",\"@id\":\"https:\\\/\\\/libreriaguadalupe.com.ar\\\/libreria\\\/#\\\/schema\\\/logo\\\/image\\\/\",\"url\":\"https:\\\/\\\/i0.wp.com\\\/libreriaguadalupe.com.ar\\\/libreria\\\/wp-content\\\/uploads\\\/2023\\\/01\\\/cropped-logo-editorial-guadalupe.webp?fit=500%2C100&ssl=1\",\"contentUrl\":\"https:\\\/\\\/i0.wp.com\\\/libreriaguadalupe.com.ar\\\/libreria\\\/wp-content\\\/uploads\\\/2023\\\/01\\\/cropped-logo-editorial-guadalupe.webp?fit=500%2C100&ssl=1\",\"width\":500,\"height\":100,\"caption\":\"Editorial Guadalupe\"},\"image\":{\"@id\":\"https:\\\/\\\/libreriaguadalupe.com.ar\\\/libreria\\\/#\\\/schema\\\/logo\\\/image\\\/\"},\"sameAs\":[\"https:\\\/\\\/www.facebook.com\\\/LibreriaGuadalupeAR\\\/\",\"https:\\\/\\\/www.instagram.com\\\/editorialguadalupe\\\/\",\"https:\\\/\\\/guadalupeeditorial.mercadoshops.com.ar\\\/\"]}]}<\/script>\n<!-- \/ Yoast SEO plugin. -->","yoast_head_json":{"title":"The Greek New Testament - Editorial Guadalupe de Argentina","description":"The Greek New Testament\u00a0ha sido especialmente desarrollado para dar respuesta a las necesidades de traductores y estudiantes principiantes.","robots":{"index":"index","follow":"follow","max-snippet":"max-snippet:-1","max-image-preview":"max-image-preview:large","max-video-preview":"max-video-preview:-1"},"canonical":"https:\/\/libreriaguadalupe.com.ar\/libreria\/producto\/the-greek-new-testament\/","og_locale":"es_ES","og_type":"article","og_title":"The Greek New Testament - Editorial Guadalupe de Argentina","og_description":"The Greek New Testament\u00a0ha sido especialmente desarrollado para dar respuesta a las necesidades de traductores y estudiantes principiantes.","og_url":"https:\/\/libreriaguadalupe.com.ar\/libreria\/producto\/the-greek-new-testament\/","og_site_name":"Editorial Guadalupe de Argentina","article_publisher":"https:\/\/www.facebook.com\/LibreriaGuadalupeAR\/","article_modified_time":"2025-10-07T20:02:00+00:00","og_image":[{"width":200,"height":295,"url":"https:\/\/libreriaguadalupe.com.ar\/libreria\/wp-content\/uploads\/2023\/04\/The-Greek-New-Testament.png","type":"image\/png"}],"twitter_card":"summary_large_image","twitter_misc":{"Tiempo de lectura":"2 minutos"},"schema":{"@context":"https:\/\/schema.org","@graph":[{"@type":"WebPage","@id":"https:\/\/libreriaguadalupe.com.ar\/libreria\/producto\/the-greek-new-testament\/","url":"https:\/\/libreriaguadalupe.com.ar\/libreria\/producto\/the-greek-new-testament\/","name":"The Greek New Testament - Editorial Guadalupe de Argentina","isPartOf":{"@id":"https:\/\/libreriaguadalupe.com.ar\/libreria\/#website"},"primaryImageOfPage":{"@id":"https:\/\/libreriaguadalupe.com.ar\/libreria\/producto\/the-greek-new-testament\/#primaryimage"},"image":{"@id":"https:\/\/libreriaguadalupe.com.ar\/libreria\/producto\/the-greek-new-testament\/#primaryimage"},"thumbnailUrl":"https:\/\/i0.wp.com\/libreriaguadalupe.com.ar\/libreria\/wp-content\/uploads\/2023\/04\/The-Greek-New-Testament.png?fit=200%2C295&ssl=1","datePublished":"2023-04-04T23:40:17+00:00","dateModified":"2025-10-07T20:02:00+00:00","description":"The Greek New Testament\u00a0ha sido especialmente desarrollado para dar respuesta a las necesidades de traductores y estudiantes principiantes.","breadcrumb":{"@id":"https:\/\/libreriaguadalupe.com.ar\/libreria\/producto\/the-greek-new-testament\/#breadcrumb"},"inLanguage":"es","potentialAction":[{"@type":"ReadAction","target":["https:\/\/libreriaguadalupe.com.ar\/libreria\/producto\/the-greek-new-testament\/"]}]},{"@type":"ImageObject","inLanguage":"es","@id":"https:\/\/libreriaguadalupe.com.ar\/libreria\/producto\/the-greek-new-testament\/#primaryimage","url":"https:\/\/i0.wp.com\/libreriaguadalupe.com.ar\/libreria\/wp-content\/uploads\/2023\/04\/The-Greek-New-Testament.png?fit=200%2C295&ssl=1","contentUrl":"https:\/\/i0.wp.com\/libreriaguadalupe.com.ar\/libreria\/wp-content\/uploads\/2023\/04\/The-Greek-New-Testament.png?fit=200%2C295&ssl=1","width":200,"height":295},{"@type":"BreadcrumbList","@id":"https:\/\/libreriaguadalupe.com.ar\/libreria\/producto\/the-greek-new-testament\/#breadcrumb","itemListElement":[{"@type":"ListItem","position":1,"name":"Portada","item":"https:\/\/libreriaguadalupe.com.ar\/libreria\/"},{"@type":"ListItem","position":2,"name":"Tienda","item":"https:\/\/libreriaguadalupe.com.ar\/libreria\/"},{"@type":"ListItem","position":3,"name":"The Greek New Testament"}]},{"@type":"WebSite","@id":"https:\/\/libreriaguadalupe.com.ar\/libreria\/#website","url":"https:\/\/libreriaguadalupe.com.ar\/libreria\/","name":"Editorial Guadalupe de Argentina","description":"Congregaci\u00f3n del Verbo Divino","publisher":{"@id":"https:\/\/libreriaguadalupe.com.ar\/libreria\/#organization"},"alternateName":"Librer\u00eda Guadalupe","potentialAction":[{"@type":"SearchAction","target":{"@type":"EntryPoint","urlTemplate":"https:\/\/libreriaguadalupe.com.ar\/libreria\/?s={search_term_string}"},"query-input":{"@type":"PropertyValueSpecification","valueRequired":true,"valueName":"search_term_string"}}],"inLanguage":"es"},{"@type":"Organization","@id":"https:\/\/libreriaguadalupe.com.ar\/libreria\/#organization","name":"Editorial Guadalupe","alternateName":"Librer\u00eda Guadalupe","url":"https:\/\/libreriaguadalupe.com.ar\/libreria\/","logo":{"@type":"ImageObject","inLanguage":"es","@id":"https:\/\/libreriaguadalupe.com.ar\/libreria\/#\/schema\/logo\/image\/","url":"https:\/\/i0.wp.com\/libreriaguadalupe.com.ar\/libreria\/wp-content\/uploads\/2023\/01\/cropped-logo-editorial-guadalupe.webp?fit=500%2C100&ssl=1","contentUrl":"https:\/\/i0.wp.com\/libreriaguadalupe.com.ar\/libreria\/wp-content\/uploads\/2023\/01\/cropped-logo-editorial-guadalupe.webp?fit=500%2C100&ssl=1","width":500,"height":100,"caption":"Editorial Guadalupe"},"image":{"@id":"https:\/\/libreriaguadalupe.com.ar\/libreria\/#\/schema\/logo\/image\/"},"sameAs":["https:\/\/www.facebook.com\/LibreriaGuadalupeAR\/","https:\/\/www.instagram.com\/editorialguadalupe\/","https:\/\/guadalupeeditorial.mercadoshops.com.ar\/"]}]}},"jetpack_publicize_connections":[],"jetpack_sharing_enabled":true,"jetpack-related-posts":[{"id":16879,"url":"https:\/\/libreriaguadalupe.com.ar\/libreria\/producto\/biblia-sacra-vulgata\/","url_meta":{"origin":17208,"position":0},"title":"Biblia Sacra Vulgata","author":"admin","date":"23\/03\/2023","format":false,"excerpt":"[Editio quinta] Idioma: Lat\u00edn Autor: Weber-Cryson ISBN: 3438053039 Dimensiones: 13,5 x 18,7 cm P\u00e1ginas: 2032","rel":"","context":"Entrada similar","block_context":{"text":"Entrada similar","link":""},"img":{"alt_text":"","src":"https:\/\/i0.wp.com\/libreriaguadalupe.com.ar\/libreria\/wp-content\/uploads\/2023\/03\/Biblia-Sacra-Vulgata.png?fit=300%2C425&ssl=1&resize=350%2C200","width":350,"height":200},"classes":[]},{"id":16867,"url":"https:\/\/libreriaguadalupe.com.ar\/libreria\/producto\/biblia-hebraica-quinta-bhq-13\/","url_meta":{"origin":17208,"position":1},"title":"Biblia Hebraica Quinta (BHQ) \/ 13.","author":"admin","date":"23\/03\/2023","format":false,"excerpt":"The Twelve Minor Prophets Idioma: hebreo Autor: Anthony Gelston ISBN: 3438052735 Dimensiones: 15,8 x 23,7 cm P\u00e1ginas: 320","rel":"","context":"Entrada similar","block_context":{"text":"Entrada similar","link":""},"img":{"alt_text":"","src":"https:\/\/i0.wp.com\/libreriaguadalupe.com.ar\/libreria\/wp-content\/uploads\/2023\/03\/Biblia-Hebraica-Quinta-13.png?fit=200%2C308&ssl=1&resize=350%2C200","width":350,"height":200},"classes":[]},{"id":16870,"url":"https:\/\/libreriaguadalupe.com.ar\/libreria\/producto\/biblia-hebraica-quinta-bhq-20\/","url_meta":{"origin":17208,"position":2},"title":"Biblia Hebraica Quinta (BHQ) \/ 20","author":"admin","date":"23\/03\/2023","format":false,"excerpt":"Ezra and Nehemiah Idioma: hebreo Autor: David Marcus ISBN: 3438052806 Dimensiones: 15,8 x 23,7 cm P\u00e1ginas: 170","rel":"","context":"Entrada similar","block_context":{"text":"Entrada similar","link":""},"img":{"alt_text":"","src":"https:\/\/i0.wp.com\/libreriaguadalupe.com.ar\/libreria\/wp-content\/uploads\/2023\/03\/Biblia-Hebraica-Quinta-20.png?fit=200%2C312&ssl=1&resize=350%2C200","width":350,"height":200},"classes":[]},{"id":16873,"url":"https:\/\/libreriaguadalupe.com.ar\/libreria\/producto\/biblia-hebraica-quinta-bhq-5\/","url_meta":{"origin":17208,"position":3},"title":"Biblia Hebraica Quinta (BHQ) \/ 5","author":"admin","date":"23\/03\/2023","format":false,"excerpt":"Deuteronomy Idioma: hebreo Autor: Carmel McCarthy ISBN: 3438052650 Dimensiones: 15,8 x 23,7 cm P\u00e1ginas: 320","rel":"","context":"Entrada similar","block_context":{"text":"Entrada similar","link":""},"img":{"alt_text":"","src":"https:\/\/i0.wp.com\/libreriaguadalupe.com.ar\/libreria\/wp-content\/uploads\/2023\/03\/Biblia-Hebraica-Quinta-5.png?fit=200%2C310&ssl=1&resize=350%2C200","width":350,"height":200},"classes":[]},{"id":16876,"url":"https:\/\/libreriaguadalupe.com.ar\/libreria\/producto\/biblia-hebraica-quinta-bhq-7\/","url_meta":{"origin":17208,"position":4},"title":"Biblia Hebraica Quinta (BHQ) \/ 7","author":"admin","date":"23\/03\/2023","format":false,"excerpt":"Judges Idioma: hebreo Autor: Natalio Fern\u00e1ndez Marcos ISBN: 3438052674 Dimensiones: 15,8 x 23,7 cm P\u00e1ginas: 238","rel":"","context":"Entrada similar","block_context":{"text":"Entrada similar","link":""},"img":{"alt_text":"","src":"https:\/\/i0.wp.com\/libreriaguadalupe.com.ar\/libreria\/wp-content\/uploads\/2023\/03\/Biblia-Hebraica-Quinta-7.png?fit=200%2C307&ssl=1&resize=350%2C200","width":350,"height":200},"classes":[]},{"id":16689,"url":"https:\/\/libreriaguadalupe.com.ar\/libreria\/producto\/nuevo-testamento-del-pueblo-de-dios-comentado\/","url_meta":{"origin":17208,"position":5},"title":"Nuevo Testamento del Pueblo de Dios (comentado)","author":"admin","date":"15\/03\/2023","format":false,"excerpt":"Edici\u00f3n comentada [r\u00fastica azul, impresi\u00f3n una tinta] Colecci\u00f3n La Biblia. Libro del Pueblo de Dios Autor: Armando J. Levoratti ISBN: 978-84-9073-469-8 Dimensiones: 18 x 12 cm P\u00e1ginas: 680 Encuadernaci\u00f3n: R\u00fastica, fresada, tapa plastificada gofrada mate","rel":"","context":"Entrada similar","block_context":{"text":"Entrada similar","link":""},"img":{"alt_text":"","src":"https:\/\/i0.wp.com\/libreriaguadalupe.com.ar\/libreria\/wp-content\/uploads\/2023\/03\/MES-DE-LA-BIBLIA-2024-ntpd1.jpg?fit=470%2C470&ssl=1&resize=350%2C200","width":350,"height":200},"classes":[]}],"_links":{"self":[{"href":"https:\/\/libreriaguadalupe.com.ar\/libreria\/wp-json\/wp\/v2\/product\/17208","targetHints":{"allow":["GET"]}}],"collection":[{"href":"https:\/\/libreriaguadalupe.com.ar\/libreria\/wp-json\/wp\/v2\/product"}],"about":[{"href":"https:\/\/libreriaguadalupe.com.ar\/libreria\/wp-json\/wp\/v2\/types\/product"}],"replies":[{"embeddable":true,"href":"https:\/\/libreriaguadalupe.com.ar\/libreria\/wp-json\/wp\/v2\/comments?post=17208"}],"version-history":[{"count":1,"href":"https:\/\/libreriaguadalupe.com.ar\/libreria\/wp-json\/wp\/v2\/product\/17208\/revisions"}],"predecessor-version":[{"id":17210,"href":"https:\/\/libreriaguadalupe.com.ar\/libreria\/wp-json\/wp\/v2\/product\/17208\/revisions\/17210"}],"wp:featuredmedia":[{"embeddable":true,"href":"https:\/\/libreriaguadalupe.com.ar\/libreria\/wp-json\/wp\/v2\/media\/17209"}],"wp:attachment":[{"href":"https:\/\/libreriaguadalupe.com.ar\/libreria\/wp-json\/wp\/v2\/media?parent=17208"}],"wp:term":[{"taxonomy":"product_brand","embeddable":true,"href":"https:\/\/libreriaguadalupe.com.ar\/libreria\/wp-json\/wp\/v2\/product_brand?post=17208"},{"taxonomy":"product_cat","embeddable":true,"href":"https:\/\/libreriaguadalupe.com.ar\/libreria\/wp-json\/wp\/v2\/product_cat?post=17208"},{"taxonomy":"product_tag","embeddable":true,"href":"https:\/\/libreriaguadalupe.com.ar\/libreria\/wp-json\/wp\/v2\/product_tag?post=17208"}],"curies":[{"name":"wp","href":"https:\/\/api.w.org\/{rel}","templated":true}]}}