{"id":17202,"date":"2023-04-04T20:33:57","date_gmt":"2023-04-04T23:33:57","guid":{"rendered":"https:\/\/libreriaguadalupe.com.ar\/libreria\/?post_type=product&#038;p=17202"},"modified":"2025-01-31T11:03:54","modified_gmt":"2025-01-31T14:03:54","slug":"traducciones-arameas-de-la-biblia-ii","status":"publish","type":"product","link":"https:\/\/libreriaguadalupe.com.ar\/libreria\/producto\/traducciones-arameas-de-la-biblia-ii\/","title":{"rendered":"Traducciones arameas de la Biblia &#8211; II"},"content":{"rendered":"<p>Traducci\u00f3n de los textos arameos a cargo de Teresa Mart\u00ednez Saiz, con anotaciones a pie de p\u00e1gina y distribuci\u00f3n sin\u00f3ptica del texto de Miguel P\u00e9rez Fern\u00e1ndez. Esta edici\u00f3n del libro del \u00c9xodo presenta dos innovaciones que facilitar\u00e1n la lectura y el estudio de los textos: se ha cuidado la presentaci\u00f3n sin\u00f3ptica de modo que se pueden apreciar visualmente las diferencias entre las dos recensiones; tambi\u00e9n se ha ampliado la extensi\u00f3n de las notas, dispuestas a pie de p\u00e1gina para mayor comodidad de los lectores.<\/p>\n","protected":false},"excerpt":{"rendered":"<h5 class=\"my-1 font-weight-normal\">Los targumin del Pentateuco. II. \u00c9xodo<\/h5>\n<p>Autor: Miguel P\u00e9rez Fern\u00e1ndez, Teresa Mart\u00ednez S\u00e1iz<br \/>\nISBN: 8499451831<br \/>\nDimensiones: 16 x 24 cm<br \/>\nP\u00e1ginas: 416<\/p>\n","protected":false},"featured_media":17203,"comment_status":"open","ping_status":"closed","template":"","meta":{"jetpack_publicize_message":"","jetpack_publicize_feature_enabled":true,"jetpack_social_post_already_shared":true,"jetpack_social_options":{"image_generator_settings":{"template":"highway","default_image_id":0,"font":"","enabled":false},"version":2}},"product_brand":[],"product_cat":[109],"product_tag":[127],"class_list":{"0":"post-17202","1":"product","2":"type-product","3":"status-publish","4":"has-post-thumbnail","6":"product_cat-verbo-divino","7":"product_tag-editorial-guadalupe-de-argentina","9":"first","10":"instock","11":"shipping-taxable","12":"purchasable","13":"product-type-simple"},"yoast_head":"<!-- This site is optimized with the Yoast SEO plugin v27.4 - https:\/\/yoast.com\/product\/yoast-seo-wordpress\/ -->\n<title>Traducciones arameas de la Biblia - II - Editorial Guadalupe de Argentina<\/title>\n<meta name=\"description\" content=\"Traducci\u00f3n de los textos arameos a cargo de Teresa Mart\u00ednez Saiz, con anotaciones a pie de p\u00e1gina y distribuci\u00f3n sin\u00f3ptica del texto de Miguel P\u00e9rez Fern\u00e1ndez.\" \/>\n<meta name=\"robots\" content=\"index, follow, max-snippet:-1, max-image-preview:large, max-video-preview:-1\" \/>\n<link rel=\"canonical\" href=\"https:\/\/libreriaguadalupe.com.ar\/libreria\/producto\/traducciones-arameas-de-la-biblia-ii\/\" \/>\n<meta property=\"og:locale\" content=\"es_ES\" \/>\n<meta property=\"og:type\" content=\"article\" \/>\n<meta property=\"og:title\" content=\"Traducciones arameas de la Biblia - II - Editorial Guadalupe de Argentina\" \/>\n<meta property=\"og:description\" content=\"Traducci\u00f3n de los textos arameos a cargo de Teresa Mart\u00ednez Saiz, con anotaciones a pie de p\u00e1gina y distribuci\u00f3n sin\u00f3ptica del texto de Miguel P\u00e9rez Fern\u00e1ndez.\" \/>\n<meta property=\"og:url\" content=\"https:\/\/libreriaguadalupe.com.ar\/libreria\/producto\/traducciones-arameas-de-la-biblia-ii\/\" \/>\n<meta property=\"og:site_name\" content=\"Editorial Guadalupe de Argentina\" \/>\n<meta property=\"article:publisher\" content=\"https:\/\/www.facebook.com\/LibreriaGuadalupeAR\/\" \/>\n<meta property=\"article:modified_time\" content=\"2025-01-31T14:03:54+00:00\" \/>\n<meta property=\"og:image\" content=\"https:\/\/libreriaguadalupe.com.ar\/libreria\/wp-content\/uploads\/2023\/04\/Traducciones-arameas-de-la-Biblia-II.jpg\" \/>\n\t<meta property=\"og:image:width\" content=\"380\" \/>\n\t<meta property=\"og:image:height\" content=\"586\" \/>\n\t<meta property=\"og:image:type\" content=\"image\/jpeg\" \/>\n<meta name=\"twitter:card\" content=\"summary_large_image\" \/>\n<meta name=\"twitter:label1\" content=\"Tiempo de lectura\" \/>\n\t<meta name=\"twitter:data1\" content=\"1 minuto\" \/>\n<script type=\"application\/ld+json\" class=\"yoast-schema-graph\">{\"@context\":\"https:\\\/\\\/schema.org\",\"@graph\":[{\"@type\":\"WebPage\",\"@id\":\"https:\\\/\\\/libreriaguadalupe.com.ar\\\/libreria\\\/producto\\\/traducciones-arameas-de-la-biblia-ii\\\/\",\"url\":\"https:\\\/\\\/libreriaguadalupe.com.ar\\\/libreria\\\/producto\\\/traducciones-arameas-de-la-biblia-ii\\\/\",\"name\":\"Traducciones arameas de la Biblia - II - Editorial Guadalupe de Argentina\",\"isPartOf\":{\"@id\":\"https:\\\/\\\/libreriaguadalupe.com.ar\\\/libreria\\\/#website\"},\"primaryImageOfPage\":{\"@id\":\"https:\\\/\\\/libreriaguadalupe.com.ar\\\/libreria\\\/producto\\\/traducciones-arameas-de-la-biblia-ii\\\/#primaryimage\"},\"image\":{\"@id\":\"https:\\\/\\\/libreriaguadalupe.com.ar\\\/libreria\\\/producto\\\/traducciones-arameas-de-la-biblia-ii\\\/#primaryimage\"},\"thumbnailUrl\":\"https:\\\/\\\/i0.wp.com\\\/libreriaguadalupe.com.ar\\\/libreria\\\/wp-content\\\/uploads\\\/2023\\\/04\\\/Traducciones-arameas-de-la-Biblia-II.jpg?fit=380%2C586&ssl=1\",\"datePublished\":\"2023-04-04T23:33:57+00:00\",\"dateModified\":\"2025-01-31T14:03:54+00:00\",\"description\":\"Traducci\u00f3n de los textos arameos a cargo de Teresa Mart\u00ednez Saiz, con anotaciones a pie de p\u00e1gina y distribuci\u00f3n sin\u00f3ptica del texto de Miguel P\u00e9rez Fern\u00e1ndez.\",\"breadcrumb\":{\"@id\":\"https:\\\/\\\/libreriaguadalupe.com.ar\\\/libreria\\\/producto\\\/traducciones-arameas-de-la-biblia-ii\\\/#breadcrumb\"},\"inLanguage\":\"es\",\"potentialAction\":[{\"@type\":\"ReadAction\",\"target\":[\"https:\\\/\\\/libreriaguadalupe.com.ar\\\/libreria\\\/producto\\\/traducciones-arameas-de-la-biblia-ii\\\/\"]}]},{\"@type\":\"ImageObject\",\"inLanguage\":\"es\",\"@id\":\"https:\\\/\\\/libreriaguadalupe.com.ar\\\/libreria\\\/producto\\\/traducciones-arameas-de-la-biblia-ii\\\/#primaryimage\",\"url\":\"https:\\\/\\\/i0.wp.com\\\/libreriaguadalupe.com.ar\\\/libreria\\\/wp-content\\\/uploads\\\/2023\\\/04\\\/Traducciones-arameas-de-la-Biblia-II.jpg?fit=380%2C586&ssl=1\",\"contentUrl\":\"https:\\\/\\\/i0.wp.com\\\/libreriaguadalupe.com.ar\\\/libreria\\\/wp-content\\\/uploads\\\/2023\\\/04\\\/Traducciones-arameas-de-la-Biblia-II.jpg?fit=380%2C586&ssl=1\",\"width\":380,\"height\":586},{\"@type\":\"BreadcrumbList\",\"@id\":\"https:\\\/\\\/libreriaguadalupe.com.ar\\\/libreria\\\/producto\\\/traducciones-arameas-de-la-biblia-ii\\\/#breadcrumb\",\"itemListElement\":[{\"@type\":\"ListItem\",\"position\":1,\"name\":\"Portada\",\"item\":\"https:\\\/\\\/libreriaguadalupe.com.ar\\\/libreria\\\/\"},{\"@type\":\"ListItem\",\"position\":2,\"name\":\"Tienda\",\"item\":\"https:\\\/\\\/libreriaguadalupe.com.ar\\\/libreria\\\/\"},{\"@type\":\"ListItem\",\"position\":3,\"name\":\"Traducciones arameas de la Biblia &#8211; II\"}]},{\"@type\":\"WebSite\",\"@id\":\"https:\\\/\\\/libreriaguadalupe.com.ar\\\/libreria\\\/#website\",\"url\":\"https:\\\/\\\/libreriaguadalupe.com.ar\\\/libreria\\\/\",\"name\":\"Editorial Guadalupe de Argentina\",\"description\":\"Congregaci\u00f3n del Verbo Divino\",\"publisher\":{\"@id\":\"https:\\\/\\\/libreriaguadalupe.com.ar\\\/libreria\\\/#organization\"},\"alternateName\":\"Librer\u00eda Guadalupe\",\"potentialAction\":[{\"@type\":\"SearchAction\",\"target\":{\"@type\":\"EntryPoint\",\"urlTemplate\":\"https:\\\/\\\/libreriaguadalupe.com.ar\\\/libreria\\\/?s={search_term_string}\"},\"query-input\":{\"@type\":\"PropertyValueSpecification\",\"valueRequired\":true,\"valueName\":\"search_term_string\"}}],\"inLanguage\":\"es\"},{\"@type\":\"Organization\",\"@id\":\"https:\\\/\\\/libreriaguadalupe.com.ar\\\/libreria\\\/#organization\",\"name\":\"Editorial Guadalupe\",\"alternateName\":\"Librer\u00eda Guadalupe\",\"url\":\"https:\\\/\\\/libreriaguadalupe.com.ar\\\/libreria\\\/\",\"logo\":{\"@type\":\"ImageObject\",\"inLanguage\":\"es\",\"@id\":\"https:\\\/\\\/libreriaguadalupe.com.ar\\\/libreria\\\/#\\\/schema\\\/logo\\\/image\\\/\",\"url\":\"https:\\\/\\\/i0.wp.com\\\/libreriaguadalupe.com.ar\\\/libreria\\\/wp-content\\\/uploads\\\/2023\\\/01\\\/cropped-logo-editorial-guadalupe.webp?fit=500%2C100&ssl=1\",\"contentUrl\":\"https:\\\/\\\/i0.wp.com\\\/libreriaguadalupe.com.ar\\\/libreria\\\/wp-content\\\/uploads\\\/2023\\\/01\\\/cropped-logo-editorial-guadalupe.webp?fit=500%2C100&ssl=1\",\"width\":500,\"height\":100,\"caption\":\"Editorial Guadalupe\"},\"image\":{\"@id\":\"https:\\\/\\\/libreriaguadalupe.com.ar\\\/libreria\\\/#\\\/schema\\\/logo\\\/image\\\/\"},\"sameAs\":[\"https:\\\/\\\/www.facebook.com\\\/LibreriaGuadalupeAR\\\/\",\"https:\\\/\\\/www.instagram.com\\\/editorialguadalupe\\\/\",\"https:\\\/\\\/guadalupeeditorial.mercadoshops.com.ar\\\/\"]}]}<\/script>\n<!-- \/ Yoast SEO plugin. -->","yoast_head_json":{"title":"Traducciones arameas de la Biblia - II - Editorial Guadalupe de Argentina","description":"Traducci\u00f3n de los textos arameos a cargo de Teresa Mart\u00ednez Saiz, con anotaciones a pie de p\u00e1gina y distribuci\u00f3n sin\u00f3ptica del texto de Miguel P\u00e9rez Fern\u00e1ndez.","robots":{"index":"index","follow":"follow","max-snippet":"max-snippet:-1","max-image-preview":"max-image-preview:large","max-video-preview":"max-video-preview:-1"},"canonical":"https:\/\/libreriaguadalupe.com.ar\/libreria\/producto\/traducciones-arameas-de-la-biblia-ii\/","og_locale":"es_ES","og_type":"article","og_title":"Traducciones arameas de la Biblia - II - Editorial Guadalupe de Argentina","og_description":"Traducci\u00f3n de los textos arameos a cargo de Teresa Mart\u00ednez Saiz, con anotaciones a pie de p\u00e1gina y distribuci\u00f3n sin\u00f3ptica del texto de Miguel P\u00e9rez Fern\u00e1ndez.","og_url":"https:\/\/libreriaguadalupe.com.ar\/libreria\/producto\/traducciones-arameas-de-la-biblia-ii\/","og_site_name":"Editorial Guadalupe de Argentina","article_publisher":"https:\/\/www.facebook.com\/LibreriaGuadalupeAR\/","article_modified_time":"2025-01-31T14:03:54+00:00","og_image":[{"width":380,"height":586,"url":"https:\/\/libreriaguadalupe.com.ar\/libreria\/wp-content\/uploads\/2023\/04\/Traducciones-arameas-de-la-Biblia-II.jpg","type":"image\/jpeg"}],"twitter_card":"summary_large_image","twitter_misc":{"Tiempo de lectura":"1 minuto"},"schema":{"@context":"https:\/\/schema.org","@graph":[{"@type":"WebPage","@id":"https:\/\/libreriaguadalupe.com.ar\/libreria\/producto\/traducciones-arameas-de-la-biblia-ii\/","url":"https:\/\/libreriaguadalupe.com.ar\/libreria\/producto\/traducciones-arameas-de-la-biblia-ii\/","name":"Traducciones arameas de la Biblia - II - Editorial Guadalupe de Argentina","isPartOf":{"@id":"https:\/\/libreriaguadalupe.com.ar\/libreria\/#website"},"primaryImageOfPage":{"@id":"https:\/\/libreriaguadalupe.com.ar\/libreria\/producto\/traducciones-arameas-de-la-biblia-ii\/#primaryimage"},"image":{"@id":"https:\/\/libreriaguadalupe.com.ar\/libreria\/producto\/traducciones-arameas-de-la-biblia-ii\/#primaryimage"},"thumbnailUrl":"https:\/\/i0.wp.com\/libreriaguadalupe.com.ar\/libreria\/wp-content\/uploads\/2023\/04\/Traducciones-arameas-de-la-Biblia-II.jpg?fit=380%2C586&ssl=1","datePublished":"2023-04-04T23:33:57+00:00","dateModified":"2025-01-31T14:03:54+00:00","description":"Traducci\u00f3n de los textos arameos a cargo de Teresa Mart\u00ednez Saiz, con anotaciones a pie de p\u00e1gina y distribuci\u00f3n sin\u00f3ptica del texto de Miguel P\u00e9rez Fern\u00e1ndez.","breadcrumb":{"@id":"https:\/\/libreriaguadalupe.com.ar\/libreria\/producto\/traducciones-arameas-de-la-biblia-ii\/#breadcrumb"},"inLanguage":"es","potentialAction":[{"@type":"ReadAction","target":["https:\/\/libreriaguadalupe.com.ar\/libreria\/producto\/traducciones-arameas-de-la-biblia-ii\/"]}]},{"@type":"ImageObject","inLanguage":"es","@id":"https:\/\/libreriaguadalupe.com.ar\/libreria\/producto\/traducciones-arameas-de-la-biblia-ii\/#primaryimage","url":"https:\/\/i0.wp.com\/libreriaguadalupe.com.ar\/libreria\/wp-content\/uploads\/2023\/04\/Traducciones-arameas-de-la-Biblia-II.jpg?fit=380%2C586&ssl=1","contentUrl":"https:\/\/i0.wp.com\/libreriaguadalupe.com.ar\/libreria\/wp-content\/uploads\/2023\/04\/Traducciones-arameas-de-la-Biblia-II.jpg?fit=380%2C586&ssl=1","width":380,"height":586},{"@type":"BreadcrumbList","@id":"https:\/\/libreriaguadalupe.com.ar\/libreria\/producto\/traducciones-arameas-de-la-biblia-ii\/#breadcrumb","itemListElement":[{"@type":"ListItem","position":1,"name":"Portada","item":"https:\/\/libreriaguadalupe.com.ar\/libreria\/"},{"@type":"ListItem","position":2,"name":"Tienda","item":"https:\/\/libreriaguadalupe.com.ar\/libreria\/"},{"@type":"ListItem","position":3,"name":"Traducciones arameas de la Biblia &#8211; II"}]},{"@type":"WebSite","@id":"https:\/\/libreriaguadalupe.com.ar\/libreria\/#website","url":"https:\/\/libreriaguadalupe.com.ar\/libreria\/","name":"Editorial Guadalupe de Argentina","description":"Congregaci\u00f3n del Verbo Divino","publisher":{"@id":"https:\/\/libreriaguadalupe.com.ar\/libreria\/#organization"},"alternateName":"Librer\u00eda Guadalupe","potentialAction":[{"@type":"SearchAction","target":{"@type":"EntryPoint","urlTemplate":"https:\/\/libreriaguadalupe.com.ar\/libreria\/?s={search_term_string}"},"query-input":{"@type":"PropertyValueSpecification","valueRequired":true,"valueName":"search_term_string"}}],"inLanguage":"es"},{"@type":"Organization","@id":"https:\/\/libreriaguadalupe.com.ar\/libreria\/#organization","name":"Editorial Guadalupe","alternateName":"Librer\u00eda Guadalupe","url":"https:\/\/libreriaguadalupe.com.ar\/libreria\/","logo":{"@type":"ImageObject","inLanguage":"es","@id":"https:\/\/libreriaguadalupe.com.ar\/libreria\/#\/schema\/logo\/image\/","url":"https:\/\/i0.wp.com\/libreriaguadalupe.com.ar\/libreria\/wp-content\/uploads\/2023\/01\/cropped-logo-editorial-guadalupe.webp?fit=500%2C100&ssl=1","contentUrl":"https:\/\/i0.wp.com\/libreriaguadalupe.com.ar\/libreria\/wp-content\/uploads\/2023\/01\/cropped-logo-editorial-guadalupe.webp?fit=500%2C100&ssl=1","width":500,"height":100,"caption":"Editorial Guadalupe"},"image":{"@id":"https:\/\/libreriaguadalupe.com.ar\/libreria\/#\/schema\/logo\/image\/"},"sameAs":["https:\/\/www.facebook.com\/LibreriaGuadalupeAR\/","https:\/\/www.instagram.com\/editorialguadalupe\/","https:\/\/guadalupeeditorial.mercadoshops.com.ar\/"]}]}},"jetpack_publicize_connections":[],"jetpack_sharing_enabled":true,"jetpack-related-posts":[{"id":15372,"url":"https:\/\/libreriaguadalupe.com.ar\/libreria\/producto\/traducciones-arameas-de-la-biblia-iv-2\/","url_meta":{"origin":17202,"position":0},"title":"Traducciones arameas de la Biblia IV","author":"admin","date":"07\/02\/2023","format":false,"excerpt":"Los Targumim del Pentateuco IV Numeros Autor: Miguel P\u00e9rez Fern\u00e1ndez ISBN: 8490732298 Dimensiones: 16 x 24 cm P\u00e1ginas: 380","rel":"","context":"Entrada similar","block_context":{"text":"Entrada similar","link":""},"img":{"alt_text":"","src":"https:\/\/i0.wp.com\/libreriaguadalupe.com.ar\/libreria\/wp-content\/uploads\/2023\/02\/Traducciones-arameas-de-la-Biblia-IV.jpg?fit=380%2C586&ssl=1&resize=350%2C200","width":350,"height":200},"classes":[]},{"id":17196,"url":"https:\/\/libreriaguadalupe.com.ar\/libreria\/producto\/traducciones-arameas-de-la-biblia-v\/","url_meta":{"origin":17202,"position":1},"title":"Traducciones arameas de la Biblia &#8211; V","author":"admin","date":"04\/04\/2023","format":false,"excerpt":"Los targumin del Pentateuco. V. Deuteronomio Autor: Miguel P\u00e9rez Fern\u00e1ndez ISBN: 8490738238 Dimensiones: 16 x 24 cm P\u00e1ginas: 288","rel":"","context":"Entrada similar","block_context":{"text":"Entrada similar","link":""},"img":{"alt_text":"","src":"https:\/\/i0.wp.com\/libreriaguadalupe.com.ar\/libreria\/wp-content\/uploads\/2023\/04\/Traducciones-arameas-de-la-Biblia-V.jpg?fit=380%2C586&ssl=1&resize=350%2C200","width":350,"height":200},"classes":[]},{"id":12841,"url":"https:\/\/libreriaguadalupe.com.ar\/libreria\/producto\/el-mensaje-de-los-hechos-de-los-apostoles-en-el-codice-beza-ii\/","url_meta":{"origin":17202,"position":2},"title":"El mensaje de los Hechos de los Apostoles en el Codice Beza (II)","author":"admin","date":"18\/01\/2023","format":false,"excerpt":"Una comparaci\u00f3n con la tradici\u00f3n alejandrina. De Antioqu\u00eda a los confines de la tierra, Roma: Hechos 13\u201328 Autor: Jenny Read-Heimerdinger,\u00a0Josep Rius Camps ISBN: 8481699555 Dimensiones: 15,5 x 24cm P\u00e1ginas: 996","rel":"","context":"Entrada similar","block_context":{"text":"Entrada similar","link":""},"img":{"alt_text":"","src":"https:\/\/i0.wp.com\/libreriaguadalupe.com.ar\/libreria\/wp-content\/uploads\/2023\/01\/El-mensaje-de-los-Hechos-de-los-Apostoles-en-el-Codice-Beza.jpg?fit=380%2C586&ssl=1&resize=350%2C200","width":350,"height":200},"classes":[]},{"id":12802,"url":"https:\/\/libreriaguadalupe.com.ar\/libreria\/producto\/tradiciones-populares-judias-y-musulmanas\/","url_meta":{"origin":17202,"position":3},"title":"Tradiciones populares judias y musulmanas","author":"admin","date":"18\/01\/2023","format":false,"excerpt":"Ad\u00e1n - Abraham - Mois\u00e9s Autor: Concepci\u00f3n Castillo Castillo, Miguel P\u00e9rez Fern\u00e1ndez ISBN: 8481699845 Dimensiones: 17 x 24 cm P\u00e1ginas: 344","rel":"","context":"Entrada similar","block_context":{"text":"Entrada similar","link":""},"img":{"alt_text":"","src":"https:\/\/i0.wp.com\/libreriaguadalupe.com.ar\/libreria\/wp-content\/uploads\/2023\/01\/Tradiciones-populares-judias-y-musulmanas.jpg?fit=380%2C586&ssl=1&resize=350%2C200","width":350,"height":200},"classes":[]},{"id":14886,"url":"https:\/\/libreriaguadalupe.com.ar\/libreria\/producto\/el-libro-del-exodo-3\/","url_meta":{"origin":17202,"position":4},"title":"El libro del exodo","author":"admin","date":"07\/02\/2023","format":false,"excerpt":"","rel":"","context":"Entrada similar","block_context":{"text":"Entrada similar","link":""},"img":{"alt_text":"","src":"","width":0,"height":0},"classes":[]},{"id":14842,"url":"https:\/\/libreriaguadalupe.com.ar\/libreria\/producto\/el-libro-del-exodo-comentario-critico-y-teologico-2\/","url_meta":{"origin":17202,"position":5},"title":"El Libro del exodo Comentario critico y teologico","author":"admin","date":"07\/02\/2023","format":false,"excerpt":"ISBN 8481693995","rel":"","context":"Entrada similar","block_context":{"text":"Entrada similar","link":""},"img":{"alt_text":"","src":"","width":0,"height":0},"classes":[]}],"_links":{"self":[{"href":"https:\/\/libreriaguadalupe.com.ar\/libreria\/wp-json\/wp\/v2\/product\/17202","targetHints":{"allow":["GET"]}}],"collection":[{"href":"https:\/\/libreriaguadalupe.com.ar\/libreria\/wp-json\/wp\/v2\/product"}],"about":[{"href":"https:\/\/libreriaguadalupe.com.ar\/libreria\/wp-json\/wp\/v2\/types\/product"}],"replies":[{"embeddable":true,"href":"https:\/\/libreriaguadalupe.com.ar\/libreria\/wp-json\/wp\/v2\/comments?post=17202"}],"version-history":[{"count":1,"href":"https:\/\/libreriaguadalupe.com.ar\/libreria\/wp-json\/wp\/v2\/product\/17202\/revisions"}],"predecessor-version":[{"id":17204,"href":"https:\/\/libreriaguadalupe.com.ar\/libreria\/wp-json\/wp\/v2\/product\/17202\/revisions\/17204"}],"wp:featuredmedia":[{"embeddable":true,"href":"https:\/\/libreriaguadalupe.com.ar\/libreria\/wp-json\/wp\/v2\/media\/17203"}],"wp:attachment":[{"href":"https:\/\/libreriaguadalupe.com.ar\/libreria\/wp-json\/wp\/v2\/media?parent=17202"}],"wp:term":[{"taxonomy":"product_brand","embeddable":true,"href":"https:\/\/libreriaguadalupe.com.ar\/libreria\/wp-json\/wp\/v2\/product_brand?post=17202"},{"taxonomy":"product_cat","embeddable":true,"href":"https:\/\/libreriaguadalupe.com.ar\/libreria\/wp-json\/wp\/v2\/product_cat?post=17202"},{"taxonomy":"product_tag","embeddable":true,"href":"https:\/\/libreriaguadalupe.com.ar\/libreria\/wp-json\/wp\/v2\/product_tag?post=17202"}],"curies":[{"name":"wp","href":"https:\/\/api.w.org\/{rel}","templated":true}]}}