{"id":17196,"date":"2023-04-04T20:14:07","date_gmt":"2023-04-04T23:14:07","guid":{"rendered":"https:\/\/libreriaguadalupe.com.ar\/libreria\/?post_type=product&#038;p=17196"},"modified":"2024-03-14T10:30:11","modified_gmt":"2024-03-14T13:30:11","slug":"traducciones-arameas-de-la-biblia-v","status":"publish","type":"product","link":"https:\/\/libreriaguadalupe.com.ar\/libreria\/producto\/traducciones-arameas-de-la-biblia-v\/","title":{"rendered":"Traducciones arameas de la Biblia &#8211; V"},"content":{"rendered":"<p>Edici\u00f3n del targum de Deuteronomio que presenta (en paralelo) las versiones del Targum Ne\u00f3fiti y del Targum Pseudo-Jonat\u00e1n, acompa\u00f1adas de notas explicativas y anotando variantes que se consideran de inter\u00e9s de las versiones marginales e interlineales del Ne\u00f3fiti.<\/p>\n<p>Adem\u00e1s, este volumen se ofrece una reflexi\u00f3n, a modo de breve estudio, acerca de dicho proceso targ\u00famico; de c\u00f3mo el targum clarifica el sentido del texto b\u00edblico mediante una traducci\u00f3n de tinte popular, acompa\u00f1ada, en ocasiones, de desarrollos explicativos y de la incorporaci\u00f3n de glosas explicativas, todo ello buscando una f\u00e1cil e inmediata comprensi\u00f3n.<\/p>\n","protected":false},"excerpt":{"rendered":"<h5 class=\"my-1 font-weight-normal\">Los targumin del Pentateuco. V. Deuteronomio<\/h5>\n<p>Autor: Miguel P\u00e9rez Fern\u00e1ndez<strong><br \/>\n<\/strong>ISBN: 8490738238<br \/>\nDimensiones: 16 x 24 cm<br \/>\nP\u00e1ginas: 288<\/p>\n","protected":false},"featured_media":17197,"comment_status":"open","ping_status":"closed","template":"","meta":{"jetpack_publicize_message":"","jetpack_publicize_feature_enabled":true,"jetpack_social_post_already_shared":true,"jetpack_social_options":{"image_generator_settings":{"template":"highway","default_image_id":0,"font":"","enabled":false},"version":2}},"product_brand":[],"product_cat":[109],"product_tag":[127],"class_list":{"0":"post-17196","1":"product","2":"type-product","3":"status-publish","4":"has-post-thumbnail","6":"product_cat-verbo-divino","7":"product_tag-editorial-guadalupe-de-argentina","9":"first","10":"outofstock","11":"shipping-taxable","12":"purchasable","13":"product-type-simple"},"yoast_head":"<!-- This site is optimized with the Yoast SEO plugin v27.4 - https:\/\/yoast.com\/product\/yoast-seo-wordpress\/ -->\n<title>Traducciones arameas de la Biblia - V - Editorial Guadalupe de Argentina<\/title>\n<meta name=\"description\" content=\"Edici\u00f3n del targum de Deuteronomio que presenta (en paralelo) las versiones del Targum Ne\u00f3fiti y del Targum Pseudo-Jonat\u00e1n,\" \/>\n<meta name=\"robots\" content=\"index, follow, max-snippet:-1, max-image-preview:large, max-video-preview:-1\" \/>\n<link rel=\"canonical\" href=\"https:\/\/libreriaguadalupe.com.ar\/libreria\/producto\/traducciones-arameas-de-la-biblia-v\/\" \/>\n<meta property=\"og:locale\" content=\"es_ES\" \/>\n<meta property=\"og:type\" content=\"article\" \/>\n<meta property=\"og:title\" content=\"Traducciones arameas de la Biblia - V - Editorial Guadalupe de Argentina\" \/>\n<meta property=\"og:description\" content=\"Edici\u00f3n del targum de Deuteronomio que presenta (en paralelo) las versiones del Targum Ne\u00f3fiti y del Targum Pseudo-Jonat\u00e1n,\" \/>\n<meta property=\"og:url\" content=\"https:\/\/libreriaguadalupe.com.ar\/libreria\/producto\/traducciones-arameas-de-la-biblia-v\/\" \/>\n<meta property=\"og:site_name\" content=\"Editorial Guadalupe de Argentina\" \/>\n<meta property=\"article:publisher\" content=\"https:\/\/www.facebook.com\/LibreriaGuadalupeAR\/\" \/>\n<meta property=\"article:modified_time\" content=\"2024-03-14T13:30:11+00:00\" \/>\n<meta property=\"og:image\" content=\"https:\/\/libreriaguadalupe.com.ar\/libreria\/wp-content\/uploads\/2023\/04\/Traducciones-arameas-de-la-Biblia-V.jpg\" \/>\n\t<meta property=\"og:image:width\" content=\"380\" \/>\n\t<meta property=\"og:image:height\" content=\"586\" \/>\n\t<meta property=\"og:image:type\" content=\"image\/jpeg\" \/>\n<meta name=\"twitter:card\" content=\"summary_large_image\" \/>\n<meta name=\"twitter:label1\" content=\"Tiempo de lectura\" \/>\n\t<meta name=\"twitter:data1\" content=\"1 minuto\" \/>\n<script type=\"application\/ld+json\" class=\"yoast-schema-graph\">{\"@context\":\"https:\\\/\\\/schema.org\",\"@graph\":[{\"@type\":\"WebPage\",\"@id\":\"https:\\\/\\\/libreriaguadalupe.com.ar\\\/libreria\\\/producto\\\/traducciones-arameas-de-la-biblia-v\\\/\",\"url\":\"https:\\\/\\\/libreriaguadalupe.com.ar\\\/libreria\\\/producto\\\/traducciones-arameas-de-la-biblia-v\\\/\",\"name\":\"Traducciones arameas de la Biblia - V - Editorial Guadalupe de Argentina\",\"isPartOf\":{\"@id\":\"https:\\\/\\\/libreriaguadalupe.com.ar\\\/libreria\\\/#website\"},\"primaryImageOfPage\":{\"@id\":\"https:\\\/\\\/libreriaguadalupe.com.ar\\\/libreria\\\/producto\\\/traducciones-arameas-de-la-biblia-v\\\/#primaryimage\"},\"image\":{\"@id\":\"https:\\\/\\\/libreriaguadalupe.com.ar\\\/libreria\\\/producto\\\/traducciones-arameas-de-la-biblia-v\\\/#primaryimage\"},\"thumbnailUrl\":\"https:\\\/\\\/i0.wp.com\\\/libreriaguadalupe.com.ar\\\/libreria\\\/wp-content\\\/uploads\\\/2023\\\/04\\\/Traducciones-arameas-de-la-Biblia-V.jpg?fit=380%2C586&ssl=1\",\"datePublished\":\"2023-04-04T23:14:07+00:00\",\"dateModified\":\"2024-03-14T13:30:11+00:00\",\"description\":\"Edici\u00f3n del targum de Deuteronomio que presenta (en paralelo) las versiones del Targum Ne\u00f3fiti y del Targum Pseudo-Jonat\u00e1n,\",\"breadcrumb\":{\"@id\":\"https:\\\/\\\/libreriaguadalupe.com.ar\\\/libreria\\\/producto\\\/traducciones-arameas-de-la-biblia-v\\\/#breadcrumb\"},\"inLanguage\":\"es\",\"potentialAction\":[{\"@type\":\"ReadAction\",\"target\":[\"https:\\\/\\\/libreriaguadalupe.com.ar\\\/libreria\\\/producto\\\/traducciones-arameas-de-la-biblia-v\\\/\"]}]},{\"@type\":\"ImageObject\",\"inLanguage\":\"es\",\"@id\":\"https:\\\/\\\/libreriaguadalupe.com.ar\\\/libreria\\\/producto\\\/traducciones-arameas-de-la-biblia-v\\\/#primaryimage\",\"url\":\"https:\\\/\\\/i0.wp.com\\\/libreriaguadalupe.com.ar\\\/libreria\\\/wp-content\\\/uploads\\\/2023\\\/04\\\/Traducciones-arameas-de-la-Biblia-V.jpg?fit=380%2C586&ssl=1\",\"contentUrl\":\"https:\\\/\\\/i0.wp.com\\\/libreriaguadalupe.com.ar\\\/libreria\\\/wp-content\\\/uploads\\\/2023\\\/04\\\/Traducciones-arameas-de-la-Biblia-V.jpg?fit=380%2C586&ssl=1\",\"width\":380,\"height\":586},{\"@type\":\"BreadcrumbList\",\"@id\":\"https:\\\/\\\/libreriaguadalupe.com.ar\\\/libreria\\\/producto\\\/traducciones-arameas-de-la-biblia-v\\\/#breadcrumb\",\"itemListElement\":[{\"@type\":\"ListItem\",\"position\":1,\"name\":\"Portada\",\"item\":\"https:\\\/\\\/libreriaguadalupe.com.ar\\\/libreria\\\/\"},{\"@type\":\"ListItem\",\"position\":2,\"name\":\"Tienda\",\"item\":\"https:\\\/\\\/libreriaguadalupe.com.ar\\\/libreria\\\/\"},{\"@type\":\"ListItem\",\"position\":3,\"name\":\"Traducciones arameas de la Biblia &#8211; V\"}]},{\"@type\":\"WebSite\",\"@id\":\"https:\\\/\\\/libreriaguadalupe.com.ar\\\/libreria\\\/#website\",\"url\":\"https:\\\/\\\/libreriaguadalupe.com.ar\\\/libreria\\\/\",\"name\":\"Editorial Guadalupe de Argentina\",\"description\":\"Congregaci\u00f3n del Verbo Divino\",\"publisher\":{\"@id\":\"https:\\\/\\\/libreriaguadalupe.com.ar\\\/libreria\\\/#organization\"},\"alternateName\":\"Librer\u00eda Guadalupe\",\"potentialAction\":[{\"@type\":\"SearchAction\",\"target\":{\"@type\":\"EntryPoint\",\"urlTemplate\":\"https:\\\/\\\/libreriaguadalupe.com.ar\\\/libreria\\\/?s={search_term_string}\"},\"query-input\":{\"@type\":\"PropertyValueSpecification\",\"valueRequired\":true,\"valueName\":\"search_term_string\"}}],\"inLanguage\":\"es\"},{\"@type\":\"Organization\",\"@id\":\"https:\\\/\\\/libreriaguadalupe.com.ar\\\/libreria\\\/#organization\",\"name\":\"Editorial Guadalupe\",\"alternateName\":\"Librer\u00eda Guadalupe\",\"url\":\"https:\\\/\\\/libreriaguadalupe.com.ar\\\/libreria\\\/\",\"logo\":{\"@type\":\"ImageObject\",\"inLanguage\":\"es\",\"@id\":\"https:\\\/\\\/libreriaguadalupe.com.ar\\\/libreria\\\/#\\\/schema\\\/logo\\\/image\\\/\",\"url\":\"https:\\\/\\\/i0.wp.com\\\/libreriaguadalupe.com.ar\\\/libreria\\\/wp-content\\\/uploads\\\/2023\\\/01\\\/cropped-logo-editorial-guadalupe.webp?fit=500%2C100&ssl=1\",\"contentUrl\":\"https:\\\/\\\/i0.wp.com\\\/libreriaguadalupe.com.ar\\\/libreria\\\/wp-content\\\/uploads\\\/2023\\\/01\\\/cropped-logo-editorial-guadalupe.webp?fit=500%2C100&ssl=1\",\"width\":500,\"height\":100,\"caption\":\"Editorial Guadalupe\"},\"image\":{\"@id\":\"https:\\\/\\\/libreriaguadalupe.com.ar\\\/libreria\\\/#\\\/schema\\\/logo\\\/image\\\/\"},\"sameAs\":[\"https:\\\/\\\/www.facebook.com\\\/LibreriaGuadalupeAR\\\/\",\"https:\\\/\\\/www.instagram.com\\\/editorialguadalupe\\\/\",\"https:\\\/\\\/guadalupeeditorial.mercadoshops.com.ar\\\/\"]}]}<\/script>\n<!-- \/ Yoast SEO plugin. -->","yoast_head_json":{"title":"Traducciones arameas de la Biblia - V - Editorial Guadalupe de Argentina","description":"Edici\u00f3n del targum de Deuteronomio que presenta (en paralelo) las versiones del Targum Ne\u00f3fiti y del Targum Pseudo-Jonat\u00e1n,","robots":{"index":"index","follow":"follow","max-snippet":"max-snippet:-1","max-image-preview":"max-image-preview:large","max-video-preview":"max-video-preview:-1"},"canonical":"https:\/\/libreriaguadalupe.com.ar\/libreria\/producto\/traducciones-arameas-de-la-biblia-v\/","og_locale":"es_ES","og_type":"article","og_title":"Traducciones arameas de la Biblia - V - Editorial Guadalupe de Argentina","og_description":"Edici\u00f3n del targum de Deuteronomio que presenta (en paralelo) las versiones del Targum Ne\u00f3fiti y del Targum Pseudo-Jonat\u00e1n,","og_url":"https:\/\/libreriaguadalupe.com.ar\/libreria\/producto\/traducciones-arameas-de-la-biblia-v\/","og_site_name":"Editorial Guadalupe de Argentina","article_publisher":"https:\/\/www.facebook.com\/LibreriaGuadalupeAR\/","article_modified_time":"2024-03-14T13:30:11+00:00","og_image":[{"width":380,"height":586,"url":"https:\/\/libreriaguadalupe.com.ar\/libreria\/wp-content\/uploads\/2023\/04\/Traducciones-arameas-de-la-Biblia-V.jpg","type":"image\/jpeg"}],"twitter_card":"summary_large_image","twitter_misc":{"Tiempo de lectura":"1 minuto"},"schema":{"@context":"https:\/\/schema.org","@graph":[{"@type":"WebPage","@id":"https:\/\/libreriaguadalupe.com.ar\/libreria\/producto\/traducciones-arameas-de-la-biblia-v\/","url":"https:\/\/libreriaguadalupe.com.ar\/libreria\/producto\/traducciones-arameas-de-la-biblia-v\/","name":"Traducciones arameas de la Biblia - V - Editorial Guadalupe de Argentina","isPartOf":{"@id":"https:\/\/libreriaguadalupe.com.ar\/libreria\/#website"},"primaryImageOfPage":{"@id":"https:\/\/libreriaguadalupe.com.ar\/libreria\/producto\/traducciones-arameas-de-la-biblia-v\/#primaryimage"},"image":{"@id":"https:\/\/libreriaguadalupe.com.ar\/libreria\/producto\/traducciones-arameas-de-la-biblia-v\/#primaryimage"},"thumbnailUrl":"https:\/\/i0.wp.com\/libreriaguadalupe.com.ar\/libreria\/wp-content\/uploads\/2023\/04\/Traducciones-arameas-de-la-Biblia-V.jpg?fit=380%2C586&ssl=1","datePublished":"2023-04-04T23:14:07+00:00","dateModified":"2024-03-14T13:30:11+00:00","description":"Edici\u00f3n del targum de Deuteronomio que presenta (en paralelo) las versiones del Targum Ne\u00f3fiti y del Targum Pseudo-Jonat\u00e1n,","breadcrumb":{"@id":"https:\/\/libreriaguadalupe.com.ar\/libreria\/producto\/traducciones-arameas-de-la-biblia-v\/#breadcrumb"},"inLanguage":"es","potentialAction":[{"@type":"ReadAction","target":["https:\/\/libreriaguadalupe.com.ar\/libreria\/producto\/traducciones-arameas-de-la-biblia-v\/"]}]},{"@type":"ImageObject","inLanguage":"es","@id":"https:\/\/libreriaguadalupe.com.ar\/libreria\/producto\/traducciones-arameas-de-la-biblia-v\/#primaryimage","url":"https:\/\/i0.wp.com\/libreriaguadalupe.com.ar\/libreria\/wp-content\/uploads\/2023\/04\/Traducciones-arameas-de-la-Biblia-V.jpg?fit=380%2C586&ssl=1","contentUrl":"https:\/\/i0.wp.com\/libreriaguadalupe.com.ar\/libreria\/wp-content\/uploads\/2023\/04\/Traducciones-arameas-de-la-Biblia-V.jpg?fit=380%2C586&ssl=1","width":380,"height":586},{"@type":"BreadcrumbList","@id":"https:\/\/libreriaguadalupe.com.ar\/libreria\/producto\/traducciones-arameas-de-la-biblia-v\/#breadcrumb","itemListElement":[{"@type":"ListItem","position":1,"name":"Portada","item":"https:\/\/libreriaguadalupe.com.ar\/libreria\/"},{"@type":"ListItem","position":2,"name":"Tienda","item":"https:\/\/libreriaguadalupe.com.ar\/libreria\/"},{"@type":"ListItem","position":3,"name":"Traducciones arameas de la Biblia &#8211; V"}]},{"@type":"WebSite","@id":"https:\/\/libreriaguadalupe.com.ar\/libreria\/#website","url":"https:\/\/libreriaguadalupe.com.ar\/libreria\/","name":"Editorial Guadalupe de Argentina","description":"Congregaci\u00f3n del Verbo Divino","publisher":{"@id":"https:\/\/libreriaguadalupe.com.ar\/libreria\/#organization"},"alternateName":"Librer\u00eda Guadalupe","potentialAction":[{"@type":"SearchAction","target":{"@type":"EntryPoint","urlTemplate":"https:\/\/libreriaguadalupe.com.ar\/libreria\/?s={search_term_string}"},"query-input":{"@type":"PropertyValueSpecification","valueRequired":true,"valueName":"search_term_string"}}],"inLanguage":"es"},{"@type":"Organization","@id":"https:\/\/libreriaguadalupe.com.ar\/libreria\/#organization","name":"Editorial Guadalupe","alternateName":"Librer\u00eda Guadalupe","url":"https:\/\/libreriaguadalupe.com.ar\/libreria\/","logo":{"@type":"ImageObject","inLanguage":"es","@id":"https:\/\/libreriaguadalupe.com.ar\/libreria\/#\/schema\/logo\/image\/","url":"https:\/\/i0.wp.com\/libreriaguadalupe.com.ar\/libreria\/wp-content\/uploads\/2023\/01\/cropped-logo-editorial-guadalupe.webp?fit=500%2C100&ssl=1","contentUrl":"https:\/\/i0.wp.com\/libreriaguadalupe.com.ar\/libreria\/wp-content\/uploads\/2023\/01\/cropped-logo-editorial-guadalupe.webp?fit=500%2C100&ssl=1","width":500,"height":100,"caption":"Editorial Guadalupe"},"image":{"@id":"https:\/\/libreriaguadalupe.com.ar\/libreria\/#\/schema\/logo\/image\/"},"sameAs":["https:\/\/www.facebook.com\/LibreriaGuadalupeAR\/","https:\/\/www.instagram.com\/editorialguadalupe\/","https:\/\/guadalupeeditorial.mercadoshops.com.ar\/"]}]}},"jetpack_publicize_connections":[],"jetpack_sharing_enabled":true,"jetpack-related-posts":[{"id":15372,"url":"https:\/\/libreriaguadalupe.com.ar\/libreria\/producto\/traducciones-arameas-de-la-biblia-iv-2\/","url_meta":{"origin":17196,"position":0},"title":"Traducciones arameas de la Biblia IV","author":"admin","date":"07\/02\/2023","format":false,"excerpt":"Los Targumim del Pentateuco IV Numeros Autor: Miguel P\u00e9rez Fern\u00e1ndez ISBN: 8490732298 Dimensiones: 16 x 24 cm P\u00e1ginas: 380","rel":"","context":"Entrada similar","block_context":{"text":"Entrada similar","link":""},"img":{"alt_text":"","src":"https:\/\/i0.wp.com\/libreriaguadalupe.com.ar\/libreria\/wp-content\/uploads\/2023\/02\/Traducciones-arameas-de-la-Biblia-IV.jpg?fit=380%2C586&ssl=1&resize=350%2C200","width":350,"height":200},"classes":[]},{"id":17202,"url":"https:\/\/libreriaguadalupe.com.ar\/libreria\/producto\/traducciones-arameas-de-la-biblia-ii\/","url_meta":{"origin":17196,"position":1},"title":"Traducciones arameas de la Biblia &#8211; II","author":"admin","date":"04\/04\/2023","format":false,"excerpt":"Los targumin del Pentateuco. II. \u00c9xodo Autor: Miguel P\u00e9rez Fern\u00e1ndez, Teresa Mart\u00ednez S\u00e1iz ISBN: 8499451831 Dimensiones: 16 x 24 cm P\u00e1ginas: 416","rel":"","context":"Entrada similar","block_context":{"text":"Entrada similar","link":""},"img":{"alt_text":"","src":"https:\/\/i0.wp.com\/libreriaguadalupe.com.ar\/libreria\/wp-content\/uploads\/2023\/04\/Traducciones-arameas-de-la-Biblia-II.jpg?fit=380%2C586&ssl=1&resize=350%2C200","width":350,"height":200},"classes":[]},{"id":15545,"url":"https:\/\/libreriaguadalupe.com.ar\/libreria\/producto\/mi-biblia-ilustrada-infantil-de-bolsillo-edicion-tapa-dura-bolsillo\/","url_meta":{"origin":17196,"position":2},"title":"Mi Biblia. Ilustrada infantil","author":"admin","date":"07\/02\/2023","format":false,"excerpt":"[bolsillo - TAPA DURA - infantil] Versi\u00f3n bolsillo con cubierta en carton\u00e9 ilustrada especialmente para ni\u00f1os. AUTOR: EVD ISBN: 8490732588","rel":"","context":"Entrada similar","block_context":{"text":"Entrada similar","link":""},"img":{"alt_text":"","src":"https:\/\/i0.wp.com\/libreriaguadalupe.com.ar\/libreria\/wp-content\/uploads\/1674\/33\/1260.jpg?fit=300%2C450&ssl=1&resize=350%2C200","width":350,"height":200},"classes":[]},{"id":16074,"url":"https:\/\/libreriaguadalupe.com.ar\/libreria\/producto\/la-vision-teologica-de-oscar-romero\/","url_meta":{"origin":17196,"position":3},"title":"La visi\u00f3n teol\u00f3gica de \u00d3scar Romero","author":"admin","date":"12\/02\/2023","format":false,"excerpt":"Liberaci\u00f3n y transfiguraci\u00f3n de los pobres AUTOR: EDGARDO A. COLON-EMERIC ISBN: 9505008681","rel":"","context":"Entrada similar","block_context":{"text":"Entrada similar","link":""},"img":{"alt_text":"","src":"https:\/\/i0.wp.com\/libreriaguadalupe.com.ar\/libreria\/wp-content\/uploads\/2023\/02\/La-vision-teologica-de-Oscar-Romero.webp?fit=712%2C1140&ssl=1&resize=350%2C200","width":350,"height":200,"srcset":"https:\/\/i0.wp.com\/libreriaguadalupe.com.ar\/libreria\/wp-content\/uploads\/2023\/02\/La-vision-teologica-de-Oscar-Romero.webp?fit=712%2C1140&ssl=1&resize=350%2C200 1x, https:\/\/i0.wp.com\/libreriaguadalupe.com.ar\/libreria\/wp-content\/uploads\/2023\/02\/La-vision-teologica-de-Oscar-Romero.webp?fit=712%2C1140&ssl=1&resize=525%2C300 1.5x, https:\/\/i0.wp.com\/libreriaguadalupe.com.ar\/libreria\/wp-content\/uploads\/2023\/02\/La-vision-teologica-de-Oscar-Romero.webp?fit=712%2C1140&ssl=1&resize=700%2C400 2x"},"classes":[]},{"id":16077,"url":"https:\/\/libreriaguadalupe.com.ar\/libreria\/producto\/la-vision-teologica-de-oscar-romero-e-book\/","url_meta":{"origin":17196,"position":4},"title":"La visi\u00f3n teol\u00f3gica de \u00d3scar Romero (E-BOOK)","author":"admin","date":"12\/02\/2023","format":false,"excerpt":"EDICION DIGITAL AUTOR: EDGARDO A. COLON-EMERIC ISBN: 9505008681","rel":"","context":"Entrada similar","block_context":{"text":"Entrada similar","link":""},"img":{"alt_text":"","src":"https:\/\/i0.wp.com\/libreriaguadalupe.com.ar\/libreria\/wp-content\/uploads\/2023\/02\/La-vision-teologica-de-Oscar-Romero.webp?fit=712%2C1140&ssl=1&resize=350%2C200","width":350,"height":200,"srcset":"https:\/\/i0.wp.com\/libreriaguadalupe.com.ar\/libreria\/wp-content\/uploads\/2023\/02\/La-vision-teologica-de-Oscar-Romero.webp?fit=712%2C1140&ssl=1&resize=350%2C200 1x, https:\/\/i0.wp.com\/libreriaguadalupe.com.ar\/libreria\/wp-content\/uploads\/2023\/02\/La-vision-teologica-de-Oscar-Romero.webp?fit=712%2C1140&ssl=1&resize=525%2C300 1.5x, https:\/\/i0.wp.com\/libreriaguadalupe.com.ar\/libreria\/wp-content\/uploads\/2023\/02\/La-vision-teologica-de-Oscar-Romero.webp?fit=712%2C1140&ssl=1&resize=700%2C400 2x"},"classes":[]},{"id":15547,"url":"https:\/\/libreriaguadalupe.com.ar\/libreria\/producto\/ybiblia-2\/","url_meta":{"origin":17196,"position":5},"title":"Y-Biblia","author":"admin","date":"07\/02\/2023","format":false,"excerpt":"Biblia de la Iglesia cat\u00f3lica para los j\u00f3venes [Edici\u00f3n Latinoam\u00e9rica] AUTOR: EDV ISBN: 8490733103","rel":"","context":"Entrada similar","block_context":{"text":"Entrada similar","link":""},"img":{"alt_text":"","src":"https:\/\/i0.wp.com\/libreriaguadalupe.com.ar\/libreria\/wp-content\/uploads\/2023\/02\/MES-DE-LA-BIBLIA-2024-ybiblia.jpg?fit=470%2C470&ssl=1&resize=350%2C200","width":350,"height":200},"classes":[]}],"_links":{"self":[{"href":"https:\/\/libreriaguadalupe.com.ar\/libreria\/wp-json\/wp\/v2\/product\/17196","targetHints":{"allow":["GET"]}}],"collection":[{"href":"https:\/\/libreriaguadalupe.com.ar\/libreria\/wp-json\/wp\/v2\/product"}],"about":[{"href":"https:\/\/libreriaguadalupe.com.ar\/libreria\/wp-json\/wp\/v2\/types\/product"}],"replies":[{"embeddable":true,"href":"https:\/\/libreriaguadalupe.com.ar\/libreria\/wp-json\/wp\/v2\/comments?post=17196"}],"version-history":[{"count":1,"href":"https:\/\/libreriaguadalupe.com.ar\/libreria\/wp-json\/wp\/v2\/product\/17196\/revisions"}],"predecessor-version":[{"id":17198,"href":"https:\/\/libreriaguadalupe.com.ar\/libreria\/wp-json\/wp\/v2\/product\/17196\/revisions\/17198"}],"wp:featuredmedia":[{"embeddable":true,"href":"https:\/\/libreriaguadalupe.com.ar\/libreria\/wp-json\/wp\/v2\/media\/17197"}],"wp:attachment":[{"href":"https:\/\/libreriaguadalupe.com.ar\/libreria\/wp-json\/wp\/v2\/media?parent=17196"}],"wp:term":[{"taxonomy":"product_brand","embeddable":true,"href":"https:\/\/libreriaguadalupe.com.ar\/libreria\/wp-json\/wp\/v2\/product_brand?post=17196"},{"taxonomy":"product_cat","embeddable":true,"href":"https:\/\/libreriaguadalupe.com.ar\/libreria\/wp-json\/wp\/v2\/product_cat?post=17196"},{"taxonomy":"product_tag","embeddable":true,"href":"https:\/\/libreriaguadalupe.com.ar\/libreria\/wp-json\/wp\/v2\/product_tag?post=17196"}],"curies":[{"name":"wp","href":"https:\/\/api.w.org\/{rel}","templated":true}]}}