{"id":17182,"date":"2023-04-04T19:56:43","date_gmt":"2023-04-04T22:56:43","guid":{"rendered":"https:\/\/libreriaguadalupe.com.ar\/libreria\/?post_type=product&#038;p=17182"},"modified":"2025-07-28T10:10:17","modified_gmt":"2025-07-28T13:10:17","slug":"un-judio-marginal-nueva-vision-del-jesus-historico-v","status":"publish","type":"product","link":"https:\/\/libreriaguadalupe.com.ar\/libreria\/producto\/un-judio-marginal-nueva-vision-del-jesus-historico-v\/","title":{"rendered":"Un judio marginal Nueva vision del Jesus historico V"},"content":{"rendered":"<p>Desde finales del siglo XIX, un gran n\u00famero de estudiosos del Nuevo Testamento ha trabajado con la creencia de que, si no todas, la mayor parte de par\u00e1bolas de los evangelios sin\u00f3pticos son atribuibles al Jes\u00fas de la historia.<br \/>\nEn este quinto tomo de\u00a0<i>Un jud\u00edo marginal<\/i>, John Meier cuestiona ese consenso y defiende mediante una s\u00f3lida argumentaci\u00f3n que solo cuatro par\u00e1bolas (El grano de mostaza, Los vi\u00f1adores perversos, Los talentos y La gran cena) pueden ser asignadas al Jes\u00fas de la historia.<br \/>\nMeier aborda el controvertido tema de las par\u00e1bolas con el mismo rigor y la misma penetraci\u00f3n que le granjearon elogios en los anteriores vol\u00famenes de\u00a0<i>Un jud\u00edo marginal<\/i>. Con este tomo trascendental, el autor enriquece todav\u00eda m\u00e1s su magistral obra y da un paso ingente en su continua b\u00fasqueda del Jes\u00fas hist\u00f3rico.<\/p>\n","protected":false},"excerpt":{"rendered":"<h5 class=\"my-1 font-weight-normal\">La autenticidad de las par\u00e1bolas a examen<\/h5>\n<p>Autor: John Paul Meier<strong><br \/>\n<\/strong>ISBN: 8490733097<br \/>\nDimensiones: 15,5 x 24 cm<br \/>\nP\u00e1ginas: 464<\/p>\n","protected":false},"featured_media":17183,"comment_status":"open","ping_status":"closed","template":"","meta":{"jetpack_publicize_message":"","jetpack_publicize_feature_enabled":true,"jetpack_social_post_already_shared":true,"jetpack_social_options":{"image_generator_settings":{"template":"highway","default_image_id":0,"font":"","enabled":false},"version":2}},"product_brand":[],"product_cat":[109],"product_tag":[127],"class_list":{"0":"post-17182","1":"product","2":"type-product","3":"status-publish","4":"has-post-thumbnail","6":"product_cat-verbo-divino","7":"product_tag-editorial-guadalupe-de-argentina","9":"first","10":"instock","11":"shipping-taxable","12":"purchasable","13":"product-type-simple"},"yoast_head":"<!-- This site is optimized with the Yoast SEO plugin v27.4 - https:\/\/yoast.com\/product\/yoast-seo-wordpress\/ -->\n<title>Un judio marginal Nueva vision del Jesus historico V - Editorial Guadalupe de Argentina<\/title>\n<meta name=\"description\" content=\"Desde finales del siglo XIX, un gran n\u00famero de estudiosos del Nuevo Testamento ha trabajado con la creencia de que, si no todas, la mayor parte de par\u00e1bolas de los evangelios sin\u00f3pticos son atribuibles al Jes\u00fas de la historia.\" \/>\n<meta name=\"robots\" content=\"index, follow, max-snippet:-1, max-image-preview:large, max-video-preview:-1\" \/>\n<link rel=\"canonical\" href=\"https:\/\/libreriaguadalupe.com.ar\/libreria\/producto\/un-judio-marginal-nueva-vision-del-jesus-historico-v\/\" \/>\n<meta property=\"og:locale\" content=\"es_ES\" \/>\n<meta property=\"og:type\" content=\"article\" \/>\n<meta property=\"og:title\" content=\"Un judio marginal Nueva vision del Jesus historico V - Editorial Guadalupe de Argentina\" \/>\n<meta property=\"og:description\" content=\"Desde finales del siglo XIX, un gran n\u00famero de estudiosos del Nuevo Testamento ha trabajado con la creencia de que, si no todas, la mayor parte de par\u00e1bolas de los evangelios sin\u00f3pticos son atribuibles al Jes\u00fas de la historia.\" \/>\n<meta property=\"og:url\" content=\"https:\/\/libreriaguadalupe.com.ar\/libreria\/producto\/un-judio-marginal-nueva-vision-del-jesus-historico-v\/\" \/>\n<meta property=\"og:site_name\" content=\"Editorial Guadalupe de Argentina\" \/>\n<meta property=\"article:publisher\" content=\"https:\/\/www.facebook.com\/LibreriaGuadalupeAR\/\" \/>\n<meta property=\"article:modified_time\" content=\"2025-07-28T13:10:17+00:00\" \/>\n<meta property=\"og:image\" content=\"https:\/\/libreriaguadalupe.com.ar\/libreria\/wp-content\/uploads\/2023\/04\/Un-judio-marginal-Nueva-vision-del-Jesus-historico-V.jpg\" \/>\n\t<meta property=\"og:image:width\" content=\"380\" \/>\n\t<meta property=\"og:image:height\" content=\"586\" \/>\n\t<meta property=\"og:image:type\" content=\"image\/jpeg\" \/>\n<meta name=\"twitter:card\" content=\"summary_large_image\" \/>\n<meta name=\"twitter:label1\" content=\"Tiempo de lectura\" \/>\n\t<meta name=\"twitter:data1\" content=\"1 minuto\" \/>\n<script type=\"application\/ld+json\" class=\"yoast-schema-graph\">{\"@context\":\"https:\\\/\\\/schema.org\",\"@graph\":[{\"@type\":\"WebPage\",\"@id\":\"https:\\\/\\\/libreriaguadalupe.com.ar\\\/libreria\\\/producto\\\/un-judio-marginal-nueva-vision-del-jesus-historico-v\\\/\",\"url\":\"https:\\\/\\\/libreriaguadalupe.com.ar\\\/libreria\\\/producto\\\/un-judio-marginal-nueva-vision-del-jesus-historico-v\\\/\",\"name\":\"Un judio marginal Nueva vision del Jesus historico V - Editorial Guadalupe de Argentina\",\"isPartOf\":{\"@id\":\"https:\\\/\\\/libreriaguadalupe.com.ar\\\/libreria\\\/#website\"},\"primaryImageOfPage\":{\"@id\":\"https:\\\/\\\/libreriaguadalupe.com.ar\\\/libreria\\\/producto\\\/un-judio-marginal-nueva-vision-del-jesus-historico-v\\\/#primaryimage\"},\"image\":{\"@id\":\"https:\\\/\\\/libreriaguadalupe.com.ar\\\/libreria\\\/producto\\\/un-judio-marginal-nueva-vision-del-jesus-historico-v\\\/#primaryimage\"},\"thumbnailUrl\":\"https:\\\/\\\/i0.wp.com\\\/libreriaguadalupe.com.ar\\\/libreria\\\/wp-content\\\/uploads\\\/2023\\\/04\\\/Un-judio-marginal-Nueva-vision-del-Jesus-historico-V.jpg?fit=380%2C586&ssl=1\",\"datePublished\":\"2023-04-04T22:56:43+00:00\",\"dateModified\":\"2025-07-28T13:10:17+00:00\",\"description\":\"Desde finales del siglo XIX, un gran n\u00famero de estudiosos del Nuevo Testamento ha trabajado con la creencia de que, si no todas, la mayor parte de par\u00e1bolas de los evangelios sin\u00f3pticos son atribuibles al Jes\u00fas de la historia.\",\"breadcrumb\":{\"@id\":\"https:\\\/\\\/libreriaguadalupe.com.ar\\\/libreria\\\/producto\\\/un-judio-marginal-nueva-vision-del-jesus-historico-v\\\/#breadcrumb\"},\"inLanguage\":\"es\",\"potentialAction\":[{\"@type\":\"ReadAction\",\"target\":[\"https:\\\/\\\/libreriaguadalupe.com.ar\\\/libreria\\\/producto\\\/un-judio-marginal-nueva-vision-del-jesus-historico-v\\\/\"]}]},{\"@type\":\"ImageObject\",\"inLanguage\":\"es\",\"@id\":\"https:\\\/\\\/libreriaguadalupe.com.ar\\\/libreria\\\/producto\\\/un-judio-marginal-nueva-vision-del-jesus-historico-v\\\/#primaryimage\",\"url\":\"https:\\\/\\\/i0.wp.com\\\/libreriaguadalupe.com.ar\\\/libreria\\\/wp-content\\\/uploads\\\/2023\\\/04\\\/Un-judio-marginal-Nueva-vision-del-Jesus-historico-V.jpg?fit=380%2C586&ssl=1\",\"contentUrl\":\"https:\\\/\\\/i0.wp.com\\\/libreriaguadalupe.com.ar\\\/libreria\\\/wp-content\\\/uploads\\\/2023\\\/04\\\/Un-judio-marginal-Nueva-vision-del-Jesus-historico-V.jpg?fit=380%2C586&ssl=1\",\"width\":380,\"height\":586},{\"@type\":\"BreadcrumbList\",\"@id\":\"https:\\\/\\\/libreriaguadalupe.com.ar\\\/libreria\\\/producto\\\/un-judio-marginal-nueva-vision-del-jesus-historico-v\\\/#breadcrumb\",\"itemListElement\":[{\"@type\":\"ListItem\",\"position\":1,\"name\":\"Portada\",\"item\":\"https:\\\/\\\/libreriaguadalupe.com.ar\\\/libreria\\\/\"},{\"@type\":\"ListItem\",\"position\":2,\"name\":\"Tienda\",\"item\":\"https:\\\/\\\/libreriaguadalupe.com.ar\\\/libreria\\\/\"},{\"@type\":\"ListItem\",\"position\":3,\"name\":\"Un judio marginal Nueva vision del Jesus historico V\"}]},{\"@type\":\"WebSite\",\"@id\":\"https:\\\/\\\/libreriaguadalupe.com.ar\\\/libreria\\\/#website\",\"url\":\"https:\\\/\\\/libreriaguadalupe.com.ar\\\/libreria\\\/\",\"name\":\"Editorial Guadalupe de Argentina\",\"description\":\"Congregaci\u00f3n del Verbo Divino\",\"publisher\":{\"@id\":\"https:\\\/\\\/libreriaguadalupe.com.ar\\\/libreria\\\/#organization\"},\"alternateName\":\"Librer\u00eda Guadalupe\",\"potentialAction\":[{\"@type\":\"SearchAction\",\"target\":{\"@type\":\"EntryPoint\",\"urlTemplate\":\"https:\\\/\\\/libreriaguadalupe.com.ar\\\/libreria\\\/?s={search_term_string}\"},\"query-input\":{\"@type\":\"PropertyValueSpecification\",\"valueRequired\":true,\"valueName\":\"search_term_string\"}}],\"inLanguage\":\"es\"},{\"@type\":\"Organization\",\"@id\":\"https:\\\/\\\/libreriaguadalupe.com.ar\\\/libreria\\\/#organization\",\"name\":\"Editorial Guadalupe\",\"alternateName\":\"Librer\u00eda Guadalupe\",\"url\":\"https:\\\/\\\/libreriaguadalupe.com.ar\\\/libreria\\\/\",\"logo\":{\"@type\":\"ImageObject\",\"inLanguage\":\"es\",\"@id\":\"https:\\\/\\\/libreriaguadalupe.com.ar\\\/libreria\\\/#\\\/schema\\\/logo\\\/image\\\/\",\"url\":\"https:\\\/\\\/i0.wp.com\\\/libreriaguadalupe.com.ar\\\/libreria\\\/wp-content\\\/uploads\\\/2023\\\/01\\\/cropped-logo-editorial-guadalupe.webp?fit=500%2C100&ssl=1\",\"contentUrl\":\"https:\\\/\\\/i0.wp.com\\\/libreriaguadalupe.com.ar\\\/libreria\\\/wp-content\\\/uploads\\\/2023\\\/01\\\/cropped-logo-editorial-guadalupe.webp?fit=500%2C100&ssl=1\",\"width\":500,\"height\":100,\"caption\":\"Editorial Guadalupe\"},\"image\":{\"@id\":\"https:\\\/\\\/libreriaguadalupe.com.ar\\\/libreria\\\/#\\\/schema\\\/logo\\\/image\\\/\"},\"sameAs\":[\"https:\\\/\\\/www.facebook.com\\\/LibreriaGuadalupeAR\\\/\",\"https:\\\/\\\/www.instagram.com\\\/editorialguadalupe\\\/\",\"https:\\\/\\\/guadalupeeditorial.mercadoshops.com.ar\\\/\"]}]}<\/script>\n<!-- \/ Yoast SEO plugin. -->","yoast_head_json":{"title":"Un judio marginal Nueva vision del Jesus historico V - Editorial Guadalupe de Argentina","description":"Desde finales del siglo XIX, un gran n\u00famero de estudiosos del Nuevo Testamento ha trabajado con la creencia de que, si no todas, la mayor parte de par\u00e1bolas de los evangelios sin\u00f3pticos son atribuibles al Jes\u00fas de la historia.","robots":{"index":"index","follow":"follow","max-snippet":"max-snippet:-1","max-image-preview":"max-image-preview:large","max-video-preview":"max-video-preview:-1"},"canonical":"https:\/\/libreriaguadalupe.com.ar\/libreria\/producto\/un-judio-marginal-nueva-vision-del-jesus-historico-v\/","og_locale":"es_ES","og_type":"article","og_title":"Un judio marginal Nueva vision del Jesus historico V - Editorial Guadalupe de Argentina","og_description":"Desde finales del siglo XIX, un gran n\u00famero de estudiosos del Nuevo Testamento ha trabajado con la creencia de que, si no todas, la mayor parte de par\u00e1bolas de los evangelios sin\u00f3pticos son atribuibles al Jes\u00fas de la historia.","og_url":"https:\/\/libreriaguadalupe.com.ar\/libreria\/producto\/un-judio-marginal-nueva-vision-del-jesus-historico-v\/","og_site_name":"Editorial Guadalupe de Argentina","article_publisher":"https:\/\/www.facebook.com\/LibreriaGuadalupeAR\/","article_modified_time":"2025-07-28T13:10:17+00:00","og_image":[{"width":380,"height":586,"url":"https:\/\/libreriaguadalupe.com.ar\/libreria\/wp-content\/uploads\/2023\/04\/Un-judio-marginal-Nueva-vision-del-Jesus-historico-V.jpg","type":"image\/jpeg"}],"twitter_card":"summary_large_image","twitter_misc":{"Tiempo de lectura":"1 minuto"},"schema":{"@context":"https:\/\/schema.org","@graph":[{"@type":"WebPage","@id":"https:\/\/libreriaguadalupe.com.ar\/libreria\/producto\/un-judio-marginal-nueva-vision-del-jesus-historico-v\/","url":"https:\/\/libreriaguadalupe.com.ar\/libreria\/producto\/un-judio-marginal-nueva-vision-del-jesus-historico-v\/","name":"Un judio marginal Nueva vision del Jesus historico V - Editorial Guadalupe de Argentina","isPartOf":{"@id":"https:\/\/libreriaguadalupe.com.ar\/libreria\/#website"},"primaryImageOfPage":{"@id":"https:\/\/libreriaguadalupe.com.ar\/libreria\/producto\/un-judio-marginal-nueva-vision-del-jesus-historico-v\/#primaryimage"},"image":{"@id":"https:\/\/libreriaguadalupe.com.ar\/libreria\/producto\/un-judio-marginal-nueva-vision-del-jesus-historico-v\/#primaryimage"},"thumbnailUrl":"https:\/\/i0.wp.com\/libreriaguadalupe.com.ar\/libreria\/wp-content\/uploads\/2023\/04\/Un-judio-marginal-Nueva-vision-del-Jesus-historico-V.jpg?fit=380%2C586&ssl=1","datePublished":"2023-04-04T22:56:43+00:00","dateModified":"2025-07-28T13:10:17+00:00","description":"Desde finales del siglo XIX, un gran n\u00famero de estudiosos del Nuevo Testamento ha trabajado con la creencia de que, si no todas, la mayor parte de par\u00e1bolas de los evangelios sin\u00f3pticos son atribuibles al Jes\u00fas de la historia.","breadcrumb":{"@id":"https:\/\/libreriaguadalupe.com.ar\/libreria\/producto\/un-judio-marginal-nueva-vision-del-jesus-historico-v\/#breadcrumb"},"inLanguage":"es","potentialAction":[{"@type":"ReadAction","target":["https:\/\/libreriaguadalupe.com.ar\/libreria\/producto\/un-judio-marginal-nueva-vision-del-jesus-historico-v\/"]}]},{"@type":"ImageObject","inLanguage":"es","@id":"https:\/\/libreriaguadalupe.com.ar\/libreria\/producto\/un-judio-marginal-nueva-vision-del-jesus-historico-v\/#primaryimage","url":"https:\/\/i0.wp.com\/libreriaguadalupe.com.ar\/libreria\/wp-content\/uploads\/2023\/04\/Un-judio-marginal-Nueva-vision-del-Jesus-historico-V.jpg?fit=380%2C586&ssl=1","contentUrl":"https:\/\/i0.wp.com\/libreriaguadalupe.com.ar\/libreria\/wp-content\/uploads\/2023\/04\/Un-judio-marginal-Nueva-vision-del-Jesus-historico-V.jpg?fit=380%2C586&ssl=1","width":380,"height":586},{"@type":"BreadcrumbList","@id":"https:\/\/libreriaguadalupe.com.ar\/libreria\/producto\/un-judio-marginal-nueva-vision-del-jesus-historico-v\/#breadcrumb","itemListElement":[{"@type":"ListItem","position":1,"name":"Portada","item":"https:\/\/libreriaguadalupe.com.ar\/libreria\/"},{"@type":"ListItem","position":2,"name":"Tienda","item":"https:\/\/libreriaguadalupe.com.ar\/libreria\/"},{"@type":"ListItem","position":3,"name":"Un judio marginal Nueva vision del Jesus historico V"}]},{"@type":"WebSite","@id":"https:\/\/libreriaguadalupe.com.ar\/libreria\/#website","url":"https:\/\/libreriaguadalupe.com.ar\/libreria\/","name":"Editorial Guadalupe de Argentina","description":"Congregaci\u00f3n del Verbo Divino","publisher":{"@id":"https:\/\/libreriaguadalupe.com.ar\/libreria\/#organization"},"alternateName":"Librer\u00eda Guadalupe","potentialAction":[{"@type":"SearchAction","target":{"@type":"EntryPoint","urlTemplate":"https:\/\/libreriaguadalupe.com.ar\/libreria\/?s={search_term_string}"},"query-input":{"@type":"PropertyValueSpecification","valueRequired":true,"valueName":"search_term_string"}}],"inLanguage":"es"},{"@type":"Organization","@id":"https:\/\/libreriaguadalupe.com.ar\/libreria\/#organization","name":"Editorial Guadalupe","alternateName":"Librer\u00eda Guadalupe","url":"https:\/\/libreriaguadalupe.com.ar\/libreria\/","logo":{"@type":"ImageObject","inLanguage":"es","@id":"https:\/\/libreriaguadalupe.com.ar\/libreria\/#\/schema\/logo\/image\/","url":"https:\/\/i0.wp.com\/libreriaguadalupe.com.ar\/libreria\/wp-content\/uploads\/2023\/01\/cropped-logo-editorial-guadalupe.webp?fit=500%2C100&ssl=1","contentUrl":"https:\/\/i0.wp.com\/libreriaguadalupe.com.ar\/libreria\/wp-content\/uploads\/2023\/01\/cropped-logo-editorial-guadalupe.webp?fit=500%2C100&ssl=1","width":500,"height":100,"caption":"Editorial Guadalupe"},"image":{"@id":"https:\/\/libreriaguadalupe.com.ar\/libreria\/#\/schema\/logo\/image\/"},"sameAs":["https:\/\/www.facebook.com\/LibreriaGuadalupeAR\/","https:\/\/www.instagram.com\/editorialguadalupe\/","https:\/\/guadalupeeditorial.mercadoshops.com.ar\/"]}]}},"jetpack_publicize_connections":[],"jetpack_sharing_enabled":true,"jetpack-related-posts":[{"id":12859,"url":"https:\/\/libreriaguadalupe.com.ar\/libreria\/producto\/un-judio-marginal-nueva-vision-del-jesus-historico-iv\/","url_meta":{"origin":17182,"position":0},"title":"Un judio marginal Nueva vision del Jesus historico IV","author":"admin","date":"18\/01\/2023","format":false,"excerpt":"Ley y amor Autor: John Paul Meier ISBN: 8499450025 Dimensiones: 15,5 x 24 cm P\u00e1ginas: 736","rel":"","context":"Entrada similar","block_context":{"text":"Entrada similar","link":""},"img":{"alt_text":"","src":"https:\/\/i0.wp.com\/libreriaguadalupe.com.ar\/libreria\/wp-content\/uploads\/2023\/01\/Un-judio-marginal-Nueva-vision-del-Jesus-historico-IV.jpg?fit=380%2C586&ssl=1&resize=350%2C200","width":350,"height":200},"classes":[]},{"id":12855,"url":"https:\/\/libreriaguadalupe.com.ar\/libreria\/producto\/un-judio-marginal-nueva-vision-del-jesus-historico-i\/","url_meta":{"origin":17182,"position":1},"title":"Un judio marginal Nueva vision del Jesus historico I","author":"admin","date":"18\/01\/2023","format":false,"excerpt":"Las ra\u00edces del problema y de la persona Autor: John Paul Meier ISBN: 8481692034 Dimensiones: 15,5 x 24 cm P\u00e1ginas: 472","rel":"","context":"Entrada similar","block_context":{"text":"Entrada similar","link":""},"img":{"alt_text":"","src":"https:\/\/i0.wp.com\/libreriaguadalupe.com.ar\/libreria\/wp-content\/uploads\/2023\/01\/Un-judio-marginal-Nueva-vision-del-Jesus-historico-I.jpg?fit=380%2C586&ssl=1&resize=350%2C200","width":350,"height":200},"classes":[]},{"id":12971,"url":"https:\/\/libreriaguadalupe.com.ar\/libreria\/producto\/las-parabolas-de-jesus-2\/","url_meta":{"origin":17182,"position":2},"title":"Las parabolas de Jesus","author":"admin","date":"18\/01\/2023","format":false,"excerpt":"AUTOR Mesters, Carlos ISBN 8481696653","rel":"","context":"Entrada similar","block_context":{"text":"Entrada similar","link":""},"img":{"alt_text":"","src":"","width":0,"height":0},"classes":[]},{"id":16789,"url":"https:\/\/libreriaguadalupe.com.ar\/libreria\/producto\/arbol-sureno\/","url_meta":{"origin":17182,"position":3},"title":"\u00c1rbol sure\u00f1o","author":"admin","date":"21\/03\/2023","format":false,"excerpt":"Autor: EDUARDO MEANA LAPORTE ISBN: 9505008858 Dimensiones: 15 x 22 cm P\u00e1ginas: 126","rel":"","context":"Entrada similar","block_context":{"text":"Entrada similar","link":""},"img":{"alt_text":"","src":"https:\/\/i0.wp.com\/libreriaguadalupe.com.ar\/libreria\/wp-content\/uploads\/2023\/03\/NOVEDAD-TIENDA-MARZO-4.jpg?fit=470%2C470&ssl=1&resize=350%2C200","width":350,"height":200},"classes":[]},{"id":17384,"url":"https:\/\/libreriaguadalupe.com.ar\/libreria\/producto\/parabola-del-hijo-prodigo-y-nosotros\/","url_meta":{"origin":17182,"position":4},"title":"Par\u00e1bola del hijo pr\u00f3digo y nosotros","author":"admin","date":"06\/07\/2023","format":false,"excerpt":"Autor: Mateo Bautista [ VER M\u00c1S OBRAS ] ISBN: 978-950-500-871-1 Dimensiones: 15 x 22 cm P\u00e1ginas: 248","rel":"","context":"Entrada similar","block_context":{"text":"Entrada similar","link":""},"img":{"alt_text":"","src":"https:\/\/i0.wp.com\/libreriaguadalupe.com.ar\/libreria\/wp-content\/uploads\/2023\/07\/Parabola-del-hijo-prodigo-y-nosotros.png?fit=470%2C712&ssl=1&resize=350%2C200","width":350,"height":200},"classes":[]},{"id":15509,"url":"https:\/\/libreriaguadalupe.com.ar\/libreria\/producto\/evangelio-de-marcos-pikaza-2\/","url_meta":{"origin":17182,"position":5},"title":"Evangelio de Marcos","author":"admin","date":"07\/02\/2023","format":false,"excerpt":"La Buena Noticia de Jes\u00fas AUTOR: EVD ISBN: 8499452258","rel":"","context":"Entrada similar","block_context":{"text":"Entrada similar","link":""},"img":{"alt_text":"","src":"https:\/\/i0.wp.com\/libreriaguadalupe.com.ar\/libreria\/wp-content\/uploads\/2023\/02\/Evangelio-de-Marcos.jpg?fit=380%2C586&ssl=1&resize=350%2C200","width":350,"height":200},"classes":[]}],"_links":{"self":[{"href":"https:\/\/libreriaguadalupe.com.ar\/libreria\/wp-json\/wp\/v2\/product\/17182","targetHints":{"allow":["GET"]}}],"collection":[{"href":"https:\/\/libreriaguadalupe.com.ar\/libreria\/wp-json\/wp\/v2\/product"}],"about":[{"href":"https:\/\/libreriaguadalupe.com.ar\/libreria\/wp-json\/wp\/v2\/types\/product"}],"replies":[{"embeddable":true,"href":"https:\/\/libreriaguadalupe.com.ar\/libreria\/wp-json\/wp\/v2\/comments?post=17182"}],"version-history":[{"count":1,"href":"https:\/\/libreriaguadalupe.com.ar\/libreria\/wp-json\/wp\/v2\/product\/17182\/revisions"}],"predecessor-version":[{"id":17184,"href":"https:\/\/libreriaguadalupe.com.ar\/libreria\/wp-json\/wp\/v2\/product\/17182\/revisions\/17184"}],"wp:featuredmedia":[{"embeddable":true,"href":"https:\/\/libreriaguadalupe.com.ar\/libreria\/wp-json\/wp\/v2\/media\/17183"}],"wp:attachment":[{"href":"https:\/\/libreriaguadalupe.com.ar\/libreria\/wp-json\/wp\/v2\/media?parent=17182"}],"wp:term":[{"taxonomy":"product_brand","embeddable":true,"href":"https:\/\/libreriaguadalupe.com.ar\/libreria\/wp-json\/wp\/v2\/product_brand?post=17182"},{"taxonomy":"product_cat","embeddable":true,"href":"https:\/\/libreriaguadalupe.com.ar\/libreria\/wp-json\/wp\/v2\/product_cat?post=17182"},{"taxonomy":"product_tag","embeddable":true,"href":"https:\/\/libreriaguadalupe.com.ar\/libreria\/wp-json\/wp\/v2\/product_tag?post=17182"}],"curies":[{"name":"wp","href":"https:\/\/api.w.org\/{rel}","templated":true}]}}