{"id":17173,"date":"2023-04-03T18:59:03","date_gmt":"2023-04-03T21:59:03","guid":{"rendered":"https:\/\/libreriaguadalupe.com.ar\/libreria\/?post_type=product&#038;p=17173"},"modified":"2026-02-19T01:24:32","modified_gmt":"2026-02-19T04:24:32","slug":"cuentos-con-angeles","status":"publish","type":"product","link":"https:\/\/libreriaguadalupe.com.ar\/libreria\/producto\/cuentos-con-angeles\/","title":{"rendered":"Cuentos Con \u00c1ngeles"},"content":{"rendered":"<p>Descripci\u00f3n<br \/>\n\u00c1ngeles que juegan a las escondidas o remiendan nubes rotas. \u00c1ngeles que se comunican a trav\u00e9s de toboganes, escaleras y pasadizos secretos. \u00c1ngeles que pescan barriletes, estrellas errantes, p\u00e1jaros perdidos. \u00c1ngeles que cuentan aventuras y sucedidos. \u00c1ngeles que buscan la paz.<\/p>\n<p>\u00bfPuede alguien invisible apretar nuestra nariz? \u00bfPuede una campanita de oro sonar en nuestro coraz\u00f3n?\u00bfPuede un rey petiso y gru\u00f1\u00f3n salir en bicicleta con una guitarra al hombro?.<\/p>\n<p>Carlos Joaqu\u00edn Dur\u00e1n teje, a trav\u00e9s de estas historias, amor y luz en el coraz\u00f3n de ni\u00f1os y ni\u00f1as, hombres y mujeres.<\/p>\n<p>Para ellos, enhebra seis cuentos breves: \u00abOlor a churrasco\u00bb, \u00abPescar una nube\u00bb, \u00abRescate de Pifusio\u00bb, \u00abEl milagro guitarrero\u00bb, \u00abCuento del &#8216;viva mi amor'\u00bb, \u00ab\u00c1ngel de luz\u00bb. Seis relatos donde lo sobrenatural irrumpe con su misterio.<\/p>\n","protected":false},"excerpt":{"rendered":"<p>Autor: Carlos Joaqu\u00edn Dur\u00e1n<strong><br \/>\n<\/strong>ISBN: 9789505006496<br \/>\nDimensiones: 14 x 19 cm<br \/>\nP\u00e1ginas: 64<\/p>\n","protected":false},"featured_media":17174,"comment_status":"open","ping_status":"closed","template":"","meta":{"jetpack_publicize_message":"","jetpack_publicize_feature_enabled":true,"jetpack_social_post_already_shared":true,"jetpack_social_options":{"image_generator_settings":{"template":"highway","default_image_id":0,"font":"","enabled":false},"version":2}},"product_brand":[],"product_cat":[121,75],"product_tag":[127],"class_list":{"0":"post-17173","1":"product","2":"type-product","3":"status-publish","4":"has-post-thumbnail","6":"product_cat-guadalupe","7":"product_cat-literatura-infantil-y-juvenil","8":"product_tag-editorial-guadalupe-de-argentina","10":"first","11":"instock","12":"shipping-taxable","13":"purchasable","14":"product-type-simple"},"yoast_head":"<!-- This site is optimized with the Yoast SEO plugin v27.4 - https:\/\/yoast.com\/product\/yoast-seo-wordpress\/ -->\n<title>Cuentos Con \u00c1ngeles - Editorial Guadalupe de Argentina<\/title>\n<meta name=\"description\" content=\"\u00c1ngeles que juegan a las escondidas o remiendan nubes rotas. \u00c1ngeles que se comunican a trav\u00e9s de toboganes, escaleras y pasadizos secretos.\" \/>\n<meta name=\"robots\" content=\"index, follow, max-snippet:-1, max-image-preview:large, max-video-preview:-1\" \/>\n<link rel=\"canonical\" href=\"https:\/\/libreriaguadalupe.com.ar\/libreria\/producto\/cuentos-con-angeles\/\" \/>\n<meta property=\"og:locale\" content=\"es_ES\" \/>\n<meta property=\"og:type\" content=\"article\" \/>\n<meta property=\"og:title\" content=\"Cuentos Con \u00c1ngeles - Editorial Guadalupe de Argentina\" \/>\n<meta property=\"og:description\" content=\"\u00c1ngeles que juegan a las escondidas o remiendan nubes rotas. \u00c1ngeles que se comunican a trav\u00e9s de toboganes, escaleras y pasadizos secretos.\" \/>\n<meta property=\"og:url\" content=\"https:\/\/libreriaguadalupe.com.ar\/libreria\/producto\/cuentos-con-angeles\/\" \/>\n<meta property=\"og:site_name\" content=\"Editorial Guadalupe de Argentina\" \/>\n<meta property=\"article:publisher\" content=\"https:\/\/www.facebook.com\/LibreriaGuadalupeAR\/\" \/>\n<meta property=\"article:modified_time\" content=\"2026-02-19T04:24:32+00:00\" \/>\n<meta property=\"og:image\" content=\"https:\/\/libreriaguadalupe.com.ar\/libreria\/wp-content\/uploads\/2023\/04\/Cuentos-Con-Angeles.jpeg\" \/>\n\t<meta property=\"og:image:width\" content=\"347\" \/>\n\t<meta property=\"og:image:height\" content=\"500\" \/>\n\t<meta property=\"og:image:type\" content=\"image\/jpeg\" \/>\n<meta name=\"twitter:card\" content=\"summary_large_image\" \/>\n<meta name=\"twitter:label1\" content=\"Tiempo de lectura\" \/>\n\t<meta name=\"twitter:data1\" content=\"1 minuto\" \/>\n<script type=\"application\/ld+json\" class=\"yoast-schema-graph\">{\"@context\":\"https:\\\/\\\/schema.org\",\"@graph\":[{\"@type\":\"WebPage\",\"@id\":\"https:\\\/\\\/libreriaguadalupe.com.ar\\\/libreria\\\/producto\\\/cuentos-con-angeles\\\/\",\"url\":\"https:\\\/\\\/libreriaguadalupe.com.ar\\\/libreria\\\/producto\\\/cuentos-con-angeles\\\/\",\"name\":\"Cuentos Con \u00c1ngeles - Editorial Guadalupe de Argentina\",\"isPartOf\":{\"@id\":\"https:\\\/\\\/libreriaguadalupe.com.ar\\\/libreria\\\/#website\"},\"primaryImageOfPage\":{\"@id\":\"https:\\\/\\\/libreriaguadalupe.com.ar\\\/libreria\\\/producto\\\/cuentos-con-angeles\\\/#primaryimage\"},\"image\":{\"@id\":\"https:\\\/\\\/libreriaguadalupe.com.ar\\\/libreria\\\/producto\\\/cuentos-con-angeles\\\/#primaryimage\"},\"thumbnailUrl\":\"https:\\\/\\\/i0.wp.com\\\/libreriaguadalupe.com.ar\\\/libreria\\\/wp-content\\\/uploads\\\/2023\\\/04\\\/Cuentos-Con-Angeles.jpeg?fit=347%2C500&ssl=1\",\"datePublished\":\"2023-04-03T21:59:03+00:00\",\"dateModified\":\"2026-02-19T04:24:32+00:00\",\"description\":\"\u00c1ngeles que juegan a las escondidas o remiendan nubes rotas. \u00c1ngeles que se comunican a trav\u00e9s de toboganes, escaleras y pasadizos secretos.\",\"breadcrumb\":{\"@id\":\"https:\\\/\\\/libreriaguadalupe.com.ar\\\/libreria\\\/producto\\\/cuentos-con-angeles\\\/#breadcrumb\"},\"inLanguage\":\"es\",\"potentialAction\":[{\"@type\":\"ReadAction\",\"target\":[\"https:\\\/\\\/libreriaguadalupe.com.ar\\\/libreria\\\/producto\\\/cuentos-con-angeles\\\/\"]}]},{\"@type\":\"ImageObject\",\"inLanguage\":\"es\",\"@id\":\"https:\\\/\\\/libreriaguadalupe.com.ar\\\/libreria\\\/producto\\\/cuentos-con-angeles\\\/#primaryimage\",\"url\":\"https:\\\/\\\/i0.wp.com\\\/libreriaguadalupe.com.ar\\\/libreria\\\/wp-content\\\/uploads\\\/2023\\\/04\\\/Cuentos-Con-Angeles.jpeg?fit=347%2C500&ssl=1\",\"contentUrl\":\"https:\\\/\\\/i0.wp.com\\\/libreriaguadalupe.com.ar\\\/libreria\\\/wp-content\\\/uploads\\\/2023\\\/04\\\/Cuentos-Con-Angeles.jpeg?fit=347%2C500&ssl=1\",\"width\":347,\"height\":500},{\"@type\":\"BreadcrumbList\",\"@id\":\"https:\\\/\\\/libreriaguadalupe.com.ar\\\/libreria\\\/producto\\\/cuentos-con-angeles\\\/#breadcrumb\",\"itemListElement\":[{\"@type\":\"ListItem\",\"position\":1,\"name\":\"Portada\",\"item\":\"https:\\\/\\\/libreriaguadalupe.com.ar\\\/libreria\\\/\"},{\"@type\":\"ListItem\",\"position\":2,\"name\":\"Tienda\",\"item\":\"https:\\\/\\\/libreriaguadalupe.com.ar\\\/libreria\\\/\"},{\"@type\":\"ListItem\",\"position\":3,\"name\":\"Cuentos Con \u00c1ngeles\"}]},{\"@type\":\"WebSite\",\"@id\":\"https:\\\/\\\/libreriaguadalupe.com.ar\\\/libreria\\\/#website\",\"url\":\"https:\\\/\\\/libreriaguadalupe.com.ar\\\/libreria\\\/\",\"name\":\"Editorial Guadalupe de Argentina\",\"description\":\"Congregaci\u00f3n del Verbo Divino\",\"publisher\":{\"@id\":\"https:\\\/\\\/libreriaguadalupe.com.ar\\\/libreria\\\/#organization\"},\"alternateName\":\"Librer\u00eda Guadalupe\",\"potentialAction\":[{\"@type\":\"SearchAction\",\"target\":{\"@type\":\"EntryPoint\",\"urlTemplate\":\"https:\\\/\\\/libreriaguadalupe.com.ar\\\/libreria\\\/?s={search_term_string}\"},\"query-input\":{\"@type\":\"PropertyValueSpecification\",\"valueRequired\":true,\"valueName\":\"search_term_string\"}}],\"inLanguage\":\"es\"},{\"@type\":\"Organization\",\"@id\":\"https:\\\/\\\/libreriaguadalupe.com.ar\\\/libreria\\\/#organization\",\"name\":\"Editorial Guadalupe\",\"alternateName\":\"Librer\u00eda Guadalupe\",\"url\":\"https:\\\/\\\/libreriaguadalupe.com.ar\\\/libreria\\\/\",\"logo\":{\"@type\":\"ImageObject\",\"inLanguage\":\"es\",\"@id\":\"https:\\\/\\\/libreriaguadalupe.com.ar\\\/libreria\\\/#\\\/schema\\\/logo\\\/image\\\/\",\"url\":\"https:\\\/\\\/i0.wp.com\\\/libreriaguadalupe.com.ar\\\/libreria\\\/wp-content\\\/uploads\\\/2023\\\/01\\\/cropped-logo-editorial-guadalupe.webp?fit=500%2C100&ssl=1\",\"contentUrl\":\"https:\\\/\\\/i0.wp.com\\\/libreriaguadalupe.com.ar\\\/libreria\\\/wp-content\\\/uploads\\\/2023\\\/01\\\/cropped-logo-editorial-guadalupe.webp?fit=500%2C100&ssl=1\",\"width\":500,\"height\":100,\"caption\":\"Editorial Guadalupe\"},\"image\":{\"@id\":\"https:\\\/\\\/libreriaguadalupe.com.ar\\\/libreria\\\/#\\\/schema\\\/logo\\\/image\\\/\"},\"sameAs\":[\"https:\\\/\\\/www.facebook.com\\\/LibreriaGuadalupeAR\\\/\",\"https:\\\/\\\/www.instagram.com\\\/editorialguadalupe\\\/\",\"https:\\\/\\\/guadalupeeditorial.mercadoshops.com.ar\\\/\"]}]}<\/script>\n<!-- \/ Yoast SEO plugin. -->","yoast_head_json":{"title":"Cuentos Con \u00c1ngeles - Editorial Guadalupe de Argentina","description":"\u00c1ngeles que juegan a las escondidas o remiendan nubes rotas. \u00c1ngeles que se comunican a trav\u00e9s de toboganes, escaleras y pasadizos secretos.","robots":{"index":"index","follow":"follow","max-snippet":"max-snippet:-1","max-image-preview":"max-image-preview:large","max-video-preview":"max-video-preview:-1"},"canonical":"https:\/\/libreriaguadalupe.com.ar\/libreria\/producto\/cuentos-con-angeles\/","og_locale":"es_ES","og_type":"article","og_title":"Cuentos Con \u00c1ngeles - Editorial Guadalupe de Argentina","og_description":"\u00c1ngeles que juegan a las escondidas o remiendan nubes rotas. \u00c1ngeles que se comunican a trav\u00e9s de toboganes, escaleras y pasadizos secretos.","og_url":"https:\/\/libreriaguadalupe.com.ar\/libreria\/producto\/cuentos-con-angeles\/","og_site_name":"Editorial Guadalupe de Argentina","article_publisher":"https:\/\/www.facebook.com\/LibreriaGuadalupeAR\/","article_modified_time":"2026-02-19T04:24:32+00:00","og_image":[{"width":347,"height":500,"url":"https:\/\/libreriaguadalupe.com.ar\/libreria\/wp-content\/uploads\/2023\/04\/Cuentos-Con-Angeles.jpeg","type":"image\/jpeg"}],"twitter_card":"summary_large_image","twitter_misc":{"Tiempo de lectura":"1 minuto"},"schema":{"@context":"https:\/\/schema.org","@graph":[{"@type":"WebPage","@id":"https:\/\/libreriaguadalupe.com.ar\/libreria\/producto\/cuentos-con-angeles\/","url":"https:\/\/libreriaguadalupe.com.ar\/libreria\/producto\/cuentos-con-angeles\/","name":"Cuentos Con \u00c1ngeles - Editorial Guadalupe de Argentina","isPartOf":{"@id":"https:\/\/libreriaguadalupe.com.ar\/libreria\/#website"},"primaryImageOfPage":{"@id":"https:\/\/libreriaguadalupe.com.ar\/libreria\/producto\/cuentos-con-angeles\/#primaryimage"},"image":{"@id":"https:\/\/libreriaguadalupe.com.ar\/libreria\/producto\/cuentos-con-angeles\/#primaryimage"},"thumbnailUrl":"https:\/\/i0.wp.com\/libreriaguadalupe.com.ar\/libreria\/wp-content\/uploads\/2023\/04\/Cuentos-Con-Angeles.jpeg?fit=347%2C500&ssl=1","datePublished":"2023-04-03T21:59:03+00:00","dateModified":"2026-02-19T04:24:32+00:00","description":"\u00c1ngeles que juegan a las escondidas o remiendan nubes rotas. \u00c1ngeles que se comunican a trav\u00e9s de toboganes, escaleras y pasadizos secretos.","breadcrumb":{"@id":"https:\/\/libreriaguadalupe.com.ar\/libreria\/producto\/cuentos-con-angeles\/#breadcrumb"},"inLanguage":"es","potentialAction":[{"@type":"ReadAction","target":["https:\/\/libreriaguadalupe.com.ar\/libreria\/producto\/cuentos-con-angeles\/"]}]},{"@type":"ImageObject","inLanguage":"es","@id":"https:\/\/libreriaguadalupe.com.ar\/libreria\/producto\/cuentos-con-angeles\/#primaryimage","url":"https:\/\/i0.wp.com\/libreriaguadalupe.com.ar\/libreria\/wp-content\/uploads\/2023\/04\/Cuentos-Con-Angeles.jpeg?fit=347%2C500&ssl=1","contentUrl":"https:\/\/i0.wp.com\/libreriaguadalupe.com.ar\/libreria\/wp-content\/uploads\/2023\/04\/Cuentos-Con-Angeles.jpeg?fit=347%2C500&ssl=1","width":347,"height":500},{"@type":"BreadcrumbList","@id":"https:\/\/libreriaguadalupe.com.ar\/libreria\/producto\/cuentos-con-angeles\/#breadcrumb","itemListElement":[{"@type":"ListItem","position":1,"name":"Portada","item":"https:\/\/libreriaguadalupe.com.ar\/libreria\/"},{"@type":"ListItem","position":2,"name":"Tienda","item":"https:\/\/libreriaguadalupe.com.ar\/libreria\/"},{"@type":"ListItem","position":3,"name":"Cuentos Con \u00c1ngeles"}]},{"@type":"WebSite","@id":"https:\/\/libreriaguadalupe.com.ar\/libreria\/#website","url":"https:\/\/libreriaguadalupe.com.ar\/libreria\/","name":"Editorial Guadalupe de Argentina","description":"Congregaci\u00f3n del Verbo Divino","publisher":{"@id":"https:\/\/libreriaguadalupe.com.ar\/libreria\/#organization"},"alternateName":"Librer\u00eda Guadalupe","potentialAction":[{"@type":"SearchAction","target":{"@type":"EntryPoint","urlTemplate":"https:\/\/libreriaguadalupe.com.ar\/libreria\/?s={search_term_string}"},"query-input":{"@type":"PropertyValueSpecification","valueRequired":true,"valueName":"search_term_string"}}],"inLanguage":"es"},{"@type":"Organization","@id":"https:\/\/libreriaguadalupe.com.ar\/libreria\/#organization","name":"Editorial Guadalupe","alternateName":"Librer\u00eda Guadalupe","url":"https:\/\/libreriaguadalupe.com.ar\/libreria\/","logo":{"@type":"ImageObject","inLanguage":"es","@id":"https:\/\/libreriaguadalupe.com.ar\/libreria\/#\/schema\/logo\/image\/","url":"https:\/\/i0.wp.com\/libreriaguadalupe.com.ar\/libreria\/wp-content\/uploads\/2023\/01\/cropped-logo-editorial-guadalupe.webp?fit=500%2C100&ssl=1","contentUrl":"https:\/\/i0.wp.com\/libreriaguadalupe.com.ar\/libreria\/wp-content\/uploads\/2023\/01\/cropped-logo-editorial-guadalupe.webp?fit=500%2C100&ssl=1","width":500,"height":100,"caption":"Editorial Guadalupe"},"image":{"@id":"https:\/\/libreriaguadalupe.com.ar\/libreria\/#\/schema\/logo\/image\/"},"sameAs":["https:\/\/www.facebook.com\/LibreriaGuadalupeAR\/","https:\/\/www.instagram.com\/editorialguadalupe\/","https:\/\/guadalupeeditorial.mercadoshops.com.ar\/"]}]}},"jetpack_publicize_connections":[],"jetpack_sharing_enabled":true,"jetpack-related-posts":[{"id":17165,"url":"https:\/\/libreriaguadalupe.com.ar\/libreria\/producto\/habia-una-vez-un-angel\/","url_meta":{"origin":17173,"position":0},"title":"Habia Una Vez Un Angel","author":"admin","date":"03\/04\/2023","format":false,"excerpt":"Autor: DURAN CARLOS JOQUIN ISBN: 9789505006274 Dimensiones: 14 x 19 cm P\u00e1ginas: 64","rel":"","context":"Entrada similar","block_context":{"text":"Entrada similar","link":""},"img":{"alt_text":"","src":"https:\/\/i0.wp.com\/libreriaguadalupe.com.ar\/libreria\/wp-content\/uploads\/2023\/04\/Habia-Una-Vez-Un-Angel.jpeg?fit=343%2C500&ssl=1&resize=350%2C200","width":350,"height":200},"classes":[]},{"id":16776,"url":"https:\/\/libreriaguadalupe.com.ar\/libreria\/producto\/celebremos-a-jesus-pan-de-vida-ciclo-b\/","url_meta":{"origin":17173,"position":1},"title":"Celebremos A Jes\u00fas, Pan De Vida Ciclo B","author":"admin","date":"21\/03\/2023","format":false,"excerpt":"Autor: Miguel Angel D'Annibale ISBN: 9789505006342 P\u00e1ginas: 192 Medidas: 14 x 20 cm","rel":"","context":"Entrada similar","block_context":{"text":"Entrada similar","link":""},"img":{"alt_text":"","src":"https:\/\/i0.wp.com\/libreriaguadalupe.com.ar\/libreria\/wp-content\/uploads\/2023\/03\/Celebremos-A-Jesus-Pan-De-Vida-Ciclo-B.jpeg?fit=337%2C500&ssl=1&resize=350%2C200","width":350,"height":200},"classes":[]},{"id":16779,"url":"https:\/\/libreriaguadalupe.com.ar\/libreria\/producto\/celebremos-a-jesus-pan-de-vida-ciclo-c\/","url_meta":{"origin":17173,"position":2},"title":"Celebremos A Jes\u00fas, Pan De Vida Ciclo C","author":"admin","date":"21\/03\/2023","format":false,"excerpt":"Autor: Miguel Angel D\u2019Annibale ISBN: 9789505006625 P\u00e1ginas: 192 Medidas: 14 x 20 cm","rel":"","context":"Entrada similar","block_context":{"text":"Entrada similar","link":""},"img":{"alt_text":"","src":"https:\/\/i0.wp.com\/libreriaguadalupe.com.ar\/libreria\/wp-content\/uploads\/2023\/03\/Celebremos-A-Jesus-Pan-De-Vida-Ciclo-C.jpeg?fit=344%2C500&ssl=1&resize=350%2C200","width":350,"height":200},"classes":[]},{"id":15467,"url":"https:\/\/libreriaguadalupe.com.ar\/libreria\/producto\/para-leer-una-eclesiologia-elemental-2\/","url_meta":{"origin":17173,"position":3},"title":"Para leer una eclesiologia elemental","author":"admin","date":"07\/02\/2023","format":false,"excerpt":"Del aula a la comunidad de fe Autor:\u00a0Alberto Ruiz D\u00edaz,\u00a0\u00c1ngel Calvo Cort\u00e9s ISBN: 8471515060 Dimensiones: 22 x 22 cm P\u00e1ginas: 188","rel":"","context":"Entrada similar","block_context":{"text":"Entrada similar","link":""},"img":{"alt_text":"","src":"https:\/\/i0.wp.com\/libreriaguadalupe.com.ar\/libreria\/wp-content\/uploads\/2023\/02\/Para-leer-una-eclesiologia-elemental.jpg?fit=380%2C586&ssl=1&resize=350%2C200","width":350,"height":200},"classes":[]},{"id":19179,"url":"https:\/\/libreriaguadalupe.com.ar\/libreria\/producto\/click-click-inspirado-en-carlo-acutis-el-apostol-de-internet\/","url_meta":{"origin":17173,"position":4},"title":"\u00a1Click, Click! Inspirado en Carlo Acutis, el ap\u00f3stol de internet","author":"Mariano Zuqui","date":"06\/12\/2025","format":false,"excerpt":"Autor: Andrea Carla Ciancaglini T\u00edtulo: \u201c\u00a1Click, click! Inspirado en Carlo Acutis, el ap\u00f3stol de internet\" ISBN:978-950-500-952 -7 Formato: 17 (ancho) x 11 (alto) cms. Interior: 1\/1 color Papel: Bookcel 80 grs. N\u00ba de P\u00e1ginas: 24 Tapa:4 Colores - Cartulina - Laminado mate Encuadernaci\u00f3n: Binder \u00a0 \u00a0","rel":"","context":"Entrada similar","block_context":{"text":"Entrada similar","link":""},"img":{"alt_text":"","src":"https:\/\/i0.wp.com\/libreriaguadalupe.com.ar\/libreria\/wp-content\/uploads\/2025\/12\/1.png?fit=960%2C1200&ssl=1&resize=350%2C200","width":350,"height":200,"srcset":"https:\/\/i0.wp.com\/libreriaguadalupe.com.ar\/libreria\/wp-content\/uploads\/2025\/12\/1.png?fit=960%2C1200&ssl=1&resize=350%2C200 1x, https:\/\/i0.wp.com\/libreriaguadalupe.com.ar\/libreria\/wp-content\/uploads\/2025\/12\/1.png?fit=960%2C1200&ssl=1&resize=525%2C300 1.5x, https:\/\/i0.wp.com\/libreriaguadalupe.com.ar\/libreria\/wp-content\/uploads\/2025\/12\/1.png?fit=960%2C1200&ssl=1&resize=700%2C400 2x"},"classes":[]},{"id":18438,"url":"https:\/\/libreriaguadalupe.com.ar\/libreria\/producto\/cuentos-de-navidad\/","url_meta":{"origin":17173,"position":5},"title":"Cuentos De Navidad","author":"admin","date":"19\/11\/2024","format":false,"excerpt":"\u00a0 Autor: Guillermo Enrique Dri ISBN: 978-950-500-940-4 Dimensiones: 15 x 22 cm P\u00e1ginas: 88","rel":"","context":"Con 1 comentario","block_context":{"text":"Con 1 comentario","link":"https:\/\/libreriaguadalupe.com.ar\/libreria\/producto\/cuentos-de-navidad\/#comments"},"img":{"alt_text":"","src":"https:\/\/i0.wp.com\/libreriaguadalupe.com.ar\/libreria\/wp-content\/uploads\/2024\/11\/Cuentos-de-Navidad.png?fit=470%2C712&ssl=1&resize=350%2C200","width":350,"height":200},"classes":[]}],"_links":{"self":[{"href":"https:\/\/libreriaguadalupe.com.ar\/libreria\/wp-json\/wp\/v2\/product\/17173","targetHints":{"allow":["GET"]}}],"collection":[{"href":"https:\/\/libreriaguadalupe.com.ar\/libreria\/wp-json\/wp\/v2\/product"}],"about":[{"href":"https:\/\/libreriaguadalupe.com.ar\/libreria\/wp-json\/wp\/v2\/types\/product"}],"replies":[{"embeddable":true,"href":"https:\/\/libreriaguadalupe.com.ar\/libreria\/wp-json\/wp\/v2\/comments?post=17173"}],"version-history":[{"count":1,"href":"https:\/\/libreriaguadalupe.com.ar\/libreria\/wp-json\/wp\/v2\/product\/17173\/revisions"}],"predecessor-version":[{"id":17176,"href":"https:\/\/libreriaguadalupe.com.ar\/libreria\/wp-json\/wp\/v2\/product\/17173\/revisions\/17176"}],"wp:featuredmedia":[{"embeddable":true,"href":"https:\/\/libreriaguadalupe.com.ar\/libreria\/wp-json\/wp\/v2\/media\/17174"}],"wp:attachment":[{"href":"https:\/\/libreriaguadalupe.com.ar\/libreria\/wp-json\/wp\/v2\/media?parent=17173"}],"wp:term":[{"taxonomy":"product_brand","embeddable":true,"href":"https:\/\/libreriaguadalupe.com.ar\/libreria\/wp-json\/wp\/v2\/product_brand?post=17173"},{"taxonomy":"product_cat","embeddable":true,"href":"https:\/\/libreriaguadalupe.com.ar\/libreria\/wp-json\/wp\/v2\/product_cat?post=17173"},{"taxonomy":"product_tag","embeddable":true,"href":"https:\/\/libreriaguadalupe.com.ar\/libreria\/wp-json\/wp\/v2\/product_tag?post=17173"}],"curies":[{"name":"wp","href":"https:\/\/api.w.org\/{rel}","templated":true}]}}